{"id":98657,"date":"2025-07-21T18:54:11","date_gmt":"2025-07-21T16:54:11","guid":{"rendered":"https:\/\/www.tetrachim.com\/rechtliche-bedingungen\/"},"modified":"2025-07-21T18:54:15","modified_gmt":"2025-07-21T16:54:15","slug":"rechtliche-bedingungen","status":"publish","type":"page","link":"https:\/\/www.tetrachim.com\/de\/rechtliche-bedingungen\/","title":{"rendered":"Rechtliche Bedingungen"},"content":{"rendered":"<div class=\"wpb-content-wrapper\"><p>[vc_row unlock_row_content=&#8220;yes&#8220; row_height_percent=&#8220;0&#8243; override_padding=&#8220;yes&#8220; h_padding=&#8220;0&#8243; top_padding=&#8220;0&#8243; bottom_padding=&#8220;0&#8243; back_image=&#8220;83397&#8243; overlay_alpha=&#8220;50&#8243; gutter_size=&#8220;3&#8243; column_width_percent=&#8220;100&#8243; shift_y=&#8220;0&#8243; z_index=&#8220;0&#8243; row_height_pixel=&#8220;200px&#8220; el_id=&#8220;bandeau-seite&#8220; front_end_with_slider=&#8220;true&#8220;][vc_column column_width_percent=&#8220;100&#8243; position_vertical=&#8220;middle&#8220; gutter_size=&#8220;3&#8243; override_padding=&#8220;yes&#8220; column_padding=&#8220;0&#8243; overlay_alpha=&#8220;50&#8243; shift_x=&#8220;0&#8243; shift_y=&#8220;0&#8243; shift_y_down=&#8220;0&#8243; z_index=&#8220;0&#8243; medium_width=&#8220;0&#8243; mobile_width=&#8220;0&#8243; width=&#8220;1\/1&#8243;][vc_row_inner row_inner_height_percent=&#8220;100&#8243; back_image=&#8220;85629&#8243; back_position=&#8220;left center&#8220; overlay_alpha=&#8220;50&#8243; equal_height=&#8220;yes&#8220; gutter_size=&#8220;3&#8243; shift_y=&#8220;0&#8243; z_index=&#8220;0&#8243; back_size=&#8220;auto 100%&#8220; el_class=&#8220;rangee-reduite-plus&#8220; row_height_pixel=&#8220;200px&#8220; limit_content=&#8220;&#8220;][vc_column_inner column_width_percent=&#8220;66&#8243; position_horizontal=&#8220;left&#8220; position_vertical=&#8220;middle&#8220; gutter_size=&#8220;3&#8243; overlay_alpha=&#8220;50&#8243; shift_x=&#8220;0&#8243; shift_y=&#8220;0&#8243; shift_y_down=&#8220;0&#8243; z_index=&#8220;0&#8243; medium_width=&#8220;0&#8243; mobile_width=&#8220;0&#8243; width=&#8220;1\/1&#8243;][vc_custom_heading heading_semantic=&#8220;h1&#8243; text_font=&#8220;font-112492&#8243; text_color=&#8220;color-889485&#8243; css_animation=&#8220;left-t-right&#8220;]Rechtliche <strong>Bedingungen<\/strong>[\/vc_custom_heading][vc_column_text css_animation=&#8220;left-t-right&#8220; animation_delay=&#8220;200&#8243;]<span><span><a href=\"https:\/\/www.tetrachim.com\/de\/\"><i class=\"menu-icon fa fa-home3\"><\/i><\/a><\/span><\/span>[\/vc_column_text][\/vc_column_inner][\/vc_row_inner][vc_single_image media=&#8220;89062&#8243; media_width_use_pixel=&#8220;yes&#8220; alignment=&#8220;right&#8220; shadow=&#8220;yes&#8220; shadow_weight=&#8220;lg&#8220; css_animation=&#8220;right-t-left&#8220; animation_speed=&#8220;400&#8243; media_width_pixel=&#8220;560&#8243;][\/vc_column][\/vc_row][vc_section back_image=&#8220;85635&#8243; back_repeat=&#8220;no-repeat&#8220; back_position=&#8220;right center&#8220; overlay_alpha=&#8220;50&#8243; el_class=&#8220;section-fleche&#8220; back_size=&#8220;260px auto&#8220; el_id=&#8220;mentions-legales&#8220;][vc_row row_height_percent=&#8220;0&#8243; override_padding=&#8220;yes&#8220; h_padding=&#8220;2&#8243; top_padding=&#8220;3&#8243; bottom_padding=&#8220;3&#8243; overlay_alpha=&#8220;50&#8243; gutter_size=&#8220;3&#8243; column_width_percent=&#8220;100&#8243; shift_y=&#8220;0&#8243; z_index=&#8220;0&#8243;][vc_column width=&#8220;1\/1&#8243;][vc_column_text]<\/p>\n<h2>tetrachim.com wird ver\u00f6ffentlicht von:<\/h2>\n<p>[\/vc_column_text][vc_row_inner limit_content=&#8220;&#8220;][vc_column_inner width=&#8220;1\/2&#8243;][vc_column_text]<strong>Tetrachim<\/strong><br \/>SASU mit einem Kapital von 3.192.000 \u20ac<br \/>Adresse: 12 rue de la Mare Blanche 77186 NOISIEL, FRANKREICH<\/p>\n<p>Verlagsleitung: Mme Christine Deleu<br \/>Bildrechte: Adobe Stock, Unsplash, Pexels, eigene Bilder[\/vc_column_text][\/vc_column_inner][vc_column_inner width=&#8220;1\/2&#8243;][vc_column_text]RCS : Meaux<br \/>Intra-EU VAT: FR32301639290<br \/>Telefon: +33 (0)1 61 44 02 90<br \/>E-Mail: <a href=\"mailto:info@tetrachim.com\">info@tetrachim.com<\/a>[\/vc_column_text][\/vc_column_inner][\/vc_row_inner][vc_row_inner limit_content=&#8220;&#8220;][vc_column_inner width=&#8220;1\/2&#8243;][vc_column_text]<\/p>\n<h2>Die Website tetrachim.com wird gehostet von:<\/h2>\n<p>OVH<br \/>2 rue kellermann<br \/>BP 80157<br \/>59053 ROUBAIX Cedex 1<br \/>T\u00e9l\u00e9phone :+33 (0)8 203 203 63<br \/>E-mail : support@ovh.com[\/vc_column_text][\/vc_column_inner][vc_column_inner width=&#8220;1\/2&#8243;][vc_column_text]<\/p>\n<h2>Die Website tetrachim.com wurde gestaltet von:<\/h2>\n<p>Web-Agentur Enjin<br \/>E-Mail : <a href=\"mailto:contact@enjin.fr\">contact@enjin.fr<\/a><br \/>Internet-Seite : <a href=\"https:\/\/www.enjin.fr\">www.enjin.fr<\/a>[\/vc_column_text][\/vc_column_inner][\/vc_row_inner][vc_column_text]<\/p>\n<h2>Geistiges Eigentum<\/h2>\n<p>Der Inhalt der Website tetrachim.com (Aufbau, Design, Text, Bilder, Animationen, Logo) ist das ausschlie\u00dfliche Eigentum von Tetrachim. Jegliche Verwendung von Elementen der Website tetrachim.com, einschlie\u00dflich der Vervielf\u00e4ltigung, \u00c4nderung, Verbreitung oder Wiederver\u00f6ffentlichung, ist ohne die vorherige schriftliche Zustimmung von Tetrachim strengstens untersagt. Antr\u00e4ge auf Genehmigung zur vollst\u00e4ndigen oder teilweisen Vervielf\u00e4ltigung dieser Website m\u00fcssen an info@tetrachim.com gerichtet werden.  <\/p>\n<h2>Begrenzung der Haftung<\/h2>\n<p>Die Website tetrachim.com kann nicht f\u00fcr Fehler auf der Website, technische Probleme, die Auslegung der ver\u00f6ffentlichten Informationen und die Folgen ihrer Nutzung verantwortlich gemacht werden. Infolgedessen erkennt der Benutzer die Verwendung dieser Informationen unter seiner alleinigen Verantwortung. <\/p>\n<h2>Cookies-Politik<\/h2>\n<p>Die Website tetrachim.com verwendet Cookies, kleine Textdateien, die auf Ihrem Computer gespeichert werden, um die Benutzerfreundlichkeit zu erh\u00f6hen. Cookies werden auf unserer Website verwendet, um anonyme Tracking-Daten an eine Drittanwendung zu \u00fcbermitteln: Google Analytics. In der Regel verbessern die Cookies Ihr Surferlebnis. Sie k\u00f6nnen jedoch Cookies auf dieser Website deaktivieren, indem Sie Cookies in Ihrem Browser deaktivieren. Die Ablehnung der Installation eines Cookies kann dazu f\u00fchren, dass Sie auf bestimmte Dienste nicht zugreifen k\u00f6nnen. Sie k\u00f6nnen Ihren Browser jedoch so konfigurieren, dass die Installation von Cookies abgelehnt wird:     <\/p>\n<ul>\n<li>F\u00fcr Internet Explorer: https: <a href=\"https:\/\/support.microsoft.com\/en-us\/help\/17442\/windows-internet-explorer-delete-manage-cookies\" target=\"_blank\" rel=\"\u00bbnoopener\u00bb noopener noreferrer\">\/\/support.microsoft.com\/en-us\/help\/17442\/windows-internet-explorer-delete-manage-cookies<\/a><\/li>\n<li>F\u00fcr Firefox: https: <a href=\"https:\/\/support.mozilla.org\/en-US\/kb\/block-websites-storing-cookies-site-data-firefox\" target=\"_blank\" rel=\"\u00bbnoopener\u00bb noopener noreferrer\">\/\/support.mozilla.org\/en-US\/kb\/block-websites-storing-cookies-site-data-firefox<\/a><\/li>\n<li>F\u00fcr Safari : <a href=\"https:\/\/support.apple.com\/en-us\/HT201265\" target=\"_blank\" rel=\"\u00bbnoopener\u00bb noopener noreferrer\">https:\/\/support.apple.com\/en-us\/HT201265<\/a><\/li>\n<li>F\u00fcr Chrome: https: <a href=\"https:\/\/support.google.com\/chrome\/answer\/95647?co=GENIE.Platform%3DDesktop&amp;hl=en\" target=\"_blank\" rel=\"\u00bbnoopener\u00bb noopener noreferrer\">\/\/support.google.com\/chrome\/answer\/95647?co=GENIE.Platform%3DDesktop&amp;hl=en<\/a><\/li>\n<\/ul>\n<h2>Datenschutzbestimmungen<\/h2>\n<p>In dieser Datenschutzrichtlinie werden die Bedingungen f\u00fcr die Erfassung, Verwendung und Weitergabe von pers\u00f6nlichen und nicht-pers\u00f6nlichen Daten, die Sie Tetrachim bei der Nutzung unserer Website zur Verf\u00fcgung stellen, im Detail erl\u00e4utert.<\/p>\n<h3>&#8211; Definition von pers\u00f6nlichen und nicht-pers\u00f6nlichen Daten<\/h3>\n<p>Personenbezogene Daten (&#8222;personenbezogene Daten&#8220;) beziehen sich auf alle Informationen, die Sie speziell als Person identifizieren, w\u00e4hrend sich nicht-personenbezogene Daten (&#8222;nicht-personenbezogene Daten&#8220;) auf alle Informationen beziehen, die Sie nicht speziell als Person identifizieren.<br \/>Tetrachim wird immer die geltende gesetzliche Definition einhalten, um zu bestimmen, welche Daten personenbezogen sind und welche nicht, um diese Datenschutzrichtlinie einzuhalten. Wenn in dieser Datenschutzrichtlinie von &#8222;Daten&#8220; oder &#8222;Ihren Daten&#8220; die Rede ist, kann dies sowohl personenbezogene als auch nicht-personenbezogene Daten umfassen. <\/p>\n<p>Diese Datenschutzerkl\u00e4rung gilt nur f\u00fcr die von unserer Website erfassten Daten.<\/p>\n<h3>&#8211; Erhobene Daten und Verwendung<\/h3>\n<p>Die auf tetrachim.com gesammelten Daten werden nur in dem in Frankreich geltenden gesetzlichen Rahmen zur Wahrung der Privatsph\u00e4re des Einzelnen verwendet. Tetrachim ist der einzige Empf\u00e4nger dieser Daten.<br \/>Bei der Nutzung der Website tetrachim.com k\u00f6nnen die folgenden personenbezogenen Daten erhoben werden: <\/p>\n<ul>\n<li>die URL der Links, \u00fcber die Sie auf die Website tetrachim.com zugegriffen haben,<\/li>\n<li>Ihre IP-Adresse.<\/li>\n<\/ul>\n<p>Diese Daten werden verwendet, um die Navigation auf der Website zu erleichtern und um Messungen des Websiteverkehrs zu erm\u00f6glichen.<\/p>\n<p>Beim Absenden eines Formulars \u00fcber unser Kontaktformular:<\/p>\n<ul>\n<li>Nachname und Vorname<\/li>\n<li>E-Mail Adresse<\/li>\n<li>Ihr Unternehmen<\/li>\n<li>Ihre Adresse<\/li>\n<\/ul>\n<p>Diese Daten werden nur verwendet, um Ihre Anfrage per E-Mail oder Telefon zu beantworten.<\/p>\n<p>Tetrachim ist der einzige Empf\u00e4nger dieser Daten. Alle pers\u00f6nlichen Daten, die auf unserer Website gesammelt werden, werden nicht ohne das ausdr\u00fcckliche Wissen des Nutzers ver\u00f6ffentlicht, ausgetauscht, \u00fcbertragen, abgetreten oder an Dritte verkauft. <\/p>\n<h3>&#8211; Aus\u00fcbung Ihrer Rechte in Bezug auf Ihre personenbezogenen Daten<\/h3>\n<p>Sie haben das Recht auf Zugang, \u00c4nderung, Berichtigung und L\u00f6schung der auf dieser Website gesammelten Daten unter den Bedingungen des Artikels 31 des Gesetzes vom 6. Januar 1978 \u00fcber die Datenverarbeitung, die Dateien und die Freiheit sowie unter den Bedingungen der europ\u00e4ischen Verordnung 2016\/679 vom 27. April 2016 (RGPD). Um dieses Recht auszu\u00fcben, kontaktieren Sie uns bitte \u00fcber<a href=\"http:\/\/www.tetrachim.com\/contact\/\" target=\"_blank\" rel=\"noopener noreferrer\"> unser Kontaktformular<\/a>.[\/vc_column_text][\/vc_column][\/vc_row][\/vc_section]<\/p>\n<\/div>","protected":false},"excerpt":{"rendered":"<p>[vc_row unlock_row_content=&#8220;yes&#8220; row_height_percent=&#8220;0&#8243; override_padding=&#8220;yes&#8220; h_padding=&#8220;0&#8243; top_padding=&#8220;0&#8243; bottom_padding=&#8220;0&#8243; back_image=&#8220;83397&#8243; overlay_alpha=&#8220;50&#8243; gutter_size=&#8220;3&#8243; column_width_percent=&#8220;100&#8243; shift_y=&#8220;0&#8243; z_index=&#8220;0&#8243; row_height_pixel=&#8220;200px&#8220; el_id=&#8220;bandeau-seite&#8220; front_end_with_slider=&#8220;true&#8220;][vc_column column_width_percent=&#8220;100&#8243; position_vertical=&#8220;middle&#8220; gutter_size=&#8220;3&#8243; override_padding=&#8220;yes&#8220; [&hellip;]<\/p>\n","protected":false},"author":1,"featured_media":0,"parent":0,"menu_order":0,"comment_status":"closed","ping_status":"closed","template":"","meta":{"footnotes":""},"class_list":["post-98657","page","type-page","status-publish","hentry"],"yoast_head":"<!-- This site is optimized with the Yoast SEO plugin v27.5 - https:\/\/yoast.com\/product\/yoast-seo-wordpress\/ -->\n<title>Rechtliche Bedingungen - Tetrachim<\/title>\n<meta name=\"robots\" content=\"index, follow, max-snippet:-1, max-image-preview:large, max-video-preview:-1\" \/>\n<link rel=\"canonical\" href=\"https:\/\/www.tetrachim.com\/de\/rechtliche-bedingungen\/\" \/>\n<meta property=\"og:locale\" content=\"de_DE\" \/>\n<meta property=\"og:type\" content=\"article\" \/>\n<meta property=\"og:title\" content=\"Rechtliche Bedingungen - Tetrachim\" \/>\n<meta property=\"og:description\" content=\"[vc_row unlock_row_content=&#8220;yes&#8220; row_height_percent=&#8220;0&#8243; override_padding=&#8220;yes&#8220; h_padding=&#8220;0&#8243; top_padding=&#8220;0&#8243; bottom_padding=&#8220;0&#8243; back_image=&#8220;83397&#8243; overlay_alpha=&#8220;50&#8243; gutter_size=&#8220;3&#8243; column_width_percent=&#8220;100&#8243; shift_y=&#8220;0&#8243; z_index=&#8220;0&#8243; row_height_pixel=&#8220;200px&#8220; el_id=&#8220;bandeau-seite&#8220; front_end_with_slider=&#8220;true&#8220;][vc_column column_width_percent=&#8220;100&#8243; position_vertical=&#8220;middle&#8220; gutter_size=&#8220;3&#8243; override_padding=&#8220;yes&#8220; [&hellip;]\" \/>\n<meta property=\"og:url\" content=\"https:\/\/www.tetrachim.com\/de\/rechtliche-bedingungen\/\" \/>\n<meta property=\"og:site_name\" content=\"Tetrachim\" \/>\n<meta property=\"article:modified_time\" content=\"2025-07-21T16:54:15+00:00\" \/>\n<meta name=\"twitter:card\" content=\"summary_large_image\" \/>\n<meta name=\"twitter:site\" content=\"@Tetrachim\" \/>\n<meta name=\"twitter:label1\" content=\"Gesch\u00e4tzte Lesezeit\" \/>\n\t<meta name=\"twitter:data1\" content=\"5\u00a0Minute\" \/>\n<script type=\"application\/ld+json\" class=\"yoast-schema-graph\">{\"@context\":\"https:\\\/\\\/schema.org\",\"@graph\":[{\"@type\":\"WebPage\",\"@id\":\"https:\\\/\\\/www.tetrachim.com\\\/de\\\/rechtliche-bedingungen\\\/\",\"url\":\"https:\\\/\\\/www.tetrachim.com\\\/de\\\/rechtliche-bedingungen\\\/\",\"name\":\"Rechtliche Bedingungen - Tetrachim\",\"isPartOf\":{\"@id\":\"https:\\\/\\\/www.tetrachim.com\\\/de\\\/#website\"},\"datePublished\":\"2025-07-21T16:54:11+00:00\",\"dateModified\":\"2025-07-21T16:54:15+00:00\",\"breadcrumb\":{\"@id\":\"https:\\\/\\\/www.tetrachim.com\\\/de\\\/rechtliche-bedingungen\\\/#breadcrumb\"},\"inLanguage\":\"de\",\"potentialAction\":[{\"@type\":\"ReadAction\",\"target\":[\"https:\\\/\\\/www.tetrachim.com\\\/de\\\/rechtliche-bedingungen\\\/\"]}]},{\"@type\":\"BreadcrumbList\",\"@id\":\"https:\\\/\\\/www.tetrachim.com\\\/de\\\/rechtliche-bedingungen\\\/#breadcrumb\",\"itemListElement\":[{\"@type\":\"ListItem\",\"position\":1,\"name\":\"\",\"item\":\"https:\\\/\\\/www.tetrachim.com\\\/de\\\/\"},{\"@type\":\"ListItem\",\"position\":2,\"name\":\"Rechtliche Bedingungen\"}]},{\"@type\":\"WebSite\",\"@id\":\"https:\\\/\\\/www.tetrachim.com\\\/de\\\/#website\",\"url\":\"https:\\\/\\\/www.tetrachim.com\\\/de\\\/\",\"name\":\"Tetrachim\",\"description\":\"Rev\u00eatements high-tech\",\"publisher\":{\"@id\":\"https:\\\/\\\/www.tetrachim.com\\\/de\\\/#organization\"},\"potentialAction\":[{\"@type\":\"SearchAction\",\"target\":{\"@type\":\"EntryPoint\",\"urlTemplate\":\"https:\\\/\\\/www.tetrachim.com\\\/de\\\/?s={search_term_string}\"},\"query-input\":{\"@type\":\"PropertyValueSpecification\",\"valueRequired\":true,\"valueName\":\"search_term_string\"}}],\"inLanguage\":\"de\"},{\"@type\":\"Organization\",\"@id\":\"https:\\\/\\\/www.tetrachim.com\\\/de\\\/#organization\",\"name\":\"Tetrachim\",\"url\":\"https:\\\/\\\/www.tetrachim.com\\\/de\\\/\",\"logo\":{\"@type\":\"ImageObject\",\"inLanguage\":\"de\",\"@id\":\"https:\\\/\\\/www.tetrachim.com\\\/de\\\/#\\\/schema\\\/logo\\\/image\\\/\",\"url\":\"https:\\\/\\\/www.tetrachim.com\\\/wp-content\\\/uploads\\\/2020\\\/07\\\/logo-tetrachim.png\",\"contentUrl\":\"https:\\\/\\\/www.tetrachim.com\\\/wp-content\\\/uploads\\\/2020\\\/07\\\/logo-tetrachim.png\",\"width\":244,\"height\":51,\"caption\":\"Tetrachim\"},\"image\":{\"@id\":\"https:\\\/\\\/www.tetrachim.com\\\/de\\\/#\\\/schema\\\/logo\\\/image\\\/\"},\"sameAs\":[\"https:\\\/\\\/x.com\\\/Tetrachim\",\"https:\\\/\\\/www.linkedin.com\\\/company\\\/tetrachim\\\/\"]}]}<\/script>\n<!-- \/ Yoast SEO plugin. -->","yoast_head_json":{"title":"Rechtliche Bedingungen - Tetrachim","robots":{"index":"index","follow":"follow","max-snippet":"max-snippet:-1","max-image-preview":"max-image-preview:large","max-video-preview":"max-video-preview:-1"},"canonical":"https:\/\/www.tetrachim.com\/de\/rechtliche-bedingungen\/","og_locale":"de_DE","og_type":"article","og_title":"Rechtliche Bedingungen - Tetrachim","og_description":"[vc_row unlock_row_content=&#8220;yes&#8220; row_height_percent=&#8220;0&#8243; override_padding=&#8220;yes&#8220; h_padding=&#8220;0&#8243; top_padding=&#8220;0&#8243; bottom_padding=&#8220;0&#8243; back_image=&#8220;83397&#8243; overlay_alpha=&#8220;50&#8243; gutter_size=&#8220;3&#8243; column_width_percent=&#8220;100&#8243; shift_y=&#8220;0&#8243; z_index=&#8220;0&#8243; row_height_pixel=&#8220;200px&#8220; el_id=&#8220;bandeau-seite&#8220; front_end_with_slider=&#8220;true&#8220;][vc_column column_width_percent=&#8220;100&#8243; position_vertical=&#8220;middle&#8220; gutter_size=&#8220;3&#8243; override_padding=&#8220;yes&#8220; [&hellip;]","og_url":"https:\/\/www.tetrachim.com\/de\/rechtliche-bedingungen\/","og_site_name":"Tetrachim","article_modified_time":"2025-07-21T16:54:15+00:00","twitter_card":"summary_large_image","twitter_site":"@Tetrachim","twitter_misc":{"Gesch\u00e4tzte Lesezeit":"5\u00a0Minute"},"schema":{"@context":"https:\/\/schema.org","@graph":[{"@type":"WebPage","@id":"https:\/\/www.tetrachim.com\/de\/rechtliche-bedingungen\/","url":"https:\/\/www.tetrachim.com\/de\/rechtliche-bedingungen\/","name":"Rechtliche Bedingungen - Tetrachim","isPartOf":{"@id":"https:\/\/www.tetrachim.com\/de\/#website"},"datePublished":"2025-07-21T16:54:11+00:00","dateModified":"2025-07-21T16:54:15+00:00","breadcrumb":{"@id":"https:\/\/www.tetrachim.com\/de\/rechtliche-bedingungen\/#breadcrumb"},"inLanguage":"de","potentialAction":[{"@type":"ReadAction","target":["https:\/\/www.tetrachim.com\/de\/rechtliche-bedingungen\/"]}]},{"@type":"BreadcrumbList","@id":"https:\/\/www.tetrachim.com\/de\/rechtliche-bedingungen\/#breadcrumb","itemListElement":[{"@type":"ListItem","position":1,"name":"","item":"https:\/\/www.tetrachim.com\/de\/"},{"@type":"ListItem","position":2,"name":"Rechtliche Bedingungen"}]},{"@type":"WebSite","@id":"https:\/\/www.tetrachim.com\/de\/#website","url":"https:\/\/www.tetrachim.com\/de\/","name":"Tetrachim","description":"Rev\u00eatements high-tech","publisher":{"@id":"https:\/\/www.tetrachim.com\/de\/#organization"},"potentialAction":[{"@type":"SearchAction","target":{"@type":"EntryPoint","urlTemplate":"https:\/\/www.tetrachim.com\/de\/?s={search_term_string}"},"query-input":{"@type":"PropertyValueSpecification","valueRequired":true,"valueName":"search_term_string"}}],"inLanguage":"de"},{"@type":"Organization","@id":"https:\/\/www.tetrachim.com\/de\/#organization","name":"Tetrachim","url":"https:\/\/www.tetrachim.com\/de\/","logo":{"@type":"ImageObject","inLanguage":"de","@id":"https:\/\/www.tetrachim.com\/de\/#\/schema\/logo\/image\/","url":"https:\/\/www.tetrachim.com\/wp-content\/uploads\/2020\/07\/logo-tetrachim.png","contentUrl":"https:\/\/www.tetrachim.com\/wp-content\/uploads\/2020\/07\/logo-tetrachim.png","width":244,"height":51,"caption":"Tetrachim"},"image":{"@id":"https:\/\/www.tetrachim.com\/de\/#\/schema\/logo\/image\/"},"sameAs":["https:\/\/x.com\/Tetrachim","https:\/\/www.linkedin.com\/company\/tetrachim\/"]}]}},"_links":{"self":[{"href":"https:\/\/www.tetrachim.com\/de\/wp-json\/wp\/v2\/pages\/98657","targetHints":{"allow":["GET"]}}],"collection":[{"href":"https:\/\/www.tetrachim.com\/de\/wp-json\/wp\/v2\/pages"}],"about":[{"href":"https:\/\/www.tetrachim.com\/de\/wp-json\/wp\/v2\/types\/page"}],"author":[{"embeddable":true,"href":"https:\/\/www.tetrachim.com\/de\/wp-json\/wp\/v2\/users\/1"}],"replies":[{"embeddable":true,"href":"https:\/\/www.tetrachim.com\/de\/wp-json\/wp\/v2\/comments?post=98657"}],"version-history":[{"count":1,"href":"https:\/\/www.tetrachim.com\/de\/wp-json\/wp\/v2\/pages\/98657\/revisions"}],"predecessor-version":[{"id":98661,"href":"https:\/\/www.tetrachim.com\/de\/wp-json\/wp\/v2\/pages\/98657\/revisions\/98661"}],"wp:attachment":[{"href":"https:\/\/www.tetrachim.com\/de\/wp-json\/wp\/v2\/media?parent=98657"}],"curies":[{"name":"wp","href":"https:\/\/api.w.org\/{rel}","templated":true}]}}