{"id":98667,"date":"2025-07-21T18:54:18","date_gmt":"2025-07-21T16:54:18","guid":{"rendered":"https:\/\/www.tetrachim.com\/wer-wir-sind-unser-team\/"},"modified":"2026-05-07T12:10:17","modified_gmt":"2026-05-07T10:10:17","slug":"wer-wir-sind-unser-team","status":"publish","type":"page","link":"https:\/\/www.tetrachim.com\/de\/wer-wir-sind-unser-team\/","title":{"rendered":"Wer wir sind: unser Team"},"content":{"rendered":"<div class=\"wpb-content-wrapper\"><p>[vc_row unlock_row_content=&#8220;yes&#8220; row_height_percent=&#8220;0&#8243; override_padding=&#8220;yes&#8220; h_padding=&#8220;0&#8243; top_padding=&#8220;0&#8243; bottom_padding=&#8220;0&#8243; back_image=&#8220;83397&#8243; overlay_alpha=&#8220;50&#8243; gutter_size=&#8220;3&#8243; column_width_percent=&#8220;100&#8243; shift_y=&#8220;0&#8243; z_index=&#8220;0&#8243; row_height_pixel=&#8220;200px&#8220; el_id=&#8220;bandeau-page&#8220; front_end_with_slider=&#8220;true&#8220;][vc_column column_width_percent=&#8220;100&#8243; position_vertical=&#8220;middle&#8220; gutter_size=&#8220;3&#8243; override_padding=&#8220;yes&#8220; column_padding=&#8220;0&#8243; overlay_alpha=&#8220;50&#8243; shift_x=&#8220;0&#8243; shift_y=&#8220;0&#8243; shift_y_down=&#8220;0&#8243; z_index=&#8220;0&#8243; medium_width=&#8220;0&#8243; mobile_width=&#8220;0&#8243; width=&#8220;1\/1&#8243;][vc_row_inner row_inner_height_percent=&#8220;100&#8243; back_image=&#8220;85629&#8243; back_position=&#8220;left center&#8220; overlay_alpha=&#8220;50&#8243; equal_height=&#8220;yes&#8220; gutter_size=&#8220;3&#8243; shift_y=&#8220;0&#8243; z_index=&#8220;0&#8243; back_size=&#8220;auto 100%&#8220; el_class=&#8220;rangee-reduite-plus&#8220; row_height_pixel=&#8220;200px&#8220; limit_content=&#8220;&#8220;][vc_column_inner column_width_percent=&#8220;66&#8243; position_horizontal=&#8220;left&#8220; position_vertical=&#8220;middle&#8220; gutter_size=&#8220;3&#8243; overlay_alpha=&#8220;50&#8243; shift_x=&#8220;0&#8243; shift_y=&#8220;0&#8243; shift_y_down=&#8220;0&#8243; z_index=&#8220;0&#8243; medium_width=&#8220;0&#8243; mobile_width=&#8220;0&#8243; width=&#8220;1\/1&#8243;][vc_custom_heading text_color=&#8220;color-889485&#8243; heading_semantic=&#8220;h1&#8243; text_font=&#8220;font-112492&#8243; css_animation=&#8220;left-t-right&#8220;]Unser <strong>Team<\/strong>[\/vc_custom_heading][vc_column_text css_animation=&#8220;left-t-right&#8220; animation_delay=&#8220;200&#8243;]<span><span><a href=\"https:\/\/www.tetrachim.com\/de\/\"><i class=\"menu-icon fa fa-home3\"><\/i><\/a><\/span><\/span>[\/vc_column_text][\/vc_column_inner][\/vc_row_inner][vc_single_image media=&#8220;87170&#8243; media_width_use_pixel=&#8220;yes&#8220; alignment=&#8220;right&#8220; shadow=&#8220;yes&#8220; shadow_weight=&#8220;lg&#8220; css_animation=&#8220;right-t-left&#8220; animation_speed=&#8220;400&#8243; media_width_pixel=&#8220;560&#8243;][\/vc_column][\/vc_row][vc_section back_image=&#8220;85635&#8243; back_repeat=&#8220;no-repeat&#8220; back_position=&#8220;right bottom&#8220; overlay_alpha=&#8220;50&#8243; el_class=&#8220;section-fleche&#8220; back_size=&#8220;260px auto&#8220;][vc_row unlock_row_content=&#8220;yes&#8220; row_height_percent=&#8220;0&#8243; override_padding=&#8220;yes&#8220; h_padding=&#8220;2&#8243; top_padding=&#8220;0&#8243; bottom_padding=&#8220;0&#8243; overlay_alpha=&#8220;50&#8243; gutter_size=&#8220;0&#8243; column_width_percent=&#8220;100&#8243; shift_y=&#8220;0&#8243; z_index=&#8220;0&#8243; el_class=&#8220;entete-decale&#8220; el_id=&#8220;bloc-entete-galerie-team&#8220;][vc_column column_width_use_pixel=&#8220;yes&#8220; position_horizontal=&#8220;left&#8220; position_vertical=&#8220;middle&#8220; gutter_size=&#8220;3&#8243; style=&#8220;dark&#8220; back_color=&#8220;color-112481&#8243; overlay_alpha=&#8220;50&#8243; shift_x=&#8220;0&#8243; shift_y=&#8220;0&#8243; shift_y_down=&#8220;0&#8243; z_index=&#8220;0&#8243; medium_width=&#8220;0&#8243; mobile_width=&#8220;0&#8243; css_animation=&#8220;alpha-anim&#8220; width=&#8220;1\/4&#8243; column_width_pixel=&#8220;800&#8243;][vc_custom_heading text_size=&#8220;h3&#8243; sub_lead=&#8220;yes&#8220; css_animation=&#8220;zoom-in&#8220; subheading=&#8220;Wir sind ein multikulturelles Team mit mehr als 20 Jahren Erfahrung, das Ihnen zur Verf\u00fcgung steht.&#8220;]\u00dcber <strong>uns<\/strong>[\/vc_custom_heading][vc_button button_color=&#8220;color-xsdn&#8220; border_width=&#8220;0&#8243; css_animation=&#8220;left-t-right&#8220; animation_delay=&#8220;200&#8243; link=&#8220;url:http%3A%2F%2Ftetrachim.com%2Fcontact%2F|title:Contact%20us|&#8220;]Contact us[\/vc_button][\/vc_column][vc_column column_width_use_pixel=&#8220;yes&#8220; position_horizontal=&#8220;left&#8220; gutter_size=&#8220;3&#8243; overlay_alpha=&#8220;50&#8243; shift_x=&#8220;-5&#8243; shift_y=&#8220;4&#8243; shift_y_down=&#8220;0&#8243; z_index=&#8220;0&#8243; medium_width=&#8220;0&#8243; mobile_width=&#8220;0&#8243; css_animation=&#8220;right-t-left&#8220; animation_delay=&#8220;400&#8243; width=&#8220;3\/4&#8243; el_id=&#8220;team-gallery&#8220; el_class=&#8220;galerie-decale&#8220; column_width_pixel=&#8220;1300&#8243;][vc_gallery el_id=&#8220;gallery-3184624&#8243; type=&#8220;carousel&#8220; medias=&#8220;100807,100802,100812,101817,100817,101357&#8243; carousel_lg=&#8220;6&#8243; carousel_md=&#8220;2&#8243; carousel_sm=&#8220;2&#8243; gutter_size=&#8220;3&#8243; media_items=&#8220;media|nolink|original,title,sep-one|full,caption,description&#8220; carousel_height=&#8220;equal&#8220; carousel_interval=&#8220;3000&#8243; carousel_navspeed=&#8220;400&#8243; carousel_dots=&#8220;yes&#8220; carousel_dots_mobile=&#8220;yes&#8220; stage_padding=&#8220;0&#8243; single_text=&#8220;under&#8220; single_back_color=&#8220;color-xsdn&#8220; single_shape=&#8220;round&#8220; single_overlay_color=&#8220;color-889485&#8243; single_overlay_blend=&#8220;color-dodge&#8220; single_overlay_opacity=&#8220;60&#8243; single_overlay_visible=&#8220;yes&#8220; single_image_coloration=&#8220;desaturated&#8220; single_image_color_anim=&#8220;yes&#8220; single_h_align=&#8220;center&#8220; single_v_position=&#8220;top&#8220; single_padding=&#8220;1&#8243; single_title_dimension=&#8220;fontsize-155944&#8243; single_shadow=&#8220;yes&#8220; shadow_weight=&#8220;sm&#8220; single_border=&#8220;yes&#8220; lbox_title=&#8220;yes&#8220; lbox_caption=&#8220;yes&#8220; carousel_rtl=&#8220;&#8220; single_half_padding=&#8220;yes&#8220; single_title_serif=&#8220;&#8220; single_no_background=&#8220;yes&#8220; items=&#8220;eyIxMzc2M19pIjp7InNpbmdsZV9saW5rIjoidXJsOmh0dHA6Ly93d3cudW5kc2duLmNvbXx8dGFyZ2V0OiBfYmxhbmsifSwiMTM3NjlfaSI6eyJzaW5nbGVfbGluayI6InVybDpodHRwOi8vd3d3LnVuZHNnbi5jb218fHRhcmdldDogX2JsYW5rIn0sIjEzNzcwX2kiOnsic2luZ2xlX2xpbmsiOiJ1cmw6aHR0cDovL3d3dy51bmRzZ24uY29tfHx0YXJnZXQ6IF9ibGFuayJ9LCIxMzc2Nl9pIjp7InNpbmdsZV9saW5rIjoidXJsOmh0dHA6Ly93d3cudW5kc2duLmNvbXx8dGFyZ2V0OiBfYmxhbmsifX0=&#8220; uncode_shortcode_id=&#8220;181044&#8243;][\/vc_column][\/vc_row][vc_row row_height_percent=&#8220;0&#8243; override_padding=&#8220;yes&#8220; h_padding=&#8220;2&#8243; top_padding=&#8220;2&#8243; bottom_padding=&#8220;0&#8243; overlay_alpha=&#8220;50&#8243; gutter_size=&#8220;3&#8243; column_width_percent=&#8220;100&#8243; shift_y=&#8220;0&#8243; z_index=&#8220;0&#8243; el_class=&#8220;rangee-reduite&#8220;][vc_column column_width_percent=&#8220;100&#8243; align_horizontal=&#8220;align_center&#8220; gutter_size=&#8220;3&#8243; overlay_alpha=&#8220;50&#8243; shift_x=&#8220;0&#8243; shift_y=&#8220;0&#8243; shift_y_down=&#8220;0&#8243; z_index=&#8220;0&#8243; medium_width=&#8220;0&#8243; mobile_width=&#8220;0&#8243; width=&#8220;1\/1&#8243;][vc_custom_heading text_size=&#8220;h3&#8243; sub_lead=&#8220;yes&#8220; css_animation=&#8220;zoom-in&#8220; subheading=&#8220;Unsere Werte bestimmen unsere t\u00e4gliche Arbeitsweise:&#8220;]Unsere <strong>Werte<\/strong>[\/vc_custom_heading][\/vc_column][\/vc_row][vc_row row_height_percent=&#8220;0&#8243; override_padding=&#8220;yes&#8220; h_padding=&#8220;2&#8243; top_padding=&#8220;2&#8243; bottom_padding=&#8220;3&#8243; overlay_alpha=&#8220;50&#8243; gutter_size=&#8220;3&#8243; column_width_percent=&#8220;100&#8243; shift_y=&#8220;0&#8243; z_index=&#8220;0&#8243; el_class=&#8220;rangee-reduite&#8220; el_id=&#8220;engagements&#8220;][vc_column column_width_percent=&#8220;100&#8243; align_horizontal=&#8220;align_center&#8220; gutter_size=&#8220;3&#8243; overlay_alpha=&#8220;50&#8243; shift_x=&#8220;0&#8243; shift_y=&#8220;0&#8243; shift_y_down=&#8220;0&#8243; z_index=&#8220;0&#8243; medium_width=&#8220;0&#8243; mobile_width=&#8220;0&#8243; css_animation=&#8220;right-t-left&#8220; animation_delay=&#8220;200&#8243; width=&#8220;1\/1&#8243;][vc_row_inner row_inner_height_percent=&#8220;0&#8243; overlay_alpha=&#8220;50&#8243; equal_height=&#8220;yes&#8220; gutter_size=&#8220;3&#8243; shift_y=&#8220;0&#8243; z_index=&#8220;0&#8243; el_class=&#8220;ancres-box icon-box-simple&#8220; limit_content=&#8220;&#8220;][vc_column_inner column_width_percent=&#8220;100&#8243; position_horizontal=&#8220;left&#8220; gutter_size=&#8220;3&#8243; back_color=&#8220;color-186328&#8243; overlay_alpha=&#8220;75&#8243; shift_x=&#8220;0&#8243; shift_y=&#8220;0&#8243; shift_y_down=&#8220;0&#8243; z_index=&#8220;0&#8243; medium_width=&#8220;0&#8243; mobile_width=&#8220;0&#8243; width=&#8220;1\/4&#8243;][vc_icon position=&#8220;left&#8220; icon_image=&#8220;85151&#8243; media_size=&#8220;80&#8243; heading_semantic=&#8220;h2&#8243; text_size=&#8220;fontsize-155944&#8243; text_weight=&#8220;700&#8243; linked_title=&#8220;yes&#8220; link=&#8220;|||&#8220; title=&#8220;Professionalit\u00e4t&#8220;]Wir beherrschen die Technologien der von uns gelieferten Produkte und arbeiten nach einer strengen Gesch\u00e4ftsethik, die auf Transparenz und Ehrlichkeit beruht.[\/vc_icon][\/vc_column_inner][vc_column_inner column_width_percent=&#8220;100&#8243; position_horizontal=&#8220;left&#8220; gutter_size=&#8220;3&#8243; back_color=&#8220;color-186328&#8243; overlay_alpha=&#8220;90&#8243; shift_x=&#8220;0&#8243; shift_y=&#8220;0&#8243; shift_y_down=&#8220;0&#8243; z_index=&#8220;0&#8243; medium_width=&#8220;0&#8243; mobile_width=&#8220;0&#8243; width=&#8220;1\/4&#8243;][vc_icon position=&#8220;left&#8220; icon_image=&#8220;85156&#8243; media_size=&#8220;80&#8243; heading_semantic=&#8220;h2&#8243; text_size=&#8220;fontsize-155944&#8243; text_weight=&#8220;700&#8243; linked_title=&#8220;yes&#8220; link=&#8220;|||&#8220; title=&#8220;Beweglichkeit&#8220;]Unser Team steht unseren Kunden jederzeit zur Verf\u00fcgung, um sie bei der L\u00f6sung ihrer Probleme mit maximaler Flexibilit\u00e4t intelligent zu unterst\u00fctzen.[\/vc_icon][\/vc_column_inner][vc_column_inner column_width_percent=&#8220;100&#8243; position_horizontal=&#8220;left&#8220; gutter_size=&#8220;3&#8243; back_color=&#8220;color-186328&#8243; overlay_alpha=&#8220;75&#8243; shift_x=&#8220;0&#8243; shift_y=&#8220;0&#8243; shift_y_down=&#8220;0&#8243; z_index=&#8220;0&#8243; medium_width=&#8220;0&#8243; mobile_width=&#8220;0&#8243; width=&#8220;1\/4&#8243;][vc_icon position=&#8220;left&#8220; icon_image=&#8220;85161&#8243; icon_color=&#8220;color-xsdn&#8220; media_size=&#8220;80&#8243; heading_semantic=&#8220;h2&#8243; text_size=&#8220;fontsize-155944&#8243; text_weight=&#8220;700&#8243; linked_title=&#8220;yes&#8220; link=&#8220;|||&#8220; title=&#8220;Ann\u00e4herung&#8220;]Wir bauen eine enge und freundliche Beziehung zu unseren Kunden auf, h\u00f6ren ihnen aufmerksam zu, um ihre Bed\u00fcrfnisse zu befriedigen und zu antizipieren.[\/vc_icon][\/vc_column_inner][vc_column_inner column_width_percent=&#8220;100&#8243; position_horizontal=&#8220;left&#8220; gutter_size=&#8220;3&#8243; back_color=&#8220;color-186328&#8243; overlay_alpha=&#8220;90&#8243; shift_x=&#8220;0&#8243; shift_y=&#8220;0&#8243; shift_y_down=&#8220;0&#8243; z_index=&#8220;0&#8243; medium_width=&#8220;0&#8243; mobile_width=&#8220;0&#8243; width=&#8220;1\/4&#8243;][vc_icon position=&#8220;left&#8220; icon_image=&#8220;85166&#8243; icon_color=&#8220;color-xsdn&#8220; media_size=&#8220;80&#8243; heading_semantic=&#8220;h2&#8243; text_size=&#8220;fontsize-155944&#8243; text_weight=&#8220;700&#8243; linked_title=&#8220;yes&#8220; link=&#8220;|||&#8220; title=&#8220;Teamarbeit&#8220;]Wir haben ein vielseitiges Team, das sich auf Effizienz und Reaktionsf\u00e4higkeit konzentriert, um unseren Kunden den besten Service zu bieten.[\/vc_icon][\/vc_column_inner][\/vc_row_inner][\/vc_column][\/vc_row][\/vc_section][vc_row unlock_row_content=&#8220;yes&#8220; row_height_percent=&#8220;0&#8243; back_image=&#8220;83602&#8243; back_position=&#8220;center bottom&#8220; overlay_color=&#8220;color-156355&#8243; overlay_alpha=&#8220;78&#8243; gutter_size=&#8220;3&#8243; column_width_percent=&#8220;100&#8243; shift_y=&#8220;0&#8243; z_index=&#8220;0&#8243; el_class=&#8220;cta cta-btns&#8220;][vc_column column_width_percent=&#8220;100&#8243; position_horizontal=&#8220;left&#8220; position_vertical=&#8220;middle&#8220; gutter_size=&#8220;3&#8243; style=&#8220;dark&#8220; overlay_alpha=&#8220;50&#8243; shift_x=&#8220;0&#8243; shift_y=&#8220;0&#8243; shift_y_down=&#8220;0&#8243; z_index=&#8220;0&#8243; medium_width=&#8220;0&#8243; mobile_width=&#8220;0&#8243; width=&#8220;1\/2&#8243;][vc_button button_color=&#8220;color-xsdn&#8220; border_width=&#8220;0&#8243; css_animation=&#8220;zoom-out&#8220; animation_delay=&#8220;400&#8243; el_class=&#8220;btn-outline btn-bleu btn-ico&#8220; link=&#8220;url:http%3A%2F%2Ftetrachim.com%2Four-engagements%2F|title:Our%20engagements|&#8220; icon=&#8220;fa fa-checkmark-circle&#8220;]Our engagements[\/vc_button][\/vc_column][vc_column column_width_percent=&#8220;100&#8243; position_vertical=&#8220;middle&#8220; gutter_size=&#8220;3&#8243; style=&#8220;dark&#8220; overlay_alpha=&#8220;50&#8243; shift_x=&#8220;0&#8243; shift_y=&#8220;0&#8243; shift_y_down=&#8220;0&#8243; z_index=&#8220;0&#8243; medium_width=&#8220;0&#8243; mobile_width=&#8220;0&#8243; width=&#8220;1\/2&#8243;][vc_button button_color=&#8220;color-xsdn&#8220; border_width=&#8220;0&#8243; css_animation=&#8220;zoom-out&#8220; animation_delay=&#8220;400&#8243; el_class=&#8220;btn-outline btn-rouge btn-ico&#8220; link=&#8220;url:http%3A%2F%2Ftetrachim.com%2Fquality-certifications%2F|title:Who%20we%20are%20%3A%20Quality%20%26%20Certifications|&#8220; icon=&#8220;fa fa-license&#8220;]Qualit\u00e4t und Zertifizierungen[\/vc_button][\/vc_column][\/vc_row]<\/p>\n<\/div>","protected":false},"excerpt":{"rendered":"<p>[vc_row unlock_row_content=&#8220;yes&#8220; row_height_percent=&#8220;0&#8243; override_padding=&#8220;yes&#8220; h_padding=&#8220;0&#8243; top_padding=&#8220;0&#8243; bottom_padding=&#8220;0&#8243; back_image=&#8220;83397&#8243; overlay_alpha=&#8220;50&#8243; gutter_size=&#8220;3&#8243; column_width_percent=&#8220;100&#8243; shift_y=&#8220;0&#8243; z_index=&#8220;0&#8243; row_height_pixel=&#8220;200px&#8220; el_id=&#8220;bandeau-page&#8220; front_end_with_slider=&#8220;true&#8220;][vc_column column_width_percent=&#8220;100&#8243; position_vertical=&#8220;middle&#8220; gutter_size=&#8220;3&#8243; override_padding=&#8220;yes&#8220; [&hellip;]<\/p>\n","protected":false},"author":1,"featured_media":0,"parent":0,"menu_order":0,"comment_status":"closed","ping_status":"closed","template":"","meta":{"footnotes":""},"class_list":["post-98667","page","type-page","status-publish","hentry"],"yoast_head":"<!-- This site is optimized with the Yoast SEO plugin v27.5 - https:\/\/yoast.com\/product\/yoast-seo-wordpress\/ -->\n<title>Wer wir sind: unser Team - Tetrachim<\/title>\n<meta name=\"robots\" content=\"index, follow, max-snippet:-1, max-image-preview:large, max-video-preview:-1\" \/>\n<link rel=\"canonical\" href=\"https:\/\/www.tetrachim.com\/de\/wer-wir-sind-unser-team\/\" \/>\n<meta property=\"og:locale\" content=\"de_DE\" \/>\n<meta property=\"og:type\" content=\"article\" \/>\n<meta property=\"og:title\" content=\"Wer wir sind: unser Team - Tetrachim\" \/>\n<meta property=\"og:description\" content=\"[vc_row unlock_row_content=&#8220;yes&#8220; row_height_percent=&#8220;0&#8243; override_padding=&#8220;yes&#8220; h_padding=&#8220;0&#8243; top_padding=&#8220;0&#8243; bottom_padding=&#8220;0&#8243; back_image=&#8220;83397&#8243; overlay_alpha=&#8220;50&#8243; gutter_size=&#8220;3&#8243; column_width_percent=&#8220;100&#8243; shift_y=&#8220;0&#8243; z_index=&#8220;0&#8243; row_height_pixel=&#8220;200px&#8220; el_id=&#8220;bandeau-page&#8220; front_end_with_slider=&#8220;true&#8220;][vc_column column_width_percent=&#8220;100&#8243; position_vertical=&#8220;middle&#8220; gutter_size=&#8220;3&#8243; override_padding=&#8220;yes&#8220; [&hellip;]\" \/>\n<meta property=\"og:url\" content=\"https:\/\/www.tetrachim.com\/de\/wer-wir-sind-unser-team\/\" \/>\n<meta property=\"og:site_name\" content=\"Tetrachim\" \/>\n<meta property=\"article:modified_time\" content=\"2026-05-07T10:10:17+00:00\" \/>\n<meta name=\"twitter:card\" content=\"summary_large_image\" \/>\n<meta name=\"twitter:site\" content=\"@Tetrachim\" \/>\n<meta name=\"twitter:label1\" content=\"Gesch\u00e4tzte Lesezeit\" \/>\n\t<meta name=\"twitter:data1\" content=\"3\u00a0Minute\" \/>\n<script type=\"application\/ld+json\" class=\"yoast-schema-graph\">{\"@context\":\"https:\\\/\\\/schema.org\",\"@graph\":[{\"@type\":\"WebPage\",\"@id\":\"https:\\\/\\\/www.tetrachim.com\\\/de\\\/wer-wir-sind-unser-team\\\/\",\"url\":\"https:\\\/\\\/www.tetrachim.com\\\/de\\\/wer-wir-sind-unser-team\\\/\",\"name\":\"Wer wir sind: unser Team - Tetrachim\",\"isPartOf\":{\"@id\":\"https:\\\/\\\/www.tetrachim.com\\\/de\\\/#website\"},\"datePublished\":\"2025-07-21T16:54:18+00:00\",\"dateModified\":\"2026-05-07T10:10:17+00:00\",\"breadcrumb\":{\"@id\":\"https:\\\/\\\/www.tetrachim.com\\\/de\\\/wer-wir-sind-unser-team\\\/#breadcrumb\"},\"inLanguage\":\"de\",\"potentialAction\":[{\"@type\":\"ReadAction\",\"target\":[\"https:\\\/\\\/www.tetrachim.com\\\/de\\\/wer-wir-sind-unser-team\\\/\"]}]},{\"@type\":\"BreadcrumbList\",\"@id\":\"https:\\\/\\\/www.tetrachim.com\\\/de\\\/wer-wir-sind-unser-team\\\/#breadcrumb\",\"itemListElement\":[{\"@type\":\"ListItem\",\"position\":1,\"name\":\"\",\"item\":\"https:\\\/\\\/www.tetrachim.com\\\/de\\\/\"},{\"@type\":\"ListItem\",\"position\":2,\"name\":\"Wer wir sind: unser Team\"}]},{\"@type\":\"WebSite\",\"@id\":\"https:\\\/\\\/www.tetrachim.com\\\/de\\\/#website\",\"url\":\"https:\\\/\\\/www.tetrachim.com\\\/de\\\/\",\"name\":\"Tetrachim\",\"description\":\"Rev\u00eatements high-tech\",\"publisher\":{\"@id\":\"https:\\\/\\\/www.tetrachim.com\\\/de\\\/#organization\"},\"potentialAction\":[{\"@type\":\"SearchAction\",\"target\":{\"@type\":\"EntryPoint\",\"urlTemplate\":\"https:\\\/\\\/www.tetrachim.com\\\/de\\\/?s={search_term_string}\"},\"query-input\":{\"@type\":\"PropertyValueSpecification\",\"valueRequired\":true,\"valueName\":\"search_term_string\"}}],\"inLanguage\":\"de\"},{\"@type\":\"Organization\",\"@id\":\"https:\\\/\\\/www.tetrachim.com\\\/de\\\/#organization\",\"name\":\"Tetrachim\",\"url\":\"https:\\\/\\\/www.tetrachim.com\\\/de\\\/\",\"logo\":{\"@type\":\"ImageObject\",\"inLanguage\":\"de\",\"@id\":\"https:\\\/\\\/www.tetrachim.com\\\/de\\\/#\\\/schema\\\/logo\\\/image\\\/\",\"url\":\"https:\\\/\\\/www.tetrachim.com\\\/wp-content\\\/uploads\\\/2020\\\/07\\\/logo-tetrachim.png\",\"contentUrl\":\"https:\\\/\\\/www.tetrachim.com\\\/wp-content\\\/uploads\\\/2020\\\/07\\\/logo-tetrachim.png\",\"width\":244,\"height\":51,\"caption\":\"Tetrachim\"},\"image\":{\"@id\":\"https:\\\/\\\/www.tetrachim.com\\\/de\\\/#\\\/schema\\\/logo\\\/image\\\/\"},\"sameAs\":[\"https:\\\/\\\/x.com\\\/Tetrachim\",\"https:\\\/\\\/www.linkedin.com\\\/company\\\/tetrachim\\\/\"]}]}<\/script>\n<!-- \/ Yoast SEO plugin. -->","yoast_head_json":{"title":"Wer wir sind: unser Team - Tetrachim","robots":{"index":"index","follow":"follow","max-snippet":"max-snippet:-1","max-image-preview":"max-image-preview:large","max-video-preview":"max-video-preview:-1"},"canonical":"https:\/\/www.tetrachim.com\/de\/wer-wir-sind-unser-team\/","og_locale":"de_DE","og_type":"article","og_title":"Wer wir sind: unser Team - Tetrachim","og_description":"[vc_row unlock_row_content=&#8220;yes&#8220; row_height_percent=&#8220;0&#8243; override_padding=&#8220;yes&#8220; h_padding=&#8220;0&#8243; top_padding=&#8220;0&#8243; bottom_padding=&#8220;0&#8243; back_image=&#8220;83397&#8243; overlay_alpha=&#8220;50&#8243; gutter_size=&#8220;3&#8243; column_width_percent=&#8220;100&#8243; shift_y=&#8220;0&#8243; z_index=&#8220;0&#8243; row_height_pixel=&#8220;200px&#8220; el_id=&#8220;bandeau-page&#8220; front_end_with_slider=&#8220;true&#8220;][vc_column column_width_percent=&#8220;100&#8243; position_vertical=&#8220;middle&#8220; gutter_size=&#8220;3&#8243; override_padding=&#8220;yes&#8220; [&hellip;]","og_url":"https:\/\/www.tetrachim.com\/de\/wer-wir-sind-unser-team\/","og_site_name":"Tetrachim","article_modified_time":"2026-05-07T10:10:17+00:00","twitter_card":"summary_large_image","twitter_site":"@Tetrachim","twitter_misc":{"Gesch\u00e4tzte Lesezeit":"3\u00a0Minute"},"schema":{"@context":"https:\/\/schema.org","@graph":[{"@type":"WebPage","@id":"https:\/\/www.tetrachim.com\/de\/wer-wir-sind-unser-team\/","url":"https:\/\/www.tetrachim.com\/de\/wer-wir-sind-unser-team\/","name":"Wer wir sind: unser Team - Tetrachim","isPartOf":{"@id":"https:\/\/www.tetrachim.com\/de\/#website"},"datePublished":"2025-07-21T16:54:18+00:00","dateModified":"2026-05-07T10:10:17+00:00","breadcrumb":{"@id":"https:\/\/www.tetrachim.com\/de\/wer-wir-sind-unser-team\/#breadcrumb"},"inLanguage":"de","potentialAction":[{"@type":"ReadAction","target":["https:\/\/www.tetrachim.com\/de\/wer-wir-sind-unser-team\/"]}]},{"@type":"BreadcrumbList","@id":"https:\/\/www.tetrachim.com\/de\/wer-wir-sind-unser-team\/#breadcrumb","itemListElement":[{"@type":"ListItem","position":1,"name":"","item":"https:\/\/www.tetrachim.com\/de\/"},{"@type":"ListItem","position":2,"name":"Wer wir sind: unser Team"}]},{"@type":"WebSite","@id":"https:\/\/www.tetrachim.com\/de\/#website","url":"https:\/\/www.tetrachim.com\/de\/","name":"Tetrachim","description":"Rev\u00eatements high-tech","publisher":{"@id":"https:\/\/www.tetrachim.com\/de\/#organization"},"potentialAction":[{"@type":"SearchAction","target":{"@type":"EntryPoint","urlTemplate":"https:\/\/www.tetrachim.com\/de\/?s={search_term_string}"},"query-input":{"@type":"PropertyValueSpecification","valueRequired":true,"valueName":"search_term_string"}}],"inLanguage":"de"},{"@type":"Organization","@id":"https:\/\/www.tetrachim.com\/de\/#organization","name":"Tetrachim","url":"https:\/\/www.tetrachim.com\/de\/","logo":{"@type":"ImageObject","inLanguage":"de","@id":"https:\/\/www.tetrachim.com\/de\/#\/schema\/logo\/image\/","url":"https:\/\/www.tetrachim.com\/wp-content\/uploads\/2020\/07\/logo-tetrachim.png","contentUrl":"https:\/\/www.tetrachim.com\/wp-content\/uploads\/2020\/07\/logo-tetrachim.png","width":244,"height":51,"caption":"Tetrachim"},"image":{"@id":"https:\/\/www.tetrachim.com\/de\/#\/schema\/logo\/image\/"},"sameAs":["https:\/\/x.com\/Tetrachim","https:\/\/www.linkedin.com\/company\/tetrachim\/"]}]}},"_links":{"self":[{"href":"https:\/\/www.tetrachim.com\/de\/wp-json\/wp\/v2\/pages\/98667","targetHints":{"allow":["GET"]}}],"collection":[{"href":"https:\/\/www.tetrachim.com\/de\/wp-json\/wp\/v2\/pages"}],"about":[{"href":"https:\/\/www.tetrachim.com\/de\/wp-json\/wp\/v2\/types\/page"}],"author":[{"embeddable":true,"href":"https:\/\/www.tetrachim.com\/de\/wp-json\/wp\/v2\/users\/1"}],"replies":[{"embeddable":true,"href":"https:\/\/www.tetrachim.com\/de\/wp-json\/wp\/v2\/comments?post=98667"}],"version-history":[{"count":11,"href":"https:\/\/www.tetrachim.com\/de\/wp-json\/wp\/v2\/pages\/98667\/revisions"}],"predecessor-version":[{"id":102107,"href":"https:\/\/www.tetrachim.com\/de\/wp-json\/wp\/v2\/pages\/98667\/revisions\/102107"}],"wp:attachment":[{"href":"https:\/\/www.tetrachim.com\/de\/wp-json\/wp\/v2\/media?parent=98667"}],"curies":[{"name":"wp","href":"https:\/\/api.w.org\/{rel}","templated":true}]}}