{"id":98671,"date":"2025-07-21T18:54:19","date_gmt":"2025-07-21T16:54:19","guid":{"rendered":"https:\/\/www.tetrachim.com\/arkema\/"},"modified":"2025-07-21T18:54:35","modified_gmt":"2025-07-21T16:54:35","slug":"arkema","status":"publish","type":"page","link":"https:\/\/www.tetrachim.com\/de\/unsere-partner\/arkema\/","title":{"rendered":"Arkema"},"content":{"rendered":"<div class=\"wpb-content-wrapper\"><p>[vc_row unlock_row_content=&#8220;yes&#8220; row_height_percent=&#8220;0&#8243; override_padding=&#8220;yes&#8220; h_padding=&#8220;0&#8243; top_padding=&#8220;0&#8243; bottom_padding=&#8220;0&#8243; back_image=&#8220;83397&#8243; overlay_alpha=&#8220;50&#8243; gutter_size=&#8220;3&#8243; column_width_percent=&#8220;100&#8243; shift_y=&#8220;0&#8243; z_index=&#8220;0&#8243; row_height_pixel=&#8220;200px&#8220; el_id=&#8220;bandeau-seite&#8220; front_end_with_slider=&#8220;true&#8220;][vc_column column_width_percent=&#8220;100&#8243; position_vertical=&#8220;middle&#8220; gutter_size=&#8220;3&#8243; override_padding=&#8220;yes&#8220; column_padding=&#8220;0&#8243; overlay_alpha=&#8220;50&#8243; shift_x=&#8220;0&#8243; shift_y=&#8220;0&#8243; shift_y_down=&#8220;0&#8243; z_index=&#8220;0&#8243; medium_width=&#8220;0&#8243; mobile_width=&#8220;0&#8243; width=&#8220;1\/1&#8243;][vc_row_inner row_inner_height_percent=&#8220;100&#8243; back_image=&#8220;85629&#8243; back_position=&#8220;left center&#8220; overlay_alpha=&#8220;50&#8243; equal_height=&#8220;yes&#8220; gutter_size=&#8220;3&#8243; shift_y=&#8220;0&#8243; z_index=&#8220;0&#8243; back_size=&#8220;auto 100%&#8220; el_class=&#8220;rangee-reduite-plus&#8220; row_height_pixel=&#8220;200px&#8220;][vc_column_inner column_width_percent=&#8220;66&#8243; position_horizontal=&#8220;left&#8220; position_vertical=&#8220;middle&#8220; gutter_size=&#8220;3&#8243; overlay_alpha=&#8220;50&#8243; shift_x=&#8220;0&#8243; shift_y=&#8220;0&#8243; shift_y_down=&#8220;0&#8243; z_index=&#8220;0&#8243; medium_width=&#8220;0&#8243; mobile_width=&#8220;0&#8243; width=&#8220;1\/1&#8243;][vc_custom_heading heading_semantic=&#8220;div&#8220; text_font=&#8220;font-112492&#8243; text_color=&#8220;color-889485&#8243; css_animation=&#8220;left-t-right&#8220;]Unsere <strong>Partner<\/strong>[\/vc_custom_heading][vc_column_text css_animation=&#8220;left-t-right&#8220; animation_delay=&#8220;200&#8243;]<span><span><a href=\"https:\/\/www.tetrachim.com\/de\/\"><i class=\"menu-icon fa fa-home3\"><\/i><\/a><\/span><\/span>[\/vc_column_text][\/vc_column_inner][\/vc_row_inner][vc_single_image media=&#8220;87121&#8243; media_width_use_pixel=&#8220;yes&#8220; alignment=&#8220;right&#8220; shadow=&#8220;yes&#8220; shadow_weight=&#8220;lg&#8220; css_animation=&#8220;right-t-left&#8220; animation_speed=&#8220;400&#8243; media_width_pixel=&#8220;560&#8243;][\/vc_column][\/vc_row][vc_section back_image=&#8220;85635&#8243; back_repeat=&#8220;no-repeat&#8220; back_position=&#8220;right center&#8220; overlay_alpha=&#8220;50&#8243; el_class=&#8220;section-fleche section-partner&#8220; back_size=&#8220;260px auto&#8220;][vc_row row_height_percent=&#8220;0&#8243; override_padding=&#8220;yes&#8220; h_padding=&#8220;2&#8243; top_padding=&#8220;3&#8243; bottom_padding=&#8220;2&#8243; overlay_alpha=&#8220;50&#8243; equal_height=&#8220;yes&#8220; gutter_size=&#8220;3&#8243; column_width_percent=&#8220;100&#8243; shift_y=&#8220;0&#8243; z_index=&#8220;0&#8243; el_class=&#8220;rangee-reduite-plus intro-partner&#8220;][vc_column column_width_percent=&#8220;100&#8243; position_vertical=&#8220;middle&#8220; align_horizontal=&#8220;align_center&#8220; gutter_size=&#8220;0&#8243; overlay_alpha=&#8220;50&#8243; shift_x=&#8220;0&#8243; shift_y=&#8220;0&#8243; shift_y_down=&#8220;0&#8243; z_index=&#8220;0&#8243; medium_width=&#8220;0&#8243; mobile_width=&#8220;0&#8243; css_animation=&#8220;left-t-right&#8220; width=&#8220;1\/3&#8243;][vc_single_image media=&#8220;86088&#8243; media_width_percent=&#8220;100&#8243; media_ratio=&#8220;one-one&#8220; alignment=&#8220;center&#8220;][vc_column_text]Gr\u00fcne Knospen der Rizinuspflanze<em>(Ricinus communis)<\/em>, aus der Rilsan hergestellt wird[\/vc_column_text][\/vc_column][vc_column column_width_percent=&#8220;100&#8243; position_vertical=&#8220;middle&#8220; gutter_size=&#8220;3&#8243; override_padding=&#8220;yes&#8220; column_padding=&#8220;2&#8243; overlay_alpha=&#8220;50&#8243; shift_x=&#8220;0&#8243; shift_y=&#8220;0&#8243; shift_y_down=&#8220;0&#8243; z_index=&#8220;0&#8243; medium_width=&#8220;0&#8243; mobile_width=&#8220;0&#8243; css_animation=&#8220;zoom-out&#8220; animation_delay=&#8220;200&#8243; width=&#8220;2\/3&#8243;][vc_custom_heading heading_semantic=&#8220;h1&#8243; text_size=&#8220;h3&#8243;]<strong>Arkema<\/strong>[\/vc_custom_heading][vc_row_inner limit_content=&#8220;&#8220;][vc_column_inner column_width_percent=&#8220;100&#8243; gutter_size=&#8220;3&#8243; overlay_alpha=&#8220;50&#8243; shift_x=&#8220;0&#8243; shift_y=&#8220;0&#8243; shift_y_down=&#8220;0&#8243; z_index=&#8220;0&#8243; medium_width=&#8220;4&#8243; mobile_width=&#8220;7&#8243; width=&#8220;1\/1&#8243;][vc_column_text]Das Sortiment von Arkema Technical Polymers bricht in:<\/p>\n<ul>\n<li><strong>Rilsan\u00ae Fine Powders<\/strong>, Hochleistungspolymere auf der Basis von <strong>Polyamid 11<\/strong>, einem <strong>100% biobasierten<\/strong> Polymer, das aus Rizinus\u00f6l gewonnen wird und umweltfreundlich ist. Es ist eine gro\u00dfe Auswahl an Farben erh\u00e4ltlich, und einige Typen sind f\u00fcr den Kontakt mit <strong>Trinkwasser<\/strong> oder <strong>Lebensmitteln<\/strong> geeignet. <\/li>\n<li><strong>Pebax\u00ae Thermoplastische Elastomere, <\/strong>TPE, bieten hochflexible Beschichtungen mit einer un\u00fcbertroffenen Kombination aus geringem Gewicht und Energier\u00fcckgabe.<\/li>\n<li><strong>Kynar\u00ae PVDF Beschichtungen,<\/strong> Fluorpolymere mit lang anhaltender Leistung und hoher Verarbeitungsfreundlichkeit.<\/li>\n<\/ul>\n<p>[\/vc_column_text][\/vc_column_inner][\/vc_row_inner][\/vc_column][\/vc_row][\/vc_section][vc_section back_image=&#8220;85635&#8243; back_repeat=&#8220;no-repeat&#8220; back_position=&#8220;right center&#8220; overlay_alpha=&#8220;50&#8243; el_class=&#8220;section-fleche section-partner&#8220; back_size=&#8220;260px auto&#8220;][vc_row row_height_percent=&#8220;0&#8243; override_padding=&#8220;yes&#8220; h_padding=&#8220;2&#8243; top_padding=&#8220;3&#8243; bottom_padding=&#8220;2&#8243; overlay_alpha=&#8220;50&#8243; equal_height=&#8220;yes&#8220; gutter_size=&#8220;3&#8243; column_width_percent=&#8220;100&#8243; shift_y=&#8220;0&#8243; z_index=&#8220;0&#8243; el_class=&#8220;rangee-reduite-plus intro-partner&#8220;][vc_column column_width_percent=&#8220;100&#8243; position_vertical=&#8220;middle&#8220; gutter_size=&#8220;3&#8243; override_padding=&#8220;yes&#8220; column_padding=&#8220;2&#8243; overlay_alpha=&#8220;50&#8243; shift_x=&#8220;0&#8243; shift_y=&#8220;0&#8243; shift_y_down=&#8220;0&#8243; z_index=&#8220;0&#8243; medium_width=&#8220;0&#8243; mobile_width=&#8220;0&#8243; css_animation=&#8220;zoom-out&#8220; animation_delay=&#8220;200&#8243; width=&#8220;1\/1&#8243;][vc_row_inner limit_content=&#8220;&#8220;][vc_column_inner column_width_percent=&#8220;100&#8243; gutter_size=&#8220;3&#8243; overlay_alpha=&#8220;50&#8243; shift_x=&#8220;0&#8243; shift_y=&#8220;0&#8243; shift_y_down=&#8220;0&#8243; z_index=&#8220;0&#8243; medium_width=&#8220;4&#8243; mobile_width=&#8220;7&#8243; width=&#8220;1\/2&#8243;][vc_custom_heading text_size=&#8220;h6&#8243;]Die technischen Polymere von Arkema k\u00f6nnen mit den folgenden Verfahren verarbeitet werden:[\/vc_custom_heading][uncode_list icon=&#8220;fa fa-chevron-right&#8220; icon_color=&#8220;color-104255&#8243;]<\/p>\n<ul>\n<li>Wirbelschicht-Tauchbad<\/li>\n<li>Elektrostatisches Spr\u00fchen<\/li>\n<\/ul>\n<p>[\/uncode_list][\/vc_column_inner][vc_column_inner column_width_percent=&#8220;100&#8243; gutter_size=&#8220;3&#8243; overlay_alpha=&#8220;50&#8243; shift_x=&#8220;0&#8243; shift_y=&#8220;0&#8243; shift_y_down=&#8220;0&#8243; z_index=&#8220;0&#8243; medium_width=&#8220;4&#8243; mobile_width=&#8220;7&#8243; width=&#8220;1\/2&#8243;][vc_custom_heading text_size=&#8220;h6&#8243;]Die technischen Polymere von Arkema haben folgende Eigenschaften:[\/vc_custom_heading][uncode_list icon=&#8220;fa fa-chevron-right&#8220; icon_color=&#8220;color-104255&#8243;]<\/p>\n<ul>\n<li>Chemikalien- und Korrosionsbest\u00e4ndigkeit<\/li>\n<li>Abriebfestigkeit<\/li>\n<li>Z\u00e4higkeit<\/li>\n<li>Flexibilit\u00e4t<\/li>\n<li>Sto\u00dffestigkeit<\/li>\n<li>Witterungsbest\u00e4ndigkeit<\/li>\n<li>Leichtigkeit der Verarbeitung<\/li>\n<\/ul>\n<p>[\/uncode_list][\/vc_column_inner][\/vc_row_inner][\/vc_column][\/vc_row][vc_row row_height_percent=&#8220;0&#8243; override_padding=&#8220;yes&#8220; h_padding=&#8220;2&#8243; top_padding=&#8220;2&#8243; bottom_padding=&#8220;2&#8243; overlay_alpha=&#8220;50&#8243; gutter_size=&#8220;3&#8243; column_width_percent=&#8220;100&#8243; shift_y=&#8220;0&#8243; z_index=&#8220;0&#8243; el_class=&#8220;rangee-reduite-plus&#8220;][vc_column column_width_percent=&#8220;100&#8243; align_horizontal=&#8220;align_center&#8220; gutter_size=&#8220;3&#8243; overlay_alpha=&#8220;50&#8243; shift_x=&#8220;0&#8243; shift_y=&#8220;0&#8243; shift_y_down=&#8220;0&#8243; z_index=&#8220;0&#8243; medium_width=&#8220;0&#8243; mobile_width=&#8220;0&#8243; css_animation=&#8220;right-t-left&#8220; animation_delay=&#8220;600&#8243; width=&#8220;1\/1&#8243;][vc_row_inner row_inner_height_percent=&#8220;0&#8243; overlay_alpha=&#8220;50&#8243; equal_height=&#8220;yes&#8220; gutter_size=&#8220;3&#8243; shift_y=&#8220;0&#8243; z_index=&#8220;0&#8243; el_class=&#8220;ancres-box&#8220; limit_content=&#8220;&#8220;][vc_column_inner column_width_percent=&#8220;100&#8243; position_horizontal=&#8220;left&#8220; gutter_size=&#8220;3&#8243; style=&#8220;dark&#8220; back_image=&#8220;86516&#8243; overlay_color=&#8220;color-889485&#8243; overlay_alpha=&#8220;75&#8243; shift_x=&#8220;0&#8243; shift_y=&#8220;0&#8243; shift_y_down=&#8220;0&#8243; z_index=&#8220;0&#8243; medium_width=&#8220;0&#8243; mobile_width=&#8220;0&#8243; width=&#8220;1\/2&#8243;][vc_icon position=&#8220;left&#8220; icon_image=&#8220;83768&#8243; media_size=&#8220;80&#8243; heading_semantic=&#8220;h2&#8243; text_size=&#8220;fontsize-155944&#8243; text_weight=&#8220;700&#8243; linked_title=&#8220;yes&#8220; link=&#8220;|||&#8220;]Sie brauchen L\u00f6sungen von Arkema?<br \/>\nBesuchen Sie unseren e-shop![\/vc_icon][\/vc_column_inner][vc_column_inner column_width_percent=&#8220;100&#8243; gutter_size=&#8220;3&#8243; back_image=&#8220;86516&#8243; overlay_color=&#8220;color-xsdn&#8220; overlay_alpha=&#8220;90&#8243; shift_x=&#8220;0&#8243; shift_y=&#8220;0&#8243; shift_y_down=&#8220;0&#8243; z_index=&#8220;0&#8243; medium_width=&#8220;0&#8243; mobile_width=&#8220;0&#8243; width=&#8220;1\/2&#8243;][vc_icon position=&#8220;left&#8220; icon_image=&#8220;85161&#8243; icon_color=&#8220;color-xsdn&#8220; media_size=&#8220;80&#8243; heading_semantic=&#8220;h2&#8243; text_size=&#8220;fontsize-155944&#8243; text_weight=&#8220;700&#8243; linked_title=&#8220;yes&#8220; link=&#8220;|||&#8220;]M\u00f6chten Sie pr\u00fcfen, ob <strong>Rilsan\u00ae<\/strong>, <strong>Pebax\u00ae<\/strong> oder <strong>Kynar\u00ae <\/strong>f\u00fcr Sie eine gute Wahl sein kann? Nehmen Sie Kontakt mit uns auf![\/vc_icon][\/vc_column_inner][\/vc_row_inner][\/vc_column][\/vc_row][vc_row unlock_row_content=&#8220;yes&#8220; row_height_percent=&#8220;0&#8243; override_padding=&#8220;yes&#8220; h_padding=&#8220;2&#8243; top_padding=&#8220;2&#8243; bottom_padding=&#8220;4&#8243; overlay_alpha=&#8220;50&#8243; gutter_size=&#8220;3&#8243; column_width_percent=&#8220;100&#8243; shift_y=&#8220;0&#8243; z_index=&#8220;0&#8243; el_class=&#8220;rangee-reduite-plus galerie-masonry&#8220;][vc_column column_width_percent=&#8220;100&#8243; align_horizontal=&#8220;align_center&#8220; gutter_size=&#8220;3&#8243; overlay_alpha=&#8220;50&#8243; shift_x=&#8220;0&#8243; shift_y=&#8220;0&#8243; shift_y_down=&#8220;0&#8243; z_index=&#8220;0&#8243; medium_width=&#8220;0&#8243; mobile_width=&#8220;0&#8243; width=&#8220;1\/1&#8243;][vc_custom_heading text_size=&#8220;h3&#8243; css_animation=&#8220;zoom-out&#8220;]<strong>Anwendungsbeispiele<\/strong>[\/vc_custom_heading][vc_gallery el_id=&#8220;gallery-43823&#8243; medias=&#8220;86186,86933,86181,86128,86939,87027,86962,85977,87012,86957&#8243; gutter_size=&#8220;2&#8243; media_items=&#8220;media|nolink|original&#8220; screen_lg=&#8220;1000&#8243; screen_md=&#8220;600&#8243; screen_sm=&#8220;480&#8243; single_overlay_opacity=&#8220;50&#8243; single_overlay_anim=&#8220;no&#8220; single_h_align=&#8220;center&#8220; single_padding=&#8220;2&#8243; single_icon=&#8220;fa fa-plus2&#8243; single_border=&#8220;yes&#8220; single_css_animation=&#8220;bottom-t-top&#8220; single_animation_delay=&#8220;100&#8243; lbox_title=&#8220;yes&#8220; lbox_caption=&#8220;yes&#8220; lbox_social=&#8220;yes&#8220; lbox_deep=&#8220;yes&#8220; lbox_no_tmb=&#8220;yes&#8220; no_double_tap=&#8220;yes&#8220; items=&#8220;e30=&#8220;][\/vc_column][\/vc_row][\/vc_section][vc_row unlock_row_content=&#8220;yes&#8220; row_height_percent=&#8220;0&#8243; back_image=&#8220;87012&#8243; back_position=&#8220;center bottom&#8220; overlay_color=&#8220;color-156355&#8243; overlay_alpha=&#8220;78&#8243; gutter_size=&#8220;3&#8243; column_width_percent=&#8220;100&#8243; shift_y=&#8220;0&#8243; z_index=&#8220;0&#8243; el_class=&#8220;cta&#8220;][vc_column column_width_use_pixel=&#8220;yes&#8220; position_horizontal=&#8220;left&#8220; position_vertical=&#8220;middle&#8220; gutter_size=&#8220;3&#8243; style=&#8220;dark&#8220; overlay_alpha=&#8220;50&#8243; shift_x=&#8220;0&#8243; shift_y=&#8220;0&#8243; shift_y_down=&#8220;0&#8243; z_index=&#8220;0&#8243; align_medium=&#8220;align_center_tablet&#8220; medium_width=&#8220;0&#8243; align_mobile=&#8220;align_center_mobile&#8220; mobile_width=&#8220;0&#8243; width=&#8220;2\/3&#8243; column_width_pixel=&#8220;900&#8243;][vc_custom_heading text_size=&#8220;h6&#8243; sub_lead=&#8220;yes&#8220; sub_reduced=&#8220;yes&#8220; css_animation=&#8220;zoom-in&#8220;]M\u00f6chten Sie weitere Informationen \u00fcber Arkema-Produkte?[\/vc_custom_heading][vc_column_text text_lead=&#8220;yes&#8220; css_animation=&#8220;zoom-in&#8220; animation_speed=&#8220;600&#8243;]Hilfreiche Produktleitf\u00e4den, Tutorials oder White Papers helfen Ihnen bei der Auswahl des richtigen Produkts. Wenn Sie die gesuchte Antwort nicht finden k\u00f6nnen, rufen Sie uns an unter <a href=\"tel:+33161440290\">+33 (0)1 61 44 02 90<\/a> oder senden Sie eine E-Mail an <a href=\"mailto:info@tetrachim.com\">info@tetrachim.com.<\/a>[\/vc_column_text][\/vc_column][vc_column column_width_percent=&#8220;100&#8243; position_vertical=&#8220;middle&#8220; gutter_size=&#8220;3&#8243; style=&#8220;dark&#8220; overlay_alpha=&#8220;50&#8243; shift_x=&#8220;0&#8243; shift_y=&#8220;0&#8243; shift_y_down=&#8220;0&#8243; z_index=&#8220;0&#8243; align_medium=&#8220;align_center_tablet&#8220; medium_width=&#8220;0&#8243; align_mobile=&#8220;align_center_mobile&#8220; mobile_width=&#8220;0&#8243; width=&#8220;1\/3&#8243;][vc_button button_color=&#8220;color-xsdn&#8220; border_width=&#8220;0&#8243; el_class=&#8220;btn-outline btn-blanc&#8220;]Besuchen Sie unser Knowledge Center[\/vc_button][\/vc_column][\/vc_row]<\/p>\n<\/div>","protected":false},"excerpt":{"rendered":"<p>[vc_row unlock_row_content=&#8220;yes&#8220; row_height_percent=&#8220;0&#8243; override_padding=&#8220;yes&#8220; h_padding=&#8220;0&#8243; top_padding=&#8220;0&#8243; bottom_padding=&#8220;0&#8243; back_image=&#8220;83397&#8243; overlay_alpha=&#8220;50&#8243; gutter_size=&#8220;3&#8243; column_width_percent=&#8220;100&#8243; shift_y=&#8220;0&#8243; z_index=&#8220;0&#8243; row_height_pixel=&#8220;200px&#8220; el_id=&#8220;bandeau-seite&#8220; front_end_with_slider=&#8220;true&#8220;][vc_column column_width_percent=&#8220;100&#8243; position_vertical=&#8220;middle&#8220; gutter_size=&#8220;3&#8243; override_padding=&#8220;yes&#8220; [&hellip;]<\/p>\n","protected":false},"author":1,"featured_media":0,"parent":98692,"menu_order":0,"comment_status":"closed","ping_status":"closed","template":"","meta":{"footnotes":""},"class_list":["post-98671","page","type-page","status-publish","hentry"],"yoast_head":"<!-- This site is optimized with the Yoast SEO plugin v27.5 - https:\/\/yoast.com\/product\/yoast-seo-wordpress\/ -->\n<title>Arkema - Tetrachim<\/title>\n<meta name=\"robots\" content=\"index, follow, max-snippet:-1, max-image-preview:large, max-video-preview:-1\" \/>\n<link rel=\"canonical\" href=\"https:\/\/www.tetrachim.com\/de\/unsere-partner\/arkema\/\" \/>\n<meta property=\"og:locale\" content=\"de_DE\" \/>\n<meta property=\"og:type\" content=\"article\" \/>\n<meta property=\"og:title\" content=\"Arkema - Tetrachim\" \/>\n<meta property=\"og:description\" content=\"[vc_row unlock_row_content=&#8220;yes&#8220; row_height_percent=&#8220;0&#8243; override_padding=&#8220;yes&#8220; h_padding=&#8220;0&#8243; top_padding=&#8220;0&#8243; bottom_padding=&#8220;0&#8243; back_image=&#8220;83397&#8243; overlay_alpha=&#8220;50&#8243; gutter_size=&#8220;3&#8243; column_width_percent=&#8220;100&#8243; shift_y=&#8220;0&#8243; z_index=&#8220;0&#8243; row_height_pixel=&#8220;200px&#8220; el_id=&#8220;bandeau-seite&#8220; front_end_with_slider=&#8220;true&#8220;][vc_column column_width_percent=&#8220;100&#8243; position_vertical=&#8220;middle&#8220; gutter_size=&#8220;3&#8243; override_padding=&#8220;yes&#8220; [&hellip;]\" \/>\n<meta property=\"og:url\" content=\"https:\/\/www.tetrachim.com\/de\/unsere-partner\/arkema\/\" \/>\n<meta property=\"og:site_name\" content=\"Tetrachim\" \/>\n<meta property=\"article:modified_time\" content=\"2025-07-21T16:54:35+00:00\" \/>\n<meta name=\"twitter:card\" content=\"summary_large_image\" \/>\n<meta name=\"twitter:site\" content=\"@Tetrachim\" \/>\n<meta name=\"twitter:label1\" content=\"Gesch\u00e4tzte Lesezeit\" \/>\n\t<meta name=\"twitter:data1\" content=\"7\u00a0Minute\" \/>\n<script type=\"application\/ld+json\" class=\"yoast-schema-graph\">{\"@context\":\"https:\\\/\\\/schema.org\",\"@graph\":[{\"@type\":\"WebPage\",\"@id\":\"https:\\\/\\\/www.tetrachim.com\\\/de\\\/unsere-partner\\\/arkema\\\/\",\"url\":\"https:\\\/\\\/www.tetrachim.com\\\/de\\\/unsere-partner\\\/arkema\\\/\",\"name\":\"Arkema - Tetrachim\",\"isPartOf\":{\"@id\":\"https:\\\/\\\/www.tetrachim.com\\\/de\\\/#website\"},\"datePublished\":\"2025-07-21T16:54:19+00:00\",\"dateModified\":\"2025-07-21T16:54:35+00:00\",\"breadcrumb\":{\"@id\":\"https:\\\/\\\/www.tetrachim.com\\\/de\\\/unsere-partner\\\/arkema\\\/#breadcrumb\"},\"inLanguage\":\"de\",\"potentialAction\":[{\"@type\":\"ReadAction\",\"target\":[\"https:\\\/\\\/www.tetrachim.com\\\/de\\\/unsere-partner\\\/arkema\\\/\"]}]},{\"@type\":\"BreadcrumbList\",\"@id\":\"https:\\\/\\\/www.tetrachim.com\\\/de\\\/unsere-partner\\\/arkema\\\/#breadcrumb\",\"itemListElement\":[{\"@type\":\"ListItem\",\"position\":1,\"name\":\"\",\"item\":\"https:\\\/\\\/www.tetrachim.com\\\/de\\\/\"},{\"@type\":\"ListItem\",\"position\":2,\"name\":\"Unsere Partner\",\"item\":\"https:\\\/\\\/www.tetrachim.com\\\/de\\\/unsere-partner\\\/\"},{\"@type\":\"ListItem\",\"position\":3,\"name\":\"Arkema\"}]},{\"@type\":\"WebSite\",\"@id\":\"https:\\\/\\\/www.tetrachim.com\\\/de\\\/#website\",\"url\":\"https:\\\/\\\/www.tetrachim.com\\\/de\\\/\",\"name\":\"Tetrachim\",\"description\":\"Rev\u00eatements high-tech\",\"publisher\":{\"@id\":\"https:\\\/\\\/www.tetrachim.com\\\/de\\\/#organization\"},\"potentialAction\":[{\"@type\":\"SearchAction\",\"target\":{\"@type\":\"EntryPoint\",\"urlTemplate\":\"https:\\\/\\\/www.tetrachim.com\\\/de\\\/?s={search_term_string}\"},\"query-input\":{\"@type\":\"PropertyValueSpecification\",\"valueRequired\":true,\"valueName\":\"search_term_string\"}}],\"inLanguage\":\"de\"},{\"@type\":\"Organization\",\"@id\":\"https:\\\/\\\/www.tetrachim.com\\\/de\\\/#organization\",\"name\":\"Tetrachim\",\"url\":\"https:\\\/\\\/www.tetrachim.com\\\/de\\\/\",\"logo\":{\"@type\":\"ImageObject\",\"inLanguage\":\"de\",\"@id\":\"https:\\\/\\\/www.tetrachim.com\\\/de\\\/#\\\/schema\\\/logo\\\/image\\\/\",\"url\":\"https:\\\/\\\/www.tetrachim.com\\\/wp-content\\\/uploads\\\/2020\\\/07\\\/logo-tetrachim.png\",\"contentUrl\":\"https:\\\/\\\/www.tetrachim.com\\\/wp-content\\\/uploads\\\/2020\\\/07\\\/logo-tetrachim.png\",\"width\":244,\"height\":51,\"caption\":\"Tetrachim\"},\"image\":{\"@id\":\"https:\\\/\\\/www.tetrachim.com\\\/de\\\/#\\\/schema\\\/logo\\\/image\\\/\"},\"sameAs\":[\"https:\\\/\\\/x.com\\\/Tetrachim\",\"https:\\\/\\\/www.linkedin.com\\\/company\\\/tetrachim\\\/\"]}]}<\/script>\n<!-- \/ Yoast SEO plugin. -->","yoast_head_json":{"title":"Arkema - Tetrachim","robots":{"index":"index","follow":"follow","max-snippet":"max-snippet:-1","max-image-preview":"max-image-preview:large","max-video-preview":"max-video-preview:-1"},"canonical":"https:\/\/www.tetrachim.com\/de\/unsere-partner\/arkema\/","og_locale":"de_DE","og_type":"article","og_title":"Arkema - Tetrachim","og_description":"[vc_row unlock_row_content=&#8220;yes&#8220; row_height_percent=&#8220;0&#8243; override_padding=&#8220;yes&#8220; h_padding=&#8220;0&#8243; top_padding=&#8220;0&#8243; bottom_padding=&#8220;0&#8243; back_image=&#8220;83397&#8243; overlay_alpha=&#8220;50&#8243; gutter_size=&#8220;3&#8243; column_width_percent=&#8220;100&#8243; shift_y=&#8220;0&#8243; z_index=&#8220;0&#8243; row_height_pixel=&#8220;200px&#8220; el_id=&#8220;bandeau-seite&#8220; front_end_with_slider=&#8220;true&#8220;][vc_column column_width_percent=&#8220;100&#8243; position_vertical=&#8220;middle&#8220; gutter_size=&#8220;3&#8243; override_padding=&#8220;yes&#8220; [&hellip;]","og_url":"https:\/\/www.tetrachim.com\/de\/unsere-partner\/arkema\/","og_site_name":"Tetrachim","article_modified_time":"2025-07-21T16:54:35+00:00","twitter_card":"summary_large_image","twitter_site":"@Tetrachim","twitter_misc":{"Gesch\u00e4tzte Lesezeit":"7\u00a0Minute"},"schema":{"@context":"https:\/\/schema.org","@graph":[{"@type":"WebPage","@id":"https:\/\/www.tetrachim.com\/de\/unsere-partner\/arkema\/","url":"https:\/\/www.tetrachim.com\/de\/unsere-partner\/arkema\/","name":"Arkema - Tetrachim","isPartOf":{"@id":"https:\/\/www.tetrachim.com\/de\/#website"},"datePublished":"2025-07-21T16:54:19+00:00","dateModified":"2025-07-21T16:54:35+00:00","breadcrumb":{"@id":"https:\/\/www.tetrachim.com\/de\/unsere-partner\/arkema\/#breadcrumb"},"inLanguage":"de","potentialAction":[{"@type":"ReadAction","target":["https:\/\/www.tetrachim.com\/de\/unsere-partner\/arkema\/"]}]},{"@type":"BreadcrumbList","@id":"https:\/\/www.tetrachim.com\/de\/unsere-partner\/arkema\/#breadcrumb","itemListElement":[{"@type":"ListItem","position":1,"name":"","item":"https:\/\/www.tetrachim.com\/de\/"},{"@type":"ListItem","position":2,"name":"Unsere Partner","item":"https:\/\/www.tetrachim.com\/de\/unsere-partner\/"},{"@type":"ListItem","position":3,"name":"Arkema"}]},{"@type":"WebSite","@id":"https:\/\/www.tetrachim.com\/de\/#website","url":"https:\/\/www.tetrachim.com\/de\/","name":"Tetrachim","description":"Rev\u00eatements high-tech","publisher":{"@id":"https:\/\/www.tetrachim.com\/de\/#organization"},"potentialAction":[{"@type":"SearchAction","target":{"@type":"EntryPoint","urlTemplate":"https:\/\/www.tetrachim.com\/de\/?s={search_term_string}"},"query-input":{"@type":"PropertyValueSpecification","valueRequired":true,"valueName":"search_term_string"}}],"inLanguage":"de"},{"@type":"Organization","@id":"https:\/\/www.tetrachim.com\/de\/#organization","name":"Tetrachim","url":"https:\/\/www.tetrachim.com\/de\/","logo":{"@type":"ImageObject","inLanguage":"de","@id":"https:\/\/www.tetrachim.com\/de\/#\/schema\/logo\/image\/","url":"https:\/\/www.tetrachim.com\/wp-content\/uploads\/2020\/07\/logo-tetrachim.png","contentUrl":"https:\/\/www.tetrachim.com\/wp-content\/uploads\/2020\/07\/logo-tetrachim.png","width":244,"height":51,"caption":"Tetrachim"},"image":{"@id":"https:\/\/www.tetrachim.com\/de\/#\/schema\/logo\/image\/"},"sameAs":["https:\/\/x.com\/Tetrachim","https:\/\/www.linkedin.com\/company\/tetrachim\/"]}]}},"_links":{"self":[{"href":"https:\/\/www.tetrachim.com\/de\/wp-json\/wp\/v2\/pages\/98671","targetHints":{"allow":["GET"]}}],"collection":[{"href":"https:\/\/www.tetrachim.com\/de\/wp-json\/wp\/v2\/pages"}],"about":[{"href":"https:\/\/www.tetrachim.com\/de\/wp-json\/wp\/v2\/types\/page"}],"author":[{"embeddable":true,"href":"https:\/\/www.tetrachim.com\/de\/wp-json\/wp\/v2\/users\/1"}],"replies":[{"embeddable":true,"href":"https:\/\/www.tetrachim.com\/de\/wp-json\/wp\/v2\/comments?post=98671"}],"version-history":[{"count":2,"href":"https:\/\/www.tetrachim.com\/de\/wp-json\/wp\/v2\/pages\/98671\/revisions"}],"predecessor-version":[{"id":98695,"href":"https:\/\/www.tetrachim.com\/de\/wp-json\/wp\/v2\/pages\/98671\/revisions\/98695"}],"up":[{"embeddable":true,"href":"https:\/\/www.tetrachim.com\/de\/wp-json\/wp\/v2\/pages\/98692"}],"wp:attachment":[{"href":"https:\/\/www.tetrachim.com\/de\/wp-json\/wp\/v2\/media?parent=98671"}],"curies":[{"name":"wp","href":"https:\/\/api.w.org\/{rel}","templated":true}]}}