{"id":98680,"date":"2025-07-21T18:54:22","date_gmt":"2025-07-21T16:54:22","guid":{"rendered":"https:\/\/www.tetrachim.com\/wer-wir-sind-qualitaet-zertifizierungen\/"},"modified":"2025-08-01T11:51:23","modified_gmt":"2025-08-01T09:51:23","slug":"wer-wir-sind-qualitaet-zertifizierungen","status":"publish","type":"page","link":"https:\/\/www.tetrachim.com\/de\/wer-wir-sind-qualitaet-zertifizierungen\/","title":{"rendered":"Wer wir sind : Qualit\u00e4t &amp; Zertifizierungen"},"content":{"rendered":"<div class=\"wpb-content-wrapper\"><p>[vc_row unlock_row_content=&#8220;yes&#8220; row_height_percent=&#8220;0&#8243; override_padding=&#8220;yes&#8220; h_padding=&#8220;0&#8243; top_padding=&#8220;0&#8243; bottom_padding=&#8220;0&#8243; back_image=&#8220;83397&#8243; overlay_alpha=&#8220;50&#8243; gutter_size=&#8220;3&#8243; column_width_percent=&#8220;100&#8243; shift_y=&#8220;0&#8243; z_index=&#8220;0&#8243; row_height_pixel=&#8220;200px&#8220; el_id=&#8220;bandeau-page&#8220; front_end_with_slider=&#8220;true&#8220;][vc_column column_width_percent=&#8220;100&#8243; position_vertical=&#8220;middle&#8220; gutter_size=&#8220;3&#8243; override_padding=&#8220;yes&#8220; column_padding=&#8220;0&#8243; overlay_alpha=&#8220;50&#8243; shift_x=&#8220;0&#8243; shift_y=&#8220;0&#8243; shift_y_down=&#8220;0&#8243; z_index=&#8220;0&#8243; medium_width=&#8220;0&#8243; mobile_width=&#8220;0&#8243; width=&#8220;1\/1&#8243;][vc_row_inner row_inner_height_percent=&#8220;100&#8243; back_image=&#8220;85629&#8243; back_position=&#8220;left center&#8220; overlay_alpha=&#8220;50&#8243; equal_height=&#8220;yes&#8220; gutter_size=&#8220;3&#8243; shift_y=&#8220;0&#8243; z_index=&#8220;0&#8243; back_size=&#8220;auto 100%&#8220; el_class=&#8220;rangee-reduite-plus&#8220; row_height_pixel=&#8220;200px&#8220; limit_content=&#8220;&#8220;][vc_column_inner column_width_percent=&#8220;66&#8243; position_horizontal=&#8220;left&#8220; position_vertical=&#8220;middle&#8220; gutter_size=&#8220;3&#8243; overlay_alpha=&#8220;50&#8243; shift_x=&#8220;0&#8243; shift_y=&#8220;0&#8243; shift_y_down=&#8220;0&#8243; z_index=&#8220;0&#8243; medium_width=&#8220;0&#8243; mobile_width=&#8220;0&#8243; width=&#8220;1\/1&#8243;][vc_custom_heading text_color=&#8220;color-889485&#8243; heading_semantic=&#8220;h1&#8243; text_font=&#8220;font-112492&#8243; css_animation=&#8220;left-t-right&#8220;]Qualit\u00e4t und<strong> Zertifizierungen<\/strong>[\/vc_custom_heading][vc_column_text css_animation=&#8220;left-t-right&#8220; animation_delay=&#8220;200&#8243;]<span><span><a href=\"https:\/\/www.tetrachim.com\/de\/\"><i class=\"menu-icon fa fa-home3\"><\/i><\/a><\/span><\/span>[\/vc_column_text][\/vc_column_inner][\/vc_row_inner][vc_single_image media=&#8220;87082&#8243; media_width_use_pixel=&#8220;yes&#8220; alignment=&#8220;right&#8220; shadow=&#8220;yes&#8220; shadow_weight=&#8220;lg&#8220; css_animation=&#8220;right-t-left&#8220; animation_speed=&#8220;400&#8243; media_width_pixel=&#8220;560&#8243;][\/vc_column][\/vc_row][vc_section overlay_alpha=&#8220;50&#8243; el_class=&#8220;section-fleche&#8220;][vc_row row_height_percent=&#8220;0&#8243; override_padding=&#8220;yes&#8220; h_padding=&#8220;2&#8243; top_padding=&#8220;3&#8243; bottom_padding=&#8220;2&#8243; overlay_alpha=&#8220;50&#8243; gutter_size=&#8220;3&#8243; column_width_percent=&#8220;100&#8243; shift_y=&#8220;0&#8243; z_index=&#8220;0&#8243; el_class=&#8220;rangee-reduite-plus&#8220;][vc_column column_width_percent=&#8220;100&#8243; position_vertical=&#8220;middle&#8220; align_horizontal=&#8220;align_center&#8220; gutter_size=&#8220;3&#8243; overlay_alpha=&#8220;50&#8243; shift_x=&#8220;0&#8243; shift_y=&#8220;0&#8243; shift_y_down=&#8220;0&#8243; z_index=&#8220;0&#8243; medium_width=&#8220;2&#8243; align_mobile=&#8220;align_center_mobile&#8220; mobile_width=&#8220;7&#8243; css_animation=&#8220;left-t-right&#8220; width=&#8220;1\/4&#8243;][vc_single_image media=&#8220;94241&#8243; media_width_use_pixel=&#8220;yes&#8220; alignment=&#8220;center&#8220; shape=&#8220;img-round&#8220; radius=&#8220;std&#8220; media_width_pixel=&#8220;204&#8243; uncode_shortcode_id=&#8220;274785&#8243;][\/vc_column][vc_column column_width_percent=&#8220;100&#8243; position_vertical=&#8220;middle&#8220; gutter_size=&#8220;3&#8243; overlay_alpha=&#8220;50&#8243; shift_x=&#8220;0&#8243; shift_y=&#8220;0&#8243; shift_y_down=&#8220;0&#8243; z_index=&#8220;0&#8243; medium_width=&#8220;6&#8243; align_mobile=&#8220;align_center_mobile&#8220; mobile_width=&#8220;7&#8243; css_animation=&#8220;zoom-out&#8220; animation_delay=&#8220;200&#8243; width=&#8220;3\/4&#8243;][vc_custom_heading text_size=&#8220;h5&#8243; uncode_shortcode_id=&#8220;757701&#8243;]Eine internationale Zertifizierung zur Gew\u00e4hrleistung der Qualit\u00e4t unserer Dienstleistungen[\/vc_custom_heading][vc_column_text uncode_shortcode_id=&#8220;432176&#8243;]ISO 9001:2015 ist die internationale Norm f\u00fcr Qualit\u00e4tsmanagementsysteme (QMS), die von der ISO herausgegeben wird.<\/p>\n<p>Sie basiert auf Prinzipien wie starke Kundenorientierung, Prozessansatz und kontinuierliche Verbesserung.<\/p>\n<p>Tetrachim ist entschlossen, die Anforderungen unserer Kunden zu erf\u00fcllen und ist nach der Norm ISO 9001:2015 zertifiziert.<\/p>\n<p>Unsere Zertifizierung garantiert Ihnen die Lieferung von Qualit\u00e4tsprodukten und ein hohes Serviceniveau.[\/vc_column_text][\/vc_column][\/vc_row][vc_row row_height_percent=&#8220;0&#8243; override_padding=&#8220;yes&#8220; h_padding=&#8220;2&#8243; top_padding=&#8220;2&#8243; bottom_padding=&#8220;3&#8243; overlay_alpha=&#8220;50&#8243; gutter_size=&#8220;3&#8243; column_width_percent=&#8220;100&#8243; shift_y=&#8220;0&#8243; z_index=&#8220;0&#8243; el_class=&#8220;rangee-reduite&#8220;][vc_column column_width_percent=&#8220;100&#8243; align_horizontal=&#8220;align_center&#8220; gutter_size=&#8220;3&#8243; overlay_alpha=&#8220;50&#8243; shift_x=&#8220;0&#8243; shift_y=&#8220;0&#8243; shift_y_down=&#8220;0&#8243; z_index=&#8220;0&#8243; medium_width=&#8220;0&#8243; mobile_width=&#8220;0&#8243; css_animation=&#8220;right-t-left&#8220; animation_delay=&#8220;600&#8243; width=&#8220;1\/1&#8243;][vc_row_inner row_inner_height_percent=&#8220;0&#8243; overlay_alpha=&#8220;50&#8243; equal_height=&#8220;yes&#8220; gutter_size=&#8220;3&#8243; shift_y=&#8220;0&#8243; z_index=&#8220;0&#8243; el_class=&#8220;ancres-box style2&#8243; limit_content=&#8220;&#8220;][vc_column_inner column_width_percent=&#8220;100&#8243; position_horizontal=&#8220;left&#8220; gutter_size=&#8220;3&#8243; style=&#8220;dark&#8220; back_image=&#8220;86238&#8243; overlay_color=&#8220;color-889485&#8243; overlay_alpha=&#8220;75&#8243; shift_x=&#8220;0&#8243; shift_y=&#8220;0&#8243; shift_y_down=&#8220;0&#8243; z_index=&#8220;0&#8243; medium_width=&#8220;0&#8243; mobile_width=&#8220;0&#8243; width=&#8220;1\/2&#8243;][vc_icon position=&#8220;left&#8220; icon_image=&#8220;85156&#8243; media_size=&#8220;80&#8243; heading_semantic=&#8220;h2&#8243; text_size=&#8220;fontsize-155944&#8243; text_weight=&#8220;700&#8243; linked_title=&#8220;yes&#8220; link=&#8220;|||&#8220; title=&#8220;Bearbeitung von Beschwerden&#8220;]Alle Beschwerden im Zusammenhang mit HSEQ-Themen werden im Rahmen des festgelegten Verfahrens zur Behandlung von Beschwerden und Vorf\u00e4llen bearbeitet. Alle gemeldeten Bedenken, Beschwerden und Vorf\u00e4lle werden registriert, untersucht und abgeschlossen. Auf der Grundlage einer Analyse aller eingereichten Beschwerden entwickeln wir spezifische Ma\u00dfnahmen zur Verbesserung unserer Leistung.[\/vc_icon][\/vc_column_inner][vc_column_inner column_width_percent=&#8220;100&#8243; gutter_size=&#8220;3&#8243; back_image=&#8220;86238&#8243; overlay_color=&#8220;color-xsdn&#8220; overlay_alpha=&#8220;90&#8243; shift_x=&#8220;0&#8243; shift_y=&#8220;0&#8243; shift_y_down=&#8220;0&#8243; z_index=&#8220;0&#8243; medium_width=&#8220;0&#8243; mobile_width=&#8220;0&#8243; width=&#8220;1\/2&#8243;][vc_icon position=&#8220;left&#8220; icon_image=&#8220;85161&#8243; icon_color=&#8220;color-xsdn&#8220; media_size=&#8220;80&#8243; heading_semantic=&#8220;h2&#8243; text_size=&#8220;fontsize-155944&#8243; text_weight=&#8220;700&#8243; linked_title=&#8220;yes&#8220; link=&#8220;|||&#8220; title=&#8220;\u00dcberwachung von \u00c4nderungen&#8220;]Bei \u00c4nderungen von Vorschriften, Qualit\u00e4ts- und Nachhaltigkeitsaspekten oder der Einf\u00fchrung neuer Prozesse, Vorschriften oder Gesetze, die f\u00fcr das Gesch\u00e4ft mit Spezialbeschichtungen und Druckfarben relevant sind, stellen wir sicher, dass unsere Kunden und Verarbeiter \u00fcber die neuesten Erkenntnisse verf\u00fcgen.[\/vc_icon][\/vc_column_inner][\/vc_row_inner][\/vc_column][\/vc_row][\/vc_section][vc_row unlock_row_content=&#8220;yes&#8220; row_height_percent=&#8220;0&#8243; back_image=&#8220;83602&#8243; back_position=&#8220;center bottom&#8220; overlay_color=&#8220;color-156355&#8243; overlay_alpha=&#8220;78&#8243; gutter_size=&#8220;3&#8243; column_width_percent=&#8220;100&#8243; shift_y=&#8220;0&#8243; z_index=&#8220;0&#8243; el_class=&#8220;cta cta-btns&#8220;][vc_column column_width_percent=&#8220;100&#8243; position_horizontal=&#8220;left&#8220; position_vertical=&#8220;middle&#8220; gutter_size=&#8220;3&#8243; style=&#8220;dark&#8220; overlay_alpha=&#8220;50&#8243; shift_x=&#8220;0&#8243; shift_y=&#8220;0&#8243; shift_y_down=&#8220;0&#8243; z_index=&#8220;0&#8243; medium_width=&#8220;0&#8243; mobile_width=&#8220;0&#8243; width=&#8220;1\/2&#8243;][vc_button button_color=&#8220;color-xsdn&#8220; border_width=&#8220;0&#8243; css_animation=&#8220;zoom-out&#8220; animation_delay=&#8220;400&#8243; el_class=&#8220;btn-outline btn-bleu btn-ico&#8220; link=&#8220;url:http%3A%2F%2Ftetrachim.com%2Fteam%2F|title:Unser%20Team|&#8220; icon=&#8220;fa fa-users2&#8243;]Unser Team[\/vc_button][\/vc_column][vc_column column_width_percent=&#8220;100&#8243; position_vertical=&#8220;middle&#8220; gutter_size=&#8220;3&#8243; style=&#8220;dark&#8220; overlay_alpha=&#8220;50&#8243; shift_x=&#8220;0&#8243; shift_y=&#8220;0&#8243; shift_y_down=&#8220;0&#8243; z_index=&#8220;0&#8243; medium_width=&#8220;0&#8243; mobile_width=&#8220;0&#8243; width=&#8220;1\/2&#8243;][vc_button button_color=&#8220;color-xsdn&#8220; border_width=&#8220;0&#8243; css_animation=&#8220;zoom-out&#8220; animation_delay=&#8220;400&#8243; el_class=&#8220;btn-outline btn-rouge btn-ico&#8220; link=&#8220;url:http%3A%2F%2Ftetrachim.com%2Four-engagements%2F|title:Unsere%20Engagements|&#8220; icon=&#8220;fa fa-checkmark-circle&#8220;]Unsere Engagements[\/vc_button][\/vc_column][\/vc_row]<\/p>\n<\/div>","protected":false},"excerpt":{"rendered":"<p>[vc_row unlock_row_content=&#8220;yes&#8220; row_height_percent=&#8220;0&#8243; override_padding=&#8220;yes&#8220; h_padding=&#8220;0&#8243; top_padding=&#8220;0&#8243; bottom_padding=&#8220;0&#8243; back_image=&#8220;83397&#8243; overlay_alpha=&#8220;50&#8243; gutter_size=&#8220;3&#8243; column_width_percent=&#8220;100&#8243; shift_y=&#8220;0&#8243; z_index=&#8220;0&#8243; row_height_pixel=&#8220;200px&#8220; el_id=&#8220;bandeau-page&#8220; front_end_with_slider=&#8220;true&#8220;][vc_column column_width_percent=&#8220;100&#8243; position_vertical=&#8220;middle&#8220; gutter_size=&#8220;3&#8243; override_padding=&#8220;yes&#8220; [&hellip;]<\/p>\n","protected":false},"author":1,"featured_media":0,"parent":0,"menu_order":0,"comment_status":"closed","ping_status":"closed","template":"","meta":{"footnotes":""},"class_list":["post-98680","page","type-page","status-publish","hentry"],"yoast_head":"<!-- This site is optimized with the Yoast SEO plugin v27.5 - https:\/\/yoast.com\/product\/yoast-seo-wordpress\/ -->\n<title>Wer wir sind : Qualit\u00e4t &amp; Zertifizierungen - Tetrachim<\/title>\n<meta name=\"robots\" content=\"index, follow, max-snippet:-1, max-image-preview:large, max-video-preview:-1\" \/>\n<link rel=\"canonical\" href=\"https:\/\/www.tetrachim.com\/de\/wer-wir-sind-qualitaet-zertifizierungen\/\" \/>\n<meta property=\"og:locale\" content=\"de_DE\" \/>\n<meta property=\"og:type\" content=\"article\" \/>\n<meta property=\"og:title\" content=\"Wer wir sind : Qualit\u00e4t &amp; Zertifizierungen - Tetrachim\" \/>\n<meta property=\"og:description\" content=\"[vc_row unlock_row_content=&#8220;yes&#8220; row_height_percent=&#8220;0&#8243; override_padding=&#8220;yes&#8220; h_padding=&#8220;0&#8243; top_padding=&#8220;0&#8243; bottom_padding=&#8220;0&#8243; back_image=&#8220;83397&#8243; overlay_alpha=&#8220;50&#8243; gutter_size=&#8220;3&#8243; column_width_percent=&#8220;100&#8243; shift_y=&#8220;0&#8243; z_index=&#8220;0&#8243; row_height_pixel=&#8220;200px&#8220; el_id=&#8220;bandeau-page&#8220; front_end_with_slider=&#8220;true&#8220;][vc_column column_width_percent=&#8220;100&#8243; position_vertical=&#8220;middle&#8220; gutter_size=&#8220;3&#8243; override_padding=&#8220;yes&#8220; [&hellip;]\" \/>\n<meta property=\"og:url\" content=\"https:\/\/www.tetrachim.com\/de\/wer-wir-sind-qualitaet-zertifizierungen\/\" \/>\n<meta property=\"og:site_name\" content=\"Tetrachim\" \/>\n<meta property=\"article:modified_time\" content=\"2025-08-01T09:51:23+00:00\" \/>\n<meta name=\"twitter:card\" content=\"summary_large_image\" \/>\n<meta name=\"twitter:site\" content=\"@Tetrachim\" \/>\n<meta name=\"twitter:label1\" content=\"Gesch\u00e4tzte Lesezeit\" \/>\n\t<meta name=\"twitter:data1\" content=\"5\u00a0Minute\" \/>\n<script type=\"application\/ld+json\" class=\"yoast-schema-graph\">{\"@context\":\"https:\\\/\\\/schema.org\",\"@graph\":[{\"@type\":\"WebPage\",\"@id\":\"https:\\\/\\\/www.tetrachim.com\\\/de\\\/wer-wir-sind-qualitaet-zertifizierungen\\\/\",\"url\":\"https:\\\/\\\/www.tetrachim.com\\\/de\\\/wer-wir-sind-qualitaet-zertifizierungen\\\/\",\"name\":\"Wer wir sind : Qualit\u00e4t &amp; Zertifizierungen - Tetrachim\",\"isPartOf\":{\"@id\":\"https:\\\/\\\/www.tetrachim.com\\\/de\\\/#website\"},\"datePublished\":\"2025-07-21T16:54:22+00:00\",\"dateModified\":\"2025-08-01T09:51:23+00:00\",\"breadcrumb\":{\"@id\":\"https:\\\/\\\/www.tetrachim.com\\\/de\\\/wer-wir-sind-qualitaet-zertifizierungen\\\/#breadcrumb\"},\"inLanguage\":\"de\",\"potentialAction\":[{\"@type\":\"ReadAction\",\"target\":[\"https:\\\/\\\/www.tetrachim.com\\\/de\\\/wer-wir-sind-qualitaet-zertifizierungen\\\/\"]}]},{\"@type\":\"BreadcrumbList\",\"@id\":\"https:\\\/\\\/www.tetrachim.com\\\/de\\\/wer-wir-sind-qualitaet-zertifizierungen\\\/#breadcrumb\",\"itemListElement\":[{\"@type\":\"ListItem\",\"position\":1,\"name\":\"\",\"item\":\"https:\\\/\\\/www.tetrachim.com\\\/de\\\/\"},{\"@type\":\"ListItem\",\"position\":2,\"name\":\"Wer wir sind : Qualit\u00e4t &amp; Zertifizierungen\"}]},{\"@type\":\"WebSite\",\"@id\":\"https:\\\/\\\/www.tetrachim.com\\\/de\\\/#website\",\"url\":\"https:\\\/\\\/www.tetrachim.com\\\/de\\\/\",\"name\":\"Tetrachim\",\"description\":\"Rev\u00eatements high-tech\",\"publisher\":{\"@id\":\"https:\\\/\\\/www.tetrachim.com\\\/de\\\/#organization\"},\"potentialAction\":[{\"@type\":\"SearchAction\",\"target\":{\"@type\":\"EntryPoint\",\"urlTemplate\":\"https:\\\/\\\/www.tetrachim.com\\\/de\\\/?s={search_term_string}\"},\"query-input\":{\"@type\":\"PropertyValueSpecification\",\"valueRequired\":true,\"valueName\":\"search_term_string\"}}],\"inLanguage\":\"de\"},{\"@type\":\"Organization\",\"@id\":\"https:\\\/\\\/www.tetrachim.com\\\/de\\\/#organization\",\"name\":\"Tetrachim\",\"url\":\"https:\\\/\\\/www.tetrachim.com\\\/de\\\/\",\"logo\":{\"@type\":\"ImageObject\",\"inLanguage\":\"de\",\"@id\":\"https:\\\/\\\/www.tetrachim.com\\\/de\\\/#\\\/schema\\\/logo\\\/image\\\/\",\"url\":\"https:\\\/\\\/www.tetrachim.com\\\/wp-content\\\/uploads\\\/2020\\\/07\\\/logo-tetrachim.png\",\"contentUrl\":\"https:\\\/\\\/www.tetrachim.com\\\/wp-content\\\/uploads\\\/2020\\\/07\\\/logo-tetrachim.png\",\"width\":244,\"height\":51,\"caption\":\"Tetrachim\"},\"image\":{\"@id\":\"https:\\\/\\\/www.tetrachim.com\\\/de\\\/#\\\/schema\\\/logo\\\/image\\\/\"},\"sameAs\":[\"https:\\\/\\\/x.com\\\/Tetrachim\",\"https:\\\/\\\/www.linkedin.com\\\/company\\\/tetrachim\\\/\"]}]}<\/script>\n<!-- \/ Yoast SEO plugin. -->","yoast_head_json":{"title":"Wer wir sind : Qualit\u00e4t &amp; Zertifizierungen - Tetrachim","robots":{"index":"index","follow":"follow","max-snippet":"max-snippet:-1","max-image-preview":"max-image-preview:large","max-video-preview":"max-video-preview:-1"},"canonical":"https:\/\/www.tetrachim.com\/de\/wer-wir-sind-qualitaet-zertifizierungen\/","og_locale":"de_DE","og_type":"article","og_title":"Wer wir sind : Qualit\u00e4t &amp; Zertifizierungen - Tetrachim","og_description":"[vc_row unlock_row_content=&#8220;yes&#8220; row_height_percent=&#8220;0&#8243; override_padding=&#8220;yes&#8220; h_padding=&#8220;0&#8243; top_padding=&#8220;0&#8243; bottom_padding=&#8220;0&#8243; back_image=&#8220;83397&#8243; overlay_alpha=&#8220;50&#8243; gutter_size=&#8220;3&#8243; column_width_percent=&#8220;100&#8243; shift_y=&#8220;0&#8243; z_index=&#8220;0&#8243; row_height_pixel=&#8220;200px&#8220; el_id=&#8220;bandeau-page&#8220; front_end_with_slider=&#8220;true&#8220;][vc_column column_width_percent=&#8220;100&#8243; position_vertical=&#8220;middle&#8220; gutter_size=&#8220;3&#8243; override_padding=&#8220;yes&#8220; [&hellip;]","og_url":"https:\/\/www.tetrachim.com\/de\/wer-wir-sind-qualitaet-zertifizierungen\/","og_site_name":"Tetrachim","article_modified_time":"2025-08-01T09:51:23+00:00","twitter_card":"summary_large_image","twitter_site":"@Tetrachim","twitter_misc":{"Gesch\u00e4tzte Lesezeit":"5\u00a0Minute"},"schema":{"@context":"https:\/\/schema.org","@graph":[{"@type":"WebPage","@id":"https:\/\/www.tetrachim.com\/de\/wer-wir-sind-qualitaet-zertifizierungen\/","url":"https:\/\/www.tetrachim.com\/de\/wer-wir-sind-qualitaet-zertifizierungen\/","name":"Wer wir sind : Qualit\u00e4t &amp; Zertifizierungen - Tetrachim","isPartOf":{"@id":"https:\/\/www.tetrachim.com\/de\/#website"},"datePublished":"2025-07-21T16:54:22+00:00","dateModified":"2025-08-01T09:51:23+00:00","breadcrumb":{"@id":"https:\/\/www.tetrachim.com\/de\/wer-wir-sind-qualitaet-zertifizierungen\/#breadcrumb"},"inLanguage":"de","potentialAction":[{"@type":"ReadAction","target":["https:\/\/www.tetrachim.com\/de\/wer-wir-sind-qualitaet-zertifizierungen\/"]}]},{"@type":"BreadcrumbList","@id":"https:\/\/www.tetrachim.com\/de\/wer-wir-sind-qualitaet-zertifizierungen\/#breadcrumb","itemListElement":[{"@type":"ListItem","position":1,"name":"","item":"https:\/\/www.tetrachim.com\/de\/"},{"@type":"ListItem","position":2,"name":"Wer wir sind : Qualit\u00e4t &amp; Zertifizierungen"}]},{"@type":"WebSite","@id":"https:\/\/www.tetrachim.com\/de\/#website","url":"https:\/\/www.tetrachim.com\/de\/","name":"Tetrachim","description":"Rev\u00eatements high-tech","publisher":{"@id":"https:\/\/www.tetrachim.com\/de\/#organization"},"potentialAction":[{"@type":"SearchAction","target":{"@type":"EntryPoint","urlTemplate":"https:\/\/www.tetrachim.com\/de\/?s={search_term_string}"},"query-input":{"@type":"PropertyValueSpecification","valueRequired":true,"valueName":"search_term_string"}}],"inLanguage":"de"},{"@type":"Organization","@id":"https:\/\/www.tetrachim.com\/de\/#organization","name":"Tetrachim","url":"https:\/\/www.tetrachim.com\/de\/","logo":{"@type":"ImageObject","inLanguage":"de","@id":"https:\/\/www.tetrachim.com\/de\/#\/schema\/logo\/image\/","url":"https:\/\/www.tetrachim.com\/wp-content\/uploads\/2020\/07\/logo-tetrachim.png","contentUrl":"https:\/\/www.tetrachim.com\/wp-content\/uploads\/2020\/07\/logo-tetrachim.png","width":244,"height":51,"caption":"Tetrachim"},"image":{"@id":"https:\/\/www.tetrachim.com\/de\/#\/schema\/logo\/image\/"},"sameAs":["https:\/\/x.com\/Tetrachim","https:\/\/www.linkedin.com\/company\/tetrachim\/"]}]}},"_links":{"self":[{"href":"https:\/\/www.tetrachim.com\/de\/wp-json\/wp\/v2\/pages\/98680","targetHints":{"allow":["GET"]}}],"collection":[{"href":"https:\/\/www.tetrachim.com\/de\/wp-json\/wp\/v2\/pages"}],"about":[{"href":"https:\/\/www.tetrachim.com\/de\/wp-json\/wp\/v2\/types\/page"}],"author":[{"embeddable":true,"href":"https:\/\/www.tetrachim.com\/de\/wp-json\/wp\/v2\/users\/1"}],"replies":[{"embeddable":true,"href":"https:\/\/www.tetrachim.com\/de\/wp-json\/wp\/v2\/comments?post=98680"}],"version-history":[{"count":17,"href":"https:\/\/www.tetrachim.com\/de\/wp-json\/wp\/v2\/pages\/98680\/revisions"}],"predecessor-version":[{"id":101102,"href":"https:\/\/www.tetrachim.com\/de\/wp-json\/wp\/v2\/pages\/98680\/revisions\/101102"}],"wp:attachment":[{"href":"https:\/\/www.tetrachim.com\/de\/wp-json\/wp\/v2\/media?parent=98680"}],"curies":[{"name":"wp","href":"https:\/\/api.w.org\/{rel}","templated":true}]}}