{"id":98736,"date":"2025-07-21T18:54:46","date_gmt":"2025-07-21T16:54:46","guid":{"rendered":"https:\/\/www.tetrachim.com\/ihre-maerkte\/papier-textil\/"},"modified":"2025-08-01T11:51:30","modified_gmt":"2025-08-01T09:51:30","slug":"papier-textil","status":"publish","type":"page","link":"https:\/\/www.tetrachim.com\/de\/ihre-maerkte\/papier-textil\/","title":{"rendered":"Papier\/Textil"},"content":{"rendered":"<div class=\"wpb-content-wrapper\"><p>[vc_section back_image=&#8220;85635&#8243; back_repeat=&#8220;no-repeat&#8220; back_position=&#8220;right center&#8220; overlay_alpha=&#8220;50&#8243; el_class=&#8220;section-fleche&#8220; back_size=&#8220;260px auto&#8220;][vc_row row_height_percent=&#8220;0&#8243; override_padding=&#8220;yes&#8220; h_padding=&#8220;2&#8243; top_padding=&#8220;2&#8243; bottom_padding=&#8220;3&#8243; back_image=&#8220;85652&#8243; back_repeat=&#8220;no-repeat&#8220; back_position=&#8220;left center&#8220; overlay_alpha=&#8220;50&#8243; gutter_size=&#8220;3&#8243; column_width_percent=&#8220;100&#8243; shift_y=&#8220;0&#8243; z_index=&#8220;0&#8243; el_class=&#8220;rangee-reduite-plus tx-intro intro-overlay your-markets&#8220; back_size=&#8220;35% auto&#8220;][vc_column column_width_percent=&#8220;100&#8243; gutter_size=&#8220;3&#8243; override_padding=&#8220;yes&#8220; column_padding=&#8220;2&#8243; overlay_alpha=&#8220;50&#8243; shift_x=&#8220;0&#8243; shift_y=&#8220;0&#8243; shift_y_down=&#8220;0&#8243; z_index=&#8220;0&#8243; medium_visibility=&#8220;yes&#8220; medium_width=&#8220;0&#8243; mobile_visibility=&#8220;yes&#8220; mobile_width=&#8220;0&#8243; width=&#8220;1\/3&#8243; el_class=&#8220;col-menu-lateral&#8220;][vc_wp_custommenu nav_menu=&#8220;141&#8243; title=&#8220;Ihre M\u00e4rkte&#8220;][\/vc_column][vc_column column_width_percent=&#8220;100&#8243; position_horizontal=&#8220;left&#8220; gutter_size=&#8220;3&#8243; overlay_alpha=&#8220;50&#8243; shift_x=&#8220;0&#8243; shift_y=&#8220;0&#8243; shift_y_down=&#8220;0&#8243; z_index=&#8220;0&#8243; medium_width=&#8220;0&#8243; mobile_width=&#8220;0&#8243; width=&#8220;2\/3&#8243;][vc_custom_heading heading_semantic=&#8220;h1&#8243; text_size=&#8220;h3&#8243; sub_lead=&#8220;yes&#8220; sub_reduced=&#8220;yes&#8220; css_animation=&#8220;left-t-right&#8220; subheading=&#8220;Auf dem Weg zu <strong>h\u00f6herer Produktivit\u00e4t<\/strong>&#8222;]PAPIER \/ TEXTIL[\/vc_custom_heading][vc_column_text css_animation=&#8220;right-t-left&#8220; animation_delay=&#8220;200&#8243;]Die Betreiber von Zellstoff- und Papierfabriken k\u00e4mpfen st\u00e4ndig gegen Korrosion, m\u00fcssen aber auch die Oberfl\u00e4che ihrer Zylinder und Walzen pflegen, um die Qualit\u00e4t und Produktivit\u00e4t ihrer Produktion zu gew\u00e4hrleisten. In \u00e4hnlicher Weise ben\u00f6tigen Textilbetriebe Antihaft- und abriebfeste Eigenschaften f\u00fcr ihre Zylinder, um die Produktionszeit zu verk\u00fcrzen und den Reinigungs- und Wartungsaufwand f\u00fcr automatische Maschinen zu begrenzen.[\/vc_column_text][vc_row_inner limit_content=&#8220;&#8220;][vc_column_inner width=&#8220;1\/1&#8243;][vc_custom_heading text_size=&#8220;h6&#8243; css_animation=&#8220;zoom-in&#8220; animation_delay=&#8220;300&#8243;]Ihre Bewerbungen[\/vc_custom_heading][\/vc_column_inner][\/vc_row_inner][vc_row_inner row_inner_height_percent=&#8220;0&#8243; overlay_alpha=&#8220;50&#8243; equal_height=&#8220;yes&#8220; gutter_size=&#8220;3&#8243; shift_y=&#8220;0&#8243; z_index=&#8220;0&#8243; css=&#8220;.vc_custom_1597238809978{margin-top: 20px !important;}&#8220; limit_content=&#8220;&#8220;][vc_column_inner column_width_percent=&#8220;100&#8243; gutter_size=&#8220;3&#8243; overlay_alpha=&#8220;50&#8243; shift_x=&#8220;0&#8243; shift_y=&#8220;0&#8243; shift_y_down=&#8220;0&#8243; z_index=&#8220;0&#8243; medium_width=&#8220;0&#8243; mobile_width=&#8220;0&#8243; css_animation=&#8220;zoom-in&#8220; animation_delay=&#8220;300&#8243; width=&#8220;2\/12&#8243;][vc_column_text]Papier und Zellstoff[\/vc_column_text][\/vc_column_inner][vc_column_inner column_width_percent=&#8220;100&#8243; gutter_size=&#8220;3&#8243; override_padding=&#8220;yes&#8220; column_padding=&#8220;0&#8243; overlay_alpha=&#8220;50&#8243; shift_x=&#8220;0&#8243; shift_y=&#8220;0&#8243; shift_y_down=&#8220;0&#8243; z_index=&#8220;0&#8243; medium_width=&#8220;0&#8243; mobile_width=&#8220;0&#8243; css_animation=&#8220;zoom-in&#8220; animation_delay=&#8220;300&#8243; width=&#8220;10\/12&#8243;][vc_column_text css=&#8220;.vc_custom_1597247331935{padding-top: 0px !important;}&#8220;]Trockenzylinder, Leitwalzen, Leitwalzen, Breitstreckwalzen, Saugwalzen, Flugwalzen, Presswalzen<br \/>\nKopier-, Drucker- und Fixierwalzen[\/vc_column_text][\/vc_column_inner][\/vc_row_inner][vc_row_inner row_inner_height_percent=&#8220;0&#8243; overlay_alpha=&#8220;50&#8243; gutter_size=&#8220;3&#8243; shift_y=&#8220;0&#8243; z_index=&#8220;0&#8243; css=&#8220;.vc_custom_1597238439394{margin-top: 10px !important;}&#8220; limit_content=&#8220;&#8220;][vc_column_inner column_width_percent=&#8220;100&#8243; gutter_size=&#8220;3&#8243; overlay_alpha=&#8220;50&#8243; shift_x=&#8220;0&#8243; shift_y=&#8220;0&#8243; shift_y_down=&#8220;0&#8243; z_index=&#8220;0&#8243; medium_width=&#8220;0&#8243; mobile_width=&#8220;0&#8243; css_animation=&#8220;zoom-in&#8220; animation_delay=&#8220;400&#8243; width=&#8220;2\/12&#8243;][vc_column_text]Textilindustrie[\/vc_column_text][\/vc_column_inner][vc_column_inner column_width_percent=&#8220;100&#8243; gutter_size=&#8220;3&#8243; override_padding=&#8220;yes&#8220; column_padding=&#8220;0&#8243; overlay_alpha=&#8220;50&#8243; shift_x=&#8220;0&#8243; shift_y=&#8220;0&#8243; shift_y_down=&#8220;0&#8243; z_index=&#8220;0&#8243; medium_width=&#8220;0&#8243; mobile_width=&#8220;0&#8243; css_animation=&#8220;zoom-in&#8220; animation_delay=&#8220;400&#8243; width=&#8220;10\/12&#8243;][vc_column_text css=&#8220;.vc_custom_1597247347245{padding-top: 0px !important;}&#8220;]Trockenzylinder, Schlichtezylinder, Leitwalzen, Lease Rod, Pin Bar, Textilbad, Vakuumschlitz[\/vc_column_text][\/vc_column_inner][\/vc_row_inner][vc_row_inner row_inner_height_percent=&#8220;0&#8243; overlay_alpha=&#8220;50&#8243; gutter_size=&#8220;3&#8243; shift_y=&#8220;0&#8243; z_index=&#8220;0&#8243; limit_content=&#8220;&#8220; el_id=&#8220;why-choose-us&#8220;][vc_column_inner column_width_percent=&#8220;100&#8243; position_vertical=&#8220;middle&#8220; gutter_size=&#8220;3&#8243; overlay_alpha=&#8220;75&#8243; shift_x=&#8220;0&#8243; shift_y=&#8220;0&#8243; shift_y_down=&#8220;0&#8243; z_index=&#8220;0&#8243; medium_width=&#8220;4&#8243; mobile_width=&#8220;0&#8243; width=&#8220;1\/2&#8243;][vc_single_image media=&#8220;86073&#8243; media_width_percent=&#8220;100&#8243; media_ratio=&#8220;one-one&#8220; css_animation=&#8220;zoom-in&#8220; animation_delay=&#8220;600&#8243;][\/vc_column_inner][vc_column_inner column_width_percent=&#8220;100&#8243; position_vertical=&#8220;middle&#8220; gutter_size=&#8220;3&#8243; overlay_alpha=&#8220;50&#8243; shift_x=&#8220;0&#8243; shift_y=&#8220;0&#8243; shift_y_down=&#8220;0&#8243; z_index=&#8220;0&#8243; medium_width=&#8220;4&#8243; mobile_width=&#8220;0&#8243; css_animation=&#8220;zoom-out&#8220; animation_delay=&#8220;400&#8243; width=&#8220;1\/2&#8243;][vc_custom_heading text_size=&#8220;h6&#8243;]Warum sollten Sie uns w\u00e4hlen?[\/vc_custom_heading][uncode_list icon=&#8220;fa fa-chevron-right&#8220; icon_color=&#8220;color-104255&#8243;]Ganz gleich, ob Sie f\u00fcr die Papier- oder die Textilindustrie arbeiten, Tetrachim kann Ihnen helfen, die h\u00f6chsten Erwartungen in Bezug auf Qualit\u00e4t und Produktivit\u00e4t zu erf\u00fcllen:<\/p>\n<ul>\n<li>Vermeiden Sie au\u00dferplanm\u00e4\u00dfige Wartungsstillst\u00e4nde dank leistungsstarker Korrosionsschutzbeschichtungen f\u00fcr Ihre Anlagen<\/li>\n<li>Steigern Sie Ihren Produktionsfluss dank reibungsarmer und abriebfester Beschichtungen auf Ihrem Zylinder<\/li>\n<li>Verbessern Sie die Qualit\u00e4t Ihres Endprodukts mit Antihaftbeschichtungen auf Ihrem Zylinder<\/li>\n<\/ul>\n<p>Unser Team ber\u00e4t Sie, um die am besten geeignete Beschichtung f\u00fcr Ihre Anwendung zu finden. Und dank unseres optimalen Logistiknetzes k\u00f6nnen wir Sie \u00fcberall dorthin liefern, wo Sie eine schnellere Wartung w\u00fcnschen.[\/uncode_list][\/vc_column_inner][\/vc_row_inner][vc_row_inner row_inner_height_percent=&#8220;0&#8243; overlay_alpha=&#8220;50&#8243; gutter_size=&#8220;3&#8243; shift_y=&#8220;0&#8243; z_index=&#8220;0&#8243; limit_content=&#8220;&#8220;][vc_column_inner width=&#8220;1\/1&#8243;][vc_custom_heading text_size=&#8220;h6&#8243;]Die von Ihnen gesuchten Funktionen[\/vc_custom_heading][\/vc_column_inner][\/vc_row_inner][vc_row_inner row_inner_height_percent=&#8220;0&#8243; overlay_alpha=&#8220;50&#8243; gutter_size=&#8220;3&#8243; shift_y=&#8220;0&#8243; z_index=&#8220;0&#8243; limit_content=&#8220;&#8220; el_class=&#8220;reassurance-box markets&#8220;][vc_column_inner column_width_percent=&#8220;100&#8243; gutter_size=&#8220;3&#8243; style=&#8220;dark&#8220; back_image=&#8220;86516&#8243; overlay_color=&#8220;color-889485&#8243; overlay_alpha=&#8220;75&#8243; shift_x=&#8220;0&#8243; shift_y=&#8220;0&#8243; shift_y_down=&#8220;0&#8243; z_index=&#8220;0&#8243; medium_width=&#8220;0&#8243; mobile_width=&#8220;0&#8243; css_animation=&#8220;bottom-t-top&#8220; animation_delay=&#8220;600&#8243; width=&#8220;1\/2&#8243; el_class=&#8220;boite-ico&#8220;][vc_icon position=&#8220;left&#8220; icon_image=&#8220;86409&#8243; media_size=&#8220;80&#8243; text_size=&#8220;fontsize-155944&#8243; text_weight=&#8220;700&#8243; linked_title=&#8220;yes&#8220; link=&#8220;|||&#8220;]<\/p>\n<h3>Antihaft-Eigenschaften<\/h3>\n<p>[\/vc_icon][\/vc_column_inner][vc_column_inner column_width_percent=&#8220;100&#8243; gutter_size=&#8220;3&#8243; back_image=&#8220;86516&#8243; overlay_color=&#8220;color-xsdn&#8220; overlay_alpha=&#8220;90&#8243; shift_x=&#8220;0&#8243; shift_y=&#8220;0&#8243; shift_y_down=&#8220;0&#8243; z_index=&#8220;0&#8243; medium_width=&#8220;0&#8243; mobile_width=&#8220;0&#8243; css_animation=&#8220;bottom-t-top&#8220; animation_delay=&#8220;600&#8243; width=&#8220;1\/2&#8243; el_class=&#8220;boite-ico&#8220;][vc_icon position=&#8220;left&#8220; icon_image=&#8220;86458&#8243; media_size=&#8220;80&#8243; text_size=&#8220;fontsize-155944&#8243; text_weight=&#8220;700&#8243; linked_title=&#8220;yes&#8220; link=&#8220;|||&#8220;]<\/p>\n<h3>Korrosionsbest\u00e4ndigkeit<\/h3>\n<p>[\/vc_icon][\/vc_column_inner][\/vc_row_inner][vc_row_inner row_inner_height_percent=&#8220;0&#8243; overlay_alpha=&#8220;50&#8243; gutter_size=&#8220;3&#8243; shift_y=&#8220;0&#8243; z_index=&#8220;0&#8243; limit_content=&#8220;&#8220; el_class=&#8220;reassurance-box markets&#8220;][vc_column_inner column_width_percent=&#8220;100&#8243; gutter_size=&#8220;3&#8243; back_image=&#8220;86516&#8243; overlay_color=&#8220;color-xsdn&#8220; overlay_alpha=&#8220;90&#8243; shift_x=&#8220;0&#8243; shift_y=&#8220;0&#8243; shift_y_down=&#8220;0&#8243; z_index=&#8220;0&#8243; medium_width=&#8220;0&#8243; mobile_width=&#8220;0&#8243; css_animation=&#8220;bottom-t-top&#8220; animation_delay=&#8220;600&#8243; width=&#8220;1\/2&#8243; el_class=&#8220;boite-ico&#8220;][vc_icon position=&#8220;left&#8220; icon_image=&#8220;86430&#8243; media_size=&#8220;80&#8243; text_size=&#8220;fontsize-155944&#8243; text_weight=&#8220;700&#8243; linked_title=&#8220;yes&#8220; link=&#8220;|||&#8220;]<\/p>\n<h3>Niedrige Reibungseigenschaften<\/h3>\n<p>[\/vc_icon][\/vc_column_inner][vc_column_inner column_width_percent=&#8220;100&#8243; gutter_size=&#8220;3&#8243; style=&#8220;dark&#8220; back_image=&#8220;86516&#8243; overlay_color=&#8220;color-889485&#8243; overlay_alpha=&#8220;75&#8243; shift_x=&#8220;0&#8243; shift_y=&#8220;0&#8243; shift_y_down=&#8220;0&#8243; z_index=&#8220;0&#8243; medium_width=&#8220;0&#8243; mobile_width=&#8220;0&#8243; css_animation=&#8220;bottom-t-top&#8220; animation_delay=&#8220;600&#8243; width=&#8220;1\/2&#8243; el_class=&#8220;boite-ico&#8220;][vc_icon position=&#8220;left&#8220; icon_image=&#8220;86414&#8243; media_size=&#8220;80&#8243; text_size=&#8220;fontsize-155944&#8243; text_weight=&#8220;700&#8243; linked_title=&#8220;yes&#8220; link=&#8220;|||&#8220;]<\/p>\n<h3>Abriebfestigkeit<\/h3>\n<p>[\/vc_icon][\/vc_column_inner][\/vc_row_inner][\/vc_column][\/vc_row][vc_row row_height_percent=&#8220;0&#8243; overlay_alpha=&#8220;50&#8243; gutter_size=&#8220;3&#8243; column_width_percent=&#8220;100&#8243; shift_y=&#8220;0&#8243; z_index=&#8220;0&#8243; el_id=&#8220;marches&#8220;][vc_column column_width_percent=&#8220;100&#8243; align_horizontal=&#8220;align_center&#8220; gutter_size=&#8220;3&#8243; overlay_alpha=&#8220;50&#8243; shift_x=&#8220;0&#8243; shift_y=&#8220;0&#8243; shift_y_down=&#8220;0&#8243; z_index=&#8220;0&#8243; medium_width=&#8220;0&#8243; mobile_width=&#8220;0&#8243; css_animation=&#8220;alpha-anim&#8220; width=&#8220;1\/1&#8243;][vc_custom_heading text_size=&#8220;h3&#8243; css_animation=&#8220;zoom-out&#8220;]Unsere <strong>L\u00f6sungen<\/strong>[\/vc_custom_heading][uncode_index el_id=&#8220;index-973757&#8243; index_type=&#8220;carousel&#8220; loop=&#8220;size:10|order_by:date|taxonomy_query:product_cat|taxonomy_order:name|taxonomy_sort:DESC|taxonomy_count:10|taxonomy_include_ids:238,157,178, 267&#8243; carousel_lg=&#8220;4&#8243; carousel_md=&#8220;2&#8243; carousel_sm=&#8220;1&#8243; thumb_size=&#8220;one-one&#8220; gutter_size=&#8220;2&#8243; uncode_taxonomy_items=&#8220;media|featured|onpost|original,title&#8220; carousel_interval=&#8220;3000&#8243; carousel_navspeed=&#8220;400&#8243; carousel_dots=&#8220;yes&#8220; carousel_dots_mobile=&#8220;yes&#8220; stage_padding=&#8220;0&#8243; single_overlay_opacity=&#8220;50&#8243; single_padding=&#8220;2&#8243; single_title_dimension=&#8220;fontsize-155944&#8243; el_class=&#8220;woocommerce columns-4&#8243;][\/vc_column][\/vc_row][\/vc_section][vc_row unlock_row_content=&#8220;yes&#8220; row_height_percent=&#8220;0&#8243; back_image=&#8220;86066&#8243; back_position=&#8220;center bottom&#8220; overlay_color=&#8220;color-156355&#8243; overlay_alpha=&#8220;78&#8243; gutter_size=&#8220;3&#8243; column_width_percent=&#8220;100&#8243; shift_y=&#8220;0&#8243; z_index=&#8220;0&#8243; el_class=&#8220;cta&#8220;][vc_column column_width_use_pixel=&#8220;yes&#8220; position_horizontal=&#8220;left&#8220; position_vertical=&#8220;middle&#8220; gutter_size=&#8220;3&#8243; style=&#8220;dark&#8220; overlay_alpha=&#8220;50&#8243; shift_x=&#8220;0&#8243; shift_y=&#8220;0&#8243; shift_y_down=&#8220;0&#8243; z_index=&#8220;0&#8243; align_medium=&#8220;align_center_tablet&#8220; medium_width=&#8220;7&#8243; align_mobile=&#8220;align_center_mobile&#8220; mobile_width=&#8220;7&#8243; width=&#8220;2\/3&#8243; column_width_pixel=&#8220;900&#8243;][vc_custom_heading text_size=&#8220;h6&#8243; sub_lead=&#8220;yes&#8220; sub_reduced=&#8220;yes&#8220; css_animation=&#8220;zoom-in&#8220;]F\u00fcgen Sie weitere Informationen \u00fcber unsere L\u00f6sungen f\u00fcr die Papier- und Textilindustrie hinzu![\/vc_custom_heading][vc_column_text text_lead=&#8220;yes&#8220; css_animation=&#8220;zoom-in&#8220; animation_speed=&#8220;600&#8243;]Hilfreiche Produktleitf\u00e4den, Tutorials oder White Papers helfen Ihnen bei der Auswahl des richtigen Produkts. Wenn Sie die gesuchte Antwort nicht finden k\u00f6nnen, rufen Sie uns an unter <a href=\"tel:+33161440290\">+33 (0)1 61 44 02 90<\/a> oder senden Sie eine E-Mail an <a href=\"mailto:info@tetrachim.com\">info@tetrachim.com.<\/a>[\/vc_column_text][\/vc_column][vc_column column_width_percent=&#8220;100&#8243; position_vertical=&#8220;middle&#8220; gutter_size=&#8220;3&#8243; style=&#8220;dark&#8220; overlay_alpha=&#8220;50&#8243; shift_x=&#8220;0&#8243; shift_y=&#8220;0&#8243; shift_y_down=&#8220;0&#8243; z_index=&#8220;0&#8243; align_medium=&#8220;align_center_tablet&#8220; medium_width=&#8220;7&#8243; align_mobile=&#8220;align_center_mobile&#8220; mobile_width=&#8220;7&#8243; width=&#8220;1\/3&#8243;][vc_button button_color=&#8220;color-xsdn&#8220; border_width=&#8220;0&#8243; el_class=&#8220;btn-outline btn-blanc&#8220;]Wissenszentrum[\/vc_button][\/vc_column][\/vc_row][vc_row row_height_percent=&#8220;0&#8243; override_padding=&#8220;yes&#8220; h_padding=&#8220;2&#8243; top_padding=&#8220;0&#8243; bottom_padding=&#8220;0&#8243; overlay_alpha=&#8220;50&#8243; gutter_size=&#8220;3&#8243; column_width_percent=&#8220;100&#8243; shift_y=&#8220;0&#8243; z_index=&#8220;0&#8243; el_class=&#8220;row-menu-mobile&#8220;][vc_column column_width_percent=&#8220;100&#8243; gutter_size=&#8220;3&#8243; override_padding=&#8220;yes&#8220; column_padding=&#8220;2&#8243; overlay_alpha=&#8220;50&#8243; shift_x=&#8220;0&#8243; shift_y=&#8220;0&#8243; shift_y_down=&#8220;0&#8243; z_index=&#8220;0&#8243; desktop_visibility=&#8220;yes&#8220; medium_width=&#8220;0&#8243; mobile_width=&#8220;0&#8243; width=&#8220;1\/1&#8243; el_class=&#8220;col-menu-lateral&#8220;][vc_wp_custommenu nav_menu=&#8220;141&#8243; title=&#8220;Ihre M\u00e4rkte&#8220;][\/vc_column][\/vc_row]<\/p>\n<\/div>","protected":false},"excerpt":{"rendered":"<p>[vc_section back_image=&#8220;85635&#8243; back_repeat=&#8220;no-repeat&#8220; back_position=&#8220;right center&#8220; overlay_alpha=&#8220;50&#8243; el_class=&#8220;section-fleche&#8220; back_size=&#8220;260px auto&#8220;][vc_row row_height_percent=&#8220;0&#8243; override_padding=&#8220;yes&#8220; h_padding=&#8220;2&#8243; top_padding=&#8220;2&#8243; bottom_padding=&#8220;3&#8243; back_image=&#8220;85652&#8243; back_repeat=&#8220;no-repeat&#8220; back_position=&#8220;left center&#8220; overlay_alpha=&#8220;50&#8243; gutter_size=&#8220;3&#8243; [&hellip;]<\/p>\n","protected":false},"author":1,"featured_media":0,"parent":98649,"menu_order":0,"comment_status":"closed","ping_status":"closed","template":"","meta":{"footnotes":""},"class_list":["post-98736","page","type-page","status-publish","hentry"],"yoast_head":"<!-- This site is optimized with the Yoast SEO plugin v27.5 - https:\/\/yoast.com\/product\/yoast-seo-wordpress\/ -->\n<title>Papier\/Textil - Tetrachim<\/title>\n<meta name=\"robots\" content=\"index, follow, max-snippet:-1, max-image-preview:large, max-video-preview:-1\" \/>\n<link rel=\"canonical\" href=\"https:\/\/www.tetrachim.com\/de\/ihre-maerkte\/papier-textil\/\" \/>\n<meta property=\"og:locale\" content=\"de_DE\" \/>\n<meta property=\"og:type\" content=\"article\" \/>\n<meta property=\"og:title\" content=\"Papier\/Textil - Tetrachim\" \/>\n<meta property=\"og:description\" content=\"[vc_section back_image=&#8220;85635&#8243; back_repeat=&#8220;no-repeat&#8220; back_position=&#8220;right center&#8220; overlay_alpha=&#8220;50&#8243; el_class=&#8220;section-fleche&#8220; back_size=&#8220;260px auto&#8220;][vc_row row_height_percent=&#8220;0&#8243; override_padding=&#8220;yes&#8220; h_padding=&#8220;2&#8243; top_padding=&#8220;2&#8243; bottom_padding=&#8220;3&#8243; back_image=&#8220;85652&#8243; back_repeat=&#8220;no-repeat&#8220; back_position=&#8220;left center&#8220; overlay_alpha=&#8220;50&#8243; gutter_size=&#8220;3&#8243; [&hellip;]\" \/>\n<meta property=\"og:url\" content=\"https:\/\/www.tetrachim.com\/de\/ihre-maerkte\/papier-textil\/\" \/>\n<meta property=\"og:site_name\" content=\"Tetrachim\" \/>\n<meta property=\"article:modified_time\" content=\"2025-08-01T09:51:30+00:00\" \/>\n<meta name=\"twitter:card\" content=\"summary_large_image\" \/>\n<meta name=\"twitter:site\" content=\"@Tetrachim\" \/>\n<meta name=\"twitter:label1\" content=\"Gesch\u00e4tzte Lesezeit\" \/>\n\t<meta name=\"twitter:data1\" content=\"8\u00a0Minute\" \/>\n<script type=\"application\/ld+json\" class=\"yoast-schema-graph\">{\"@context\":\"https:\\\/\\\/schema.org\",\"@graph\":[{\"@type\":\"WebPage\",\"@id\":\"https:\\\/\\\/www.tetrachim.com\\\/de\\\/ihre-maerkte\\\/papier-textil\\\/\",\"url\":\"https:\\\/\\\/www.tetrachim.com\\\/de\\\/ihre-maerkte\\\/papier-textil\\\/\",\"name\":\"Papier\\\/Textil - Tetrachim\",\"isPartOf\":{\"@id\":\"https:\\\/\\\/www.tetrachim.com\\\/de\\\/#website\"},\"datePublished\":\"2025-07-21T16:54:46+00:00\",\"dateModified\":\"2025-08-01T09:51:30+00:00\",\"breadcrumb\":{\"@id\":\"https:\\\/\\\/www.tetrachim.com\\\/de\\\/ihre-maerkte\\\/papier-textil\\\/#breadcrumb\"},\"inLanguage\":\"de\",\"potentialAction\":[{\"@type\":\"ReadAction\",\"target\":[\"https:\\\/\\\/www.tetrachim.com\\\/de\\\/ihre-maerkte\\\/papier-textil\\\/\"]}]},{\"@type\":\"BreadcrumbList\",\"@id\":\"https:\\\/\\\/www.tetrachim.com\\\/de\\\/ihre-maerkte\\\/papier-textil\\\/#breadcrumb\",\"itemListElement\":[{\"@type\":\"ListItem\",\"position\":1,\"name\":\"\",\"item\":\"https:\\\/\\\/www.tetrachim.com\\\/de\\\/\"},{\"@type\":\"ListItem\",\"position\":2,\"name\":\"Ihre M\u00e4rkte\",\"item\":\"https:\\\/\\\/www.tetrachim.com\\\/de\\\/ihre-maerkte\\\/\"},{\"@type\":\"ListItem\",\"position\":3,\"name\":\"Papier\\\/Textil\"}]},{\"@type\":\"WebSite\",\"@id\":\"https:\\\/\\\/www.tetrachim.com\\\/de\\\/#website\",\"url\":\"https:\\\/\\\/www.tetrachim.com\\\/de\\\/\",\"name\":\"Tetrachim\",\"description\":\"Rev\u00eatements high-tech\",\"publisher\":{\"@id\":\"https:\\\/\\\/www.tetrachim.com\\\/de\\\/#organization\"},\"potentialAction\":[{\"@type\":\"SearchAction\",\"target\":{\"@type\":\"EntryPoint\",\"urlTemplate\":\"https:\\\/\\\/www.tetrachim.com\\\/de\\\/?s={search_term_string}\"},\"query-input\":{\"@type\":\"PropertyValueSpecification\",\"valueRequired\":true,\"valueName\":\"search_term_string\"}}],\"inLanguage\":\"de\"},{\"@type\":\"Organization\",\"@id\":\"https:\\\/\\\/www.tetrachim.com\\\/de\\\/#organization\",\"name\":\"Tetrachim\",\"url\":\"https:\\\/\\\/www.tetrachim.com\\\/de\\\/\",\"logo\":{\"@type\":\"ImageObject\",\"inLanguage\":\"de\",\"@id\":\"https:\\\/\\\/www.tetrachim.com\\\/de\\\/#\\\/schema\\\/logo\\\/image\\\/\",\"url\":\"https:\\\/\\\/www.tetrachim.com\\\/wp-content\\\/uploads\\\/2020\\\/07\\\/logo-tetrachim.png\",\"contentUrl\":\"https:\\\/\\\/www.tetrachim.com\\\/wp-content\\\/uploads\\\/2020\\\/07\\\/logo-tetrachim.png\",\"width\":244,\"height\":51,\"caption\":\"Tetrachim\"},\"image\":{\"@id\":\"https:\\\/\\\/www.tetrachim.com\\\/de\\\/#\\\/schema\\\/logo\\\/image\\\/\"},\"sameAs\":[\"https:\\\/\\\/x.com\\\/Tetrachim\",\"https:\\\/\\\/www.linkedin.com\\\/company\\\/tetrachim\\\/\"]}]}<\/script>\n<!-- \/ Yoast SEO plugin. -->","yoast_head_json":{"title":"Papier\/Textil - Tetrachim","robots":{"index":"index","follow":"follow","max-snippet":"max-snippet:-1","max-image-preview":"max-image-preview:large","max-video-preview":"max-video-preview:-1"},"canonical":"https:\/\/www.tetrachim.com\/de\/ihre-maerkte\/papier-textil\/","og_locale":"de_DE","og_type":"article","og_title":"Papier\/Textil - Tetrachim","og_description":"[vc_section back_image=&#8220;85635&#8243; back_repeat=&#8220;no-repeat&#8220; back_position=&#8220;right center&#8220; overlay_alpha=&#8220;50&#8243; el_class=&#8220;section-fleche&#8220; back_size=&#8220;260px auto&#8220;][vc_row row_height_percent=&#8220;0&#8243; override_padding=&#8220;yes&#8220; h_padding=&#8220;2&#8243; top_padding=&#8220;2&#8243; bottom_padding=&#8220;3&#8243; back_image=&#8220;85652&#8243; back_repeat=&#8220;no-repeat&#8220; back_position=&#8220;left center&#8220; overlay_alpha=&#8220;50&#8243; gutter_size=&#8220;3&#8243; [&hellip;]","og_url":"https:\/\/www.tetrachim.com\/de\/ihre-maerkte\/papier-textil\/","og_site_name":"Tetrachim","article_modified_time":"2025-08-01T09:51:30+00:00","twitter_card":"summary_large_image","twitter_site":"@Tetrachim","twitter_misc":{"Gesch\u00e4tzte Lesezeit":"8\u00a0Minute"},"schema":{"@context":"https:\/\/schema.org","@graph":[{"@type":"WebPage","@id":"https:\/\/www.tetrachim.com\/de\/ihre-maerkte\/papier-textil\/","url":"https:\/\/www.tetrachim.com\/de\/ihre-maerkte\/papier-textil\/","name":"Papier\/Textil - Tetrachim","isPartOf":{"@id":"https:\/\/www.tetrachim.com\/de\/#website"},"datePublished":"2025-07-21T16:54:46+00:00","dateModified":"2025-08-01T09:51:30+00:00","breadcrumb":{"@id":"https:\/\/www.tetrachim.com\/de\/ihre-maerkte\/papier-textil\/#breadcrumb"},"inLanguage":"de","potentialAction":[{"@type":"ReadAction","target":["https:\/\/www.tetrachim.com\/de\/ihre-maerkte\/papier-textil\/"]}]},{"@type":"BreadcrumbList","@id":"https:\/\/www.tetrachim.com\/de\/ihre-maerkte\/papier-textil\/#breadcrumb","itemListElement":[{"@type":"ListItem","position":1,"name":"","item":"https:\/\/www.tetrachim.com\/de\/"},{"@type":"ListItem","position":2,"name":"Ihre M\u00e4rkte","item":"https:\/\/www.tetrachim.com\/de\/ihre-maerkte\/"},{"@type":"ListItem","position":3,"name":"Papier\/Textil"}]},{"@type":"WebSite","@id":"https:\/\/www.tetrachim.com\/de\/#website","url":"https:\/\/www.tetrachim.com\/de\/","name":"Tetrachim","description":"Rev\u00eatements high-tech","publisher":{"@id":"https:\/\/www.tetrachim.com\/de\/#organization"},"potentialAction":[{"@type":"SearchAction","target":{"@type":"EntryPoint","urlTemplate":"https:\/\/www.tetrachim.com\/de\/?s={search_term_string}"},"query-input":{"@type":"PropertyValueSpecification","valueRequired":true,"valueName":"search_term_string"}}],"inLanguage":"de"},{"@type":"Organization","@id":"https:\/\/www.tetrachim.com\/de\/#organization","name":"Tetrachim","url":"https:\/\/www.tetrachim.com\/de\/","logo":{"@type":"ImageObject","inLanguage":"de","@id":"https:\/\/www.tetrachim.com\/de\/#\/schema\/logo\/image\/","url":"https:\/\/www.tetrachim.com\/wp-content\/uploads\/2020\/07\/logo-tetrachim.png","contentUrl":"https:\/\/www.tetrachim.com\/wp-content\/uploads\/2020\/07\/logo-tetrachim.png","width":244,"height":51,"caption":"Tetrachim"},"image":{"@id":"https:\/\/www.tetrachim.com\/de\/#\/schema\/logo\/image\/"},"sameAs":["https:\/\/x.com\/Tetrachim","https:\/\/www.linkedin.com\/company\/tetrachim\/"]}]}},"_links":{"self":[{"href":"https:\/\/www.tetrachim.com\/de\/wp-json\/wp\/v2\/pages\/98736","targetHints":{"allow":["GET"]}}],"collection":[{"href":"https:\/\/www.tetrachim.com\/de\/wp-json\/wp\/v2\/pages"}],"about":[{"href":"https:\/\/www.tetrachim.com\/de\/wp-json\/wp\/v2\/types\/page"}],"author":[{"embeddable":true,"href":"https:\/\/www.tetrachim.com\/de\/wp-json\/wp\/v2\/users\/1"}],"replies":[{"embeddable":true,"href":"https:\/\/www.tetrachim.com\/de\/wp-json\/wp\/v2\/comments?post=98736"}],"version-history":[{"count":9,"href":"https:\/\/www.tetrachim.com\/de\/wp-json\/wp\/v2\/pages\/98736\/revisions"}],"predecessor-version":[{"id":101110,"href":"https:\/\/www.tetrachim.com\/de\/wp-json\/wp\/v2\/pages\/98736\/revisions\/101110"}],"up":[{"embeddable":true,"href":"https:\/\/www.tetrachim.com\/de\/wp-json\/wp\/v2\/pages\/98649"}],"wp:attachment":[{"href":"https:\/\/www.tetrachim.com\/de\/wp-json\/wp\/v2\/media?parent=98736"}],"curies":[{"name":"wp","href":"https:\/\/api.w.org\/{rel}","templated":true}]}}