{"id":98927,"date":"2020-11-13T12:13:09","date_gmt":"2020-11-13T11:13:09","guid":{"rendered":"https:\/\/www.tetrachim.com\/product\/loctite-nci-7002\/"},"modified":"2026-04-30T11:50:49","modified_gmt":"2026-04-30T09:50:49","slug":"loctite-nci-7002","status":"publish","type":"product","link":"https:\/\/www.tetrachim.com\/de\/produkt\/loctite-nci-7002\/","title":{"rendered":"Loctite NCI 7002"},"content":{"rendered":"<p>Kraftempfindliche Widerst\u00e4nde (Force Sensitive Resistors, FSR) bieten einzigartige M\u00f6glichkeiten f\u00fcr zahlreiche Anwendungen in den Bereichen Medizin, Verbraucher, Industrie, Handel und Unterhaltung. FSRs erm\u00f6glichen Ber\u00fchrungs- und Erkennungsfunktionen f\u00fcr Sensoren, die mit einer Abnahme des Widerstands reagieren, wenn eine gr\u00f6\u00dfere Kraft auf die Sensoroberfl\u00e4che ausge\u00fcbt wird. Henkels Portfolio an leitf\u00e4higen und nicht-leitf\u00e4higen kraftabh\u00e4ngigen Tinten und Abstandsmaterialien bietet eine Komplettl\u00f6sung f\u00fcr FSR-Anwendungen und kann zur Anpassung an den gew\u00fcnschten Widerstand und die gew\u00fcnschte Empfindlichkeit individuell gemischt werden. Die hochstabilen und zuverl\u00e4ssigen FSR-Materialien von Henkels gew\u00e4hrleisten eine au\u00dfergew\u00f6hnliche Produktfunktion und lange Lebensdauer.   <\/p>\n","protected":false},"excerpt":{"rendered":"<p>Die siebdruckf\u00e4hige Tinte LOCTITE NCI 7002 E&amp;C wurde speziell f\u00fcr die Mischung mit den druckf\u00e4higen Tinten LOCTITE ECI 7004HR E&amp;C und LOCTITE ECI 7004LR E&amp;C entwickelt, um eine Reihe von Widerstandswerten zu erzielen.<\/p>\n","protected":false},"featured_media":97000,"template":"","meta":[],"product_brand":[],"product_cat":[510],"product_tag":[],"class_list":{"0":"post-98927","1":"product","2":"type-product","3":"status-publish","4":"has-post-thumbnail","6":"supplier-henkel-de","7":"property-isolierung","8":"product_cat-loctite-elektronische-materialien","10":"first","11":"onbackorder","12":"taxable","13":"shipping-taxable","14":"purchasable","15":"product-type-simple"},"yoast_head":"<!-- This site is optimized with the Yoast SEO plugin v27.5 - https:\/\/yoast.com\/product\/yoast-seo-wordpress\/ -->\n<title>Loctite NCI 7002 - Tetrachim<\/title>\n<meta name=\"robots\" content=\"index, follow, max-snippet:-1, max-image-preview:large, max-video-preview:-1\" \/>\n<link rel=\"canonical\" href=\"https:\/\/www.tetrachim.com\/de\/produkt\/loctite-nci-7002\/\" \/>\n<meta property=\"og:locale\" content=\"de_DE\" \/>\n<meta property=\"og:type\" content=\"article\" \/>\n<meta property=\"og:title\" content=\"Loctite NCI 7002 - Tetrachim\" \/>\n<meta property=\"og:description\" content=\"Die siebdruckf\u00e4hige Tinte LOCTITE NCI 7002 E&amp;C wurde speziell f\u00fcr die Mischung mit den druckf\u00e4higen Tinten LOCTITE ECI 7004HR E&amp;C und LOCTITE ECI 7004LR E&amp;C entwickelt, um eine Reihe von Widerstandswerten zu erzielen.\" \/>\n<meta property=\"og:url\" content=\"https:\/\/www.tetrachim.com\/de\/produkt\/loctite-nci-7002\/\" \/>\n<meta property=\"og:site_name\" content=\"Tetrachim\" \/>\n<meta property=\"article:modified_time\" content=\"2026-04-30T09:50:49+00:00\" \/>\n<meta property=\"og:image\" content=\"https:\/\/www.tetrachim.com\/wp-content\/uploads\/2020\/11\/packshot-loctite-nci-7002-ec-112369-08-2019.webp\" \/>\n\t<meta property=\"og:image:width\" content=\"600\" \/>\n\t<meta property=\"og:image:height\" content=\"600\" \/>\n\t<meta property=\"og:image:type\" content=\"image\/webp\" \/>\n<meta name=\"twitter:card\" content=\"summary_large_image\" \/>\n<meta name=\"twitter:site\" content=\"@Tetrachim\" \/>\n<meta name=\"twitter:label1\" content=\"Gesch\u00e4tzte Lesezeit\" \/>\n\t<meta name=\"twitter:data1\" content=\"1\u00a0Minute\" \/>\n<script type=\"application\/ld+json\" class=\"yoast-schema-graph\">{\"@context\":\"https:\\\/\\\/schema.org\",\"@graph\":[{\"@type\":\"WebPage\",\"@id\":\"https:\\\/\\\/www.tetrachim.com\\\/de\\\/produkt\\\/loctite-nci-7002\\\/\",\"url\":\"https:\\\/\\\/www.tetrachim.com\\\/de\\\/produkt\\\/loctite-nci-7002\\\/\",\"name\":\"Loctite NCI 7002 - Tetrachim\",\"isPartOf\":{\"@id\":\"https:\\\/\\\/www.tetrachim.com\\\/de\\\/#website\"},\"primaryImageOfPage\":{\"@id\":\"https:\\\/\\\/www.tetrachim.com\\\/de\\\/produkt\\\/loctite-nci-7002\\\/#primaryimage\"},\"image\":{\"@id\":\"https:\\\/\\\/www.tetrachim.com\\\/de\\\/produkt\\\/loctite-nci-7002\\\/#primaryimage\"},\"thumbnailUrl\":\"https:\\\/\\\/www.tetrachim.com\\\/wp-content\\\/uploads\\\/2020\\\/11\\\/packshot-loctite-nci-7002-ec-112369-08-2019.webp\",\"datePublished\":\"2020-11-13T11:13:09+00:00\",\"dateModified\":\"2026-04-30T09:50:49+00:00\",\"breadcrumb\":{\"@id\":\"https:\\\/\\\/www.tetrachim.com\\\/de\\\/produkt\\\/loctite-nci-7002\\\/#breadcrumb\"},\"inLanguage\":\"de\",\"potentialAction\":[{\"@type\":\"ReadAction\",\"target\":[\"https:\\\/\\\/www.tetrachim.com\\\/de\\\/produkt\\\/loctite-nci-7002\\\/\"]}]},{\"@type\":\"ImageObject\",\"inLanguage\":\"de\",\"@id\":\"https:\\\/\\\/www.tetrachim.com\\\/de\\\/produkt\\\/loctite-nci-7002\\\/#primaryimage\",\"url\":\"https:\\\/\\\/www.tetrachim.com\\\/wp-content\\\/uploads\\\/2020\\\/11\\\/packshot-loctite-nci-7002-ec-112369-08-2019.webp\",\"contentUrl\":\"https:\\\/\\\/www.tetrachim.com\\\/wp-content\\\/uploads\\\/2020\\\/11\\\/packshot-loctite-nci-7002-ec-112369-08-2019.webp\",\"width\":600,\"height\":600},{\"@type\":\"BreadcrumbList\",\"@id\":\"https:\\\/\\\/www.tetrachim.com\\\/de\\\/produkt\\\/loctite-nci-7002\\\/#breadcrumb\",\"itemListElement\":[{\"@type\":\"ListItem\",\"position\":1,\"name\":\"\",\"item\":\"https:\\\/\\\/www.tetrachim.com\\\/de\\\/\"},{\"@type\":\"ListItem\",\"position\":2,\"name\":\"Shop\",\"item\":\"https:\\\/\\\/www.tetrachim.com\\\/de\\\/shop\\\/\"},{\"@type\":\"ListItem\",\"position\":3,\"name\":\"Loctite NCI 7002\"}]},{\"@type\":\"WebSite\",\"@id\":\"https:\\\/\\\/www.tetrachim.com\\\/de\\\/#website\",\"url\":\"https:\\\/\\\/www.tetrachim.com\\\/de\\\/\",\"name\":\"Tetrachim\",\"description\":\"Rev\u00eatements high-tech\",\"publisher\":{\"@id\":\"https:\\\/\\\/www.tetrachim.com\\\/de\\\/#organization\"},\"potentialAction\":[{\"@type\":\"SearchAction\",\"target\":{\"@type\":\"EntryPoint\",\"urlTemplate\":\"https:\\\/\\\/www.tetrachim.com\\\/de\\\/?s={search_term_string}\"},\"query-input\":{\"@type\":\"PropertyValueSpecification\",\"valueRequired\":true,\"valueName\":\"search_term_string\"}}],\"inLanguage\":\"de\"},{\"@type\":\"Organization\",\"@id\":\"https:\\\/\\\/www.tetrachim.com\\\/de\\\/#organization\",\"name\":\"Tetrachim\",\"url\":\"https:\\\/\\\/www.tetrachim.com\\\/de\\\/\",\"logo\":{\"@type\":\"ImageObject\",\"inLanguage\":\"de\",\"@id\":\"https:\\\/\\\/www.tetrachim.com\\\/de\\\/#\\\/schema\\\/logo\\\/image\\\/\",\"url\":\"https:\\\/\\\/www.tetrachim.com\\\/wp-content\\\/uploads\\\/2020\\\/07\\\/logo-tetrachim.png\",\"contentUrl\":\"https:\\\/\\\/www.tetrachim.com\\\/wp-content\\\/uploads\\\/2020\\\/07\\\/logo-tetrachim.png\",\"width\":244,\"height\":51,\"caption\":\"Tetrachim\"},\"image\":{\"@id\":\"https:\\\/\\\/www.tetrachim.com\\\/de\\\/#\\\/schema\\\/logo\\\/image\\\/\"},\"sameAs\":[\"https:\\\/\\\/x.com\\\/Tetrachim\",\"https:\\\/\\\/www.linkedin.com\\\/company\\\/tetrachim\\\/\"]}]}<\/script>\n<!-- \/ Yoast SEO plugin. -->","yoast_head_json":{"title":"Loctite NCI 7002 - Tetrachim","robots":{"index":"index","follow":"follow","max-snippet":"max-snippet:-1","max-image-preview":"max-image-preview:large","max-video-preview":"max-video-preview:-1"},"canonical":"https:\/\/www.tetrachim.com\/de\/produkt\/loctite-nci-7002\/","og_locale":"de_DE","og_type":"article","og_title":"Loctite NCI 7002 - Tetrachim","og_description":"Die siebdruckf\u00e4hige Tinte LOCTITE NCI 7002 E&amp;C wurde speziell f\u00fcr die Mischung mit den druckf\u00e4higen Tinten LOCTITE ECI 7004HR E&amp;C und LOCTITE ECI 7004LR E&amp;C entwickelt, um eine Reihe von Widerstandswerten zu erzielen.","og_url":"https:\/\/www.tetrachim.com\/de\/produkt\/loctite-nci-7002\/","og_site_name":"Tetrachim","article_modified_time":"2026-04-30T09:50:49+00:00","og_image":[{"width":600,"height":600,"url":"https:\/\/www.tetrachim.com\/wp-content\/uploads\/2020\/11\/packshot-loctite-nci-7002-ec-112369-08-2019.webp","type":"image\/webp"}],"twitter_card":"summary_large_image","twitter_site":"@Tetrachim","twitter_misc":{"Gesch\u00e4tzte Lesezeit":"1\u00a0Minute"},"schema":{"@context":"https:\/\/schema.org","@graph":[{"@type":"WebPage","@id":"https:\/\/www.tetrachim.com\/de\/produkt\/loctite-nci-7002\/","url":"https:\/\/www.tetrachim.com\/de\/produkt\/loctite-nci-7002\/","name":"Loctite NCI 7002 - Tetrachim","isPartOf":{"@id":"https:\/\/www.tetrachim.com\/de\/#website"},"primaryImageOfPage":{"@id":"https:\/\/www.tetrachim.com\/de\/produkt\/loctite-nci-7002\/#primaryimage"},"image":{"@id":"https:\/\/www.tetrachim.com\/de\/produkt\/loctite-nci-7002\/#primaryimage"},"thumbnailUrl":"https:\/\/www.tetrachim.com\/wp-content\/uploads\/2020\/11\/packshot-loctite-nci-7002-ec-112369-08-2019.webp","datePublished":"2020-11-13T11:13:09+00:00","dateModified":"2026-04-30T09:50:49+00:00","breadcrumb":{"@id":"https:\/\/www.tetrachim.com\/de\/produkt\/loctite-nci-7002\/#breadcrumb"},"inLanguage":"de","potentialAction":[{"@type":"ReadAction","target":["https:\/\/www.tetrachim.com\/de\/produkt\/loctite-nci-7002\/"]}]},{"@type":"ImageObject","inLanguage":"de","@id":"https:\/\/www.tetrachim.com\/de\/produkt\/loctite-nci-7002\/#primaryimage","url":"https:\/\/www.tetrachim.com\/wp-content\/uploads\/2020\/11\/packshot-loctite-nci-7002-ec-112369-08-2019.webp","contentUrl":"https:\/\/www.tetrachim.com\/wp-content\/uploads\/2020\/11\/packshot-loctite-nci-7002-ec-112369-08-2019.webp","width":600,"height":600},{"@type":"BreadcrumbList","@id":"https:\/\/www.tetrachim.com\/de\/produkt\/loctite-nci-7002\/#breadcrumb","itemListElement":[{"@type":"ListItem","position":1,"name":"","item":"https:\/\/www.tetrachim.com\/de\/"},{"@type":"ListItem","position":2,"name":"Shop","item":"https:\/\/www.tetrachim.com\/de\/shop\/"},{"@type":"ListItem","position":3,"name":"Loctite NCI 7002"}]},{"@type":"WebSite","@id":"https:\/\/www.tetrachim.com\/de\/#website","url":"https:\/\/www.tetrachim.com\/de\/","name":"Tetrachim","description":"Rev\u00eatements high-tech","publisher":{"@id":"https:\/\/www.tetrachim.com\/de\/#organization"},"potentialAction":[{"@type":"SearchAction","target":{"@type":"EntryPoint","urlTemplate":"https:\/\/www.tetrachim.com\/de\/?s={search_term_string}"},"query-input":{"@type":"PropertyValueSpecification","valueRequired":true,"valueName":"search_term_string"}}],"inLanguage":"de"},{"@type":"Organization","@id":"https:\/\/www.tetrachim.com\/de\/#organization","name":"Tetrachim","url":"https:\/\/www.tetrachim.com\/de\/","logo":{"@type":"ImageObject","inLanguage":"de","@id":"https:\/\/www.tetrachim.com\/de\/#\/schema\/logo\/image\/","url":"https:\/\/www.tetrachim.com\/wp-content\/uploads\/2020\/07\/logo-tetrachim.png","contentUrl":"https:\/\/www.tetrachim.com\/wp-content\/uploads\/2020\/07\/logo-tetrachim.png","width":244,"height":51,"caption":"Tetrachim"},"image":{"@id":"https:\/\/www.tetrachim.com\/de\/#\/schema\/logo\/image\/"},"sameAs":["https:\/\/x.com\/Tetrachim","https:\/\/www.linkedin.com\/company\/tetrachim\/"]}]}},"tiered_pricing_type":"fixed","tiered_pricing_fixed_rules":[],"tiered_pricing_product_settings":{"layout":"default","base_unit_name":{"singular":null,"plural":null},"default_variation":null},"tiered_pricing_minimum_quantity":null,"tiered_pricing_roles_data":[],"tiered_pricing_percentage_rules":[],"_links":{"self":[{"href":"https:\/\/www.tetrachim.com\/de\/wp-json\/wp\/v2\/product\/98927","targetHints":{"allow":["GET"]}}],"collection":[{"href":"https:\/\/www.tetrachim.com\/de\/wp-json\/wp\/v2\/product"}],"about":[{"href":"https:\/\/www.tetrachim.com\/de\/wp-json\/wp\/v2\/types\/product"}],"wp:featuredmedia":[{"embeddable":true,"href":"https:\/\/www.tetrachim.com\/de\/wp-json\/wp\/v2\/media\/97000"}],"wp:attachment":[{"href":"https:\/\/www.tetrachim.com\/de\/wp-json\/wp\/v2\/media?parent=98927"}],"wp:term":[{"taxonomy":"product_brand","embeddable":true,"href":"https:\/\/www.tetrachim.com\/de\/wp-json\/wp\/v2\/product_brand?post=98927"},{"taxonomy":"product_cat","embeddable":true,"href":"https:\/\/www.tetrachim.com\/de\/wp-json\/wp\/v2\/product_cat?post=98927"},{"taxonomy":"product_tag","embeddable":true,"href":"https:\/\/www.tetrachim.com\/de\/wp-json\/wp\/v2\/product_tag?post=98927"}],"curies":[{"name":"wp","href":"https:\/\/api.w.org\/{rel}","templated":true}]}}