{"id":98953,"date":"2020-11-13T22:12:44","date_gmt":"2020-11-13T21:12:44","guid":{"rendered":"https:\/\/www.tetrachim.com\/product\/532-6200-topcoat-etfe-duennfilm-weiss\/"},"modified":"2026-05-15T03:24:23","modified_gmt":"2026-05-15T01:24:23","slug":"532-6200-topcoat-etfe-duennfilm-weiss","status":"publish","type":"product","link":"https:\/\/www.tetrachim.com\/de\/produkt\/532-6200-topcoat-etfe-duennfilm-weiss\/","title":{"rendered":"532-6200 Topcoat ETFE-D\u00fcnnfilm Wei\u00df"},"content":{"rendered":"<p>ETFE ist ein thermoplastisches Copolymer aus Ethylen und Tetrafluorethylen. ETFE ist zwar nicht vollst\u00e4ndig fluoriert, weist aber eine ausgezeichnete chemische Best\u00e4ndigkeit auf und kann kontinuierlich bei 150 \u00b0C betrieben werden. Dieser Kunststoff ist der z\u00e4heste unter den Fluorkunststoffen.<\/p>\n","protected":false},"excerpt":{"rendered":"<p>Das ETFE-Pulver 532-6200 ist f\u00fcr ultraglatte Decklacke konzipiert. Es ist extrem z\u00e4h, abriebfest und hat eine ausgezeichnete chemische Best\u00e4ndigkeit. ETFE ist auch ein hervorragender elektrischer Isolator und hat gute Antihaft- und geringe Reibungseigenschaften.  <\/p>\n","protected":false},"featured_media":87470,"template":"","meta":[],"product_brand":[],"product_cat":[507],"product_tag":[],"class_list":{"0":"post-98953","1":"product","2":"type-product","3":"status-publish","4":"has-post-thumbnail","6":"supplier-chemours-de","7":"market-verpackung","8":"market-chemikalien-wasser","9":"market-papier-textil","10":"property-chemische-bestaendigkeit","11":"property-geringe-reibung","12":"property-temperaturbestaendigkeit","13":"property-antihaft-eigenschaften","14":"property-isolierung","15":"property-korrosionsbestaendigkeit","16":"product_cat-teflon-industriebeschichtungen","18":"first","19":"onbackorder","20":"taxable","21":"shipping-taxable","22":"purchasable","23":"product-type-simple"},"yoast_head":"<!-- This site is optimized with the Yoast SEO plugin v27.5 - https:\/\/yoast.com\/product\/yoast-seo-wordpress\/ -->\n<title>532-6200 Topcoat ETFE-D\u00fcnnfilm Wei\u00df - Tetrachim<\/title>\n<meta name=\"robots\" content=\"index, follow, max-snippet:-1, max-image-preview:large, max-video-preview:-1\" \/>\n<link rel=\"canonical\" href=\"https:\/\/www.tetrachim.com\/de\/produkt\/532-6200-topcoat-etfe-duennfilm-weiss\/\" \/>\n<meta property=\"og:locale\" content=\"de_DE\" \/>\n<meta property=\"og:type\" content=\"article\" \/>\n<meta property=\"og:title\" content=\"532-6200 Topcoat ETFE-D\u00fcnnfilm Wei\u00df - Tetrachim\" \/>\n<meta property=\"og:description\" content=\"Das ETFE-Pulver 532-6200 ist f\u00fcr ultraglatte Decklacke konzipiert. Es ist extrem z\u00e4h, abriebfest und hat eine ausgezeichnete chemische Best\u00e4ndigkeit. ETFE ist auch ein hervorragender elektrischer Isolator und hat gute Antihaft- und geringe Reibungseigenschaften.\" \/>\n<meta property=\"og:url\" content=\"https:\/\/www.tetrachim.com\/de\/produkt\/532-6200-topcoat-etfe-duennfilm-weiss\/\" \/>\n<meta property=\"og:site_name\" content=\"Tetrachim\" \/>\n<meta property=\"article:modified_time\" content=\"2026-05-15T01:24:23+00:00\" \/>\n<meta property=\"og:image\" content=\"https:\/\/www.tetrachim.com\/wp-content\/uploads\/2020\/09\/Packpowderpaint-couverclefin.jpg\" \/>\n\t<meta property=\"og:image:width\" content=\"900\" \/>\n\t<meta property=\"og:image:height\" content=\"900\" \/>\n\t<meta property=\"og:image:type\" content=\"image\/jpeg\" \/>\n<meta name=\"twitter:card\" content=\"summary_large_image\" \/>\n<meta name=\"twitter:site\" content=\"@Tetrachim\" \/>\n<script type=\"application\/ld+json\" class=\"yoast-schema-graph\">{\"@context\":\"https:\\\/\\\/schema.org\",\"@graph\":[{\"@type\":\"WebPage\",\"@id\":\"https:\\\/\\\/www.tetrachim.com\\\/de\\\/produkt\\\/532-6200-topcoat-etfe-duennfilm-weiss\\\/\",\"url\":\"https:\\\/\\\/www.tetrachim.com\\\/de\\\/produkt\\\/532-6200-topcoat-etfe-duennfilm-weiss\\\/\",\"name\":\"532-6200 Topcoat ETFE-D\u00fcnnfilm Wei\u00df - Tetrachim\",\"isPartOf\":{\"@id\":\"https:\\\/\\\/www.tetrachim.com\\\/de\\\/#website\"},\"primaryImageOfPage\":{\"@id\":\"https:\\\/\\\/www.tetrachim.com\\\/de\\\/produkt\\\/532-6200-topcoat-etfe-duennfilm-weiss\\\/#primaryimage\"},\"image\":{\"@id\":\"https:\\\/\\\/www.tetrachim.com\\\/de\\\/produkt\\\/532-6200-topcoat-etfe-duennfilm-weiss\\\/#primaryimage\"},\"thumbnailUrl\":\"https:\\\/\\\/www.tetrachim.com\\\/wp-content\\\/uploads\\\/2020\\\/09\\\/Packpowderpaint-couverclefin.jpg\",\"datePublished\":\"2020-11-13T21:12:44+00:00\",\"dateModified\":\"2026-05-15T01:24:23+00:00\",\"breadcrumb\":{\"@id\":\"https:\\\/\\\/www.tetrachim.com\\\/de\\\/produkt\\\/532-6200-topcoat-etfe-duennfilm-weiss\\\/#breadcrumb\"},\"inLanguage\":\"de\",\"potentialAction\":[{\"@type\":\"ReadAction\",\"target\":[\"https:\\\/\\\/www.tetrachim.com\\\/de\\\/produkt\\\/532-6200-topcoat-etfe-duennfilm-weiss\\\/\"]}]},{\"@type\":\"ImageObject\",\"inLanguage\":\"de\",\"@id\":\"https:\\\/\\\/www.tetrachim.com\\\/de\\\/produkt\\\/532-6200-topcoat-etfe-duennfilm-weiss\\\/#primaryimage\",\"url\":\"https:\\\/\\\/www.tetrachim.com\\\/wp-content\\\/uploads\\\/2020\\\/09\\\/Packpowderpaint-couverclefin.jpg\",\"contentUrl\":\"https:\\\/\\\/www.tetrachim.com\\\/wp-content\\\/uploads\\\/2020\\\/09\\\/Packpowderpaint-couverclefin.jpg\",\"width\":900,\"height\":900},{\"@type\":\"BreadcrumbList\",\"@id\":\"https:\\\/\\\/www.tetrachim.com\\\/de\\\/produkt\\\/532-6200-topcoat-etfe-duennfilm-weiss\\\/#breadcrumb\",\"itemListElement\":[{\"@type\":\"ListItem\",\"position\":1,\"name\":\"\",\"item\":\"https:\\\/\\\/www.tetrachim.com\\\/de\\\/\"},{\"@type\":\"ListItem\",\"position\":2,\"name\":\"Shop\",\"item\":\"https:\\\/\\\/www.tetrachim.com\\\/de\\\/shop\\\/\"},{\"@type\":\"ListItem\",\"position\":3,\"name\":\"532-6200 Topcoat ETFE-D\u00fcnnfilm Wei\u00df\"}]},{\"@type\":\"WebSite\",\"@id\":\"https:\\\/\\\/www.tetrachim.com\\\/de\\\/#website\",\"url\":\"https:\\\/\\\/www.tetrachim.com\\\/de\\\/\",\"name\":\"Tetrachim\",\"description\":\"Rev\u00eatements high-tech\",\"publisher\":{\"@id\":\"https:\\\/\\\/www.tetrachim.com\\\/de\\\/#organization\"},\"potentialAction\":[{\"@type\":\"SearchAction\",\"target\":{\"@type\":\"EntryPoint\",\"urlTemplate\":\"https:\\\/\\\/www.tetrachim.com\\\/de\\\/?s={search_term_string}\"},\"query-input\":{\"@type\":\"PropertyValueSpecification\",\"valueRequired\":true,\"valueName\":\"search_term_string\"}}],\"inLanguage\":\"de\"},{\"@type\":\"Organization\",\"@id\":\"https:\\\/\\\/www.tetrachim.com\\\/de\\\/#organization\",\"name\":\"Tetrachim\",\"url\":\"https:\\\/\\\/www.tetrachim.com\\\/de\\\/\",\"logo\":{\"@type\":\"ImageObject\",\"inLanguage\":\"de\",\"@id\":\"https:\\\/\\\/www.tetrachim.com\\\/de\\\/#\\\/schema\\\/logo\\\/image\\\/\",\"url\":\"https:\\\/\\\/www.tetrachim.com\\\/wp-content\\\/uploads\\\/2020\\\/07\\\/logo-tetrachim.png\",\"contentUrl\":\"https:\\\/\\\/www.tetrachim.com\\\/wp-content\\\/uploads\\\/2020\\\/07\\\/logo-tetrachim.png\",\"width\":244,\"height\":51,\"caption\":\"Tetrachim\"},\"image\":{\"@id\":\"https:\\\/\\\/www.tetrachim.com\\\/de\\\/#\\\/schema\\\/logo\\\/image\\\/\"},\"sameAs\":[\"https:\\\/\\\/x.com\\\/Tetrachim\",\"https:\\\/\\\/www.linkedin.com\\\/company\\\/tetrachim\\\/\"]}]}<\/script>\n<!-- \/ Yoast SEO plugin. -->","yoast_head_json":{"title":"532-6200 Topcoat ETFE-D\u00fcnnfilm Wei\u00df - Tetrachim","robots":{"index":"index","follow":"follow","max-snippet":"max-snippet:-1","max-image-preview":"max-image-preview:large","max-video-preview":"max-video-preview:-1"},"canonical":"https:\/\/www.tetrachim.com\/de\/produkt\/532-6200-topcoat-etfe-duennfilm-weiss\/","og_locale":"de_DE","og_type":"article","og_title":"532-6200 Topcoat ETFE-D\u00fcnnfilm Wei\u00df - Tetrachim","og_description":"Das ETFE-Pulver 532-6200 ist f\u00fcr ultraglatte Decklacke konzipiert. Es ist extrem z\u00e4h, abriebfest und hat eine ausgezeichnete chemische Best\u00e4ndigkeit. ETFE ist auch ein hervorragender elektrischer Isolator und hat gute Antihaft- und geringe Reibungseigenschaften.","og_url":"https:\/\/www.tetrachim.com\/de\/produkt\/532-6200-topcoat-etfe-duennfilm-weiss\/","og_site_name":"Tetrachim","article_modified_time":"2026-05-15T01:24:23+00:00","og_image":[{"width":900,"height":900,"url":"https:\/\/www.tetrachim.com\/wp-content\/uploads\/2020\/09\/Packpowderpaint-couverclefin.jpg","type":"image\/jpeg"}],"twitter_card":"summary_large_image","twitter_site":"@Tetrachim","schema":{"@context":"https:\/\/schema.org","@graph":[{"@type":"WebPage","@id":"https:\/\/www.tetrachim.com\/de\/produkt\/532-6200-topcoat-etfe-duennfilm-weiss\/","url":"https:\/\/www.tetrachim.com\/de\/produkt\/532-6200-topcoat-etfe-duennfilm-weiss\/","name":"532-6200 Topcoat ETFE-D\u00fcnnfilm Wei\u00df - Tetrachim","isPartOf":{"@id":"https:\/\/www.tetrachim.com\/de\/#website"},"primaryImageOfPage":{"@id":"https:\/\/www.tetrachim.com\/de\/produkt\/532-6200-topcoat-etfe-duennfilm-weiss\/#primaryimage"},"image":{"@id":"https:\/\/www.tetrachim.com\/de\/produkt\/532-6200-topcoat-etfe-duennfilm-weiss\/#primaryimage"},"thumbnailUrl":"https:\/\/www.tetrachim.com\/wp-content\/uploads\/2020\/09\/Packpowderpaint-couverclefin.jpg","datePublished":"2020-11-13T21:12:44+00:00","dateModified":"2026-05-15T01:24:23+00:00","breadcrumb":{"@id":"https:\/\/www.tetrachim.com\/de\/produkt\/532-6200-topcoat-etfe-duennfilm-weiss\/#breadcrumb"},"inLanguage":"de","potentialAction":[{"@type":"ReadAction","target":["https:\/\/www.tetrachim.com\/de\/produkt\/532-6200-topcoat-etfe-duennfilm-weiss\/"]}]},{"@type":"ImageObject","inLanguage":"de","@id":"https:\/\/www.tetrachim.com\/de\/produkt\/532-6200-topcoat-etfe-duennfilm-weiss\/#primaryimage","url":"https:\/\/www.tetrachim.com\/wp-content\/uploads\/2020\/09\/Packpowderpaint-couverclefin.jpg","contentUrl":"https:\/\/www.tetrachim.com\/wp-content\/uploads\/2020\/09\/Packpowderpaint-couverclefin.jpg","width":900,"height":900},{"@type":"BreadcrumbList","@id":"https:\/\/www.tetrachim.com\/de\/produkt\/532-6200-topcoat-etfe-duennfilm-weiss\/#breadcrumb","itemListElement":[{"@type":"ListItem","position":1,"name":"","item":"https:\/\/www.tetrachim.com\/de\/"},{"@type":"ListItem","position":2,"name":"Shop","item":"https:\/\/www.tetrachim.com\/de\/shop\/"},{"@type":"ListItem","position":3,"name":"532-6200 Topcoat ETFE-D\u00fcnnfilm Wei\u00df"}]},{"@type":"WebSite","@id":"https:\/\/www.tetrachim.com\/de\/#website","url":"https:\/\/www.tetrachim.com\/de\/","name":"Tetrachim","description":"Rev\u00eatements high-tech","publisher":{"@id":"https:\/\/www.tetrachim.com\/de\/#organization"},"potentialAction":[{"@type":"SearchAction","target":{"@type":"EntryPoint","urlTemplate":"https:\/\/www.tetrachim.com\/de\/?s={search_term_string}"},"query-input":{"@type":"PropertyValueSpecification","valueRequired":true,"valueName":"search_term_string"}}],"inLanguage":"de"},{"@type":"Organization","@id":"https:\/\/www.tetrachim.com\/de\/#organization","name":"Tetrachim","url":"https:\/\/www.tetrachim.com\/de\/","logo":{"@type":"ImageObject","inLanguage":"de","@id":"https:\/\/www.tetrachim.com\/de\/#\/schema\/logo\/image\/","url":"https:\/\/www.tetrachim.com\/wp-content\/uploads\/2020\/07\/logo-tetrachim.png","contentUrl":"https:\/\/www.tetrachim.com\/wp-content\/uploads\/2020\/07\/logo-tetrachim.png","width":244,"height":51,"caption":"Tetrachim"},"image":{"@id":"https:\/\/www.tetrachim.com\/de\/#\/schema\/logo\/image\/"},"sameAs":["https:\/\/x.com\/Tetrachim","https:\/\/www.linkedin.com\/company\/tetrachim\/"]}]}},"tiered_pricing_type":"fixed","tiered_pricing_fixed_rules":[],"tiered_pricing_product_settings":{"layout":"default","base_unit_name":{"singular":null,"plural":null},"default_variation":null},"tiered_pricing_minimum_quantity":null,"tiered_pricing_roles_data":[],"tiered_pricing_percentage_rules":[],"_links":{"self":[{"href":"https:\/\/www.tetrachim.com\/de\/wp-json\/wp\/v2\/product\/98953","targetHints":{"allow":["GET"]}}],"collection":[{"href":"https:\/\/www.tetrachim.com\/de\/wp-json\/wp\/v2\/product"}],"about":[{"href":"https:\/\/www.tetrachim.com\/de\/wp-json\/wp\/v2\/types\/product"}],"wp:featuredmedia":[{"embeddable":true,"href":"https:\/\/www.tetrachim.com\/de\/wp-json\/wp\/v2\/media\/87470"}],"wp:attachment":[{"href":"https:\/\/www.tetrachim.com\/de\/wp-json\/wp\/v2\/media?parent=98953"}],"wp:term":[{"taxonomy":"product_brand","embeddable":true,"href":"https:\/\/www.tetrachim.com\/de\/wp-json\/wp\/v2\/product_brand?post=98953"},{"taxonomy":"product_cat","embeddable":true,"href":"https:\/\/www.tetrachim.com\/de\/wp-json\/wp\/v2\/product_cat?post=98953"},{"taxonomy":"product_tag","embeddable":true,"href":"https:\/\/www.tetrachim.com\/de\/wp-json\/wp\/v2\/product_tag?post=98953"}],"curies":[{"name":"wp","href":"https:\/\/api.w.org\/{rel}","templated":true}]}}