{"id":98973,"date":"2020-11-13T22:13:43","date_gmt":"2020-11-13T21:13:43","guid":{"rendered":"https:\/\/www.tetrachim.com\/product\/532g-9410-decklack-pfa-pulver-klar-2\/"},"modified":"2026-04-20T11:34:19","modified_gmt":"2026-04-20T09:34:19","slug":"532g-9410-topcoat-pfa-pulver-klar-2","status":"publish","type":"product","link":"https:\/\/www.tetrachim.com\/de\/produkt\/532g-9410-topcoat-pfa-pulver-klar-2\/","title":{"rendered":"532G-9410 Topcopat PFA Pulver Klar"},"content":{"rendered":"<p>PFA (Perfluoralkoxy) Antihaftbeschichtungen schmelzen und flie\u00dfen beim Einbrennen und bilden porenfreie Filme. PFA bietet die zus\u00e4tzlichen Vorteile einer h\u00f6heren Dauergebrauchstemperatur (260\u00b0C), einer Schichtdicke von bis zu 1000 \u00b5m und einer h\u00f6heren Z\u00e4higkeit als PTFE oder FEP. Diese Kombination von Eigenschaften macht PFA zu einer ausgezeichneten Wahl f\u00fcr eine Vielzahl von Anwendungen, vor allem wenn es um chemische Best\u00e4ndigkeit geht.<\/p>\n","protected":false},"excerpt":{"rendered":"<p>PFA-Pulver bieten eine hervorragende Temperaturbest\u00e4ndigkeit, eine ausgezeichnete Trennwirkung und eine hohe Abriebfestigkeit. Das Molekulargewicht (MW) des Pulvers beeinflusst die Best\u00e4ndigkeit gegen\u00fcber mechanischen und\/oder thermischen Eigenschaften; je h\u00f6her das MW, desto h\u00f6her ist die Best\u00e4ndigkeit des Polymers gegen\u00fcber Erm\u00fcdung\/Spannungsrissen. Die Schmelzflussrate (MFR) des Pulvers hat Einfluss auf die Anwendungsmethodik: je h\u00f6her die MFR, desto besser der Fluss und glatter der Film, auch eine M\u00f6glichkeit, die Verarbeitungszeit zu verringern.<\/p>\n","protected":false},"featured_media":87465,"template":"","meta":[],"product_brand":[],"product_cat":[507],"product_tag":[],"class_list":{"0":"post-98973","1":"product","2":"type-product","3":"status-publish","4":"has-post-thumbnail","6":"supplier-chemours-de","7":"market-lebensmittel-industrielle-backformen","8":"property-temperaturbestaendigkeit","9":"property-antihaft-eigenschaften","10":"property-korrosionsbestaendigkeit","11":"property-abriebfestigkeit","12":"product_cat-teflon-industriebeschichtungen","14":"first","15":"onbackorder","16":"taxable","17":"shipping-taxable","18":"purchasable","19":"product-type-simple"},"yoast_head":"<!-- This site is optimized with the Yoast SEO plugin v27.4 - https:\/\/yoast.com\/product\/yoast-seo-wordpress\/ -->\n<title>532G-9410 Topcopat PFA Pulver Klar - Tetrachim<\/title>\n<meta name=\"robots\" content=\"index, follow, max-snippet:-1, max-image-preview:large, max-video-preview:-1\" \/>\n<link rel=\"canonical\" href=\"https:\/\/www.tetrachim.com\/de\/produkt\/532g-9410-topcoat-pfa-pulver-klar-2\/\" \/>\n<meta property=\"og:locale\" content=\"de_DE\" \/>\n<meta property=\"og:type\" content=\"article\" \/>\n<meta property=\"og:title\" content=\"532G-9410 Topcopat PFA Pulver Klar - Tetrachim\" \/>\n<meta property=\"og:description\" content=\"PFA-Pulver bieten eine hervorragende Temperaturbest\u00e4ndigkeit, eine ausgezeichnete Trennwirkung und eine hohe Abriebfestigkeit. Das Molekulargewicht (MW) des Pulvers beeinflusst die Best\u00e4ndigkeit gegen\u00fcber mechanischen und\/oder thermischen Eigenschaften; je h\u00f6her das MW, desto h\u00f6her ist die Best\u00e4ndigkeit des Polymers gegen\u00fcber Erm\u00fcdung\/Spannungsrissen. Die Schmelzflussrate (MFR) des Pulvers hat Einfluss auf die Anwendungsmethodik: je h\u00f6her die MFR, desto besser der Fluss und glatter der Film, auch eine M\u00f6glichkeit, die Verarbeitungszeit zu verringern.\" \/>\n<meta property=\"og:url\" content=\"https:\/\/www.tetrachim.com\/de\/produkt\/532g-9410-topcoat-pfa-pulver-klar-2\/\" \/>\n<meta property=\"og:site_name\" content=\"Tetrachim\" \/>\n<meta property=\"article:modified_time\" content=\"2026-04-20T09:34:19+00:00\" \/>\n<meta property=\"og:image\" content=\"https:\/\/www.tetrachim.com\/wp-content\/uploads\/2020\/09\/Packpowderpaint.jpg\" \/>\n\t<meta property=\"og:image:width\" content=\"900\" \/>\n\t<meta property=\"og:image:height\" content=\"900\" \/>\n\t<meta property=\"og:image:type\" content=\"image\/jpeg\" \/>\n<meta name=\"twitter:card\" content=\"summary_large_image\" \/>\n<meta name=\"twitter:site\" content=\"@Tetrachim\" \/>\n<meta name=\"twitter:label1\" content=\"Gesch\u00e4tzte Lesezeit\" \/>\n\t<meta name=\"twitter:data1\" content=\"1\u00a0Minute\" \/>\n<script type=\"application\/ld+json\" class=\"yoast-schema-graph\">{\"@context\":\"https:\\\/\\\/schema.org\",\"@graph\":[{\"@type\":\"WebPage\",\"@id\":\"https:\\\/\\\/www.tetrachim.com\\\/de\\\/produkt\\\/532g-9410-topcoat-pfa-pulver-klar-2\\\/\",\"url\":\"https:\\\/\\\/www.tetrachim.com\\\/de\\\/produkt\\\/532g-9410-topcoat-pfa-pulver-klar-2\\\/\",\"name\":\"532G-9410 Topcopat PFA Pulver Klar - Tetrachim\",\"isPartOf\":{\"@id\":\"https:\\\/\\\/www.tetrachim.com\\\/de\\\/#website\"},\"primaryImageOfPage\":{\"@id\":\"https:\\\/\\\/www.tetrachim.com\\\/de\\\/produkt\\\/532g-9410-topcoat-pfa-pulver-klar-2\\\/#primaryimage\"},\"image\":{\"@id\":\"https:\\\/\\\/www.tetrachim.com\\\/de\\\/produkt\\\/532g-9410-topcoat-pfa-pulver-klar-2\\\/#primaryimage\"},\"thumbnailUrl\":\"https:\\\/\\\/www.tetrachim.com\\\/wp-content\\\/uploads\\\/2020\\\/09\\\/Packpowderpaint.jpg\",\"datePublished\":\"2020-11-13T21:13:43+00:00\",\"dateModified\":\"2026-04-20T09:34:19+00:00\",\"breadcrumb\":{\"@id\":\"https:\\\/\\\/www.tetrachim.com\\\/de\\\/produkt\\\/532g-9410-topcoat-pfa-pulver-klar-2\\\/#breadcrumb\"},\"inLanguage\":\"de\",\"potentialAction\":[{\"@type\":\"ReadAction\",\"target\":[\"https:\\\/\\\/www.tetrachim.com\\\/de\\\/produkt\\\/532g-9410-topcoat-pfa-pulver-klar-2\\\/\"]}]},{\"@type\":\"ImageObject\",\"inLanguage\":\"de\",\"@id\":\"https:\\\/\\\/www.tetrachim.com\\\/de\\\/produkt\\\/532g-9410-topcoat-pfa-pulver-klar-2\\\/#primaryimage\",\"url\":\"https:\\\/\\\/www.tetrachim.com\\\/wp-content\\\/uploads\\\/2020\\\/09\\\/Packpowderpaint.jpg\",\"contentUrl\":\"https:\\\/\\\/www.tetrachim.com\\\/wp-content\\\/uploads\\\/2020\\\/09\\\/Packpowderpaint.jpg\",\"width\":900,\"height\":900},{\"@type\":\"BreadcrumbList\",\"@id\":\"https:\\\/\\\/www.tetrachim.com\\\/de\\\/produkt\\\/532g-9410-topcoat-pfa-pulver-klar-2\\\/#breadcrumb\",\"itemListElement\":[{\"@type\":\"ListItem\",\"position\":1,\"name\":\"\",\"item\":\"https:\\\/\\\/www.tetrachim.com\\\/de\\\/\"},{\"@type\":\"ListItem\",\"position\":2,\"name\":\"Shop\",\"item\":\"https:\\\/\\\/www.tetrachim.com\\\/de\\\/shop\\\/\"},{\"@type\":\"ListItem\",\"position\":3,\"name\":\"532G-9410 Topcopat PFA Pulver Klar\"}]},{\"@type\":\"WebSite\",\"@id\":\"https:\\\/\\\/www.tetrachim.com\\\/de\\\/#website\",\"url\":\"https:\\\/\\\/www.tetrachim.com\\\/de\\\/\",\"name\":\"Tetrachim\",\"description\":\"Rev\u00eatements high-tech\",\"publisher\":{\"@id\":\"https:\\\/\\\/www.tetrachim.com\\\/de\\\/#organization\"},\"potentialAction\":[{\"@type\":\"SearchAction\",\"target\":{\"@type\":\"EntryPoint\",\"urlTemplate\":\"https:\\\/\\\/www.tetrachim.com\\\/de\\\/?s={search_term_string}\"},\"query-input\":{\"@type\":\"PropertyValueSpecification\",\"valueRequired\":true,\"valueName\":\"search_term_string\"}}],\"inLanguage\":\"de\"},{\"@type\":\"Organization\",\"@id\":\"https:\\\/\\\/www.tetrachim.com\\\/de\\\/#organization\",\"name\":\"Tetrachim\",\"url\":\"https:\\\/\\\/www.tetrachim.com\\\/de\\\/\",\"logo\":{\"@type\":\"ImageObject\",\"inLanguage\":\"de\",\"@id\":\"https:\\\/\\\/www.tetrachim.com\\\/de\\\/#\\\/schema\\\/logo\\\/image\\\/\",\"url\":\"https:\\\/\\\/www.tetrachim.com\\\/wp-content\\\/uploads\\\/2020\\\/07\\\/logo-tetrachim.png\",\"contentUrl\":\"https:\\\/\\\/www.tetrachim.com\\\/wp-content\\\/uploads\\\/2020\\\/07\\\/logo-tetrachim.png\",\"width\":244,\"height\":51,\"caption\":\"Tetrachim\"},\"image\":{\"@id\":\"https:\\\/\\\/www.tetrachim.com\\\/de\\\/#\\\/schema\\\/logo\\\/image\\\/\"},\"sameAs\":[\"https:\\\/\\\/x.com\\\/Tetrachim\",\"https:\\\/\\\/www.linkedin.com\\\/company\\\/tetrachim\\\/\"]}]}<\/script>\n<!-- \/ Yoast SEO plugin. -->","yoast_head_json":{"title":"532G-9410 Topcopat PFA Pulver Klar - Tetrachim","robots":{"index":"index","follow":"follow","max-snippet":"max-snippet:-1","max-image-preview":"max-image-preview:large","max-video-preview":"max-video-preview:-1"},"canonical":"https:\/\/www.tetrachim.com\/de\/produkt\/532g-9410-topcoat-pfa-pulver-klar-2\/","og_locale":"de_DE","og_type":"article","og_title":"532G-9410 Topcopat PFA Pulver Klar - Tetrachim","og_description":"PFA-Pulver bieten eine hervorragende Temperaturbest\u00e4ndigkeit, eine ausgezeichnete Trennwirkung und eine hohe Abriebfestigkeit. Das Molekulargewicht (MW) des Pulvers beeinflusst die Best\u00e4ndigkeit gegen\u00fcber mechanischen und\/oder thermischen Eigenschaften; je h\u00f6her das MW, desto h\u00f6her ist die Best\u00e4ndigkeit des Polymers gegen\u00fcber Erm\u00fcdung\/Spannungsrissen. Die Schmelzflussrate (MFR) des Pulvers hat Einfluss auf die Anwendungsmethodik: je h\u00f6her die MFR, desto besser der Fluss und glatter der Film, auch eine M\u00f6glichkeit, die Verarbeitungszeit zu verringern.","og_url":"https:\/\/www.tetrachim.com\/de\/produkt\/532g-9410-topcoat-pfa-pulver-klar-2\/","og_site_name":"Tetrachim","article_modified_time":"2026-04-20T09:34:19+00:00","og_image":[{"width":900,"height":900,"url":"https:\/\/www.tetrachim.com\/wp-content\/uploads\/2020\/09\/Packpowderpaint.jpg","type":"image\/jpeg"}],"twitter_card":"summary_large_image","twitter_site":"@Tetrachim","twitter_misc":{"Gesch\u00e4tzte Lesezeit":"1\u00a0Minute"},"schema":{"@context":"https:\/\/schema.org","@graph":[{"@type":"WebPage","@id":"https:\/\/www.tetrachim.com\/de\/produkt\/532g-9410-topcoat-pfa-pulver-klar-2\/","url":"https:\/\/www.tetrachim.com\/de\/produkt\/532g-9410-topcoat-pfa-pulver-klar-2\/","name":"532G-9410 Topcopat PFA Pulver Klar - Tetrachim","isPartOf":{"@id":"https:\/\/www.tetrachim.com\/de\/#website"},"primaryImageOfPage":{"@id":"https:\/\/www.tetrachim.com\/de\/produkt\/532g-9410-topcoat-pfa-pulver-klar-2\/#primaryimage"},"image":{"@id":"https:\/\/www.tetrachim.com\/de\/produkt\/532g-9410-topcoat-pfa-pulver-klar-2\/#primaryimage"},"thumbnailUrl":"https:\/\/www.tetrachim.com\/wp-content\/uploads\/2020\/09\/Packpowderpaint.jpg","datePublished":"2020-11-13T21:13:43+00:00","dateModified":"2026-04-20T09:34:19+00:00","breadcrumb":{"@id":"https:\/\/www.tetrachim.com\/de\/produkt\/532g-9410-topcoat-pfa-pulver-klar-2\/#breadcrumb"},"inLanguage":"de","potentialAction":[{"@type":"ReadAction","target":["https:\/\/www.tetrachim.com\/de\/produkt\/532g-9410-topcoat-pfa-pulver-klar-2\/"]}]},{"@type":"ImageObject","inLanguage":"de","@id":"https:\/\/www.tetrachim.com\/de\/produkt\/532g-9410-topcoat-pfa-pulver-klar-2\/#primaryimage","url":"https:\/\/www.tetrachim.com\/wp-content\/uploads\/2020\/09\/Packpowderpaint.jpg","contentUrl":"https:\/\/www.tetrachim.com\/wp-content\/uploads\/2020\/09\/Packpowderpaint.jpg","width":900,"height":900},{"@type":"BreadcrumbList","@id":"https:\/\/www.tetrachim.com\/de\/produkt\/532g-9410-topcoat-pfa-pulver-klar-2\/#breadcrumb","itemListElement":[{"@type":"ListItem","position":1,"name":"","item":"https:\/\/www.tetrachim.com\/de\/"},{"@type":"ListItem","position":2,"name":"Shop","item":"https:\/\/www.tetrachim.com\/de\/shop\/"},{"@type":"ListItem","position":3,"name":"532G-9410 Topcopat PFA Pulver Klar"}]},{"@type":"WebSite","@id":"https:\/\/www.tetrachim.com\/de\/#website","url":"https:\/\/www.tetrachim.com\/de\/","name":"Tetrachim","description":"Rev\u00eatements high-tech","publisher":{"@id":"https:\/\/www.tetrachim.com\/de\/#organization"},"potentialAction":[{"@type":"SearchAction","target":{"@type":"EntryPoint","urlTemplate":"https:\/\/www.tetrachim.com\/de\/?s={search_term_string}"},"query-input":{"@type":"PropertyValueSpecification","valueRequired":true,"valueName":"search_term_string"}}],"inLanguage":"de"},{"@type":"Organization","@id":"https:\/\/www.tetrachim.com\/de\/#organization","name":"Tetrachim","url":"https:\/\/www.tetrachim.com\/de\/","logo":{"@type":"ImageObject","inLanguage":"de","@id":"https:\/\/www.tetrachim.com\/de\/#\/schema\/logo\/image\/","url":"https:\/\/www.tetrachim.com\/wp-content\/uploads\/2020\/07\/logo-tetrachim.png","contentUrl":"https:\/\/www.tetrachim.com\/wp-content\/uploads\/2020\/07\/logo-tetrachim.png","width":244,"height":51,"caption":"Tetrachim"},"image":{"@id":"https:\/\/www.tetrachim.com\/de\/#\/schema\/logo\/image\/"},"sameAs":["https:\/\/x.com\/Tetrachim","https:\/\/www.linkedin.com\/company\/tetrachim\/"]}]}},"tiered_pricing_type":"fixed","tiered_pricing_fixed_rules":[],"tiered_pricing_product_settings":{"layout":"default","base_unit_name":{"singular":null,"plural":null},"default_variation":null},"tiered_pricing_minimum_quantity":null,"tiered_pricing_roles_data":[],"tiered_pricing_percentage_rules":[],"_links":{"self":[{"href":"https:\/\/www.tetrachim.com\/de\/wp-json\/wp\/v2\/product\/98973","targetHints":{"allow":["GET"]}}],"collection":[{"href":"https:\/\/www.tetrachim.com\/de\/wp-json\/wp\/v2\/product"}],"about":[{"href":"https:\/\/www.tetrachim.com\/de\/wp-json\/wp\/v2\/types\/product"}],"wp:featuredmedia":[{"embeddable":true,"href":"https:\/\/www.tetrachim.com\/de\/wp-json\/wp\/v2\/media\/87465"}],"wp:attachment":[{"href":"https:\/\/www.tetrachim.com\/de\/wp-json\/wp\/v2\/media?parent=98973"}],"wp:term":[{"taxonomy":"product_brand","embeddable":true,"href":"https:\/\/www.tetrachim.com\/de\/wp-json\/wp\/v2\/product_brand?post=98973"},{"taxonomy":"product_cat","embeddable":true,"href":"https:\/\/www.tetrachim.com\/de\/wp-json\/wp\/v2\/product_cat?post=98973"},{"taxonomy":"product_tag","embeddable":true,"href":"https:\/\/www.tetrachim.com\/de\/wp-json\/wp\/v2\/product_tag?post=98973"}],"curies":[{"name":"wp","href":"https:\/\/api.w.org\/{rel}","templated":true}]}}