{"id":98999,"date":"2020-11-13T22:14:47","date_gmt":"2020-11-13T21:14:47","guid":{"rendered":"https:\/\/www.tetrachim.com\/product\/856g-300-topcoat-fep-klar\/"},"modified":"2026-05-14T09:39:19","modified_gmt":"2026-05-14T07:39:19","slug":"856g-300-topcoat-fep-klar","status":"publish","type":"product","link":"https:\/\/www.tetrachim.com\/de\/produkt\/856g-300-topcoat-fep-klar\/","title":{"rendered":"856G-300 Topcoat FEP Klar"},"content":{"rendered":"<p>FEP-Antihaftbeschichtungen (Fluoriertes Ethylen-Propylen-Copolymer) schmelzen und flie\u00dfen beim Backen und bilden so porenfreie Filme, die eine nat\u00fcrliche Wahl f\u00fcr Trennanwendungen mit geringem Abrieb sind. FEP-Beschichtungen haben nicht nur eine geringe Reibung, sondern auch hervorragende Antihafteigenschaften und eine ausgezeichnete chemische Best\u00e4ndigkeit. Die maximale Einsatztemperatur liegt bei 205\u00b0C.<\/p>\n","protected":false},"excerpt":{"rendered":"<p>856G-300 ist eine FEP-Deckbeschichtung auf Wasserbasis, die hervorragende Antihafteigenschaften sowie Chemikalien- und Korrosionsbest\u00e4ndigkeit bietet. Fl\u00fcssige FEP-Produkte sind eine nat\u00fcrliche Wahl f\u00fcr Trennanwendungen mit geringem Abrieb. Sie werden haupts\u00e4chlich f\u00fcr industrielle Backwaren und Formen verwendet. Pigmentierte Schichten, die als Zwischenbeschichtung aufgetragen werden, verbessern die Permeationsbest\u00e4ndigkeit des Beschichtungssystems.<\/p>\n<p>Empfohlene Primer sind 420G-71x und 470G-71x.<\/p>\n","protected":false},"featured_media":97043,"template":"","meta":[],"product_brand":[],"product_cat":[507],"product_tag":[],"class_list":{"0":"post-98999","1":"product","2":"type-product","3":"status-publish","4":"has-post-thumbnail","6":"supplier-chemours-de","7":"market-verpackung","8":"market-lebensmittel-industrielle-backformen","9":"market-papier-textil","10":"property-chemische-bestaendigkeit","11":"property-temperaturbestaendigkeit","12":"property-antihaft-eigenschaften","13":"property-korrosionsbestaendigkeit","14":"product_cat-teflon-industriebeschichtungen","16":"first","17":"onbackorder","18":"taxable","19":"shipping-taxable","20":"purchasable","21":"product-type-simple"},"yoast_head":"<!-- This site is optimized with the Yoast SEO plugin v27.5 - https:\/\/yoast.com\/product\/yoast-seo-wordpress\/ -->\n<title>856G-300 Topcoat FEP Klar - Tetrachim<\/title>\n<meta name=\"robots\" content=\"index, follow, max-snippet:-1, max-image-preview:large, max-video-preview:-1\" \/>\n<link rel=\"canonical\" href=\"https:\/\/www.tetrachim.com\/de\/produkt\/856g-300-topcoat-fep-klar\/\" \/>\n<meta property=\"og:locale\" content=\"de_DE\" \/>\n<meta property=\"og:type\" content=\"article\" \/>\n<meta property=\"og:title\" content=\"856G-300 Topcoat FEP Klar - Tetrachim\" \/>\n<meta property=\"og:description\" content=\"856G-300 ist eine FEP-Deckbeschichtung auf Wasserbasis, die hervorragende Antihafteigenschaften sowie Chemikalien- und Korrosionsbest\u00e4ndigkeit bietet. Fl\u00fcssige FEP-Produkte sind eine nat\u00fcrliche Wahl f\u00fcr Trennanwendungen mit geringem Abrieb. Sie werden haupts\u00e4chlich f\u00fcr industrielle Backwaren und Formen verwendet. Pigmentierte Schichten, die als Zwischenbeschichtung aufgetragen werden, verbessern die Permeationsbest\u00e4ndigkeit des Beschichtungssystems.  Empfohlene Primer sind 420G-71x und 470G-71x.\" \/>\n<meta property=\"og:url\" content=\"https:\/\/www.tetrachim.com\/de\/produkt\/856g-300-topcoat-fep-klar\/\" \/>\n<meta property=\"og:site_name\" content=\"Tetrachim\" \/>\n<meta property=\"article:modified_time\" content=\"2026-05-14T07:39:19+00:00\" \/>\n<meta property=\"og:image\" content=\"https:\/\/www.tetrachim.com\/wp-content\/uploads\/2020\/11\/packshot-856G300_5kg.png\" \/>\n\t<meta property=\"og:image:width\" content=\"1734\" \/>\n\t<meta property=\"og:image:height\" content=\"2312\" \/>\n\t<meta property=\"og:image:type\" content=\"image\/png\" \/>\n<meta name=\"twitter:card\" content=\"summary_large_image\" \/>\n<meta name=\"twitter:site\" content=\"@Tetrachim\" \/>\n<meta name=\"twitter:label1\" content=\"Gesch\u00e4tzte Lesezeit\" \/>\n\t<meta name=\"twitter:data1\" content=\"1\u00a0Minute\" \/>\n<script type=\"application\/ld+json\" class=\"yoast-schema-graph\">{\"@context\":\"https:\\\/\\\/schema.org\",\"@graph\":[{\"@type\":\"WebPage\",\"@id\":\"https:\\\/\\\/www.tetrachim.com\\\/de\\\/produkt\\\/856g-300-topcoat-fep-klar\\\/\",\"url\":\"https:\\\/\\\/www.tetrachim.com\\\/de\\\/produkt\\\/856g-300-topcoat-fep-klar\\\/\",\"name\":\"856G-300 Topcoat FEP Klar - Tetrachim\",\"isPartOf\":{\"@id\":\"https:\\\/\\\/www.tetrachim.com\\\/de\\\/#website\"},\"primaryImageOfPage\":{\"@id\":\"https:\\\/\\\/www.tetrachim.com\\\/de\\\/produkt\\\/856g-300-topcoat-fep-klar\\\/#primaryimage\"},\"image\":{\"@id\":\"https:\\\/\\\/www.tetrachim.com\\\/de\\\/produkt\\\/856g-300-topcoat-fep-klar\\\/#primaryimage\"},\"thumbnailUrl\":\"https:\\\/\\\/www.tetrachim.com\\\/wp-content\\\/uploads\\\/2020\\\/11\\\/packshot-856G300_5kg.png\",\"datePublished\":\"2020-11-13T21:14:47+00:00\",\"dateModified\":\"2026-05-14T07:39:19+00:00\",\"breadcrumb\":{\"@id\":\"https:\\\/\\\/www.tetrachim.com\\\/de\\\/produkt\\\/856g-300-topcoat-fep-klar\\\/#breadcrumb\"},\"inLanguage\":\"de\",\"potentialAction\":[{\"@type\":\"ReadAction\",\"target\":[\"https:\\\/\\\/www.tetrachim.com\\\/de\\\/produkt\\\/856g-300-topcoat-fep-klar\\\/\"]}]},{\"@type\":\"ImageObject\",\"inLanguage\":\"de\",\"@id\":\"https:\\\/\\\/www.tetrachim.com\\\/de\\\/produkt\\\/856g-300-topcoat-fep-klar\\\/#primaryimage\",\"url\":\"https:\\\/\\\/www.tetrachim.com\\\/wp-content\\\/uploads\\\/2020\\\/11\\\/packshot-856G300_5kg.png\",\"contentUrl\":\"https:\\\/\\\/www.tetrachim.com\\\/wp-content\\\/uploads\\\/2020\\\/11\\\/packshot-856G300_5kg.png\",\"width\":1734,\"height\":2312},{\"@type\":\"BreadcrumbList\",\"@id\":\"https:\\\/\\\/www.tetrachim.com\\\/de\\\/produkt\\\/856g-300-topcoat-fep-klar\\\/#breadcrumb\",\"itemListElement\":[{\"@type\":\"ListItem\",\"position\":1,\"name\":\"\",\"item\":\"https:\\\/\\\/www.tetrachim.com\\\/de\\\/\"},{\"@type\":\"ListItem\",\"position\":2,\"name\":\"Shop\",\"item\":\"https:\\\/\\\/www.tetrachim.com\\\/de\\\/shop\\\/\"},{\"@type\":\"ListItem\",\"position\":3,\"name\":\"856G-300 Topcoat FEP Klar\"}]},{\"@type\":\"WebSite\",\"@id\":\"https:\\\/\\\/www.tetrachim.com\\\/de\\\/#website\",\"url\":\"https:\\\/\\\/www.tetrachim.com\\\/de\\\/\",\"name\":\"Tetrachim\",\"description\":\"Rev\u00eatements high-tech\",\"publisher\":{\"@id\":\"https:\\\/\\\/www.tetrachim.com\\\/de\\\/#organization\"},\"potentialAction\":[{\"@type\":\"SearchAction\",\"target\":{\"@type\":\"EntryPoint\",\"urlTemplate\":\"https:\\\/\\\/www.tetrachim.com\\\/de\\\/?s={search_term_string}\"},\"query-input\":{\"@type\":\"PropertyValueSpecification\",\"valueRequired\":true,\"valueName\":\"search_term_string\"}}],\"inLanguage\":\"de\"},{\"@type\":\"Organization\",\"@id\":\"https:\\\/\\\/www.tetrachim.com\\\/de\\\/#organization\",\"name\":\"Tetrachim\",\"url\":\"https:\\\/\\\/www.tetrachim.com\\\/de\\\/\",\"logo\":{\"@type\":\"ImageObject\",\"inLanguage\":\"de\",\"@id\":\"https:\\\/\\\/www.tetrachim.com\\\/de\\\/#\\\/schema\\\/logo\\\/image\\\/\",\"url\":\"https:\\\/\\\/www.tetrachim.com\\\/wp-content\\\/uploads\\\/2020\\\/07\\\/logo-tetrachim.png\",\"contentUrl\":\"https:\\\/\\\/www.tetrachim.com\\\/wp-content\\\/uploads\\\/2020\\\/07\\\/logo-tetrachim.png\",\"width\":244,\"height\":51,\"caption\":\"Tetrachim\"},\"image\":{\"@id\":\"https:\\\/\\\/www.tetrachim.com\\\/de\\\/#\\\/schema\\\/logo\\\/image\\\/\"},\"sameAs\":[\"https:\\\/\\\/x.com\\\/Tetrachim\",\"https:\\\/\\\/www.linkedin.com\\\/company\\\/tetrachim\\\/\"]}]}<\/script>\n<!-- \/ Yoast SEO plugin. -->","yoast_head_json":{"title":"856G-300 Topcoat FEP Klar - Tetrachim","robots":{"index":"index","follow":"follow","max-snippet":"max-snippet:-1","max-image-preview":"max-image-preview:large","max-video-preview":"max-video-preview:-1"},"canonical":"https:\/\/www.tetrachim.com\/de\/produkt\/856g-300-topcoat-fep-klar\/","og_locale":"de_DE","og_type":"article","og_title":"856G-300 Topcoat FEP Klar - Tetrachim","og_description":"856G-300 ist eine FEP-Deckbeschichtung auf Wasserbasis, die hervorragende Antihafteigenschaften sowie Chemikalien- und Korrosionsbest\u00e4ndigkeit bietet. Fl\u00fcssige FEP-Produkte sind eine nat\u00fcrliche Wahl f\u00fcr Trennanwendungen mit geringem Abrieb. Sie werden haupts\u00e4chlich f\u00fcr industrielle Backwaren und Formen verwendet. Pigmentierte Schichten, die als Zwischenbeschichtung aufgetragen werden, verbessern die Permeationsbest\u00e4ndigkeit des Beschichtungssystems.  Empfohlene Primer sind 420G-71x und 470G-71x.","og_url":"https:\/\/www.tetrachim.com\/de\/produkt\/856g-300-topcoat-fep-klar\/","og_site_name":"Tetrachim","article_modified_time":"2026-05-14T07:39:19+00:00","og_image":[{"width":1734,"height":2312,"url":"https:\/\/www.tetrachim.com\/wp-content\/uploads\/2020\/11\/packshot-856G300_5kg.png","type":"image\/png"}],"twitter_card":"summary_large_image","twitter_site":"@Tetrachim","twitter_misc":{"Gesch\u00e4tzte Lesezeit":"1\u00a0Minute"},"schema":{"@context":"https:\/\/schema.org","@graph":[{"@type":"WebPage","@id":"https:\/\/www.tetrachim.com\/de\/produkt\/856g-300-topcoat-fep-klar\/","url":"https:\/\/www.tetrachim.com\/de\/produkt\/856g-300-topcoat-fep-klar\/","name":"856G-300 Topcoat FEP Klar - Tetrachim","isPartOf":{"@id":"https:\/\/www.tetrachim.com\/de\/#website"},"primaryImageOfPage":{"@id":"https:\/\/www.tetrachim.com\/de\/produkt\/856g-300-topcoat-fep-klar\/#primaryimage"},"image":{"@id":"https:\/\/www.tetrachim.com\/de\/produkt\/856g-300-topcoat-fep-klar\/#primaryimage"},"thumbnailUrl":"https:\/\/www.tetrachim.com\/wp-content\/uploads\/2020\/11\/packshot-856G300_5kg.png","datePublished":"2020-11-13T21:14:47+00:00","dateModified":"2026-05-14T07:39:19+00:00","breadcrumb":{"@id":"https:\/\/www.tetrachim.com\/de\/produkt\/856g-300-topcoat-fep-klar\/#breadcrumb"},"inLanguage":"de","potentialAction":[{"@type":"ReadAction","target":["https:\/\/www.tetrachim.com\/de\/produkt\/856g-300-topcoat-fep-klar\/"]}]},{"@type":"ImageObject","inLanguage":"de","@id":"https:\/\/www.tetrachim.com\/de\/produkt\/856g-300-topcoat-fep-klar\/#primaryimage","url":"https:\/\/www.tetrachim.com\/wp-content\/uploads\/2020\/11\/packshot-856G300_5kg.png","contentUrl":"https:\/\/www.tetrachim.com\/wp-content\/uploads\/2020\/11\/packshot-856G300_5kg.png","width":1734,"height":2312},{"@type":"BreadcrumbList","@id":"https:\/\/www.tetrachim.com\/de\/produkt\/856g-300-topcoat-fep-klar\/#breadcrumb","itemListElement":[{"@type":"ListItem","position":1,"name":"","item":"https:\/\/www.tetrachim.com\/de\/"},{"@type":"ListItem","position":2,"name":"Shop","item":"https:\/\/www.tetrachim.com\/de\/shop\/"},{"@type":"ListItem","position":3,"name":"856G-300 Topcoat FEP Klar"}]},{"@type":"WebSite","@id":"https:\/\/www.tetrachim.com\/de\/#website","url":"https:\/\/www.tetrachim.com\/de\/","name":"Tetrachim","description":"Rev\u00eatements high-tech","publisher":{"@id":"https:\/\/www.tetrachim.com\/de\/#organization"},"potentialAction":[{"@type":"SearchAction","target":{"@type":"EntryPoint","urlTemplate":"https:\/\/www.tetrachim.com\/de\/?s={search_term_string}"},"query-input":{"@type":"PropertyValueSpecification","valueRequired":true,"valueName":"search_term_string"}}],"inLanguage":"de"},{"@type":"Organization","@id":"https:\/\/www.tetrachim.com\/de\/#organization","name":"Tetrachim","url":"https:\/\/www.tetrachim.com\/de\/","logo":{"@type":"ImageObject","inLanguage":"de","@id":"https:\/\/www.tetrachim.com\/de\/#\/schema\/logo\/image\/","url":"https:\/\/www.tetrachim.com\/wp-content\/uploads\/2020\/07\/logo-tetrachim.png","contentUrl":"https:\/\/www.tetrachim.com\/wp-content\/uploads\/2020\/07\/logo-tetrachim.png","width":244,"height":51,"caption":"Tetrachim"},"image":{"@id":"https:\/\/www.tetrachim.com\/de\/#\/schema\/logo\/image\/"},"sameAs":["https:\/\/x.com\/Tetrachim","https:\/\/www.linkedin.com\/company\/tetrachim\/"]}]}},"tiered_pricing_type":"fixed","tiered_pricing_fixed_rules":[],"tiered_pricing_product_settings":{"layout":"default","base_unit_name":{"singular":null,"plural":null},"default_variation":null},"tiered_pricing_minimum_quantity":null,"tiered_pricing_roles_data":[],"tiered_pricing_percentage_rules":[],"_links":{"self":[{"href":"https:\/\/www.tetrachim.com\/de\/wp-json\/wp\/v2\/product\/98999","targetHints":{"allow":["GET"]}}],"collection":[{"href":"https:\/\/www.tetrachim.com\/de\/wp-json\/wp\/v2\/product"}],"about":[{"href":"https:\/\/www.tetrachim.com\/de\/wp-json\/wp\/v2\/types\/product"}],"wp:featuredmedia":[{"embeddable":true,"href":"https:\/\/www.tetrachim.com\/de\/wp-json\/wp\/v2\/media\/97043"}],"wp:attachment":[{"href":"https:\/\/www.tetrachim.com\/de\/wp-json\/wp\/v2\/media?parent=98999"}],"wp:term":[{"taxonomy":"product_brand","embeddable":true,"href":"https:\/\/www.tetrachim.com\/de\/wp-json\/wp\/v2\/product_brand?post=98999"},{"taxonomy":"product_cat","embeddable":true,"href":"https:\/\/www.tetrachim.com\/de\/wp-json\/wp\/v2\/product_cat?post=98999"},{"taxonomy":"product_tag","embeddable":true,"href":"https:\/\/www.tetrachim.com\/de\/wp-json\/wp\/v2\/product_tag?post=98999"}],"curies":[{"name":"wp","href":"https:\/\/api.w.org\/{rel}","templated":true}]}}