{"id":99001,"date":"2020-11-13T22:15:26","date_gmt":"2020-11-13T21:15:26","guid":{"rendered":"https:\/\/www.tetrachim.com\/product\/856g-420-topcoat-fep-klar-high-build\/"},"modified":"2026-04-18T21:57:01","modified_gmt":"2026-04-18T19:57:01","slug":"856g-420-topcoat-fep-klar-hohe-dicke","status":"publish","type":"product","link":"https:\/\/www.tetrachim.com\/de\/produkt\/856g-420-topcoat-fep-klar-hohe-dicke\/","title":{"rendered":"856G-420 Topcoat FEP Klar Hohe Dicke"},"content":{"rendered":"<p>FEP-Antihaftbeschichtungen (Fluoriertes Ethylen-Propylen-Copolymer) schmelzen und flie\u00dfen beim Backen und bilden so porenfreie Filme, die eine nat\u00fcrliche Wahl f\u00fcr Trennanwendungen mit geringem Abrieb sind. FEP-Beschichtungen haben nicht nur eine geringe Reibung, sondern auch hervorragende Antihafteigenschaften und eine ausgezeichnete chemische Best\u00e4ndigkeit. Die maximale Einsatztemperatur betr\u00e4gt 205\u00b0C.<\/p>\n","protected":false},"excerpt":{"rendered":"<p>Wasserbasierte FEP-Deckbeschichtung mit hoher Aufbauleistung, die Antihaft-, Chemikalien- und Korrosionsbest\u00e4ndigkeit bietet. Mit 856G420 kann eine Endbeschichtung von 30-40 \u03bcm mit einer begrenzten Anzahl von Aush\u00e4rtungen, idealerweise nur einer, erreicht werden, was die Kosten der Anwendung reduziert. Pigmentierte Schichten, die als Zwischenbeschichtung aufgetragen werden, verbessern die Permeationsbest\u00e4ndigkeit des Beschichtungssystems weiter. Fl\u00fcssig-FEP-Produktlinien werden haupts\u00e4chlich f\u00fcr industrielle Backwaren, aber auch f\u00fcr Trennanwendungen verwendet.<\/p>\n","protected":false},"featured_media":87450,"template":"","meta":[],"product_brand":[],"product_cat":[507],"product_tag":[],"class_list":{"0":"post-99001","1":"product","2":"type-product","3":"status-publish","4":"has-post-thumbnail","6":"supplier-chemours-de","7":"market-verpackung","8":"market-lebensmittel-industrielle-backformen","9":"market-papier-textil","10":"property-chemische-bestaendigkeit","11":"property-temperaturbestaendigkeit","12":"property-antihaft-eigenschaften","13":"property-korrosionsbestaendigkeit","14":"product_cat-teflon-industriebeschichtungen","16":"first","17":"instock","18":"taxable","19":"shipping-taxable","20":"purchasable","21":"product-type-simple"},"yoast_head":"<!-- This site is optimized with the Yoast SEO plugin v27.4 - https:\/\/yoast.com\/product\/yoast-seo-wordpress\/ -->\n<title>856G-420 Topcoat FEP Klar Hohe Dicke - Tetrachim<\/title>\n<meta name=\"robots\" content=\"index, follow, max-snippet:-1, max-image-preview:large, max-video-preview:-1\" \/>\n<link rel=\"canonical\" href=\"https:\/\/www.tetrachim.com\/de\/produkt\/856g-420-topcoat-fep-klar-hohe-dicke\/\" \/>\n<meta property=\"og:locale\" content=\"de_DE\" \/>\n<meta property=\"og:type\" content=\"article\" \/>\n<meta property=\"og:title\" content=\"856G-420 Topcoat FEP Klar Hohe Dicke - Tetrachim\" \/>\n<meta property=\"og:description\" content=\"Wasserbasierte FEP-Deckbeschichtung mit hoher Aufbauleistung, die Antihaft-, Chemikalien- und Korrosionsbest\u00e4ndigkeit bietet. Mit 856G420 kann eine Endbeschichtung von 30-40 \u03bcm mit einer begrenzten Anzahl von Aush\u00e4rtungen, idealerweise nur einer, erreicht werden, was die Kosten der Anwendung reduziert. Pigmentierte Schichten, die als Zwischenbeschichtung aufgetragen werden, verbessern die Permeationsbest\u00e4ndigkeit des Beschichtungssystems weiter. Fl\u00fcssig-FEP-Produktlinien werden haupts\u00e4chlich f\u00fcr industrielle Backwaren, aber auch f\u00fcr Trennanwendungen verwendet.\" \/>\n<meta property=\"og:url\" content=\"https:\/\/www.tetrachim.com\/de\/produkt\/856g-420-topcoat-fep-klar-hohe-dicke\/\" \/>\n<meta property=\"og:site_name\" content=\"Tetrachim\" \/>\n<meta property=\"article:modified_time\" content=\"2026-04-18T19:57:01+00:00\" \/>\n<meta property=\"og:image\" content=\"https:\/\/www.tetrachim.com\/wp-content\/uploads\/2020\/09\/PackPaint20KG.jpg\" \/>\n\t<meta property=\"og:image:width\" content=\"900\" \/>\n\t<meta property=\"og:image:height\" content=\"900\" \/>\n\t<meta property=\"og:image:type\" content=\"image\/jpeg\" \/>\n<meta name=\"twitter:card\" content=\"summary_large_image\" \/>\n<meta name=\"twitter:site\" content=\"@Tetrachim\" \/>\n<meta name=\"twitter:label1\" content=\"Gesch\u00e4tzte Lesezeit\" \/>\n\t<meta name=\"twitter:data1\" content=\"1\u00a0Minute\" \/>\n<script type=\"application\/ld+json\" class=\"yoast-schema-graph\">{\"@context\":\"https:\\\/\\\/schema.org\",\"@graph\":[{\"@type\":\"WebPage\",\"@id\":\"https:\\\/\\\/www.tetrachim.com\\\/de\\\/produkt\\\/856g-420-topcoat-fep-klar-hohe-dicke\\\/\",\"url\":\"https:\\\/\\\/www.tetrachim.com\\\/de\\\/produkt\\\/856g-420-topcoat-fep-klar-hohe-dicke\\\/\",\"name\":\"856G-420 Topcoat FEP Klar Hohe Dicke - Tetrachim\",\"isPartOf\":{\"@id\":\"https:\\\/\\\/www.tetrachim.com\\\/de\\\/#website\"},\"primaryImageOfPage\":{\"@id\":\"https:\\\/\\\/www.tetrachim.com\\\/de\\\/produkt\\\/856g-420-topcoat-fep-klar-hohe-dicke\\\/#primaryimage\"},\"image\":{\"@id\":\"https:\\\/\\\/www.tetrachim.com\\\/de\\\/produkt\\\/856g-420-topcoat-fep-klar-hohe-dicke\\\/#primaryimage\"},\"thumbnailUrl\":\"https:\\\/\\\/www.tetrachim.com\\\/wp-content\\\/uploads\\\/2020\\\/09\\\/PackPaint20KG.jpg\",\"datePublished\":\"2020-11-13T21:15:26+00:00\",\"dateModified\":\"2026-04-18T19:57:01+00:00\",\"breadcrumb\":{\"@id\":\"https:\\\/\\\/www.tetrachim.com\\\/de\\\/produkt\\\/856g-420-topcoat-fep-klar-hohe-dicke\\\/#breadcrumb\"},\"inLanguage\":\"de\",\"potentialAction\":[{\"@type\":\"ReadAction\",\"target\":[\"https:\\\/\\\/www.tetrachim.com\\\/de\\\/produkt\\\/856g-420-topcoat-fep-klar-hohe-dicke\\\/\"]}]},{\"@type\":\"ImageObject\",\"inLanguage\":\"de\",\"@id\":\"https:\\\/\\\/www.tetrachim.com\\\/de\\\/produkt\\\/856g-420-topcoat-fep-klar-hohe-dicke\\\/#primaryimage\",\"url\":\"https:\\\/\\\/www.tetrachim.com\\\/wp-content\\\/uploads\\\/2020\\\/09\\\/PackPaint20KG.jpg\",\"contentUrl\":\"https:\\\/\\\/www.tetrachim.com\\\/wp-content\\\/uploads\\\/2020\\\/09\\\/PackPaint20KG.jpg\",\"width\":900,\"height\":900},{\"@type\":\"BreadcrumbList\",\"@id\":\"https:\\\/\\\/www.tetrachim.com\\\/de\\\/produkt\\\/856g-420-topcoat-fep-klar-hohe-dicke\\\/#breadcrumb\",\"itemListElement\":[{\"@type\":\"ListItem\",\"position\":1,\"name\":\"\",\"item\":\"https:\\\/\\\/www.tetrachim.com\\\/de\\\/\"},{\"@type\":\"ListItem\",\"position\":2,\"name\":\"Shop\",\"item\":\"https:\\\/\\\/www.tetrachim.com\\\/de\\\/shop\\\/\"},{\"@type\":\"ListItem\",\"position\":3,\"name\":\"856G-420 Topcoat FEP Klar Hohe Dicke\"}]},{\"@type\":\"WebSite\",\"@id\":\"https:\\\/\\\/www.tetrachim.com\\\/de\\\/#website\",\"url\":\"https:\\\/\\\/www.tetrachim.com\\\/de\\\/\",\"name\":\"Tetrachim\",\"description\":\"Rev\u00eatements high-tech\",\"publisher\":{\"@id\":\"https:\\\/\\\/www.tetrachim.com\\\/de\\\/#organization\"},\"potentialAction\":[{\"@type\":\"SearchAction\",\"target\":{\"@type\":\"EntryPoint\",\"urlTemplate\":\"https:\\\/\\\/www.tetrachim.com\\\/de\\\/?s={search_term_string}\"},\"query-input\":{\"@type\":\"PropertyValueSpecification\",\"valueRequired\":true,\"valueName\":\"search_term_string\"}}],\"inLanguage\":\"de\"},{\"@type\":\"Organization\",\"@id\":\"https:\\\/\\\/www.tetrachim.com\\\/de\\\/#organization\",\"name\":\"Tetrachim\",\"url\":\"https:\\\/\\\/www.tetrachim.com\\\/de\\\/\",\"logo\":{\"@type\":\"ImageObject\",\"inLanguage\":\"de\",\"@id\":\"https:\\\/\\\/www.tetrachim.com\\\/de\\\/#\\\/schema\\\/logo\\\/image\\\/\",\"url\":\"https:\\\/\\\/www.tetrachim.com\\\/wp-content\\\/uploads\\\/2020\\\/07\\\/logo-tetrachim.png\",\"contentUrl\":\"https:\\\/\\\/www.tetrachim.com\\\/wp-content\\\/uploads\\\/2020\\\/07\\\/logo-tetrachim.png\",\"width\":244,\"height\":51,\"caption\":\"Tetrachim\"},\"image\":{\"@id\":\"https:\\\/\\\/www.tetrachim.com\\\/de\\\/#\\\/schema\\\/logo\\\/image\\\/\"},\"sameAs\":[\"https:\\\/\\\/x.com\\\/Tetrachim\",\"https:\\\/\\\/www.linkedin.com\\\/company\\\/tetrachim\\\/\"]}]}<\/script>\n<!-- \/ Yoast SEO plugin. -->","yoast_head_json":{"title":"856G-420 Topcoat FEP Klar Hohe Dicke - Tetrachim","robots":{"index":"index","follow":"follow","max-snippet":"max-snippet:-1","max-image-preview":"max-image-preview:large","max-video-preview":"max-video-preview:-1"},"canonical":"https:\/\/www.tetrachim.com\/de\/produkt\/856g-420-topcoat-fep-klar-hohe-dicke\/","og_locale":"de_DE","og_type":"article","og_title":"856G-420 Topcoat FEP Klar Hohe Dicke - Tetrachim","og_description":"Wasserbasierte FEP-Deckbeschichtung mit hoher Aufbauleistung, die Antihaft-, Chemikalien- und Korrosionsbest\u00e4ndigkeit bietet. Mit 856G420 kann eine Endbeschichtung von 30-40 \u03bcm mit einer begrenzten Anzahl von Aush\u00e4rtungen, idealerweise nur einer, erreicht werden, was die Kosten der Anwendung reduziert. Pigmentierte Schichten, die als Zwischenbeschichtung aufgetragen werden, verbessern die Permeationsbest\u00e4ndigkeit des Beschichtungssystems weiter. Fl\u00fcssig-FEP-Produktlinien werden haupts\u00e4chlich f\u00fcr industrielle Backwaren, aber auch f\u00fcr Trennanwendungen verwendet.","og_url":"https:\/\/www.tetrachim.com\/de\/produkt\/856g-420-topcoat-fep-klar-hohe-dicke\/","og_site_name":"Tetrachim","article_modified_time":"2026-04-18T19:57:01+00:00","og_image":[{"width":900,"height":900,"url":"https:\/\/www.tetrachim.com\/wp-content\/uploads\/2020\/09\/PackPaint20KG.jpg","type":"image\/jpeg"}],"twitter_card":"summary_large_image","twitter_site":"@Tetrachim","twitter_misc":{"Gesch\u00e4tzte Lesezeit":"1\u00a0Minute"},"schema":{"@context":"https:\/\/schema.org","@graph":[{"@type":"WebPage","@id":"https:\/\/www.tetrachim.com\/de\/produkt\/856g-420-topcoat-fep-klar-hohe-dicke\/","url":"https:\/\/www.tetrachim.com\/de\/produkt\/856g-420-topcoat-fep-klar-hohe-dicke\/","name":"856G-420 Topcoat FEP Klar Hohe Dicke - Tetrachim","isPartOf":{"@id":"https:\/\/www.tetrachim.com\/de\/#website"},"primaryImageOfPage":{"@id":"https:\/\/www.tetrachim.com\/de\/produkt\/856g-420-topcoat-fep-klar-hohe-dicke\/#primaryimage"},"image":{"@id":"https:\/\/www.tetrachim.com\/de\/produkt\/856g-420-topcoat-fep-klar-hohe-dicke\/#primaryimage"},"thumbnailUrl":"https:\/\/www.tetrachim.com\/wp-content\/uploads\/2020\/09\/PackPaint20KG.jpg","datePublished":"2020-11-13T21:15:26+00:00","dateModified":"2026-04-18T19:57:01+00:00","breadcrumb":{"@id":"https:\/\/www.tetrachim.com\/de\/produkt\/856g-420-topcoat-fep-klar-hohe-dicke\/#breadcrumb"},"inLanguage":"de","potentialAction":[{"@type":"ReadAction","target":["https:\/\/www.tetrachim.com\/de\/produkt\/856g-420-topcoat-fep-klar-hohe-dicke\/"]}]},{"@type":"ImageObject","inLanguage":"de","@id":"https:\/\/www.tetrachim.com\/de\/produkt\/856g-420-topcoat-fep-klar-hohe-dicke\/#primaryimage","url":"https:\/\/www.tetrachim.com\/wp-content\/uploads\/2020\/09\/PackPaint20KG.jpg","contentUrl":"https:\/\/www.tetrachim.com\/wp-content\/uploads\/2020\/09\/PackPaint20KG.jpg","width":900,"height":900},{"@type":"BreadcrumbList","@id":"https:\/\/www.tetrachim.com\/de\/produkt\/856g-420-topcoat-fep-klar-hohe-dicke\/#breadcrumb","itemListElement":[{"@type":"ListItem","position":1,"name":"","item":"https:\/\/www.tetrachim.com\/de\/"},{"@type":"ListItem","position":2,"name":"Shop","item":"https:\/\/www.tetrachim.com\/de\/shop\/"},{"@type":"ListItem","position":3,"name":"856G-420 Topcoat FEP Klar Hohe Dicke"}]},{"@type":"WebSite","@id":"https:\/\/www.tetrachim.com\/de\/#website","url":"https:\/\/www.tetrachim.com\/de\/","name":"Tetrachim","description":"Rev\u00eatements high-tech","publisher":{"@id":"https:\/\/www.tetrachim.com\/de\/#organization"},"potentialAction":[{"@type":"SearchAction","target":{"@type":"EntryPoint","urlTemplate":"https:\/\/www.tetrachim.com\/de\/?s={search_term_string}"},"query-input":{"@type":"PropertyValueSpecification","valueRequired":true,"valueName":"search_term_string"}}],"inLanguage":"de"},{"@type":"Organization","@id":"https:\/\/www.tetrachim.com\/de\/#organization","name":"Tetrachim","url":"https:\/\/www.tetrachim.com\/de\/","logo":{"@type":"ImageObject","inLanguage":"de","@id":"https:\/\/www.tetrachim.com\/de\/#\/schema\/logo\/image\/","url":"https:\/\/www.tetrachim.com\/wp-content\/uploads\/2020\/07\/logo-tetrachim.png","contentUrl":"https:\/\/www.tetrachim.com\/wp-content\/uploads\/2020\/07\/logo-tetrachim.png","width":244,"height":51,"caption":"Tetrachim"},"image":{"@id":"https:\/\/www.tetrachim.com\/de\/#\/schema\/logo\/image\/"},"sameAs":["https:\/\/x.com\/Tetrachim","https:\/\/www.linkedin.com\/company\/tetrachim\/"]}]}},"tiered_pricing_type":"fixed","tiered_pricing_fixed_rules":[],"tiered_pricing_product_settings":{"layout":"default","base_unit_name":{"singular":null,"plural":null},"default_variation":null},"tiered_pricing_minimum_quantity":null,"tiered_pricing_roles_data":[],"tiered_pricing_percentage_rules":[],"_links":{"self":[{"href":"https:\/\/www.tetrachim.com\/de\/wp-json\/wp\/v2\/product\/99001","targetHints":{"allow":["GET"]}}],"collection":[{"href":"https:\/\/www.tetrachim.com\/de\/wp-json\/wp\/v2\/product"}],"about":[{"href":"https:\/\/www.tetrachim.com\/de\/wp-json\/wp\/v2\/types\/product"}],"wp:featuredmedia":[{"embeddable":true,"href":"https:\/\/www.tetrachim.com\/de\/wp-json\/wp\/v2\/media\/87450"}],"wp:attachment":[{"href":"https:\/\/www.tetrachim.com\/de\/wp-json\/wp\/v2\/media?parent=99001"}],"wp:term":[{"taxonomy":"product_brand","embeddable":true,"href":"https:\/\/www.tetrachim.com\/de\/wp-json\/wp\/v2\/product_brand?post=99001"},{"taxonomy":"product_cat","embeddable":true,"href":"https:\/\/www.tetrachim.com\/de\/wp-json\/wp\/v2\/product_cat?post=99001"},{"taxonomy":"product_tag","embeddable":true,"href":"https:\/\/www.tetrachim.com\/de\/wp-json\/wp\/v2\/product_tag?post=99001"}],"curies":[{"name":"wp","href":"https:\/\/api.w.org\/{rel}","templated":true}]}}