{"id":99009,"date":"2020-11-13T22:15:44","date_gmt":"2020-11-13T21:15:44","guid":{"rendered":"https:\/\/www.tetrachim.com\/product\/857g-293-deckbeschichtung-ptfe-zinn\/"},"modified":"2026-04-07T19:09:51","modified_gmt":"2026-04-07T17:09:51","slug":"857g-293-deckbeschichtung-ptfe-zinn","status":"publish","type":"product","link":"https:\/\/www.tetrachim.com\/de\/produkt\/857g-293-deckbeschichtung-ptfe-zinn\/","title":{"rendered":"857G-293 Deckbeschichtung PTFE Zinn"},"content":{"rendered":"<p>PTFE (Polytetrafluorethylen)-Antihaftbeschichtungen sind Zweischicht- (Grundierung\/Deckschicht) oder Dreischichtsysteme (Grundierung\/Mittelbeschichtung\/Deckschicht). Diese Produkte haben die h\u00f6chste Betriebstemperatur aller Fluorkunststoffe (260\u00b0C), einen extrem niedrigen Reibungskoeffizienten, gute Abriebfestigkeit und gute chemische Best\u00e4ndigkeit.  PTFE ist in fl\u00fcssiger Form auf Wasserbasis erh\u00e4ltlich.<\/p>\n","protected":false},"excerpt":{"rendered":"<p>PTFE-Zwischenbeschichtung auf Wasserbasis, haupts\u00e4chlich f\u00fcr Antihaftanwendungen in der Lebensmittelindustrie. Diese Beschichtung kann mit oder ohne klaren Decklack 857G-401 oder 855G-500 verwendet werden. <\/p>\n","protected":false},"featured_media":87365,"template":"","meta":[],"product_brand":[],"product_cat":[507],"product_tag":[],"class_list":{"0":"post-99009","1":"product","2":"type-product","3":"status-publish","4":"has-post-thumbnail","6":"supplier-chemours-de","7":"market-lebensmittel-industrielle-backformen","8":"market-chemikalien-wasser","9":"property-trockenschmierung","10":"property-temperaturbestaendigkeit","11":"property-antihaft-eigenschaften","12":"property-geringe-reibung","13":"product_cat-teflon-industriebeschichtungen","15":"first","16":"instock","17":"taxable","18":"shipping-taxable","19":"purchasable","20":"product-type-simple"},"yoast_head":"<!-- This site is optimized with the Yoast SEO plugin v27.3 - https:\/\/yoast.com\/product\/yoast-seo-wordpress\/ -->\n<title>857G-293 Deckbeschichtung PTFE Zinn - Tetrachim<\/title>\n<meta name=\"robots\" content=\"index, follow, max-snippet:-1, max-image-preview:large, max-video-preview:-1\" \/>\n<link rel=\"canonical\" href=\"https:\/\/www.tetrachim.com\/de\/produkt\/857g-293-deckbeschichtung-ptfe-zinn\/\" \/>\n<meta property=\"og:locale\" content=\"de_DE\" \/>\n<meta property=\"og:type\" content=\"article\" \/>\n<meta property=\"og:title\" content=\"857G-293 Deckbeschichtung PTFE Zinn - Tetrachim\" \/>\n<meta property=\"og:description\" content=\"PTFE-Zwischenbeschichtung auf Wasserbasis, haupts\u00e4chlich f\u00fcr Antihaftanwendungen in der Lebensmittelindustrie. Diese Beschichtung kann mit oder ohne klaren Decklack 857G-401 oder 855G-500 verwendet werden.\" \/>\n<meta property=\"og:url\" content=\"https:\/\/www.tetrachim.com\/de\/produkt\/857g-293-deckbeschichtung-ptfe-zinn\/\" \/>\n<meta property=\"og:site_name\" content=\"Tetrachim\" \/>\n<meta property=\"article:modified_time\" content=\"2026-04-07T17:09:51+00:00\" \/>\n<meta property=\"og:image\" content=\"https:\/\/www.tetrachim.com\/wp-content\/uploads\/2020\/09\/857G293-20KG.jpg\" \/>\n\t<meta property=\"og:image:width\" content=\"900\" \/>\n\t<meta property=\"og:image:height\" content=\"900\" \/>\n\t<meta property=\"og:image:type\" content=\"image\/jpeg\" \/>\n<meta name=\"twitter:card\" content=\"summary_large_image\" \/>\n<meta name=\"twitter:site\" content=\"@Tetrachim\" \/>\n<script type=\"application\/ld+json\" class=\"yoast-schema-graph\">{\"@context\":\"https:\\\/\\\/schema.org\",\"@graph\":[{\"@type\":\"WebPage\",\"@id\":\"https:\\\/\\\/www.tetrachim.com\\\/de\\\/produkt\\\/857g-293-deckbeschichtung-ptfe-zinn\\\/\",\"url\":\"https:\\\/\\\/www.tetrachim.com\\\/de\\\/produkt\\\/857g-293-deckbeschichtung-ptfe-zinn\\\/\",\"name\":\"857G-293 Deckbeschichtung PTFE Zinn - Tetrachim\",\"isPartOf\":{\"@id\":\"https:\\\/\\\/www.tetrachim.com\\\/de\\\/#website\"},\"primaryImageOfPage\":{\"@id\":\"https:\\\/\\\/www.tetrachim.com\\\/de\\\/produkt\\\/857g-293-deckbeschichtung-ptfe-zinn\\\/#primaryimage\"},\"image\":{\"@id\":\"https:\\\/\\\/www.tetrachim.com\\\/de\\\/produkt\\\/857g-293-deckbeschichtung-ptfe-zinn\\\/#primaryimage\"},\"thumbnailUrl\":\"https:\\\/\\\/www.tetrachim.com\\\/wp-content\\\/uploads\\\/2020\\\/09\\\/857G293-20KG.jpg\",\"datePublished\":\"2020-11-13T21:15:44+00:00\",\"dateModified\":\"2026-04-07T17:09:51+00:00\",\"breadcrumb\":{\"@id\":\"https:\\\/\\\/www.tetrachim.com\\\/de\\\/produkt\\\/857g-293-deckbeschichtung-ptfe-zinn\\\/#breadcrumb\"},\"inLanguage\":\"de\",\"potentialAction\":[{\"@type\":\"ReadAction\",\"target\":[\"https:\\\/\\\/www.tetrachim.com\\\/de\\\/produkt\\\/857g-293-deckbeschichtung-ptfe-zinn\\\/\"]}]},{\"@type\":\"ImageObject\",\"inLanguage\":\"de\",\"@id\":\"https:\\\/\\\/www.tetrachim.com\\\/de\\\/produkt\\\/857g-293-deckbeschichtung-ptfe-zinn\\\/#primaryimage\",\"url\":\"https:\\\/\\\/www.tetrachim.com\\\/wp-content\\\/uploads\\\/2020\\\/09\\\/857G293-20KG.jpg\",\"contentUrl\":\"https:\\\/\\\/www.tetrachim.com\\\/wp-content\\\/uploads\\\/2020\\\/09\\\/857G293-20KG.jpg\",\"width\":900,\"height\":900},{\"@type\":\"BreadcrumbList\",\"@id\":\"https:\\\/\\\/www.tetrachim.com\\\/de\\\/produkt\\\/857g-293-deckbeschichtung-ptfe-zinn\\\/#breadcrumb\",\"itemListElement\":[{\"@type\":\"ListItem\",\"position\":1,\"name\":\"\",\"item\":\"https:\\\/\\\/www.tetrachim.com\\\/de\\\/\"},{\"@type\":\"ListItem\",\"position\":2,\"name\":\"Shop\",\"item\":\"https:\\\/\\\/www.tetrachim.com\\\/de\\\/shop\\\/\"},{\"@type\":\"ListItem\",\"position\":3,\"name\":\"857G-293 Deckbeschichtung PTFE Zinn\"}]},{\"@type\":\"WebSite\",\"@id\":\"https:\\\/\\\/www.tetrachim.com\\\/de\\\/#website\",\"url\":\"https:\\\/\\\/www.tetrachim.com\\\/de\\\/\",\"name\":\"Tetrachim\",\"description\":\"Rev\u00eatements high-tech\",\"publisher\":{\"@id\":\"https:\\\/\\\/www.tetrachim.com\\\/de\\\/#organization\"},\"potentialAction\":[{\"@type\":\"SearchAction\",\"target\":{\"@type\":\"EntryPoint\",\"urlTemplate\":\"https:\\\/\\\/www.tetrachim.com\\\/de\\\/?s={search_term_string}\"},\"query-input\":{\"@type\":\"PropertyValueSpecification\",\"valueRequired\":true,\"valueName\":\"search_term_string\"}}],\"inLanguage\":\"de\"},{\"@type\":\"Organization\",\"@id\":\"https:\\\/\\\/www.tetrachim.com\\\/de\\\/#organization\",\"name\":\"Tetrachim\",\"url\":\"https:\\\/\\\/www.tetrachim.com\\\/de\\\/\",\"logo\":{\"@type\":\"ImageObject\",\"inLanguage\":\"de\",\"@id\":\"https:\\\/\\\/www.tetrachim.com\\\/de\\\/#\\\/schema\\\/logo\\\/image\\\/\",\"url\":\"https:\\\/\\\/www.tetrachim.com\\\/wp-content\\\/uploads\\\/2020\\\/07\\\/logo-tetrachim.png\",\"contentUrl\":\"https:\\\/\\\/www.tetrachim.com\\\/wp-content\\\/uploads\\\/2020\\\/07\\\/logo-tetrachim.png\",\"width\":244,\"height\":51,\"caption\":\"Tetrachim\"},\"image\":{\"@id\":\"https:\\\/\\\/www.tetrachim.com\\\/de\\\/#\\\/schema\\\/logo\\\/image\\\/\"},\"sameAs\":[\"https:\\\/\\\/x.com\\\/Tetrachim\",\"https:\\\/\\\/www.linkedin.com\\\/company\\\/tetrachim\\\/\"]}]}<\/script>\n<!-- \/ Yoast SEO plugin. -->","yoast_head_json":{"title":"857G-293 Deckbeschichtung PTFE Zinn - Tetrachim","robots":{"index":"index","follow":"follow","max-snippet":"max-snippet:-1","max-image-preview":"max-image-preview:large","max-video-preview":"max-video-preview:-1"},"canonical":"https:\/\/www.tetrachim.com\/de\/produkt\/857g-293-deckbeschichtung-ptfe-zinn\/","og_locale":"de_DE","og_type":"article","og_title":"857G-293 Deckbeschichtung PTFE Zinn - Tetrachim","og_description":"PTFE-Zwischenbeschichtung auf Wasserbasis, haupts\u00e4chlich f\u00fcr Antihaftanwendungen in der Lebensmittelindustrie. Diese Beschichtung kann mit oder ohne klaren Decklack 857G-401 oder 855G-500 verwendet werden.","og_url":"https:\/\/www.tetrachim.com\/de\/produkt\/857g-293-deckbeschichtung-ptfe-zinn\/","og_site_name":"Tetrachim","article_modified_time":"2026-04-07T17:09:51+00:00","og_image":[{"width":900,"height":900,"url":"https:\/\/www.tetrachim.com\/wp-content\/uploads\/2020\/09\/857G293-20KG.jpg","type":"image\/jpeg"}],"twitter_card":"summary_large_image","twitter_site":"@Tetrachim","schema":{"@context":"https:\/\/schema.org","@graph":[{"@type":"WebPage","@id":"https:\/\/www.tetrachim.com\/de\/produkt\/857g-293-deckbeschichtung-ptfe-zinn\/","url":"https:\/\/www.tetrachim.com\/de\/produkt\/857g-293-deckbeschichtung-ptfe-zinn\/","name":"857G-293 Deckbeschichtung PTFE Zinn - Tetrachim","isPartOf":{"@id":"https:\/\/www.tetrachim.com\/de\/#website"},"primaryImageOfPage":{"@id":"https:\/\/www.tetrachim.com\/de\/produkt\/857g-293-deckbeschichtung-ptfe-zinn\/#primaryimage"},"image":{"@id":"https:\/\/www.tetrachim.com\/de\/produkt\/857g-293-deckbeschichtung-ptfe-zinn\/#primaryimage"},"thumbnailUrl":"https:\/\/www.tetrachim.com\/wp-content\/uploads\/2020\/09\/857G293-20KG.jpg","datePublished":"2020-11-13T21:15:44+00:00","dateModified":"2026-04-07T17:09:51+00:00","breadcrumb":{"@id":"https:\/\/www.tetrachim.com\/de\/produkt\/857g-293-deckbeschichtung-ptfe-zinn\/#breadcrumb"},"inLanguage":"de","potentialAction":[{"@type":"ReadAction","target":["https:\/\/www.tetrachim.com\/de\/produkt\/857g-293-deckbeschichtung-ptfe-zinn\/"]}]},{"@type":"ImageObject","inLanguage":"de","@id":"https:\/\/www.tetrachim.com\/de\/produkt\/857g-293-deckbeschichtung-ptfe-zinn\/#primaryimage","url":"https:\/\/www.tetrachim.com\/wp-content\/uploads\/2020\/09\/857G293-20KG.jpg","contentUrl":"https:\/\/www.tetrachim.com\/wp-content\/uploads\/2020\/09\/857G293-20KG.jpg","width":900,"height":900},{"@type":"BreadcrumbList","@id":"https:\/\/www.tetrachim.com\/de\/produkt\/857g-293-deckbeschichtung-ptfe-zinn\/#breadcrumb","itemListElement":[{"@type":"ListItem","position":1,"name":"","item":"https:\/\/www.tetrachim.com\/de\/"},{"@type":"ListItem","position":2,"name":"Shop","item":"https:\/\/www.tetrachim.com\/de\/shop\/"},{"@type":"ListItem","position":3,"name":"857G-293 Deckbeschichtung PTFE Zinn"}]},{"@type":"WebSite","@id":"https:\/\/www.tetrachim.com\/de\/#website","url":"https:\/\/www.tetrachim.com\/de\/","name":"Tetrachim","description":"Rev\u00eatements high-tech","publisher":{"@id":"https:\/\/www.tetrachim.com\/de\/#organization"},"potentialAction":[{"@type":"SearchAction","target":{"@type":"EntryPoint","urlTemplate":"https:\/\/www.tetrachim.com\/de\/?s={search_term_string}"},"query-input":{"@type":"PropertyValueSpecification","valueRequired":true,"valueName":"search_term_string"}}],"inLanguage":"de"},{"@type":"Organization","@id":"https:\/\/www.tetrachim.com\/de\/#organization","name":"Tetrachim","url":"https:\/\/www.tetrachim.com\/de\/","logo":{"@type":"ImageObject","inLanguage":"de","@id":"https:\/\/www.tetrachim.com\/de\/#\/schema\/logo\/image\/","url":"https:\/\/www.tetrachim.com\/wp-content\/uploads\/2020\/07\/logo-tetrachim.png","contentUrl":"https:\/\/www.tetrachim.com\/wp-content\/uploads\/2020\/07\/logo-tetrachim.png","width":244,"height":51,"caption":"Tetrachim"},"image":{"@id":"https:\/\/www.tetrachim.com\/de\/#\/schema\/logo\/image\/"},"sameAs":["https:\/\/x.com\/Tetrachim","https:\/\/www.linkedin.com\/company\/tetrachim\/"]}]}},"tiered_pricing_type":"fixed","tiered_pricing_fixed_rules":[],"tiered_pricing_product_settings":{"layout":"default","base_unit_name":{"singular":null,"plural":null},"default_variation":null},"tiered_pricing_minimum_quantity":null,"tiered_pricing_roles_data":[],"tiered_pricing_percentage_rules":[],"_links":{"self":[{"href":"https:\/\/www.tetrachim.com\/de\/wp-json\/wp\/v2\/product\/99009","targetHints":{"allow":["GET"]}}],"collection":[{"href":"https:\/\/www.tetrachim.com\/de\/wp-json\/wp\/v2\/product"}],"about":[{"href":"https:\/\/www.tetrachim.com\/de\/wp-json\/wp\/v2\/types\/product"}],"wp:featuredmedia":[{"embeddable":true,"href":"https:\/\/www.tetrachim.com\/de\/wp-json\/wp\/v2\/media\/87365"}],"wp:attachment":[{"href":"https:\/\/www.tetrachim.com\/de\/wp-json\/wp\/v2\/media?parent=99009"}],"wp:term":[{"taxonomy":"product_brand","embeddable":true,"href":"https:\/\/www.tetrachim.com\/de\/wp-json\/wp\/v2\/product_brand?post=99009"},{"taxonomy":"product_cat","embeddable":true,"href":"https:\/\/www.tetrachim.com\/de\/wp-json\/wp\/v2\/product_cat?post=99009"},{"taxonomy":"product_tag","embeddable":true,"href":"https:\/\/www.tetrachim.com\/de\/wp-json\/wp\/v2\/product_tag?post=99009"}],"curies":[{"name":"wp","href":"https:\/\/api.w.org\/{rel}","templated":true}]}}