{"id":99019,"date":"2020-11-13T22:16:00","date_gmt":"2020-11-13T21:16:00","guid":{"rendered":"https:\/\/www.tetrachim.com\/product\/858g-112-decklack-pfa-sparkling-clear\/"},"modified":"2026-04-18T21:56:41","modified_gmt":"2026-04-18T19:56:41","slug":"858g-112-topcoat-pfa-glaezend-klar","status":"publish","type":"product","link":"https:\/\/www.tetrachim.com\/de\/produkt\/858g-112-topcoat-pfa-glaezend-klar\/","title":{"rendered":"858G-112 Topcoat PFA Gl\u00e4nzend Klar"},"content":{"rendered":"<p>PFA (Perfluoralkoxy) Antihaftbeschichtungen schmelzen und flie\u00dfen beim Einbrennen und bilden porenfreie Filme. PFA bietet die zus\u00e4tzlichen Vorteile einer h\u00f6heren Dauergebrauchstemperatur (260\u00b0C), Schichtdicken bis zu 1.000 \u00b5m und eine h\u00f6here Z\u00e4higkeit als PTFE oder FEP. Diese Kombination von Eigenschaften macht PFA zu einer ausgezeichneten Wahl f\u00fcr eine Vielzahl von Anwendungen, vor allem wenn es um chemische Best\u00e4ndigkeit geht.<\/p>\n","protected":false},"excerpt":{"rendered":"<p>Diese gef\u00fcllte PFA-Deckschicht auf Wasserbasis ist so konzipiert, dass sie eine bessere Kratz-\/Abriebfestigkeit und Permeationsbest\u00e4ndigkeit als ungef\u00fclltes fl\u00fcssiges PFA bietet. Sie eignet sich f\u00fcr zahlreiche industrielle Anwendungen und kann in einer Dicke von bis zu 75 \u03bcm pro Schicht aufgetragen werden. Sie ist besonders f\u00fcr Backbleche interessant, die in Kontakt mit gefrorenem Teig in industriellen Backwaren verwendet werden.<\/p>\n","protected":false},"featured_media":87450,"template":"","meta":[],"product_brand":[],"product_cat":[507],"product_tag":[],"class_list":{"0":"post-99019","1":"product","2":"type-product","3":"status-publish","4":"has-post-thumbnail","6":"supplier-chemours-de","7":"market-chemikalien-wasser","8":"market-lebensmittel-industrielle-backformen","9":"property-korrosionsbestaendigkeit","10":"property-chemische-bestaendigkeit","11":"property-abriebfestigkeit","12":"property-temperaturbestaendigkeit","13":"property-antihaft-eigenschaften","14":"product_cat-teflon-industriebeschichtungen","16":"first","17":"outofstock","18":"taxable","19":"shipping-taxable","20":"purchasable","21":"product-type-simple"},"yoast_head":"<!-- This site is optimized with the Yoast SEO plugin v27.4 - https:\/\/yoast.com\/product\/yoast-seo-wordpress\/ -->\n<title>858G-112 Topcoat PFA Gl\u00e4nzend Klar - Tetrachim<\/title>\n<meta name=\"robots\" content=\"index, follow, max-snippet:-1, max-image-preview:large, max-video-preview:-1\" \/>\n<link rel=\"canonical\" href=\"https:\/\/www.tetrachim.com\/de\/produkt\/858g-112-topcoat-pfa-glaezend-klar\/\" \/>\n<meta property=\"og:locale\" content=\"de_DE\" \/>\n<meta property=\"og:type\" content=\"article\" \/>\n<meta property=\"og:title\" content=\"858G-112 Topcoat PFA Gl\u00e4nzend Klar - Tetrachim\" \/>\n<meta property=\"og:description\" content=\"Diese gef\u00fcllte PFA-Deckschicht auf Wasserbasis ist so konzipiert, dass sie eine bessere Kratz-\/Abriebfestigkeit und Permeationsbest\u00e4ndigkeit als ungef\u00fclltes fl\u00fcssiges PFA bietet. Sie eignet sich f\u00fcr zahlreiche industrielle Anwendungen und kann in einer Dicke von bis zu 75 \u03bcm pro Schicht aufgetragen werden. Sie ist besonders f\u00fcr Backbleche interessant, die in Kontakt mit gefrorenem Teig in industriellen Backwaren verwendet werden.\" \/>\n<meta property=\"og:url\" content=\"https:\/\/www.tetrachim.com\/de\/produkt\/858g-112-topcoat-pfa-glaezend-klar\/\" \/>\n<meta property=\"og:site_name\" content=\"Tetrachim\" \/>\n<meta property=\"article:modified_time\" content=\"2026-04-18T19:56:41+00:00\" \/>\n<meta property=\"og:image\" content=\"https:\/\/www.tetrachim.com\/wp-content\/uploads\/2020\/09\/PackPaint20KG.jpg\" \/>\n\t<meta property=\"og:image:width\" content=\"900\" \/>\n\t<meta property=\"og:image:height\" content=\"900\" \/>\n\t<meta property=\"og:image:type\" content=\"image\/jpeg\" \/>\n<meta name=\"twitter:card\" content=\"summary_large_image\" \/>\n<meta name=\"twitter:site\" content=\"@Tetrachim\" \/>\n<meta name=\"twitter:label1\" content=\"Gesch\u00e4tzte Lesezeit\" \/>\n\t<meta name=\"twitter:data1\" content=\"1\u00a0Minute\" \/>\n<script type=\"application\/ld+json\" class=\"yoast-schema-graph\">{\"@context\":\"https:\\\/\\\/schema.org\",\"@graph\":[{\"@type\":\"WebPage\",\"@id\":\"https:\\\/\\\/www.tetrachim.com\\\/de\\\/produkt\\\/858g-112-topcoat-pfa-glaezend-klar\\\/\",\"url\":\"https:\\\/\\\/www.tetrachim.com\\\/de\\\/produkt\\\/858g-112-topcoat-pfa-glaezend-klar\\\/\",\"name\":\"858G-112 Topcoat PFA Gl\u00e4nzend Klar - Tetrachim\",\"isPartOf\":{\"@id\":\"https:\\\/\\\/www.tetrachim.com\\\/de\\\/#website\"},\"primaryImageOfPage\":{\"@id\":\"https:\\\/\\\/www.tetrachim.com\\\/de\\\/produkt\\\/858g-112-topcoat-pfa-glaezend-klar\\\/#primaryimage\"},\"image\":{\"@id\":\"https:\\\/\\\/www.tetrachim.com\\\/de\\\/produkt\\\/858g-112-topcoat-pfa-glaezend-klar\\\/#primaryimage\"},\"thumbnailUrl\":\"https:\\\/\\\/www.tetrachim.com\\\/wp-content\\\/uploads\\\/2020\\\/09\\\/PackPaint20KG.jpg\",\"datePublished\":\"2020-11-13T21:16:00+00:00\",\"dateModified\":\"2026-04-18T19:56:41+00:00\",\"breadcrumb\":{\"@id\":\"https:\\\/\\\/www.tetrachim.com\\\/de\\\/produkt\\\/858g-112-topcoat-pfa-glaezend-klar\\\/#breadcrumb\"},\"inLanguage\":\"de\",\"potentialAction\":[{\"@type\":\"ReadAction\",\"target\":[\"https:\\\/\\\/www.tetrachim.com\\\/de\\\/produkt\\\/858g-112-topcoat-pfa-glaezend-klar\\\/\"]}]},{\"@type\":\"ImageObject\",\"inLanguage\":\"de\",\"@id\":\"https:\\\/\\\/www.tetrachim.com\\\/de\\\/produkt\\\/858g-112-topcoat-pfa-glaezend-klar\\\/#primaryimage\",\"url\":\"https:\\\/\\\/www.tetrachim.com\\\/wp-content\\\/uploads\\\/2020\\\/09\\\/PackPaint20KG.jpg\",\"contentUrl\":\"https:\\\/\\\/www.tetrachim.com\\\/wp-content\\\/uploads\\\/2020\\\/09\\\/PackPaint20KG.jpg\",\"width\":900,\"height\":900},{\"@type\":\"BreadcrumbList\",\"@id\":\"https:\\\/\\\/www.tetrachim.com\\\/de\\\/produkt\\\/858g-112-topcoat-pfa-glaezend-klar\\\/#breadcrumb\",\"itemListElement\":[{\"@type\":\"ListItem\",\"position\":1,\"name\":\"\",\"item\":\"https:\\\/\\\/www.tetrachim.com\\\/de\\\/\"},{\"@type\":\"ListItem\",\"position\":2,\"name\":\"Shop\",\"item\":\"https:\\\/\\\/www.tetrachim.com\\\/de\\\/shop\\\/\"},{\"@type\":\"ListItem\",\"position\":3,\"name\":\"858G-112 Topcoat PFA Gl\u00e4nzend Klar\"}]},{\"@type\":\"WebSite\",\"@id\":\"https:\\\/\\\/www.tetrachim.com\\\/de\\\/#website\",\"url\":\"https:\\\/\\\/www.tetrachim.com\\\/de\\\/\",\"name\":\"Tetrachim\",\"description\":\"Rev\u00eatements high-tech\",\"publisher\":{\"@id\":\"https:\\\/\\\/www.tetrachim.com\\\/de\\\/#organization\"},\"potentialAction\":[{\"@type\":\"SearchAction\",\"target\":{\"@type\":\"EntryPoint\",\"urlTemplate\":\"https:\\\/\\\/www.tetrachim.com\\\/de\\\/?s={search_term_string}\"},\"query-input\":{\"@type\":\"PropertyValueSpecification\",\"valueRequired\":true,\"valueName\":\"search_term_string\"}}],\"inLanguage\":\"de\"},{\"@type\":\"Organization\",\"@id\":\"https:\\\/\\\/www.tetrachim.com\\\/de\\\/#organization\",\"name\":\"Tetrachim\",\"url\":\"https:\\\/\\\/www.tetrachim.com\\\/de\\\/\",\"logo\":{\"@type\":\"ImageObject\",\"inLanguage\":\"de\",\"@id\":\"https:\\\/\\\/www.tetrachim.com\\\/de\\\/#\\\/schema\\\/logo\\\/image\\\/\",\"url\":\"https:\\\/\\\/www.tetrachim.com\\\/wp-content\\\/uploads\\\/2020\\\/07\\\/logo-tetrachim.png\",\"contentUrl\":\"https:\\\/\\\/www.tetrachim.com\\\/wp-content\\\/uploads\\\/2020\\\/07\\\/logo-tetrachim.png\",\"width\":244,\"height\":51,\"caption\":\"Tetrachim\"},\"image\":{\"@id\":\"https:\\\/\\\/www.tetrachim.com\\\/de\\\/#\\\/schema\\\/logo\\\/image\\\/\"},\"sameAs\":[\"https:\\\/\\\/x.com\\\/Tetrachim\",\"https:\\\/\\\/www.linkedin.com\\\/company\\\/tetrachim\\\/\"]}]}<\/script>\n<!-- \/ Yoast SEO plugin. -->","yoast_head_json":{"title":"858G-112 Topcoat PFA Gl\u00e4nzend Klar - Tetrachim","robots":{"index":"index","follow":"follow","max-snippet":"max-snippet:-1","max-image-preview":"max-image-preview:large","max-video-preview":"max-video-preview:-1"},"canonical":"https:\/\/www.tetrachim.com\/de\/produkt\/858g-112-topcoat-pfa-glaezend-klar\/","og_locale":"de_DE","og_type":"article","og_title":"858G-112 Topcoat PFA Gl\u00e4nzend Klar - Tetrachim","og_description":"Diese gef\u00fcllte PFA-Deckschicht auf Wasserbasis ist so konzipiert, dass sie eine bessere Kratz-\/Abriebfestigkeit und Permeationsbest\u00e4ndigkeit als ungef\u00fclltes fl\u00fcssiges PFA bietet. Sie eignet sich f\u00fcr zahlreiche industrielle Anwendungen und kann in einer Dicke von bis zu 75 \u03bcm pro Schicht aufgetragen werden. Sie ist besonders f\u00fcr Backbleche interessant, die in Kontakt mit gefrorenem Teig in industriellen Backwaren verwendet werden.","og_url":"https:\/\/www.tetrachim.com\/de\/produkt\/858g-112-topcoat-pfa-glaezend-klar\/","og_site_name":"Tetrachim","article_modified_time":"2026-04-18T19:56:41+00:00","og_image":[{"width":900,"height":900,"url":"https:\/\/www.tetrachim.com\/wp-content\/uploads\/2020\/09\/PackPaint20KG.jpg","type":"image\/jpeg"}],"twitter_card":"summary_large_image","twitter_site":"@Tetrachim","twitter_misc":{"Gesch\u00e4tzte Lesezeit":"1\u00a0Minute"},"schema":{"@context":"https:\/\/schema.org","@graph":[{"@type":"WebPage","@id":"https:\/\/www.tetrachim.com\/de\/produkt\/858g-112-topcoat-pfa-glaezend-klar\/","url":"https:\/\/www.tetrachim.com\/de\/produkt\/858g-112-topcoat-pfa-glaezend-klar\/","name":"858G-112 Topcoat PFA Gl\u00e4nzend Klar - Tetrachim","isPartOf":{"@id":"https:\/\/www.tetrachim.com\/de\/#website"},"primaryImageOfPage":{"@id":"https:\/\/www.tetrachim.com\/de\/produkt\/858g-112-topcoat-pfa-glaezend-klar\/#primaryimage"},"image":{"@id":"https:\/\/www.tetrachim.com\/de\/produkt\/858g-112-topcoat-pfa-glaezend-klar\/#primaryimage"},"thumbnailUrl":"https:\/\/www.tetrachim.com\/wp-content\/uploads\/2020\/09\/PackPaint20KG.jpg","datePublished":"2020-11-13T21:16:00+00:00","dateModified":"2026-04-18T19:56:41+00:00","breadcrumb":{"@id":"https:\/\/www.tetrachim.com\/de\/produkt\/858g-112-topcoat-pfa-glaezend-klar\/#breadcrumb"},"inLanguage":"de","potentialAction":[{"@type":"ReadAction","target":["https:\/\/www.tetrachim.com\/de\/produkt\/858g-112-topcoat-pfa-glaezend-klar\/"]}]},{"@type":"ImageObject","inLanguage":"de","@id":"https:\/\/www.tetrachim.com\/de\/produkt\/858g-112-topcoat-pfa-glaezend-klar\/#primaryimage","url":"https:\/\/www.tetrachim.com\/wp-content\/uploads\/2020\/09\/PackPaint20KG.jpg","contentUrl":"https:\/\/www.tetrachim.com\/wp-content\/uploads\/2020\/09\/PackPaint20KG.jpg","width":900,"height":900},{"@type":"BreadcrumbList","@id":"https:\/\/www.tetrachim.com\/de\/produkt\/858g-112-topcoat-pfa-glaezend-klar\/#breadcrumb","itemListElement":[{"@type":"ListItem","position":1,"name":"","item":"https:\/\/www.tetrachim.com\/de\/"},{"@type":"ListItem","position":2,"name":"Shop","item":"https:\/\/www.tetrachim.com\/de\/shop\/"},{"@type":"ListItem","position":3,"name":"858G-112 Topcoat PFA Gl\u00e4nzend Klar"}]},{"@type":"WebSite","@id":"https:\/\/www.tetrachim.com\/de\/#website","url":"https:\/\/www.tetrachim.com\/de\/","name":"Tetrachim","description":"Rev\u00eatements high-tech","publisher":{"@id":"https:\/\/www.tetrachim.com\/de\/#organization"},"potentialAction":[{"@type":"SearchAction","target":{"@type":"EntryPoint","urlTemplate":"https:\/\/www.tetrachim.com\/de\/?s={search_term_string}"},"query-input":{"@type":"PropertyValueSpecification","valueRequired":true,"valueName":"search_term_string"}}],"inLanguage":"de"},{"@type":"Organization","@id":"https:\/\/www.tetrachim.com\/de\/#organization","name":"Tetrachim","url":"https:\/\/www.tetrachim.com\/de\/","logo":{"@type":"ImageObject","inLanguage":"de","@id":"https:\/\/www.tetrachim.com\/de\/#\/schema\/logo\/image\/","url":"https:\/\/www.tetrachim.com\/wp-content\/uploads\/2020\/07\/logo-tetrachim.png","contentUrl":"https:\/\/www.tetrachim.com\/wp-content\/uploads\/2020\/07\/logo-tetrachim.png","width":244,"height":51,"caption":"Tetrachim"},"image":{"@id":"https:\/\/www.tetrachim.com\/de\/#\/schema\/logo\/image\/"},"sameAs":["https:\/\/x.com\/Tetrachim","https:\/\/www.linkedin.com\/company\/tetrachim\/"]}]}},"tiered_pricing_type":"fixed","tiered_pricing_fixed_rules":[],"tiered_pricing_product_settings":{"layout":"default","base_unit_name":{"singular":null,"plural":null},"default_variation":null},"tiered_pricing_minimum_quantity":null,"tiered_pricing_roles_data":[],"tiered_pricing_percentage_rules":[],"_links":{"self":[{"href":"https:\/\/www.tetrachim.com\/de\/wp-json\/wp\/v2\/product\/99019","targetHints":{"allow":["GET"]}}],"collection":[{"href":"https:\/\/www.tetrachim.com\/de\/wp-json\/wp\/v2\/product"}],"about":[{"href":"https:\/\/www.tetrachim.com\/de\/wp-json\/wp\/v2\/types\/product"}],"wp:featuredmedia":[{"embeddable":true,"href":"https:\/\/www.tetrachim.com\/de\/wp-json\/wp\/v2\/media\/87450"}],"wp:attachment":[{"href":"https:\/\/www.tetrachim.com\/de\/wp-json\/wp\/v2\/media?parent=99019"}],"wp:term":[{"taxonomy":"product_brand","embeddable":true,"href":"https:\/\/www.tetrachim.com\/de\/wp-json\/wp\/v2\/product_brand?post=99019"},{"taxonomy":"product_cat","embeddable":true,"href":"https:\/\/www.tetrachim.com\/de\/wp-json\/wp\/v2\/product_cat?post=99019"},{"taxonomy":"product_tag","embeddable":true,"href":"https:\/\/www.tetrachim.com\/de\/wp-json\/wp\/v2\/product_tag?post=99019"}],"curies":[{"name":"wp","href":"https:\/\/api.w.org\/{rel}","templated":true}]}}