{"id":99030,"date":"2020-11-13T22:16:43","date_gmt":"2020-11-13T21:16:43","guid":{"rendered":"https:\/\/www.tetrachim.com\/product\/954g-303-einfarbig-schwarz\/"},"modified":"2026-05-14T00:09:52","modified_gmt":"2026-05-13T22:09:52","slug":"954g-303-einfarbig-schwarz","status":"publish","type":"product","link":"https:\/\/www.tetrachim.com\/de\/produkt\/954g-303-einfarbig-schwarz\/","title":{"rendered":"954G-303 Einschichtbeschichtung Schwarz"},"content":{"rendered":"<p>Diese fl\u00fcssige FEP-Beschichtung auf L\u00f6sungsmittelbasis ist mit speziellen Mischungen aus Fluorkunststoffen und anderen Hochleistungsharzen formuliert, um die Z\u00e4higkeit und Abriebfestigkeit zu verbessern. Sie bietet sehr gute reibungsarme und antihaftende Eigenschaften. Die Harze sorgen f\u00fcr Haftung auf dem Substrat und Abriebfestigkeit.   Er ist auch in der gr\u00fcnen Version 954G-304 erh\u00e4ltlich.<\/p>\n","protected":false},"excerpt":{"rendered":"<p>L\u00f6semittelhaltige FEP-Beschichtung f\u00fcr die Aush\u00e4rtung bei relativ niedrigen Temperaturen (ab 160 \u00b0C). Diese Beschichtung eignet sich f\u00fcr den Einsatz unter Bedingungen mit leichtem Abrieb, relativ niedrigen Betriebstemperaturen und f\u00fcr Chemikalien- und Korrosionsbest\u00e4ndigkeit. Diese Beschichtung kann gespritzt, aber auch im Tauchverfahren aufgetragen werden.  <\/p>\n","protected":false},"featured_media":87385,"template":"","meta":[],"product_brand":[],"product_cat":[507],"product_tag":[],"class_list":{"0":"post-99030","1":"product","2":"type-product","3":"status-publish","4":"has-post-thumbnail","6":"supplier-chemours-de","7":"market-automobilindustrie","8":"market-energie-elektrizitaet","9":"market-chemikalien-wasser","10":"property-geringe-reibung","11":"property-trockenschmierung","12":"property-temperaturbestaendigkeit","13":"property-antihaft-eigenschaften","14":"property-korrosionsbestaendigkeit","15":"product_cat-teflon-industriebeschichtungen","16":"product_shipping_class-gefahr-de","18":"first","19":"instock","20":"taxable","21":"shipping-taxable","22":"purchasable","23":"product-type-simple"},"yoast_head":"<!-- This site is optimized with the Yoast SEO plugin v27.5 - https:\/\/yoast.com\/product\/yoast-seo-wordpress\/ -->\n<title>954G-303 Einschichtbeschichtung Schwarz - Tetrachim<\/title>\n<meta name=\"robots\" content=\"index, follow, max-snippet:-1, max-image-preview:large, max-video-preview:-1\" \/>\n<link rel=\"canonical\" href=\"https:\/\/www.tetrachim.com\/de\/produkt\/954g-303-einfarbig-schwarz\/\" \/>\n<meta property=\"og:locale\" content=\"de_DE\" \/>\n<meta property=\"og:type\" content=\"article\" \/>\n<meta property=\"og:title\" content=\"954G-303 Einschichtbeschichtung Schwarz - Tetrachim\" \/>\n<meta property=\"og:description\" content=\"L\u00f6semittelhaltige FEP-Beschichtung f\u00fcr die Aush\u00e4rtung bei relativ niedrigen Temperaturen (ab 160 \u00b0C). Diese Beschichtung eignet sich f\u00fcr den Einsatz unter Bedingungen mit leichtem Abrieb, relativ niedrigen Betriebstemperaturen und f\u00fcr Chemikalien- und Korrosionsbest\u00e4ndigkeit. Diese Beschichtung kann gespritzt, aber auch im Tauchverfahren aufgetragen werden.\" \/>\n<meta property=\"og:url\" content=\"https:\/\/www.tetrachim.com\/de\/produkt\/954g-303-einfarbig-schwarz\/\" \/>\n<meta property=\"og:site_name\" content=\"Tetrachim\" \/>\n<meta property=\"article:modified_time\" content=\"2026-05-13T22:09:52+00:00\" \/>\n<meta property=\"og:image\" content=\"https:\/\/www.tetrachim.com\/wp-content\/uploads\/2020\/09\/954G303.jpg\" \/>\n\t<meta property=\"og:image:width\" content=\"900\" \/>\n\t<meta property=\"og:image:height\" content=\"900\" \/>\n\t<meta property=\"og:image:type\" content=\"image\/jpeg\" \/>\n<meta name=\"twitter:card\" content=\"summary_large_image\" \/>\n<meta name=\"twitter:site\" content=\"@Tetrachim\" \/>\n<script type=\"application\/ld+json\" class=\"yoast-schema-graph\">{\"@context\":\"https:\\\/\\\/schema.org\",\"@graph\":[{\"@type\":\"WebPage\",\"@id\":\"https:\\\/\\\/www.tetrachim.com\\\/de\\\/produkt\\\/954g-303-einfarbig-schwarz\\\/\",\"url\":\"https:\\\/\\\/www.tetrachim.com\\\/de\\\/produkt\\\/954g-303-einfarbig-schwarz\\\/\",\"name\":\"954G-303 Einschichtbeschichtung Schwarz - Tetrachim\",\"isPartOf\":{\"@id\":\"https:\\\/\\\/www.tetrachim.com\\\/de\\\/#website\"},\"primaryImageOfPage\":{\"@id\":\"https:\\\/\\\/www.tetrachim.com\\\/de\\\/produkt\\\/954g-303-einfarbig-schwarz\\\/#primaryimage\"},\"image\":{\"@id\":\"https:\\\/\\\/www.tetrachim.com\\\/de\\\/produkt\\\/954g-303-einfarbig-schwarz\\\/#primaryimage\"},\"thumbnailUrl\":\"https:\\\/\\\/www.tetrachim.com\\\/wp-content\\\/uploads\\\/2020\\\/09\\\/954G303.jpg\",\"datePublished\":\"2020-11-13T21:16:43+00:00\",\"dateModified\":\"2026-05-13T22:09:52+00:00\",\"breadcrumb\":{\"@id\":\"https:\\\/\\\/www.tetrachim.com\\\/de\\\/produkt\\\/954g-303-einfarbig-schwarz\\\/#breadcrumb\"},\"inLanguage\":\"de\",\"potentialAction\":[{\"@type\":\"ReadAction\",\"target\":[\"https:\\\/\\\/www.tetrachim.com\\\/de\\\/produkt\\\/954g-303-einfarbig-schwarz\\\/\"]}]},{\"@type\":\"ImageObject\",\"inLanguage\":\"de\",\"@id\":\"https:\\\/\\\/www.tetrachim.com\\\/de\\\/produkt\\\/954g-303-einfarbig-schwarz\\\/#primaryimage\",\"url\":\"https:\\\/\\\/www.tetrachim.com\\\/wp-content\\\/uploads\\\/2020\\\/09\\\/954G303.jpg\",\"contentUrl\":\"https:\\\/\\\/www.tetrachim.com\\\/wp-content\\\/uploads\\\/2020\\\/09\\\/954G303.jpg\",\"width\":900,\"height\":900},{\"@type\":\"BreadcrumbList\",\"@id\":\"https:\\\/\\\/www.tetrachim.com\\\/de\\\/produkt\\\/954g-303-einfarbig-schwarz\\\/#breadcrumb\",\"itemListElement\":[{\"@type\":\"ListItem\",\"position\":1,\"name\":\"\",\"item\":\"https:\\\/\\\/www.tetrachim.com\\\/de\\\/\"},{\"@type\":\"ListItem\",\"position\":2,\"name\":\"Shop\",\"item\":\"https:\\\/\\\/www.tetrachim.com\\\/de\\\/shop\\\/\"},{\"@type\":\"ListItem\",\"position\":3,\"name\":\"954G-303 Einschichtbeschichtung Schwarz\"}]},{\"@type\":\"WebSite\",\"@id\":\"https:\\\/\\\/www.tetrachim.com\\\/de\\\/#website\",\"url\":\"https:\\\/\\\/www.tetrachim.com\\\/de\\\/\",\"name\":\"Tetrachim\",\"description\":\"Rev\u00eatements high-tech\",\"publisher\":{\"@id\":\"https:\\\/\\\/www.tetrachim.com\\\/de\\\/#organization\"},\"potentialAction\":[{\"@type\":\"SearchAction\",\"target\":{\"@type\":\"EntryPoint\",\"urlTemplate\":\"https:\\\/\\\/www.tetrachim.com\\\/de\\\/?s={search_term_string}\"},\"query-input\":{\"@type\":\"PropertyValueSpecification\",\"valueRequired\":true,\"valueName\":\"search_term_string\"}}],\"inLanguage\":\"de\"},{\"@type\":\"Organization\",\"@id\":\"https:\\\/\\\/www.tetrachim.com\\\/de\\\/#organization\",\"name\":\"Tetrachim\",\"url\":\"https:\\\/\\\/www.tetrachim.com\\\/de\\\/\",\"logo\":{\"@type\":\"ImageObject\",\"inLanguage\":\"de\",\"@id\":\"https:\\\/\\\/www.tetrachim.com\\\/de\\\/#\\\/schema\\\/logo\\\/image\\\/\",\"url\":\"https:\\\/\\\/www.tetrachim.com\\\/wp-content\\\/uploads\\\/2020\\\/07\\\/logo-tetrachim.png\",\"contentUrl\":\"https:\\\/\\\/www.tetrachim.com\\\/wp-content\\\/uploads\\\/2020\\\/07\\\/logo-tetrachim.png\",\"width\":244,\"height\":51,\"caption\":\"Tetrachim\"},\"image\":{\"@id\":\"https:\\\/\\\/www.tetrachim.com\\\/de\\\/#\\\/schema\\\/logo\\\/image\\\/\"},\"sameAs\":[\"https:\\\/\\\/x.com\\\/Tetrachim\",\"https:\\\/\\\/www.linkedin.com\\\/company\\\/tetrachim\\\/\"]}]}<\/script>\n<!-- \/ Yoast SEO plugin. -->","yoast_head_json":{"title":"954G-303 Einschichtbeschichtung Schwarz - Tetrachim","robots":{"index":"index","follow":"follow","max-snippet":"max-snippet:-1","max-image-preview":"max-image-preview:large","max-video-preview":"max-video-preview:-1"},"canonical":"https:\/\/www.tetrachim.com\/de\/produkt\/954g-303-einfarbig-schwarz\/","og_locale":"de_DE","og_type":"article","og_title":"954G-303 Einschichtbeschichtung Schwarz - Tetrachim","og_description":"L\u00f6semittelhaltige FEP-Beschichtung f\u00fcr die Aush\u00e4rtung bei relativ niedrigen Temperaturen (ab 160 \u00b0C). Diese Beschichtung eignet sich f\u00fcr den Einsatz unter Bedingungen mit leichtem Abrieb, relativ niedrigen Betriebstemperaturen und f\u00fcr Chemikalien- und Korrosionsbest\u00e4ndigkeit. Diese Beschichtung kann gespritzt, aber auch im Tauchverfahren aufgetragen werden.","og_url":"https:\/\/www.tetrachim.com\/de\/produkt\/954g-303-einfarbig-schwarz\/","og_site_name":"Tetrachim","article_modified_time":"2026-05-13T22:09:52+00:00","og_image":[{"width":900,"height":900,"url":"https:\/\/www.tetrachim.com\/wp-content\/uploads\/2020\/09\/954G303.jpg","type":"image\/jpeg"}],"twitter_card":"summary_large_image","twitter_site":"@Tetrachim","schema":{"@context":"https:\/\/schema.org","@graph":[{"@type":"WebPage","@id":"https:\/\/www.tetrachim.com\/de\/produkt\/954g-303-einfarbig-schwarz\/","url":"https:\/\/www.tetrachim.com\/de\/produkt\/954g-303-einfarbig-schwarz\/","name":"954G-303 Einschichtbeschichtung Schwarz - Tetrachim","isPartOf":{"@id":"https:\/\/www.tetrachim.com\/de\/#website"},"primaryImageOfPage":{"@id":"https:\/\/www.tetrachim.com\/de\/produkt\/954g-303-einfarbig-schwarz\/#primaryimage"},"image":{"@id":"https:\/\/www.tetrachim.com\/de\/produkt\/954g-303-einfarbig-schwarz\/#primaryimage"},"thumbnailUrl":"https:\/\/www.tetrachim.com\/wp-content\/uploads\/2020\/09\/954G303.jpg","datePublished":"2020-11-13T21:16:43+00:00","dateModified":"2026-05-13T22:09:52+00:00","breadcrumb":{"@id":"https:\/\/www.tetrachim.com\/de\/produkt\/954g-303-einfarbig-schwarz\/#breadcrumb"},"inLanguage":"de","potentialAction":[{"@type":"ReadAction","target":["https:\/\/www.tetrachim.com\/de\/produkt\/954g-303-einfarbig-schwarz\/"]}]},{"@type":"ImageObject","inLanguage":"de","@id":"https:\/\/www.tetrachim.com\/de\/produkt\/954g-303-einfarbig-schwarz\/#primaryimage","url":"https:\/\/www.tetrachim.com\/wp-content\/uploads\/2020\/09\/954G303.jpg","contentUrl":"https:\/\/www.tetrachim.com\/wp-content\/uploads\/2020\/09\/954G303.jpg","width":900,"height":900},{"@type":"BreadcrumbList","@id":"https:\/\/www.tetrachim.com\/de\/produkt\/954g-303-einfarbig-schwarz\/#breadcrumb","itemListElement":[{"@type":"ListItem","position":1,"name":"","item":"https:\/\/www.tetrachim.com\/de\/"},{"@type":"ListItem","position":2,"name":"Shop","item":"https:\/\/www.tetrachim.com\/de\/shop\/"},{"@type":"ListItem","position":3,"name":"954G-303 Einschichtbeschichtung Schwarz"}]},{"@type":"WebSite","@id":"https:\/\/www.tetrachim.com\/de\/#website","url":"https:\/\/www.tetrachim.com\/de\/","name":"Tetrachim","description":"Rev\u00eatements high-tech","publisher":{"@id":"https:\/\/www.tetrachim.com\/de\/#organization"},"potentialAction":[{"@type":"SearchAction","target":{"@type":"EntryPoint","urlTemplate":"https:\/\/www.tetrachim.com\/de\/?s={search_term_string}"},"query-input":{"@type":"PropertyValueSpecification","valueRequired":true,"valueName":"search_term_string"}}],"inLanguage":"de"},{"@type":"Organization","@id":"https:\/\/www.tetrachim.com\/de\/#organization","name":"Tetrachim","url":"https:\/\/www.tetrachim.com\/de\/","logo":{"@type":"ImageObject","inLanguage":"de","@id":"https:\/\/www.tetrachim.com\/de\/#\/schema\/logo\/image\/","url":"https:\/\/www.tetrachim.com\/wp-content\/uploads\/2020\/07\/logo-tetrachim.png","contentUrl":"https:\/\/www.tetrachim.com\/wp-content\/uploads\/2020\/07\/logo-tetrachim.png","width":244,"height":51,"caption":"Tetrachim"},"image":{"@id":"https:\/\/www.tetrachim.com\/de\/#\/schema\/logo\/image\/"},"sameAs":["https:\/\/x.com\/Tetrachim","https:\/\/www.linkedin.com\/company\/tetrachim\/"]}]}},"tiered_pricing_type":"fixed","tiered_pricing_fixed_rules":[],"tiered_pricing_product_settings":{"layout":"default","base_unit_name":{"singular":null,"plural":null},"default_variation":null},"tiered_pricing_minimum_quantity":null,"tiered_pricing_roles_data":[],"tiered_pricing_percentage_rules":[],"_links":{"self":[{"href":"https:\/\/www.tetrachim.com\/de\/wp-json\/wp\/v2\/product\/99030","targetHints":{"allow":["GET"]}}],"collection":[{"href":"https:\/\/www.tetrachim.com\/de\/wp-json\/wp\/v2\/product"}],"about":[{"href":"https:\/\/www.tetrachim.com\/de\/wp-json\/wp\/v2\/types\/product"}],"wp:featuredmedia":[{"embeddable":true,"href":"https:\/\/www.tetrachim.com\/de\/wp-json\/wp\/v2\/media\/87385"}],"wp:attachment":[{"href":"https:\/\/www.tetrachim.com\/de\/wp-json\/wp\/v2\/media?parent=99030"}],"wp:term":[{"taxonomy":"product_brand","embeddable":true,"href":"https:\/\/www.tetrachim.com\/de\/wp-json\/wp\/v2\/product_brand?post=99030"},{"taxonomy":"product_cat","embeddable":true,"href":"https:\/\/www.tetrachim.com\/de\/wp-json\/wp\/v2\/product_cat?post=99030"},{"taxonomy":"product_tag","embeddable":true,"href":"https:\/\/www.tetrachim.com\/de\/wp-json\/wp\/v2\/product_tag?post=99030"}],"curies":[{"name":"wp","href":"https:\/\/api.w.org\/{rel}","templated":true}]}}