{"id":99108,"date":"2020-11-15T17:07:42","date_gmt":"2020-11-15T16:07:42","guid":{"rendered":"https:\/\/www.tetrachim.com\/product\/t-weiss-weiss-1482\/"},"modified":"2026-05-14T11:46:37","modified_gmt":"2026-05-14T09:46:37","slug":"t-weiss-weiss-1482","status":"publish","type":"product","link":"https:\/\/www.tetrachim.com\/de\/produkt\/t-weiss-weiss-1482\/","title":{"rendered":"T Wei\u00df\/Wei\u00df 1482"},"content":{"rendered":"<p>Polyamid 11 ist ein Polymer, das zu 100 % aus erneuerbarem organischem Kohlenstoff besteht. Die f\u00fcr seine Formulierung erforderlichen Zusatzstoffe machen nur einen unbedeutenden Teil des fertigen Polymers aus.  Rilsan\u00ae Fine Powders sind umweltfreundliche Beschichtungen, die keine fl\u00fcchtigen organischen Verbindungen freisetzen und frei von Schwermetallpigmenten, Bisphenol A, Phthalaten, Halogenen, Isocyanaten und H\u00e4rtemitteln sind. Rizinus\u00f6l ist 100% pflanzlich, biologisch abbaubar, nat\u00fcrlich, ungiftig und erneuerbar.  Rilsan\u00ae Fine Powders sind eine verantwortungsvolle Wahl f\u00fcr umweltbewusste Menschen.<\/p>\n","protected":false},"excerpt":{"rendered":"<p>Rilsan\u00ae Fine Powders sind hochleistungsf\u00e4hige biobasierte Polyamid 11-Pulver, die aus Rizinus\u00f6l hergestellt werden. Thermoplastische Polyamide werden zur Beschichtung von Metallsubstraten aufgrund ihrer hervorragenden Eigenschaften wie Abrieb-, Korrosions- und Schlagfestigkeit, Ger\u00e4uschd\u00e4mpfung, Flexibilit\u00e4t und niedrigem Reibungskoeffizienten verwendet.  Rilsan\u00ae T-Typen sollten mit dem Wirbelschicht-Tauchverfahren aufgetragen werden. Dieses Beschichtungsverfahren kombiniert Effizienz (100%ige \u00dcbertragung), ausgezeichnete Produktivit\u00e4t und hervorragende Reproduzierbarkeit der Schichtdicke. <\/p>\n","protected":false},"featured_media":88966,"template":"","meta":[],"product_brand":[],"product_cat":[537,538],"product_tag":[],"class_list":{"0":"post-99108","1":"product","2":"type-product","3":"status-publish","4":"has-post-thumbnail","6":"supplier-arkema-de","7":"market-luft-und-raumfahrt","8":"market-automobilindustrie","9":"market-energie-elektrizitaet","10":"market-gesundheitspflege","11":"market-lebensmittel-industrielle-backformen","12":"market-papier-textil","13":"property-isolierung","14":"property-lebensmittel-zugelassen","15":"property-korrosionsbestaendigkeit","16":"property-chemische-bestaendigkeit","17":"property-abriebfestigkeit","18":"product_cat-rilsan-feines-pulver","19":"product_cat-umweltfreundliche-beschichtungen","21":"first","22":"onbackorder","23":"taxable","24":"shipping-taxable","25":"purchasable","26":"product-type-simple"},"yoast_head":"<!-- This site is optimized with the Yoast SEO plugin v27.5 - https:\/\/yoast.com\/product\/yoast-seo-wordpress\/ -->\n<title>T Wei\u00df\/Wei\u00df 1482 - Tetrachim<\/title>\n<meta name=\"robots\" content=\"index, follow, max-snippet:-1, max-image-preview:large, max-video-preview:-1\" \/>\n<link rel=\"canonical\" href=\"https:\/\/www.tetrachim.com\/de\/produkt\/t-weiss-weiss-1482\/\" \/>\n<meta property=\"og:locale\" content=\"de_DE\" \/>\n<meta property=\"og:type\" content=\"article\" \/>\n<meta property=\"og:title\" content=\"T Wei\u00df\/Wei\u00df 1482 - Tetrachim\" \/>\n<meta property=\"og:description\" content=\"Rilsan\u00ae Fine Powders sind hochleistungsf\u00e4hige biobasierte Polyamid 11-Pulver, die aus Rizinus\u00f6l hergestellt werden. Thermoplastische Polyamide werden zur Beschichtung von Metallsubstraten aufgrund ihrer hervorragenden Eigenschaften wie Abrieb-, Korrosions- und Schlagfestigkeit, Ger\u00e4uschd\u00e4mpfung, Flexibilit\u00e4t und niedrigem Reibungskoeffizienten verwendet. Rilsan\u00ae T-Typen sollten mit dem Wirbelschicht-Tauchverfahren aufgetragen werden. Dieses Beschichtungsverfahren kombiniert Effizienz (100%ige \u00dcbertragung), ausgezeichnete Produktivit\u00e4t und hervorragende Reproduzierbarkeit der Schichtdicke.\" \/>\n<meta property=\"og:url\" content=\"https:\/\/www.tetrachim.com\/de\/produkt\/t-weiss-weiss-1482\/\" \/>\n<meta property=\"og:site_name\" content=\"Tetrachim\" \/>\n<meta property=\"article:modified_time\" content=\"2026-05-14T09:46:37+00:00\" \/>\n<meta property=\"og:image\" content=\"https:\/\/www.tetrachim.com\/wp-content\/uploads\/2020\/10\/Rilsan-sac.jpg\" \/>\n\t<meta property=\"og:image:width\" content=\"900\" \/>\n\t<meta property=\"og:image:height\" content=\"900\" \/>\n\t<meta property=\"og:image:type\" content=\"image\/jpeg\" \/>\n<meta name=\"twitter:card\" content=\"summary_large_image\" \/>\n<meta name=\"twitter:site\" content=\"@Tetrachim\" \/>\n<script type=\"application\/ld+json\" class=\"yoast-schema-graph\">{\"@context\":\"https:\\\/\\\/schema.org\",\"@graph\":[{\"@type\":\"WebPage\",\"@id\":\"https:\\\/\\\/www.tetrachim.com\\\/de\\\/produkt\\\/t-weiss-weiss-1482\\\/\",\"url\":\"https:\\\/\\\/www.tetrachim.com\\\/de\\\/produkt\\\/t-weiss-weiss-1482\\\/\",\"name\":\"T Wei\u00df\\\/Wei\u00df 1482 - Tetrachim\",\"isPartOf\":{\"@id\":\"https:\\\/\\\/www.tetrachim.com\\\/de\\\/#website\"},\"primaryImageOfPage\":{\"@id\":\"https:\\\/\\\/www.tetrachim.com\\\/de\\\/produkt\\\/t-weiss-weiss-1482\\\/#primaryimage\"},\"image\":{\"@id\":\"https:\\\/\\\/www.tetrachim.com\\\/de\\\/produkt\\\/t-weiss-weiss-1482\\\/#primaryimage\"},\"thumbnailUrl\":\"https:\\\/\\\/www.tetrachim.com\\\/wp-content\\\/uploads\\\/2020\\\/10\\\/Rilsan-sac.jpg\",\"datePublished\":\"2020-11-15T16:07:42+00:00\",\"dateModified\":\"2026-05-14T09:46:37+00:00\",\"breadcrumb\":{\"@id\":\"https:\\\/\\\/www.tetrachim.com\\\/de\\\/produkt\\\/t-weiss-weiss-1482\\\/#breadcrumb\"},\"inLanguage\":\"de\",\"potentialAction\":[{\"@type\":\"ReadAction\",\"target\":[\"https:\\\/\\\/www.tetrachim.com\\\/de\\\/produkt\\\/t-weiss-weiss-1482\\\/\"]}]},{\"@type\":\"ImageObject\",\"inLanguage\":\"de\",\"@id\":\"https:\\\/\\\/www.tetrachim.com\\\/de\\\/produkt\\\/t-weiss-weiss-1482\\\/#primaryimage\",\"url\":\"https:\\\/\\\/www.tetrachim.com\\\/wp-content\\\/uploads\\\/2020\\\/10\\\/Rilsan-sac.jpg\",\"contentUrl\":\"https:\\\/\\\/www.tetrachim.com\\\/wp-content\\\/uploads\\\/2020\\\/10\\\/Rilsan-sac.jpg\",\"width\":900,\"height\":900},{\"@type\":\"BreadcrumbList\",\"@id\":\"https:\\\/\\\/www.tetrachim.com\\\/de\\\/produkt\\\/t-weiss-weiss-1482\\\/#breadcrumb\",\"itemListElement\":[{\"@type\":\"ListItem\",\"position\":1,\"name\":\"\",\"item\":\"https:\\\/\\\/www.tetrachim.com\\\/de\\\/\"},{\"@type\":\"ListItem\",\"position\":2,\"name\":\"Shop\",\"item\":\"https:\\\/\\\/www.tetrachim.com\\\/de\\\/shop\\\/\"},{\"@type\":\"ListItem\",\"position\":3,\"name\":\"T Wei\u00df\\\/Wei\u00df 1482\"}]},{\"@type\":\"WebSite\",\"@id\":\"https:\\\/\\\/www.tetrachim.com\\\/de\\\/#website\",\"url\":\"https:\\\/\\\/www.tetrachim.com\\\/de\\\/\",\"name\":\"Tetrachim\",\"description\":\"Rev\u00eatements high-tech\",\"publisher\":{\"@id\":\"https:\\\/\\\/www.tetrachim.com\\\/de\\\/#organization\"},\"potentialAction\":[{\"@type\":\"SearchAction\",\"target\":{\"@type\":\"EntryPoint\",\"urlTemplate\":\"https:\\\/\\\/www.tetrachim.com\\\/de\\\/?s={search_term_string}\"},\"query-input\":{\"@type\":\"PropertyValueSpecification\",\"valueRequired\":true,\"valueName\":\"search_term_string\"}}],\"inLanguage\":\"de\"},{\"@type\":\"Organization\",\"@id\":\"https:\\\/\\\/www.tetrachim.com\\\/de\\\/#organization\",\"name\":\"Tetrachim\",\"url\":\"https:\\\/\\\/www.tetrachim.com\\\/de\\\/\",\"logo\":{\"@type\":\"ImageObject\",\"inLanguage\":\"de\",\"@id\":\"https:\\\/\\\/www.tetrachim.com\\\/de\\\/#\\\/schema\\\/logo\\\/image\\\/\",\"url\":\"https:\\\/\\\/www.tetrachim.com\\\/wp-content\\\/uploads\\\/2020\\\/07\\\/logo-tetrachim.png\",\"contentUrl\":\"https:\\\/\\\/www.tetrachim.com\\\/wp-content\\\/uploads\\\/2020\\\/07\\\/logo-tetrachim.png\",\"width\":244,\"height\":51,\"caption\":\"Tetrachim\"},\"image\":{\"@id\":\"https:\\\/\\\/www.tetrachim.com\\\/de\\\/#\\\/schema\\\/logo\\\/image\\\/\"},\"sameAs\":[\"https:\\\/\\\/x.com\\\/Tetrachim\",\"https:\\\/\\\/www.linkedin.com\\\/company\\\/tetrachim\\\/\"]}]}<\/script>\n<!-- \/ Yoast SEO plugin. -->","yoast_head_json":{"title":"T Wei\u00df\/Wei\u00df 1482 - Tetrachim","robots":{"index":"index","follow":"follow","max-snippet":"max-snippet:-1","max-image-preview":"max-image-preview:large","max-video-preview":"max-video-preview:-1"},"canonical":"https:\/\/www.tetrachim.com\/de\/produkt\/t-weiss-weiss-1482\/","og_locale":"de_DE","og_type":"article","og_title":"T Wei\u00df\/Wei\u00df 1482 - Tetrachim","og_description":"Rilsan\u00ae Fine Powders sind hochleistungsf\u00e4hige biobasierte Polyamid 11-Pulver, die aus Rizinus\u00f6l hergestellt werden. Thermoplastische Polyamide werden zur Beschichtung von Metallsubstraten aufgrund ihrer hervorragenden Eigenschaften wie Abrieb-, Korrosions- und Schlagfestigkeit, Ger\u00e4uschd\u00e4mpfung, Flexibilit\u00e4t und niedrigem Reibungskoeffizienten verwendet. Rilsan\u00ae T-Typen sollten mit dem Wirbelschicht-Tauchverfahren aufgetragen werden. Dieses Beschichtungsverfahren kombiniert Effizienz (100%ige \u00dcbertragung), ausgezeichnete Produktivit\u00e4t und hervorragende Reproduzierbarkeit der Schichtdicke.","og_url":"https:\/\/www.tetrachim.com\/de\/produkt\/t-weiss-weiss-1482\/","og_site_name":"Tetrachim","article_modified_time":"2026-05-14T09:46:37+00:00","og_image":[{"width":900,"height":900,"url":"https:\/\/www.tetrachim.com\/wp-content\/uploads\/2020\/10\/Rilsan-sac.jpg","type":"image\/jpeg"}],"twitter_card":"summary_large_image","twitter_site":"@Tetrachim","schema":{"@context":"https:\/\/schema.org","@graph":[{"@type":"WebPage","@id":"https:\/\/www.tetrachim.com\/de\/produkt\/t-weiss-weiss-1482\/","url":"https:\/\/www.tetrachim.com\/de\/produkt\/t-weiss-weiss-1482\/","name":"T Wei\u00df\/Wei\u00df 1482 - Tetrachim","isPartOf":{"@id":"https:\/\/www.tetrachim.com\/de\/#website"},"primaryImageOfPage":{"@id":"https:\/\/www.tetrachim.com\/de\/produkt\/t-weiss-weiss-1482\/#primaryimage"},"image":{"@id":"https:\/\/www.tetrachim.com\/de\/produkt\/t-weiss-weiss-1482\/#primaryimage"},"thumbnailUrl":"https:\/\/www.tetrachim.com\/wp-content\/uploads\/2020\/10\/Rilsan-sac.jpg","datePublished":"2020-11-15T16:07:42+00:00","dateModified":"2026-05-14T09:46:37+00:00","breadcrumb":{"@id":"https:\/\/www.tetrachim.com\/de\/produkt\/t-weiss-weiss-1482\/#breadcrumb"},"inLanguage":"de","potentialAction":[{"@type":"ReadAction","target":["https:\/\/www.tetrachim.com\/de\/produkt\/t-weiss-weiss-1482\/"]}]},{"@type":"ImageObject","inLanguage":"de","@id":"https:\/\/www.tetrachim.com\/de\/produkt\/t-weiss-weiss-1482\/#primaryimage","url":"https:\/\/www.tetrachim.com\/wp-content\/uploads\/2020\/10\/Rilsan-sac.jpg","contentUrl":"https:\/\/www.tetrachim.com\/wp-content\/uploads\/2020\/10\/Rilsan-sac.jpg","width":900,"height":900},{"@type":"BreadcrumbList","@id":"https:\/\/www.tetrachim.com\/de\/produkt\/t-weiss-weiss-1482\/#breadcrumb","itemListElement":[{"@type":"ListItem","position":1,"name":"","item":"https:\/\/www.tetrachim.com\/de\/"},{"@type":"ListItem","position":2,"name":"Shop","item":"https:\/\/www.tetrachim.com\/de\/shop\/"},{"@type":"ListItem","position":3,"name":"T Wei\u00df\/Wei\u00df 1482"}]},{"@type":"WebSite","@id":"https:\/\/www.tetrachim.com\/de\/#website","url":"https:\/\/www.tetrachim.com\/de\/","name":"Tetrachim","description":"Rev\u00eatements high-tech","publisher":{"@id":"https:\/\/www.tetrachim.com\/de\/#organization"},"potentialAction":[{"@type":"SearchAction","target":{"@type":"EntryPoint","urlTemplate":"https:\/\/www.tetrachim.com\/de\/?s={search_term_string}"},"query-input":{"@type":"PropertyValueSpecification","valueRequired":true,"valueName":"search_term_string"}}],"inLanguage":"de"},{"@type":"Organization","@id":"https:\/\/www.tetrachim.com\/de\/#organization","name":"Tetrachim","url":"https:\/\/www.tetrachim.com\/de\/","logo":{"@type":"ImageObject","inLanguage":"de","@id":"https:\/\/www.tetrachim.com\/de\/#\/schema\/logo\/image\/","url":"https:\/\/www.tetrachim.com\/wp-content\/uploads\/2020\/07\/logo-tetrachim.png","contentUrl":"https:\/\/www.tetrachim.com\/wp-content\/uploads\/2020\/07\/logo-tetrachim.png","width":244,"height":51,"caption":"Tetrachim"},"image":{"@id":"https:\/\/www.tetrachim.com\/de\/#\/schema\/logo\/image\/"},"sameAs":["https:\/\/x.com\/Tetrachim","https:\/\/www.linkedin.com\/company\/tetrachim\/"]}]}},"tiered_pricing_type":"fixed","tiered_pricing_fixed_rules":{"5":678.75,"15":650,"25":625},"tiered_pricing_product_settings":{"layout":"default","base_unit_name":{"singular":null,"plural":null},"default_variation":null},"tiered_pricing_minimum_quantity":null,"tiered_pricing_roles_data":[],"tiered_pricing_percentage_rules":[],"_links":{"self":[{"href":"https:\/\/www.tetrachim.com\/de\/wp-json\/wp\/v2\/product\/99108","targetHints":{"allow":["GET"]}}],"collection":[{"href":"https:\/\/www.tetrachim.com\/de\/wp-json\/wp\/v2\/product"}],"about":[{"href":"https:\/\/www.tetrachim.com\/de\/wp-json\/wp\/v2\/types\/product"}],"wp:featuredmedia":[{"embeddable":true,"href":"https:\/\/www.tetrachim.com\/de\/wp-json\/wp\/v2\/media\/88966"}],"wp:attachment":[{"href":"https:\/\/www.tetrachim.com\/de\/wp-json\/wp\/v2\/media?parent=99108"}],"wp:term":[{"taxonomy":"product_brand","embeddable":true,"href":"https:\/\/www.tetrachim.com\/de\/wp-json\/wp\/v2\/product_brand?post=99108"},{"taxonomy":"product_cat","embeddable":true,"href":"https:\/\/www.tetrachim.com\/de\/wp-json\/wp\/v2\/product_cat?post=99108"},{"taxonomy":"product_tag","embeddable":true,"href":"https:\/\/www.tetrachim.com\/de\/wp-json\/wp\/v2\/product_tag?post=99108"}],"curies":[{"name":"wp","href":"https:\/\/api.w.org\/{rel}","templated":true}]}}