{"id":99144,"date":"2021-06-03T16:38:19","date_gmt":"2021-06-03T14:38:19","guid":{"rendered":"https:\/\/www.tetrachim.com\/product\/204pr-premium-yttriumoxid-stabilisiertes-zirkoniumoxid-8\/"},"modified":"2026-05-16T23:55:14","modified_gmt":"2026-05-16T21:55:14","slug":"204pr-premium-yttriumoxid-stabilisiertes-zirkoniumoxid-8","status":"publish","type":"product","link":"https:\/\/www.tetrachim.com\/de\/produkt\/204pr-premium-yttriumoxid-stabilisiertes-zirkoniumoxid-8\/","title":{"rendered":"#204PR Premium Yttriumoxid-stabilisiertes Zirkoniumoxid 8%"},"content":{"rendered":"<p>Saint-Gobain #204PR, Premium Yttria stabilized Zirconium Oxide 8%, wurde mit einer kugelf\u00f6rmigen Form entwickelt, die gleichm\u00e4\u00dfigere Aufbauraten ohne Verstopfung oder Pulsieren der Zuf\u00fchrungsleitungen erm\u00f6glicht. Die hohlen Partikel f\u00fchren zu einem vollst\u00e4ndigeren Schmelzen und einer h\u00f6heren Abscheidungseffizienz. Die Premiumqualit\u00e4t wird empfohlen, um eine h\u00f6here Porosit\u00e4t f\u00fcr eine optimale Lebensdauer der Beschichtung zu erreichen.  <\/p>\n","protected":false},"excerpt":{"rendered":"<p>#204PR ist ein keramisches Pulver f\u00fcr das thermische Spritzen, das zu 92% aus ZrO2 und zu 8% aus Y2O3 (Premium Yttria stabilisiertes Zirkoniumoxid) besteht.<\/p>\n","protected":false},"featured_media":96834,"template":"","meta":[],"product_brand":[],"product_cat":[547],"product_tag":[],"class_list":{"0":"post-99144","1":"product","2":"type-product","3":"status-publish","4":"has-post-thumbnail","6":"supplier-saint-gobain-de","7":"market-energie-elektrizitaet","8":"market-papier-textil","9":"market-luft-und-raumfahrt","10":"market-elektronik-halbleiter","11":"market-automobilindustrie","12":"property-verschleissfestigkeit-de","13":"property-temperaturbestaendigkeit","14":"property-korrosionsbestaendigkeit","15":"product_cat-saint-gobain-thermisches-spritzen-pulver","17":"first","18":"onbackorder","19":"taxable","20":"shipping-taxable","21":"purchasable","22":"product-type-simple"},"yoast_head":"<!-- This site is optimized with the Yoast SEO plugin v27.5 - https:\/\/yoast.com\/product\/yoast-seo-wordpress\/ -->\n<title>#204PR Premium Yttriumoxid-stabilisiertes Zirkoniumoxid 8% - Tetrachim<\/title>\n<meta name=\"robots\" content=\"index, follow, max-snippet:-1, max-image-preview:large, max-video-preview:-1\" \/>\n<link rel=\"canonical\" href=\"https:\/\/www.tetrachim.com\/de\/produkt\/204pr-premium-yttriumoxid-stabilisiertes-zirkoniumoxid-8\/\" \/>\n<meta property=\"og:locale\" content=\"de_DE\" \/>\n<meta property=\"og:type\" content=\"article\" \/>\n<meta property=\"og:title\" content=\"#204PR Premium Yttriumoxid-stabilisiertes Zirkoniumoxid 8% - Tetrachim\" \/>\n<meta property=\"og:description\" content=\"#204PR ist ein keramisches Pulver f\u00fcr das thermische Spritzen, das zu 92% aus ZrO2 und zu 8% aus Y2O3 (Premium Yttria stabilisiertes Zirkoniumoxid) besteht.\" \/>\n<meta property=\"og:url\" content=\"https:\/\/www.tetrachim.com\/de\/produkt\/204pr-premium-yttriumoxid-stabilisiertes-zirkoniumoxid-8\/\" \/>\n<meta property=\"og:site_name\" content=\"Tetrachim\" \/>\n<meta property=\"article:modified_time\" content=\"2026-05-16T21:55:14+00:00\" \/>\n<meta property=\"og:image\" content=\"https:\/\/www.tetrachim.com\/wp-content\/uploads\/2025\/02\/Packshot_TSP-bottle.png\" \/>\n\t<meta property=\"og:image:width\" content=\"480\" \/>\n\t<meta property=\"og:image:height\" content=\"615\" \/>\n\t<meta property=\"og:image:type\" content=\"image\/png\" \/>\n<meta name=\"twitter:card\" content=\"summary_large_image\" \/>\n<meta name=\"twitter:site\" content=\"@Tetrachim\" \/>\n<script type=\"application\/ld+json\" class=\"yoast-schema-graph\">{\"@context\":\"https:\\\/\\\/schema.org\",\"@graph\":[{\"@type\":\"WebPage\",\"@id\":\"https:\\\/\\\/www.tetrachim.com\\\/de\\\/produkt\\\/204pr-premium-yttriumoxid-stabilisiertes-zirkoniumoxid-8\\\/\",\"url\":\"https:\\\/\\\/www.tetrachim.com\\\/de\\\/produkt\\\/204pr-premium-yttriumoxid-stabilisiertes-zirkoniumoxid-8\\\/\",\"name\":\"#204PR Premium Yttriumoxid-stabilisiertes Zirkoniumoxid 8% - Tetrachim\",\"isPartOf\":{\"@id\":\"https:\\\/\\\/www.tetrachim.com\\\/de\\\/#website\"},\"primaryImageOfPage\":{\"@id\":\"https:\\\/\\\/www.tetrachim.com\\\/de\\\/produkt\\\/204pr-premium-yttriumoxid-stabilisiertes-zirkoniumoxid-8\\\/#primaryimage\"},\"image\":{\"@id\":\"https:\\\/\\\/www.tetrachim.com\\\/de\\\/produkt\\\/204pr-premium-yttriumoxid-stabilisiertes-zirkoniumoxid-8\\\/#primaryimage\"},\"thumbnailUrl\":\"https:\\\/\\\/www.tetrachim.com\\\/wp-content\\\/uploads\\\/2025\\\/02\\\/Packshot_TSP-bottle.png\",\"datePublished\":\"2021-06-03T14:38:19+00:00\",\"dateModified\":\"2026-05-16T21:55:14+00:00\",\"breadcrumb\":{\"@id\":\"https:\\\/\\\/www.tetrachim.com\\\/de\\\/produkt\\\/204pr-premium-yttriumoxid-stabilisiertes-zirkoniumoxid-8\\\/#breadcrumb\"},\"inLanguage\":\"de\",\"potentialAction\":[{\"@type\":\"ReadAction\",\"target\":[\"https:\\\/\\\/www.tetrachim.com\\\/de\\\/produkt\\\/204pr-premium-yttriumoxid-stabilisiertes-zirkoniumoxid-8\\\/\"]}]},{\"@type\":\"ImageObject\",\"inLanguage\":\"de\",\"@id\":\"https:\\\/\\\/www.tetrachim.com\\\/de\\\/produkt\\\/204pr-premium-yttriumoxid-stabilisiertes-zirkoniumoxid-8\\\/#primaryimage\",\"url\":\"https:\\\/\\\/www.tetrachim.com\\\/wp-content\\\/uploads\\\/2025\\\/02\\\/Packshot_TSP-bottle.png\",\"contentUrl\":\"https:\\\/\\\/www.tetrachim.com\\\/wp-content\\\/uploads\\\/2025\\\/02\\\/Packshot_TSP-bottle.png\",\"width\":480,\"height\":615},{\"@type\":\"BreadcrumbList\",\"@id\":\"https:\\\/\\\/www.tetrachim.com\\\/de\\\/produkt\\\/204pr-premium-yttriumoxid-stabilisiertes-zirkoniumoxid-8\\\/#breadcrumb\",\"itemListElement\":[{\"@type\":\"ListItem\",\"position\":1,\"name\":\"\",\"item\":\"https:\\\/\\\/www.tetrachim.com\\\/de\\\/\"},{\"@type\":\"ListItem\",\"position\":2,\"name\":\"Shop\",\"item\":\"https:\\\/\\\/www.tetrachim.com\\\/de\\\/shop\\\/\"},{\"@type\":\"ListItem\",\"position\":3,\"name\":\"#204PR Premium Yttriumoxid-stabilisiertes Zirkoniumoxid 8%\"}]},{\"@type\":\"WebSite\",\"@id\":\"https:\\\/\\\/www.tetrachim.com\\\/de\\\/#website\",\"url\":\"https:\\\/\\\/www.tetrachim.com\\\/de\\\/\",\"name\":\"Tetrachim\",\"description\":\"Rev\u00eatements high-tech\",\"publisher\":{\"@id\":\"https:\\\/\\\/www.tetrachim.com\\\/de\\\/#organization\"},\"potentialAction\":[{\"@type\":\"SearchAction\",\"target\":{\"@type\":\"EntryPoint\",\"urlTemplate\":\"https:\\\/\\\/www.tetrachim.com\\\/de\\\/?s={search_term_string}\"},\"query-input\":{\"@type\":\"PropertyValueSpecification\",\"valueRequired\":true,\"valueName\":\"search_term_string\"}}],\"inLanguage\":\"de\"},{\"@type\":\"Organization\",\"@id\":\"https:\\\/\\\/www.tetrachim.com\\\/de\\\/#organization\",\"name\":\"Tetrachim\",\"url\":\"https:\\\/\\\/www.tetrachim.com\\\/de\\\/\",\"logo\":{\"@type\":\"ImageObject\",\"inLanguage\":\"de\",\"@id\":\"https:\\\/\\\/www.tetrachim.com\\\/de\\\/#\\\/schema\\\/logo\\\/image\\\/\",\"url\":\"https:\\\/\\\/www.tetrachim.com\\\/wp-content\\\/uploads\\\/2020\\\/07\\\/logo-tetrachim.png\",\"contentUrl\":\"https:\\\/\\\/www.tetrachim.com\\\/wp-content\\\/uploads\\\/2020\\\/07\\\/logo-tetrachim.png\",\"width\":244,\"height\":51,\"caption\":\"Tetrachim\"},\"image\":{\"@id\":\"https:\\\/\\\/www.tetrachim.com\\\/de\\\/#\\\/schema\\\/logo\\\/image\\\/\"},\"sameAs\":[\"https:\\\/\\\/x.com\\\/Tetrachim\",\"https:\\\/\\\/www.linkedin.com\\\/company\\\/tetrachim\\\/\"]}]}<\/script>\n<!-- \/ Yoast SEO plugin. -->","yoast_head_json":{"title":"#204PR Premium Yttriumoxid-stabilisiertes Zirkoniumoxid 8% - Tetrachim","robots":{"index":"index","follow":"follow","max-snippet":"max-snippet:-1","max-image-preview":"max-image-preview:large","max-video-preview":"max-video-preview:-1"},"canonical":"https:\/\/www.tetrachim.com\/de\/produkt\/204pr-premium-yttriumoxid-stabilisiertes-zirkoniumoxid-8\/","og_locale":"de_DE","og_type":"article","og_title":"#204PR Premium Yttriumoxid-stabilisiertes Zirkoniumoxid 8% - Tetrachim","og_description":"#204PR ist ein keramisches Pulver f\u00fcr das thermische Spritzen, das zu 92% aus ZrO2 und zu 8% aus Y2O3 (Premium Yttria stabilisiertes Zirkoniumoxid) besteht.","og_url":"https:\/\/www.tetrachim.com\/de\/produkt\/204pr-premium-yttriumoxid-stabilisiertes-zirkoniumoxid-8\/","og_site_name":"Tetrachim","article_modified_time":"2026-05-16T21:55:14+00:00","og_image":[{"width":480,"height":615,"url":"https:\/\/www.tetrachim.com\/wp-content\/uploads\/2025\/02\/Packshot_TSP-bottle.png","type":"image\/png"}],"twitter_card":"summary_large_image","twitter_site":"@Tetrachim","schema":{"@context":"https:\/\/schema.org","@graph":[{"@type":"WebPage","@id":"https:\/\/www.tetrachim.com\/de\/produkt\/204pr-premium-yttriumoxid-stabilisiertes-zirkoniumoxid-8\/","url":"https:\/\/www.tetrachim.com\/de\/produkt\/204pr-premium-yttriumoxid-stabilisiertes-zirkoniumoxid-8\/","name":"#204PR Premium Yttriumoxid-stabilisiertes Zirkoniumoxid 8% - Tetrachim","isPartOf":{"@id":"https:\/\/www.tetrachim.com\/de\/#website"},"primaryImageOfPage":{"@id":"https:\/\/www.tetrachim.com\/de\/produkt\/204pr-premium-yttriumoxid-stabilisiertes-zirkoniumoxid-8\/#primaryimage"},"image":{"@id":"https:\/\/www.tetrachim.com\/de\/produkt\/204pr-premium-yttriumoxid-stabilisiertes-zirkoniumoxid-8\/#primaryimage"},"thumbnailUrl":"https:\/\/www.tetrachim.com\/wp-content\/uploads\/2025\/02\/Packshot_TSP-bottle.png","datePublished":"2021-06-03T14:38:19+00:00","dateModified":"2026-05-16T21:55:14+00:00","breadcrumb":{"@id":"https:\/\/www.tetrachim.com\/de\/produkt\/204pr-premium-yttriumoxid-stabilisiertes-zirkoniumoxid-8\/#breadcrumb"},"inLanguage":"de","potentialAction":[{"@type":"ReadAction","target":["https:\/\/www.tetrachim.com\/de\/produkt\/204pr-premium-yttriumoxid-stabilisiertes-zirkoniumoxid-8\/"]}]},{"@type":"ImageObject","inLanguage":"de","@id":"https:\/\/www.tetrachim.com\/de\/produkt\/204pr-premium-yttriumoxid-stabilisiertes-zirkoniumoxid-8\/#primaryimage","url":"https:\/\/www.tetrachim.com\/wp-content\/uploads\/2025\/02\/Packshot_TSP-bottle.png","contentUrl":"https:\/\/www.tetrachim.com\/wp-content\/uploads\/2025\/02\/Packshot_TSP-bottle.png","width":480,"height":615},{"@type":"BreadcrumbList","@id":"https:\/\/www.tetrachim.com\/de\/produkt\/204pr-premium-yttriumoxid-stabilisiertes-zirkoniumoxid-8\/#breadcrumb","itemListElement":[{"@type":"ListItem","position":1,"name":"","item":"https:\/\/www.tetrachim.com\/de\/"},{"@type":"ListItem","position":2,"name":"Shop","item":"https:\/\/www.tetrachim.com\/de\/shop\/"},{"@type":"ListItem","position":3,"name":"#204PR Premium Yttriumoxid-stabilisiertes Zirkoniumoxid 8%"}]},{"@type":"WebSite","@id":"https:\/\/www.tetrachim.com\/de\/#website","url":"https:\/\/www.tetrachim.com\/de\/","name":"Tetrachim","description":"Rev\u00eatements high-tech","publisher":{"@id":"https:\/\/www.tetrachim.com\/de\/#organization"},"potentialAction":[{"@type":"SearchAction","target":{"@type":"EntryPoint","urlTemplate":"https:\/\/www.tetrachim.com\/de\/?s={search_term_string}"},"query-input":{"@type":"PropertyValueSpecification","valueRequired":true,"valueName":"search_term_string"}}],"inLanguage":"de"},{"@type":"Organization","@id":"https:\/\/www.tetrachim.com\/de\/#organization","name":"Tetrachim","url":"https:\/\/www.tetrachim.com\/de\/","logo":{"@type":"ImageObject","inLanguage":"de","@id":"https:\/\/www.tetrachim.com\/de\/#\/schema\/logo\/image\/","url":"https:\/\/www.tetrachim.com\/wp-content\/uploads\/2020\/07\/logo-tetrachim.png","contentUrl":"https:\/\/www.tetrachim.com\/wp-content\/uploads\/2020\/07\/logo-tetrachim.png","width":244,"height":51,"caption":"Tetrachim"},"image":{"@id":"https:\/\/www.tetrachim.com\/de\/#\/schema\/logo\/image\/"},"sameAs":["https:\/\/x.com\/Tetrachim","https:\/\/www.linkedin.com\/company\/tetrachim\/"]}]}},"tiered_pricing_type":"fixed","tiered_pricing_fixed_rules":[],"tiered_pricing_product_settings":{"layout":"default","base_unit_name":{"singular":null,"plural":null},"default_variation":null},"tiered_pricing_minimum_quantity":null,"tiered_pricing_roles_data":[],"tiered_pricing_percentage_rules":[],"_links":{"self":[{"href":"https:\/\/www.tetrachim.com\/de\/wp-json\/wp\/v2\/product\/99144","targetHints":{"allow":["GET"]}}],"collection":[{"href":"https:\/\/www.tetrachim.com\/de\/wp-json\/wp\/v2\/product"}],"about":[{"href":"https:\/\/www.tetrachim.com\/de\/wp-json\/wp\/v2\/types\/product"}],"wp:featuredmedia":[{"embeddable":true,"href":"https:\/\/www.tetrachim.com\/de\/wp-json\/wp\/v2\/media\/96834"}],"wp:attachment":[{"href":"https:\/\/www.tetrachim.com\/de\/wp-json\/wp\/v2\/media?parent=99144"}],"wp:term":[{"taxonomy":"product_brand","embeddable":true,"href":"https:\/\/www.tetrachim.com\/de\/wp-json\/wp\/v2\/product_brand?post=99144"},{"taxonomy":"product_cat","embeddable":true,"href":"https:\/\/www.tetrachim.com\/de\/wp-json\/wp\/v2\/product_cat?post=99144"},{"taxonomy":"product_tag","embeddable":true,"href":"https:\/\/www.tetrachim.com\/de\/wp-json\/wp\/v2\/product_tag?post=99144"}],"curies":[{"name":"wp","href":"https:\/\/api.w.org\/{rel}","templated":true}]}}