{"id":99145,"date":"2021-06-07T08:58:47","date_gmt":"2021-06-07T06:58:47","guid":{"rendered":"https:\/\/www.tetrachim.com\/product\/2525-chromoxid\/"},"modified":"2026-05-14T00:07:32","modified_gmt":"2026-05-13T22:07:32","slug":"2525-chromoxid","status":"publish","type":"product","link":"https:\/\/www.tetrachim.com\/de\/produkt\/2525-chromoxid\/","title":{"rendered":"#2525 Chromoxid"},"content":{"rendered":"<p>Saint-Gobain #2525 ist ein verschmolzenes Chromoxid-Pulver, das f\u00fcr hervorragende Flie\u00dfeigenschaften abgerundet ist. Die abgerundete Form in Kombination mit einer streng kontrollierten Partikelgr\u00f6\u00dfe liefert einen gleichm\u00e4\u00dfigen Pulverstrom zur W\u00e4rmequelle. Die daraus resultierenden Beschichtungen haben zuverl\u00e4ssige Aufbauraten mit hoher Abscheidungseffizienz und geringer Porosit\u00e4t. Die strenge Kontrolle der Partikelgr\u00f6\u00dfe und der chemischen Zusammensetzung f\u00fchrt au\u00dferdem zu Beschichtungen mit hoher Dichte und H\u00e4rte.   <\/p>\n<p>&nbsp;<\/p>\n","protected":false},"excerpt":{"rendered":"<p>#2525 ist ein Keramikpulver f\u00fcr das thermische Spritzen, das zu 99,6% aus Cr2O3 besteht.<\/p>\n","protected":false},"featured_media":96834,"template":"","meta":[],"product_brand":[],"product_cat":[547],"product_tag":[],"class_list":{"0":"post-99145","1":"product","2":"type-product","3":"status-publish","4":"has-post-thumbnail","6":"supplier-saint-gobain-de","7":"market-automobilindustrie","8":"market-energie-elektrizitaet","9":"market-papier-textil","10":"market-luft-und-raumfahrt","11":"market-elektronik-halbleiter","12":"property-verschleissfestigkeit-de","13":"property-haerte","14":"property-temperaturbestaendigkeit","15":"property-korrosionsbestaendigkeit","16":"property-chemische-bestaendigkeit","17":"product_cat-saint-gobain-thermisches-spritzen-pulver","19":"first","20":"onbackorder","21":"taxable","22":"shipping-taxable","23":"purchasable","24":"product-type-simple"},"yoast_head":"<!-- This site is optimized with the Yoast SEO plugin v27.5 - https:\/\/yoast.com\/product\/yoast-seo-wordpress\/ -->\n<title>#2525 Chromoxid - Tetrachim<\/title>\n<meta name=\"robots\" content=\"index, follow, max-snippet:-1, max-image-preview:large, max-video-preview:-1\" \/>\n<link rel=\"canonical\" href=\"https:\/\/www.tetrachim.com\/de\/produkt\/2525-chromoxid\/\" \/>\n<meta property=\"og:locale\" content=\"de_DE\" \/>\n<meta property=\"og:type\" content=\"article\" \/>\n<meta property=\"og:title\" content=\"#2525 Chromoxid - Tetrachim\" \/>\n<meta property=\"og:description\" content=\"#2525 ist ein Keramikpulver f\u00fcr das thermische Spritzen, das zu 99,6% aus Cr2O3 besteht.\" \/>\n<meta property=\"og:url\" content=\"https:\/\/www.tetrachim.com\/de\/produkt\/2525-chromoxid\/\" \/>\n<meta property=\"og:site_name\" content=\"Tetrachim\" \/>\n<meta property=\"article:modified_time\" content=\"2026-05-13T22:07:32+00:00\" \/>\n<meta property=\"og:image\" content=\"https:\/\/www.tetrachim.com\/wp-content\/uploads\/2025\/02\/Packshot_TSP-bottle.png\" \/>\n\t<meta property=\"og:image:width\" content=\"480\" \/>\n\t<meta property=\"og:image:height\" content=\"615\" \/>\n\t<meta property=\"og:image:type\" content=\"image\/png\" \/>\n<meta name=\"twitter:card\" content=\"summary_large_image\" \/>\n<meta name=\"twitter:site\" content=\"@Tetrachim\" \/>\n<script type=\"application\/ld+json\" class=\"yoast-schema-graph\">{\"@context\":\"https:\\\/\\\/schema.org\",\"@graph\":[{\"@type\":\"WebPage\",\"@id\":\"https:\\\/\\\/www.tetrachim.com\\\/de\\\/produkt\\\/2525-chromoxid\\\/\",\"url\":\"https:\\\/\\\/www.tetrachim.com\\\/de\\\/produkt\\\/2525-chromoxid\\\/\",\"name\":\"#2525 Chromoxid - Tetrachim\",\"isPartOf\":{\"@id\":\"https:\\\/\\\/www.tetrachim.com\\\/de\\\/#website\"},\"primaryImageOfPage\":{\"@id\":\"https:\\\/\\\/www.tetrachim.com\\\/de\\\/produkt\\\/2525-chromoxid\\\/#primaryimage\"},\"image\":{\"@id\":\"https:\\\/\\\/www.tetrachim.com\\\/de\\\/produkt\\\/2525-chromoxid\\\/#primaryimage\"},\"thumbnailUrl\":\"https:\\\/\\\/www.tetrachim.com\\\/wp-content\\\/uploads\\\/2025\\\/02\\\/Packshot_TSP-bottle.png\",\"datePublished\":\"2021-06-07T06:58:47+00:00\",\"dateModified\":\"2026-05-13T22:07:32+00:00\",\"breadcrumb\":{\"@id\":\"https:\\\/\\\/www.tetrachim.com\\\/de\\\/produkt\\\/2525-chromoxid\\\/#breadcrumb\"},\"inLanguage\":\"de\",\"potentialAction\":[{\"@type\":\"ReadAction\",\"target\":[\"https:\\\/\\\/www.tetrachim.com\\\/de\\\/produkt\\\/2525-chromoxid\\\/\"]}]},{\"@type\":\"ImageObject\",\"inLanguage\":\"de\",\"@id\":\"https:\\\/\\\/www.tetrachim.com\\\/de\\\/produkt\\\/2525-chromoxid\\\/#primaryimage\",\"url\":\"https:\\\/\\\/www.tetrachim.com\\\/wp-content\\\/uploads\\\/2025\\\/02\\\/Packshot_TSP-bottle.png\",\"contentUrl\":\"https:\\\/\\\/www.tetrachim.com\\\/wp-content\\\/uploads\\\/2025\\\/02\\\/Packshot_TSP-bottle.png\",\"width\":480,\"height\":615},{\"@type\":\"BreadcrumbList\",\"@id\":\"https:\\\/\\\/www.tetrachim.com\\\/de\\\/produkt\\\/2525-chromoxid\\\/#breadcrumb\",\"itemListElement\":[{\"@type\":\"ListItem\",\"position\":1,\"name\":\"\",\"item\":\"https:\\\/\\\/www.tetrachim.com\\\/de\\\/\"},{\"@type\":\"ListItem\",\"position\":2,\"name\":\"Shop\",\"item\":\"https:\\\/\\\/www.tetrachim.com\\\/de\\\/shop\\\/\"},{\"@type\":\"ListItem\",\"position\":3,\"name\":\"#2525 Chromoxid\"}]},{\"@type\":\"WebSite\",\"@id\":\"https:\\\/\\\/www.tetrachim.com\\\/de\\\/#website\",\"url\":\"https:\\\/\\\/www.tetrachim.com\\\/de\\\/\",\"name\":\"Tetrachim\",\"description\":\"Rev\u00eatements high-tech\",\"publisher\":{\"@id\":\"https:\\\/\\\/www.tetrachim.com\\\/de\\\/#organization\"},\"potentialAction\":[{\"@type\":\"SearchAction\",\"target\":{\"@type\":\"EntryPoint\",\"urlTemplate\":\"https:\\\/\\\/www.tetrachim.com\\\/de\\\/?s={search_term_string}\"},\"query-input\":{\"@type\":\"PropertyValueSpecification\",\"valueRequired\":true,\"valueName\":\"search_term_string\"}}],\"inLanguage\":\"de\"},{\"@type\":\"Organization\",\"@id\":\"https:\\\/\\\/www.tetrachim.com\\\/de\\\/#organization\",\"name\":\"Tetrachim\",\"url\":\"https:\\\/\\\/www.tetrachim.com\\\/de\\\/\",\"logo\":{\"@type\":\"ImageObject\",\"inLanguage\":\"de\",\"@id\":\"https:\\\/\\\/www.tetrachim.com\\\/de\\\/#\\\/schema\\\/logo\\\/image\\\/\",\"url\":\"https:\\\/\\\/www.tetrachim.com\\\/wp-content\\\/uploads\\\/2020\\\/07\\\/logo-tetrachim.png\",\"contentUrl\":\"https:\\\/\\\/www.tetrachim.com\\\/wp-content\\\/uploads\\\/2020\\\/07\\\/logo-tetrachim.png\",\"width\":244,\"height\":51,\"caption\":\"Tetrachim\"},\"image\":{\"@id\":\"https:\\\/\\\/www.tetrachim.com\\\/de\\\/#\\\/schema\\\/logo\\\/image\\\/\"},\"sameAs\":[\"https:\\\/\\\/x.com\\\/Tetrachim\",\"https:\\\/\\\/www.linkedin.com\\\/company\\\/tetrachim\\\/\"]}]}<\/script>\n<!-- \/ Yoast SEO plugin. -->","yoast_head_json":{"title":"#2525 Chromoxid - Tetrachim","robots":{"index":"index","follow":"follow","max-snippet":"max-snippet:-1","max-image-preview":"max-image-preview:large","max-video-preview":"max-video-preview:-1"},"canonical":"https:\/\/www.tetrachim.com\/de\/produkt\/2525-chromoxid\/","og_locale":"de_DE","og_type":"article","og_title":"#2525 Chromoxid - Tetrachim","og_description":"#2525 ist ein Keramikpulver f\u00fcr das thermische Spritzen, das zu 99,6% aus Cr2O3 besteht.","og_url":"https:\/\/www.tetrachim.com\/de\/produkt\/2525-chromoxid\/","og_site_name":"Tetrachim","article_modified_time":"2026-05-13T22:07:32+00:00","og_image":[{"width":480,"height":615,"url":"https:\/\/www.tetrachim.com\/wp-content\/uploads\/2025\/02\/Packshot_TSP-bottle.png","type":"image\/png"}],"twitter_card":"summary_large_image","twitter_site":"@Tetrachim","schema":{"@context":"https:\/\/schema.org","@graph":[{"@type":"WebPage","@id":"https:\/\/www.tetrachim.com\/de\/produkt\/2525-chromoxid\/","url":"https:\/\/www.tetrachim.com\/de\/produkt\/2525-chromoxid\/","name":"#2525 Chromoxid - Tetrachim","isPartOf":{"@id":"https:\/\/www.tetrachim.com\/de\/#website"},"primaryImageOfPage":{"@id":"https:\/\/www.tetrachim.com\/de\/produkt\/2525-chromoxid\/#primaryimage"},"image":{"@id":"https:\/\/www.tetrachim.com\/de\/produkt\/2525-chromoxid\/#primaryimage"},"thumbnailUrl":"https:\/\/www.tetrachim.com\/wp-content\/uploads\/2025\/02\/Packshot_TSP-bottle.png","datePublished":"2021-06-07T06:58:47+00:00","dateModified":"2026-05-13T22:07:32+00:00","breadcrumb":{"@id":"https:\/\/www.tetrachim.com\/de\/produkt\/2525-chromoxid\/#breadcrumb"},"inLanguage":"de","potentialAction":[{"@type":"ReadAction","target":["https:\/\/www.tetrachim.com\/de\/produkt\/2525-chromoxid\/"]}]},{"@type":"ImageObject","inLanguage":"de","@id":"https:\/\/www.tetrachim.com\/de\/produkt\/2525-chromoxid\/#primaryimage","url":"https:\/\/www.tetrachim.com\/wp-content\/uploads\/2025\/02\/Packshot_TSP-bottle.png","contentUrl":"https:\/\/www.tetrachim.com\/wp-content\/uploads\/2025\/02\/Packshot_TSP-bottle.png","width":480,"height":615},{"@type":"BreadcrumbList","@id":"https:\/\/www.tetrachim.com\/de\/produkt\/2525-chromoxid\/#breadcrumb","itemListElement":[{"@type":"ListItem","position":1,"name":"","item":"https:\/\/www.tetrachim.com\/de\/"},{"@type":"ListItem","position":2,"name":"Shop","item":"https:\/\/www.tetrachim.com\/de\/shop\/"},{"@type":"ListItem","position":3,"name":"#2525 Chromoxid"}]},{"@type":"WebSite","@id":"https:\/\/www.tetrachim.com\/de\/#website","url":"https:\/\/www.tetrachim.com\/de\/","name":"Tetrachim","description":"Rev\u00eatements high-tech","publisher":{"@id":"https:\/\/www.tetrachim.com\/de\/#organization"},"potentialAction":[{"@type":"SearchAction","target":{"@type":"EntryPoint","urlTemplate":"https:\/\/www.tetrachim.com\/de\/?s={search_term_string}"},"query-input":{"@type":"PropertyValueSpecification","valueRequired":true,"valueName":"search_term_string"}}],"inLanguage":"de"},{"@type":"Organization","@id":"https:\/\/www.tetrachim.com\/de\/#organization","name":"Tetrachim","url":"https:\/\/www.tetrachim.com\/de\/","logo":{"@type":"ImageObject","inLanguage":"de","@id":"https:\/\/www.tetrachim.com\/de\/#\/schema\/logo\/image\/","url":"https:\/\/www.tetrachim.com\/wp-content\/uploads\/2020\/07\/logo-tetrachim.png","contentUrl":"https:\/\/www.tetrachim.com\/wp-content\/uploads\/2020\/07\/logo-tetrachim.png","width":244,"height":51,"caption":"Tetrachim"},"image":{"@id":"https:\/\/www.tetrachim.com\/de\/#\/schema\/logo\/image\/"},"sameAs":["https:\/\/x.com\/Tetrachim","https:\/\/www.linkedin.com\/company\/tetrachim\/"]}]}},"tiered_pricing_type":"fixed","tiered_pricing_fixed_rules":[],"tiered_pricing_product_settings":{"layout":"default","base_unit_name":{"singular":null,"plural":null},"default_variation":null},"tiered_pricing_minimum_quantity":null,"tiered_pricing_roles_data":[],"tiered_pricing_percentage_rules":[],"_links":{"self":[{"href":"https:\/\/www.tetrachim.com\/de\/wp-json\/wp\/v2\/product\/99145","targetHints":{"allow":["GET"]}}],"collection":[{"href":"https:\/\/www.tetrachim.com\/de\/wp-json\/wp\/v2\/product"}],"about":[{"href":"https:\/\/www.tetrachim.com\/de\/wp-json\/wp\/v2\/types\/product"}],"wp:featuredmedia":[{"embeddable":true,"href":"https:\/\/www.tetrachim.com\/de\/wp-json\/wp\/v2\/media\/96834"}],"wp:attachment":[{"href":"https:\/\/www.tetrachim.com\/de\/wp-json\/wp\/v2\/media?parent=99145"}],"wp:term":[{"taxonomy":"product_brand","embeddable":true,"href":"https:\/\/www.tetrachim.com\/de\/wp-json\/wp\/v2\/product_brand?post=99145"},{"taxonomy":"product_cat","embeddable":true,"href":"https:\/\/www.tetrachim.com\/de\/wp-json\/wp\/v2\/product_cat?post=99145"},{"taxonomy":"product_tag","embeddable":true,"href":"https:\/\/www.tetrachim.com\/de\/wp-json\/wp\/v2\/product_tag?post=99145"}],"curies":[{"name":"wp","href":"https:\/\/api.w.org\/{rel}","templated":true}]}}