{"id":99154,"date":"2023-02-09T10:22:50","date_gmt":"2023-02-09T09:22:50","guid":{"rendered":"https:\/\/www.tetrachim.com\/product\/532g-8111-topcoat-fep-klar\/"},"modified":"2026-05-14T04:48:20","modified_gmt":"2026-05-14T02:48:20","slug":"532g-8111-topcoat-fep-klar","status":"publish","type":"product","link":"https:\/\/www.tetrachim.com\/de\/produkt\/532g-8111-topcoat-fep-klar\/","title":{"rendered":"532G-8111 Topcoat FEP Klar"},"content":{"rendered":"<p>FEP-Pulver bieten eine hohe Temperaturbest\u00e4ndigkeit, eine hervorragende Trennwirkung und die M\u00f6glichkeit, verschiedene komplexe Formen gleichm\u00e4\u00dfig mit dicken oder d\u00fcnnen Schichten zu \u00fcberziehen. Das Molekulargewicht (MW) des Pulvers beeinflusst die Best\u00e4ndigkeit gegen\u00fcber mechanischen und\/oder thermischen Eigenschaften; je h\u00f6her das MW, desto h\u00f6her ist die Best\u00e4ndigkeit des Polymers gegen\u00fcber Erm\u00fcdung\/Spannungsrissen. Die Schmelzflussrate (MFR) des Pulvers beeinflusst die Anwendungsmethodik. Je h\u00f6her die MFR, desto besser der Fluss und desto glatter der Film.  <\/p>\n","protected":false},"excerpt":{"rendered":"<p>Neu entwickeltes FEP-Polymerpulver mit erh\u00f6hter Gl\u00e4tte und geringer Porosit\u00e4t, was zu hervorragenden Trenneigenschaften und Permeationswiderstand f\u00fchrt. Aufgrund der Beschaffenheit des Polymers und der optimierten Partikelgr\u00f6\u00dfenverteilung k\u00f6nnen komplexe Formen leicht mit dicken oder d\u00fcnnen Filmen beschichtet werden. <\/p>\n","protected":false},"featured_media":95424,"template":"","meta":[],"product_brand":[],"product_cat":[507],"product_tag":[],"class_list":{"0":"post-99154","1":"product","2":"type-product","3":"status-publish","4":"has-post-thumbnail","6":"supplier-chemours-de","7":"market-verpackung","8":"market-lebensmittel-industrielle-backformen","9":"market-papier-textil","10":"property-chemische-bestaendigkeit","11":"property-temperaturbestaendigkeit","12":"property-antihaft-eigenschaften","13":"property-korrosionsbestaendigkeit","14":"product_cat-teflon-industriebeschichtungen","16":"first","17":"instock","18":"taxable","19":"shipping-taxable","20":"purchasable","21":"product-type-simple"},"yoast_head":"<!-- This site is optimized with the Yoast SEO plugin v27.5 - https:\/\/yoast.com\/product\/yoast-seo-wordpress\/ -->\n<title>532G-8111 Topcoat FEP Klar - Tetrachim<\/title>\n<meta name=\"robots\" content=\"index, follow, max-snippet:-1, max-image-preview:large, max-video-preview:-1\" \/>\n<link rel=\"canonical\" href=\"https:\/\/www.tetrachim.com\/de\/produkt\/532g-8111-topcoat-fep-klar\/\" \/>\n<meta property=\"og:locale\" content=\"de_DE\" \/>\n<meta property=\"og:type\" content=\"article\" \/>\n<meta property=\"og:title\" content=\"532G-8111 Topcoat FEP Klar - Tetrachim\" \/>\n<meta property=\"og:description\" content=\"Neu entwickeltes FEP-Polymerpulver mit erh\u00f6hter Gl\u00e4tte und geringer Porosit\u00e4t, was zu hervorragenden Trenneigenschaften und Permeationswiderstand f\u00fchrt. Aufgrund der Beschaffenheit des Polymers und der optimierten Partikelgr\u00f6\u00dfenverteilung k\u00f6nnen komplexe Formen leicht mit dicken oder d\u00fcnnen Filmen beschichtet werden.\" \/>\n<meta property=\"og:url\" content=\"https:\/\/www.tetrachim.com\/de\/produkt\/532g-8111-topcoat-fep-klar\/\" \/>\n<meta property=\"og:site_name\" content=\"Tetrachim\" \/>\n<meta property=\"article:modified_time\" content=\"2026-05-14T02:48:20+00:00\" \/>\n<meta property=\"og:image\" content=\"https:\/\/www.tetrachim.com\/wp-content\/uploads\/2020\/11\/532G8111-300x300-1.jpg\" \/>\n\t<meta property=\"og:image:width\" content=\"300\" \/>\n\t<meta property=\"og:image:height\" content=\"300\" \/>\n\t<meta property=\"og:image:type\" content=\"image\/jpeg\" \/>\n<meta name=\"twitter:card\" content=\"summary_large_image\" \/>\n<meta name=\"twitter:site\" content=\"@Tetrachim\" \/>\n<script type=\"application\/ld+json\" class=\"yoast-schema-graph\">{\"@context\":\"https:\\\/\\\/schema.org\",\"@graph\":[{\"@type\":\"WebPage\",\"@id\":\"https:\\\/\\\/www.tetrachim.com\\\/de\\\/produkt\\\/532g-8111-topcoat-fep-klar\\\/\",\"url\":\"https:\\\/\\\/www.tetrachim.com\\\/de\\\/produkt\\\/532g-8111-topcoat-fep-klar\\\/\",\"name\":\"532G-8111 Topcoat FEP Klar - Tetrachim\",\"isPartOf\":{\"@id\":\"https:\\\/\\\/www.tetrachim.com\\\/de\\\/#website\"},\"primaryImageOfPage\":{\"@id\":\"https:\\\/\\\/www.tetrachim.com\\\/de\\\/produkt\\\/532g-8111-topcoat-fep-klar\\\/#primaryimage\"},\"image\":{\"@id\":\"https:\\\/\\\/www.tetrachim.com\\\/de\\\/produkt\\\/532g-8111-topcoat-fep-klar\\\/#primaryimage\"},\"thumbnailUrl\":\"https:\\\/\\\/www.tetrachim.com\\\/wp-content\\\/uploads\\\/2020\\\/11\\\/532G8111-300x300-1.jpg\",\"datePublished\":\"2023-02-09T09:22:50+00:00\",\"dateModified\":\"2026-05-14T02:48:20+00:00\",\"breadcrumb\":{\"@id\":\"https:\\\/\\\/www.tetrachim.com\\\/de\\\/produkt\\\/532g-8111-topcoat-fep-klar\\\/#breadcrumb\"},\"inLanguage\":\"de\",\"potentialAction\":[{\"@type\":\"ReadAction\",\"target\":[\"https:\\\/\\\/www.tetrachim.com\\\/de\\\/produkt\\\/532g-8111-topcoat-fep-klar\\\/\"]}]},{\"@type\":\"ImageObject\",\"inLanguage\":\"de\",\"@id\":\"https:\\\/\\\/www.tetrachim.com\\\/de\\\/produkt\\\/532g-8111-topcoat-fep-klar\\\/#primaryimage\",\"url\":\"https:\\\/\\\/www.tetrachim.com\\\/wp-content\\\/uploads\\\/2020\\\/11\\\/532G8111-300x300-1.jpg\",\"contentUrl\":\"https:\\\/\\\/www.tetrachim.com\\\/wp-content\\\/uploads\\\/2020\\\/11\\\/532G8111-300x300-1.jpg\",\"width\":300,\"height\":300},{\"@type\":\"BreadcrumbList\",\"@id\":\"https:\\\/\\\/www.tetrachim.com\\\/de\\\/produkt\\\/532g-8111-topcoat-fep-klar\\\/#breadcrumb\",\"itemListElement\":[{\"@type\":\"ListItem\",\"position\":1,\"name\":\"\",\"item\":\"https:\\\/\\\/www.tetrachim.com\\\/de\\\/\"},{\"@type\":\"ListItem\",\"position\":2,\"name\":\"Shop\",\"item\":\"https:\\\/\\\/www.tetrachim.com\\\/de\\\/shop\\\/\"},{\"@type\":\"ListItem\",\"position\":3,\"name\":\"532G-8111 Topcoat FEP Klar\"}]},{\"@type\":\"WebSite\",\"@id\":\"https:\\\/\\\/www.tetrachim.com\\\/de\\\/#website\",\"url\":\"https:\\\/\\\/www.tetrachim.com\\\/de\\\/\",\"name\":\"Tetrachim\",\"description\":\"Rev\u00eatements high-tech\",\"publisher\":{\"@id\":\"https:\\\/\\\/www.tetrachim.com\\\/de\\\/#organization\"},\"potentialAction\":[{\"@type\":\"SearchAction\",\"target\":{\"@type\":\"EntryPoint\",\"urlTemplate\":\"https:\\\/\\\/www.tetrachim.com\\\/de\\\/?s={search_term_string}\"},\"query-input\":{\"@type\":\"PropertyValueSpecification\",\"valueRequired\":true,\"valueName\":\"search_term_string\"}}],\"inLanguage\":\"de\"},{\"@type\":\"Organization\",\"@id\":\"https:\\\/\\\/www.tetrachim.com\\\/de\\\/#organization\",\"name\":\"Tetrachim\",\"url\":\"https:\\\/\\\/www.tetrachim.com\\\/de\\\/\",\"logo\":{\"@type\":\"ImageObject\",\"inLanguage\":\"de\",\"@id\":\"https:\\\/\\\/www.tetrachim.com\\\/de\\\/#\\\/schema\\\/logo\\\/image\\\/\",\"url\":\"https:\\\/\\\/www.tetrachim.com\\\/wp-content\\\/uploads\\\/2020\\\/07\\\/logo-tetrachim.png\",\"contentUrl\":\"https:\\\/\\\/www.tetrachim.com\\\/wp-content\\\/uploads\\\/2020\\\/07\\\/logo-tetrachim.png\",\"width\":244,\"height\":51,\"caption\":\"Tetrachim\"},\"image\":{\"@id\":\"https:\\\/\\\/www.tetrachim.com\\\/de\\\/#\\\/schema\\\/logo\\\/image\\\/\"},\"sameAs\":[\"https:\\\/\\\/x.com\\\/Tetrachim\",\"https:\\\/\\\/www.linkedin.com\\\/company\\\/tetrachim\\\/\"]}]}<\/script>\n<!-- \/ Yoast SEO plugin. -->","yoast_head_json":{"title":"532G-8111 Topcoat FEP Klar - Tetrachim","robots":{"index":"index","follow":"follow","max-snippet":"max-snippet:-1","max-image-preview":"max-image-preview:large","max-video-preview":"max-video-preview:-1"},"canonical":"https:\/\/www.tetrachim.com\/de\/produkt\/532g-8111-topcoat-fep-klar\/","og_locale":"de_DE","og_type":"article","og_title":"532G-8111 Topcoat FEP Klar - Tetrachim","og_description":"Neu entwickeltes FEP-Polymerpulver mit erh\u00f6hter Gl\u00e4tte und geringer Porosit\u00e4t, was zu hervorragenden Trenneigenschaften und Permeationswiderstand f\u00fchrt. Aufgrund der Beschaffenheit des Polymers und der optimierten Partikelgr\u00f6\u00dfenverteilung k\u00f6nnen komplexe Formen leicht mit dicken oder d\u00fcnnen Filmen beschichtet werden.","og_url":"https:\/\/www.tetrachim.com\/de\/produkt\/532g-8111-topcoat-fep-klar\/","og_site_name":"Tetrachim","article_modified_time":"2026-05-14T02:48:20+00:00","og_image":[{"width":300,"height":300,"url":"https:\/\/www.tetrachim.com\/wp-content\/uploads\/2020\/11\/532G8111-300x300-1.jpg","type":"image\/jpeg"}],"twitter_card":"summary_large_image","twitter_site":"@Tetrachim","schema":{"@context":"https:\/\/schema.org","@graph":[{"@type":"WebPage","@id":"https:\/\/www.tetrachim.com\/de\/produkt\/532g-8111-topcoat-fep-klar\/","url":"https:\/\/www.tetrachim.com\/de\/produkt\/532g-8111-topcoat-fep-klar\/","name":"532G-8111 Topcoat FEP Klar - Tetrachim","isPartOf":{"@id":"https:\/\/www.tetrachim.com\/de\/#website"},"primaryImageOfPage":{"@id":"https:\/\/www.tetrachim.com\/de\/produkt\/532g-8111-topcoat-fep-klar\/#primaryimage"},"image":{"@id":"https:\/\/www.tetrachim.com\/de\/produkt\/532g-8111-topcoat-fep-klar\/#primaryimage"},"thumbnailUrl":"https:\/\/www.tetrachim.com\/wp-content\/uploads\/2020\/11\/532G8111-300x300-1.jpg","datePublished":"2023-02-09T09:22:50+00:00","dateModified":"2026-05-14T02:48:20+00:00","breadcrumb":{"@id":"https:\/\/www.tetrachim.com\/de\/produkt\/532g-8111-topcoat-fep-klar\/#breadcrumb"},"inLanguage":"de","potentialAction":[{"@type":"ReadAction","target":["https:\/\/www.tetrachim.com\/de\/produkt\/532g-8111-topcoat-fep-klar\/"]}]},{"@type":"ImageObject","inLanguage":"de","@id":"https:\/\/www.tetrachim.com\/de\/produkt\/532g-8111-topcoat-fep-klar\/#primaryimage","url":"https:\/\/www.tetrachim.com\/wp-content\/uploads\/2020\/11\/532G8111-300x300-1.jpg","contentUrl":"https:\/\/www.tetrachim.com\/wp-content\/uploads\/2020\/11\/532G8111-300x300-1.jpg","width":300,"height":300},{"@type":"BreadcrumbList","@id":"https:\/\/www.tetrachim.com\/de\/produkt\/532g-8111-topcoat-fep-klar\/#breadcrumb","itemListElement":[{"@type":"ListItem","position":1,"name":"","item":"https:\/\/www.tetrachim.com\/de\/"},{"@type":"ListItem","position":2,"name":"Shop","item":"https:\/\/www.tetrachim.com\/de\/shop\/"},{"@type":"ListItem","position":3,"name":"532G-8111 Topcoat FEP Klar"}]},{"@type":"WebSite","@id":"https:\/\/www.tetrachim.com\/de\/#website","url":"https:\/\/www.tetrachim.com\/de\/","name":"Tetrachim","description":"Rev\u00eatements high-tech","publisher":{"@id":"https:\/\/www.tetrachim.com\/de\/#organization"},"potentialAction":[{"@type":"SearchAction","target":{"@type":"EntryPoint","urlTemplate":"https:\/\/www.tetrachim.com\/de\/?s={search_term_string}"},"query-input":{"@type":"PropertyValueSpecification","valueRequired":true,"valueName":"search_term_string"}}],"inLanguage":"de"},{"@type":"Organization","@id":"https:\/\/www.tetrachim.com\/de\/#organization","name":"Tetrachim","url":"https:\/\/www.tetrachim.com\/de\/","logo":{"@type":"ImageObject","inLanguage":"de","@id":"https:\/\/www.tetrachim.com\/de\/#\/schema\/logo\/image\/","url":"https:\/\/www.tetrachim.com\/wp-content\/uploads\/2020\/07\/logo-tetrachim.png","contentUrl":"https:\/\/www.tetrachim.com\/wp-content\/uploads\/2020\/07\/logo-tetrachim.png","width":244,"height":51,"caption":"Tetrachim"},"image":{"@id":"https:\/\/www.tetrachim.com\/de\/#\/schema\/logo\/image\/"},"sameAs":["https:\/\/x.com\/Tetrachim","https:\/\/www.linkedin.com\/company\/tetrachim\/"]}]}},"tiered_pricing_type":"fixed","tiered_pricing_fixed_rules":[],"tiered_pricing_product_settings":{"layout":"default","base_unit_name":{"singular":null,"plural":null},"default_variation":null},"tiered_pricing_minimum_quantity":null,"tiered_pricing_roles_data":[],"tiered_pricing_percentage_rules":[],"_links":{"self":[{"href":"https:\/\/www.tetrachim.com\/de\/wp-json\/wp\/v2\/product\/99154","targetHints":{"allow":["GET"]}}],"collection":[{"href":"https:\/\/www.tetrachim.com\/de\/wp-json\/wp\/v2\/product"}],"about":[{"href":"https:\/\/www.tetrachim.com\/de\/wp-json\/wp\/v2\/types\/product"}],"wp:featuredmedia":[{"embeddable":true,"href":"https:\/\/www.tetrachim.com\/de\/wp-json\/wp\/v2\/media\/95424"}],"wp:attachment":[{"href":"https:\/\/www.tetrachim.com\/de\/wp-json\/wp\/v2\/media?parent=99154"}],"wp:term":[{"taxonomy":"product_brand","embeddable":true,"href":"https:\/\/www.tetrachim.com\/de\/wp-json\/wp\/v2\/product_brand?post=99154"},{"taxonomy":"product_cat","embeddable":true,"href":"https:\/\/www.tetrachim.com\/de\/wp-json\/wp\/v2\/product_cat?post=99154"},{"taxonomy":"product_tag","embeddable":true,"href":"https:\/\/www.tetrachim.com\/de\/wp-json\/wp\/v2\/product_tag?post=99154"}],"curies":[{"name":"wp","href":"https:\/\/api.w.org\/{rel}","templated":true}]}}