{"id":99158,"date":"2023-02-21T17:29:25","date_gmt":"2023-02-21T16:29:25","guid":{"rendered":"https:\/\/www.tetrachim.com\/product\/master-jet-3-startset\/"},"modified":"2026-05-15T08:12:50","modified_gmt":"2026-05-15T06:12:50","slug":"master-jet-3-startset","status":"publish","type":"product","link":"https:\/\/www.tetrachim.com\/de\/produkt\/master-jet-3-startset\/","title":{"rendered":"MASTER-Jet 3 Startset"},"content":{"rendered":"<p>MASTER-JET 3 ist das beste manuelle Flammspritzger\u00e4t seiner Klasse. Produktivit\u00e4t, Vielseitigkeit und Einfachheit bieten ein un\u00fcbertroffenes Benutzererlebnis f\u00fcr ein handgef\u00fchrtes Flammspritzger\u00e4t.<br \/>\nSie ist in der Lage, Keramik-, Metall- und Karbidbeschichtungen mit Dr\u00e4hten, Flexicord- oder Rokide\u00ae-St\u00e4ben in gro\u00dfen Mengen zu spritzen, wobei ein Langsam\/Schnell-Motor die Beschichtung von Zink bis Stahl ohne Pistolenwechsel erm\u00f6glicht.<br \/>\nDank seines b\u00fcrstenlosen Motors mit sehr hoher Lebensdauer und Energieeffizienz ist der Materialvorschub pr\u00e4zise und reproduzierbar.<br \/>\nDie Pistole bietet eine hervorragende Spr\u00fcheffizienz bei geringen Investitionskosten und niedrigem Gasverbrauch, was sie zu einer \u00e4u\u00dferst kosteneffizienten L\u00f6sung f\u00fcr die Herstellung von Beschichtungen f\u00fcr eine Vielzahl von Anwendungen macht.<br \/>\nDie ergonomische, sehr leichte Pistole kann sowohl manuell als auch mit einem Roboter eingesetzt werden und ist die optimale Alternative sowohl f\u00fcr die Beschichtung von komplizierten Formen als auch von gro\u00dfen Fl\u00e4chen.<\/p>\n","protected":false},"excerpt":{"rendered":"<p>MASTER-JET 3 ist das beste manuelle Flammspritzger\u00e4t seiner Klasse. Produktivit\u00e4t, Vielseitigkeit und Einfachheit bieten ein un\u00fcbertroffenes Benutzererlebnis f\u00fcr ein handgef\u00fchrtes Flammspritzger\u00e4t.<\/p>\n","protected":false},"featured_media":95017,"template":"","meta":[],"product_brand":[],"product_cat":[553],"product_tag":[],"class_list":{"0":"post-99158","1":"product","2":"type-product","3":"status-publish","4":"has-post-thumbnail","6":"supplier-saint-gobain-de","7":"market-lebensmittel-industrielle-backformen","8":"market-papier-textil","9":"market-verpackung","10":"market-luft-und-raumfahrt","11":"product_cat-saint-gobain-flammspritzgeraete","13":"first","14":"onbackorder","15":"taxable","16":"shipping-taxable","17":"purchasable","18":"product-type-simple"},"yoast_head":"<!-- This site is optimized with the Yoast SEO plugin v27.5 - https:\/\/yoast.com\/product\/yoast-seo-wordpress\/ -->\n<title>MASTER-Jet 3 Startset - Tetrachim<\/title>\n<meta name=\"robots\" content=\"index, follow, max-snippet:-1, max-image-preview:large, max-video-preview:-1\" \/>\n<link rel=\"canonical\" href=\"https:\/\/www.tetrachim.com\/de\/produkt\/master-jet-3-startset\/\" \/>\n<meta property=\"og:locale\" content=\"de_DE\" \/>\n<meta property=\"og:type\" content=\"article\" \/>\n<meta property=\"og:title\" content=\"MASTER-Jet 3 Startset - Tetrachim\" \/>\n<meta property=\"og:description\" content=\"MASTER-JET 3 ist das beste manuelle Flammspritzger\u00e4t seiner Klasse. Produktivit\u00e4t, Vielseitigkeit und Einfachheit bieten ein un\u00fcbertroffenes Benutzererlebnis f\u00fcr ein handgef\u00fchrtes Flammspritzger\u00e4t.\" \/>\n<meta property=\"og:url\" content=\"https:\/\/www.tetrachim.com\/de\/produkt\/master-jet-3-startset\/\" \/>\n<meta property=\"og:site_name\" content=\"Tetrachim\" \/>\n<meta property=\"article:modified_time\" content=\"2026-05-15T06:12:50+00:00\" \/>\n<meta property=\"og:image\" content=\"https:\/\/www.tetrachim.com\/wp-content\/uploads\/2022\/12\/3-guns-MASTER-JET.jpg\" \/>\n\t<meta property=\"og:image:width\" content=\"640\" \/>\n\t<meta property=\"og:image:height\" content=\"540\" \/>\n\t<meta property=\"og:image:type\" content=\"image\/jpeg\" \/>\n<meta name=\"twitter:card\" content=\"summary_large_image\" \/>\n<meta name=\"twitter:site\" content=\"@Tetrachim\" \/>\n<meta name=\"twitter:label1\" content=\"Gesch\u00e4tzte Lesezeit\" \/>\n\t<meta name=\"twitter:data1\" content=\"1\u00a0Minute\" \/>\n<script type=\"application\/ld+json\" class=\"yoast-schema-graph\">{\"@context\":\"https:\\\/\\\/schema.org\",\"@graph\":[{\"@type\":\"WebPage\",\"@id\":\"https:\\\/\\\/www.tetrachim.com\\\/de\\\/produkt\\\/master-jet-3-startset\\\/\",\"url\":\"https:\\\/\\\/www.tetrachim.com\\\/de\\\/produkt\\\/master-jet-3-startset\\\/\",\"name\":\"MASTER-Jet 3 Startset - Tetrachim\",\"isPartOf\":{\"@id\":\"https:\\\/\\\/www.tetrachim.com\\\/de\\\/#website\"},\"primaryImageOfPage\":{\"@id\":\"https:\\\/\\\/www.tetrachim.com\\\/de\\\/produkt\\\/master-jet-3-startset\\\/#primaryimage\"},\"image\":{\"@id\":\"https:\\\/\\\/www.tetrachim.com\\\/de\\\/produkt\\\/master-jet-3-startset\\\/#primaryimage\"},\"thumbnailUrl\":\"https:\\\/\\\/www.tetrachim.com\\\/wp-content\\\/uploads\\\/2022\\\/12\\\/3-guns-MASTER-JET.jpg\",\"datePublished\":\"2023-02-21T16:29:25+00:00\",\"dateModified\":\"2026-05-15T06:12:50+00:00\",\"breadcrumb\":{\"@id\":\"https:\\\/\\\/www.tetrachim.com\\\/de\\\/produkt\\\/master-jet-3-startset\\\/#breadcrumb\"},\"inLanguage\":\"de\",\"potentialAction\":[{\"@type\":\"ReadAction\",\"target\":[\"https:\\\/\\\/www.tetrachim.com\\\/de\\\/produkt\\\/master-jet-3-startset\\\/\"]}]},{\"@type\":\"ImageObject\",\"inLanguage\":\"de\",\"@id\":\"https:\\\/\\\/www.tetrachim.com\\\/de\\\/produkt\\\/master-jet-3-startset\\\/#primaryimage\",\"url\":\"https:\\\/\\\/www.tetrachim.com\\\/wp-content\\\/uploads\\\/2022\\\/12\\\/3-guns-MASTER-JET.jpg\",\"contentUrl\":\"https:\\\/\\\/www.tetrachim.com\\\/wp-content\\\/uploads\\\/2022\\\/12\\\/3-guns-MASTER-JET.jpg\",\"width\":640,\"height\":540},{\"@type\":\"BreadcrumbList\",\"@id\":\"https:\\\/\\\/www.tetrachim.com\\\/de\\\/produkt\\\/master-jet-3-startset\\\/#breadcrumb\",\"itemListElement\":[{\"@type\":\"ListItem\",\"position\":1,\"name\":\"\",\"item\":\"https:\\\/\\\/www.tetrachim.com\\\/de\\\/\"},{\"@type\":\"ListItem\",\"position\":2,\"name\":\"Shop\",\"item\":\"https:\\\/\\\/www.tetrachim.com\\\/de\\\/shop\\\/\"},{\"@type\":\"ListItem\",\"position\":3,\"name\":\"MASTER-Jet 3 Startset\"}]},{\"@type\":\"WebSite\",\"@id\":\"https:\\\/\\\/www.tetrachim.com\\\/de\\\/#website\",\"url\":\"https:\\\/\\\/www.tetrachim.com\\\/de\\\/\",\"name\":\"Tetrachim\",\"description\":\"Rev\u00eatements high-tech\",\"publisher\":{\"@id\":\"https:\\\/\\\/www.tetrachim.com\\\/de\\\/#organization\"},\"potentialAction\":[{\"@type\":\"SearchAction\",\"target\":{\"@type\":\"EntryPoint\",\"urlTemplate\":\"https:\\\/\\\/www.tetrachim.com\\\/de\\\/?s={search_term_string}\"},\"query-input\":{\"@type\":\"PropertyValueSpecification\",\"valueRequired\":true,\"valueName\":\"search_term_string\"}}],\"inLanguage\":\"de\"},{\"@type\":\"Organization\",\"@id\":\"https:\\\/\\\/www.tetrachim.com\\\/de\\\/#organization\",\"name\":\"Tetrachim\",\"url\":\"https:\\\/\\\/www.tetrachim.com\\\/de\\\/\",\"logo\":{\"@type\":\"ImageObject\",\"inLanguage\":\"de\",\"@id\":\"https:\\\/\\\/www.tetrachim.com\\\/de\\\/#\\\/schema\\\/logo\\\/image\\\/\",\"url\":\"https:\\\/\\\/www.tetrachim.com\\\/wp-content\\\/uploads\\\/2020\\\/07\\\/logo-tetrachim.png\",\"contentUrl\":\"https:\\\/\\\/www.tetrachim.com\\\/wp-content\\\/uploads\\\/2020\\\/07\\\/logo-tetrachim.png\",\"width\":244,\"height\":51,\"caption\":\"Tetrachim\"},\"image\":{\"@id\":\"https:\\\/\\\/www.tetrachim.com\\\/de\\\/#\\\/schema\\\/logo\\\/image\\\/\"},\"sameAs\":[\"https:\\\/\\\/x.com\\\/Tetrachim\",\"https:\\\/\\\/www.linkedin.com\\\/company\\\/tetrachim\\\/\"]}]}<\/script>\n<!-- \/ Yoast SEO plugin. -->","yoast_head_json":{"title":"MASTER-Jet 3 Startset - Tetrachim","robots":{"index":"index","follow":"follow","max-snippet":"max-snippet:-1","max-image-preview":"max-image-preview:large","max-video-preview":"max-video-preview:-1"},"canonical":"https:\/\/www.tetrachim.com\/de\/produkt\/master-jet-3-startset\/","og_locale":"de_DE","og_type":"article","og_title":"MASTER-Jet 3 Startset - Tetrachim","og_description":"MASTER-JET 3 ist das beste manuelle Flammspritzger\u00e4t seiner Klasse. Produktivit\u00e4t, Vielseitigkeit und Einfachheit bieten ein un\u00fcbertroffenes Benutzererlebnis f\u00fcr ein handgef\u00fchrtes Flammspritzger\u00e4t.","og_url":"https:\/\/www.tetrachim.com\/de\/produkt\/master-jet-3-startset\/","og_site_name":"Tetrachim","article_modified_time":"2026-05-15T06:12:50+00:00","og_image":[{"width":640,"height":540,"url":"https:\/\/www.tetrachim.com\/wp-content\/uploads\/2022\/12\/3-guns-MASTER-JET.jpg","type":"image\/jpeg"}],"twitter_card":"summary_large_image","twitter_site":"@Tetrachim","twitter_misc":{"Gesch\u00e4tzte Lesezeit":"1\u00a0Minute"},"schema":{"@context":"https:\/\/schema.org","@graph":[{"@type":"WebPage","@id":"https:\/\/www.tetrachim.com\/de\/produkt\/master-jet-3-startset\/","url":"https:\/\/www.tetrachim.com\/de\/produkt\/master-jet-3-startset\/","name":"MASTER-Jet 3 Startset - Tetrachim","isPartOf":{"@id":"https:\/\/www.tetrachim.com\/de\/#website"},"primaryImageOfPage":{"@id":"https:\/\/www.tetrachim.com\/de\/produkt\/master-jet-3-startset\/#primaryimage"},"image":{"@id":"https:\/\/www.tetrachim.com\/de\/produkt\/master-jet-3-startset\/#primaryimage"},"thumbnailUrl":"https:\/\/www.tetrachim.com\/wp-content\/uploads\/2022\/12\/3-guns-MASTER-JET.jpg","datePublished":"2023-02-21T16:29:25+00:00","dateModified":"2026-05-15T06:12:50+00:00","breadcrumb":{"@id":"https:\/\/www.tetrachim.com\/de\/produkt\/master-jet-3-startset\/#breadcrumb"},"inLanguage":"de","potentialAction":[{"@type":"ReadAction","target":["https:\/\/www.tetrachim.com\/de\/produkt\/master-jet-3-startset\/"]}]},{"@type":"ImageObject","inLanguage":"de","@id":"https:\/\/www.tetrachim.com\/de\/produkt\/master-jet-3-startset\/#primaryimage","url":"https:\/\/www.tetrachim.com\/wp-content\/uploads\/2022\/12\/3-guns-MASTER-JET.jpg","contentUrl":"https:\/\/www.tetrachim.com\/wp-content\/uploads\/2022\/12\/3-guns-MASTER-JET.jpg","width":640,"height":540},{"@type":"BreadcrumbList","@id":"https:\/\/www.tetrachim.com\/de\/produkt\/master-jet-3-startset\/#breadcrumb","itemListElement":[{"@type":"ListItem","position":1,"name":"","item":"https:\/\/www.tetrachim.com\/de\/"},{"@type":"ListItem","position":2,"name":"Shop","item":"https:\/\/www.tetrachim.com\/de\/shop\/"},{"@type":"ListItem","position":3,"name":"MASTER-Jet 3 Startset"}]},{"@type":"WebSite","@id":"https:\/\/www.tetrachim.com\/de\/#website","url":"https:\/\/www.tetrachim.com\/de\/","name":"Tetrachim","description":"Rev\u00eatements high-tech","publisher":{"@id":"https:\/\/www.tetrachim.com\/de\/#organization"},"potentialAction":[{"@type":"SearchAction","target":{"@type":"EntryPoint","urlTemplate":"https:\/\/www.tetrachim.com\/de\/?s={search_term_string}"},"query-input":{"@type":"PropertyValueSpecification","valueRequired":true,"valueName":"search_term_string"}}],"inLanguage":"de"},{"@type":"Organization","@id":"https:\/\/www.tetrachim.com\/de\/#organization","name":"Tetrachim","url":"https:\/\/www.tetrachim.com\/de\/","logo":{"@type":"ImageObject","inLanguage":"de","@id":"https:\/\/www.tetrachim.com\/de\/#\/schema\/logo\/image\/","url":"https:\/\/www.tetrachim.com\/wp-content\/uploads\/2020\/07\/logo-tetrachim.png","contentUrl":"https:\/\/www.tetrachim.com\/wp-content\/uploads\/2020\/07\/logo-tetrachim.png","width":244,"height":51,"caption":"Tetrachim"},"image":{"@id":"https:\/\/www.tetrachim.com\/de\/#\/schema\/logo\/image\/"},"sameAs":["https:\/\/x.com\/Tetrachim","https:\/\/www.linkedin.com\/company\/tetrachim\/"]}]}},"tiered_pricing_type":"fixed","tiered_pricing_fixed_rules":[],"tiered_pricing_product_settings":{"layout":"default","base_unit_name":{"singular":null,"plural":null},"default_variation":null},"tiered_pricing_minimum_quantity":null,"tiered_pricing_roles_data":[],"tiered_pricing_percentage_rules":[],"_links":{"self":[{"href":"https:\/\/www.tetrachim.com\/de\/wp-json\/wp\/v2\/product\/99158","targetHints":{"allow":["GET"]}}],"collection":[{"href":"https:\/\/www.tetrachim.com\/de\/wp-json\/wp\/v2\/product"}],"about":[{"href":"https:\/\/www.tetrachim.com\/de\/wp-json\/wp\/v2\/types\/product"}],"wp:featuredmedia":[{"embeddable":true,"href":"https:\/\/www.tetrachim.com\/de\/wp-json\/wp\/v2\/media\/95017"}],"wp:attachment":[{"href":"https:\/\/www.tetrachim.com\/de\/wp-json\/wp\/v2\/media?parent=99158"}],"wp:term":[{"taxonomy":"product_brand","embeddable":true,"href":"https:\/\/www.tetrachim.com\/de\/wp-json\/wp\/v2\/product_brand?post=99158"},{"taxonomy":"product_cat","embeddable":true,"href":"https:\/\/www.tetrachim.com\/de\/wp-json\/wp\/v2\/product_cat?post=99158"},{"taxonomy":"product_tag","embeddable":true,"href":"https:\/\/www.tetrachim.com\/de\/wp-json\/wp\/v2\/product_tag?post=99158"}],"curies":[{"name":"wp","href":"https:\/\/api.w.org\/{rel}","templated":true}]}}