{"id":99161,"date":"2023-08-31T15:06:36","date_gmt":"2023-08-31T13:06:36","guid":{"rendered":"https:\/\/www.tetrachim.com\/product\/202-yttriumoxid-stabilisiertes-zirkoniumdioxid-20\/"},"modified":"2026-05-15T03:12:09","modified_gmt":"2026-05-15T01:12:09","slug":"202-yttriumoxid-stabilisiertes-zirkoniumdioxid-20","status":"publish","type":"product","link":"https:\/\/www.tetrachim.com\/de\/produkt\/202-yttriumoxid-stabilisiertes-zirkoniumdioxid-20\/","title":{"rendered":"#202 Yttriumoxid-stabilisiertes Zirkoniumdioxid 20%."},"content":{"rendered":"<p>Saint-Gobain #202 Yttria stabilized Zirconium Oxide 20% hat eine kugelf\u00f6rmige Form, die gleichm\u00e4\u00dfigere Ablagerungsraten ohne Verstopfung oder Pulsieren der Zuf\u00fchrungsleitungen erm\u00f6glicht. Die hohlen Partikel f\u00fchren zu einem vollst\u00e4ndigeren Schmelzen und einer h\u00f6heren Abscheidungseffizienz. Es wird h\u00e4ufig als thermische Barriere in hei\u00dfen Zonen von Flugzeugen oder Gasturbinen verwendet.<br \/>\nIm Vergleich zu 8%igem Yttriumoxid bietet #202 eine geringere W\u00e4rmeleitf\u00e4higkeit, eine bessere Korrosionsbest\u00e4ndigkeit und Beschichtungen, die sich leichter bearbeiten lassen.<br \/>\nDie nominale Partikelgr\u00f6\u00dfenverteilung betr\u00e4gt 25-95 \u00b5m.  <\/p>\n","protected":false},"excerpt":{"rendered":"<p>#202 ist ein keramisches Pulver f\u00fcr das thermische Spritzen, das zu 78% aus ZrO2 und zu 20% aus Y2O3 (mit Yttriumoxid stabilisiertes Zirkoniumoxid) besteht und f\u00fcr W\u00e4rmed\u00e4mmungsanwendungen verwendet wird.<\/p>\n","protected":false},"featured_media":96834,"template":"","meta":[],"product_brand":[],"product_cat":[547],"product_tag":[],"class_list":{"0":"post-99161","1":"product","2":"type-product","3":"status-publish","4":"has-post-thumbnail","6":"supplier-saint-gobain-de","7":"market-luft-und-raumfahrt","8":"product_cat-saint-gobain-thermisches-spritzen-pulver","10":"first","11":"onbackorder","12":"taxable","13":"shipping-taxable","14":"purchasable","15":"product-type-simple"},"yoast_head":"<!-- This site is optimized with the Yoast SEO plugin v27.5 - https:\/\/yoast.com\/product\/yoast-seo-wordpress\/ -->\n<title>#202 Yttriumoxid-stabilisiertes Zirkoniumdioxid 20%. - Tetrachim<\/title>\n<meta name=\"robots\" content=\"index, follow, max-snippet:-1, max-image-preview:large, max-video-preview:-1\" \/>\n<link rel=\"canonical\" href=\"https:\/\/www.tetrachim.com\/de\/produkt\/202-yttriumoxid-stabilisiertes-zirkoniumdioxid-20\/\" \/>\n<meta property=\"og:locale\" content=\"de_DE\" \/>\n<meta property=\"og:type\" content=\"article\" \/>\n<meta property=\"og:title\" content=\"#202 Yttriumoxid-stabilisiertes Zirkoniumdioxid 20%. - Tetrachim\" \/>\n<meta property=\"og:description\" content=\"#202 ist ein keramisches Pulver f\u00fcr das thermische Spritzen, das zu 78% aus ZrO2 und zu 20% aus Y2O3 (mit Yttriumoxid stabilisiertes Zirkoniumoxid) besteht und f\u00fcr W\u00e4rmed\u00e4mmungsanwendungen verwendet wird.\" \/>\n<meta property=\"og:url\" content=\"https:\/\/www.tetrachim.com\/de\/produkt\/202-yttriumoxid-stabilisiertes-zirkoniumdioxid-20\/\" \/>\n<meta property=\"og:site_name\" content=\"Tetrachim\" \/>\n<meta property=\"article:modified_time\" content=\"2026-05-15T01:12:09+00:00\" \/>\n<meta property=\"og:image\" content=\"https:\/\/www.tetrachim.com\/wp-content\/uploads\/2025\/02\/Packshot_TSP-bottle.png\" \/>\n\t<meta property=\"og:image:width\" content=\"480\" \/>\n\t<meta property=\"og:image:height\" content=\"615\" \/>\n\t<meta property=\"og:image:type\" content=\"image\/png\" \/>\n<meta name=\"twitter:card\" content=\"summary_large_image\" \/>\n<meta name=\"twitter:site\" content=\"@Tetrachim\" \/>\n<script type=\"application\/ld+json\" class=\"yoast-schema-graph\">{\"@context\":\"https:\\\/\\\/schema.org\",\"@graph\":[{\"@type\":\"WebPage\",\"@id\":\"https:\\\/\\\/www.tetrachim.com\\\/de\\\/produkt\\\/202-yttriumoxid-stabilisiertes-zirkoniumdioxid-20\\\/\",\"url\":\"https:\\\/\\\/www.tetrachim.com\\\/de\\\/produkt\\\/202-yttriumoxid-stabilisiertes-zirkoniumdioxid-20\\\/\",\"name\":\"#202 Yttriumoxid-stabilisiertes Zirkoniumdioxid 20%. - Tetrachim\",\"isPartOf\":{\"@id\":\"https:\\\/\\\/www.tetrachim.com\\\/de\\\/#website\"},\"primaryImageOfPage\":{\"@id\":\"https:\\\/\\\/www.tetrachim.com\\\/de\\\/produkt\\\/202-yttriumoxid-stabilisiertes-zirkoniumdioxid-20\\\/#primaryimage\"},\"image\":{\"@id\":\"https:\\\/\\\/www.tetrachim.com\\\/de\\\/produkt\\\/202-yttriumoxid-stabilisiertes-zirkoniumdioxid-20\\\/#primaryimage\"},\"thumbnailUrl\":\"https:\\\/\\\/www.tetrachim.com\\\/wp-content\\\/uploads\\\/2025\\\/02\\\/Packshot_TSP-bottle.png\",\"datePublished\":\"2023-08-31T13:06:36+00:00\",\"dateModified\":\"2026-05-15T01:12:09+00:00\",\"breadcrumb\":{\"@id\":\"https:\\\/\\\/www.tetrachim.com\\\/de\\\/produkt\\\/202-yttriumoxid-stabilisiertes-zirkoniumdioxid-20\\\/#breadcrumb\"},\"inLanguage\":\"de\",\"potentialAction\":[{\"@type\":\"ReadAction\",\"target\":[\"https:\\\/\\\/www.tetrachim.com\\\/de\\\/produkt\\\/202-yttriumoxid-stabilisiertes-zirkoniumdioxid-20\\\/\"]}]},{\"@type\":\"ImageObject\",\"inLanguage\":\"de\",\"@id\":\"https:\\\/\\\/www.tetrachim.com\\\/de\\\/produkt\\\/202-yttriumoxid-stabilisiertes-zirkoniumdioxid-20\\\/#primaryimage\",\"url\":\"https:\\\/\\\/www.tetrachim.com\\\/wp-content\\\/uploads\\\/2025\\\/02\\\/Packshot_TSP-bottle.png\",\"contentUrl\":\"https:\\\/\\\/www.tetrachim.com\\\/wp-content\\\/uploads\\\/2025\\\/02\\\/Packshot_TSP-bottle.png\",\"width\":480,\"height\":615},{\"@type\":\"BreadcrumbList\",\"@id\":\"https:\\\/\\\/www.tetrachim.com\\\/de\\\/produkt\\\/202-yttriumoxid-stabilisiertes-zirkoniumdioxid-20\\\/#breadcrumb\",\"itemListElement\":[{\"@type\":\"ListItem\",\"position\":1,\"name\":\"\",\"item\":\"https:\\\/\\\/www.tetrachim.com\\\/de\\\/\"},{\"@type\":\"ListItem\",\"position\":2,\"name\":\"Shop\",\"item\":\"https:\\\/\\\/www.tetrachim.com\\\/de\\\/shop\\\/\"},{\"@type\":\"ListItem\",\"position\":3,\"name\":\"#202 Yttriumoxid-stabilisiertes Zirkoniumdioxid 20%.\"}]},{\"@type\":\"WebSite\",\"@id\":\"https:\\\/\\\/www.tetrachim.com\\\/de\\\/#website\",\"url\":\"https:\\\/\\\/www.tetrachim.com\\\/de\\\/\",\"name\":\"Tetrachim\",\"description\":\"Rev\u00eatements high-tech\",\"publisher\":{\"@id\":\"https:\\\/\\\/www.tetrachim.com\\\/de\\\/#organization\"},\"potentialAction\":[{\"@type\":\"SearchAction\",\"target\":{\"@type\":\"EntryPoint\",\"urlTemplate\":\"https:\\\/\\\/www.tetrachim.com\\\/de\\\/?s={search_term_string}\"},\"query-input\":{\"@type\":\"PropertyValueSpecification\",\"valueRequired\":true,\"valueName\":\"search_term_string\"}}],\"inLanguage\":\"de\"},{\"@type\":\"Organization\",\"@id\":\"https:\\\/\\\/www.tetrachim.com\\\/de\\\/#organization\",\"name\":\"Tetrachim\",\"url\":\"https:\\\/\\\/www.tetrachim.com\\\/de\\\/\",\"logo\":{\"@type\":\"ImageObject\",\"inLanguage\":\"de\",\"@id\":\"https:\\\/\\\/www.tetrachim.com\\\/de\\\/#\\\/schema\\\/logo\\\/image\\\/\",\"url\":\"https:\\\/\\\/www.tetrachim.com\\\/wp-content\\\/uploads\\\/2020\\\/07\\\/logo-tetrachim.png\",\"contentUrl\":\"https:\\\/\\\/www.tetrachim.com\\\/wp-content\\\/uploads\\\/2020\\\/07\\\/logo-tetrachim.png\",\"width\":244,\"height\":51,\"caption\":\"Tetrachim\"},\"image\":{\"@id\":\"https:\\\/\\\/www.tetrachim.com\\\/de\\\/#\\\/schema\\\/logo\\\/image\\\/\"},\"sameAs\":[\"https:\\\/\\\/x.com\\\/Tetrachim\",\"https:\\\/\\\/www.linkedin.com\\\/company\\\/tetrachim\\\/\"]}]}<\/script>\n<!-- \/ Yoast SEO plugin. -->","yoast_head_json":{"title":"#202 Yttriumoxid-stabilisiertes Zirkoniumdioxid 20%. - Tetrachim","robots":{"index":"index","follow":"follow","max-snippet":"max-snippet:-1","max-image-preview":"max-image-preview:large","max-video-preview":"max-video-preview:-1"},"canonical":"https:\/\/www.tetrachim.com\/de\/produkt\/202-yttriumoxid-stabilisiertes-zirkoniumdioxid-20\/","og_locale":"de_DE","og_type":"article","og_title":"#202 Yttriumoxid-stabilisiertes Zirkoniumdioxid 20%. - Tetrachim","og_description":"#202 ist ein keramisches Pulver f\u00fcr das thermische Spritzen, das zu 78% aus ZrO2 und zu 20% aus Y2O3 (mit Yttriumoxid stabilisiertes Zirkoniumoxid) besteht und f\u00fcr W\u00e4rmed\u00e4mmungsanwendungen verwendet wird.","og_url":"https:\/\/www.tetrachim.com\/de\/produkt\/202-yttriumoxid-stabilisiertes-zirkoniumdioxid-20\/","og_site_name":"Tetrachim","article_modified_time":"2026-05-15T01:12:09+00:00","og_image":[{"width":480,"height":615,"url":"https:\/\/www.tetrachim.com\/wp-content\/uploads\/2025\/02\/Packshot_TSP-bottle.png","type":"image\/png"}],"twitter_card":"summary_large_image","twitter_site":"@Tetrachim","schema":{"@context":"https:\/\/schema.org","@graph":[{"@type":"WebPage","@id":"https:\/\/www.tetrachim.com\/de\/produkt\/202-yttriumoxid-stabilisiertes-zirkoniumdioxid-20\/","url":"https:\/\/www.tetrachim.com\/de\/produkt\/202-yttriumoxid-stabilisiertes-zirkoniumdioxid-20\/","name":"#202 Yttriumoxid-stabilisiertes Zirkoniumdioxid 20%. - Tetrachim","isPartOf":{"@id":"https:\/\/www.tetrachim.com\/de\/#website"},"primaryImageOfPage":{"@id":"https:\/\/www.tetrachim.com\/de\/produkt\/202-yttriumoxid-stabilisiertes-zirkoniumdioxid-20\/#primaryimage"},"image":{"@id":"https:\/\/www.tetrachim.com\/de\/produkt\/202-yttriumoxid-stabilisiertes-zirkoniumdioxid-20\/#primaryimage"},"thumbnailUrl":"https:\/\/www.tetrachim.com\/wp-content\/uploads\/2025\/02\/Packshot_TSP-bottle.png","datePublished":"2023-08-31T13:06:36+00:00","dateModified":"2026-05-15T01:12:09+00:00","breadcrumb":{"@id":"https:\/\/www.tetrachim.com\/de\/produkt\/202-yttriumoxid-stabilisiertes-zirkoniumdioxid-20\/#breadcrumb"},"inLanguage":"de","potentialAction":[{"@type":"ReadAction","target":["https:\/\/www.tetrachim.com\/de\/produkt\/202-yttriumoxid-stabilisiertes-zirkoniumdioxid-20\/"]}]},{"@type":"ImageObject","inLanguage":"de","@id":"https:\/\/www.tetrachim.com\/de\/produkt\/202-yttriumoxid-stabilisiertes-zirkoniumdioxid-20\/#primaryimage","url":"https:\/\/www.tetrachim.com\/wp-content\/uploads\/2025\/02\/Packshot_TSP-bottle.png","contentUrl":"https:\/\/www.tetrachim.com\/wp-content\/uploads\/2025\/02\/Packshot_TSP-bottle.png","width":480,"height":615},{"@type":"BreadcrumbList","@id":"https:\/\/www.tetrachim.com\/de\/produkt\/202-yttriumoxid-stabilisiertes-zirkoniumdioxid-20\/#breadcrumb","itemListElement":[{"@type":"ListItem","position":1,"name":"","item":"https:\/\/www.tetrachim.com\/de\/"},{"@type":"ListItem","position":2,"name":"Shop","item":"https:\/\/www.tetrachim.com\/de\/shop\/"},{"@type":"ListItem","position":3,"name":"#202 Yttriumoxid-stabilisiertes Zirkoniumdioxid 20%."}]},{"@type":"WebSite","@id":"https:\/\/www.tetrachim.com\/de\/#website","url":"https:\/\/www.tetrachim.com\/de\/","name":"Tetrachim","description":"Rev\u00eatements high-tech","publisher":{"@id":"https:\/\/www.tetrachim.com\/de\/#organization"},"potentialAction":[{"@type":"SearchAction","target":{"@type":"EntryPoint","urlTemplate":"https:\/\/www.tetrachim.com\/de\/?s={search_term_string}"},"query-input":{"@type":"PropertyValueSpecification","valueRequired":true,"valueName":"search_term_string"}}],"inLanguage":"de"},{"@type":"Organization","@id":"https:\/\/www.tetrachim.com\/de\/#organization","name":"Tetrachim","url":"https:\/\/www.tetrachim.com\/de\/","logo":{"@type":"ImageObject","inLanguage":"de","@id":"https:\/\/www.tetrachim.com\/de\/#\/schema\/logo\/image\/","url":"https:\/\/www.tetrachim.com\/wp-content\/uploads\/2020\/07\/logo-tetrachim.png","contentUrl":"https:\/\/www.tetrachim.com\/wp-content\/uploads\/2020\/07\/logo-tetrachim.png","width":244,"height":51,"caption":"Tetrachim"},"image":{"@id":"https:\/\/www.tetrachim.com\/de\/#\/schema\/logo\/image\/"},"sameAs":["https:\/\/x.com\/Tetrachim","https:\/\/www.linkedin.com\/company\/tetrachim\/"]}]}},"tiered_pricing_type":"fixed","tiered_pricing_fixed_rules":[],"tiered_pricing_product_settings":{"layout":"default","base_unit_name":{"singular":null,"plural":null},"default_variation":null},"tiered_pricing_minimum_quantity":null,"tiered_pricing_roles_data":[],"tiered_pricing_percentage_rules":[],"_links":{"self":[{"href":"https:\/\/www.tetrachim.com\/de\/wp-json\/wp\/v2\/product\/99161","targetHints":{"allow":["GET"]}}],"collection":[{"href":"https:\/\/www.tetrachim.com\/de\/wp-json\/wp\/v2\/product"}],"about":[{"href":"https:\/\/www.tetrachim.com\/de\/wp-json\/wp\/v2\/types\/product"}],"wp:featuredmedia":[{"embeddable":true,"href":"https:\/\/www.tetrachim.com\/de\/wp-json\/wp\/v2\/media\/96834"}],"wp:attachment":[{"href":"https:\/\/www.tetrachim.com\/de\/wp-json\/wp\/v2\/media?parent=99161"}],"wp:term":[{"taxonomy":"product_brand","embeddable":true,"href":"https:\/\/www.tetrachim.com\/de\/wp-json\/wp\/v2\/product_brand?post=99161"},{"taxonomy":"product_cat","embeddable":true,"href":"https:\/\/www.tetrachim.com\/de\/wp-json\/wp\/v2\/product_cat?post=99161"},{"taxonomy":"product_tag","embeddable":true,"href":"https:\/\/www.tetrachim.com\/de\/wp-json\/wp\/v2\/product_tag?post=99161"}],"curies":[{"name":"wp","href":"https:\/\/api.w.org\/{rel}","templated":true}]}}