{"id":99164,"date":"2023-03-07T09:28:54","date_gmt":"2023-03-07T08:28:54","guid":{"rendered":"https:\/\/www.tetrachim.com\/product\/sensor-inkxperience-kit-von-henkel\/"},"modified":"2026-05-15T03:21:43","modified_gmt":"2026-05-15T01:21:43","slug":"sensor-inkxperience-kit-von-henkel","status":"publish","type":"product","link":"https:\/\/www.tetrachim.com\/de\/produkt\/sensor-inkxperience-kit-von-henkel\/","title":{"rendered":"Sensor INKXPERIENCE-Kit von Henkel"},"content":{"rendered":"<p>Das Sensor INKXPERIENCE Kit von Henkel bietet Ihnen die M\u00f6glichkeit, vier verschiedene Funktionen gedruckter Elektroniksensoren kennenzulernen, darunter:<\/p>\n<ul>\n<li><span class=\"values\">Lecksuch-Sensor (2 St\u00fcck): ein gedruckter Widerstandssensorstreifen, der das Vorhandensein von Wasser erkennen kann<\/span><\/li>\n<li><span class=\"values\">Ber\u00fchrungsloser Fl\u00fcssigkeitsstandssensor (2 St\u00fcck): ein kapazitiver, gedruckter Sensor, der den Fl\u00fcssigkeitsstand an der Au\u00dfenseite eines beliebigen nichtmetallischen Beh\u00e4lters \u00fcberwachen kann<\/span><\/li>\n<li><span class=\"values\">PTC-Heizung (Positiver Temperaturkoeffizient) (2 St\u00fcck): ein PTC-Heizkissen, das sich schnell erw\u00e4rmt, selbstregulierend ist und eine gleichm\u00e4\u00dfige Oberfl\u00e4chenerw\u00e4rmung gew\u00e4hrleistet<\/span><\/li>\n<li><span class=\"values\">Einzonen-Kraftsensor (FSR) (2 St\u00fcck): ein gedruckter Kraftsensor mit einer Abtastzone<\/span><\/li>\n<li><span class=\"values\">Multi Zone Force Sensitive Resistor (FSR) Sensor (2 St\u00fcck): ein gedruckter Kraftsensor mit zwei Messzonen, die eine hohe und eine niedrige Kraftempfindlichkeit erreichen<\/span><\/li>\n<li><span class=\"values\">Breakout-Platte<\/span><\/li>\n<li><span class=\"values\">Anschlusskabel<\/span><\/li>\n<\/ul>\n<p>Das Sensor-INKxperience-Kit ist mit Hardware und Software vorkonfiguriert und bietet Ingenieuren ein einfaches Setup f\u00fcr schnelle Ideenfindung, Technologietests und erste Prototypen &#8211; alles aus einem Guss.<\/p>\n<p>Zus\u00e4tzlich ben\u00f6tigte Ausr\u00fcstung: <span class=\"values\">Stromversorgung, Laptop\/Computer zum Auslesen der Daten<\/span><\/p>\n<p>&nbsp;<\/p>\n","protected":false},"excerpt":{"rendered":"<p>Das Sensor INKXPERIENCE Kit von Henkel beinhaltet vier verschiedene gedruckte Sensortypen inkl. Stecker, Hardware und Software. Vorkonfiguriert mit sofortigem Datenzugriff. Einfache Einrichtung. Schnelle Ideenfindung &amp; Proof of Concept.    <\/p>\n","protected":false},"featured_media":95343,"template":"","meta":[],"product_brand":[],"product_cat":[510],"product_tag":[],"class_list":{"0":"post-99164","1":"product","2":"type-product","3":"status-publish","4":"has-post-thumbnail","6":"supplier-henkel-de","7":"market-elektronik-halbleiter","8":"market-automobilindustrie","9":"market-gesundheitspflege","10":"property-leitfaehig","11":"product_cat-loctite-elektronische-materialien","13":"first","14":"instock","15":"taxable","16":"shipping-taxable","17":"purchasable","18":"product-type-simple"},"yoast_head":"<!-- This site is optimized with the Yoast SEO plugin v27.5 - https:\/\/yoast.com\/product\/yoast-seo-wordpress\/ -->\n<title>Sensor INKXPERIENCE-Kit von Henkel - Tetrachim<\/title>\n<meta name=\"robots\" content=\"index, follow, max-snippet:-1, max-image-preview:large, max-video-preview:-1\" \/>\n<link rel=\"canonical\" href=\"https:\/\/www.tetrachim.com\/de\/produkt\/sensor-inkxperience-kit-von-henkel\/\" \/>\n<meta property=\"og:locale\" content=\"de_DE\" \/>\n<meta property=\"og:type\" content=\"article\" \/>\n<meta property=\"og:title\" content=\"Sensor INKXPERIENCE-Kit von Henkel - Tetrachim\" \/>\n<meta property=\"og:description\" content=\"Das Sensor INKXPERIENCE Kit von Henkel beinhaltet vier verschiedene gedruckte Sensortypen inkl. Stecker, Hardware und Software. Vorkonfiguriert mit sofortigem Datenzugriff. Einfache Einrichtung. Schnelle Ideenfindung &amp; Proof of Concept.\" \/>\n<meta property=\"og:url\" content=\"https:\/\/www.tetrachim.com\/de\/produkt\/sensor-inkxperience-kit-von-henkel\/\" \/>\n<meta property=\"og:site_name\" content=\"Tetrachim\" \/>\n<meta property=\"article:modified_time\" content=\"2026-05-15T01:21:43+00:00\" \/>\n<meta property=\"og:image\" content=\"https:\/\/www.tetrachim.com\/wp-content\/uploads\/2023\/03\/sensor-inkxperience-kit.jpg\" \/>\n\t<meta property=\"og:image:width\" content=\"1024\" \/>\n\t<meta property=\"og:image:height\" content=\"1024\" \/>\n\t<meta property=\"og:image:type\" content=\"image\/jpeg\" \/>\n<meta name=\"twitter:card\" content=\"summary_large_image\" \/>\n<meta name=\"twitter:site\" content=\"@Tetrachim\" \/>\n<meta name=\"twitter:label1\" content=\"Gesch\u00e4tzte Lesezeit\" \/>\n\t<meta name=\"twitter:data1\" content=\"1\u00a0Minute\" \/>\n<script type=\"application\/ld+json\" class=\"yoast-schema-graph\">{\"@context\":\"https:\\\/\\\/schema.org\",\"@graph\":[{\"@type\":\"WebPage\",\"@id\":\"https:\\\/\\\/www.tetrachim.com\\\/de\\\/produkt\\\/sensor-inkxperience-kit-von-henkel\\\/\",\"url\":\"https:\\\/\\\/www.tetrachim.com\\\/de\\\/produkt\\\/sensor-inkxperience-kit-von-henkel\\\/\",\"name\":\"Sensor INKXPERIENCE-Kit von Henkel - Tetrachim\",\"isPartOf\":{\"@id\":\"https:\\\/\\\/www.tetrachim.com\\\/de\\\/#website\"},\"primaryImageOfPage\":{\"@id\":\"https:\\\/\\\/www.tetrachim.com\\\/de\\\/produkt\\\/sensor-inkxperience-kit-von-henkel\\\/#primaryimage\"},\"image\":{\"@id\":\"https:\\\/\\\/www.tetrachim.com\\\/de\\\/produkt\\\/sensor-inkxperience-kit-von-henkel\\\/#primaryimage\"},\"thumbnailUrl\":\"https:\\\/\\\/www.tetrachim.com\\\/wp-content\\\/uploads\\\/2023\\\/03\\\/sensor-inkxperience-kit.jpg\",\"datePublished\":\"2023-03-07T08:28:54+00:00\",\"dateModified\":\"2026-05-15T01:21:43+00:00\",\"breadcrumb\":{\"@id\":\"https:\\\/\\\/www.tetrachim.com\\\/de\\\/produkt\\\/sensor-inkxperience-kit-von-henkel\\\/#breadcrumb\"},\"inLanguage\":\"de\",\"potentialAction\":[{\"@type\":\"ReadAction\",\"target\":[\"https:\\\/\\\/www.tetrachim.com\\\/de\\\/produkt\\\/sensor-inkxperience-kit-von-henkel\\\/\"]}]},{\"@type\":\"ImageObject\",\"inLanguage\":\"de\",\"@id\":\"https:\\\/\\\/www.tetrachim.com\\\/de\\\/produkt\\\/sensor-inkxperience-kit-von-henkel\\\/#primaryimage\",\"url\":\"https:\\\/\\\/www.tetrachim.com\\\/wp-content\\\/uploads\\\/2023\\\/03\\\/sensor-inkxperience-kit.jpg\",\"contentUrl\":\"https:\\\/\\\/www.tetrachim.com\\\/wp-content\\\/uploads\\\/2023\\\/03\\\/sensor-inkxperience-kit.jpg\",\"width\":1024,\"height\":1024},{\"@type\":\"BreadcrumbList\",\"@id\":\"https:\\\/\\\/www.tetrachim.com\\\/de\\\/produkt\\\/sensor-inkxperience-kit-von-henkel\\\/#breadcrumb\",\"itemListElement\":[{\"@type\":\"ListItem\",\"position\":1,\"name\":\"\",\"item\":\"https:\\\/\\\/www.tetrachim.com\\\/de\\\/\"},{\"@type\":\"ListItem\",\"position\":2,\"name\":\"Shop\",\"item\":\"https:\\\/\\\/www.tetrachim.com\\\/de\\\/shop\\\/\"},{\"@type\":\"ListItem\",\"position\":3,\"name\":\"Sensor INKXPERIENCE-Kit von Henkel\"}]},{\"@type\":\"WebSite\",\"@id\":\"https:\\\/\\\/www.tetrachim.com\\\/de\\\/#website\",\"url\":\"https:\\\/\\\/www.tetrachim.com\\\/de\\\/\",\"name\":\"Tetrachim\",\"description\":\"Rev\u00eatements high-tech\",\"publisher\":{\"@id\":\"https:\\\/\\\/www.tetrachim.com\\\/de\\\/#organization\"},\"potentialAction\":[{\"@type\":\"SearchAction\",\"target\":{\"@type\":\"EntryPoint\",\"urlTemplate\":\"https:\\\/\\\/www.tetrachim.com\\\/de\\\/?s={search_term_string}\"},\"query-input\":{\"@type\":\"PropertyValueSpecification\",\"valueRequired\":true,\"valueName\":\"search_term_string\"}}],\"inLanguage\":\"de\"},{\"@type\":\"Organization\",\"@id\":\"https:\\\/\\\/www.tetrachim.com\\\/de\\\/#organization\",\"name\":\"Tetrachim\",\"url\":\"https:\\\/\\\/www.tetrachim.com\\\/de\\\/\",\"logo\":{\"@type\":\"ImageObject\",\"inLanguage\":\"de\",\"@id\":\"https:\\\/\\\/www.tetrachim.com\\\/de\\\/#\\\/schema\\\/logo\\\/image\\\/\",\"url\":\"https:\\\/\\\/www.tetrachim.com\\\/wp-content\\\/uploads\\\/2020\\\/07\\\/logo-tetrachim.png\",\"contentUrl\":\"https:\\\/\\\/www.tetrachim.com\\\/wp-content\\\/uploads\\\/2020\\\/07\\\/logo-tetrachim.png\",\"width\":244,\"height\":51,\"caption\":\"Tetrachim\"},\"image\":{\"@id\":\"https:\\\/\\\/www.tetrachim.com\\\/de\\\/#\\\/schema\\\/logo\\\/image\\\/\"},\"sameAs\":[\"https:\\\/\\\/x.com\\\/Tetrachim\",\"https:\\\/\\\/www.linkedin.com\\\/company\\\/tetrachim\\\/\"]}]}<\/script>\n<!-- \/ Yoast SEO plugin. -->","yoast_head_json":{"title":"Sensor INKXPERIENCE-Kit von Henkel - Tetrachim","robots":{"index":"index","follow":"follow","max-snippet":"max-snippet:-1","max-image-preview":"max-image-preview:large","max-video-preview":"max-video-preview:-1"},"canonical":"https:\/\/www.tetrachim.com\/de\/produkt\/sensor-inkxperience-kit-von-henkel\/","og_locale":"de_DE","og_type":"article","og_title":"Sensor INKXPERIENCE-Kit von Henkel - Tetrachim","og_description":"Das Sensor INKXPERIENCE Kit von Henkel beinhaltet vier verschiedene gedruckte Sensortypen inkl. Stecker, Hardware und Software. Vorkonfiguriert mit sofortigem Datenzugriff. Einfache Einrichtung. Schnelle Ideenfindung &amp; Proof of Concept.","og_url":"https:\/\/www.tetrachim.com\/de\/produkt\/sensor-inkxperience-kit-von-henkel\/","og_site_name":"Tetrachim","article_modified_time":"2026-05-15T01:21:43+00:00","og_image":[{"width":1024,"height":1024,"url":"https:\/\/www.tetrachim.com\/wp-content\/uploads\/2023\/03\/sensor-inkxperience-kit.jpg","type":"image\/jpeg"}],"twitter_card":"summary_large_image","twitter_site":"@Tetrachim","twitter_misc":{"Gesch\u00e4tzte Lesezeit":"1\u00a0Minute"},"schema":{"@context":"https:\/\/schema.org","@graph":[{"@type":"WebPage","@id":"https:\/\/www.tetrachim.com\/de\/produkt\/sensor-inkxperience-kit-von-henkel\/","url":"https:\/\/www.tetrachim.com\/de\/produkt\/sensor-inkxperience-kit-von-henkel\/","name":"Sensor INKXPERIENCE-Kit von Henkel - Tetrachim","isPartOf":{"@id":"https:\/\/www.tetrachim.com\/de\/#website"},"primaryImageOfPage":{"@id":"https:\/\/www.tetrachim.com\/de\/produkt\/sensor-inkxperience-kit-von-henkel\/#primaryimage"},"image":{"@id":"https:\/\/www.tetrachim.com\/de\/produkt\/sensor-inkxperience-kit-von-henkel\/#primaryimage"},"thumbnailUrl":"https:\/\/www.tetrachim.com\/wp-content\/uploads\/2023\/03\/sensor-inkxperience-kit.jpg","datePublished":"2023-03-07T08:28:54+00:00","dateModified":"2026-05-15T01:21:43+00:00","breadcrumb":{"@id":"https:\/\/www.tetrachim.com\/de\/produkt\/sensor-inkxperience-kit-von-henkel\/#breadcrumb"},"inLanguage":"de","potentialAction":[{"@type":"ReadAction","target":["https:\/\/www.tetrachim.com\/de\/produkt\/sensor-inkxperience-kit-von-henkel\/"]}]},{"@type":"ImageObject","inLanguage":"de","@id":"https:\/\/www.tetrachim.com\/de\/produkt\/sensor-inkxperience-kit-von-henkel\/#primaryimage","url":"https:\/\/www.tetrachim.com\/wp-content\/uploads\/2023\/03\/sensor-inkxperience-kit.jpg","contentUrl":"https:\/\/www.tetrachim.com\/wp-content\/uploads\/2023\/03\/sensor-inkxperience-kit.jpg","width":1024,"height":1024},{"@type":"BreadcrumbList","@id":"https:\/\/www.tetrachim.com\/de\/produkt\/sensor-inkxperience-kit-von-henkel\/#breadcrumb","itemListElement":[{"@type":"ListItem","position":1,"name":"","item":"https:\/\/www.tetrachim.com\/de\/"},{"@type":"ListItem","position":2,"name":"Shop","item":"https:\/\/www.tetrachim.com\/de\/shop\/"},{"@type":"ListItem","position":3,"name":"Sensor INKXPERIENCE-Kit von Henkel"}]},{"@type":"WebSite","@id":"https:\/\/www.tetrachim.com\/de\/#website","url":"https:\/\/www.tetrachim.com\/de\/","name":"Tetrachim","description":"Rev\u00eatements high-tech","publisher":{"@id":"https:\/\/www.tetrachim.com\/de\/#organization"},"potentialAction":[{"@type":"SearchAction","target":{"@type":"EntryPoint","urlTemplate":"https:\/\/www.tetrachim.com\/de\/?s={search_term_string}"},"query-input":{"@type":"PropertyValueSpecification","valueRequired":true,"valueName":"search_term_string"}}],"inLanguage":"de"},{"@type":"Organization","@id":"https:\/\/www.tetrachim.com\/de\/#organization","name":"Tetrachim","url":"https:\/\/www.tetrachim.com\/de\/","logo":{"@type":"ImageObject","inLanguage":"de","@id":"https:\/\/www.tetrachim.com\/de\/#\/schema\/logo\/image\/","url":"https:\/\/www.tetrachim.com\/wp-content\/uploads\/2020\/07\/logo-tetrachim.png","contentUrl":"https:\/\/www.tetrachim.com\/wp-content\/uploads\/2020\/07\/logo-tetrachim.png","width":244,"height":51,"caption":"Tetrachim"},"image":{"@id":"https:\/\/www.tetrachim.com\/de\/#\/schema\/logo\/image\/"},"sameAs":["https:\/\/x.com\/Tetrachim","https:\/\/www.linkedin.com\/company\/tetrachim\/"]}]}},"tiered_pricing_type":"fixed","tiered_pricing_fixed_rules":[],"tiered_pricing_product_settings":{"layout":"default","base_unit_name":{"singular":null,"plural":null},"default_variation":null},"tiered_pricing_minimum_quantity":null,"tiered_pricing_roles_data":[],"tiered_pricing_percentage_rules":[],"_links":{"self":[{"href":"https:\/\/www.tetrachim.com\/de\/wp-json\/wp\/v2\/product\/99164","targetHints":{"allow":["GET"]}}],"collection":[{"href":"https:\/\/www.tetrachim.com\/de\/wp-json\/wp\/v2\/product"}],"about":[{"href":"https:\/\/www.tetrachim.com\/de\/wp-json\/wp\/v2\/types\/product"}],"wp:featuredmedia":[{"embeddable":true,"href":"https:\/\/www.tetrachim.com\/de\/wp-json\/wp\/v2\/media\/95343"}],"wp:attachment":[{"href":"https:\/\/www.tetrachim.com\/de\/wp-json\/wp\/v2\/media?parent=99164"}],"wp:term":[{"taxonomy":"product_brand","embeddable":true,"href":"https:\/\/www.tetrachim.com\/de\/wp-json\/wp\/v2\/product_brand?post=99164"},{"taxonomy":"product_cat","embeddable":true,"href":"https:\/\/www.tetrachim.com\/de\/wp-json\/wp\/v2\/product_cat?post=99164"},{"taxonomy":"product_tag","embeddable":true,"href":"https:\/\/www.tetrachim.com\/de\/wp-json\/wp\/v2\/product_tag?post=99164"}],"curies":[{"name":"wp","href":"https:\/\/api.w.org\/{rel}","templated":true}]}}