{"id":99167,"date":"2024-04-08T16:52:40","date_gmt":"2024-04-08T14:52:40","guid":{"rendered":"https:\/\/www.tetrachim.com\/product\/959g-204-einfarbig-gruen\/"},"modified":"2026-05-15T10:13:18","modified_gmt":"2026-05-15T08:13:18","slug":"959g-204-einfarbig-gruen","status":"publish","type":"product","link":"https:\/\/www.tetrachim.com\/de\/produkt\/959g-204-einfarbig-gruen\/","title":{"rendered":"959G-204 Einschichtbeschichtung gr\u00fcn"},"content":{"rendered":"<p>Der l\u00f6sungsmittelbasierte FEP-Einschichtlack 959G-204 eignet sich f\u00fcr den Einsatz bei m\u00e4\u00dfigem Abrieb und dort, wo Antihafteigenschaften zur Produktleistung beitragen. Diese Produkte sind f\u00fcr eine moderate Aush\u00e4rtungstemperatur ausgelegt und k\u00f6nnen in einem breiten Temperaturbereich eingebrannt werden. <\/p>\n<p>Diese l\u00f6sungsmittelbasierten fl\u00fcssigen Einschichtlacke werden mit speziellen Mischungen aus Fluorkunststoffen und anderen Hochleistungsharzen formuliert, um die Z\u00e4higkeit und Abriebfestigkeit zu verbessern. Da sich die Filmkomponenten beim Einbrennen schichten, bleiben die meisten Eigenschaften der Fluorkunststoffe (z. B. geringe Reibung und Antihaftwirkung) erhalten. Die Harze sorgen f\u00fcr Adh\u00e4sion und Abriebfestigkeit.  <\/p>\n","protected":false},"excerpt":{"rendered":"<p>Der l\u00f6sungsmittelbasierte FEP-Einschichtlack 959G-204 eignet sich f\u00fcr den Einsatz bei m\u00e4\u00dfigem Abrieb und dort, wo Antihafteigenschaften zur Produktleistung beitragen. Diese Produkte sind f\u00fcr eine moderate Aush\u00e4rtungstemperatur ausgelegt und k\u00f6nnen in einem breiten Temperaturbereich eingebrannt werden. <\/p>\n","protected":false},"featured_media":87440,"template":"","meta":[],"product_brand":[],"product_cat":[507],"product_tag":[],"class_list":{"0":"post-99167","1":"product","2":"type-product","3":"status-publish","4":"has-post-thumbnail","6":"supplier-chemours-de","7":"market-verpackung","8":"market-lebensmittel-industrielle-backformen","9":"property-adhaesion","10":"property-trockenschmierung","11":"property-temperaturbestaendigkeit","12":"property-antihaft-eigenschaften","13":"property-korrosionsbestaendigkeit","14":"product_cat-teflon-industriebeschichtungen","15":"product_shipping_class-gefahr-de","17":"first","18":"onbackorder","19":"taxable","20":"shipping-taxable","21":"purchasable","22":"product-type-simple"},"yoast_head":"<!-- This site is optimized with the Yoast SEO plugin v27.5 - https:\/\/yoast.com\/product\/yoast-seo-wordpress\/ -->\n<title>959G-204 Einschichtbeschichtung gr\u00fcn - Tetrachim<\/title>\n<meta name=\"robots\" content=\"index, follow, max-snippet:-1, max-image-preview:large, max-video-preview:-1\" \/>\n<link rel=\"canonical\" href=\"https:\/\/www.tetrachim.com\/de\/produkt\/959g-204-einfarbig-gruen\/\" \/>\n<meta property=\"og:locale\" content=\"de_DE\" \/>\n<meta property=\"og:type\" content=\"article\" \/>\n<meta property=\"og:title\" content=\"959G-204 Einschichtbeschichtung gr\u00fcn - Tetrachim\" \/>\n<meta property=\"og:description\" content=\"Der l\u00f6sungsmittelbasierte FEP-Einschichtlack 959G-204 eignet sich f\u00fcr den Einsatz bei m\u00e4\u00dfigem Abrieb und dort, wo Antihafteigenschaften zur Produktleistung beitragen. Diese Produkte sind f\u00fcr eine moderate Aush\u00e4rtungstemperatur ausgelegt und k\u00f6nnen in einem breiten Temperaturbereich eingebrannt werden.\" \/>\n<meta property=\"og:url\" content=\"https:\/\/www.tetrachim.com\/de\/produkt\/959g-204-einfarbig-gruen\/\" \/>\n<meta property=\"og:site_name\" content=\"Tetrachim\" \/>\n<meta property=\"article:modified_time\" content=\"2026-05-15T08:13:18+00:00\" \/>\n<meta property=\"og:image\" content=\"https:\/\/www.tetrachim.com\/wp-content\/uploads\/2020\/09\/PackPaint4KG.jpg\" \/>\n\t<meta property=\"og:image:width\" content=\"900\" \/>\n\t<meta property=\"og:image:height\" content=\"900\" \/>\n\t<meta property=\"og:image:type\" content=\"image\/jpeg\" \/>\n<meta name=\"twitter:card\" content=\"summary_large_image\" \/>\n<meta name=\"twitter:site\" content=\"@Tetrachim\" \/>\n<script type=\"application\/ld+json\" class=\"yoast-schema-graph\">{\"@context\":\"https:\\\/\\\/schema.org\",\"@graph\":[{\"@type\":\"WebPage\",\"@id\":\"https:\\\/\\\/www.tetrachim.com\\\/de\\\/produkt\\\/959g-204-einfarbig-gruen\\\/\",\"url\":\"https:\\\/\\\/www.tetrachim.com\\\/de\\\/produkt\\\/959g-204-einfarbig-gruen\\\/\",\"name\":\"959G-204 Einschichtbeschichtung gr\u00fcn - Tetrachim\",\"isPartOf\":{\"@id\":\"https:\\\/\\\/www.tetrachim.com\\\/de\\\/#website\"},\"primaryImageOfPage\":{\"@id\":\"https:\\\/\\\/www.tetrachim.com\\\/de\\\/produkt\\\/959g-204-einfarbig-gruen\\\/#primaryimage\"},\"image\":{\"@id\":\"https:\\\/\\\/www.tetrachim.com\\\/de\\\/produkt\\\/959g-204-einfarbig-gruen\\\/#primaryimage\"},\"thumbnailUrl\":\"https:\\\/\\\/www.tetrachim.com\\\/wp-content\\\/uploads\\\/2020\\\/09\\\/PackPaint4KG.jpg\",\"datePublished\":\"2024-04-08T14:52:40+00:00\",\"dateModified\":\"2026-05-15T08:13:18+00:00\",\"breadcrumb\":{\"@id\":\"https:\\\/\\\/www.tetrachim.com\\\/de\\\/produkt\\\/959g-204-einfarbig-gruen\\\/#breadcrumb\"},\"inLanguage\":\"de\",\"potentialAction\":[{\"@type\":\"ReadAction\",\"target\":[\"https:\\\/\\\/www.tetrachim.com\\\/de\\\/produkt\\\/959g-204-einfarbig-gruen\\\/\"]}]},{\"@type\":\"ImageObject\",\"inLanguage\":\"de\",\"@id\":\"https:\\\/\\\/www.tetrachim.com\\\/de\\\/produkt\\\/959g-204-einfarbig-gruen\\\/#primaryimage\",\"url\":\"https:\\\/\\\/www.tetrachim.com\\\/wp-content\\\/uploads\\\/2020\\\/09\\\/PackPaint4KG.jpg\",\"contentUrl\":\"https:\\\/\\\/www.tetrachim.com\\\/wp-content\\\/uploads\\\/2020\\\/09\\\/PackPaint4KG.jpg\",\"width\":900,\"height\":900},{\"@type\":\"BreadcrumbList\",\"@id\":\"https:\\\/\\\/www.tetrachim.com\\\/de\\\/produkt\\\/959g-204-einfarbig-gruen\\\/#breadcrumb\",\"itemListElement\":[{\"@type\":\"ListItem\",\"position\":1,\"name\":\"\",\"item\":\"https:\\\/\\\/www.tetrachim.com\\\/de\\\/\"},{\"@type\":\"ListItem\",\"position\":2,\"name\":\"Shop\",\"item\":\"https:\\\/\\\/www.tetrachim.com\\\/de\\\/shop\\\/\"},{\"@type\":\"ListItem\",\"position\":3,\"name\":\"959G-204 Einschichtbeschichtung gr\u00fcn\"}]},{\"@type\":\"WebSite\",\"@id\":\"https:\\\/\\\/www.tetrachim.com\\\/de\\\/#website\",\"url\":\"https:\\\/\\\/www.tetrachim.com\\\/de\\\/\",\"name\":\"Tetrachim\",\"description\":\"Rev\u00eatements high-tech\",\"publisher\":{\"@id\":\"https:\\\/\\\/www.tetrachim.com\\\/de\\\/#organization\"},\"potentialAction\":[{\"@type\":\"SearchAction\",\"target\":{\"@type\":\"EntryPoint\",\"urlTemplate\":\"https:\\\/\\\/www.tetrachim.com\\\/de\\\/?s={search_term_string}\"},\"query-input\":{\"@type\":\"PropertyValueSpecification\",\"valueRequired\":true,\"valueName\":\"search_term_string\"}}],\"inLanguage\":\"de\"},{\"@type\":\"Organization\",\"@id\":\"https:\\\/\\\/www.tetrachim.com\\\/de\\\/#organization\",\"name\":\"Tetrachim\",\"url\":\"https:\\\/\\\/www.tetrachim.com\\\/de\\\/\",\"logo\":{\"@type\":\"ImageObject\",\"inLanguage\":\"de\",\"@id\":\"https:\\\/\\\/www.tetrachim.com\\\/de\\\/#\\\/schema\\\/logo\\\/image\\\/\",\"url\":\"https:\\\/\\\/www.tetrachim.com\\\/wp-content\\\/uploads\\\/2020\\\/07\\\/logo-tetrachim.png\",\"contentUrl\":\"https:\\\/\\\/www.tetrachim.com\\\/wp-content\\\/uploads\\\/2020\\\/07\\\/logo-tetrachim.png\",\"width\":244,\"height\":51,\"caption\":\"Tetrachim\"},\"image\":{\"@id\":\"https:\\\/\\\/www.tetrachim.com\\\/de\\\/#\\\/schema\\\/logo\\\/image\\\/\"},\"sameAs\":[\"https:\\\/\\\/x.com\\\/Tetrachim\",\"https:\\\/\\\/www.linkedin.com\\\/company\\\/tetrachim\\\/\"]}]}<\/script>\n<!-- \/ Yoast SEO plugin. -->","yoast_head_json":{"title":"959G-204 Einschichtbeschichtung gr\u00fcn - Tetrachim","robots":{"index":"index","follow":"follow","max-snippet":"max-snippet:-1","max-image-preview":"max-image-preview:large","max-video-preview":"max-video-preview:-1"},"canonical":"https:\/\/www.tetrachim.com\/de\/produkt\/959g-204-einfarbig-gruen\/","og_locale":"de_DE","og_type":"article","og_title":"959G-204 Einschichtbeschichtung gr\u00fcn - Tetrachim","og_description":"Der l\u00f6sungsmittelbasierte FEP-Einschichtlack 959G-204 eignet sich f\u00fcr den Einsatz bei m\u00e4\u00dfigem Abrieb und dort, wo Antihafteigenschaften zur Produktleistung beitragen. Diese Produkte sind f\u00fcr eine moderate Aush\u00e4rtungstemperatur ausgelegt und k\u00f6nnen in einem breiten Temperaturbereich eingebrannt werden.","og_url":"https:\/\/www.tetrachim.com\/de\/produkt\/959g-204-einfarbig-gruen\/","og_site_name":"Tetrachim","article_modified_time":"2026-05-15T08:13:18+00:00","og_image":[{"width":900,"height":900,"url":"https:\/\/www.tetrachim.com\/wp-content\/uploads\/2020\/09\/PackPaint4KG.jpg","type":"image\/jpeg"}],"twitter_card":"summary_large_image","twitter_site":"@Tetrachim","schema":{"@context":"https:\/\/schema.org","@graph":[{"@type":"WebPage","@id":"https:\/\/www.tetrachim.com\/de\/produkt\/959g-204-einfarbig-gruen\/","url":"https:\/\/www.tetrachim.com\/de\/produkt\/959g-204-einfarbig-gruen\/","name":"959G-204 Einschichtbeschichtung gr\u00fcn - Tetrachim","isPartOf":{"@id":"https:\/\/www.tetrachim.com\/de\/#website"},"primaryImageOfPage":{"@id":"https:\/\/www.tetrachim.com\/de\/produkt\/959g-204-einfarbig-gruen\/#primaryimage"},"image":{"@id":"https:\/\/www.tetrachim.com\/de\/produkt\/959g-204-einfarbig-gruen\/#primaryimage"},"thumbnailUrl":"https:\/\/www.tetrachim.com\/wp-content\/uploads\/2020\/09\/PackPaint4KG.jpg","datePublished":"2024-04-08T14:52:40+00:00","dateModified":"2026-05-15T08:13:18+00:00","breadcrumb":{"@id":"https:\/\/www.tetrachim.com\/de\/produkt\/959g-204-einfarbig-gruen\/#breadcrumb"},"inLanguage":"de","potentialAction":[{"@type":"ReadAction","target":["https:\/\/www.tetrachim.com\/de\/produkt\/959g-204-einfarbig-gruen\/"]}]},{"@type":"ImageObject","inLanguage":"de","@id":"https:\/\/www.tetrachim.com\/de\/produkt\/959g-204-einfarbig-gruen\/#primaryimage","url":"https:\/\/www.tetrachim.com\/wp-content\/uploads\/2020\/09\/PackPaint4KG.jpg","contentUrl":"https:\/\/www.tetrachim.com\/wp-content\/uploads\/2020\/09\/PackPaint4KG.jpg","width":900,"height":900},{"@type":"BreadcrumbList","@id":"https:\/\/www.tetrachim.com\/de\/produkt\/959g-204-einfarbig-gruen\/#breadcrumb","itemListElement":[{"@type":"ListItem","position":1,"name":"","item":"https:\/\/www.tetrachim.com\/de\/"},{"@type":"ListItem","position":2,"name":"Shop","item":"https:\/\/www.tetrachim.com\/de\/shop\/"},{"@type":"ListItem","position":3,"name":"959G-204 Einschichtbeschichtung gr\u00fcn"}]},{"@type":"WebSite","@id":"https:\/\/www.tetrachim.com\/de\/#website","url":"https:\/\/www.tetrachim.com\/de\/","name":"Tetrachim","description":"Rev\u00eatements high-tech","publisher":{"@id":"https:\/\/www.tetrachim.com\/de\/#organization"},"potentialAction":[{"@type":"SearchAction","target":{"@type":"EntryPoint","urlTemplate":"https:\/\/www.tetrachim.com\/de\/?s={search_term_string}"},"query-input":{"@type":"PropertyValueSpecification","valueRequired":true,"valueName":"search_term_string"}}],"inLanguage":"de"},{"@type":"Organization","@id":"https:\/\/www.tetrachim.com\/de\/#organization","name":"Tetrachim","url":"https:\/\/www.tetrachim.com\/de\/","logo":{"@type":"ImageObject","inLanguage":"de","@id":"https:\/\/www.tetrachim.com\/de\/#\/schema\/logo\/image\/","url":"https:\/\/www.tetrachim.com\/wp-content\/uploads\/2020\/07\/logo-tetrachim.png","contentUrl":"https:\/\/www.tetrachim.com\/wp-content\/uploads\/2020\/07\/logo-tetrachim.png","width":244,"height":51,"caption":"Tetrachim"},"image":{"@id":"https:\/\/www.tetrachim.com\/de\/#\/schema\/logo\/image\/"},"sameAs":["https:\/\/x.com\/Tetrachim","https:\/\/www.linkedin.com\/company\/tetrachim\/"]}]}},"tiered_pricing_type":"fixed","tiered_pricing_fixed_rules":[],"tiered_pricing_product_settings":{"layout":"default","base_unit_name":{"singular":null,"plural":null},"default_variation":null},"tiered_pricing_minimum_quantity":null,"tiered_pricing_roles_data":[],"tiered_pricing_percentage_rules":[],"_links":{"self":[{"href":"https:\/\/www.tetrachim.com\/de\/wp-json\/wp\/v2\/product\/99167","targetHints":{"allow":["GET"]}}],"collection":[{"href":"https:\/\/www.tetrachim.com\/de\/wp-json\/wp\/v2\/product"}],"about":[{"href":"https:\/\/www.tetrachim.com\/de\/wp-json\/wp\/v2\/types\/product"}],"wp:featuredmedia":[{"embeddable":true,"href":"https:\/\/www.tetrachim.com\/de\/wp-json\/wp\/v2\/media\/87440"}],"wp:attachment":[{"href":"https:\/\/www.tetrachim.com\/de\/wp-json\/wp\/v2\/media?parent=99167"}],"wp:term":[{"taxonomy":"product_brand","embeddable":true,"href":"https:\/\/www.tetrachim.com\/de\/wp-json\/wp\/v2\/product_brand?post=99167"},{"taxonomy":"product_cat","embeddable":true,"href":"https:\/\/www.tetrachim.com\/de\/wp-json\/wp\/v2\/product_cat?post=99167"},{"taxonomy":"product_tag","embeddable":true,"href":"https:\/\/www.tetrachim.com\/de\/wp-json\/wp\/v2\/product_tag?post=99167"}],"curies":[{"name":"wp","href":"https:\/\/api.w.org\/{rel}","templated":true}]}}