{"id":99169,"date":"2024-07-16T12:23:30","date_gmt":"2024-07-16T10:23:30","guid":{"rendered":"https:\/\/www.tetrachim.com\/product\/top-jet-motorschnellstart-set\/"},"modified":"2026-05-15T16:33:05","modified_gmt":"2026-05-15T14:33:05","slug":"top-jet-motorschnellstart-set","status":"publish","type":"product","link":"https:\/\/www.tetrachim.com\/de\/produkt\/top-jet-motorschnellstart-set\/","title":{"rendered":"TOP JET Motorschnellstart-Set"},"content":{"rendered":"<p>TOP-JET Flammspritzpistolen sind bekannt f\u00fcr ihren drehmomentstarken Luftmotor. Mit seinem F\u00fcnfgang-Getriebe erm\u00f6glicht es dem Benutzer, mit dem h\u00f6chsten Drehmoment pro gegebener Geschwindigkeit zu arbeiten. <\/p>\n","protected":false},"excerpt":{"rendered":"<p>Die leichte und robuste Flammspritzpistole TOP-JET ist ideal f\u00fcr Metalloberfl\u00e4chen aller Formen und Gr\u00f6\u00dfen. Sie ist vielseitig und eignet sich gleicherma\u00dfen f\u00fcr gro\u00dffl\u00e4chige Arbeiten wie f\u00fcr Pr\u00e4zisionsspritzungen. <\/p>\n<p>Empfohlene Anwendungen: Wiederherstellung und Erneuerung von verschlissenen Teilen und Ger\u00e4ten, Anwendungen, die eine hohe Verschlei\u00dffestigkeit gegen Abrieb und Erosion erfordern.<\/p>\n","protected":false},"featured_media":95012,"template":"","meta":[],"product_brand":[],"product_cat":[553],"product_tag":[],"class_list":{"0":"post-99169","1":"product","2":"type-product","3":"status-publish","4":"has-post-thumbnail","6":"supplier-saint-gobain-de","7":"product_cat-saint-gobain-flammspritzgeraete","9":"first","10":"onbackorder","11":"taxable","12":"shipping-taxable","13":"purchasable","14":"product-type-simple"},"yoast_head":"<!-- This site is optimized with the Yoast SEO plugin v27.5 - https:\/\/yoast.com\/product\/yoast-seo-wordpress\/ -->\n<title>TOP JET Motorschnellstart-Set - Tetrachim<\/title>\n<meta name=\"robots\" content=\"index, follow, max-snippet:-1, max-image-preview:large, max-video-preview:-1\" \/>\n<link rel=\"canonical\" href=\"https:\/\/www.tetrachim.com\/de\/produkt\/top-jet-motorschnellstart-set\/\" \/>\n<meta property=\"og:locale\" content=\"de_DE\" \/>\n<meta property=\"og:type\" content=\"article\" \/>\n<meta property=\"og:title\" content=\"TOP JET Motorschnellstart-Set - Tetrachim\" \/>\n<meta property=\"og:description\" content=\"Die leichte und robuste Flammspritzpistole TOP-JET ist ideal f\u00fcr Metalloberfl\u00e4chen aller Formen und Gr\u00f6\u00dfen. Sie ist vielseitig und eignet sich gleicherma\u00dfen f\u00fcr gro\u00dffl\u00e4chige Arbeiten wie f\u00fcr Pr\u00e4zisionsspritzungen.  Empfohlene Anwendungen: Wiederherstellung und Erneuerung von verschlissenen Teilen und Ger\u00e4ten, Anwendungen, die eine hohe Verschlei\u00dffestigkeit gegen Abrieb und Erosion erfordern.\" \/>\n<meta property=\"og:url\" content=\"https:\/\/www.tetrachim.com\/de\/produkt\/top-jet-motorschnellstart-set\/\" \/>\n<meta property=\"og:site_name\" content=\"Tetrachim\" \/>\n<meta property=\"article:modified_time\" content=\"2026-05-15T14:33:05+00:00\" \/>\n<meta property=\"og:image\" content=\"https:\/\/www.tetrachim.com\/wp-content\/uploads\/2022\/12\/TOP-JET-sans-sous-titre.jpg\" \/>\n\t<meta property=\"og:image:width\" content=\"567\" \/>\n\t<meta property=\"og:image:height\" content=\"546\" \/>\n\t<meta property=\"og:image:type\" content=\"image\/jpeg\" \/>\n<meta name=\"twitter:card\" content=\"summary_large_image\" \/>\n<meta name=\"twitter:site\" content=\"@Tetrachim\" \/>\n<script type=\"application\/ld+json\" class=\"yoast-schema-graph\">{\"@context\":\"https:\\\/\\\/schema.org\",\"@graph\":[{\"@type\":\"WebPage\",\"@id\":\"https:\\\/\\\/www.tetrachim.com\\\/de\\\/produkt\\\/top-jet-motorschnellstart-set\\\/\",\"url\":\"https:\\\/\\\/www.tetrachim.com\\\/de\\\/produkt\\\/top-jet-motorschnellstart-set\\\/\",\"name\":\"TOP JET Motorschnellstart-Set - Tetrachim\",\"isPartOf\":{\"@id\":\"https:\\\/\\\/www.tetrachim.com\\\/de\\\/#website\"},\"primaryImageOfPage\":{\"@id\":\"https:\\\/\\\/www.tetrachim.com\\\/de\\\/produkt\\\/top-jet-motorschnellstart-set\\\/#primaryimage\"},\"image\":{\"@id\":\"https:\\\/\\\/www.tetrachim.com\\\/de\\\/produkt\\\/top-jet-motorschnellstart-set\\\/#primaryimage\"},\"thumbnailUrl\":\"https:\\\/\\\/www.tetrachim.com\\\/wp-content\\\/uploads\\\/2022\\\/12\\\/TOP-JET-sans-sous-titre.jpg\",\"datePublished\":\"2024-07-16T10:23:30+00:00\",\"dateModified\":\"2026-05-15T14:33:05+00:00\",\"breadcrumb\":{\"@id\":\"https:\\\/\\\/www.tetrachim.com\\\/de\\\/produkt\\\/top-jet-motorschnellstart-set\\\/#breadcrumb\"},\"inLanguage\":\"de\",\"potentialAction\":[{\"@type\":\"ReadAction\",\"target\":[\"https:\\\/\\\/www.tetrachim.com\\\/de\\\/produkt\\\/top-jet-motorschnellstart-set\\\/\"]}]},{\"@type\":\"ImageObject\",\"inLanguage\":\"de\",\"@id\":\"https:\\\/\\\/www.tetrachim.com\\\/de\\\/produkt\\\/top-jet-motorschnellstart-set\\\/#primaryimage\",\"url\":\"https:\\\/\\\/www.tetrachim.com\\\/wp-content\\\/uploads\\\/2022\\\/12\\\/TOP-JET-sans-sous-titre.jpg\",\"contentUrl\":\"https:\\\/\\\/www.tetrachim.com\\\/wp-content\\\/uploads\\\/2022\\\/12\\\/TOP-JET-sans-sous-titre.jpg\",\"width\":567,\"height\":546},{\"@type\":\"BreadcrumbList\",\"@id\":\"https:\\\/\\\/www.tetrachim.com\\\/de\\\/produkt\\\/top-jet-motorschnellstart-set\\\/#breadcrumb\",\"itemListElement\":[{\"@type\":\"ListItem\",\"position\":1,\"name\":\"\",\"item\":\"https:\\\/\\\/www.tetrachim.com\\\/de\\\/\"},{\"@type\":\"ListItem\",\"position\":2,\"name\":\"Shop\",\"item\":\"https:\\\/\\\/www.tetrachim.com\\\/de\\\/shop\\\/\"},{\"@type\":\"ListItem\",\"position\":3,\"name\":\"TOP JET Motorschnellstart-Set\"}]},{\"@type\":\"WebSite\",\"@id\":\"https:\\\/\\\/www.tetrachim.com\\\/de\\\/#website\",\"url\":\"https:\\\/\\\/www.tetrachim.com\\\/de\\\/\",\"name\":\"Tetrachim\",\"description\":\"Rev\u00eatements high-tech\",\"publisher\":{\"@id\":\"https:\\\/\\\/www.tetrachim.com\\\/de\\\/#organization\"},\"potentialAction\":[{\"@type\":\"SearchAction\",\"target\":{\"@type\":\"EntryPoint\",\"urlTemplate\":\"https:\\\/\\\/www.tetrachim.com\\\/de\\\/?s={search_term_string}\"},\"query-input\":{\"@type\":\"PropertyValueSpecification\",\"valueRequired\":true,\"valueName\":\"search_term_string\"}}],\"inLanguage\":\"de\"},{\"@type\":\"Organization\",\"@id\":\"https:\\\/\\\/www.tetrachim.com\\\/de\\\/#organization\",\"name\":\"Tetrachim\",\"url\":\"https:\\\/\\\/www.tetrachim.com\\\/de\\\/\",\"logo\":{\"@type\":\"ImageObject\",\"inLanguage\":\"de\",\"@id\":\"https:\\\/\\\/www.tetrachim.com\\\/de\\\/#\\\/schema\\\/logo\\\/image\\\/\",\"url\":\"https:\\\/\\\/www.tetrachim.com\\\/wp-content\\\/uploads\\\/2020\\\/07\\\/logo-tetrachim.png\",\"contentUrl\":\"https:\\\/\\\/www.tetrachim.com\\\/wp-content\\\/uploads\\\/2020\\\/07\\\/logo-tetrachim.png\",\"width\":244,\"height\":51,\"caption\":\"Tetrachim\"},\"image\":{\"@id\":\"https:\\\/\\\/www.tetrachim.com\\\/de\\\/#\\\/schema\\\/logo\\\/image\\\/\"},\"sameAs\":[\"https:\\\/\\\/x.com\\\/Tetrachim\",\"https:\\\/\\\/www.linkedin.com\\\/company\\\/tetrachim\\\/\"]}]}<\/script>\n<!-- \/ Yoast SEO plugin. -->","yoast_head_json":{"title":"TOP JET Motorschnellstart-Set - Tetrachim","robots":{"index":"index","follow":"follow","max-snippet":"max-snippet:-1","max-image-preview":"max-image-preview:large","max-video-preview":"max-video-preview:-1"},"canonical":"https:\/\/www.tetrachim.com\/de\/produkt\/top-jet-motorschnellstart-set\/","og_locale":"de_DE","og_type":"article","og_title":"TOP JET Motorschnellstart-Set - Tetrachim","og_description":"Die leichte und robuste Flammspritzpistole TOP-JET ist ideal f\u00fcr Metalloberfl\u00e4chen aller Formen und Gr\u00f6\u00dfen. Sie ist vielseitig und eignet sich gleicherma\u00dfen f\u00fcr gro\u00dffl\u00e4chige Arbeiten wie f\u00fcr Pr\u00e4zisionsspritzungen.  Empfohlene Anwendungen: Wiederherstellung und Erneuerung von verschlissenen Teilen und Ger\u00e4ten, Anwendungen, die eine hohe Verschlei\u00dffestigkeit gegen Abrieb und Erosion erfordern.","og_url":"https:\/\/www.tetrachim.com\/de\/produkt\/top-jet-motorschnellstart-set\/","og_site_name":"Tetrachim","article_modified_time":"2026-05-15T14:33:05+00:00","og_image":[{"width":567,"height":546,"url":"https:\/\/www.tetrachim.com\/wp-content\/uploads\/2022\/12\/TOP-JET-sans-sous-titre.jpg","type":"image\/jpeg"}],"twitter_card":"summary_large_image","twitter_site":"@Tetrachim","schema":{"@context":"https:\/\/schema.org","@graph":[{"@type":"WebPage","@id":"https:\/\/www.tetrachim.com\/de\/produkt\/top-jet-motorschnellstart-set\/","url":"https:\/\/www.tetrachim.com\/de\/produkt\/top-jet-motorschnellstart-set\/","name":"TOP JET Motorschnellstart-Set - Tetrachim","isPartOf":{"@id":"https:\/\/www.tetrachim.com\/de\/#website"},"primaryImageOfPage":{"@id":"https:\/\/www.tetrachim.com\/de\/produkt\/top-jet-motorschnellstart-set\/#primaryimage"},"image":{"@id":"https:\/\/www.tetrachim.com\/de\/produkt\/top-jet-motorschnellstart-set\/#primaryimage"},"thumbnailUrl":"https:\/\/www.tetrachim.com\/wp-content\/uploads\/2022\/12\/TOP-JET-sans-sous-titre.jpg","datePublished":"2024-07-16T10:23:30+00:00","dateModified":"2026-05-15T14:33:05+00:00","breadcrumb":{"@id":"https:\/\/www.tetrachim.com\/de\/produkt\/top-jet-motorschnellstart-set\/#breadcrumb"},"inLanguage":"de","potentialAction":[{"@type":"ReadAction","target":["https:\/\/www.tetrachim.com\/de\/produkt\/top-jet-motorschnellstart-set\/"]}]},{"@type":"ImageObject","inLanguage":"de","@id":"https:\/\/www.tetrachim.com\/de\/produkt\/top-jet-motorschnellstart-set\/#primaryimage","url":"https:\/\/www.tetrachim.com\/wp-content\/uploads\/2022\/12\/TOP-JET-sans-sous-titre.jpg","contentUrl":"https:\/\/www.tetrachim.com\/wp-content\/uploads\/2022\/12\/TOP-JET-sans-sous-titre.jpg","width":567,"height":546},{"@type":"BreadcrumbList","@id":"https:\/\/www.tetrachim.com\/de\/produkt\/top-jet-motorschnellstart-set\/#breadcrumb","itemListElement":[{"@type":"ListItem","position":1,"name":"","item":"https:\/\/www.tetrachim.com\/de\/"},{"@type":"ListItem","position":2,"name":"Shop","item":"https:\/\/www.tetrachim.com\/de\/shop\/"},{"@type":"ListItem","position":3,"name":"TOP JET Motorschnellstart-Set"}]},{"@type":"WebSite","@id":"https:\/\/www.tetrachim.com\/de\/#website","url":"https:\/\/www.tetrachim.com\/de\/","name":"Tetrachim","description":"Rev\u00eatements high-tech","publisher":{"@id":"https:\/\/www.tetrachim.com\/de\/#organization"},"potentialAction":[{"@type":"SearchAction","target":{"@type":"EntryPoint","urlTemplate":"https:\/\/www.tetrachim.com\/de\/?s={search_term_string}"},"query-input":{"@type":"PropertyValueSpecification","valueRequired":true,"valueName":"search_term_string"}}],"inLanguage":"de"},{"@type":"Organization","@id":"https:\/\/www.tetrachim.com\/de\/#organization","name":"Tetrachim","url":"https:\/\/www.tetrachim.com\/de\/","logo":{"@type":"ImageObject","inLanguage":"de","@id":"https:\/\/www.tetrachim.com\/de\/#\/schema\/logo\/image\/","url":"https:\/\/www.tetrachim.com\/wp-content\/uploads\/2020\/07\/logo-tetrachim.png","contentUrl":"https:\/\/www.tetrachim.com\/wp-content\/uploads\/2020\/07\/logo-tetrachim.png","width":244,"height":51,"caption":"Tetrachim"},"image":{"@id":"https:\/\/www.tetrachim.com\/de\/#\/schema\/logo\/image\/"},"sameAs":["https:\/\/x.com\/Tetrachim","https:\/\/www.linkedin.com\/company\/tetrachim\/"]}]}},"tiered_pricing_type":"fixed","tiered_pricing_fixed_rules":[],"tiered_pricing_product_settings":{"layout":"default","base_unit_name":{"singular":null,"plural":null},"default_variation":null},"tiered_pricing_minimum_quantity":null,"tiered_pricing_roles_data":[],"tiered_pricing_percentage_rules":[],"_links":{"self":[{"href":"https:\/\/www.tetrachim.com\/de\/wp-json\/wp\/v2\/product\/99169","targetHints":{"allow":["GET"]}}],"collection":[{"href":"https:\/\/www.tetrachim.com\/de\/wp-json\/wp\/v2\/product"}],"about":[{"href":"https:\/\/www.tetrachim.com\/de\/wp-json\/wp\/v2\/types\/product"}],"wp:featuredmedia":[{"embeddable":true,"href":"https:\/\/www.tetrachim.com\/de\/wp-json\/wp\/v2\/media\/95012"}],"wp:attachment":[{"href":"https:\/\/www.tetrachim.com\/de\/wp-json\/wp\/v2\/media?parent=99169"}],"wp:term":[{"taxonomy":"product_brand","embeddable":true,"href":"https:\/\/www.tetrachim.com\/de\/wp-json\/wp\/v2\/product_brand?post=99169"},{"taxonomy":"product_cat","embeddable":true,"href":"https:\/\/www.tetrachim.com\/de\/wp-json\/wp\/v2\/product_cat?post=99169"},{"taxonomy":"product_tag","embeddable":true,"href":"https:\/\/www.tetrachim.com\/de\/wp-json\/wp\/v2\/product_tag?post=99169"}],"curies":[{"name":"wp","href":"https:\/\/api.w.org\/{rel}","templated":true}]}}