{"id":99175,"date":"2025-02-06T10:55:23","date_gmt":"2025-02-06T09:55:23","guid":{"rendered":"https:\/\/www.tetrachim.com\/product\/195-kugelige-tonerde-999-rein\/"},"modified":"2026-05-14T00:10:36","modified_gmt":"2026-05-13T22:10:36","slug":"195-kugelige-tonerde-999-rein","status":"publish","type":"product","link":"https:\/\/www.tetrachim.com\/de\/produkt\/195-kugelige-tonerde-999-rein\/","title":{"rendered":"#195 Kugelige Tonerde (99,9% rein)"},"content":{"rendered":"<p>Das Pulver f\u00fcr das thermische Spritzen #195 ist ein hochreines, kugelf\u00f6rmiges Aluminiumoxid von Saint-Gobain mit einer Partikelgr\u00f6\u00dfenverteilung von 12 bis 38 \u00b5m.<br \/>\nDie kugelf\u00f6rmige Form bietet verbesserte Flie\u00dfeigenschaften f\u00fcr einen stabileren und vorhersehbaren Beschichtungsprozess. Dieses Pulver bietet dichte Beschichtungen mit guter Best\u00e4ndigkeit gegen Abrieb, Erosion, Gleitverschlei\u00df und Oxidation. Der geringe Anteil an Verunreinigungen maximiert die Beschichtungsleistung bei anspruchsvollen Anwendungen wie dielektrischen Anwendungen.  <\/p>\n","protected":false},"excerpt":{"rendered":"<p>#195 ist ein hochreines, kugelf\u00f6rmiges Aluminiumoxidpulver f\u00fcr das thermische Spritzen.<\/p>\n","protected":false},"featured_media":96834,"template":"","meta":[],"product_brand":[],"product_cat":[547],"product_tag":[],"class_list":{"0":"post-99175","1":"product","2":"type-product","3":"status-publish","4":"has-post-thumbnail","6":"supplier-saint-gobain-de","7":"market-luft-und-raumfahrt","8":"market-elektronik-halbleiter","9":"market-energie-elektrizitaet","10":"property-temperaturbestaendigkeit","11":"property-korrosionsbestaendigkeit","12":"product_cat-saint-gobain-thermisches-spritzen-pulver","14":"first","15":"onbackorder","16":"taxable","17":"shipping-taxable","18":"purchasable","19":"product-type-simple"},"yoast_head":"<!-- This site is optimized with the Yoast SEO plugin v27.5 - https:\/\/yoast.com\/product\/yoast-seo-wordpress\/ -->\n<title>#195 Kugelige Tonerde (99,9% rein) - Tetrachim<\/title>\n<meta name=\"robots\" content=\"index, follow, max-snippet:-1, max-image-preview:large, max-video-preview:-1\" \/>\n<link rel=\"canonical\" href=\"https:\/\/www.tetrachim.com\/de\/produkt\/195-kugelige-tonerde-999-rein\/\" \/>\n<meta property=\"og:locale\" content=\"de_DE\" \/>\n<meta property=\"og:type\" content=\"article\" \/>\n<meta property=\"og:title\" content=\"#195 Kugelige Tonerde (99,9% rein) - Tetrachim\" \/>\n<meta property=\"og:description\" content=\"#195 ist ein hochreines, kugelf\u00f6rmiges Aluminiumoxidpulver f\u00fcr das thermische Spritzen.\" \/>\n<meta property=\"og:url\" content=\"https:\/\/www.tetrachim.com\/de\/produkt\/195-kugelige-tonerde-999-rein\/\" \/>\n<meta property=\"og:site_name\" content=\"Tetrachim\" \/>\n<meta property=\"article:modified_time\" content=\"2026-05-13T22:10:36+00:00\" \/>\n<meta property=\"og:image\" content=\"https:\/\/www.tetrachim.com\/wp-content\/uploads\/2025\/02\/Packshot_TSP-bottle.png\" \/>\n\t<meta property=\"og:image:width\" content=\"480\" \/>\n\t<meta property=\"og:image:height\" content=\"615\" \/>\n\t<meta property=\"og:image:type\" content=\"image\/png\" \/>\n<meta name=\"twitter:card\" content=\"summary_large_image\" \/>\n<meta name=\"twitter:site\" content=\"@Tetrachim\" \/>\n<script type=\"application\/ld+json\" class=\"yoast-schema-graph\">{\"@context\":\"https:\\\/\\\/schema.org\",\"@graph\":[{\"@type\":\"WebPage\",\"@id\":\"https:\\\/\\\/www.tetrachim.com\\\/de\\\/produkt\\\/195-kugelige-tonerde-999-rein\\\/\",\"url\":\"https:\\\/\\\/www.tetrachim.com\\\/de\\\/produkt\\\/195-kugelige-tonerde-999-rein\\\/\",\"name\":\"#195 Kugelige Tonerde (99,9% rein) - Tetrachim\",\"isPartOf\":{\"@id\":\"https:\\\/\\\/www.tetrachim.com\\\/de\\\/#website\"},\"primaryImageOfPage\":{\"@id\":\"https:\\\/\\\/www.tetrachim.com\\\/de\\\/produkt\\\/195-kugelige-tonerde-999-rein\\\/#primaryimage\"},\"image\":{\"@id\":\"https:\\\/\\\/www.tetrachim.com\\\/de\\\/produkt\\\/195-kugelige-tonerde-999-rein\\\/#primaryimage\"},\"thumbnailUrl\":\"https:\\\/\\\/www.tetrachim.com\\\/wp-content\\\/uploads\\\/2025\\\/02\\\/Packshot_TSP-bottle.png\",\"datePublished\":\"2025-02-06T09:55:23+00:00\",\"dateModified\":\"2026-05-13T22:10:36+00:00\",\"breadcrumb\":{\"@id\":\"https:\\\/\\\/www.tetrachim.com\\\/de\\\/produkt\\\/195-kugelige-tonerde-999-rein\\\/#breadcrumb\"},\"inLanguage\":\"de\",\"potentialAction\":[{\"@type\":\"ReadAction\",\"target\":[\"https:\\\/\\\/www.tetrachim.com\\\/de\\\/produkt\\\/195-kugelige-tonerde-999-rein\\\/\"]}]},{\"@type\":\"ImageObject\",\"inLanguage\":\"de\",\"@id\":\"https:\\\/\\\/www.tetrachim.com\\\/de\\\/produkt\\\/195-kugelige-tonerde-999-rein\\\/#primaryimage\",\"url\":\"https:\\\/\\\/www.tetrachim.com\\\/wp-content\\\/uploads\\\/2025\\\/02\\\/Packshot_TSP-bottle.png\",\"contentUrl\":\"https:\\\/\\\/www.tetrachim.com\\\/wp-content\\\/uploads\\\/2025\\\/02\\\/Packshot_TSP-bottle.png\",\"width\":480,\"height\":615},{\"@type\":\"BreadcrumbList\",\"@id\":\"https:\\\/\\\/www.tetrachim.com\\\/de\\\/produkt\\\/195-kugelige-tonerde-999-rein\\\/#breadcrumb\",\"itemListElement\":[{\"@type\":\"ListItem\",\"position\":1,\"name\":\"\",\"item\":\"https:\\\/\\\/www.tetrachim.com\\\/de\\\/\"},{\"@type\":\"ListItem\",\"position\":2,\"name\":\"Shop\",\"item\":\"https:\\\/\\\/www.tetrachim.com\\\/de\\\/shop\\\/\"},{\"@type\":\"ListItem\",\"position\":3,\"name\":\"#195 Kugelige Tonerde (99,9% rein)\"}]},{\"@type\":\"WebSite\",\"@id\":\"https:\\\/\\\/www.tetrachim.com\\\/de\\\/#website\",\"url\":\"https:\\\/\\\/www.tetrachim.com\\\/de\\\/\",\"name\":\"Tetrachim\",\"description\":\"Rev\u00eatements high-tech\",\"publisher\":{\"@id\":\"https:\\\/\\\/www.tetrachim.com\\\/de\\\/#organization\"},\"potentialAction\":[{\"@type\":\"SearchAction\",\"target\":{\"@type\":\"EntryPoint\",\"urlTemplate\":\"https:\\\/\\\/www.tetrachim.com\\\/de\\\/?s={search_term_string}\"},\"query-input\":{\"@type\":\"PropertyValueSpecification\",\"valueRequired\":true,\"valueName\":\"search_term_string\"}}],\"inLanguage\":\"de\"},{\"@type\":\"Organization\",\"@id\":\"https:\\\/\\\/www.tetrachim.com\\\/de\\\/#organization\",\"name\":\"Tetrachim\",\"url\":\"https:\\\/\\\/www.tetrachim.com\\\/de\\\/\",\"logo\":{\"@type\":\"ImageObject\",\"inLanguage\":\"de\",\"@id\":\"https:\\\/\\\/www.tetrachim.com\\\/de\\\/#\\\/schema\\\/logo\\\/image\\\/\",\"url\":\"https:\\\/\\\/www.tetrachim.com\\\/wp-content\\\/uploads\\\/2020\\\/07\\\/logo-tetrachim.png\",\"contentUrl\":\"https:\\\/\\\/www.tetrachim.com\\\/wp-content\\\/uploads\\\/2020\\\/07\\\/logo-tetrachim.png\",\"width\":244,\"height\":51,\"caption\":\"Tetrachim\"},\"image\":{\"@id\":\"https:\\\/\\\/www.tetrachim.com\\\/de\\\/#\\\/schema\\\/logo\\\/image\\\/\"},\"sameAs\":[\"https:\\\/\\\/x.com\\\/Tetrachim\",\"https:\\\/\\\/www.linkedin.com\\\/company\\\/tetrachim\\\/\"]}]}<\/script>\n<!-- \/ Yoast SEO plugin. -->","yoast_head_json":{"title":"#195 Kugelige Tonerde (99,9% rein) - Tetrachim","robots":{"index":"index","follow":"follow","max-snippet":"max-snippet:-1","max-image-preview":"max-image-preview:large","max-video-preview":"max-video-preview:-1"},"canonical":"https:\/\/www.tetrachim.com\/de\/produkt\/195-kugelige-tonerde-999-rein\/","og_locale":"de_DE","og_type":"article","og_title":"#195 Kugelige Tonerde (99,9% rein) - Tetrachim","og_description":"#195 ist ein hochreines, kugelf\u00f6rmiges Aluminiumoxidpulver f\u00fcr das thermische Spritzen.","og_url":"https:\/\/www.tetrachim.com\/de\/produkt\/195-kugelige-tonerde-999-rein\/","og_site_name":"Tetrachim","article_modified_time":"2026-05-13T22:10:36+00:00","og_image":[{"width":480,"height":615,"url":"https:\/\/www.tetrachim.com\/wp-content\/uploads\/2025\/02\/Packshot_TSP-bottle.png","type":"image\/png"}],"twitter_card":"summary_large_image","twitter_site":"@Tetrachim","schema":{"@context":"https:\/\/schema.org","@graph":[{"@type":"WebPage","@id":"https:\/\/www.tetrachim.com\/de\/produkt\/195-kugelige-tonerde-999-rein\/","url":"https:\/\/www.tetrachim.com\/de\/produkt\/195-kugelige-tonerde-999-rein\/","name":"#195 Kugelige Tonerde (99,9% rein) - Tetrachim","isPartOf":{"@id":"https:\/\/www.tetrachim.com\/de\/#website"},"primaryImageOfPage":{"@id":"https:\/\/www.tetrachim.com\/de\/produkt\/195-kugelige-tonerde-999-rein\/#primaryimage"},"image":{"@id":"https:\/\/www.tetrachim.com\/de\/produkt\/195-kugelige-tonerde-999-rein\/#primaryimage"},"thumbnailUrl":"https:\/\/www.tetrachim.com\/wp-content\/uploads\/2025\/02\/Packshot_TSP-bottle.png","datePublished":"2025-02-06T09:55:23+00:00","dateModified":"2026-05-13T22:10:36+00:00","breadcrumb":{"@id":"https:\/\/www.tetrachim.com\/de\/produkt\/195-kugelige-tonerde-999-rein\/#breadcrumb"},"inLanguage":"de","potentialAction":[{"@type":"ReadAction","target":["https:\/\/www.tetrachim.com\/de\/produkt\/195-kugelige-tonerde-999-rein\/"]}]},{"@type":"ImageObject","inLanguage":"de","@id":"https:\/\/www.tetrachim.com\/de\/produkt\/195-kugelige-tonerde-999-rein\/#primaryimage","url":"https:\/\/www.tetrachim.com\/wp-content\/uploads\/2025\/02\/Packshot_TSP-bottle.png","contentUrl":"https:\/\/www.tetrachim.com\/wp-content\/uploads\/2025\/02\/Packshot_TSP-bottle.png","width":480,"height":615},{"@type":"BreadcrumbList","@id":"https:\/\/www.tetrachim.com\/de\/produkt\/195-kugelige-tonerde-999-rein\/#breadcrumb","itemListElement":[{"@type":"ListItem","position":1,"name":"","item":"https:\/\/www.tetrachim.com\/de\/"},{"@type":"ListItem","position":2,"name":"Shop","item":"https:\/\/www.tetrachim.com\/de\/shop\/"},{"@type":"ListItem","position":3,"name":"#195 Kugelige Tonerde (99,9% rein)"}]},{"@type":"WebSite","@id":"https:\/\/www.tetrachim.com\/de\/#website","url":"https:\/\/www.tetrachim.com\/de\/","name":"Tetrachim","description":"Rev\u00eatements high-tech","publisher":{"@id":"https:\/\/www.tetrachim.com\/de\/#organization"},"potentialAction":[{"@type":"SearchAction","target":{"@type":"EntryPoint","urlTemplate":"https:\/\/www.tetrachim.com\/de\/?s={search_term_string}"},"query-input":{"@type":"PropertyValueSpecification","valueRequired":true,"valueName":"search_term_string"}}],"inLanguage":"de"},{"@type":"Organization","@id":"https:\/\/www.tetrachim.com\/de\/#organization","name":"Tetrachim","url":"https:\/\/www.tetrachim.com\/de\/","logo":{"@type":"ImageObject","inLanguage":"de","@id":"https:\/\/www.tetrachim.com\/de\/#\/schema\/logo\/image\/","url":"https:\/\/www.tetrachim.com\/wp-content\/uploads\/2020\/07\/logo-tetrachim.png","contentUrl":"https:\/\/www.tetrachim.com\/wp-content\/uploads\/2020\/07\/logo-tetrachim.png","width":244,"height":51,"caption":"Tetrachim"},"image":{"@id":"https:\/\/www.tetrachim.com\/de\/#\/schema\/logo\/image\/"},"sameAs":["https:\/\/x.com\/Tetrachim","https:\/\/www.linkedin.com\/company\/tetrachim\/"]}]}},"tiered_pricing_type":"fixed","tiered_pricing_fixed_rules":[],"tiered_pricing_product_settings":{"layout":"default","base_unit_name":{"singular":null,"plural":null},"default_variation":null},"tiered_pricing_minimum_quantity":null,"tiered_pricing_roles_data":[],"tiered_pricing_percentage_rules":[],"_links":{"self":[{"href":"https:\/\/www.tetrachim.com\/de\/wp-json\/wp\/v2\/product\/99175","targetHints":{"allow":["GET"]}}],"collection":[{"href":"https:\/\/www.tetrachim.com\/de\/wp-json\/wp\/v2\/product"}],"about":[{"href":"https:\/\/www.tetrachim.com\/de\/wp-json\/wp\/v2\/types\/product"}],"wp:featuredmedia":[{"embeddable":true,"href":"https:\/\/www.tetrachim.com\/de\/wp-json\/wp\/v2\/media\/96834"}],"wp:attachment":[{"href":"https:\/\/www.tetrachim.com\/de\/wp-json\/wp\/v2\/media?parent=99175"}],"wp:term":[{"taxonomy":"product_brand","embeddable":true,"href":"https:\/\/www.tetrachim.com\/de\/wp-json\/wp\/v2\/product_brand?post=99175"},{"taxonomy":"product_cat","embeddable":true,"href":"https:\/\/www.tetrachim.com\/de\/wp-json\/wp\/v2\/product_cat?post=99175"},{"taxonomy":"product_tag","embeddable":true,"href":"https:\/\/www.tetrachim.com\/de\/wp-json\/wp\/v2\/product_tag?post=99175"}],"curies":[{"name":"wp","href":"https:\/\/api.w.org\/{rel}","templated":true}]}}