{"id":99176,"date":"2025-04-10T12:22:05","date_gmt":"2025-04-10T10:22:05","guid":{"rendered":"https:\/\/www.tetrachim.com\/product\/zink-nickel-a-beschichtung-elektrolyt\/"},"modified":"2026-05-15T06:41:41","modified_gmt":"2026-05-15T04:41:41","slug":"zink-nickel-a-beschichtung-elektrolyt","status":"publish","type":"product","link":"https:\/\/www.tetrachim.com\/de\/produkt\/zink-nickel-a-beschichtung-elektrolyt\/","title":{"rendered":"Zink-Nickel A-Beschichtung Elektrolyt"},"content":{"rendered":"<p>Der Zn-Ni A-Beschichtungselektrolyt erfordert eine spezielle Oberfl\u00e4chenvorbereitung, um eine gute Haftung auf dem Metall zu gew\u00e4hrleisten. Die Reinigungs- und Grundierungsprodukte von Lorilleux sind auch im Tetrachim-Sortiment erh\u00e4ltlich. <\/p>\n","protected":false},"excerpt":{"rendered":"<p>Zink-Nickel-A-Legierung ist ein f\u00fcr das selektive Elektrolyseverfahren entwickelter Beschichtungselektrolyt. Er besteht aus einer L\u00f6sung auf Wasserbasis, die Metallionen enth\u00e4lt, die auf metallischen Substraten abgeschieden werden. Die Zn-Ni A-Legierung bietet einen hervorragenden Korrosionsschutz und eine hohe Verschlei\u00dffestigkeit. Sie wird haupts\u00e4chlich als Ersatz f\u00fcr Cadmium in der Luft- und Raumfahrt verwendet.   <\/p>\n","protected":false},"featured_media":97548,"template":"","meta":[],"product_brand":[],"product_cat":[554],"product_tag":[],"class_list":{"0":"post-99176","1":"product","2":"type-product","3":"status-publish","4":"has-post-thumbnail","6":"supplier-lorilleux-de","7":"market-papier-textil","8":"market-luft-und-raumfahrt","9":"market-energie-elektrizitaet","10":"property-korrosionsbestaendigkeit","11":"property-verschleissfestigkeit-de","12":"product_cat-elektrolyte-fuer-die-selektive-elektrolyse","13":"product_shipping_class-gefahr-de","15":"first","16":"onbackorder","17":"taxable","18":"shipping-taxable","19":"purchasable","20":"product-type-simple"},"yoast_head":"<!-- This site is optimized with the Yoast SEO plugin v27.5 - https:\/\/yoast.com\/product\/yoast-seo-wordpress\/ -->\n<title>Zink-Nickel A-Beschichtung Elektrolyt - Tetrachim<\/title>\n<meta name=\"robots\" content=\"index, follow, max-snippet:-1, max-image-preview:large, max-video-preview:-1\" \/>\n<link rel=\"canonical\" href=\"https:\/\/www.tetrachim.com\/de\/produkt\/zink-nickel-a-beschichtung-elektrolyt\/\" \/>\n<meta property=\"og:locale\" content=\"de_DE\" \/>\n<meta property=\"og:type\" content=\"article\" \/>\n<meta property=\"og:title\" content=\"Zink-Nickel A-Beschichtung Elektrolyt - Tetrachim\" \/>\n<meta property=\"og:description\" content=\"Zink-Nickel-A-Legierung ist ein f\u00fcr das selektive Elektrolyseverfahren entwickelter Beschichtungselektrolyt. Er besteht aus einer L\u00f6sung auf Wasserbasis, die Metallionen enth\u00e4lt, die auf metallischen Substraten abgeschieden werden. Die Zn-Ni A-Legierung bietet einen hervorragenden Korrosionsschutz und eine hohe Verschlei\u00dffestigkeit. Sie wird haupts\u00e4chlich als Ersatz f\u00fcr Cadmium in der Luft- und Raumfahrt verwendet.\" \/>\n<meta property=\"og:url\" content=\"https:\/\/www.tetrachim.com\/de\/produkt\/zink-nickel-a-beschichtung-elektrolyt\/\" \/>\n<meta property=\"og:site_name\" content=\"Tetrachim\" \/>\n<meta property=\"article:modified_time\" content=\"2026-05-15T04:41:41+00:00\" \/>\n<meta property=\"og:image\" content=\"https:\/\/www.tetrachim.com\/wp-content\/uploads\/2025\/04\/Packshot-Alliage-Zn-Ni-A-1.jpg\" \/>\n\t<meta property=\"og:image:width\" content=\"576\" \/>\n\t<meta property=\"og:image:height\" content=\"593\" \/>\n\t<meta property=\"og:image:type\" content=\"image\/jpeg\" \/>\n<meta name=\"twitter:card\" content=\"summary_large_image\" \/>\n<meta name=\"twitter:site\" content=\"@Tetrachim\" \/>\n<script type=\"application\/ld+json\" class=\"yoast-schema-graph\">{\"@context\":\"https:\\\/\\\/schema.org\",\"@graph\":[{\"@type\":\"WebPage\",\"@id\":\"https:\\\/\\\/www.tetrachim.com\\\/de\\\/produkt\\\/zink-nickel-a-beschichtung-elektrolyt\\\/\",\"url\":\"https:\\\/\\\/www.tetrachim.com\\\/de\\\/produkt\\\/zink-nickel-a-beschichtung-elektrolyt\\\/\",\"name\":\"Zink-Nickel A-Beschichtung Elektrolyt - Tetrachim\",\"isPartOf\":{\"@id\":\"https:\\\/\\\/www.tetrachim.com\\\/de\\\/#website\"},\"primaryImageOfPage\":{\"@id\":\"https:\\\/\\\/www.tetrachim.com\\\/de\\\/produkt\\\/zink-nickel-a-beschichtung-elektrolyt\\\/#primaryimage\"},\"image\":{\"@id\":\"https:\\\/\\\/www.tetrachim.com\\\/de\\\/produkt\\\/zink-nickel-a-beschichtung-elektrolyt\\\/#primaryimage\"},\"thumbnailUrl\":\"https:\\\/\\\/www.tetrachim.com\\\/wp-content\\\/uploads\\\/2025\\\/04\\\/Packshot-Alliage-Zn-Ni-A-1.jpg\",\"datePublished\":\"2025-04-10T10:22:05+00:00\",\"dateModified\":\"2026-05-15T04:41:41+00:00\",\"breadcrumb\":{\"@id\":\"https:\\\/\\\/www.tetrachim.com\\\/de\\\/produkt\\\/zink-nickel-a-beschichtung-elektrolyt\\\/#breadcrumb\"},\"inLanguage\":\"de\",\"potentialAction\":[{\"@type\":\"ReadAction\",\"target\":[\"https:\\\/\\\/www.tetrachim.com\\\/de\\\/produkt\\\/zink-nickel-a-beschichtung-elektrolyt\\\/\"]}]},{\"@type\":\"ImageObject\",\"inLanguage\":\"de\",\"@id\":\"https:\\\/\\\/www.tetrachim.com\\\/de\\\/produkt\\\/zink-nickel-a-beschichtung-elektrolyt\\\/#primaryimage\",\"url\":\"https:\\\/\\\/www.tetrachim.com\\\/wp-content\\\/uploads\\\/2025\\\/04\\\/Packshot-Alliage-Zn-Ni-A-1.jpg\",\"contentUrl\":\"https:\\\/\\\/www.tetrachim.com\\\/wp-content\\\/uploads\\\/2025\\\/04\\\/Packshot-Alliage-Zn-Ni-A-1.jpg\",\"width\":576,\"height\":593},{\"@type\":\"BreadcrumbList\",\"@id\":\"https:\\\/\\\/www.tetrachim.com\\\/de\\\/produkt\\\/zink-nickel-a-beschichtung-elektrolyt\\\/#breadcrumb\",\"itemListElement\":[{\"@type\":\"ListItem\",\"position\":1,\"name\":\"\",\"item\":\"https:\\\/\\\/www.tetrachim.com\\\/de\\\/\"},{\"@type\":\"ListItem\",\"position\":2,\"name\":\"Shop\",\"item\":\"https:\\\/\\\/www.tetrachim.com\\\/de\\\/shop\\\/\"},{\"@type\":\"ListItem\",\"position\":3,\"name\":\"Zink-Nickel A-Beschichtung Elektrolyt\"}]},{\"@type\":\"WebSite\",\"@id\":\"https:\\\/\\\/www.tetrachim.com\\\/de\\\/#website\",\"url\":\"https:\\\/\\\/www.tetrachim.com\\\/de\\\/\",\"name\":\"Tetrachim\",\"description\":\"Rev\u00eatements high-tech\",\"publisher\":{\"@id\":\"https:\\\/\\\/www.tetrachim.com\\\/de\\\/#organization\"},\"potentialAction\":[{\"@type\":\"SearchAction\",\"target\":{\"@type\":\"EntryPoint\",\"urlTemplate\":\"https:\\\/\\\/www.tetrachim.com\\\/de\\\/?s={search_term_string}\"},\"query-input\":{\"@type\":\"PropertyValueSpecification\",\"valueRequired\":true,\"valueName\":\"search_term_string\"}}],\"inLanguage\":\"de\"},{\"@type\":\"Organization\",\"@id\":\"https:\\\/\\\/www.tetrachim.com\\\/de\\\/#organization\",\"name\":\"Tetrachim\",\"url\":\"https:\\\/\\\/www.tetrachim.com\\\/de\\\/\",\"logo\":{\"@type\":\"ImageObject\",\"inLanguage\":\"de\",\"@id\":\"https:\\\/\\\/www.tetrachim.com\\\/de\\\/#\\\/schema\\\/logo\\\/image\\\/\",\"url\":\"https:\\\/\\\/www.tetrachim.com\\\/wp-content\\\/uploads\\\/2020\\\/07\\\/logo-tetrachim.png\",\"contentUrl\":\"https:\\\/\\\/www.tetrachim.com\\\/wp-content\\\/uploads\\\/2020\\\/07\\\/logo-tetrachim.png\",\"width\":244,\"height\":51,\"caption\":\"Tetrachim\"},\"image\":{\"@id\":\"https:\\\/\\\/www.tetrachim.com\\\/de\\\/#\\\/schema\\\/logo\\\/image\\\/\"},\"sameAs\":[\"https:\\\/\\\/x.com\\\/Tetrachim\",\"https:\\\/\\\/www.linkedin.com\\\/company\\\/tetrachim\\\/\"]}]}<\/script>\n<!-- \/ Yoast SEO plugin. -->","yoast_head_json":{"title":"Zink-Nickel A-Beschichtung Elektrolyt - Tetrachim","robots":{"index":"index","follow":"follow","max-snippet":"max-snippet:-1","max-image-preview":"max-image-preview:large","max-video-preview":"max-video-preview:-1"},"canonical":"https:\/\/www.tetrachim.com\/de\/produkt\/zink-nickel-a-beschichtung-elektrolyt\/","og_locale":"de_DE","og_type":"article","og_title":"Zink-Nickel A-Beschichtung Elektrolyt - Tetrachim","og_description":"Zink-Nickel-A-Legierung ist ein f\u00fcr das selektive Elektrolyseverfahren entwickelter Beschichtungselektrolyt. Er besteht aus einer L\u00f6sung auf Wasserbasis, die Metallionen enth\u00e4lt, die auf metallischen Substraten abgeschieden werden. Die Zn-Ni A-Legierung bietet einen hervorragenden Korrosionsschutz und eine hohe Verschlei\u00dffestigkeit. Sie wird haupts\u00e4chlich als Ersatz f\u00fcr Cadmium in der Luft- und Raumfahrt verwendet.","og_url":"https:\/\/www.tetrachim.com\/de\/produkt\/zink-nickel-a-beschichtung-elektrolyt\/","og_site_name":"Tetrachim","article_modified_time":"2026-05-15T04:41:41+00:00","og_image":[{"width":576,"height":593,"url":"https:\/\/www.tetrachim.com\/wp-content\/uploads\/2025\/04\/Packshot-Alliage-Zn-Ni-A-1.jpg","type":"image\/jpeg"}],"twitter_card":"summary_large_image","twitter_site":"@Tetrachim","schema":{"@context":"https:\/\/schema.org","@graph":[{"@type":"WebPage","@id":"https:\/\/www.tetrachim.com\/de\/produkt\/zink-nickel-a-beschichtung-elektrolyt\/","url":"https:\/\/www.tetrachim.com\/de\/produkt\/zink-nickel-a-beschichtung-elektrolyt\/","name":"Zink-Nickel A-Beschichtung Elektrolyt - Tetrachim","isPartOf":{"@id":"https:\/\/www.tetrachim.com\/de\/#website"},"primaryImageOfPage":{"@id":"https:\/\/www.tetrachim.com\/de\/produkt\/zink-nickel-a-beschichtung-elektrolyt\/#primaryimage"},"image":{"@id":"https:\/\/www.tetrachim.com\/de\/produkt\/zink-nickel-a-beschichtung-elektrolyt\/#primaryimage"},"thumbnailUrl":"https:\/\/www.tetrachim.com\/wp-content\/uploads\/2025\/04\/Packshot-Alliage-Zn-Ni-A-1.jpg","datePublished":"2025-04-10T10:22:05+00:00","dateModified":"2026-05-15T04:41:41+00:00","breadcrumb":{"@id":"https:\/\/www.tetrachim.com\/de\/produkt\/zink-nickel-a-beschichtung-elektrolyt\/#breadcrumb"},"inLanguage":"de","potentialAction":[{"@type":"ReadAction","target":["https:\/\/www.tetrachim.com\/de\/produkt\/zink-nickel-a-beschichtung-elektrolyt\/"]}]},{"@type":"ImageObject","inLanguage":"de","@id":"https:\/\/www.tetrachim.com\/de\/produkt\/zink-nickel-a-beschichtung-elektrolyt\/#primaryimage","url":"https:\/\/www.tetrachim.com\/wp-content\/uploads\/2025\/04\/Packshot-Alliage-Zn-Ni-A-1.jpg","contentUrl":"https:\/\/www.tetrachim.com\/wp-content\/uploads\/2025\/04\/Packshot-Alliage-Zn-Ni-A-1.jpg","width":576,"height":593},{"@type":"BreadcrumbList","@id":"https:\/\/www.tetrachim.com\/de\/produkt\/zink-nickel-a-beschichtung-elektrolyt\/#breadcrumb","itemListElement":[{"@type":"ListItem","position":1,"name":"","item":"https:\/\/www.tetrachim.com\/de\/"},{"@type":"ListItem","position":2,"name":"Shop","item":"https:\/\/www.tetrachim.com\/de\/shop\/"},{"@type":"ListItem","position":3,"name":"Zink-Nickel A-Beschichtung Elektrolyt"}]},{"@type":"WebSite","@id":"https:\/\/www.tetrachim.com\/de\/#website","url":"https:\/\/www.tetrachim.com\/de\/","name":"Tetrachim","description":"Rev\u00eatements high-tech","publisher":{"@id":"https:\/\/www.tetrachim.com\/de\/#organization"},"potentialAction":[{"@type":"SearchAction","target":{"@type":"EntryPoint","urlTemplate":"https:\/\/www.tetrachim.com\/de\/?s={search_term_string}"},"query-input":{"@type":"PropertyValueSpecification","valueRequired":true,"valueName":"search_term_string"}}],"inLanguage":"de"},{"@type":"Organization","@id":"https:\/\/www.tetrachim.com\/de\/#organization","name":"Tetrachim","url":"https:\/\/www.tetrachim.com\/de\/","logo":{"@type":"ImageObject","inLanguage":"de","@id":"https:\/\/www.tetrachim.com\/de\/#\/schema\/logo\/image\/","url":"https:\/\/www.tetrachim.com\/wp-content\/uploads\/2020\/07\/logo-tetrachim.png","contentUrl":"https:\/\/www.tetrachim.com\/wp-content\/uploads\/2020\/07\/logo-tetrachim.png","width":244,"height":51,"caption":"Tetrachim"},"image":{"@id":"https:\/\/www.tetrachim.com\/de\/#\/schema\/logo\/image\/"},"sameAs":["https:\/\/x.com\/Tetrachim","https:\/\/www.linkedin.com\/company\/tetrachim\/"]}]}},"tiered_pricing_type":"fixed","tiered_pricing_fixed_rules":[],"tiered_pricing_product_settings":{"layout":"default","base_unit_name":{"singular":null,"plural":null},"default_variation":null},"tiered_pricing_minimum_quantity":null,"tiered_pricing_roles_data":[],"tiered_pricing_percentage_rules":[],"_links":{"self":[{"href":"https:\/\/www.tetrachim.com\/de\/wp-json\/wp\/v2\/product\/99176","targetHints":{"allow":["GET"]}}],"collection":[{"href":"https:\/\/www.tetrachim.com\/de\/wp-json\/wp\/v2\/product"}],"about":[{"href":"https:\/\/www.tetrachim.com\/de\/wp-json\/wp\/v2\/types\/product"}],"wp:featuredmedia":[{"embeddable":true,"href":"https:\/\/www.tetrachim.com\/de\/wp-json\/wp\/v2\/media\/97548"}],"wp:attachment":[{"href":"https:\/\/www.tetrachim.com\/de\/wp-json\/wp\/v2\/media?parent=99176"}],"wp:term":[{"taxonomy":"product_brand","embeddable":true,"href":"https:\/\/www.tetrachim.com\/de\/wp-json\/wp\/v2\/product_brand?post=99176"},{"taxonomy":"product_cat","embeddable":true,"href":"https:\/\/www.tetrachim.com\/de\/wp-json\/wp\/v2\/product_cat?post=99176"},{"taxonomy":"product_tag","embeddable":true,"href":"https:\/\/www.tetrachim.com\/de\/wp-json\/wp\/v2\/product_tag?post=99176"}],"curies":[{"name":"wp","href":"https:\/\/api.w.org\/{rel}","templated":true}]}}