{"id":99186,"date":"2020-11-13T12:06:50","date_gmt":"2020-11-13T11:06:50","guid":{"rendered":"https:\/\/www.tetrachim.com\/product\/bonderit-s-fn-m-254n\/"},"modified":"2026-05-14T00:09:44","modified_gmt":"2026-05-13T22:09:44","slug":"bonderit-s-fn-m-254n","status":"publish","type":"product","link":"https:\/\/www.tetrachim.com\/de\/produkt\/bonderit-s-fn-m-254n\/","title":{"rendered":"BONDERIT S-FN M 254N"},"content":{"rendered":"<p>BONDERITE\u00ae S-FN M 254 N bietet lebenslange Schmierung und gute Korrosionsbest\u00e4ndigkeit f\u00fcr Bauteile, die nach der Montage nicht zug\u00e4nglich sind, aber dennoch zuverl\u00e4ssig funktionieren m\u00fcssen.<br \/>\nBONDERITE\u00ae S-FN M 254 N bietet eine effektive Leistung, auch als sehr d\u00fcnner Film (12 ?m), so dass es kaum zu einer Beeintr\u00e4chtigung der Betriebstoleranzen kommt. BONDERITE\u00ae S-FN M 254 N erf\u00fcllt die Anforderungen von GE&#8217;s A50TF147, Klassen A und C. <\/p>\n","protected":false},"excerpt":{"rendered":"<p>BONDERITE\u00ae S-FN M 254 N geh\u00f6rt zu einer Reihe von harzgebundenen Schmierstoffbeschichtungen von Henkel, die f\u00fcr die Trockenfilmschmierung in einer Vielzahl von Industrie-, Verbraucher- und Milit\u00e4ranwendungen entwickelt wurden. BONDERITE\u00ae S-FN M 254 N ist eine synergistische Kombination aus MoS2 und anderen Schmierstoffen, die in einer Epoxid-\/Phenolharzl\u00f6sung dispergiert sind. BONDERITE\u00ae S-FN M 254 N kann mit den \u00fcblichen Pinsel-, Tauch-, Spr\u00fch- oder Trommeltechniken aufgetragen werden.  <\/p>\n","protected":false},"featured_media":91176,"template":"","meta":[],"product_brand":[],"product_cat":[556],"product_tag":[],"class_list":{"0":"post-99186","1":"product","2":"type-product","3":"status-publish","4":"has-post-thumbnail","6":"supplier-henkel-de","7":"market-luft-und-raumfahrt","8":"market-energie-elektrizitaet","9":"property-verschleissfestigkeit-de","10":"property-korrosionsbestaendigkeit","11":"property-chemische-bestaendigkeit","12":"property-geringe-reibung","13":"product_cat-bonderite-spezialbeschichtungen","14":"product_shipping_class-gefahr-de","16":"first","17":"onbackorder","18":"taxable","19":"shipping-taxable","20":"purchasable","21":"product-type-simple"},"yoast_head":"<!-- This site is optimized with the Yoast SEO plugin v27.5 - https:\/\/yoast.com\/product\/yoast-seo-wordpress\/ -->\n<title>BONDERIT S-FN M 254N - Tetrachim<\/title>\n<meta name=\"robots\" content=\"index, follow, max-snippet:-1, max-image-preview:large, max-video-preview:-1\" \/>\n<link rel=\"canonical\" href=\"https:\/\/www.tetrachim.com\/de\/produkt\/bonderit-s-fn-m-254n\/\" \/>\n<meta property=\"og:locale\" content=\"de_DE\" \/>\n<meta property=\"og:type\" content=\"article\" \/>\n<meta property=\"og:title\" content=\"BONDERIT S-FN M 254N - Tetrachim\" \/>\n<meta property=\"og:description\" content=\"BONDERITE\u00ae S-FN M 254 N geh\u00f6rt zu einer Reihe von harzgebundenen Schmierstoffbeschichtungen von Henkel, die f\u00fcr die Trockenfilmschmierung in einer Vielzahl von Industrie-, Verbraucher- und Milit\u00e4ranwendungen entwickelt wurden. BONDERITE\u00ae S-FN M 254 N ist eine synergistische Kombination aus MoS2 und anderen Schmierstoffen, die in einer Epoxid-\/Phenolharzl\u00f6sung dispergiert sind. BONDERITE\u00ae S-FN M 254 N kann mit den \u00fcblichen Pinsel-, Tauch-, Spr\u00fch- oder Trommeltechniken aufgetragen werden.\" \/>\n<meta property=\"og:url\" content=\"https:\/\/www.tetrachim.com\/de\/produkt\/bonderit-s-fn-m-254n\/\" \/>\n<meta property=\"og:site_name\" content=\"Tetrachim\" \/>\n<meta property=\"article:modified_time\" content=\"2026-05-13T22:09:44+00:00\" \/>\n<meta property=\"og:image\" content=\"https:\/\/www.tetrachim.com\/wp-content\/uploads\/2020\/11\/Tetrachim-PICTO_POT_TC.jpg\" \/>\n\t<meta property=\"og:image:width\" content=\"900\" \/>\n\t<meta property=\"og:image:height\" content=\"900\" \/>\n\t<meta property=\"og:image:type\" content=\"image\/jpeg\" \/>\n<meta name=\"twitter:card\" content=\"summary_large_image\" \/>\n<meta name=\"twitter:site\" content=\"@Tetrachim\" \/>\n<script type=\"application\/ld+json\" class=\"yoast-schema-graph\">{\"@context\":\"https:\\\/\\\/schema.org\",\"@graph\":[{\"@type\":\"WebPage\",\"@id\":\"https:\\\/\\\/www.tetrachim.com\\\/de\\\/produkt\\\/bonderit-s-fn-m-254n\\\/\",\"url\":\"https:\\\/\\\/www.tetrachim.com\\\/de\\\/produkt\\\/bonderit-s-fn-m-254n\\\/\",\"name\":\"BONDERIT S-FN M 254N - Tetrachim\",\"isPartOf\":{\"@id\":\"https:\\\/\\\/www.tetrachim.com\\\/de\\\/#website\"},\"primaryImageOfPage\":{\"@id\":\"https:\\\/\\\/www.tetrachim.com\\\/de\\\/produkt\\\/bonderit-s-fn-m-254n\\\/#primaryimage\"},\"image\":{\"@id\":\"https:\\\/\\\/www.tetrachim.com\\\/de\\\/produkt\\\/bonderit-s-fn-m-254n\\\/#primaryimage\"},\"thumbnailUrl\":\"https:\\\/\\\/www.tetrachim.com\\\/wp-content\\\/uploads\\\/2020\\\/11\\\/Tetrachim-PICTO_POT_TC.jpg\",\"datePublished\":\"2020-11-13T11:06:50+00:00\",\"dateModified\":\"2026-05-13T22:09:44+00:00\",\"breadcrumb\":{\"@id\":\"https:\\\/\\\/www.tetrachim.com\\\/de\\\/produkt\\\/bonderit-s-fn-m-254n\\\/#breadcrumb\"},\"inLanguage\":\"de\",\"potentialAction\":[{\"@type\":\"ReadAction\",\"target\":[\"https:\\\/\\\/www.tetrachim.com\\\/de\\\/produkt\\\/bonderit-s-fn-m-254n\\\/\"]}]},{\"@type\":\"ImageObject\",\"inLanguage\":\"de\",\"@id\":\"https:\\\/\\\/www.tetrachim.com\\\/de\\\/produkt\\\/bonderit-s-fn-m-254n\\\/#primaryimage\",\"url\":\"https:\\\/\\\/www.tetrachim.com\\\/wp-content\\\/uploads\\\/2020\\\/11\\\/Tetrachim-PICTO_POT_TC.jpg\",\"contentUrl\":\"https:\\\/\\\/www.tetrachim.com\\\/wp-content\\\/uploads\\\/2020\\\/11\\\/Tetrachim-PICTO_POT_TC.jpg\",\"width\":900,\"height\":900},{\"@type\":\"BreadcrumbList\",\"@id\":\"https:\\\/\\\/www.tetrachim.com\\\/de\\\/produkt\\\/bonderit-s-fn-m-254n\\\/#breadcrumb\",\"itemListElement\":[{\"@type\":\"ListItem\",\"position\":1,\"name\":\"\",\"item\":\"https:\\\/\\\/www.tetrachim.com\\\/de\\\/\"},{\"@type\":\"ListItem\",\"position\":2,\"name\":\"Shop\",\"item\":\"https:\\\/\\\/www.tetrachim.com\\\/de\\\/shop\\\/\"},{\"@type\":\"ListItem\",\"position\":3,\"name\":\"BONDERIT S-FN M 254N\"}]},{\"@type\":\"WebSite\",\"@id\":\"https:\\\/\\\/www.tetrachim.com\\\/de\\\/#website\",\"url\":\"https:\\\/\\\/www.tetrachim.com\\\/de\\\/\",\"name\":\"Tetrachim\",\"description\":\"Rev\u00eatements high-tech\",\"publisher\":{\"@id\":\"https:\\\/\\\/www.tetrachim.com\\\/de\\\/#organization\"},\"potentialAction\":[{\"@type\":\"SearchAction\",\"target\":{\"@type\":\"EntryPoint\",\"urlTemplate\":\"https:\\\/\\\/www.tetrachim.com\\\/de\\\/?s={search_term_string}\"},\"query-input\":{\"@type\":\"PropertyValueSpecification\",\"valueRequired\":true,\"valueName\":\"search_term_string\"}}],\"inLanguage\":\"de\"},{\"@type\":\"Organization\",\"@id\":\"https:\\\/\\\/www.tetrachim.com\\\/de\\\/#organization\",\"name\":\"Tetrachim\",\"url\":\"https:\\\/\\\/www.tetrachim.com\\\/de\\\/\",\"logo\":{\"@type\":\"ImageObject\",\"inLanguage\":\"de\",\"@id\":\"https:\\\/\\\/www.tetrachim.com\\\/de\\\/#\\\/schema\\\/logo\\\/image\\\/\",\"url\":\"https:\\\/\\\/www.tetrachim.com\\\/wp-content\\\/uploads\\\/2020\\\/07\\\/logo-tetrachim.png\",\"contentUrl\":\"https:\\\/\\\/www.tetrachim.com\\\/wp-content\\\/uploads\\\/2020\\\/07\\\/logo-tetrachim.png\",\"width\":244,\"height\":51,\"caption\":\"Tetrachim\"},\"image\":{\"@id\":\"https:\\\/\\\/www.tetrachim.com\\\/de\\\/#\\\/schema\\\/logo\\\/image\\\/\"},\"sameAs\":[\"https:\\\/\\\/x.com\\\/Tetrachim\",\"https:\\\/\\\/www.linkedin.com\\\/company\\\/tetrachim\\\/\"]}]}<\/script>\n<!-- \/ Yoast SEO plugin. -->","yoast_head_json":{"title":"BONDERIT S-FN M 254N - Tetrachim","robots":{"index":"index","follow":"follow","max-snippet":"max-snippet:-1","max-image-preview":"max-image-preview:large","max-video-preview":"max-video-preview:-1"},"canonical":"https:\/\/www.tetrachim.com\/de\/produkt\/bonderit-s-fn-m-254n\/","og_locale":"de_DE","og_type":"article","og_title":"BONDERIT S-FN M 254N - Tetrachim","og_description":"BONDERITE\u00ae S-FN M 254 N geh\u00f6rt zu einer Reihe von harzgebundenen Schmierstoffbeschichtungen von Henkel, die f\u00fcr die Trockenfilmschmierung in einer Vielzahl von Industrie-, Verbraucher- und Milit\u00e4ranwendungen entwickelt wurden. BONDERITE\u00ae S-FN M 254 N ist eine synergistische Kombination aus MoS2 und anderen Schmierstoffen, die in einer Epoxid-\/Phenolharzl\u00f6sung dispergiert sind. BONDERITE\u00ae S-FN M 254 N kann mit den \u00fcblichen Pinsel-, Tauch-, Spr\u00fch- oder Trommeltechniken aufgetragen werden.","og_url":"https:\/\/www.tetrachim.com\/de\/produkt\/bonderit-s-fn-m-254n\/","og_site_name":"Tetrachim","article_modified_time":"2026-05-13T22:09:44+00:00","og_image":[{"width":900,"height":900,"url":"https:\/\/www.tetrachim.com\/wp-content\/uploads\/2020\/11\/Tetrachim-PICTO_POT_TC.jpg","type":"image\/jpeg"}],"twitter_card":"summary_large_image","twitter_site":"@Tetrachim","schema":{"@context":"https:\/\/schema.org","@graph":[{"@type":"WebPage","@id":"https:\/\/www.tetrachim.com\/de\/produkt\/bonderit-s-fn-m-254n\/","url":"https:\/\/www.tetrachim.com\/de\/produkt\/bonderit-s-fn-m-254n\/","name":"BONDERIT S-FN M 254N - Tetrachim","isPartOf":{"@id":"https:\/\/www.tetrachim.com\/de\/#website"},"primaryImageOfPage":{"@id":"https:\/\/www.tetrachim.com\/de\/produkt\/bonderit-s-fn-m-254n\/#primaryimage"},"image":{"@id":"https:\/\/www.tetrachim.com\/de\/produkt\/bonderit-s-fn-m-254n\/#primaryimage"},"thumbnailUrl":"https:\/\/www.tetrachim.com\/wp-content\/uploads\/2020\/11\/Tetrachim-PICTO_POT_TC.jpg","datePublished":"2020-11-13T11:06:50+00:00","dateModified":"2026-05-13T22:09:44+00:00","breadcrumb":{"@id":"https:\/\/www.tetrachim.com\/de\/produkt\/bonderit-s-fn-m-254n\/#breadcrumb"},"inLanguage":"de","potentialAction":[{"@type":"ReadAction","target":["https:\/\/www.tetrachim.com\/de\/produkt\/bonderit-s-fn-m-254n\/"]}]},{"@type":"ImageObject","inLanguage":"de","@id":"https:\/\/www.tetrachim.com\/de\/produkt\/bonderit-s-fn-m-254n\/#primaryimage","url":"https:\/\/www.tetrachim.com\/wp-content\/uploads\/2020\/11\/Tetrachim-PICTO_POT_TC.jpg","contentUrl":"https:\/\/www.tetrachim.com\/wp-content\/uploads\/2020\/11\/Tetrachim-PICTO_POT_TC.jpg","width":900,"height":900},{"@type":"BreadcrumbList","@id":"https:\/\/www.tetrachim.com\/de\/produkt\/bonderit-s-fn-m-254n\/#breadcrumb","itemListElement":[{"@type":"ListItem","position":1,"name":"","item":"https:\/\/www.tetrachim.com\/de\/"},{"@type":"ListItem","position":2,"name":"Shop","item":"https:\/\/www.tetrachim.com\/de\/shop\/"},{"@type":"ListItem","position":3,"name":"BONDERIT S-FN M 254N"}]},{"@type":"WebSite","@id":"https:\/\/www.tetrachim.com\/de\/#website","url":"https:\/\/www.tetrachim.com\/de\/","name":"Tetrachim","description":"Rev\u00eatements high-tech","publisher":{"@id":"https:\/\/www.tetrachim.com\/de\/#organization"},"potentialAction":[{"@type":"SearchAction","target":{"@type":"EntryPoint","urlTemplate":"https:\/\/www.tetrachim.com\/de\/?s={search_term_string}"},"query-input":{"@type":"PropertyValueSpecification","valueRequired":true,"valueName":"search_term_string"}}],"inLanguage":"de"},{"@type":"Organization","@id":"https:\/\/www.tetrachim.com\/de\/#organization","name":"Tetrachim","url":"https:\/\/www.tetrachim.com\/de\/","logo":{"@type":"ImageObject","inLanguage":"de","@id":"https:\/\/www.tetrachim.com\/de\/#\/schema\/logo\/image\/","url":"https:\/\/www.tetrachim.com\/wp-content\/uploads\/2020\/07\/logo-tetrachim.png","contentUrl":"https:\/\/www.tetrachim.com\/wp-content\/uploads\/2020\/07\/logo-tetrachim.png","width":244,"height":51,"caption":"Tetrachim"},"image":{"@id":"https:\/\/www.tetrachim.com\/de\/#\/schema\/logo\/image\/"},"sameAs":["https:\/\/x.com\/Tetrachim","https:\/\/www.linkedin.com\/company\/tetrachim\/"]}]}},"tiered_pricing_type":"fixed","tiered_pricing_fixed_rules":[],"tiered_pricing_product_settings":{"layout":"default","base_unit_name":{"singular":null,"plural":null},"default_variation":null},"tiered_pricing_minimum_quantity":null,"tiered_pricing_roles_data":[],"tiered_pricing_percentage_rules":[],"_links":{"self":[{"href":"https:\/\/www.tetrachim.com\/de\/wp-json\/wp\/v2\/product\/99186","targetHints":{"allow":["GET"]}}],"collection":[{"href":"https:\/\/www.tetrachim.com\/de\/wp-json\/wp\/v2\/product"}],"about":[{"href":"https:\/\/www.tetrachim.com\/de\/wp-json\/wp\/v2\/types\/product"}],"wp:featuredmedia":[{"embeddable":true,"href":"https:\/\/www.tetrachim.com\/de\/wp-json\/wp\/v2\/media\/91176"}],"wp:attachment":[{"href":"https:\/\/www.tetrachim.com\/de\/wp-json\/wp\/v2\/media?parent=99186"}],"wp:term":[{"taxonomy":"product_brand","embeddable":true,"href":"https:\/\/www.tetrachim.com\/de\/wp-json\/wp\/v2\/product_brand?post=99186"},{"taxonomy":"product_cat","embeddable":true,"href":"https:\/\/www.tetrachim.com\/de\/wp-json\/wp\/v2\/product_cat?post=99186"},{"taxonomy":"product_tag","embeddable":true,"href":"https:\/\/www.tetrachim.com\/de\/wp-json\/wp\/v2\/product_tag?post=99186"}],"curies":[{"name":"wp","href":"https:\/\/api.w.org\/{rel}","templated":true}]}}