{"id":99200,"date":"2020-11-13T12:08:36","date_gmt":"2020-11-13T11:08:36","guid":{"rendered":"https:\/\/www.tetrachim.com\/product\/bonderit-l-gp-m-ta-402\/"},"modified":"2026-05-15T03:21:02","modified_gmt":"2026-05-15T01:21:02","slug":"bonderit-l-gp-m-ta-402","status":"publish","type":"product","link":"https:\/\/www.tetrachim.com\/de\/produkt\/bonderit-l-gp-m-ta-402\/","title":{"rendered":"BONDERIT L-GP M TA 402"},"content":{"rendered":"<p>BONDERITE\u00ae L-GP M TA 402 schmiert nach dem Auftragen und Aush\u00e4rten effizient \u00fcber einen breiten Temperaturbereich und verhindert das Festkleben, Festfressen und Trennen von Metalloberfl\u00e4chen bei niedrigen Geschwindigkeiten, unter extremen Belastungen und trotz Vibrationen und St\u00f6\u00dfen. Die F\u00e4higkeit von BONDERITE\u00ae L-GP M TA 402, im Siebdruckverfahren aufgetragen zu werden, bedeutet, dass ein Verschnitt der Beschichtung vermieden werden kann und dass sie auf pr\u00e4zise Bereiche in sorgf\u00e4ltig kontrollierten Dicken aufgetragen werden kann. Es ist gut geeignet f\u00fcr automatisierte Produktionslinien.  <\/p>\n","protected":false},"excerpt":{"rendered":"<p>BONDERITE\u00ae L-GP M TA 402 ist ein einkomponentiger, kunstharzgebundener Trockenschmierstoff auf Molybd\u00e4ndisulfidbasis. Es zeigt nat\u00fcrlich eine hervorragende Leistung unter extremem Druck und wurde auch f\u00fcr eine gute Abriebfestigkeit entwickelt. <\/p>\n","protected":false},"featured_media":91176,"template":"","meta":[],"product_brand":[],"product_cat":[556],"product_tag":[],"class_list":{"0":"post-99200","1":"product","2":"type-product","3":"status-publish","4":"has-post-thumbnail","6":"supplier-henkel-de","7":"market-luft-und-raumfahrt","8":"market-automobilindustrie","9":"property-abriebfestigkeit","10":"product_cat-bonderite-spezialbeschichtungen","12":"first","13":"onbackorder","14":"taxable","15":"shipping-taxable","16":"purchasable","17":"product-type-simple"},"yoast_head":"<!-- This site is optimized with the Yoast SEO plugin v27.5 - https:\/\/yoast.com\/product\/yoast-seo-wordpress\/ -->\n<title>BONDERIT L-GP M TA 402 - Tetrachim<\/title>\n<meta name=\"robots\" content=\"index, follow, max-snippet:-1, max-image-preview:large, max-video-preview:-1\" \/>\n<link rel=\"canonical\" href=\"https:\/\/www.tetrachim.com\/de\/produkt\/bonderit-l-gp-m-ta-402\/\" \/>\n<meta property=\"og:locale\" content=\"de_DE\" \/>\n<meta property=\"og:type\" content=\"article\" \/>\n<meta property=\"og:title\" content=\"BONDERIT L-GP M TA 402 - Tetrachim\" \/>\n<meta property=\"og:description\" content=\"BONDERITE\u00ae L-GP M TA 402 ist ein einkomponentiger, kunstharzgebundener Trockenschmierstoff auf Molybd\u00e4ndisulfidbasis. Es zeigt nat\u00fcrlich eine hervorragende Leistung unter extremem Druck und wurde auch f\u00fcr eine gute Abriebfestigkeit entwickelt.\" \/>\n<meta property=\"og:url\" content=\"https:\/\/www.tetrachim.com\/de\/produkt\/bonderit-l-gp-m-ta-402\/\" \/>\n<meta property=\"og:site_name\" content=\"Tetrachim\" \/>\n<meta property=\"article:modified_time\" content=\"2026-05-15T01:21:02+00:00\" \/>\n<meta property=\"og:image\" content=\"https:\/\/www.tetrachim.com\/wp-content\/uploads\/2020\/11\/Tetrachim-PICTO_POT_TC.jpg\" \/>\n\t<meta property=\"og:image:width\" content=\"900\" \/>\n\t<meta property=\"og:image:height\" content=\"900\" \/>\n\t<meta property=\"og:image:type\" content=\"image\/jpeg\" \/>\n<meta name=\"twitter:card\" content=\"summary_large_image\" \/>\n<meta name=\"twitter:site\" content=\"@Tetrachim\" \/>\n<script type=\"application\/ld+json\" class=\"yoast-schema-graph\">{\"@context\":\"https:\\\/\\\/schema.org\",\"@graph\":[{\"@type\":\"WebPage\",\"@id\":\"https:\\\/\\\/www.tetrachim.com\\\/de\\\/produkt\\\/bonderit-l-gp-m-ta-402\\\/\",\"url\":\"https:\\\/\\\/www.tetrachim.com\\\/de\\\/produkt\\\/bonderit-l-gp-m-ta-402\\\/\",\"name\":\"BONDERIT L-GP M TA 402 - Tetrachim\",\"isPartOf\":{\"@id\":\"https:\\\/\\\/www.tetrachim.com\\\/de\\\/#website\"},\"primaryImageOfPage\":{\"@id\":\"https:\\\/\\\/www.tetrachim.com\\\/de\\\/produkt\\\/bonderit-l-gp-m-ta-402\\\/#primaryimage\"},\"image\":{\"@id\":\"https:\\\/\\\/www.tetrachim.com\\\/de\\\/produkt\\\/bonderit-l-gp-m-ta-402\\\/#primaryimage\"},\"thumbnailUrl\":\"https:\\\/\\\/www.tetrachim.com\\\/wp-content\\\/uploads\\\/2020\\\/11\\\/Tetrachim-PICTO_POT_TC.jpg\",\"datePublished\":\"2020-11-13T11:08:36+00:00\",\"dateModified\":\"2026-05-15T01:21:02+00:00\",\"breadcrumb\":{\"@id\":\"https:\\\/\\\/www.tetrachim.com\\\/de\\\/produkt\\\/bonderit-l-gp-m-ta-402\\\/#breadcrumb\"},\"inLanguage\":\"de\",\"potentialAction\":[{\"@type\":\"ReadAction\",\"target\":[\"https:\\\/\\\/www.tetrachim.com\\\/de\\\/produkt\\\/bonderit-l-gp-m-ta-402\\\/\"]}]},{\"@type\":\"ImageObject\",\"inLanguage\":\"de\",\"@id\":\"https:\\\/\\\/www.tetrachim.com\\\/de\\\/produkt\\\/bonderit-l-gp-m-ta-402\\\/#primaryimage\",\"url\":\"https:\\\/\\\/www.tetrachim.com\\\/wp-content\\\/uploads\\\/2020\\\/11\\\/Tetrachim-PICTO_POT_TC.jpg\",\"contentUrl\":\"https:\\\/\\\/www.tetrachim.com\\\/wp-content\\\/uploads\\\/2020\\\/11\\\/Tetrachim-PICTO_POT_TC.jpg\",\"width\":900,\"height\":900},{\"@type\":\"BreadcrumbList\",\"@id\":\"https:\\\/\\\/www.tetrachim.com\\\/de\\\/produkt\\\/bonderit-l-gp-m-ta-402\\\/#breadcrumb\",\"itemListElement\":[{\"@type\":\"ListItem\",\"position\":1,\"name\":\"\",\"item\":\"https:\\\/\\\/www.tetrachim.com\\\/de\\\/\"},{\"@type\":\"ListItem\",\"position\":2,\"name\":\"Shop\",\"item\":\"https:\\\/\\\/www.tetrachim.com\\\/de\\\/shop\\\/\"},{\"@type\":\"ListItem\",\"position\":3,\"name\":\"BONDERIT L-GP M TA 402\"}]},{\"@type\":\"WebSite\",\"@id\":\"https:\\\/\\\/www.tetrachim.com\\\/de\\\/#website\",\"url\":\"https:\\\/\\\/www.tetrachim.com\\\/de\\\/\",\"name\":\"Tetrachim\",\"description\":\"Rev\u00eatements high-tech\",\"publisher\":{\"@id\":\"https:\\\/\\\/www.tetrachim.com\\\/de\\\/#organization\"},\"potentialAction\":[{\"@type\":\"SearchAction\",\"target\":{\"@type\":\"EntryPoint\",\"urlTemplate\":\"https:\\\/\\\/www.tetrachim.com\\\/de\\\/?s={search_term_string}\"},\"query-input\":{\"@type\":\"PropertyValueSpecification\",\"valueRequired\":true,\"valueName\":\"search_term_string\"}}],\"inLanguage\":\"de\"},{\"@type\":\"Organization\",\"@id\":\"https:\\\/\\\/www.tetrachim.com\\\/de\\\/#organization\",\"name\":\"Tetrachim\",\"url\":\"https:\\\/\\\/www.tetrachim.com\\\/de\\\/\",\"logo\":{\"@type\":\"ImageObject\",\"inLanguage\":\"de\",\"@id\":\"https:\\\/\\\/www.tetrachim.com\\\/de\\\/#\\\/schema\\\/logo\\\/image\\\/\",\"url\":\"https:\\\/\\\/www.tetrachim.com\\\/wp-content\\\/uploads\\\/2020\\\/07\\\/logo-tetrachim.png\",\"contentUrl\":\"https:\\\/\\\/www.tetrachim.com\\\/wp-content\\\/uploads\\\/2020\\\/07\\\/logo-tetrachim.png\",\"width\":244,\"height\":51,\"caption\":\"Tetrachim\"},\"image\":{\"@id\":\"https:\\\/\\\/www.tetrachim.com\\\/de\\\/#\\\/schema\\\/logo\\\/image\\\/\"},\"sameAs\":[\"https:\\\/\\\/x.com\\\/Tetrachim\",\"https:\\\/\\\/www.linkedin.com\\\/company\\\/tetrachim\\\/\"]}]}<\/script>\n<!-- \/ Yoast SEO plugin. -->","yoast_head_json":{"title":"BONDERIT L-GP M TA 402 - Tetrachim","robots":{"index":"index","follow":"follow","max-snippet":"max-snippet:-1","max-image-preview":"max-image-preview:large","max-video-preview":"max-video-preview:-1"},"canonical":"https:\/\/www.tetrachim.com\/de\/produkt\/bonderit-l-gp-m-ta-402\/","og_locale":"de_DE","og_type":"article","og_title":"BONDERIT L-GP M TA 402 - Tetrachim","og_description":"BONDERITE\u00ae L-GP M TA 402 ist ein einkomponentiger, kunstharzgebundener Trockenschmierstoff auf Molybd\u00e4ndisulfidbasis. Es zeigt nat\u00fcrlich eine hervorragende Leistung unter extremem Druck und wurde auch f\u00fcr eine gute Abriebfestigkeit entwickelt.","og_url":"https:\/\/www.tetrachim.com\/de\/produkt\/bonderit-l-gp-m-ta-402\/","og_site_name":"Tetrachim","article_modified_time":"2026-05-15T01:21:02+00:00","og_image":[{"width":900,"height":900,"url":"https:\/\/www.tetrachim.com\/wp-content\/uploads\/2020\/11\/Tetrachim-PICTO_POT_TC.jpg","type":"image\/jpeg"}],"twitter_card":"summary_large_image","twitter_site":"@Tetrachim","schema":{"@context":"https:\/\/schema.org","@graph":[{"@type":"WebPage","@id":"https:\/\/www.tetrachim.com\/de\/produkt\/bonderit-l-gp-m-ta-402\/","url":"https:\/\/www.tetrachim.com\/de\/produkt\/bonderit-l-gp-m-ta-402\/","name":"BONDERIT L-GP M TA 402 - Tetrachim","isPartOf":{"@id":"https:\/\/www.tetrachim.com\/de\/#website"},"primaryImageOfPage":{"@id":"https:\/\/www.tetrachim.com\/de\/produkt\/bonderit-l-gp-m-ta-402\/#primaryimage"},"image":{"@id":"https:\/\/www.tetrachim.com\/de\/produkt\/bonderit-l-gp-m-ta-402\/#primaryimage"},"thumbnailUrl":"https:\/\/www.tetrachim.com\/wp-content\/uploads\/2020\/11\/Tetrachim-PICTO_POT_TC.jpg","datePublished":"2020-11-13T11:08:36+00:00","dateModified":"2026-05-15T01:21:02+00:00","breadcrumb":{"@id":"https:\/\/www.tetrachim.com\/de\/produkt\/bonderit-l-gp-m-ta-402\/#breadcrumb"},"inLanguage":"de","potentialAction":[{"@type":"ReadAction","target":["https:\/\/www.tetrachim.com\/de\/produkt\/bonderit-l-gp-m-ta-402\/"]}]},{"@type":"ImageObject","inLanguage":"de","@id":"https:\/\/www.tetrachim.com\/de\/produkt\/bonderit-l-gp-m-ta-402\/#primaryimage","url":"https:\/\/www.tetrachim.com\/wp-content\/uploads\/2020\/11\/Tetrachim-PICTO_POT_TC.jpg","contentUrl":"https:\/\/www.tetrachim.com\/wp-content\/uploads\/2020\/11\/Tetrachim-PICTO_POT_TC.jpg","width":900,"height":900},{"@type":"BreadcrumbList","@id":"https:\/\/www.tetrachim.com\/de\/produkt\/bonderit-l-gp-m-ta-402\/#breadcrumb","itemListElement":[{"@type":"ListItem","position":1,"name":"","item":"https:\/\/www.tetrachim.com\/de\/"},{"@type":"ListItem","position":2,"name":"Shop","item":"https:\/\/www.tetrachim.com\/de\/shop\/"},{"@type":"ListItem","position":3,"name":"BONDERIT L-GP M TA 402"}]},{"@type":"WebSite","@id":"https:\/\/www.tetrachim.com\/de\/#website","url":"https:\/\/www.tetrachim.com\/de\/","name":"Tetrachim","description":"Rev\u00eatements high-tech","publisher":{"@id":"https:\/\/www.tetrachim.com\/de\/#organization"},"potentialAction":[{"@type":"SearchAction","target":{"@type":"EntryPoint","urlTemplate":"https:\/\/www.tetrachim.com\/de\/?s={search_term_string}"},"query-input":{"@type":"PropertyValueSpecification","valueRequired":true,"valueName":"search_term_string"}}],"inLanguage":"de"},{"@type":"Organization","@id":"https:\/\/www.tetrachim.com\/de\/#organization","name":"Tetrachim","url":"https:\/\/www.tetrachim.com\/de\/","logo":{"@type":"ImageObject","inLanguage":"de","@id":"https:\/\/www.tetrachim.com\/de\/#\/schema\/logo\/image\/","url":"https:\/\/www.tetrachim.com\/wp-content\/uploads\/2020\/07\/logo-tetrachim.png","contentUrl":"https:\/\/www.tetrachim.com\/wp-content\/uploads\/2020\/07\/logo-tetrachim.png","width":244,"height":51,"caption":"Tetrachim"},"image":{"@id":"https:\/\/www.tetrachim.com\/de\/#\/schema\/logo\/image\/"},"sameAs":["https:\/\/x.com\/Tetrachim","https:\/\/www.linkedin.com\/company\/tetrachim\/"]}]}},"tiered_pricing_type":"fixed","tiered_pricing_fixed_rules":[],"tiered_pricing_product_settings":{"layout":"default","base_unit_name":{"singular":null,"plural":null},"default_variation":null},"tiered_pricing_minimum_quantity":null,"tiered_pricing_roles_data":[],"tiered_pricing_percentage_rules":[],"_links":{"self":[{"href":"https:\/\/www.tetrachim.com\/de\/wp-json\/wp\/v2\/product\/99200","targetHints":{"allow":["GET"]}}],"collection":[{"href":"https:\/\/www.tetrachim.com\/de\/wp-json\/wp\/v2\/product"}],"about":[{"href":"https:\/\/www.tetrachim.com\/de\/wp-json\/wp\/v2\/types\/product"}],"wp:featuredmedia":[{"embeddable":true,"href":"https:\/\/www.tetrachim.com\/de\/wp-json\/wp\/v2\/media\/91176"}],"wp:attachment":[{"href":"https:\/\/www.tetrachim.com\/de\/wp-json\/wp\/v2\/media?parent=99200"}],"wp:term":[{"taxonomy":"product_brand","embeddable":true,"href":"https:\/\/www.tetrachim.com\/de\/wp-json\/wp\/v2\/product_brand?post=99200"},{"taxonomy":"product_cat","embeddable":true,"href":"https:\/\/www.tetrachim.com\/de\/wp-json\/wp\/v2\/product_cat?post=99200"},{"taxonomy":"product_tag","embeddable":true,"href":"https:\/\/www.tetrachim.com\/de\/wp-json\/wp\/v2\/product_tag?post=99200"}],"curies":[{"name":"wp","href":"https:\/\/api.w.org\/{rel}","templated":true}]}}