{"id":99214,"date":"2020-11-13T12:11:35","date_gmt":"2020-11-13T11:11:35","guid":{"rendered":"https:\/\/www.tetrachim.com\/product\/loctite-eci-8120-ec\/"},"modified":"2026-04-19T07:18:32","modified_gmt":"2026-04-19T05:18:32","slug":"loctite-eci-8120-ec","status":"publish","type":"product","link":"https:\/\/www.tetrachim.com\/de\/produkt\/loctite-eci-8120-ec\/","title":{"rendered":"Loctite ECI 8120 E&amp;C"},"content":{"rendered":"<p>Die LOCTITE\u00ae ECI 8000 E&amp;C-Serie ist eine siebdruckf\u00e4hige Alternative zu herk\u00f6mmlichen Dr\u00e4hten, wenn eine gleichm\u00e4\u00dfige Erw\u00e4rmung erforderlich ist. Ihre Abscheidungsflexibilit\u00e4t bietet den Anwendern die Vorteile einer effektiveren Anwendung, eines gr\u00f6\u00dferen Gestaltungsspielraums und einer gr\u00f6\u00dferen Bandbreite an Anwendungen. Mit der PTC-Funktionalit\u00e4t (Positiver Temperaturkoeffizient), die eine Selbstregulierung bis zu einer bestimmten Schwellentemperatur erm\u00f6glicht, der gleichm\u00e4\u00dfigen und flexiblen Beheizung im Vergleich zu Dr\u00e4hten, den d\u00fcnnen und leichten Eigenschaften und der Nachhaltigkeit ist die LOCTITE\u00ae ECI 8000 E&amp;C-Serie in der Lage, Beheizungsanwendungen f\u00fcr die moderne Fertigung grundlegend zu ver\u00e4ndern.  <\/p>\n","protected":false},"excerpt":{"rendered":"<p>LOCTITE ECI 8120 E&amp;C ist eine siebdruckf\u00e4hige Tinte mit positivem Temperaturkoeffizienten (PTC), die f\u00fcr Anwendungen entwickelt wurde, bei denen selbstregulierende Heizelemente erforderlich sind. Dieses Material ist so formuliert, dass es sich schnell auf eine bestimmte Schwellentemperatur erw\u00e4rmt und dann eine konstante Temperatur f\u00fcr das Ger\u00e4t beibeh\u00e4lt. Die selbstregulierende Temperatur der reinen Tinte liegt bei etwa 120 \u00b0C.  <\/p>\n","protected":false},"featured_media":89892,"template":"","meta":[],"product_brand":[],"product_cat":[510],"product_tag":[],"class_list":{"0":"post-99214","1":"product","2":"type-product","3":"status-publish","4":"has-post-thumbnail","6":"supplier-henkel-de","7":"market-elektronik-halbleiter","8":"market-automobilindustrie","9":"property-leitfaehig","10":"product_cat-loctite-elektronische-materialien","12":"first","13":"onbackorder","14":"taxable","15":"shipping-taxable","16":"purchasable","17":"product-type-simple"},"yoast_head":"<!-- This site is optimized with the Yoast SEO plugin v27.4 - https:\/\/yoast.com\/product\/yoast-seo-wordpress\/ -->\n<title>Loctite ECI 8120 E&amp;C - Tetrachim<\/title>\n<meta name=\"robots\" content=\"index, follow, max-snippet:-1, max-image-preview:large, max-video-preview:-1\" \/>\n<link rel=\"canonical\" href=\"https:\/\/www.tetrachim.com\/de\/produkt\/loctite-eci-8120-ec\/\" \/>\n<meta property=\"og:locale\" content=\"de_DE\" \/>\n<meta property=\"og:type\" content=\"article\" \/>\n<meta property=\"og:title\" content=\"Loctite ECI 8120 E&amp;C - Tetrachim\" \/>\n<meta property=\"og:description\" content=\"LOCTITE ECI 8120 E&amp;C ist eine siebdruckf\u00e4hige Tinte mit positivem Temperaturkoeffizienten (PTC), die f\u00fcr Anwendungen entwickelt wurde, bei denen selbstregulierende Heizelemente erforderlich sind. Dieses Material ist so formuliert, dass es sich schnell auf eine bestimmte Schwellentemperatur erw\u00e4rmt und dann eine konstante Temperatur f\u00fcr das Ger\u00e4t beibeh\u00e4lt. Die selbstregulierende Temperatur der reinen Tinte liegt bei etwa 120 \u00b0C.\" \/>\n<meta property=\"og:url\" content=\"https:\/\/www.tetrachim.com\/de\/produkt\/loctite-eci-8120-ec\/\" \/>\n<meta property=\"og:site_name\" content=\"Tetrachim\" \/>\n<meta property=\"article:modified_time\" content=\"2026-04-19T05:18:32+00:00\" \/>\n<meta property=\"og:image\" content=\"https:\/\/www.tetrachim.com\/wp-content\/uploads\/2020\/11\/Loctite-eci-8120.png\" \/>\n\t<meta property=\"og:image:width\" content=\"2560\" \/>\n\t<meta property=\"og:image:height\" content=\"2560\" \/>\n\t<meta property=\"og:image:type\" content=\"image\/png\" \/>\n<meta name=\"twitter:card\" content=\"summary_large_image\" \/>\n<meta name=\"twitter:site\" content=\"@Tetrachim\" \/>\n<meta name=\"twitter:label1\" content=\"Gesch\u00e4tzte Lesezeit\" \/>\n\t<meta name=\"twitter:data1\" content=\"1\u00a0Minute\" \/>\n<script type=\"application\/ld+json\" class=\"yoast-schema-graph\">{\"@context\":\"https:\\\/\\\/schema.org\",\"@graph\":[{\"@type\":\"WebPage\",\"@id\":\"https:\\\/\\\/www.tetrachim.com\\\/de\\\/produkt\\\/loctite-eci-8120-ec\\\/\",\"url\":\"https:\\\/\\\/www.tetrachim.com\\\/de\\\/produkt\\\/loctite-eci-8120-ec\\\/\",\"name\":\"Loctite ECI 8120 E&amp;C - Tetrachim\",\"isPartOf\":{\"@id\":\"https:\\\/\\\/www.tetrachim.com\\\/de\\\/#website\"},\"primaryImageOfPage\":{\"@id\":\"https:\\\/\\\/www.tetrachim.com\\\/de\\\/produkt\\\/loctite-eci-8120-ec\\\/#primaryimage\"},\"image\":{\"@id\":\"https:\\\/\\\/www.tetrachim.com\\\/de\\\/produkt\\\/loctite-eci-8120-ec\\\/#primaryimage\"},\"thumbnailUrl\":\"https:\\\/\\\/www.tetrachim.com\\\/wp-content\\\/uploads\\\/2020\\\/11\\\/Loctite-eci-8120.png\",\"datePublished\":\"2020-11-13T11:11:35+00:00\",\"dateModified\":\"2026-04-19T05:18:32+00:00\",\"breadcrumb\":{\"@id\":\"https:\\\/\\\/www.tetrachim.com\\\/de\\\/produkt\\\/loctite-eci-8120-ec\\\/#breadcrumb\"},\"inLanguage\":\"de\",\"potentialAction\":[{\"@type\":\"ReadAction\",\"target\":[\"https:\\\/\\\/www.tetrachim.com\\\/de\\\/produkt\\\/loctite-eci-8120-ec\\\/\"]}]},{\"@type\":\"ImageObject\",\"inLanguage\":\"de\",\"@id\":\"https:\\\/\\\/www.tetrachim.com\\\/de\\\/produkt\\\/loctite-eci-8120-ec\\\/#primaryimage\",\"url\":\"https:\\\/\\\/www.tetrachim.com\\\/wp-content\\\/uploads\\\/2020\\\/11\\\/Loctite-eci-8120.png\",\"contentUrl\":\"https:\\\/\\\/www.tetrachim.com\\\/wp-content\\\/uploads\\\/2020\\\/11\\\/Loctite-eci-8120.png\",\"width\":2560,\"height\":2560},{\"@type\":\"BreadcrumbList\",\"@id\":\"https:\\\/\\\/www.tetrachim.com\\\/de\\\/produkt\\\/loctite-eci-8120-ec\\\/#breadcrumb\",\"itemListElement\":[{\"@type\":\"ListItem\",\"position\":1,\"name\":\"\",\"item\":\"https:\\\/\\\/www.tetrachim.com\\\/de\\\/\"},{\"@type\":\"ListItem\",\"position\":2,\"name\":\"Shop\",\"item\":\"https:\\\/\\\/www.tetrachim.com\\\/de\\\/shop\\\/\"},{\"@type\":\"ListItem\",\"position\":3,\"name\":\"Loctite ECI 8120 E&amp;C\"}]},{\"@type\":\"WebSite\",\"@id\":\"https:\\\/\\\/www.tetrachim.com\\\/de\\\/#website\",\"url\":\"https:\\\/\\\/www.tetrachim.com\\\/de\\\/\",\"name\":\"Tetrachim\",\"description\":\"Rev\u00eatements high-tech\",\"publisher\":{\"@id\":\"https:\\\/\\\/www.tetrachim.com\\\/de\\\/#organization\"},\"potentialAction\":[{\"@type\":\"SearchAction\",\"target\":{\"@type\":\"EntryPoint\",\"urlTemplate\":\"https:\\\/\\\/www.tetrachim.com\\\/de\\\/?s={search_term_string}\"},\"query-input\":{\"@type\":\"PropertyValueSpecification\",\"valueRequired\":true,\"valueName\":\"search_term_string\"}}],\"inLanguage\":\"de\"},{\"@type\":\"Organization\",\"@id\":\"https:\\\/\\\/www.tetrachim.com\\\/de\\\/#organization\",\"name\":\"Tetrachim\",\"url\":\"https:\\\/\\\/www.tetrachim.com\\\/de\\\/\",\"logo\":{\"@type\":\"ImageObject\",\"inLanguage\":\"de\",\"@id\":\"https:\\\/\\\/www.tetrachim.com\\\/de\\\/#\\\/schema\\\/logo\\\/image\\\/\",\"url\":\"https:\\\/\\\/www.tetrachim.com\\\/wp-content\\\/uploads\\\/2020\\\/07\\\/logo-tetrachim.png\",\"contentUrl\":\"https:\\\/\\\/www.tetrachim.com\\\/wp-content\\\/uploads\\\/2020\\\/07\\\/logo-tetrachim.png\",\"width\":244,\"height\":51,\"caption\":\"Tetrachim\"},\"image\":{\"@id\":\"https:\\\/\\\/www.tetrachim.com\\\/de\\\/#\\\/schema\\\/logo\\\/image\\\/\"},\"sameAs\":[\"https:\\\/\\\/x.com\\\/Tetrachim\",\"https:\\\/\\\/www.linkedin.com\\\/company\\\/tetrachim\\\/\"]}]}<\/script>\n<!-- \/ Yoast SEO plugin. -->","yoast_head_json":{"title":"Loctite ECI 8120 E&amp;C - Tetrachim","robots":{"index":"index","follow":"follow","max-snippet":"max-snippet:-1","max-image-preview":"max-image-preview:large","max-video-preview":"max-video-preview:-1"},"canonical":"https:\/\/www.tetrachim.com\/de\/produkt\/loctite-eci-8120-ec\/","og_locale":"de_DE","og_type":"article","og_title":"Loctite ECI 8120 E&amp;C - Tetrachim","og_description":"LOCTITE ECI 8120 E&amp;C ist eine siebdruckf\u00e4hige Tinte mit positivem Temperaturkoeffizienten (PTC), die f\u00fcr Anwendungen entwickelt wurde, bei denen selbstregulierende Heizelemente erforderlich sind. Dieses Material ist so formuliert, dass es sich schnell auf eine bestimmte Schwellentemperatur erw\u00e4rmt und dann eine konstante Temperatur f\u00fcr das Ger\u00e4t beibeh\u00e4lt. Die selbstregulierende Temperatur der reinen Tinte liegt bei etwa 120 \u00b0C.","og_url":"https:\/\/www.tetrachim.com\/de\/produkt\/loctite-eci-8120-ec\/","og_site_name":"Tetrachim","article_modified_time":"2026-04-19T05:18:32+00:00","og_image":[{"width":2560,"height":2560,"url":"https:\/\/www.tetrachim.com\/wp-content\/uploads\/2020\/11\/Loctite-eci-8120.png","type":"image\/png"}],"twitter_card":"summary_large_image","twitter_site":"@Tetrachim","twitter_misc":{"Gesch\u00e4tzte Lesezeit":"1\u00a0Minute"},"schema":{"@context":"https:\/\/schema.org","@graph":[{"@type":"WebPage","@id":"https:\/\/www.tetrachim.com\/de\/produkt\/loctite-eci-8120-ec\/","url":"https:\/\/www.tetrachim.com\/de\/produkt\/loctite-eci-8120-ec\/","name":"Loctite ECI 8120 E&amp;C - Tetrachim","isPartOf":{"@id":"https:\/\/www.tetrachim.com\/de\/#website"},"primaryImageOfPage":{"@id":"https:\/\/www.tetrachim.com\/de\/produkt\/loctite-eci-8120-ec\/#primaryimage"},"image":{"@id":"https:\/\/www.tetrachim.com\/de\/produkt\/loctite-eci-8120-ec\/#primaryimage"},"thumbnailUrl":"https:\/\/www.tetrachim.com\/wp-content\/uploads\/2020\/11\/Loctite-eci-8120.png","datePublished":"2020-11-13T11:11:35+00:00","dateModified":"2026-04-19T05:18:32+00:00","breadcrumb":{"@id":"https:\/\/www.tetrachim.com\/de\/produkt\/loctite-eci-8120-ec\/#breadcrumb"},"inLanguage":"de","potentialAction":[{"@type":"ReadAction","target":["https:\/\/www.tetrachim.com\/de\/produkt\/loctite-eci-8120-ec\/"]}]},{"@type":"ImageObject","inLanguage":"de","@id":"https:\/\/www.tetrachim.com\/de\/produkt\/loctite-eci-8120-ec\/#primaryimage","url":"https:\/\/www.tetrachim.com\/wp-content\/uploads\/2020\/11\/Loctite-eci-8120.png","contentUrl":"https:\/\/www.tetrachim.com\/wp-content\/uploads\/2020\/11\/Loctite-eci-8120.png","width":2560,"height":2560},{"@type":"BreadcrumbList","@id":"https:\/\/www.tetrachim.com\/de\/produkt\/loctite-eci-8120-ec\/#breadcrumb","itemListElement":[{"@type":"ListItem","position":1,"name":"","item":"https:\/\/www.tetrachim.com\/de\/"},{"@type":"ListItem","position":2,"name":"Shop","item":"https:\/\/www.tetrachim.com\/de\/shop\/"},{"@type":"ListItem","position":3,"name":"Loctite ECI 8120 E&amp;C"}]},{"@type":"WebSite","@id":"https:\/\/www.tetrachim.com\/de\/#website","url":"https:\/\/www.tetrachim.com\/de\/","name":"Tetrachim","description":"Rev\u00eatements high-tech","publisher":{"@id":"https:\/\/www.tetrachim.com\/de\/#organization"},"potentialAction":[{"@type":"SearchAction","target":{"@type":"EntryPoint","urlTemplate":"https:\/\/www.tetrachim.com\/de\/?s={search_term_string}"},"query-input":{"@type":"PropertyValueSpecification","valueRequired":true,"valueName":"search_term_string"}}],"inLanguage":"de"},{"@type":"Organization","@id":"https:\/\/www.tetrachim.com\/de\/#organization","name":"Tetrachim","url":"https:\/\/www.tetrachim.com\/de\/","logo":{"@type":"ImageObject","inLanguage":"de","@id":"https:\/\/www.tetrachim.com\/de\/#\/schema\/logo\/image\/","url":"https:\/\/www.tetrachim.com\/wp-content\/uploads\/2020\/07\/logo-tetrachim.png","contentUrl":"https:\/\/www.tetrachim.com\/wp-content\/uploads\/2020\/07\/logo-tetrachim.png","width":244,"height":51,"caption":"Tetrachim"},"image":{"@id":"https:\/\/www.tetrachim.com\/de\/#\/schema\/logo\/image\/"},"sameAs":["https:\/\/x.com\/Tetrachim","https:\/\/www.linkedin.com\/company\/tetrachim\/"]}]}},"tiered_pricing_type":"fixed","tiered_pricing_fixed_rules":[],"tiered_pricing_product_settings":{"layout":"default","base_unit_name":{"singular":null,"plural":null},"default_variation":null},"tiered_pricing_minimum_quantity":null,"tiered_pricing_roles_data":[],"tiered_pricing_percentage_rules":[],"_links":{"self":[{"href":"https:\/\/www.tetrachim.com\/de\/wp-json\/wp\/v2\/product\/99214","targetHints":{"allow":["GET"]}}],"collection":[{"href":"https:\/\/www.tetrachim.com\/de\/wp-json\/wp\/v2\/product"}],"about":[{"href":"https:\/\/www.tetrachim.com\/de\/wp-json\/wp\/v2\/types\/product"}],"wp:featuredmedia":[{"embeddable":true,"href":"https:\/\/www.tetrachim.com\/de\/wp-json\/wp\/v2\/media\/89892"}],"wp:attachment":[{"href":"https:\/\/www.tetrachim.com\/de\/wp-json\/wp\/v2\/media?parent=99214"}],"wp:term":[{"taxonomy":"product_brand","embeddable":true,"href":"https:\/\/www.tetrachim.com\/de\/wp-json\/wp\/v2\/product_brand?post=99214"},{"taxonomy":"product_cat","embeddable":true,"href":"https:\/\/www.tetrachim.com\/de\/wp-json\/wp\/v2\/product_cat?post=99214"},{"taxonomy":"product_tag","embeddable":true,"href":"https:\/\/www.tetrachim.com\/de\/wp-json\/wp\/v2\/product_tag?post=99214"}],"curies":[{"name":"wp","href":"https:\/\/api.w.org\/{rel}","templated":true}]}}