{"id":97674,"date":"2025-07-08T16:55:29","date_gmt":"2025-07-08T14:55:29","guid":{"rendered":"https:\/\/www.tetrachim.com\/sistemas-teflon-ptfe\/"},"modified":"2025-07-21T19:08:44","modified_gmt":"2025-07-21T17:08:44","slug":"sistemas-teflon-ptfe","status":"publish","type":"page","link":"https:\/\/www.tetrachim.com\/es\/sistemas-teflon-ptfe\/","title":{"rendered":"Teflon\u2122 PTFE"},"content":{"rendered":"<div class=\"wpb-content-wrapper\"><p>[vc_row][\/vc_row][vc_column width=\u00bb1\/1&#8243;][\/vc_column][vc_row][vc_column width=\u00bb1\/1&#8243;][vc_custom_heading uncode_shortcode_id=\u00bb627618&#8243;]Teflon\u2122 PTFE (Politetrafluoroetileno) Recubrimientos antiadherentes: Soluciones de fluoropol\u00edmeros de alto rendimiento[\/vc_custom_heading][vc_column_text uncode_shortcode_id=\u00bb972728&#8243;]<\/p>\n<p class=\"\" data-start=\"176\" data-end=\"547\">Los revestimientos antiadherentes Teflon\u2122 PTFE (politetrafluoroetileno) son sistemas avanzados de fluoropol\u00edmeros que se aplican normalmente como un sistema de dos capas, compuesto por una <strong data-start=\"325\" data-end=\"335\">imprimaci\u00f3n<\/strong> y <strong data-start=\"340\" data-end=\"351\">una capa final<\/strong>. Estos revestimientos son famosos por sus <strong data-start=\"391\" data-end=\"427\">excepcionales propiedades antiadherentes<\/strong>, que los hacen ideales para aplicaciones en las que la <strong data-start=\"470\" data-end=\"486\">baja fricci\u00f3n<\/strong>, el <strong data-start=\"488\" data-end=\"504\">f\u00e1cil desprendimiento<\/strong> y la <strong data-start=\"510\" data-end=\"533\">resistencia qu\u00edmica<\/strong> son fundamentales. <\/p>\n<p class=\"\" data-start=\"549\" data-end=\"894\">Con la <strong data-start=\"558\" data-end=\"591\">temperatura de funcionamiento m\u00e1s alta<\/strong> de cualquier revestimiento de fluoropol\u00edmero -hasta <strong data-start=\"627\" data-end=\"644\">260 \u00b0C (500 \u00b0F<\/strong>)-, los revestimientos de Tefl\u00f3n\u2122 PTFE son adecuados para <strong data-start=\"684\" data-end=\"721\">entornos industriales exigentes<\/strong> como la fabricaci\u00f3n de utensilios de cocina, piezas de automoci\u00f3n, equipos de procesamiento de alimentos y componentes de procesamiento qu\u00edmico. Adem\u00e1s de <strong data-start=\"850\" data-end=\"871\">estabilidad t\u00e9rmica<\/strong>, estos recubrimientos ofrecen: <\/p>\n<ul data-start=\"896\" data-end=\"1170\">\n<li class=\"\" data-start=\"896\" data-end=\"984\">\n<p class=\"\" data-start=\"898\" data-end=\"984\"><strong data-start=\"898\" data-end=\"939\">Coeficiente de fricci\u00f3n extremadamente bajo<\/strong>, que permite un funcionamiento suave y un desgaste reducido.<\/p>\n<\/li>\n<li class=\"\" data-start=\"985\" data-end=\"1086\">\n<p class=\"\" data-start=\"987\" data-end=\"1086\"><strong data-start=\"987\" data-end=\"1034\">Excelente resistencia qu\u00edmica y a la corrosi\u00f3n<\/strong>, por lo que son ideales para entornos qu\u00edmicos agresivos.<\/p>\n<\/li>\n<li class=\"\" data-start=\"1087\" data-end=\"1170\">\n<p class=\"\" data-start=\"1089\" data-end=\"1170\"><strong data-start=\"1089\" data-end=\"1117\">Buena resistencia a la abrasi\u00f3n<\/strong>, lo que aumenta la longevidad del producto y la durabilidad de la superficie.<\/p>\n<\/li>\n<\/ul>\n<p>[\/vc_column_text][vc_single_image media=\u00bb96236&#8243; media_width_percent=\u00bb100&#8243; uncode_shortcode_id=\u00bb956523&#8243;][vc_column_text uncode_shortcode_id=\u00bb123502&#8243;]<\/p>\n<p class=\"\" data-start=\"1172\" data-end=\"1548\">Para <strong data-start=\"1176\" data-end=\"1222\">mejorar el rendimiento, aumentar la durabilidad<\/strong> y <strong data-start=\"1228\" data-end=\"1253\">prolongar la vida \u00fatil<\/strong>, se puede utilizar un <strong data-start=\"1257\" data-end=\"1278\">sistema de tres capas:<\/strong> <strong data-start=\"1292\" data-end=\"1324\">imprimaci\u00f3n, capa intermedia y capa final<\/strong>. Esta avanzada estratificaci\u00f3n proporciona una resistencia mec\u00e1nica superior y refuerza la resistencia al desgaste, al calor y a los ataques qu\u00edmicos, por lo que resulta adecuada para las <strong data-start=\"1493\" data-end=\"1547\">aplicaciones industriales y comerciales<\/strong> m\u00e1s <strong data-start=\"1493\" data-end=\"1547\">exigentes<\/strong>. <\/p>\n<p class=\"\" data-start=\"1550\" data-end=\"1730\">Tanto si trabaja en la <strong data-start=\"1572\" data-end=\"1637\">industria automovil\u00edstica, aeroespacial, alimentaria, textil o electr\u00f3nica<\/strong>, los revestimientos de PTFE Teflon\u2122 ofrecen un rendimiento antiadherente y protector fiable y duradero.<\/p>\n<p class=\"\" data-start=\"1732\" data-end=\"1832\"><strong data-start=\"1732\" data-end=\"1832\">Optimice su proceso con los revestimientos de Teflon\u2122 PTFE: dise\u00f1ados para ser eficientes y resistentes.<\/strong><\/p>\n<p>[\/vc_column_text][\/vc_column][\/vc_row]<\/p>\n<\/div>","protected":false},"excerpt":{"rendered":"<p>[vc_row][\/vc_row][vc_column width=\u00bb1\/1&#8243;][\/vc_column][vc_row][vc_column width=\u00bb1\/1&#8243;][vc_custom_heading uncode_shortcode_id=\u00bb627618&#8243;]Teflon\u2122 PTFE (Politetrafluoroetileno) Recubrimientos antiadherentes: Soluciones de fluoropol\u00edmeros de alto rendimiento[\/vc_custom_heading][vc_column_text uncode_shortcode_id=\u00bb972728&#8243;] Los revestimientos antiadherentes Teflon\u2122 PTFE [&hellip;]<\/p>\n","protected":false},"author":2,"featured_media":0,"parent":0,"menu_order":0,"comment_status":"closed","ping_status":"closed","template":"","meta":{"footnotes":""},"class_list":["post-97674","page","type-page","status-publish","hentry"],"yoast_head":"<!-- This site is optimized with the Yoast SEO plugin v27.5 - https:\/\/yoast.com\/product\/yoast-seo-wordpress\/ -->\n<title>Teflon\u2122 PTFE - Tetrachim<\/title>\n<meta name=\"robots\" content=\"index, follow, max-snippet:-1, max-image-preview:large, max-video-preview:-1\" \/>\n<link rel=\"canonical\" href=\"https:\/\/www.tetrachim.com\/es\/sistemas-teflon-ptfe\/\" \/>\n<meta property=\"og:locale\" content=\"es_ES\" \/>\n<meta property=\"og:type\" content=\"article\" \/>\n<meta property=\"og:title\" content=\"Teflon\u2122 PTFE - Tetrachim\" \/>\n<meta property=\"og:description\" content=\"[vc_row][\/vc_row][vc_column width=\u00bb1\/1&#8243;][\/vc_column][vc_row][vc_column width=\u00bb1\/1&#8243;][vc_custom_heading uncode_shortcode_id=\u00bb627618&#8243;]Teflon\u2122 PTFE (Politetrafluoroetileno) Recubrimientos antiadherentes: Soluciones de fluoropol\u00edmeros de alto rendimiento[\/vc_custom_heading][vc_column_text uncode_shortcode_id=\u00bb972728&#8243;] Los revestimientos antiadherentes Teflon\u2122 PTFE [&hellip;]\" \/>\n<meta property=\"og:url\" content=\"https:\/\/www.tetrachim.com\/es\/sistemas-teflon-ptfe\/\" \/>\n<meta property=\"og:site_name\" content=\"Tetrachim\" \/>\n<meta property=\"article:modified_time\" content=\"2025-07-21T17:08:44+00:00\" \/>\n<meta name=\"twitter:card\" content=\"summary_large_image\" \/>\n<meta name=\"twitter:site\" content=\"@Tetrachim\" \/>\n<meta name=\"twitter:label1\" content=\"Tiempo de lectura\" \/>\n\t<meta name=\"twitter:data1\" content=\"2 minutos\" \/>\n<script type=\"application\/ld+json\" class=\"yoast-schema-graph\">{\"@context\":\"https:\\\/\\\/schema.org\",\"@graph\":[{\"@type\":\"WebPage\",\"@id\":\"https:\\\/\\\/www.tetrachim.com\\\/es\\\/sistemas-teflon-ptfe\\\/\",\"url\":\"https:\\\/\\\/www.tetrachim.com\\\/es\\\/sistemas-teflon-ptfe\\\/\",\"name\":\"Teflon\u2122 PTFE - Tetrachim\",\"isPartOf\":{\"@id\":\"https:\\\/\\\/www.tetrachim.com\\\/es\\\/#website\"},\"datePublished\":\"2025-07-08T14:55:29+00:00\",\"dateModified\":\"2025-07-21T17:08:44+00:00\",\"breadcrumb\":{\"@id\":\"https:\\\/\\\/www.tetrachim.com\\\/es\\\/sistemas-teflon-ptfe\\\/#breadcrumb\"},\"inLanguage\":\"es\",\"potentialAction\":[{\"@type\":\"ReadAction\",\"target\":[\"https:\\\/\\\/www.tetrachim.com\\\/es\\\/sistemas-teflon-ptfe\\\/\"]}]},{\"@type\":\"BreadcrumbList\",\"@id\":\"https:\\\/\\\/www.tetrachim.com\\\/es\\\/sistemas-teflon-ptfe\\\/#breadcrumb\",\"itemListElement\":[{\"@type\":\"ListItem\",\"position\":1,\"name\":\"\",\"item\":\"https:\\\/\\\/www.tetrachim.com\\\/es\\\/\"},{\"@type\":\"ListItem\",\"position\":2,\"name\":\"Teflon\u2122 PTFE\"}]},{\"@type\":\"WebSite\",\"@id\":\"https:\\\/\\\/www.tetrachim.com\\\/es\\\/#website\",\"url\":\"https:\\\/\\\/www.tetrachim.com\\\/es\\\/\",\"name\":\"Tetrachim\",\"description\":\"Rev\u00eatements high-tech\",\"publisher\":{\"@id\":\"https:\\\/\\\/www.tetrachim.com\\\/es\\\/#organization\"},\"potentialAction\":[{\"@type\":\"SearchAction\",\"target\":{\"@type\":\"EntryPoint\",\"urlTemplate\":\"https:\\\/\\\/www.tetrachim.com\\\/es\\\/?s={search_term_string}\"},\"query-input\":{\"@type\":\"PropertyValueSpecification\",\"valueRequired\":true,\"valueName\":\"search_term_string\"}}],\"inLanguage\":\"es\"},{\"@type\":\"Organization\",\"@id\":\"https:\\\/\\\/www.tetrachim.com\\\/es\\\/#organization\",\"name\":\"Tetrachim\",\"url\":\"https:\\\/\\\/www.tetrachim.com\\\/es\\\/\",\"logo\":{\"@type\":\"ImageObject\",\"inLanguage\":\"es\",\"@id\":\"https:\\\/\\\/www.tetrachim.com\\\/es\\\/#\\\/schema\\\/logo\\\/image\\\/\",\"url\":\"https:\\\/\\\/www.tetrachim.com\\\/wp-content\\\/uploads\\\/2020\\\/07\\\/logo-tetrachim.png\",\"contentUrl\":\"https:\\\/\\\/www.tetrachim.com\\\/wp-content\\\/uploads\\\/2020\\\/07\\\/logo-tetrachim.png\",\"width\":244,\"height\":51,\"caption\":\"Tetrachim\"},\"image\":{\"@id\":\"https:\\\/\\\/www.tetrachim.com\\\/es\\\/#\\\/schema\\\/logo\\\/image\\\/\"},\"sameAs\":[\"https:\\\/\\\/x.com\\\/Tetrachim\",\"https:\\\/\\\/www.linkedin.com\\\/company\\\/tetrachim\\\/\"]}]}<\/script>\n<!-- \/ Yoast SEO plugin. -->","yoast_head_json":{"title":"Teflon\u2122 PTFE - Tetrachim","robots":{"index":"index","follow":"follow","max-snippet":"max-snippet:-1","max-image-preview":"max-image-preview:large","max-video-preview":"max-video-preview:-1"},"canonical":"https:\/\/www.tetrachim.com\/es\/sistemas-teflon-ptfe\/","og_locale":"es_ES","og_type":"article","og_title":"Teflon\u2122 PTFE - Tetrachim","og_description":"[vc_row][\/vc_row][vc_column width=\u00bb1\/1&#8243;][\/vc_column][vc_row][vc_column width=\u00bb1\/1&#8243;][vc_custom_heading uncode_shortcode_id=\u00bb627618&#8243;]Teflon\u2122 PTFE (Politetrafluoroetileno) Recubrimientos antiadherentes: Soluciones de fluoropol\u00edmeros de alto rendimiento[\/vc_custom_heading][vc_column_text uncode_shortcode_id=\u00bb972728&#8243;] Los revestimientos antiadherentes Teflon\u2122 PTFE [&hellip;]","og_url":"https:\/\/www.tetrachim.com\/es\/sistemas-teflon-ptfe\/","og_site_name":"Tetrachim","article_modified_time":"2025-07-21T17:08:44+00:00","twitter_card":"summary_large_image","twitter_site":"@Tetrachim","twitter_misc":{"Tiempo de lectura":"2 minutos"},"schema":{"@context":"https:\/\/schema.org","@graph":[{"@type":"WebPage","@id":"https:\/\/www.tetrachim.com\/es\/sistemas-teflon-ptfe\/","url":"https:\/\/www.tetrachim.com\/es\/sistemas-teflon-ptfe\/","name":"Teflon\u2122 PTFE - Tetrachim","isPartOf":{"@id":"https:\/\/www.tetrachim.com\/es\/#website"},"datePublished":"2025-07-08T14:55:29+00:00","dateModified":"2025-07-21T17:08:44+00:00","breadcrumb":{"@id":"https:\/\/www.tetrachim.com\/es\/sistemas-teflon-ptfe\/#breadcrumb"},"inLanguage":"es","potentialAction":[{"@type":"ReadAction","target":["https:\/\/www.tetrachim.com\/es\/sistemas-teflon-ptfe\/"]}]},{"@type":"BreadcrumbList","@id":"https:\/\/www.tetrachim.com\/es\/sistemas-teflon-ptfe\/#breadcrumb","itemListElement":[{"@type":"ListItem","position":1,"name":"","item":"https:\/\/www.tetrachim.com\/es\/"},{"@type":"ListItem","position":2,"name":"Teflon\u2122 PTFE"}]},{"@type":"WebSite","@id":"https:\/\/www.tetrachim.com\/es\/#website","url":"https:\/\/www.tetrachim.com\/es\/","name":"Tetrachim","description":"Rev\u00eatements high-tech","publisher":{"@id":"https:\/\/www.tetrachim.com\/es\/#organization"},"potentialAction":[{"@type":"SearchAction","target":{"@type":"EntryPoint","urlTemplate":"https:\/\/www.tetrachim.com\/es\/?s={search_term_string}"},"query-input":{"@type":"PropertyValueSpecification","valueRequired":true,"valueName":"search_term_string"}}],"inLanguage":"es"},{"@type":"Organization","@id":"https:\/\/www.tetrachim.com\/es\/#organization","name":"Tetrachim","url":"https:\/\/www.tetrachim.com\/es\/","logo":{"@type":"ImageObject","inLanguage":"es","@id":"https:\/\/www.tetrachim.com\/es\/#\/schema\/logo\/image\/","url":"https:\/\/www.tetrachim.com\/wp-content\/uploads\/2020\/07\/logo-tetrachim.png","contentUrl":"https:\/\/www.tetrachim.com\/wp-content\/uploads\/2020\/07\/logo-tetrachim.png","width":244,"height":51,"caption":"Tetrachim"},"image":{"@id":"https:\/\/www.tetrachim.com\/es\/#\/schema\/logo\/image\/"},"sameAs":["https:\/\/x.com\/Tetrachim","https:\/\/www.linkedin.com\/company\/tetrachim\/"]}]}},"_links":{"self":[{"href":"https:\/\/www.tetrachim.com\/es\/wp-json\/wp\/v2\/pages\/97674","targetHints":{"allow":["GET"]}}],"collection":[{"href":"https:\/\/www.tetrachim.com\/es\/wp-json\/wp\/v2\/pages"}],"about":[{"href":"https:\/\/www.tetrachim.com\/es\/wp-json\/wp\/v2\/types\/page"}],"author":[{"embeddable":true,"href":"https:\/\/www.tetrachim.com\/es\/wp-json\/wp\/v2\/users\/2"}],"replies":[{"embeddable":true,"href":"https:\/\/www.tetrachim.com\/es\/wp-json\/wp\/v2\/comments?post=97674"}],"version-history":[{"count":6,"href":"https:\/\/www.tetrachim.com\/es\/wp-json\/wp\/v2\/pages\/97674\/revisions"}],"predecessor-version":[{"id":99249,"href":"https:\/\/www.tetrachim.com\/es\/wp-json\/wp\/v2\/pages\/97674\/revisions\/99249"}],"wp:attachment":[{"href":"https:\/\/www.tetrachim.com\/es\/wp-json\/wp\/v2\/media?parent=97674"}],"curies":[{"name":"wp","href":"https:\/\/api.w.org\/{rel}","templated":true}]}}