{"id":97734,"date":"2025-07-08T16:56:08","date_gmt":"2025-07-08T14:56:08","guid":{"rendered":"https:\/\/www.tetrachim.com\/kepstan-pekk\/"},"modified":"2025-07-08T16:56:11","modified_gmt":"2025-07-08T14:56:11","slug":"kepstan-pekk","status":"publish","type":"page","link":"https:\/\/www.tetrachim.com\/es\/kepstan-pekk\/","title":{"rendered":"Kepstan\u00ae PEKK"},"content":{"rendered":"<div class=\"wpb-content-wrapper\"><p>[vc_row unlock_row_content=\u00bbyes\u00bb row_height_percent=\u00bb0&#8243; override_padding=\u00bbyes\u00bb h_padding=\u00bb0&#8243; top_padding=\u00bb0&#8243; bottom_padding=\u00bb0&#8243; back_image=\u00bb83397&#8243; overlay_alpha=\u00bb50&#8243; gutter_size=\u00bb3&#8243; column_width_percent=\u00bb100&#8243; shift_y=\u00bb0&#8243; z_index=\u00bb0&#8243; row_height_pixel=\u00bb200px\u00bb el_id=\u00bbbandeau-page\u00bb front_end_with_slider=\u00bbtrue\u00bb][vc_column column_width_percent=\u00bb100&#8243; position_vertical=\u00bbmiddle\u00bb gutter_size=\u00bb3&#8243; override_padding=\u00bbyes\u00bb column_padding=\u00bb0&#8243; overlay_alpha=\u00bb50&#8243; shift_x=\u00bb0&#8243; shift_y=\u00bb0&#8243; shift_y_down=\u00bb0&#8243; z_index=\u00bb0&#8243; medium_width=\u00bb0&#8243; mobile_width=\u00bb0&#8243; width=\u00bb1\/1&#8243;][vc_row_inner row_inner_height_percent=\u00bb100&#8243; back_image=\u00bb85629&#8243; back_position=\u00bbleft center\u00bb overlay_alpha=\u00bb50&#8243; equal_height=\u00bbyes\u00bb gutter_size=\u00bb3&#8243; shift_y=\u00bb0&#8243; z_index=\u00bb0&#8243; back_size=\u00bbauto 100%\u00bb el_class=\u00bbrangee-reduite-plus\u00bb row_height_pixel=\u00bb200px\u00bb][vc_column_inner column_width_percent=\u00bb66&#8243; position_horizontal=\u00bbleft\u00bb position_vertical=\u00bbmiddle\u00bb gutter_size=\u00bb3&#8243; overlay_alpha=\u00bb50&#8243; shift_x=\u00bb0&#8243; shift_y=\u00bb0&#8243; shift_y_down=\u00bb0&#8243; z_index=\u00bb0&#8243; medium_width=\u00bb0&#8243; mobile_width=\u00bb0&#8243; width=\u00bb1\/1&#8243;][vc_custom_heading text_color=\u00bbcolor-889485&#8243; heading_semantic=\u00bbdiv\u00bb text_font=\u00bbfont-112492&#8243; css_animation=\u00bbleft-t-right\u00bb uncode_shortcode_id=\u00bb191599&#8243; text_color_type=\u00bbuncode-palette\u00bb]<strong>Kepstan<sup> <\/sup><\/strong>Revestimientos PEKK[\/vc_custom_heading][vc_column_text css_animation=\u00bbleft-t-right\u00bb animation_delay=\u00bb200&#8243;]<span><span><a href=\"https:\/\/www.tetrachim.com\/es\/\"><i class=\"menu-icon fa fa-home3\"><\/i><\/a><\/span><\/span>[\/vc_column_text][\/vc_column_inner][\/vc_row_inner][vc_single_image media=\u00bb95645&#8243; media_width_use_pixel=\u00bbyes\u00bb alignment=\u00bbright\u00bb shadow=\u00bbyes\u00bb shadow_weight=\u00bblg\u00bb css_animation=\u00bbright-t-left\u00bb animation_speed=\u00bb400&#8243; media_width_pixel=\u00bb560&#8243; uncode_shortcode_id=\u00bb192107&#8243;][\/vc_column][\/vc_row][vc_section back_image=\u00bb85635&#8243; back_repeat=\u00bbno-repeat\u00bb back_position=\u00bbright center\u00bb overlay_alpha=\u00bb50&#8243; el_class=\u00bbsection-fleche section-partner\u00bb back_size=\u00bb260px auto\u00bb][vc_row row_height_percent=\u00bb0&#8243; override_padding=\u00bbyes\u00bb h_padding=\u00bb2&#8243; top_padding=\u00bb3&#8243; bottom_padding=\u00bb2&#8243; overlay_alpha=\u00bb50&#8243; equal_height=\u00bbyes\u00bb gutter_size=\u00bb3&#8243; column_width_percent=\u00bb100&#8243; shift_y=\u00bb0&#8243; z_index=\u00bb0&#8243; el_class=\u00bbrangee-reduite-plus intro-partner\u00bb][vc_column column_width_percent=\u00bb100&#8243; position_vertical=\u00bbmiddle\u00bb align_horizontal=\u00bbalign_center\u00bb gutter_size=\u00bb0&#8243; overlay_alpha=\u00bb50&#8243; shift_x=\u00bb0&#8243; shift_y=\u00bb0&#8243; shift_y_down=\u00bb0&#8243; z_index=\u00bb0&#8243; medium_width=\u00bb0&#8243; mobile_width=\u00bb0&#8243; css_animation=\u00bbleft-t-right\u00bb width=\u00bb1\/3&#8243;][vc_single_image media=\u00bb95876&#8243; media_width_percent=\u00bb100&#8243; media_ratio=\u00bbone-one\u00bb alignment=\u00bbcenter\u00bb uncode_shortcode_id=\u00bb154928&#8243;][vc_column_text uncode_shortcode_id=\u00bb254802&#8243;]Entre los pol\u00edmeros de alto rendimiento, <strong>el PEKK (poli\u00e9ter-cetona-cetona)<\/strong> ofrece una resistencia excepcional a entornos extremos, como los de la industria aeroespacial y la prospecci\u00f3n petrol\u00edfera.[\/vc_column_text][\/vc_column][vc_column column_width_percent=\u00bb100&#8243; position_vertical=\u00bbmiddle\u00bb gutter_size=\u00bb3&#8243; override_padding=\u00bbyes\u00bb column_padding=\u00bb2&#8243; overlay_alpha=\u00bb50&#8243; shift_x=\u00bb0&#8243; shift_y=\u00bb0&#8243; shift_y_down=\u00bb0&#8243; z_index=\u00bb0&#8243; medium_width=\u00bb0&#8243; mobile_width=\u00bb0&#8243; css_animation=\u00bbzoom-out\u00bb animation_delay=\u00bb200&#8243; width=\u00bb2\/3&#8243;][vc_custom_heading heading_semantic=\u00bbh1&#8243; text_size=\u00bbh3&#8243; uncode_shortcode_id=\u00bb198192&#8243;]Revestimientos <strong>Kepstan <\/strong>PEKK[\/vc_custom_heading][vc_row_inner limit_content=\u00bb\u00bb][vc_column_inner column_width_percent=\u00bb100&#8243; gutter_size=\u00bb3&#8243; overlay_alpha=\u00bb50&#8243; shift_x=\u00bb0&#8243; shift_y=\u00bb0&#8243; shift_y_down=\u00bb0&#8243; z_index=\u00bb0&#8243; medium_width=\u00bb4&#8243; mobile_width=\u00bb7&#8243; width=\u00bb1\/1&#8243;][vc_column_text uncode_shortcode_id=\u00bb191601&#8243;]<strong>El PEKK <sup>Kepstan\u00ae <\/sup><\/strong> tiene un punto de fusi\u00f3n extremadamente alto (de 300\u00b0C a 360\u00b0C seg\u00fan el grado) y ofrece una excelente resistencia a los productos qu\u00edmicos y a la abrasi\u00f3n. No es inflamable y no genera humos t\u00f3xicos.[\/vc_column_text][\/vc_column_inner][\/vc_row_inner][vc_row_inner row_inner_height_percent=\u00bb0&#8243; overlay_alpha=\u00bb50&#8243; equal_height=\u00bbyes\u00bb gutter_size=\u00bb3&#8243; shift_y=\u00bb0&#8243; z_index=\u00bb0&#8243; el_class=\u00bbancres-box\u00bb limit_content=\u00bb\u00bb uncode_shortcode_id=\u00bb159234&#8243;][vc_column_inner column_width_percent=\u00bb100&#8243; gutter_size=\u00bb3&#8243; style=\u00bbdark\u00bb back_image=\u00bb95780&#8243; overlay_color=\u00bbcolor-889485&#8243; overlay_alpha=\u00bb74&#8243; shift_x=\u00bb0&#8243; shift_y=\u00bb0&#8243; shift_y_down=\u00bb0&#8243; z_index=\u00bb0&#8243; medium_width=\u00bb0&#8243; mobile_width=\u00bb0&#8243; width=\u00bb1\/2&#8243; uncode_shortcode_id=\u00bb744489&#8243; overlay_color_type=\u00bbuncode-palette\u00bb][vc_icon position=\u00bbleft\u00bb icon_image=\u00bb95768&#8243; media_size=\u00bb80&#8243; heading_semantic=\u00bbh2&#8243; text_size=\u00bbfontsize-155944&#8243; text_weight=\u00bb700&#8243; linked_title=\u00bbyes\u00bb link=\u00bb|||\u00bb uncode_shortcode_id=\u00bb180011&#8243;]Necesito un poco de Kepstan<strong><sup>\u00ae<\/sup> <\/strong><br \/>\n \u00a1Entre en nuestra e-shop![\/vc_icon][\/vc_column_inner][vc_column_inner column_width_percent=\u00bb100&#8243; gutter_size=\u00bb3&#8243; style=\u00bblight\u00bb back_image=\u00bb86518&#8243; overlay_color=\u00bbcolor-xsdn\u00bb overlay_alpha=\u00bb77&#8243; shift_x=\u00bb0&#8243; shift_y=\u00bb0&#8243; shift_y_down=\u00bb0&#8243; z_index=\u00bb0&#8243; medium_width=\u00bb0&#8243; mobile_width=\u00bb0&#8243; width=\u00bb1\/2&#8243; uncode_shortcode_id=\u00bb923853&#8243; overlay_color_type=\u00bbuncode-palette\u00bb][vc_icon position=\u00bbleft\u00bb icon_image=\u00bb95795&#8243; icon_color=\u00bbcolor-xsdn\u00bb media_size=\u00bb80&#8243; heading_semantic=\u00bbh2&#8243; text_size=\u00bbfontsize-155944&#8243; text_weight=\u00bb700&#8243; linked_title=\u00bbyes\u00bb link=\u00bb|||\u00bb uncode_shortcode_id=\u00bb181540&#8243; icon_color_type=\u00bbuncode-palette\u00bb]Desea comprobar si Kepstan<strong><sup>\u00ae<\/sup> <\/strong> puede ser una buena opci\u00f3n para ti? P\u00f3ngase en contacto con nosotros.[\/vc_icon][\/vc_column_inner][\/vc_row_inner][\/vc_column][\/vc_row][\/vc_section][vc_section back_image=\u00bb85635&#8243; back_repeat=\u00bbno-repeat\u00bb back_position=\u00bbright center\u00bb overlay_alpha=\u00bb50&#8243; el_class=\u00bbsection-fleche section-partner\u00bb back_size=\u00bb260px auto\u00bb][vc_row row_height_percent=\u00bb0&#8243; override_padding=\u00bbyes\u00bb h_padding=\u00bb2&#8243; top_padding=\u00bb0&#8243; bottom_padding=\u00bb2&#8243; overlay_alpha=\u00bb50&#8243; equal_height=\u00bbyes\u00bb gutter_size=\u00bb3&#8243; column_width_percent=\u00bb100&#8243; shift_y=\u00bb0&#8243; z_index=\u00bb0&#8243; el_class=\u00bbrangee-reduite-plus intro-partner\u00bb uncode_shortcode_id=\u00bb320842&#8243;][vc_column column_width_percent=\u00bb100&#8243; position_vertical=\u00bbmiddle\u00bb gutter_size=\u00bb3&#8243; override_padding=\u00bbyes\u00bb column_padding=\u00bb2&#8243; overlay_alpha=\u00bb50&#8243; shift_x=\u00bb0&#8243; shift_y=\u00bb0&#8243; shift_y_down=\u00bb0&#8243; z_index=\u00bb0&#8243; medium_width=\u00bb0&#8243; mobile_width=\u00bb0&#8243; css_animation=\u00bbzoom-out\u00bb animation_delay=\u00bb200&#8243; width=\u00bb1\/1&#8243;][vc_row_inner limit_content=\u00bb\u00bb][vc_column_inner column_width_percent=\u00bb100&#8243; gutter_size=\u00bb3&#8243; overlay_alpha=\u00bb50&#8243; shift_x=\u00bb0&#8243; shift_y=\u00bb0&#8243; shift_y_down=\u00bb0&#8243; z_index=\u00bb0&#8243; medium_width=\u00bb4&#8243; mobile_width=\u00bb7&#8243; width=\u00bb1\/2&#8243;][vc_custom_heading text_size=\u00bbh6&#8243; uncode_shortcode_id=\u00bb118576&#8243;]<strong>Kepstan\u00ae PEKK<\/strong> se puede aplicar con los siguientes procesos:[\/vc_custom_heading][uncode_list icon=\u00bbfa fa-chevron-right\u00bb icon_color=\u00bbcolor-104255&#8243; uncode_shortcode_id=\u00bb102431&#8243; icon_color_type=\u00bbuncode-palette\u00bb]<\/p>\n<ul>\n<li>Inmersi\u00f3n en lecho fluido<\/li>\n<li>Spray electrost\u00e1tico<\/li>\n<li>Impresi\u00f3n 3D<\/li>\n<\/ul>\n<p>[\/uncode_list][\/vc_column_inner][vc_column_inner column_width_percent=\u00bb100&#8243; gutter_size=\u00bb3&#8243; overlay_alpha=\u00bb50&#8243; shift_x=\u00bb0&#8243; shift_y=\u00bb0&#8243; shift_y_down=\u00bb0&#8243; z_index=\u00bb0&#8243; medium_width=\u00bb4&#8243; mobile_width=\u00bb7&#8243; width=\u00bb1\/2&#8243;][vc_custom_heading text_size=\u00bbh6&#8243; uncode_shortcode_id=\u00bb706364&#8243;]<strong>Kepstan\u00ae PEKK<\/strong> ofrece las siguientes caracter\u00edsticas:[\/vc_custom_heading][uncode_list icon=\u00bbfa fa-chevron-right\u00bb icon_color=\u00bbcolor-104255&#8243; uncode_shortcode_id=\u00bb722715&#8243; icon_color_type=\u00bbuncode-palette\u00bb]<\/p>\n<ul>\n<li>Puede soportar entornos muy exigentes en t\u00e9rminos de temperatura, resistencia qu\u00edmica y resistencia al desgaste.<\/li>\n<li><span style=\"font-family: -apple-system, BlinkMacSystemFont, 'Segoe UI', Roboto, Oxygen-Sans, Ubuntu, Cantarell, 'Helvetica Neue', sans-serif;\">Ligero<\/span><\/li>\n<\/ul>\n<p>[\/uncode_list][\/vc_column_inner][\/vc_row_inner][\/vc_column][\/vc_row][vc_row unlock_row_content=\u00bbyes\u00bb row_height_percent=\u00bb0&#8243; override_padding=\u00bbyes\u00bb h_padding=\u00bb2&#8243; top_padding=\u00bb0&#8243; bottom_padding=\u00bb4&#8243; overlay_alpha=\u00bb50&#8243; gutter_size=\u00bb3&#8243; column_width_percent=\u00bb100&#8243; shift_y=\u00bb0&#8243; z_index=\u00bb0&#8243; el_class=\u00bbrangee-reduite-plus galerie-masonry\u00bb uncode_shortcode_id=\u00bb700060&#8243;][vc_column column_width_percent=\u00bb100&#8243; align_horizontal=\u00bbalign_center\u00bb gutter_size=\u00bb3&#8243; overlay_alpha=\u00bb50&#8243; shift_x=\u00bb0&#8243; shift_y=\u00bb0&#8243; shift_y_down=\u00bb0&#8243; z_index=\u00bb0&#8243; medium_width=\u00bb0&#8243; mobile_width=\u00bb0&#8243; width=\u00bb1\/1&#8243;][vc_custom_heading text_size=\u00bbh3&#8243; css_animation=\u00bbzoom-out\u00bb]<strong>Ejemplos de<\/strong> aplicaci\u00f3n[\/vc_custom_heading][vc_gallery el_id=\u00bbgallery-43823&#8243; medias=\u00bb95871,95841,95856,95851,95836,95831,95846&#8243; gutter_size=\u00bb2&#8243; media_items=\u00bbmedia|nolink|original\u00bb screen_lg=\u00bb1000&#8243; screen_md=\u00bb600&#8243; screen_sm=\u00bb480&#8243; single_overlay_opacity=\u00bb50&#8243; single_overlay_anim=\u00bbno\u00bb single_h_align=\u00bbcenter\u00bb single_padding=\u00bb2&#8243; single_icon=\u00bbfa fa-plus2&#8243; single_border=\u00bbyes\u00bb single_css_animation=\u00bbbottom-t-top\u00bb single_animation_delay=\u00bb100&#8243; lbox_title=\u00bbyes\u00bb lbox_caption=\u00bbyes\u00bb lbox_social=\u00bbyes\u00bb lbox_deep=\u00bbyes\u00bb lbox_no_tmb=\u00bbyes\u00bb no_double_tap=\u00bbyes\u00bb items=\u00bbe30=\u00bb uncode_shortcode_id=\u00bb143035&#8243;][\/vc_column][\/vc_row][\/vc_section][vc_row unlock_row_content=\u00bbyes\u00bb row_height_percent=\u00bb0&#8243; back_image=\u00bb87012&#8243; back_position=\u00bbcenter bottom\u00bb overlay_color=\u00bbcolor-156355&#8243; overlay_alpha=\u00bb78&#8243; gutter_size=\u00bb3&#8243; column_width_percent=\u00bb100&#8243; shift_y=\u00bb0&#8243; z_index=\u00bb0&#8243; el_class=\u00bbcta\u00bb uncode_shortcode_id=\u00bb258781&#8243; overlay_color_type=\u00bbuncode-palette\u00bb][vc_column column_width_use_pixel=\u00bbyes\u00bb position_horizontal=\u00bbleft\u00bb position_vertical=\u00bbmiddle\u00bb gutter_size=\u00bb3&#8243; style=\u00bbdark\u00bb overlay_alpha=\u00bb50&#8243; shift_x=\u00bb0&#8243; shift_y=\u00bb0&#8243; shift_y_down=\u00bb0&#8243; z_index=\u00bb0&#8243; align_medium=\u00bbalign_center_tablet\u00bb medium_width=\u00bb0&#8243; align_mobile=\u00bbalign_center_mobile\u00bb mobile_width=\u00bb0&#8243; width=\u00bb2\/3&#8243; column_width_pixel=\u00bb900&#8243;][vc_custom_heading text_size=\u00bbh6&#8243; sub_lead=\u00bbyes\u00bb sub_reduced=\u00bbyes\u00bb css_animation=\u00bbzoom-in\u00bb uncode_shortcode_id=\u00bb173023&#8243;]Desea m\u00e1s informaci\u00f3n sobre Kepstan<strong><sup>\u00ae<\/sup> <\/strong> de Kepstan[\/vc_custom_heading][vc_column_text text_lead=\u00bbyes\u00bb css_animation=\u00bbzoom-in\u00bb animation_speed=\u00bb600&#8243;]Las \u00fatiles gu\u00edas de productos, tutoriales o libros blancos le ayudar\u00e1n a elegir el producto adecuado. Si no encuentra la respuesta que busca, no dude en llamarnos al <a href=\"tel:+33161440290\">+33 (0)1 61 44 02 90<\/a> o enviarnos un correo electr\u00f3nico a <a href=\"mailto:info@tetrachim.com\">info@tetrachim.com.<\/a>[\/vc_column_text][\/vc_column][vc_column column_width_percent=\u00bb100&#8243; position_vertical=\u00bbmiddle\u00bb gutter_size=\u00bb3&#8243; style=\u00bbdark\u00bb overlay_alpha=\u00bb50&#8243; shift_x=\u00bb0&#8243; shift_y=\u00bb0&#8243; shift_y_down=\u00bb0&#8243; z_index=\u00bb0&#8243; align_medium=\u00bbalign_center_tablet\u00bb medium_width=\u00bb0&#8243; align_mobile=\u00bbalign_center_mobile\u00bb mobile_width=\u00bb0&#8243; width=\u00bb1\/3&#8243;][vc_button button_color=\u00bbcolor-xsdn\u00bb border_width=\u00bb0&#8243; el_class=\u00bbbtn-outline btn-blanc\u00bb]Vaya a nuestro Centro de conocimientos[\/vc_button][\/vc_column][\/vc_row]<\/p>\n<\/div>","protected":false},"excerpt":{"rendered":"<p>[vc_row unlock_row_content=\u00bbyes\u00bb row_height_percent=\u00bb0&#8243; override_padding=\u00bbyes\u00bb h_padding=\u00bb0&#8243; top_padding=\u00bb0&#8243; bottom_padding=\u00bb0&#8243; back_image=\u00bb83397&#8243; overlay_alpha=\u00bb50&#8243; gutter_size=\u00bb3&#8243; column_width_percent=\u00bb100&#8243; shift_y=\u00bb0&#8243; z_index=\u00bb0&#8243; row_height_pixel=\u00bb200px\u00bb el_id=\u00bbbandeau-page\u00bb front_end_with_slider=\u00bbtrue\u00bb][vc_column column_width_percent=\u00bb100&#8243; position_vertical=\u00bbmiddle\u00bb gutter_size=\u00bb3&#8243; override_padding=\u00bbyes\u00bb [&hellip;]<\/p>\n","protected":false},"author":2,"featured_media":0,"parent":0,"menu_order":0,"comment_status":"closed","ping_status":"closed","template":"","meta":{"footnotes":""},"class_list":["post-97734","page","type-page","status-publish","hentry"],"yoast_head":"<!-- This site is optimized with the Yoast SEO plugin v27.5 - https:\/\/yoast.com\/product\/yoast-seo-wordpress\/ -->\n<title>Kepstan\u00ae PEKK - Tetrachim<\/title>\n<meta name=\"robots\" content=\"index, follow, max-snippet:-1, max-image-preview:large, max-video-preview:-1\" \/>\n<link rel=\"canonical\" href=\"https:\/\/www.tetrachim.com\/es\/kepstan-pekk\/\" \/>\n<meta property=\"og:locale\" content=\"es_ES\" \/>\n<meta property=\"og:type\" content=\"article\" \/>\n<meta property=\"og:title\" content=\"Kepstan\u00ae PEKK - Tetrachim\" \/>\n<meta property=\"og:description\" content=\"[vc_row unlock_row_content=\u00bbyes\u00bb row_height_percent=\u00bb0&#8243; override_padding=\u00bbyes\u00bb h_padding=\u00bb0&#8243; top_padding=\u00bb0&#8243; bottom_padding=\u00bb0&#8243; back_image=\u00bb83397&#8243; overlay_alpha=\u00bb50&#8243; gutter_size=\u00bb3&#8243; column_width_percent=\u00bb100&#8243; shift_y=\u00bb0&#8243; z_index=\u00bb0&#8243; row_height_pixel=\u00bb200px\u00bb el_id=\u00bbbandeau-page\u00bb front_end_with_slider=\u00bbtrue\u00bb][vc_column column_width_percent=\u00bb100&#8243; position_vertical=\u00bbmiddle\u00bb gutter_size=\u00bb3&#8243; override_padding=\u00bbyes\u00bb [&hellip;]\" \/>\n<meta property=\"og:url\" content=\"https:\/\/www.tetrachim.com\/es\/kepstan-pekk\/\" \/>\n<meta property=\"og:site_name\" content=\"Tetrachim\" \/>\n<meta property=\"article:modified_time\" content=\"2025-07-08T14:56:11+00:00\" \/>\n<meta name=\"twitter:card\" content=\"summary_large_image\" \/>\n<meta name=\"twitter:site\" content=\"@Tetrachim\" \/>\n<meta name=\"twitter:label1\" content=\"Tiempo de lectura\" \/>\n\t<meta name=\"twitter:data1\" content=\"7 minutos\" \/>\n<script type=\"application\/ld+json\" class=\"yoast-schema-graph\">{\"@context\":\"https:\\\/\\\/schema.org\",\"@graph\":[{\"@type\":\"WebPage\",\"@id\":\"https:\\\/\\\/www.tetrachim.com\\\/es\\\/kepstan-pekk\\\/\",\"url\":\"https:\\\/\\\/www.tetrachim.com\\\/es\\\/kepstan-pekk\\\/\",\"name\":\"Kepstan\u00ae PEKK - Tetrachim\",\"isPartOf\":{\"@id\":\"https:\\\/\\\/www.tetrachim.com\\\/es\\\/#website\"},\"datePublished\":\"2025-07-08T14:56:08+00:00\",\"dateModified\":\"2025-07-08T14:56:11+00:00\",\"breadcrumb\":{\"@id\":\"https:\\\/\\\/www.tetrachim.com\\\/es\\\/kepstan-pekk\\\/#breadcrumb\"},\"inLanguage\":\"es\",\"potentialAction\":[{\"@type\":\"ReadAction\",\"target\":[\"https:\\\/\\\/www.tetrachim.com\\\/es\\\/kepstan-pekk\\\/\"]}]},{\"@type\":\"BreadcrumbList\",\"@id\":\"https:\\\/\\\/www.tetrachim.com\\\/es\\\/kepstan-pekk\\\/#breadcrumb\",\"itemListElement\":[{\"@type\":\"ListItem\",\"position\":1,\"name\":\"\",\"item\":\"https:\\\/\\\/www.tetrachim.com\\\/es\\\/\"},{\"@type\":\"ListItem\",\"position\":2,\"name\":\"Kepstan\u00ae PEKK\"}]},{\"@type\":\"WebSite\",\"@id\":\"https:\\\/\\\/www.tetrachim.com\\\/es\\\/#website\",\"url\":\"https:\\\/\\\/www.tetrachim.com\\\/es\\\/\",\"name\":\"Tetrachim\",\"description\":\"Rev\u00eatements high-tech\",\"publisher\":{\"@id\":\"https:\\\/\\\/www.tetrachim.com\\\/es\\\/#organization\"},\"potentialAction\":[{\"@type\":\"SearchAction\",\"target\":{\"@type\":\"EntryPoint\",\"urlTemplate\":\"https:\\\/\\\/www.tetrachim.com\\\/es\\\/?s={search_term_string}\"},\"query-input\":{\"@type\":\"PropertyValueSpecification\",\"valueRequired\":true,\"valueName\":\"search_term_string\"}}],\"inLanguage\":\"es\"},{\"@type\":\"Organization\",\"@id\":\"https:\\\/\\\/www.tetrachim.com\\\/es\\\/#organization\",\"name\":\"Tetrachim\",\"url\":\"https:\\\/\\\/www.tetrachim.com\\\/es\\\/\",\"logo\":{\"@type\":\"ImageObject\",\"inLanguage\":\"es\",\"@id\":\"https:\\\/\\\/www.tetrachim.com\\\/es\\\/#\\\/schema\\\/logo\\\/image\\\/\",\"url\":\"https:\\\/\\\/www.tetrachim.com\\\/wp-content\\\/uploads\\\/2020\\\/07\\\/logo-tetrachim.png\",\"contentUrl\":\"https:\\\/\\\/www.tetrachim.com\\\/wp-content\\\/uploads\\\/2020\\\/07\\\/logo-tetrachim.png\",\"width\":244,\"height\":51,\"caption\":\"Tetrachim\"},\"image\":{\"@id\":\"https:\\\/\\\/www.tetrachim.com\\\/es\\\/#\\\/schema\\\/logo\\\/image\\\/\"},\"sameAs\":[\"https:\\\/\\\/x.com\\\/Tetrachim\",\"https:\\\/\\\/www.linkedin.com\\\/company\\\/tetrachim\\\/\"]}]}<\/script>\n<!-- \/ Yoast SEO plugin. -->","yoast_head_json":{"title":"Kepstan\u00ae PEKK - Tetrachim","robots":{"index":"index","follow":"follow","max-snippet":"max-snippet:-1","max-image-preview":"max-image-preview:large","max-video-preview":"max-video-preview:-1"},"canonical":"https:\/\/www.tetrachim.com\/es\/kepstan-pekk\/","og_locale":"es_ES","og_type":"article","og_title":"Kepstan\u00ae PEKK - Tetrachim","og_description":"[vc_row unlock_row_content=\u00bbyes\u00bb row_height_percent=\u00bb0&#8243; override_padding=\u00bbyes\u00bb h_padding=\u00bb0&#8243; top_padding=\u00bb0&#8243; bottom_padding=\u00bb0&#8243; back_image=\u00bb83397&#8243; overlay_alpha=\u00bb50&#8243; gutter_size=\u00bb3&#8243; column_width_percent=\u00bb100&#8243; shift_y=\u00bb0&#8243; z_index=\u00bb0&#8243; row_height_pixel=\u00bb200px\u00bb el_id=\u00bbbandeau-page\u00bb front_end_with_slider=\u00bbtrue\u00bb][vc_column column_width_percent=\u00bb100&#8243; position_vertical=\u00bbmiddle\u00bb gutter_size=\u00bb3&#8243; override_padding=\u00bbyes\u00bb [&hellip;]","og_url":"https:\/\/www.tetrachim.com\/es\/kepstan-pekk\/","og_site_name":"Tetrachim","article_modified_time":"2025-07-08T14:56:11+00:00","twitter_card":"summary_large_image","twitter_site":"@Tetrachim","twitter_misc":{"Tiempo de lectura":"7 minutos"},"schema":{"@context":"https:\/\/schema.org","@graph":[{"@type":"WebPage","@id":"https:\/\/www.tetrachim.com\/es\/kepstan-pekk\/","url":"https:\/\/www.tetrachim.com\/es\/kepstan-pekk\/","name":"Kepstan\u00ae PEKK - Tetrachim","isPartOf":{"@id":"https:\/\/www.tetrachim.com\/es\/#website"},"datePublished":"2025-07-08T14:56:08+00:00","dateModified":"2025-07-08T14:56:11+00:00","breadcrumb":{"@id":"https:\/\/www.tetrachim.com\/es\/kepstan-pekk\/#breadcrumb"},"inLanguage":"es","potentialAction":[{"@type":"ReadAction","target":["https:\/\/www.tetrachim.com\/es\/kepstan-pekk\/"]}]},{"@type":"BreadcrumbList","@id":"https:\/\/www.tetrachim.com\/es\/kepstan-pekk\/#breadcrumb","itemListElement":[{"@type":"ListItem","position":1,"name":"","item":"https:\/\/www.tetrachim.com\/es\/"},{"@type":"ListItem","position":2,"name":"Kepstan\u00ae PEKK"}]},{"@type":"WebSite","@id":"https:\/\/www.tetrachim.com\/es\/#website","url":"https:\/\/www.tetrachim.com\/es\/","name":"Tetrachim","description":"Rev\u00eatements high-tech","publisher":{"@id":"https:\/\/www.tetrachim.com\/es\/#organization"},"potentialAction":[{"@type":"SearchAction","target":{"@type":"EntryPoint","urlTemplate":"https:\/\/www.tetrachim.com\/es\/?s={search_term_string}"},"query-input":{"@type":"PropertyValueSpecification","valueRequired":true,"valueName":"search_term_string"}}],"inLanguage":"es"},{"@type":"Organization","@id":"https:\/\/www.tetrachim.com\/es\/#organization","name":"Tetrachim","url":"https:\/\/www.tetrachim.com\/es\/","logo":{"@type":"ImageObject","inLanguage":"es","@id":"https:\/\/www.tetrachim.com\/es\/#\/schema\/logo\/image\/","url":"https:\/\/www.tetrachim.com\/wp-content\/uploads\/2020\/07\/logo-tetrachim.png","contentUrl":"https:\/\/www.tetrachim.com\/wp-content\/uploads\/2020\/07\/logo-tetrachim.png","width":244,"height":51,"caption":"Tetrachim"},"image":{"@id":"https:\/\/www.tetrachim.com\/es\/#\/schema\/logo\/image\/"},"sameAs":["https:\/\/x.com\/Tetrachim","https:\/\/www.linkedin.com\/company\/tetrachim\/"]}]}},"_links":{"self":[{"href":"https:\/\/www.tetrachim.com\/es\/wp-json\/wp\/v2\/pages\/97734","targetHints":{"allow":["GET"]}}],"collection":[{"href":"https:\/\/www.tetrachim.com\/es\/wp-json\/wp\/v2\/pages"}],"about":[{"href":"https:\/\/www.tetrachim.com\/es\/wp-json\/wp\/v2\/types\/page"}],"author":[{"embeddable":true,"href":"https:\/\/www.tetrachim.com\/es\/wp-json\/wp\/v2\/users\/2"}],"replies":[{"embeddable":true,"href":"https:\/\/www.tetrachim.com\/es\/wp-json\/wp\/v2\/comments?post=97734"}],"version-history":[{"count":2,"href":"https:\/\/www.tetrachim.com\/es\/wp-json\/wp\/v2\/pages\/97734\/revisions"}],"predecessor-version":[{"id":97740,"href":"https:\/\/www.tetrachim.com\/es\/wp-json\/wp\/v2\/pages\/97734\/revisions\/97740"}],"wp:attachment":[{"href":"https:\/\/www.tetrachim.com\/es\/wp-json\/wp\/v2\/media?parent=97734"}],"curies":[{"name":"wp","href":"https:\/\/api.w.org\/{rel}","templated":true}]}}