{"id":97927,"date":"2025-07-09T17:40:44","date_gmt":"2025-07-09T15:40:44","guid":{"rendered":"https:\/\/www.tetrachim.com\/sus-mercados\/"},"modified":"2025-07-30T16:18:30","modified_gmt":"2025-07-30T14:18:30","slug":"sus-mercados","status":"publish","type":"page","link":"https:\/\/www.tetrachim.com\/es\/sus-mercados\/","title":{"rendered":"Sus mercados"},"content":{"rendered":"<div class=\"wpb-content-wrapper\"><p>[vc_row unlock_row_content=\u00bbyes\u00bb row_height_percent=\u00bb0&#8243; override_padding=\u00bbyes\u00bb h_padding=\u00bb0&#8243; top_padding=\u00bb0&#8243; bottom_padding=\u00bb0&#8243; back_image=\u00bb83397&#8243; overlay_alpha=\u00bb50&#8243; gutter_size=\u00bb3&#8243; column_width_percent=\u00bb100&#8243; shift_y=\u00bb0&#8243; z_index=\u00bb0&#8243; row_height_pixel=\u00bb200px\u00bb el_id=\u00bbbandeau-page\u00bb front_end_with_slider=\u00bbtrue\u00bb][vc_column column_width_percent=\u00bb100&#8243; position_vertical=\u00bbmiddle\u00bb gutter_size=\u00bb3&#8243; override_padding=\u00bbyes\u00bb column_padding=\u00bb0&#8243; overlay_alpha=\u00bb50&#8243; shift_x=\u00bb0&#8243; shift_y=\u00bb0&#8243; shift_y_down=\u00bb0&#8243; z_index=\u00bb0&#8243; medium_width=\u00bb0&#8243; mobile_width=\u00bb0&#8243; width=\u00bb1\/1&#8243;][vc_row_inner row_inner_height_percent=\u00bb100&#8243; back_image=\u00bb85629&#8243; back_position=\u00bbleft center\u00bb overlay_alpha=\u00bb50&#8243; equal_height=\u00bbyes\u00bb gutter_size=\u00bb3&#8243; shift_y=\u00bb0&#8243; z_index=\u00bb0&#8243; back_size=\u00bbauto 100%\u00bb el_class=\u00bbrangee-reduite-plus\u00bb row_height_pixel=\u00bb200px\u00bb limit_content=\u00bb\u00bb][vc_column_inner column_width_percent=\u00bb66&#8243; position_horizontal=\u00bbleft\u00bb position_vertical=\u00bbmiddle\u00bb gutter_size=\u00bb3&#8243; overlay_alpha=\u00bb50&#8243; shift_x=\u00bb0&#8243; shift_y=\u00bb0&#8243; shift_y_down=\u00bb0&#8243; z_index=\u00bb0&#8243; medium_width=\u00bb0&#8243; mobile_width=\u00bb0&#8243; width=\u00bb1\/1&#8243;][vc_custom_heading heading_semantic=\u00bbh1&#8243; text_font=\u00bbfont-112492&#8243; text_color=\u00bbcolor-889485&#8243; css_animation=\u00bbleft-t-right\u00bb]Sus <strong>mercados<\/strong>[\/vc_custom_heading][vc_column_text css_animation=\u00bbleft-t-right\u00bb animation_delay=\u00bb200&#8243;]<span><span><a href=\"https:\/\/www.tetrachim.com\/es\/\"><i class=\"menu-icon fa fa-home3\"><\/i><\/a><\/span><\/span>[\/vc_column_text][\/vc_column_inner][\/vc_row_inner][vc_single_image media=\u00bb86568&#8243; media_width_use_pixel=\u00bbyes\u00bb alignment=\u00bbright\u00bb shadow=\u00bbyes\u00bb shadow_weight=\u00bblg\u00bb css_animation=\u00bbright-t-left\u00bb animation_speed=\u00bb400&#8243; media_width_pixel=\u00bb560&#8243;][\/vc_column][\/vc_row][vc_section back_image=\u00bb85635&#8243; back_repeat=\u00bbno-repeat\u00bb back_position=\u00bbright center\u00bb overlay_alpha=\u00bb50&#8243; el_class=\u00bbsection-fleche\u00bb back_size=\u00bb260px auto\u00bb][vc_row row_height_percent=\u00bb0&#8243; overlay_alpha=\u00bb50&#8243; gutter_size=\u00bb3&#8243; column_width_percent=\u00bb100&#8243; shift_y=\u00bb0&#8243; z_index=\u00bb0&#8243; el_id=\u00bbmarches\u00bb el_class=\u00bbrangee-reduite marches-style2&#8243;][vc_column column_width_percent=\u00bb100&#8243; align_horizontal=\u00bbalign_center\u00bb gutter_size=\u00bb3&#8243; overlay_alpha=\u00bb50&#8243; shift_x=\u00bb0&#8243; shift_y=\u00bb0&#8243; shift_y_down=\u00bb0&#8243; z_index=\u00bb0&#8243; medium_width=\u00bb0&#8243; mobile_width=\u00bb0&#8243; css_animation=\u00bbalpha-anim\u00bb width=\u00bb1\/1&#8243;][vc_row_inner row_inner_height_percent=\u00bb0&#8243; overlay_alpha=\u00bb50&#8243; gutter_size=\u00bb0&#8243; shift_y=\u00bb0&#8243; z_index=\u00bb0&#8243; el_class=\u00bbboite-ico\u00bb limit_content=\u00bb\u00bb][vc_column_inner column_width_percent=\u00bb100&#8243; align_horizontal=\u00bbalign_center\u00bb gutter_size=\u00bb3&#8243; expand_height=\u00bbyes\u00bb back_image=\u00bb86257&#8243; overlay_color=\u00bbcolor-xsdn\u00bb overlay_alpha=\u00bb90&#8243; shift_x=\u00bb0&#8243; shift_y=\u00bb0&#8243; shift_y_down=\u00bb0&#8243; z_index=\u00bb0&#8243; medium_width=\u00bb0&#8243; mobile_width=\u00bb0&#8243; width=\u00bb1\/1&#8243;][vc_icon icon_image=\u00bb83356&#8243; text_size=\u00bbfontsize-155944&#8243; text_weight=\u00bb700&#8243; linked_title=\u00bbyes\u00bb link=\u00bburl:http%3A%2F%2Ftetrachim.com%2Fyour-markets%2Ffood-industrial-bakeware%2F|title:Alimentaci%C3%B3n%20%2F%20Industrial%20Bakeware|\u00bb link_text=\u00bbhttp:\/\/www.tetrachim.com\/your-markets\/food-industrial-bakeware\/\u00bb]<\/p>\n<h3>Alimentaci\u00f3n \/ Industrial Bakeware<\/h3>\n<p>Disponibles en todas las formas y tama\u00f1os, los componentes de los equipos alimentarios industriales y los utensilios para hornear tienen que soportar duras condiciones de temperatura y durar numerosos ciclos de trabajo.<\/p>\n<p><a href=\"http:\/\/www.tetrachim.com\/your-markets\/food-industrial-bakeware\/\">Seguir leyendo<\/a>[\/vc_icon][\/vc_column_inner][\/vc_row_inner][vc_row_inner row_inner_height_percent=\u00bb0&#8243; overlay_alpha=\u00bb75&#8243; gutter_size=\u00bb0&#8243; shift_y=\u00bb0&#8243; z_index=\u00bb0&#8243; el_class=\u00bbboite-ico\u00bb limit_content=\u00bb\u00bb][vc_column_inner column_width_percent=\u00bb100&#8243; align_horizontal=\u00bbalign_center\u00bb gutter_size=\u00bb3&#8243; expand_height=\u00bbyes\u00bb style=\u00bbdark\u00bb back_image=\u00bb86246&#8243; overlay_color=\u00bbcolor-889485&#8243; overlay_alpha=\u00bb75&#8243; shift_x=\u00bb0&#8243; shift_y=\u00bb0&#8243; shift_y_down=\u00bb0&#8243; z_index=\u00bb0&#8243; medium_width=\u00bb0&#8243; mobile_width=\u00bb0&#8243; width=\u00bb1\/1&#8243;][vc_icon icon_image=\u00bb83366&#8243; text_size=\u00bbfontsize-155944&#8243; text_weight=\u00bb700&#8243; linked_title=\u00bbyes\u00bb link=\u00bburl:http%3A%2F%2Ftetrachim.com%2Fyour-markets%2Fchemical-water-industries%2F|title:Qu%C3%ADmica%20%2F%20Farmac%C3%A9utica%20y%20Agua|\u00bb link_text=\u00bbhttp:\/\/www.tetrachim.com\/your-markets\/chemical-water-industries\/\u00bb]<\/p>\n<h3>Productos qu\u00edmicos \/ Agua<\/h3>\n<p>Las industrias qu\u00edmica y del agua plantean grandes retos a la hora de seleccionar revestimientos protectores. Requieren superficies f\u00e1ciles de limpiar y resistentes a la corrosi\u00f3n combinadas con altas temperaturas. <\/p>\n<p><a href=\"http:\/\/www.tetrachim.com\/your-markets\/chemical-water-industries\/\">Seguir leyendo<\/a>[\/vc_icon][\/vc_column_inner][\/vc_row_inner][vc_row_inner row_inner_height_percent=\u00bb0&#8243; overlay_alpha=\u00bb50&#8243; gutter_size=\u00bb0&#8243; shift_y=\u00bb0&#8243; z_index=\u00bb0&#8243; el_class=\u00bbboite-ico\u00bb limit_content=\u00bb\u00bb][vc_column_inner column_width_percent=\u00bb100&#8243; align_horizontal=\u00bbalign_center\u00bb gutter_size=\u00bb3&#8243; back_image=\u00bb86180&#8243; overlay_color=\u00bbcolor-xsdn\u00bb overlay_alpha=\u00bb90&#8243; shift_x=\u00bb0&#8243; shift_y=\u00bb0&#8243; shift_y_down=\u00bb0&#8243; z_index=\u00bb0&#8243; medium_width=\u00bb0&#8243; mobile_width=\u00bb0&#8243; width=\u00bb1\/1&#8243;][vc_icon icon_image=\u00bb83371&#8243; text_size=\u00bbfontsize-155944&#8243; text_weight=\u00bb700&#8243; linked_title=\u00bbyes\u00bb link=\u00bburl:http%3A%2F%2Ftetrachim.com%2Fyour-markets%2Felectronics-semi-conductors%2F|title:Electr%C3%B3nica%20%2F%20Semiconductores|\u00bb link_text=\u00bbhttp:\/\/www.tetrachim.com\/your-markets\/electronics-semi-conductors\/\u00bb]<\/p>\n<h3>Electr\u00f3nica \/ Semiconductores<\/h3>\n<p>Hoy en d\u00eda, el aumento de la conectividad, la tecnolog\u00eda m\u00e1s inteligente y los dispositivos m\u00e1s peque\u00f1os aumentan r\u00e1pidamente. Para cumplir estos requisitos, innumerables dispositivos dependen de tintas de alto rendimiento para su funci\u00f3n, forma y flexibilidad. <\/p>\n<p><a href=\"http:\/\/www.tetrachim.com\/your-markets\/electronics-semi-conductors\/\">Seguir leyendo<\/a>[\/vc_icon][\/vc_column_inner][\/vc_row_inner][vc_row_inner row_inner_height_percent=\u00bb0&#8243; overlay_alpha=\u00bb50&#8243; gutter_size=\u00bb0&#8243; shift_y=\u00bb0&#8243; z_index=\u00bb0&#8243; el_class=\u00bbboite-ico\u00bb limit_content=\u00bb\u00bb][vc_column_inner column_width_percent=\u00bb100&#8243; align_horizontal=\u00bbalign_center\u00bb gutter_size=\u00bb3&#8243; style=\u00bbdark\u00bb back_image=\u00bb86274&#8243; overlay_color=\u00bbcolor-889485&#8243; overlay_alpha=\u00bb75&#8243; shift_x=\u00bb0&#8243; shift_y=\u00bb0&#8243; shift_y_down=\u00bb0&#8243; z_index=\u00bb0&#8243; medium_width=\u00bb0&#8243; mobile_width=\u00bb0&#8243; width=\u00bb1\/1&#8243;][vc_icon icon_image=\u00bb83381&#8243; text_size=\u00bbfontsize-155944&#8243; text_weight=\u00bb700&#8243; linked_title=\u00bbyes\u00bb link=\u00bburl:http%3A%2F%2Ftetrachim.com%2Fyour-markets%2Fenergy-electricity%2F|title:Mercado%20de%20la%20energ%C3%ADa|\u00bb link_text=\u00bbhttp:\/\/www.tetrachim.com\/your-markets\/energy-electricity\/\u00bb]<\/p>\n<h3>Energ\u00eda \/ Electricidad<\/h3>\n<p>Se prev\u00e9 que la demanda mundial de energ\u00eda se duplique de aqu\u00ed a 2050, con muchos retos que afrontar.<br \/>\nEn este sector de r\u00e1pido crecimiento, los instrumentos y equipos est\u00e1n sometidos a temperaturas extremas, rayos UV, presiones, corrosi\u00f3n y abrasi\u00f3n y, por supuesto, deben ofrecer excelentes propiedades diel\u00e9ctricas.<\/p>\n<p><a href=\"http:\/\/www.tetrachim.com\/your-markets\/energy-electricity\/\">Seguir leyendo<\/a>[\/vc_icon][\/vc_column_inner][\/vc_row_inner][vc_row_inner row_inner_height_percent=\u00bb0&#8243; overlay_alpha=\u00bb50&#8243; gutter_size=\u00bb0&#8243; shift_y=\u00bb0&#8243; z_index=\u00bb0&#8243; el_class=\u00bbboite-ico\u00bb limit_content=\u00bb\u00bb][vc_column_inner column_width_percent=\u00bb100&#8243; align_horizontal=\u00bbalign_center\u00bb gutter_size=\u00bb3&#8243; back_image=\u00bb86251&#8243; overlay_color=\u00bbcolor-xsdn\u00bb overlay_alpha=\u00bb90&#8243; shift_x=\u00bb0&#8243; shift_y=\u00bb0&#8243; shift_y_down=\u00bb0&#8243; z_index=\u00bb0&#8243; medium_width=\u00bb0&#8243; mobile_width=\u00bb0&#8243; width=\u00bb1\/1&#8243;][vc_icon icon_image=\u00bb83351&#8243; text_size=\u00bbfontsize-155944&#8243; text_weight=\u00bb700&#8243; linked_title=\u00bbyes\u00bb link=\u00bburl:http%3A%2F%2Ftetrachim.com%2Fyour-markets%2Faerospace%2F|title:Aeroespacial%20%2F%20Defensa|\u00bb link_text=\u00bbhttp:\/\/www.tetrachim.com\/your-markets\/aerospace\/\u00bb]<\/p>\n<h3>Aeroespacial<\/h3>\n<p>Las aeronaves y los equipos aeroespaciales soportan algunos de los m\u00e1s intensos altibajos de temperatura, fuertes vibraciones y cambios de presi\u00f3n. Para satisfacer las necesidades y normas de los fabricantes de aviones que construyen aeronaves m\u00e1s resistentes, ligeras, c\u00f3modas y seguras, deben utilizarse materiales homologados de fuentes certificadas. <\/p>\n<p><a href=\"http:\/\/www.tetrachim.com\/your-markets\/aerospace\/\">Seguir leyendo<\/a>[\/vc_icon][\/vc_column_inner][\/vc_row_inner][vc_row_inner row_inner_height_percent=\u00bb0&#8243; overlay_alpha=\u00bb50&#8243; gutter_size=\u00bb0&#8243; shift_y=\u00bb0&#8243; z_index=\u00bb0&#8243; el_class=\u00bbboite-ico\u00bb limit_content=\u00bb\u00bb][vc_column_inner column_width_percent=\u00bb100&#8243; align_horizontal=\u00bbalign_center\u00bb gutter_size=\u00bb3&#8243; style=\u00bbdark\u00bb back_image=\u00bb86268&#8243; overlay_color=\u00bbcolor-889485&#8243; overlay_alpha=\u00bb75&#8243; shift_x=\u00bb0&#8243; shift_y=\u00bb0&#8243; shift_y_down=\u00bb0&#8243; z_index=\u00bb0&#8243; medium_width=\u00bb0&#8243; mobile_width=\u00bb0&#8243; width=\u00bb1\/1&#8243;][vc_icon icon_image=\u00bb83361&#8243; text_size=\u00bbfontsize-155944&#8243; text_weight=\u00bb700&#8243; linked_title=\u00bbyes\u00bb link=\u00bburl:http%3A%2F%2Ftetrachim.com%2Fyour-markets%2Fautomotive%2F|title:Automoci%C3%B3n|\u00bb link_text=\u00bbhttp:\/\/www.tetrachim.com\/your-markets\/automotive\/\u00bb]<\/p>\n<h3>Automoci\u00f3n<\/h3>\n<p>La industria del autom\u00f3vil se enfrenta a numerosos retos: mejorar la eficiencia del combustible para reducir la huella de carbono, optimizar el ciclo de vida de los veh\u00edculos y cumplir los requisitos de seguridad m\u00e1s exigentes sin dejar de ofrecer una gran experiencia de conducci\u00f3n.<\/p>\n<p><a href=\"http:\/\/www.tetrachim.com\/your-markets\/automotive\/\">Seguir leyendo<\/a>[\/vc_icon][\/vc_column_inner][\/vc_row_inner][vc_row_inner row_inner_height_percent=\u00bb0&#8243; overlay_alpha=\u00bb50&#8243; gutter_size=\u00bb0&#8243; shift_y=\u00bb0&#8243; z_index=\u00bb0&#8243; el_class=\u00bbboite-ico\u00bb limit_content=\u00bb\u00bb][vc_column_inner column_width_percent=\u00bb100&#8243; align_horizontal=\u00bbalign_center\u00bb gutter_size=\u00bb3&#8243; back_image=\u00bb86280&#8243; overlay_color=\u00bbcolor-xsdn\u00bb overlay_alpha=\u00bb90&#8243; shift_x=\u00bb0&#8243; shift_y=\u00bb0&#8243; shift_y_down=\u00bb0&#8243; z_index=\u00bb0&#8243; medium_width=\u00bb0&#8243; mobile_width=\u00bb0&#8243; width=\u00bb1\/1&#8243;][vc_icon icon_image=\u00bb83391&#8243; text_size=\u00bbfontsize-155944&#8243; text_weight=\u00bb700&#8243; linked_title=\u00bbyes\u00bb link=\u00bburl:http%3A%2F%2Ftetrachim.com%2Fyour-markets%2Fpaper-textile%2F|title:Papel%20%2F%20Textil|\u00bb link_text=\u00bbhttp:\/\/www.tetrachim.com\/your-markets\/paper-textile\/\u00bb]<\/p>\n<h3>Papel \/ Textil<\/h3>\n<p>Los propietarios de f\u00e1bricas de pasta y papel luchan constantemente contra la corrosi\u00f3n, pero tambi\u00e9n necesitan mantener la superficie de sus cilindros y rodillos para garantizar la calidad y productividad de su producci\u00f3n.<\/p>\n<p><a href=\"http:\/\/www.tetrachim.com\/your-markets\/paper-textile\/\">Seguir leyendo<\/a>[\/vc_icon][\/vc_column_inner][\/vc_row_inner][vc_row_inner row_inner_height_percent=\u00bb0&#8243; overlay_alpha=\u00bb50&#8243; gutter_size=\u00bb0&#8243; shift_y=\u00bb0&#8243; z_index=\u00bb0&#8243; el_class=\u00bbboite-ico\u00bb limit_content=\u00bb\u00bb][vc_column_inner column_width_percent=\u00bb100&#8243; align_horizontal=\u00bbalign_center\u00bb gutter_size=\u00bb3&#8243; style=\u00bbdark\u00bb back_image=\u00bb86286&#8243; overlay_color=\u00bbcolor-889485&#8243; overlay_alpha=\u00bb75&#8243; shift_x=\u00bb0&#8243; shift_y=\u00bb0&#8243; shift_y_down=\u00bb0&#8243; z_index=\u00bb0&#8243; medium_width=\u00bb0&#8243; mobile_width=\u00bb0&#8243; width=\u00bb1\/1&#8243;][vc_icon icon_image=\u00bb83376&#8243; text_size=\u00bbfontsize-155944&#8243; text_weight=\u00bb700&#8243; linked_title=\u00bbyes\u00bb link=\u00bburl:http%3A%2F%2Ftetrachim.com%2Fyour-markets%2Fpackaging%2F|title:Embalaje|\u00bb link_text=\u00bbhttp:\/\/www.tetrachim.com\/your-markets\/packaging\/\u00bb]<\/p>\n<h3>Embalaje<\/h3>\n<p>Las empresas de envasado necesitan combinar calidad y competitividad. Por ello, el aumento de la productividad y el flujo de producci\u00f3n ocupan un lugar destacado en su agenda. <\/p>\n<p><a href=\"http:\/\/www.tetrachim.com\/your-markets\/packaging\/\">Seguir leyendo<\/a>[\/vc_icon][\/vc_column_inner][\/vc_row_inner][vc_row_inner row_inner_height_percent=\u00bb0&#8243; overlay_alpha=\u00bb50&#8243; gutter_size=\u00bb0&#8243; shift_y=\u00bb0&#8243; z_index=\u00bb0&#8243; el_class=\u00bbboite-ico\u00bb limit_content=\u00bb\u00bb][vc_column_inner column_width_percent=\u00bb100&#8243; align_horizontal=\u00bbalign_center\u00bb gutter_size=\u00bb3&#8243; back_image=\u00bb86263&#8243; overlay_color=\u00bbcolor-xsdn\u00bb overlay_alpha=\u00bb90&#8243; shift_x=\u00bb0&#8243; shift_y=\u00bb0&#8243; shift_y_down=\u00bb0&#8243; z_index=\u00bb0&#8243; medium_width=\u00bb0&#8243; mobile_width=\u00bb0&#8243; width=\u00bb1\/1&#8243;][vc_icon icon_image=\u00bb83386&#8243; text_size=\u00bbfontsize-155944&#8243; text_weight=\u00bb700&#8243; linked_title=\u00bbyes\u00bb link=\u00bburl:http%3A%2F%2Ftetrachim.com%2Fyour-markets%2Fmedical-devices%2F|title:Productos%20sanitarios|\u00bb link_text=\u00bbhttp:\/\/www.tetrachim.com\/your-markets\/medical-devices\/\u00bb]<\/p>\n<h3>Sanidad<\/h3>\n<p>Cuando la salud del paciente est\u00e1 en juego, los m\u00e9dicos necesitan equipos fiables que funcionen con eficacia y el m\u00e1ximo nivel de higiene.<\/p>\n<p><a href=\"http:\/\/www.tetrachim.com\/your-markets\/medical-devices\/\">Seguir leyendo<\/a>[\/vc_icon][\/vc_column_inner][\/vc_row_inner][\/vc_column][\/vc_row][\/vc_section]<\/p>\n<\/div>","protected":false},"excerpt":{"rendered":"<p>[vc_row unlock_row_content=\u00bbyes\u00bb row_height_percent=\u00bb0&#8243; override_padding=\u00bbyes\u00bb h_padding=\u00bb0&#8243; top_padding=\u00bb0&#8243; bottom_padding=\u00bb0&#8243; back_image=\u00bb83397&#8243; overlay_alpha=\u00bb50&#8243; gutter_size=\u00bb3&#8243; column_width_percent=\u00bb100&#8243; shift_y=\u00bb0&#8243; z_index=\u00bb0&#8243; row_height_pixel=\u00bb200px\u00bb el_id=\u00bbbandeau-page\u00bb front_end_with_slider=\u00bbtrue\u00bb][vc_column column_width_percent=\u00bb100&#8243; position_vertical=\u00bbmiddle\u00bb gutter_size=\u00bb3&#8243; override_padding=\u00bbyes\u00bb [&hellip;]<\/p>\n","protected":false},"author":1,"featured_media":0,"parent":0,"menu_order":0,"comment_status":"closed","ping_status":"closed","template":"","meta":{"footnotes":""},"class_list":["post-97927","page","type-page","status-publish","hentry"],"yoast_head":"<!-- This site is optimized with the Yoast SEO plugin v27.5 - https:\/\/yoast.com\/product\/yoast-seo-wordpress\/ -->\n<title>Sus mercados - Tetrachim<\/title>\n<meta name=\"robots\" content=\"index, follow, max-snippet:-1, max-image-preview:large, max-video-preview:-1\" \/>\n<link rel=\"canonical\" href=\"https:\/\/www.tetrachim.com\/es\/sus-mercados\/\" \/>\n<meta property=\"og:locale\" content=\"es_ES\" \/>\n<meta property=\"og:type\" content=\"article\" \/>\n<meta property=\"og:title\" content=\"Sus mercados - Tetrachim\" \/>\n<meta property=\"og:description\" content=\"[vc_row unlock_row_content=\u00bbyes\u00bb row_height_percent=\u00bb0&#8243; override_padding=\u00bbyes\u00bb h_padding=\u00bb0&#8243; top_padding=\u00bb0&#8243; bottom_padding=\u00bb0&#8243; back_image=\u00bb83397&#8243; overlay_alpha=\u00bb50&#8243; gutter_size=\u00bb3&#8243; column_width_percent=\u00bb100&#8243; shift_y=\u00bb0&#8243; z_index=\u00bb0&#8243; row_height_pixel=\u00bb200px\u00bb el_id=\u00bbbandeau-page\u00bb front_end_with_slider=\u00bbtrue\u00bb][vc_column column_width_percent=\u00bb100&#8243; position_vertical=\u00bbmiddle\u00bb gutter_size=\u00bb3&#8243; override_padding=\u00bbyes\u00bb [&hellip;]\" \/>\n<meta property=\"og:url\" content=\"https:\/\/www.tetrachim.com\/es\/sus-mercados\/\" \/>\n<meta property=\"og:site_name\" content=\"Tetrachim\" \/>\n<meta property=\"article:modified_time\" content=\"2025-07-30T14:18:30+00:00\" \/>\n<meta name=\"twitter:card\" content=\"summary_large_image\" \/>\n<meta name=\"twitter:site\" content=\"@Tetrachim\" \/>\n<meta name=\"twitter:label1\" content=\"Tiempo de lectura\" \/>\n\t<meta name=\"twitter:data1\" content=\"8 minutos\" \/>\n<script type=\"application\/ld+json\" class=\"yoast-schema-graph\">{\"@context\":\"https:\\\/\\\/schema.org\",\"@graph\":[{\"@type\":\"WebPage\",\"@id\":\"https:\\\/\\\/www.tetrachim.com\\\/es\\\/sus-mercados\\\/\",\"url\":\"https:\\\/\\\/www.tetrachim.com\\\/es\\\/sus-mercados\\\/\",\"name\":\"Sus mercados - Tetrachim\",\"isPartOf\":{\"@id\":\"https:\\\/\\\/www.tetrachim.com\\\/es\\\/#website\"},\"datePublished\":\"2025-07-09T15:40:44+00:00\",\"dateModified\":\"2025-07-30T14:18:30+00:00\",\"breadcrumb\":{\"@id\":\"https:\\\/\\\/www.tetrachim.com\\\/es\\\/sus-mercados\\\/#breadcrumb\"},\"inLanguage\":\"es\",\"potentialAction\":[{\"@type\":\"ReadAction\",\"target\":[\"https:\\\/\\\/www.tetrachim.com\\\/es\\\/sus-mercados\\\/\"]}]},{\"@type\":\"BreadcrumbList\",\"@id\":\"https:\\\/\\\/www.tetrachim.com\\\/es\\\/sus-mercados\\\/#breadcrumb\",\"itemListElement\":[{\"@type\":\"ListItem\",\"position\":1,\"name\":\"\",\"item\":\"https:\\\/\\\/www.tetrachim.com\\\/es\\\/\"},{\"@type\":\"ListItem\",\"position\":2,\"name\":\"Sus mercados\"}]},{\"@type\":\"WebSite\",\"@id\":\"https:\\\/\\\/www.tetrachim.com\\\/es\\\/#website\",\"url\":\"https:\\\/\\\/www.tetrachim.com\\\/es\\\/\",\"name\":\"Tetrachim\",\"description\":\"Rev\u00eatements high-tech\",\"publisher\":{\"@id\":\"https:\\\/\\\/www.tetrachim.com\\\/es\\\/#organization\"},\"potentialAction\":[{\"@type\":\"SearchAction\",\"target\":{\"@type\":\"EntryPoint\",\"urlTemplate\":\"https:\\\/\\\/www.tetrachim.com\\\/es\\\/?s={search_term_string}\"},\"query-input\":{\"@type\":\"PropertyValueSpecification\",\"valueRequired\":true,\"valueName\":\"search_term_string\"}}],\"inLanguage\":\"es\"},{\"@type\":\"Organization\",\"@id\":\"https:\\\/\\\/www.tetrachim.com\\\/es\\\/#organization\",\"name\":\"Tetrachim\",\"url\":\"https:\\\/\\\/www.tetrachim.com\\\/es\\\/\",\"logo\":{\"@type\":\"ImageObject\",\"inLanguage\":\"es\",\"@id\":\"https:\\\/\\\/www.tetrachim.com\\\/es\\\/#\\\/schema\\\/logo\\\/image\\\/\",\"url\":\"https:\\\/\\\/www.tetrachim.com\\\/wp-content\\\/uploads\\\/2020\\\/07\\\/logo-tetrachim.png\",\"contentUrl\":\"https:\\\/\\\/www.tetrachim.com\\\/wp-content\\\/uploads\\\/2020\\\/07\\\/logo-tetrachim.png\",\"width\":244,\"height\":51,\"caption\":\"Tetrachim\"},\"image\":{\"@id\":\"https:\\\/\\\/www.tetrachim.com\\\/es\\\/#\\\/schema\\\/logo\\\/image\\\/\"},\"sameAs\":[\"https:\\\/\\\/x.com\\\/Tetrachim\",\"https:\\\/\\\/www.linkedin.com\\\/company\\\/tetrachim\\\/\"]}]}<\/script>\n<!-- \/ Yoast SEO plugin. -->","yoast_head_json":{"title":"Sus mercados - Tetrachim","robots":{"index":"index","follow":"follow","max-snippet":"max-snippet:-1","max-image-preview":"max-image-preview:large","max-video-preview":"max-video-preview:-1"},"canonical":"https:\/\/www.tetrachim.com\/es\/sus-mercados\/","og_locale":"es_ES","og_type":"article","og_title":"Sus mercados - Tetrachim","og_description":"[vc_row unlock_row_content=\u00bbyes\u00bb row_height_percent=\u00bb0&#8243; override_padding=\u00bbyes\u00bb h_padding=\u00bb0&#8243; top_padding=\u00bb0&#8243; bottom_padding=\u00bb0&#8243; back_image=\u00bb83397&#8243; overlay_alpha=\u00bb50&#8243; gutter_size=\u00bb3&#8243; column_width_percent=\u00bb100&#8243; shift_y=\u00bb0&#8243; z_index=\u00bb0&#8243; row_height_pixel=\u00bb200px\u00bb el_id=\u00bbbandeau-page\u00bb front_end_with_slider=\u00bbtrue\u00bb][vc_column column_width_percent=\u00bb100&#8243; position_vertical=\u00bbmiddle\u00bb gutter_size=\u00bb3&#8243; override_padding=\u00bbyes\u00bb [&hellip;]","og_url":"https:\/\/www.tetrachim.com\/es\/sus-mercados\/","og_site_name":"Tetrachim","article_modified_time":"2025-07-30T14:18:30+00:00","twitter_card":"summary_large_image","twitter_site":"@Tetrachim","twitter_misc":{"Tiempo de lectura":"8 minutos"},"schema":{"@context":"https:\/\/schema.org","@graph":[{"@type":"WebPage","@id":"https:\/\/www.tetrachim.com\/es\/sus-mercados\/","url":"https:\/\/www.tetrachim.com\/es\/sus-mercados\/","name":"Sus mercados - Tetrachim","isPartOf":{"@id":"https:\/\/www.tetrachim.com\/es\/#website"},"datePublished":"2025-07-09T15:40:44+00:00","dateModified":"2025-07-30T14:18:30+00:00","breadcrumb":{"@id":"https:\/\/www.tetrachim.com\/es\/sus-mercados\/#breadcrumb"},"inLanguage":"es","potentialAction":[{"@type":"ReadAction","target":["https:\/\/www.tetrachim.com\/es\/sus-mercados\/"]}]},{"@type":"BreadcrumbList","@id":"https:\/\/www.tetrachim.com\/es\/sus-mercados\/#breadcrumb","itemListElement":[{"@type":"ListItem","position":1,"name":"","item":"https:\/\/www.tetrachim.com\/es\/"},{"@type":"ListItem","position":2,"name":"Sus mercados"}]},{"@type":"WebSite","@id":"https:\/\/www.tetrachim.com\/es\/#website","url":"https:\/\/www.tetrachim.com\/es\/","name":"Tetrachim","description":"Rev\u00eatements high-tech","publisher":{"@id":"https:\/\/www.tetrachim.com\/es\/#organization"},"potentialAction":[{"@type":"SearchAction","target":{"@type":"EntryPoint","urlTemplate":"https:\/\/www.tetrachim.com\/es\/?s={search_term_string}"},"query-input":{"@type":"PropertyValueSpecification","valueRequired":true,"valueName":"search_term_string"}}],"inLanguage":"es"},{"@type":"Organization","@id":"https:\/\/www.tetrachim.com\/es\/#organization","name":"Tetrachim","url":"https:\/\/www.tetrachim.com\/es\/","logo":{"@type":"ImageObject","inLanguage":"es","@id":"https:\/\/www.tetrachim.com\/es\/#\/schema\/logo\/image\/","url":"https:\/\/www.tetrachim.com\/wp-content\/uploads\/2020\/07\/logo-tetrachim.png","contentUrl":"https:\/\/www.tetrachim.com\/wp-content\/uploads\/2020\/07\/logo-tetrachim.png","width":244,"height":51,"caption":"Tetrachim"},"image":{"@id":"https:\/\/www.tetrachim.com\/es\/#\/schema\/logo\/image\/"},"sameAs":["https:\/\/x.com\/Tetrachim","https:\/\/www.linkedin.com\/company\/tetrachim\/"]}]}},"_links":{"self":[{"href":"https:\/\/www.tetrachim.com\/es\/wp-json\/wp\/v2\/pages\/97927","targetHints":{"allow":["GET"]}}],"collection":[{"href":"https:\/\/www.tetrachim.com\/es\/wp-json\/wp\/v2\/pages"}],"about":[{"href":"https:\/\/www.tetrachim.com\/es\/wp-json\/wp\/v2\/types\/page"}],"author":[{"embeddable":true,"href":"https:\/\/www.tetrachim.com\/es\/wp-json\/wp\/v2\/users\/1"}],"replies":[{"embeddable":true,"href":"https:\/\/www.tetrachim.com\/es\/wp-json\/wp\/v2\/comments?post=97927"}],"version-history":[{"count":11,"href":"https:\/\/www.tetrachim.com\/es\/wp-json\/wp\/v2\/pages\/97927\/revisions"}],"predecessor-version":[{"id":100788,"href":"https:\/\/www.tetrachim.com\/es\/wp-json\/wp\/v2\/pages\/97927\/revisions\/100788"}],"wp:attachment":[{"href":"https:\/\/www.tetrachim.com\/es\/wp-json\/wp\/v2\/media?parent=97927"}],"curies":[{"name":"wp","href":"https:\/\/api.w.org\/{rel}","templated":true}]}}