{"id":97939,"date":"2025-07-09T17:40:53","date_gmt":"2025-07-09T15:40:53","guid":{"rendered":"https:\/\/www.tetrachim.com\/menciones-legales\/"},"modified":"2025-07-09T17:41:04","modified_gmt":"2025-07-09T15:41:04","slug":"menciones-legales","status":"publish","type":"page","link":"https:\/\/www.tetrachim.com\/es\/menciones-legales\/","title":{"rendered":"Menciones legales"},"content":{"rendered":"<div class=\"wpb-content-wrapper\"><p>[vc_row unlock_row_content=\u00bbyes\u00bb row_height_percent=\u00bb0&#8243; override_padding=\u00bbyes\u00bb h_padding=\u00bb0&#8243; top_padding=\u00bb0&#8243; bottom_padding=\u00bb0&#8243; back_image=\u00bb83397&#8243; overlay_alpha=\u00bb50&#8243; gutter_size=\u00bb3&#8243; column_width_percent=\u00bb100&#8243; shift_y=\u00bb0&#8243; z_index=\u00bb0&#8243; row_height_pixel=\u00bb200px\u00bb el_id=\u00bbbandeau-page\u00bb front_end_with_slider=\u00bbtrue\u00bb][vc_column column_width_percent=\u00bb100&#8243; position_vertical=\u00bbmiddle\u00bb gutter_size=\u00bb3&#8243; override_padding=\u00bbyes\u00bb column_padding=\u00bb0&#8243; overlay_alpha=\u00bb50&#8243; shift_x=\u00bb0&#8243; shift_y=\u00bb0&#8243; shift_y_down=\u00bb0&#8243; z_index=\u00bb0&#8243; medium_width=\u00bb0&#8243; mobile_width=\u00bb0&#8243; width=\u00bb1\/1&#8243;][vc_row_inner row_inner_height_percent=\u00bb100&#8243; back_image=\u00bb85629&#8243; back_position=\u00bbleft center\u00bb overlay_alpha=\u00bb50&#8243; equal_height=\u00bbyes\u00bb gutter_size=\u00bb3&#8243; shift_y=\u00bb0&#8243; z_index=\u00bb0&#8243; back_size=\u00bbauto 100%\u00bb el_class=\u00bbrangee-reduite-plus\u00bb row_height_pixel=\u00bb200px\u00bb limit_content=\u00bb\u00bb][vc_column_inner column_width_percent=\u00bb66&#8243; position_horizontal=\u00bbleft\u00bb position_vertical=\u00bbmiddle\u00bb gutter_size=\u00bb3&#8243; overlay_alpha=\u00bb50&#8243; shift_x=\u00bb0&#8243; shift_y=\u00bb0&#8243; shift_y_down=\u00bb0&#8243; z_index=\u00bb0&#8243; medium_width=\u00bb0&#8243; mobile_width=\u00bb0&#8243; width=\u00bb1\/1&#8243;][vc_custom_heading heading_semantic=\u00bbh1&#8243; text_font=\u00bbfont-112492&#8243; text_color=\u00bbcolor-889485&#8243; css_animation=\u00bbleft-t-right\u00bb]<strong>Menciones<\/strong> legales[\/vc_custom_heading][vc_column_text css_animation=\u00bbleft-t-right\u00bb animation_delay=\u00bb200&#8243;]<span><span><a href=\"https:\/\/www.tetrachim.com\/es\/\"><i class=\"menu-icon fa fa-home3\"><\/i><\/a><\/span><\/span>[\/vc_column_text][\/vc_column_inner][\/vc_row_inner][vc_single_image media=\u00bb89062&#8243; media_width_use_pixel=\u00bbyes\u00bb alignment=\u00bbright\u00bb shadow=\u00bbyes\u00bb shadow_weight=\u00bblg\u00bb css_animation=\u00bbright-t-left\u00bb animation_speed=\u00bb400&#8243; media_width_pixel=\u00bb560&#8243;][\/vc_column][\/vc_row][vc_section back_image=\u00bb85635&#8243; back_repeat=\u00bbno-repeat\u00bb back_position=\u00bbright center\u00bb overlay_alpha=\u00bb50&#8243; el_class=\u00bbsection-fleche\u00bb back_size=\u00bb260px auto\u00bb el_id=\u00bbmentions-legales\u00bb][vc_row row_height_percent=\u00bb0&#8243; override_padding=\u00bbyes\u00bb h_padding=\u00bb2&#8243; top_padding=\u00bb3&#8243; bottom_padding=\u00bb3&#8243; overlay_alpha=\u00bb50&#8243; gutter_size=\u00bb3&#8243; column_width_percent=\u00bb100&#8243; shift_y=\u00bb0&#8243; z_index=\u00bb0&#8243;][vc_column width=\u00bb1\/1&#8243;][vc_column_text]<\/p>\n<h2>tetrachim.com es publicado por:<\/h2>\n<p>[\/vc_column_text][vc_row_inner limit_content=\u00bb\u00bb][vc_column_inner width=\u00bb1\/2&#8243;][vc_column_text]<strong>Tetrachim<\/strong><br \/>SASU con un capital de 3.192.000 euros<br \/>Direcci\u00f3n: 12 rue de la Mare Blanche 77186 NOISIEL, FRANCE<\/p>\n<p> Directora de la publicaci\u00f3n: Mme Christine Deleu<br \/>Derechos de imagen : Adobe Stock, Unsplash, Pexels, im\u00e1genes propias[\/vc_column_text][\/vc_column_inner][vc_column_inner width=\u00bb1\/2&#8243;][vc_column_text]RCS : Meaux<br \/>IVA intracomunitario: FR32301639290<br \/>Tel\u00e9fono: +33 (0)1 61 44 02 90<br \/>Email : <a href=\"mailto:info@tetrachim.com\">info@tetrachim.com<\/a>[\/vc_column_text][\/vc_column_inner][\/vc_row_inner][vc_row_inner limit_content=\u00bb\u00bb][vc_column_inner width=\u00bb1\/2&#8243;][vc_column_text]<\/p>\n<h2>tetrachim.com website is hosted by:<\/h2>\n<p>OVH<br \/>2 rue kellermann<br \/>BP 80157<br \/>59053 ROUBAIX Cedex 1<br \/>T\u00e9l\u00e9phone :+33 (0)8 203 203 63<br \/>E-mail : support@ovh.com[\/vc_column_text][\/vc_column_inner][vc_column_inner width=\u00bb1\/2&#8243;][vc_column_text]<\/p>\n<h2>El sitio web tetrachim.com ha sido dise\u00f1ado por:<\/h2>\n<p>Agence web Enjin<br \/>E-mail : <a href=\"mailto:contact@enjin.fr\">contact@enjin.fr<\/a><br \/>Site internet : <a href=\"https:\/\/www.enjin.fr\">www.enjin.fr<\/a>[\/vc_column_text][\/vc_column_inner][\/vc_row_inner][vc_column_text]<\/p>\n<h2>Propiedad intelectual<\/h2>\n<p>El contenido del sitio tetrachim.com (construcci\u00f3n, dise\u00f1o, texto, im\u00e1genes, animaciones, logotipo) es propiedad exclusiva de Tetrachim. Cualquier uso de cualquier elemento del sitio tetrachim.com, incluyendo la reproducci\u00f3n, modificaci\u00f3n, difusi\u00f3n o republicaci\u00f3n sin el consentimiento previo por escrito de Tetrachim est\u00e1 estrictamente prohibido. Toda solicitud de autorizaci\u00f3n para reproducir total o parcialmente este sitio deber\u00e1 enviarse a info@tetrachim.com.  <\/p>\n<h2>Limitaci\u00f3n de responsabilidad<\/h2>\n<p>El sitio tetrachim.com no se hace responsable de los errores encontrados en el sitio, los problemas t\u00e9cnicos, la interpretaci\u00f3n de la informaci\u00f3n publicada y las consecuencias de su uso. En consecuencia, el usuario reconoce utilizar esta informaci\u00f3n bajo su exclusiva responsabilidad. <\/p>\n<h2>Pol\u00edtica de cookies<\/h2>\n<p>El sitio tetrachim.com utiliza cookies, peque\u00f1os archivos de texto que se colocan en su ordenador para ayudarnos a ofrecerle una mejor experiencia de usuario. Las cookies se utilizan en nuestro sitio para proporcionar datos de seguimiento an\u00f3nimos a una aplicaci\u00f3n de terceros: Google Analytics. Por regla general, las cookies mejorar\u00e1n su experiencia de navegaci\u00f3n. Sin embargo, puede desactivar las cookies en este sitio desactivando las cookies en su navegador. La negativa a instalar una cookie puede suponer la imposibilidad de acceder a determinados servicios. No obstante, puede configurar su navegador para rechazar la instalaci\u00f3n de cookies:     <\/p>\n<ul>\n<li>Para Internet Explorer : <a href=\"https:\/\/support.microsoft.com\/en-us\/help\/17442\/windows-internet-explorer-delete-manage-cookies\" target=\"_blank\" rel=\"\u00bbnoopener\u00bb noopener noreferrer\">https:\/\/support.microsoft.com\/en-us\/help\/17442\/windows-internet-explorer-delete-manage-cookies<\/a><\/li>\n<li>Para Firefox : <a href=\"https:\/\/support.mozilla.org\/en-US\/kb\/block-websites-storing-cookies-site-data-firefox\" target=\"_blank\" rel=\"\u00bbnoopener\u00bb noopener noreferrer\">https:\/\/support.mozilla.org\/en-US\/kb\/block-websites-storing-cookies-site-data-firefox<\/a><\/li>\n<li>Para Safari : <a href=\"https:\/\/support.apple.com\/en-us\/HT201265\" target=\"_blank\" rel=\"\u00bbnoopener\u00bb noopener noreferrer\">https:\/\/support.apple.com\/en-us\/HT201265<\/a><\/li>\n<li>Para Chrome : <a href=\"https:\/\/support.google.com\/chrome\/answer\/95647?co=GENIE.Platform%3DDesktop&amp;hl=en\" target=\"_blank\" rel=\"\u00bbnoopener\u00bb noopener noreferrer\">https:\/\/support.google.com\/chrome\/answer\/95647?co=GENIE.Platform%3DDesktop&amp;hl=en<\/a><\/li>\n<\/ul>\n<h2>Pol\u00edtica de privacidad<\/h2>\n<p>Esta Pol\u00edtica de Privacidad explica en detalle los t\u00e9rminos y condiciones para recoger, utilizar y compartir cualquier dato personal o no personal que usted proporcione a Tetrachim cuando utilice nuestra p\u00e1gina web.<\/p>\n<h3>&#8211; Definici\u00f3n de datos personales y no personales<\/h3>\n<p>Los datos personales (\u00abdatos personales\u00bb) se refieren a cualquier informaci\u00f3n que le identifique a usted espec\u00edficamente como persona, mientras que los datos no personales (\u00abdatos no personales\u00bb) se refieren a cualquier informaci\u00f3n que no le identifique a usted como persona en particular.<br \/>Tetrachim se atendr\u00e1 siempre a la definici\u00f3n normativa aplicable para determinar qu\u00e9 datos son personales y qu\u00e9 datos no lo son para cumplir la presente Pol\u00edtica de Privacidad. Cuando esta Pol\u00edtica de Privacidad se refiere a \u00abdatos\u00bb o \u00absus datos\u00bb, puede incluir tanto datos personales como datos no personales. <\/p>\n<p>Esta pol\u00edtica de privacidad se aplica \u00fanicamente a los datos recogidos por nuestro sitio.<\/p>\n<h3>&#8211; Datos recogidos y utilizaci\u00f3n<\/h3>\n<p>Los datos recogidos en tetrachim.com se utilizan \u00fanicamente en el marco legal aplicable en Francia para el respeto de la vida privada de las personas. Tetrachim es el \u00fanico destinatario de estos datos.<br \/>Al utilizar el sitio web tetrachim.com, se pueden recopilar los siguientes datos personales: <\/p>\n<ul>\n<li>la URL de los enlaces a trav\u00e9s de los cuales accedi\u00f3 al sitio tetrachim.com,<\/li>\n<li>su direcci\u00f3n IP.<\/li>\n<\/ul>\n<p>Estos datos se utilizan para facilitar la navegaci\u00f3n en el sitio y permitir mediciones del tr\u00e1fico del sitio.<\/p>\n<p>Al enviar un formulario utilizando nuestro formulario de contacto:<\/p>\n<ul>\n<li>Apellidos y nombre<\/li>\n<li>Correo electr\u00f3nico<\/li>\n<li>Su empresa<\/li>\n<li>Su direcci\u00f3n<\/li>\n<\/ul>\n<p>Estos datos s\u00f3lo se utilizan para responder a su solicitud por correo electr\u00f3nico o tel\u00e9fono.<\/p>\n<p>Tetrachim es el \u00fanico destinatario de estos datos. Los datos personales recogidos en nuestro sitio no son ni ser\u00e1n publicados sin el conocimiento expl\u00edcito del usuario, intercambiados, transferidos, cedidos o vendidos a terceros. <\/p>\n<h3>&#8211; Ejercicio de sus derechos sobre sus datos personales<\/h3>\n<p>Tiene derecho a acceder, modificar, rectificar y suprimir los datos recogidos en este sitio, en las condiciones promulgadas en el art\u00edculo 31 de la ley del 6 de enero de 1978, modificada sobre inform\u00e1tica, ficheros y libertades, y las previstas por el reglamento europeo 2016\/679 del 27 de abril de 2016 (RGPD). Para ejercer este derecho, p\u00f3ngase en contacto con nosotros a trav\u00e9s<a href=\"http:\/\/www.tetrachim.com\/contact\/\" target=\"_blank\" rel=\"noopener noreferrer\"> de nuestro formulario de contacto<\/a>.[\/vc_column_text][\/vc_column][\/vc_row][\/vc_section]<\/p>\n<\/div>","protected":false},"excerpt":{"rendered":"<p>[vc_row unlock_row_content=\u00bbyes\u00bb row_height_percent=\u00bb0&#8243; override_padding=\u00bbyes\u00bb h_padding=\u00bb0&#8243; top_padding=\u00bb0&#8243; bottom_padding=\u00bb0&#8243; back_image=\u00bb83397&#8243; overlay_alpha=\u00bb50&#8243; gutter_size=\u00bb3&#8243; column_width_percent=\u00bb100&#8243; shift_y=\u00bb0&#8243; z_index=\u00bb0&#8243; row_height_pixel=\u00bb200px\u00bb el_id=\u00bbbandeau-page\u00bb front_end_with_slider=\u00bbtrue\u00bb][vc_column column_width_percent=\u00bb100&#8243; position_vertical=\u00bbmiddle\u00bb gutter_size=\u00bb3&#8243; override_padding=\u00bbyes\u00bb [&hellip;]<\/p>\n","protected":false},"author":1,"featured_media":0,"parent":0,"menu_order":0,"comment_status":"closed","ping_status":"closed","template":"","meta":{"footnotes":""},"class_list":["post-97939","page","type-page","status-publish","hentry"],"yoast_head":"<!-- This site is optimized with the Yoast SEO plugin v27.5 - https:\/\/yoast.com\/product\/yoast-seo-wordpress\/ -->\n<title>Menciones legales - Tetrachim<\/title>\n<meta name=\"robots\" content=\"index, follow, max-snippet:-1, max-image-preview:large, max-video-preview:-1\" \/>\n<link rel=\"canonical\" href=\"https:\/\/www.tetrachim.com\/es\/menciones-legales\/\" \/>\n<meta property=\"og:locale\" content=\"es_ES\" \/>\n<meta property=\"og:type\" content=\"article\" \/>\n<meta property=\"og:title\" content=\"Menciones legales - Tetrachim\" \/>\n<meta property=\"og:description\" content=\"[vc_row unlock_row_content=\u00bbyes\u00bb row_height_percent=\u00bb0&#8243; override_padding=\u00bbyes\u00bb h_padding=\u00bb0&#8243; top_padding=\u00bb0&#8243; bottom_padding=\u00bb0&#8243; back_image=\u00bb83397&#8243; overlay_alpha=\u00bb50&#8243; gutter_size=\u00bb3&#8243; column_width_percent=\u00bb100&#8243; shift_y=\u00bb0&#8243; z_index=\u00bb0&#8243; row_height_pixel=\u00bb200px\u00bb el_id=\u00bbbandeau-page\u00bb front_end_with_slider=\u00bbtrue\u00bb][vc_column column_width_percent=\u00bb100&#8243; position_vertical=\u00bbmiddle\u00bb gutter_size=\u00bb3&#8243; override_padding=\u00bbyes\u00bb [&hellip;]\" \/>\n<meta property=\"og:url\" content=\"https:\/\/www.tetrachim.com\/es\/menciones-legales\/\" \/>\n<meta property=\"og:site_name\" content=\"Tetrachim\" \/>\n<meta property=\"article:modified_time\" content=\"2025-07-09T15:41:04+00:00\" \/>\n<meta name=\"twitter:card\" content=\"summary_large_image\" \/>\n<meta name=\"twitter:site\" content=\"@Tetrachim\" \/>\n<meta name=\"twitter:label1\" content=\"Tiempo de lectura\" \/>\n\t<meta name=\"twitter:data1\" content=\"6 minutos\" \/>\n<script type=\"application\/ld+json\" class=\"yoast-schema-graph\">{\"@context\":\"https:\\\/\\\/schema.org\",\"@graph\":[{\"@type\":\"WebPage\",\"@id\":\"https:\\\/\\\/www.tetrachim.com\\\/es\\\/menciones-legales\\\/\",\"url\":\"https:\\\/\\\/www.tetrachim.com\\\/es\\\/menciones-legales\\\/\",\"name\":\"Menciones legales - Tetrachim\",\"isPartOf\":{\"@id\":\"https:\\\/\\\/www.tetrachim.com\\\/es\\\/#website\"},\"datePublished\":\"2025-07-09T15:40:53+00:00\",\"dateModified\":\"2025-07-09T15:41:04+00:00\",\"breadcrumb\":{\"@id\":\"https:\\\/\\\/www.tetrachim.com\\\/es\\\/menciones-legales\\\/#breadcrumb\"},\"inLanguage\":\"es\",\"potentialAction\":[{\"@type\":\"ReadAction\",\"target\":[\"https:\\\/\\\/www.tetrachim.com\\\/es\\\/menciones-legales\\\/\"]}]},{\"@type\":\"BreadcrumbList\",\"@id\":\"https:\\\/\\\/www.tetrachim.com\\\/es\\\/menciones-legales\\\/#breadcrumb\",\"itemListElement\":[{\"@type\":\"ListItem\",\"position\":1,\"name\":\"\",\"item\":\"https:\\\/\\\/www.tetrachim.com\\\/es\\\/\"},{\"@type\":\"ListItem\",\"position\":2,\"name\":\"Menciones legales\"}]},{\"@type\":\"WebSite\",\"@id\":\"https:\\\/\\\/www.tetrachim.com\\\/es\\\/#website\",\"url\":\"https:\\\/\\\/www.tetrachim.com\\\/es\\\/\",\"name\":\"Tetrachim\",\"description\":\"Rev\u00eatements high-tech\",\"publisher\":{\"@id\":\"https:\\\/\\\/www.tetrachim.com\\\/es\\\/#organization\"},\"potentialAction\":[{\"@type\":\"SearchAction\",\"target\":{\"@type\":\"EntryPoint\",\"urlTemplate\":\"https:\\\/\\\/www.tetrachim.com\\\/es\\\/?s={search_term_string}\"},\"query-input\":{\"@type\":\"PropertyValueSpecification\",\"valueRequired\":true,\"valueName\":\"search_term_string\"}}],\"inLanguage\":\"es\"},{\"@type\":\"Organization\",\"@id\":\"https:\\\/\\\/www.tetrachim.com\\\/es\\\/#organization\",\"name\":\"Tetrachim\",\"url\":\"https:\\\/\\\/www.tetrachim.com\\\/es\\\/\",\"logo\":{\"@type\":\"ImageObject\",\"inLanguage\":\"es\",\"@id\":\"https:\\\/\\\/www.tetrachim.com\\\/es\\\/#\\\/schema\\\/logo\\\/image\\\/\",\"url\":\"https:\\\/\\\/www.tetrachim.com\\\/wp-content\\\/uploads\\\/2020\\\/07\\\/logo-tetrachim.png\",\"contentUrl\":\"https:\\\/\\\/www.tetrachim.com\\\/wp-content\\\/uploads\\\/2020\\\/07\\\/logo-tetrachim.png\",\"width\":244,\"height\":51,\"caption\":\"Tetrachim\"},\"image\":{\"@id\":\"https:\\\/\\\/www.tetrachim.com\\\/es\\\/#\\\/schema\\\/logo\\\/image\\\/\"},\"sameAs\":[\"https:\\\/\\\/x.com\\\/Tetrachim\",\"https:\\\/\\\/www.linkedin.com\\\/company\\\/tetrachim\\\/\"]}]}<\/script>\n<!-- \/ Yoast SEO plugin. -->","yoast_head_json":{"title":"Menciones legales - Tetrachim","robots":{"index":"index","follow":"follow","max-snippet":"max-snippet:-1","max-image-preview":"max-image-preview:large","max-video-preview":"max-video-preview:-1"},"canonical":"https:\/\/www.tetrachim.com\/es\/menciones-legales\/","og_locale":"es_ES","og_type":"article","og_title":"Menciones legales - Tetrachim","og_description":"[vc_row unlock_row_content=\u00bbyes\u00bb row_height_percent=\u00bb0&#8243; override_padding=\u00bbyes\u00bb h_padding=\u00bb0&#8243; top_padding=\u00bb0&#8243; bottom_padding=\u00bb0&#8243; back_image=\u00bb83397&#8243; overlay_alpha=\u00bb50&#8243; gutter_size=\u00bb3&#8243; column_width_percent=\u00bb100&#8243; shift_y=\u00bb0&#8243; z_index=\u00bb0&#8243; row_height_pixel=\u00bb200px\u00bb el_id=\u00bbbandeau-page\u00bb front_end_with_slider=\u00bbtrue\u00bb][vc_column column_width_percent=\u00bb100&#8243; position_vertical=\u00bbmiddle\u00bb gutter_size=\u00bb3&#8243; override_padding=\u00bbyes\u00bb [&hellip;]","og_url":"https:\/\/www.tetrachim.com\/es\/menciones-legales\/","og_site_name":"Tetrachim","article_modified_time":"2025-07-09T15:41:04+00:00","twitter_card":"summary_large_image","twitter_site":"@Tetrachim","twitter_misc":{"Tiempo de lectura":"6 minutos"},"schema":{"@context":"https:\/\/schema.org","@graph":[{"@type":"WebPage","@id":"https:\/\/www.tetrachim.com\/es\/menciones-legales\/","url":"https:\/\/www.tetrachim.com\/es\/menciones-legales\/","name":"Menciones legales - Tetrachim","isPartOf":{"@id":"https:\/\/www.tetrachim.com\/es\/#website"},"datePublished":"2025-07-09T15:40:53+00:00","dateModified":"2025-07-09T15:41:04+00:00","breadcrumb":{"@id":"https:\/\/www.tetrachim.com\/es\/menciones-legales\/#breadcrumb"},"inLanguage":"es","potentialAction":[{"@type":"ReadAction","target":["https:\/\/www.tetrachim.com\/es\/menciones-legales\/"]}]},{"@type":"BreadcrumbList","@id":"https:\/\/www.tetrachim.com\/es\/menciones-legales\/#breadcrumb","itemListElement":[{"@type":"ListItem","position":1,"name":"","item":"https:\/\/www.tetrachim.com\/es\/"},{"@type":"ListItem","position":2,"name":"Menciones legales"}]},{"@type":"WebSite","@id":"https:\/\/www.tetrachim.com\/es\/#website","url":"https:\/\/www.tetrachim.com\/es\/","name":"Tetrachim","description":"Rev\u00eatements high-tech","publisher":{"@id":"https:\/\/www.tetrachim.com\/es\/#organization"},"potentialAction":[{"@type":"SearchAction","target":{"@type":"EntryPoint","urlTemplate":"https:\/\/www.tetrachim.com\/es\/?s={search_term_string}"},"query-input":{"@type":"PropertyValueSpecification","valueRequired":true,"valueName":"search_term_string"}}],"inLanguage":"es"},{"@type":"Organization","@id":"https:\/\/www.tetrachim.com\/es\/#organization","name":"Tetrachim","url":"https:\/\/www.tetrachim.com\/es\/","logo":{"@type":"ImageObject","inLanguage":"es","@id":"https:\/\/www.tetrachim.com\/es\/#\/schema\/logo\/image\/","url":"https:\/\/www.tetrachim.com\/wp-content\/uploads\/2020\/07\/logo-tetrachim.png","contentUrl":"https:\/\/www.tetrachim.com\/wp-content\/uploads\/2020\/07\/logo-tetrachim.png","width":244,"height":51,"caption":"Tetrachim"},"image":{"@id":"https:\/\/www.tetrachim.com\/es\/#\/schema\/logo\/image\/"},"sameAs":["https:\/\/x.com\/Tetrachim","https:\/\/www.linkedin.com\/company\/tetrachim\/"]}]}},"_links":{"self":[{"href":"https:\/\/www.tetrachim.com\/es\/wp-json\/wp\/v2\/pages\/97939","targetHints":{"allow":["GET"]}}],"collection":[{"href":"https:\/\/www.tetrachim.com\/es\/wp-json\/wp\/v2\/pages"}],"about":[{"href":"https:\/\/www.tetrachim.com\/es\/wp-json\/wp\/v2\/types\/page"}],"author":[{"embeddable":true,"href":"https:\/\/www.tetrachim.com\/es\/wp-json\/wp\/v2\/users\/1"}],"replies":[{"embeddable":true,"href":"https:\/\/www.tetrachim.com\/es\/wp-json\/wp\/v2\/comments?post=97939"}],"version-history":[{"count":1,"href":"https:\/\/www.tetrachim.com\/es\/wp-json\/wp\/v2\/pages\/97939\/revisions"}],"predecessor-version":[{"id":97944,"href":"https:\/\/www.tetrachim.com\/es\/wp-json\/wp\/v2\/pages\/97939\/revisions\/97944"}],"wp:attachment":[{"href":"https:\/\/www.tetrachim.com\/es\/wp-json\/wp\/v2\/media?parent=97939"}],"curies":[{"name":"wp","href":"https:\/\/api.w.org\/{rel}","templated":true}]}}