{"id":97967,"date":"2025-07-09T17:41:15","date_gmt":"2025-07-09T15:41:15","guid":{"rendered":"https:\/\/www.tetrachim.com\/quienes-somos-calidad-y-certificaciones\/"},"modified":"2025-07-09T17:41:38","modified_gmt":"2025-07-09T15:41:38","slug":"quienes-somos-calidad-y-certificaciones","status":"publish","type":"page","link":"https:\/\/www.tetrachim.com\/es\/quienes-somos-calidad-y-certificaciones\/","title":{"rendered":"Qui\u00e9nes somos : Calidad y certificaciones"},"content":{"rendered":"<div class=\"wpb-content-wrapper\"><p>[vc_row unlock_row_content=\u00bbyes\u00bb row_height_percent=\u00bb0&#8243; override_padding=\u00bbyes\u00bb h_padding=\u00bb0&#8243; top_padding=\u00bb0&#8243; bottom_padding=\u00bb0&#8243; back_image=\u00bb83397&#8243; overlay_alpha=\u00bb50&#8243; gutter_size=\u00bb3&#8243; column_width_percent=\u00bb100&#8243; shift_y=\u00bb0&#8243; z_index=\u00bb0&#8243; row_height_pixel=\u00bb200px\u00bb el_id=\u00bbbandeau-page\u00bb front_end_with_slider=\u00bbtrue\u00bb][vc_column column_width_percent=\u00bb100&#8243; position_vertical=\u00bbmiddle\u00bb gutter_size=\u00bb3&#8243; override_padding=\u00bbyes\u00bb column_padding=\u00bb0&#8243; overlay_alpha=\u00bb50&#8243; shift_x=\u00bb0&#8243; shift_y=\u00bb0&#8243; shift_y_down=\u00bb0&#8243; z_index=\u00bb0&#8243; medium_width=\u00bb0&#8243; mobile_width=\u00bb0&#8243; width=\u00bb1\/1&#8243;][vc_row_inner row_inner_height_percent=\u00bb100&#8243; back_image=\u00bb85629&#8243; back_position=\u00bbleft center\u00bb overlay_alpha=\u00bb50&#8243; equal_height=\u00bbyes\u00bb gutter_size=\u00bb3&#8243; shift_y=\u00bb0&#8243; z_index=\u00bb0&#8243; back_size=\u00bbauto 100%\u00bb el_class=\u00bbrangee-reduite-plus\u00bb row_height_pixel=\u00bb200px\u00bb limit_content=\u00bb\u00bb][vc_column_inner column_width_percent=\u00bb66&#8243; position_horizontal=\u00bbleft\u00bb position_vertical=\u00bbmiddle\u00bb gutter_size=\u00bb3&#8243; overlay_alpha=\u00bb50&#8243; shift_x=\u00bb0&#8243; shift_y=\u00bb0&#8243; shift_y_down=\u00bb0&#8243; z_index=\u00bb0&#8243; medium_width=\u00bb0&#8243; mobile_width=\u00bb0&#8243; width=\u00bb1\/1&#8243;][vc_custom_heading text_color=\u00bbcolor-889485&#8243; heading_semantic=\u00bbh1&#8243; text_font=\u00bbfont-112492&#8243; css_animation=\u00bbleft-t-right\u00bb]Calidad y<strong> certificaciones<\/strong>[\/vc_custom_heading][vc_column_text css_animation=\u00bbleft-t-right\u00bb animation_delay=\u00bb200&#8243;]<span><span><a href=\"https:\/\/www.tetrachim.com\/es\/\"><i class=\"menu-icon fa fa-home3\"><\/i><\/a><\/span><\/span>[\/vc_column_text][\/vc_column_inner][\/vc_row_inner][vc_single_image media=\u00bb87082&#8243; media_width_use_pixel=\u00bbyes\u00bb alignment=\u00bbright\u00bb shadow=\u00bbyes\u00bb shadow_weight=\u00bblg\u00bb css_animation=\u00bbright-t-left\u00bb animation_speed=\u00bb400&#8243; media_width_pixel=\u00bb560&#8243;][\/vc_column][\/vc_row][vc_section overlay_alpha=\u00bb50&#8243; el_class=\u00bbsection-fleche\u00bb][vc_row row_height_percent=\u00bb0&#8243; override_padding=\u00bbyes\u00bb h_padding=\u00bb2&#8243; top_padding=\u00bb3&#8243; bottom_padding=\u00bb2&#8243; overlay_alpha=\u00bb50&#8243; gutter_size=\u00bb3&#8243; column_width_percent=\u00bb100&#8243; shift_y=\u00bb0&#8243; z_index=\u00bb0&#8243; el_class=\u00bbrangee-reduite-plus\u00bb][vc_column column_width_percent=\u00bb100&#8243; position_vertical=\u00bbmiddle\u00bb align_horizontal=\u00bbalign_center\u00bb gutter_size=\u00bb3&#8243; overlay_alpha=\u00bb50&#8243; shift_x=\u00bb0&#8243; shift_y=\u00bb0&#8243; shift_y_down=\u00bb0&#8243; z_index=\u00bb0&#8243; medium_width=\u00bb2&#8243; align_mobile=\u00bbalign_center_mobile\u00bb mobile_width=\u00bb7&#8243; css_animation=\u00bbleft-t-right\u00bb width=\u00bb1\/4&#8243;][vc_single_image media=\u00bb94241&#8243; media_width_use_pixel=\u00bbyes\u00bb alignment=\u00bbcenter\u00bb shape=\u00bbimg-round\u00bb radius=\u00bbstd\u00bb media_width_pixel=\u00bb204&#8243; uncode_shortcode_id=\u00bb274785&#8243;][\/vc_column][vc_column column_width_percent=\u00bb100&#8243; position_vertical=\u00bbmiddle\u00bb gutter_size=\u00bb3&#8243; overlay_alpha=\u00bb50&#8243; shift_x=\u00bb0&#8243; shift_y=\u00bb0&#8243; shift_y_down=\u00bb0&#8243; z_index=\u00bb0&#8243; medium_width=\u00bb6&#8243; align_mobile=\u00bbalign_center_mobile\u00bb mobile_width=\u00bb7&#8243; css_animation=\u00bbzoom-out\u00bb animation_delay=\u00bb200&#8243; width=\u00bb3\/4&#8243;][vc_custom_heading text_size=\u00bbh5&#8243; uncode_shortcode_id=\u00bb757701&#8243;]Una certificaci\u00f3n internacional para garantizar la calidad de nuestros servicios[\/vc_custom_heading][vc_column_text uncode_shortcode_id=\u00bb432176&#8243;]ISO 9001:2015 es la norma internacional para Sistemas de Gesti\u00f3n de la Calidad (SGC), publicada por ISO.<\/p>\n<p>Se basa en principios como la fuerte orientaci\u00f3n al cliente, el enfoque por procesos y la mejora continua.<\/p>\n<p>Decidido a satisfacer los requisitos de nuestros clientes, Tetrachim est\u00e1 certificado seg\u00fan la norma ISO 9001:2015.<\/p>\n<p>Nuestra certificaci\u00f3n le garantiza el suministro de productos de calidad y un alto nivel de servicio.[\/vc_column_text][\/vc_column][\/vc_row][vc_row row_height_percent=\u00bb0&#8243; override_padding=\u00bbyes\u00bb h_padding=\u00bb2&#8243; top_padding=\u00bb2&#8243; bottom_padding=\u00bb3&#8243; overlay_alpha=\u00bb50&#8243; gutter_size=\u00bb3&#8243; column_width_percent=\u00bb100&#8243; shift_y=\u00bb0&#8243; z_index=\u00bb0&#8243; el_class=\u00bbrangee-reduite\u00bb][vc_column column_width_percent=\u00bb100&#8243; align_horizontal=\u00bbalign_center\u00bb gutter_size=\u00bb3&#8243; overlay_alpha=\u00bb50&#8243; shift_x=\u00bb0&#8243; shift_y=\u00bb0&#8243; shift_y_down=\u00bb0&#8243; z_index=\u00bb0&#8243; medium_width=\u00bb0&#8243; mobile_width=\u00bb0&#8243; css_animation=\u00bbright-t-left\u00bb animation_delay=\u00bb600&#8243; width=\u00bb1\/1&#8243;][vc_row_inner row_inner_height_percent=\u00bb0&#8243; overlay_alpha=\u00bb50&#8243; equal_height=\u00bbyes\u00bb gutter_size=\u00bb3&#8243; shift_y=\u00bb0&#8243; z_index=\u00bb0&#8243; el_class=\u00bbancres-box style2&#8243; limit_content=\u00bb\u00bb][vc_column_inner column_width_percent=\u00bb100&#8243; position_horizontal=\u00bbleft\u00bb gutter_size=\u00bb3&#8243; style=\u00bbdark\u00bb back_image=\u00bb86240&#8243; overlay_color=\u00bbcolor-889485&#8243; overlay_alpha=\u00bb75&#8243; shift_x=\u00bb0&#8243; shift_y=\u00bb0&#8243; shift_y_down=\u00bb0&#8243; z_index=\u00bb0&#8243; medium_width=\u00bb0&#8243; mobile_width=\u00bb0&#8243; width=\u00bb1\/2&#8243;][vc_icon position=\u00bbleft\u00bb icon_image=\u00bb85156&#8243; media_size=\u00bb80&#8243; heading_semantic=\u00bbh2&#8243; text_size=\u00bbfontsize-155944&#8243; text_weight=\u00bb700&#8243; linked_title=\u00bbyes\u00bb link=\u00bb|||\u00bb title=\u00bbTramitaci\u00f3n de reclamaciones\u00bb]Todas las reclamaciones sobre temas relacionados con HSEQ se tramitan mediante el procedimiento establecido de gesti\u00f3n de reclamaciones e incidentes. Todas las preocupaciones, quejas e incidentes comunicados se registran, investigan y concluyen. Bas\u00e1ndonos en un an\u00e1lisis de todas las quejas presentadas, generamos acciones espec\u00edficas para mejorar nuestro rendimiento.[\/vc_icon][\/vc_column_inner][vc_column_inner column_width_percent=\u00bb100&#8243; gutter_size=\u00bb3&#8243; back_image=\u00bb86240&#8243; overlay_color=\u00bbcolor-xsdn\u00bb overlay_alpha=\u00bb90&#8243; shift_x=\u00bb0&#8243; shift_y=\u00bb0&#8243; shift_y_down=\u00bb0&#8243; z_index=\u00bb0&#8243; medium_width=\u00bb0&#8243; mobile_width=\u00bb0&#8243; width=\u00bb1\/2&#8243;][vc_icon position=\u00bbleft\u00bb icon_image=\u00bb85161&#8243; icon_color=\u00bbcolor-xsdn\u00bb media_size=\u00bb80&#8243; heading_semantic=\u00bbh2&#8243; text_size=\u00bbfontsize-155944&#8243; text_weight=\u00bb700&#8243; linked_title=\u00bbyes\u00bb link=\u00bb|||\u00bb title=\u00bbSeguimiento de los cambios\u00bb]Cuando cambian los aspectos normativos, de calidad y sostenibilidad o se implantan nuevos procesos, reglamentos o leyes que son relevantes para el negocio de los recubrimientos especiales y las tintas, nos aseguramos de proporcionar conocimientos actualizados a nuestros clientes y aplicadores.[\/vc_icon][\/vc_column_inner][\/vc_row_inner][\/vc_column][\/vc_row][\/vc_section][vc_row unlock_row_content=\u00bbyes\u00bb row_height_percent=\u00bb0&#8243; back_image=\u00bb83602&#8243; back_position=\u00bbcenter bottom\u00bb overlay_color=\u00bbcolor-156355&#8243; overlay_alpha=\u00bb78&#8243; gutter_size=\u00bb3&#8243; column_width_percent=\u00bb100&#8243; shift_y=\u00bb0&#8243; z_index=\u00bb0&#8243; el_class=\u00bbcta cta-btns\u00bb][vc_column column_width_percent=\u00bb100&#8243; position_horizontal=\u00bbleft\u00bb position_vertical=\u00bbmiddle\u00bb gutter_size=\u00bb3&#8243; style=\u00bbdark\u00bb overlay_alpha=\u00bb50&#8243; shift_x=\u00bb0&#8243; shift_y=\u00bb0&#8243; shift_y_down=\u00bb0&#8243; z_index=\u00bb0&#8243; medium_width=\u00bb0&#8243; mobile_width=\u00bb0&#8243; width=\u00bb1\/2&#8243;][vc_button button_color=\u00bbcolor-xsdn\u00bb border_width=\u00bb0&#8243; css_animation=\u00bbzoom-out\u00bb animation_delay=\u00bb400&#8243; el_class=\u00bbbtn-outline btn-bleu btn-ico\u00bb link=\u00bburl:http%3A%2F%2Ftetrachim.com%2Fteam%2F|title:Nuestro%20equipo|\u00bb icon=\u00bbfa fa-users2&#8243;]Nuestro equipo[\/vc_button][\/vc_column][vc_column column_width_percent=\u00bb100&#8243; position_vertical=\u00bbmiddle\u00bb gutter_size=\u00bb3&#8243; style=\u00bbdark\u00bb overlay_alpha=\u00bb50&#8243; shift_x=\u00bb0&#8243; shift_y=\u00bb0&#8243; shift_y_down=\u00bb0&#8243; z_index=\u00bb0&#8243; medium_width=\u00bb0&#8243; mobile_width=\u00bb0&#8243; width=\u00bb1\/2&#8243;][vc_button button_color=\u00bbcolor-xsdn\u00bb border_width=\u00bb0&#8243; css_animation=\u00bbzoom-out\u00bb animation_delay=\u00bb400&#8243; el_class=\u00bbbtn-outline btn-rouge btn-ico\u00bb link=\u00bburl:http%3A%2F%2Ftetrachim.com%2Four-engagements%2F|title:Nuestros%20compromisos|\u00bb icon=\u00bbfa fa-checkmark-circle\u00bb]Nuestros compromisos[\/vc_button][\/vc_column][\/vc_row]<\/p>\n<\/div>","protected":false},"excerpt":{"rendered":"<p>[vc_row unlock_row_content=\u00bbyes\u00bb row_height_percent=\u00bb0&#8243; override_padding=\u00bbyes\u00bb h_padding=\u00bb0&#8243; top_padding=\u00bb0&#8243; bottom_padding=\u00bb0&#8243; back_image=\u00bb83397&#8243; overlay_alpha=\u00bb50&#8243; gutter_size=\u00bb3&#8243; column_width_percent=\u00bb100&#8243; shift_y=\u00bb0&#8243; z_index=\u00bb0&#8243; row_height_pixel=\u00bb200px\u00bb el_id=\u00bbbandeau-page\u00bb front_end_with_slider=\u00bbtrue\u00bb][vc_column column_width_percent=\u00bb100&#8243; position_vertical=\u00bbmiddle\u00bb gutter_size=\u00bb3&#8243; override_padding=\u00bbyes\u00bb [&hellip;]<\/p>\n","protected":false},"author":1,"featured_media":0,"parent":0,"menu_order":0,"comment_status":"closed","ping_status":"closed","template":"","meta":{"footnotes":""},"class_list":["post-97967","page","type-page","status-publish","hentry"],"yoast_head":"<!-- This site is optimized with the Yoast SEO plugin v27.5 - https:\/\/yoast.com\/product\/yoast-seo-wordpress\/ -->\n<title>Qui\u00e9nes somos : Calidad y certificaciones - Tetrachim<\/title>\n<meta name=\"robots\" content=\"index, follow, max-snippet:-1, max-image-preview:large, max-video-preview:-1\" \/>\n<link rel=\"canonical\" href=\"https:\/\/www.tetrachim.com\/es\/quienes-somos-calidad-y-certificaciones\/\" \/>\n<meta property=\"og:locale\" content=\"es_ES\" \/>\n<meta property=\"og:type\" content=\"article\" \/>\n<meta property=\"og:title\" content=\"Qui\u00e9nes somos : Calidad y certificaciones - Tetrachim\" \/>\n<meta property=\"og:description\" content=\"[vc_row unlock_row_content=\u00bbyes\u00bb row_height_percent=\u00bb0&#8243; override_padding=\u00bbyes\u00bb h_padding=\u00bb0&#8243; top_padding=\u00bb0&#8243; bottom_padding=\u00bb0&#8243; back_image=\u00bb83397&#8243; overlay_alpha=\u00bb50&#8243; gutter_size=\u00bb3&#8243; column_width_percent=\u00bb100&#8243; shift_y=\u00bb0&#8243; z_index=\u00bb0&#8243; row_height_pixel=\u00bb200px\u00bb el_id=\u00bbbandeau-page\u00bb front_end_with_slider=\u00bbtrue\u00bb][vc_column column_width_percent=\u00bb100&#8243; position_vertical=\u00bbmiddle\u00bb gutter_size=\u00bb3&#8243; override_padding=\u00bbyes\u00bb [&hellip;]\" \/>\n<meta property=\"og:url\" content=\"https:\/\/www.tetrachim.com\/es\/quienes-somos-calidad-y-certificaciones\/\" \/>\n<meta property=\"og:site_name\" content=\"Tetrachim\" \/>\n<meta property=\"article:modified_time\" content=\"2025-07-09T15:41:38+00:00\" \/>\n<meta name=\"twitter:card\" content=\"summary_large_image\" \/>\n<meta name=\"twitter:site\" content=\"@Tetrachim\" \/>\n<meta name=\"twitter:label1\" content=\"Tiempo de lectura\" \/>\n\t<meta name=\"twitter:data1\" content=\"5 minutos\" \/>\n<script type=\"application\/ld+json\" class=\"yoast-schema-graph\">{\"@context\":\"https:\\\/\\\/schema.org\",\"@graph\":[{\"@type\":\"WebPage\",\"@id\":\"https:\\\/\\\/www.tetrachim.com\\\/es\\\/quienes-somos-calidad-y-certificaciones\\\/\",\"url\":\"https:\\\/\\\/www.tetrachim.com\\\/es\\\/quienes-somos-calidad-y-certificaciones\\\/\",\"name\":\"Qui\u00e9nes somos : Calidad y certificaciones - Tetrachim\",\"isPartOf\":{\"@id\":\"https:\\\/\\\/www.tetrachim.com\\\/es\\\/#website\"},\"datePublished\":\"2025-07-09T15:41:15+00:00\",\"dateModified\":\"2025-07-09T15:41:38+00:00\",\"breadcrumb\":{\"@id\":\"https:\\\/\\\/www.tetrachim.com\\\/es\\\/quienes-somos-calidad-y-certificaciones\\\/#breadcrumb\"},\"inLanguage\":\"es\",\"potentialAction\":[{\"@type\":\"ReadAction\",\"target\":[\"https:\\\/\\\/www.tetrachim.com\\\/es\\\/quienes-somos-calidad-y-certificaciones\\\/\"]}]},{\"@type\":\"BreadcrumbList\",\"@id\":\"https:\\\/\\\/www.tetrachim.com\\\/es\\\/quienes-somos-calidad-y-certificaciones\\\/#breadcrumb\",\"itemListElement\":[{\"@type\":\"ListItem\",\"position\":1,\"name\":\"\",\"item\":\"https:\\\/\\\/www.tetrachim.com\\\/es\\\/\"},{\"@type\":\"ListItem\",\"position\":2,\"name\":\"Qui\u00e9nes somos : Calidad y certificaciones\"}]},{\"@type\":\"WebSite\",\"@id\":\"https:\\\/\\\/www.tetrachim.com\\\/es\\\/#website\",\"url\":\"https:\\\/\\\/www.tetrachim.com\\\/es\\\/\",\"name\":\"Tetrachim\",\"description\":\"Rev\u00eatements high-tech\",\"publisher\":{\"@id\":\"https:\\\/\\\/www.tetrachim.com\\\/es\\\/#organization\"},\"potentialAction\":[{\"@type\":\"SearchAction\",\"target\":{\"@type\":\"EntryPoint\",\"urlTemplate\":\"https:\\\/\\\/www.tetrachim.com\\\/es\\\/?s={search_term_string}\"},\"query-input\":{\"@type\":\"PropertyValueSpecification\",\"valueRequired\":true,\"valueName\":\"search_term_string\"}}],\"inLanguage\":\"es\"},{\"@type\":\"Organization\",\"@id\":\"https:\\\/\\\/www.tetrachim.com\\\/es\\\/#organization\",\"name\":\"Tetrachim\",\"url\":\"https:\\\/\\\/www.tetrachim.com\\\/es\\\/\",\"logo\":{\"@type\":\"ImageObject\",\"inLanguage\":\"es\",\"@id\":\"https:\\\/\\\/www.tetrachim.com\\\/es\\\/#\\\/schema\\\/logo\\\/image\\\/\",\"url\":\"https:\\\/\\\/www.tetrachim.com\\\/wp-content\\\/uploads\\\/2020\\\/07\\\/logo-tetrachim.png\",\"contentUrl\":\"https:\\\/\\\/www.tetrachim.com\\\/wp-content\\\/uploads\\\/2020\\\/07\\\/logo-tetrachim.png\",\"width\":244,\"height\":51,\"caption\":\"Tetrachim\"},\"image\":{\"@id\":\"https:\\\/\\\/www.tetrachim.com\\\/es\\\/#\\\/schema\\\/logo\\\/image\\\/\"},\"sameAs\":[\"https:\\\/\\\/x.com\\\/Tetrachim\",\"https:\\\/\\\/www.linkedin.com\\\/company\\\/tetrachim\\\/\"]}]}<\/script>\n<!-- \/ Yoast SEO plugin. -->","yoast_head_json":{"title":"Qui\u00e9nes somos : Calidad y certificaciones - Tetrachim","robots":{"index":"index","follow":"follow","max-snippet":"max-snippet:-1","max-image-preview":"max-image-preview:large","max-video-preview":"max-video-preview:-1"},"canonical":"https:\/\/www.tetrachim.com\/es\/quienes-somos-calidad-y-certificaciones\/","og_locale":"es_ES","og_type":"article","og_title":"Qui\u00e9nes somos : Calidad y certificaciones - Tetrachim","og_description":"[vc_row unlock_row_content=\u00bbyes\u00bb row_height_percent=\u00bb0&#8243; override_padding=\u00bbyes\u00bb h_padding=\u00bb0&#8243; top_padding=\u00bb0&#8243; bottom_padding=\u00bb0&#8243; back_image=\u00bb83397&#8243; overlay_alpha=\u00bb50&#8243; gutter_size=\u00bb3&#8243; column_width_percent=\u00bb100&#8243; shift_y=\u00bb0&#8243; z_index=\u00bb0&#8243; row_height_pixel=\u00bb200px\u00bb el_id=\u00bbbandeau-page\u00bb front_end_with_slider=\u00bbtrue\u00bb][vc_column column_width_percent=\u00bb100&#8243; position_vertical=\u00bbmiddle\u00bb gutter_size=\u00bb3&#8243; override_padding=\u00bbyes\u00bb [&hellip;]","og_url":"https:\/\/www.tetrachim.com\/es\/quienes-somos-calidad-y-certificaciones\/","og_site_name":"Tetrachim","article_modified_time":"2025-07-09T15:41:38+00:00","twitter_card":"summary_large_image","twitter_site":"@Tetrachim","twitter_misc":{"Tiempo de lectura":"5 minutos"},"schema":{"@context":"https:\/\/schema.org","@graph":[{"@type":"WebPage","@id":"https:\/\/www.tetrachim.com\/es\/quienes-somos-calidad-y-certificaciones\/","url":"https:\/\/www.tetrachim.com\/es\/quienes-somos-calidad-y-certificaciones\/","name":"Qui\u00e9nes somos : Calidad y certificaciones - Tetrachim","isPartOf":{"@id":"https:\/\/www.tetrachim.com\/es\/#website"},"datePublished":"2025-07-09T15:41:15+00:00","dateModified":"2025-07-09T15:41:38+00:00","breadcrumb":{"@id":"https:\/\/www.tetrachim.com\/es\/quienes-somos-calidad-y-certificaciones\/#breadcrumb"},"inLanguage":"es","potentialAction":[{"@type":"ReadAction","target":["https:\/\/www.tetrachim.com\/es\/quienes-somos-calidad-y-certificaciones\/"]}]},{"@type":"BreadcrumbList","@id":"https:\/\/www.tetrachim.com\/es\/quienes-somos-calidad-y-certificaciones\/#breadcrumb","itemListElement":[{"@type":"ListItem","position":1,"name":"","item":"https:\/\/www.tetrachim.com\/es\/"},{"@type":"ListItem","position":2,"name":"Qui\u00e9nes somos : Calidad y certificaciones"}]},{"@type":"WebSite","@id":"https:\/\/www.tetrachim.com\/es\/#website","url":"https:\/\/www.tetrachim.com\/es\/","name":"Tetrachim","description":"Rev\u00eatements high-tech","publisher":{"@id":"https:\/\/www.tetrachim.com\/es\/#organization"},"potentialAction":[{"@type":"SearchAction","target":{"@type":"EntryPoint","urlTemplate":"https:\/\/www.tetrachim.com\/es\/?s={search_term_string}"},"query-input":{"@type":"PropertyValueSpecification","valueRequired":true,"valueName":"search_term_string"}}],"inLanguage":"es"},{"@type":"Organization","@id":"https:\/\/www.tetrachim.com\/es\/#organization","name":"Tetrachim","url":"https:\/\/www.tetrachim.com\/es\/","logo":{"@type":"ImageObject","inLanguage":"es","@id":"https:\/\/www.tetrachim.com\/es\/#\/schema\/logo\/image\/","url":"https:\/\/www.tetrachim.com\/wp-content\/uploads\/2020\/07\/logo-tetrachim.png","contentUrl":"https:\/\/www.tetrachim.com\/wp-content\/uploads\/2020\/07\/logo-tetrachim.png","width":244,"height":51,"caption":"Tetrachim"},"image":{"@id":"https:\/\/www.tetrachim.com\/es\/#\/schema\/logo\/image\/"},"sameAs":["https:\/\/x.com\/Tetrachim","https:\/\/www.linkedin.com\/company\/tetrachim\/"]}]}},"_links":{"self":[{"href":"https:\/\/www.tetrachim.com\/es\/wp-json\/wp\/v2\/pages\/97967","targetHints":{"allow":["GET"]}}],"collection":[{"href":"https:\/\/www.tetrachim.com\/es\/wp-json\/wp\/v2\/pages"}],"about":[{"href":"https:\/\/www.tetrachim.com\/es\/wp-json\/wp\/v2\/types\/page"}],"author":[{"embeddable":true,"href":"https:\/\/www.tetrachim.com\/es\/wp-json\/wp\/v2\/users\/1"}],"replies":[{"embeddable":true,"href":"https:\/\/www.tetrachim.com\/es\/wp-json\/wp\/v2\/comments?post=97967"}],"version-history":[{"count":2,"href":"https:\/\/www.tetrachim.com\/es\/wp-json\/wp\/v2\/pages\/97967\/revisions"}],"predecessor-version":[{"id":97984,"href":"https:\/\/www.tetrachim.com\/es\/wp-json\/wp\/v2\/pages\/97967\/revisions\/97984"}],"wp:attachment":[{"href":"https:\/\/www.tetrachim.com\/es\/wp-json\/wp\/v2\/media?parent=97967"}],"curies":[{"name":"wp","href":"https:\/\/api.w.org\/{rel}","templated":true}]}}