{"id":98011,"date":"2025-07-09T17:42:14","date_gmt":"2025-07-09T15:42:14","guid":{"rendered":"https:\/\/www.tetrachim.com\/sus-mercados\/embalaje\/"},"modified":"2025-07-09T17:42:23","modified_gmt":"2025-07-09T15:42:23","slug":"embalaje","status":"publish","type":"page","link":"https:\/\/www.tetrachim.com\/es\/sus-mercados\/embalaje\/","title":{"rendered":"Embalaje"},"content":{"rendered":"<div class=\"wpb-content-wrapper\"><p>[vc_section back_image=\u00bb85635&#8243; back_repeat=\u00bbno-repeat\u00bb back_position=\u00bbright center\u00bb overlay_alpha=\u00bb50&#8243; el_class=\u00bbsection-fleche\u00bb back_size=\u00bb260px auto\u00bb][vc_row row_height_percent=\u00bb0&#8243; override_padding=\u00bbyes\u00bb h_padding=\u00bb2&#8243; top_padding=\u00bb2&#8243; bottom_padding=\u00bb3&#8243; back_image=\u00bb85652&#8243; back_repeat=\u00bbno-repeat\u00bb back_position=\u00bbleft center\u00bb overlay_alpha=\u00bb50&#8243; gutter_size=\u00bb3&#8243; column_width_percent=\u00bb100&#8243; shift_y=\u00bb0&#8243; z_index=\u00bb0&#8243; el_class=\u00bbrangee-reduite-plus tx-intro intro-overlay your-markets\u00bb back_size=\u00bb35% auto\u00bb][vc_column column_width_percent=\u00bb100&#8243; gutter_size=\u00bb3&#8243; override_padding=\u00bbyes\u00bb column_padding=\u00bb2&#8243; overlay_alpha=\u00bb50&#8243; shift_x=\u00bb0&#8243; shift_y=\u00bb0&#8243; shift_y_down=\u00bb0&#8243; z_index=\u00bb0&#8243; medium_visibility=\u00bbyes\u00bb medium_width=\u00bb0&#8243; mobile_visibility=\u00bbyes\u00bb mobile_width=\u00bb0&#8243; width=\u00bb1\/3&#8243; el_class=\u00bbcol-menu-lateral\u00bb][vc_wp_custommenu nav_menu=\u00bb141&#8243; title=\u00bbSus mercados\u00bb][\/vc_column][vc_column column_width_percent=\u00bb100&#8243; position_horizontal=\u00bbleft\u00bb gutter_size=\u00bb3&#8243; overlay_alpha=\u00bb50&#8243; shift_x=\u00bb0&#8243; shift_y=\u00bb0&#8243; shift_y_down=\u00bb0&#8243; z_index=\u00bb0&#8243; medium_width=\u00bb0&#8243; mobile_width=\u00bb0&#8243; width=\u00bb2\/3&#8243;][vc_custom_heading heading_semantic=\u00bbh1&#8243; text_size=\u00bbh3&#8243; sub_lead=\u00bbyes\u00bb sub_reduced=\u00bbyes\u00bb css_animation=\u00bbleft-t-right\u00bb subheading=\u00bbLograr un &lt;strong&gt;proceso de envasado&lt;\/strong&gt; fluido\u00bb]EMBALAJE[\/vc_custom_heading][vc_column_text css_animation=\u00bbright-t-left\u00bb animation_delay=\u00bb200&#8243;]Las empresas de envasado necesitan combinar calidad y competitividad. Por lo tanto, el aumento de la productividad y el flujo de producci\u00f3n ocupan un lugar destacado en su agenda. Los fluoropol\u00edmeros Teflon\u2122 son la mejor opci\u00f3n para garantizar una menor fricci\u00f3n cuando las piezas recubiertas de la cinta transportadora rozan entre s\u00ed, impulsando as\u00ed el flujo de producci\u00f3n. Sus propiedades antiadherentes tambi\u00e9n son inevitables para mantener la durabilidad de las barras de sellado t\u00e9rmico para los que utilizan envasado al vac\u00edo.[\/vc_column_text][vc_row_inner limit_content=\u00bb\u00bb][vc_column_inner column_width_percent=\u00bb100&#8243; gutter_size=\u00bb3&#8243; overlay_alpha=\u00bb50&#8243; shift_x=\u00bb0&#8243; shift_y=\u00bb0&#8243; shift_y_down=\u00bb0&#8243; z_index=\u00bb0&#8243; medium_width=\u00bb0&#8243; mobile_width=\u00bb0&#8243; css_animation=\u00bbzoom-in\u00bb animation_delay=\u00bb300&#8243; width=\u00bb1\/1&#8243;][vc_custom_heading text_size=\u00bbh6&#8243;]Sus solicitudes[\/vc_custom_heading][\/vc_column_inner][\/vc_row_inner][vc_row_inner row_inner_height_percent=\u00bb0&#8243; overlay_alpha=\u00bb50&#8243; equal_height=\u00bbyes\u00bb gutter_size=\u00bb3&#8243; shift_y=\u00bb0&#8243; z_index=\u00bb0&#8243; css=\u00bb.vc_custom_1597238809978{margin-top: 20px !important;}\u00bb limit_content=\u00bb\u00bb][vc_column_inner column_width_percent=\u00bb100&#8243; gutter_size=\u00bb3&#8243; overlay_alpha=\u00bb50&#8243; shift_x=\u00bb0&#8243; shift_y=\u00bb0&#8243; shift_y_down=\u00bb0&#8243; z_index=\u00bb0&#8243; medium_width=\u00bb0&#8243; mobile_width=\u00bb0&#8243; css_animation=\u00bbzoom-in\u00bb animation_delay=\u00bb300&#8243; width=\u00bb2\/12&#8243;][vc_column_text]Embalaje[\/vc_column_text][\/vc_column_inner][vc_column_inner column_width_percent=\u00bb100&#8243; gutter_size=\u00bb3&#8243; override_padding=\u00bbyes\u00bb column_padding=\u00bb0&#8243; overlay_alpha=\u00bb50&#8243; shift_x=\u00bb0&#8243; shift_y=\u00bb0&#8243; shift_y_down=\u00bb0&#8243; z_index=\u00bb0&#8243; medium_width=\u00bb0&#8243; mobile_width=\u00bb0&#8243; css_animation=\u00bbzoom-in\u00bb animation_delay=\u00bb300&#8243; width=\u00bb10\/12&#8243;][vc_column_text css=\u00bb.vc_custom_1597246605039{padding-top: 0px !important;}\u00bb]Barras de termosellado, cintas transportadoras[\/vc_column_text][\/vc_column_inner][\/vc_row_inner][vc_row_inner row_inner_height_percent=\u00bb0&#8243; overlay_alpha=\u00bb50&#8243; gutter_size=\u00bb3&#8243; shift_y=\u00bb0&#8243; z_index=\u00bb0&#8243; limit_content=\u00bb\u00bb el_id=\u00bbwhy-choose-us\u00bb][vc_column_inner column_width_percent=\u00bb100&#8243; position_vertical=\u00bbmiddle\u00bb gutter_size=\u00bb3&#8243; overlay_alpha=\u00bb75&#8243; shift_x=\u00bb0&#8243; shift_y=\u00bb0&#8243; shift_y_down=\u00bb0&#8243; z_index=\u00bb0&#8243; medium_width=\u00bb4&#8243; mobile_width=\u00bb0&#8243; width=\u00bb1\/2&#8243;][vc_single_image media=\u00bb86052&#8243; media_width_percent=\u00bb100&#8243; media_ratio=\u00bbone-one\u00bb css_animation=\u00bbzoom-in\u00bb animation_delay=\u00bb600&#8243;][\/vc_column_inner][vc_column_inner column_width_percent=\u00bb100&#8243; position_vertical=\u00bbmiddle\u00bb gutter_size=\u00bb3&#8243; overlay_alpha=\u00bb50&#8243; shift_x=\u00bb0&#8243; shift_y=\u00bb0&#8243; shift_y_down=\u00bb0&#8243; z_index=\u00bb0&#8243; medium_width=\u00bb4&#8243; mobile_width=\u00bb0&#8243; css_animation=\u00bbzoom-out\u00bb animation_delay=\u00bb400&#8243; width=\u00bb1\/2&#8243;][vc_custom_heading text_size=\u00bbh6&#8243;]\u00bfPor qu\u00e9 elegirnos?[\/vc_custom_heading][uncode_list icon=\u00bbfa fa-chevron-right\u00bb icon_color=\u00bbcolor-104255&#8243;]Tetrachim puede ayudarle a garantizar que los componentes esenciales de su proceso de envasado sigan funcionando:<\/p>\n<ul>\n<li>Reducir el nivel de fricci\u00f3n de las cintas transportadoras para aumentar el flujo de producci\u00f3n<\/li>\n<li>Mantener las propiedades antiadherentes de las barras termosellables para evitar tiempos de inactividad en su producci\u00f3n<\/li>\n<\/ul>\n<p>Nuestro equipo le guiar\u00e1 para encontrar el revestimiento m\u00e1s duradero para su aplicaci\u00f3n. Y podemos entregarlo donde desee para agilizar las operaciones de mantenimiento gracias a nuestra \u00f3ptima red log\u00edstica.[\/uncode_list][\/vc_column_inner][\/vc_row_inner][vc_row_inner row_inner_height_percent=\u00bb0&#8243; overlay_alpha=\u00bb50&#8243; gutter_size=\u00bb3&#8243; shift_y=\u00bb0&#8243; z_index=\u00bb0&#8243; limit_content=\u00bb\u00bb][vc_column_inner width=\u00bb1\/1&#8243;][vc_custom_heading text_size=\u00bbh6&#8243;]Las funcionalidades que busca[\/vc_custom_heading][\/vc_column_inner][\/vc_row_inner][vc_row_inner row_inner_height_percent=\u00bb0&#8243; overlay_alpha=\u00bb50&#8243; gutter_size=\u00bb3&#8243; shift_y=\u00bb0&#8243; z_index=\u00bb0&#8243; limit_content=\u00bb\u00bb el_class=\u00bbreassurance-box markets\u00bb][vc_column_inner column_width_percent=\u00bb100&#8243; gutter_size=\u00bb3&#8243; style=\u00bbdark\u00bb back_image=\u00bb86518&#8243; overlay_color=\u00bbcolor-889485&#8243; overlay_alpha=\u00bb75&#8243; shift_x=\u00bb0&#8243; shift_y=\u00bb0&#8243; shift_y_down=\u00bb0&#8243; z_index=\u00bb0&#8243; medium_width=\u00bb0&#8243; mobile_width=\u00bb0&#8243; css_animation=\u00bbbottom-t-top\u00bb animation_delay=\u00bb600&#8243; width=\u00bb1\/2&#8243; el_class=\u00bbboite-ico\u00bb][vc_icon position=\u00bbleft\u00bb icon_image=\u00bb86409&#8243; media_size=\u00bb80&#8243; text_size=\u00bbfontsize-155944&#8243; text_weight=\u00bb700&#8243; linked_title=\u00bbyes\u00bb link=\u00bb|||\u00bb]<\/p>\n<h3>Propiedades antiadherentes<\/h3>\n<p>[\/vc_icon][\/vc_column_inner][vc_column_inner column_width_percent=\u00bb100&#8243; gutter_size=\u00bb3&#8243; back_image=\u00bb86518&#8243; overlay_color=\u00bbcolor-xsdn\u00bb overlay_alpha=\u00bb90&#8243; shift_x=\u00bb0&#8243; shift_y=\u00bb0&#8243; shift_y_down=\u00bb0&#8243; z_index=\u00bb0&#8243; medium_width=\u00bb0&#8243; mobile_width=\u00bb0&#8243; css_animation=\u00bbbottom-t-top\u00bb animation_delay=\u00bb600&#8243; width=\u00bb1\/2&#8243; el_class=\u00bbboite-ico\u00bb][vc_icon position=\u00bbleft\u00bb icon_image=\u00bb86458&#8243; media_size=\u00bb80&#8243; text_size=\u00bbfontsize-155944&#8243; text_weight=\u00bb700&#8243; linked_title=\u00bbyes\u00bb link=\u00bb|||\u00bb]<\/p>\n<h3>Resistencia a la corrosi\u00f3n<\/h3>\n<p>[\/vc_icon][\/vc_column_inner][\/vc_row_inner][vc_row_inner row_inner_height_percent=\u00bb0&#8243; overlay_alpha=\u00bb50&#8243; gutter_size=\u00bb3&#8243; shift_y=\u00bb0&#8243; z_index=\u00bb0&#8243; limit_content=\u00bb\u00bb el_class=\u00bbreassurance-box markets\u00bb][vc_column_inner column_width_percent=\u00bb100&#8243; gutter_size=\u00bb3&#8243; back_image=\u00bb86518&#8243; overlay_color=\u00bbcolor-xsdn\u00bb overlay_alpha=\u00bb90&#8243; shift_x=\u00bb0&#8243; shift_y=\u00bb0&#8243; shift_y_down=\u00bb0&#8243; z_index=\u00bb0&#8243; medium_width=\u00bb0&#8243; mobile_width=\u00bb0&#8243; css_animation=\u00bbbottom-t-top\u00bb animation_delay=\u00bb600&#8243; width=\u00bb1\/2&#8243; el_class=\u00bbboite-ico\u00bb][vc_icon position=\u00bbleft\u00bb icon_image=\u00bb86430&#8243; media_size=\u00bb80&#8243; text_size=\u00bbfontsize-155944&#8243; text_weight=\u00bb700&#8243; linked_title=\u00bbyes\u00bb link=\u00bb|||\u00bb]<\/p>\n<h3>Propiedades de baja fricci\u00f3n<\/h3>\n<p>[\/vc_icon][\/vc_column_inner][vc_column_inner column_width_percent=\u00bb100&#8243; gutter_size=\u00bb3&#8243; style=\u00bbdark\u00bb back_image=\u00bb86518&#8243; overlay_color=\u00bbcolor-889485&#8243; overlay_alpha=\u00bb75&#8243; shift_x=\u00bb0&#8243; shift_y=\u00bb0&#8243; shift_y_down=\u00bb0&#8243; z_index=\u00bb0&#8243; medium_width=\u00bb0&#8243; mobile_width=\u00bb0&#8243; css_animation=\u00bbbottom-t-top\u00bb animation_delay=\u00bb600&#8243; width=\u00bb1\/2&#8243; el_class=\u00bbboite-ico\u00bb][vc_icon position=\u00bbleft\u00bb icon_image=\u00bb86414&#8243; media_size=\u00bb80&#8243; text_size=\u00bbfontsize-155944&#8243; text_weight=\u00bb700&#8243; linked_title=\u00bbyes\u00bb link=\u00bb|||\u00bb]<\/p>\n<h3>Resistencia al desgaste<\/h3>\n<p>[\/vc_icon][\/vc_column_inner][\/vc_row_inner][\/vc_column][\/vc_row][vc_row row_height_percent=\u00bb0&#8243; overlay_alpha=\u00bb50&#8243; gutter_size=\u00bb3&#8243; column_width_percent=\u00bb100&#8243; shift_y=\u00bb0&#8243; z_index=\u00bb0&#8243; el_id=\u00bbmarchas\u00bb][vc_column column_width_percent=\u00bb100&#8243; align_horizontal=\u00bbalign_center\u00bb gutter_size=\u00bb3&#8243; overlay_alpha=\u00bb50&#8243; shift_x=\u00bb0&#8243; shift_y=\u00bb0&#8243; shift_y_down=\u00bb0&#8243; z_index=\u00bb0&#8243; medium_width=\u00bb0&#8243; mobile_width=\u00bb0&#8243; css_animation=\u00bbalpha-anim\u00bb width=\u00bb1\/1&#8243;][vc_custom_heading text_size=\u00bbh3&#8243; css_animation=\u00bbzoom-out\u00bb]Nuestras <strong>soluciones<\/strong>[\/vc_custom_heading][uncode_index el_id=\u00bbindex-973757&#8243; index_type=\u00bbcarousel\u00bb loop=\u00bbsize:10|order_by:date|taxonomy_query:product_cat|taxonomy_order:name|taxonomy_sort:ASC|taxonomy_count:10|taxonomy_include_ids:238&#8243; carousel_lg=\u00bb4&#8243; carousel_md=\u00bb2&#8243; carousel_sm=\u00bb1&#8243; thumb_size=\u00bbone-one\u00bb gutter_size=\u00bb2&#8243; uncode_taxonomy_items=\u00bbmedia|featured|onpost|original,title\u00bb carousel_interval=\u00bb3000&#8243; carousel_navspeed=\u00bb400&#8243; carousel_dots=\u00bbyes\u00bb carousel_dots_mobile=\u00bbyes\u00bb stage_padding=\u00bb0&#8243; single_overlay_opacity=\u00bb50&#8243; single_padding=\u00bb2&#8243; single_title_dimension=\u00bbfontsize-155944&#8243; el_class=\u00bbwoocommerce columns-4&#8243;][\/vc_column][\/vc_row][\/vc_section][vc_row unlock_row_content=\u00bbyes\u00bb row_height_percent=\u00bb0&#8243; back_image=\u00bb86058&#8243; back_position=\u00bbcenter bottom\u00bb overlay_color=\u00bbcolor-156355&#8243; overlay_alpha=\u00bb78&#8243; gutter_size=\u00bb3&#8243; column_width_percent=\u00bb100&#8243; shift_y=\u00bb0&#8243; z_index=\u00bb0&#8243; el_class=\u00bbcta\u00bb][vc_column column_width_use_pixel=\u00bbyes\u00bb position_horizontal=\u00bbleft\u00bb position_vertical=\u00bbmiddle\u00bb gutter_size=\u00bb3&#8243; style=\u00bbdark\u00bb overlay_alpha=\u00bb50&#8243; shift_x=\u00bb0&#8243; shift_y=\u00bb0&#8243; shift_y_down=\u00bb0&#8243; z_index=\u00bb0&#8243; align_medium=\u00bbalign_center_tablet\u00bb medium_width=\u00bb7&#8243; align_mobile=\u00bbalign_center_mobile\u00bb mobile_width=\u00bb7&#8243; width=\u00bb2\/3&#8243; column_width_pixel=\u00bb900&#8243;][vc_custom_heading text_size=\u00bbh6&#8243; sub_lead=\u00bbyes\u00bb sub_reduced=\u00bbyes\u00bb css_animation=\u00bbzoom-in\u00bb]Busque m\u00e1s informaci\u00f3n sobre nuestras soluciones para la industria del envasado.[\/vc_custom_heading][vc_column_text text_lead=\u00bbyes\u00bb css_animation=\u00bbzoom-in\u00bb animation_speed=\u00bb600&#8243;]Las \u00fatiles gu\u00edas de productos, tutoriales o libros blancos le ayudar\u00e1n a elegir el producto adecuado. Si no encuentra la respuesta que busca, no dude en llamarnos al <a href=\"tel:+33161440290\">+33 (0)1 61 44 02 90<\/a> o enviarnos un correo electr\u00f3nico a <a href=\"mailto:info@tetrachim.com\">info@tetrachim.com.<\/a>[\/vc_column_text][\/vc_column][vc_column column_width_percent=\u00bb100&#8243; position_vertical=\u00bbmiddle\u00bb gutter_size=\u00bb3&#8243; style=\u00bbdark\u00bb overlay_alpha=\u00bb50&#8243; shift_x=\u00bb0&#8243; shift_y=\u00bb0&#8243; shift_y_down=\u00bb0&#8243; z_index=\u00bb0&#8243; align_medium=\u00bbalign_center_tablet\u00bb medium_width=\u00bb7&#8243; align_mobile=\u00bbalign_center_mobile\u00bb mobile_width=\u00bb7&#8243; width=\u00bb1\/3&#8243;][vc_button button_color=\u00bbcolor-xsdn\u00bb border_width=\u00bb0&#8243; el_class=\u00bbbtn-outline btn-blanc\u00bb]Centro de conocimiento[\/vc_button][\/vc_column][\/vc_row][vc_row row_height_percent=\u00bb0&#8243; override_padding=\u00bbyes\u00bb h_padding=\u00bb2&#8243; top_padding=\u00bb0&#8243; bottom_padding=\u00bb0&#8243; overlay_alpha=\u00bb50&#8243; gutter_size=\u00bb3&#8243; column_width_percent=\u00bb100&#8243; shift_y=\u00bb0&#8243; z_index=\u00bb0&#8243; el_class=\u00bbrow-menu-mobile\u00bb][vc_column column_width_percent=\u00bb100&#8243; gutter_size=\u00bb3&#8243; override_padding=\u00bbyes\u00bb column_padding=\u00bb2&#8243; overlay_alpha=\u00bb50&#8243; shift_x=\u00bb0&#8243; shift_y=\u00bb0&#8243; shift_y_down=\u00bb0&#8243; z_index=\u00bb0&#8243; desktop_visibility=\u00bbyes\u00bb medium_width=\u00bb0&#8243; mobile_width=\u00bb0&#8243; width=\u00bb1\/1&#8243; el_class=\u00bbcol-menu-lateral\u00bb][vc_wp_custommenu nav_menu=\u00bb141&#8243; title=\u00bbSus mercados\u00bb][\/vc_column][\/vc_row]<\/p>\n<\/div>","protected":false},"excerpt":{"rendered":"<p>[vc_section back_image=\u00bb85635&#8243; back_repeat=\u00bbno-repeat\u00bb back_position=\u00bbright center\u00bb overlay_alpha=\u00bb50&#8243; el_class=\u00bbsection-fleche\u00bb back_size=\u00bb260px auto\u00bb][vc_row row_height_percent=\u00bb0&#8243; override_padding=\u00bbyes\u00bb h_padding=\u00bb2&#8243; top_padding=\u00bb2&#8243; bottom_padding=\u00bb3&#8243; back_image=\u00bb85652&#8243; back_repeat=\u00bbno-repeat\u00bb back_position=\u00bbleft center\u00bb overlay_alpha=\u00bb50&#8243; gutter_size=\u00bb3&#8243; [&hellip;]<\/p>\n","protected":false},"author":1,"featured_media":0,"parent":97927,"menu_order":0,"comment_status":"closed","ping_status":"closed","template":"","meta":{"footnotes":""},"class_list":["post-98011","page","type-page","status-publish","hentry"],"yoast_head":"<!-- This site is optimized with the Yoast SEO plugin v27.5 - https:\/\/yoast.com\/product\/yoast-seo-wordpress\/ -->\n<title>Embalaje - Tetrachim<\/title>\n<meta name=\"robots\" content=\"index, follow, max-snippet:-1, max-image-preview:large, max-video-preview:-1\" \/>\n<link rel=\"canonical\" href=\"https:\/\/www.tetrachim.com\/es\/sus-mercados\/embalaje\/\" \/>\n<meta property=\"og:locale\" content=\"es_ES\" \/>\n<meta property=\"og:type\" content=\"article\" \/>\n<meta property=\"og:title\" content=\"Embalaje - Tetrachim\" \/>\n<meta property=\"og:description\" content=\"[vc_section back_image=\u00bb85635&#8243; back_repeat=\u00bbno-repeat\u00bb back_position=\u00bbright center\u00bb overlay_alpha=\u00bb50&#8243; el_class=\u00bbsection-fleche\u00bb back_size=\u00bb260px auto\u00bb][vc_row row_height_percent=\u00bb0&#8243; override_padding=\u00bbyes\u00bb h_padding=\u00bb2&#8243; top_padding=\u00bb2&#8243; bottom_padding=\u00bb3&#8243; back_image=\u00bb85652&#8243; back_repeat=\u00bbno-repeat\u00bb back_position=\u00bbleft center\u00bb overlay_alpha=\u00bb50&#8243; gutter_size=\u00bb3&#8243; [&hellip;]\" \/>\n<meta property=\"og:url\" content=\"https:\/\/www.tetrachim.com\/es\/sus-mercados\/embalaje\/\" \/>\n<meta property=\"og:site_name\" content=\"Tetrachim\" \/>\n<meta property=\"article:modified_time\" content=\"2025-07-09T15:42:23+00:00\" \/>\n<meta name=\"twitter:card\" content=\"summary_large_image\" \/>\n<meta name=\"twitter:site\" content=\"@Tetrachim\" \/>\n<meta name=\"twitter:label1\" content=\"Tiempo de lectura\" \/>\n\t<meta name=\"twitter:data1\" content=\"7 minutos\" \/>\n<script type=\"application\/ld+json\" class=\"yoast-schema-graph\">{\"@context\":\"https:\\\/\\\/schema.org\",\"@graph\":[{\"@type\":\"WebPage\",\"@id\":\"https:\\\/\\\/www.tetrachim.com\\\/es\\\/sus-mercados\\\/embalaje\\\/\",\"url\":\"https:\\\/\\\/www.tetrachim.com\\\/es\\\/sus-mercados\\\/embalaje\\\/\",\"name\":\"Embalaje - Tetrachim\",\"isPartOf\":{\"@id\":\"https:\\\/\\\/www.tetrachim.com\\\/es\\\/#website\"},\"datePublished\":\"2025-07-09T15:42:14+00:00\",\"dateModified\":\"2025-07-09T15:42:23+00:00\",\"breadcrumb\":{\"@id\":\"https:\\\/\\\/www.tetrachim.com\\\/es\\\/sus-mercados\\\/embalaje\\\/#breadcrumb\"},\"inLanguage\":\"es\",\"potentialAction\":[{\"@type\":\"ReadAction\",\"target\":[\"https:\\\/\\\/www.tetrachim.com\\\/es\\\/sus-mercados\\\/embalaje\\\/\"]}]},{\"@type\":\"BreadcrumbList\",\"@id\":\"https:\\\/\\\/www.tetrachim.com\\\/es\\\/sus-mercados\\\/embalaje\\\/#breadcrumb\",\"itemListElement\":[{\"@type\":\"ListItem\",\"position\":1,\"name\":\"\",\"item\":\"https:\\\/\\\/www.tetrachim.com\\\/es\\\/\"},{\"@type\":\"ListItem\",\"position\":2,\"name\":\"Sus mercados\",\"item\":\"https:\\\/\\\/www.tetrachim.com\\\/es\\\/sus-mercados\\\/\"},{\"@type\":\"ListItem\",\"position\":3,\"name\":\"Embalaje\"}]},{\"@type\":\"WebSite\",\"@id\":\"https:\\\/\\\/www.tetrachim.com\\\/es\\\/#website\",\"url\":\"https:\\\/\\\/www.tetrachim.com\\\/es\\\/\",\"name\":\"Tetrachim\",\"description\":\"Rev\u00eatements high-tech\",\"publisher\":{\"@id\":\"https:\\\/\\\/www.tetrachim.com\\\/es\\\/#organization\"},\"potentialAction\":[{\"@type\":\"SearchAction\",\"target\":{\"@type\":\"EntryPoint\",\"urlTemplate\":\"https:\\\/\\\/www.tetrachim.com\\\/es\\\/?s={search_term_string}\"},\"query-input\":{\"@type\":\"PropertyValueSpecification\",\"valueRequired\":true,\"valueName\":\"search_term_string\"}}],\"inLanguage\":\"es\"},{\"@type\":\"Organization\",\"@id\":\"https:\\\/\\\/www.tetrachim.com\\\/es\\\/#organization\",\"name\":\"Tetrachim\",\"url\":\"https:\\\/\\\/www.tetrachim.com\\\/es\\\/\",\"logo\":{\"@type\":\"ImageObject\",\"inLanguage\":\"es\",\"@id\":\"https:\\\/\\\/www.tetrachim.com\\\/es\\\/#\\\/schema\\\/logo\\\/image\\\/\",\"url\":\"https:\\\/\\\/www.tetrachim.com\\\/wp-content\\\/uploads\\\/2020\\\/07\\\/logo-tetrachim.png\",\"contentUrl\":\"https:\\\/\\\/www.tetrachim.com\\\/wp-content\\\/uploads\\\/2020\\\/07\\\/logo-tetrachim.png\",\"width\":244,\"height\":51,\"caption\":\"Tetrachim\"},\"image\":{\"@id\":\"https:\\\/\\\/www.tetrachim.com\\\/es\\\/#\\\/schema\\\/logo\\\/image\\\/\"},\"sameAs\":[\"https:\\\/\\\/x.com\\\/Tetrachim\",\"https:\\\/\\\/www.linkedin.com\\\/company\\\/tetrachim\\\/\"]}]}<\/script>\n<!-- \/ Yoast SEO plugin. -->","yoast_head_json":{"title":"Embalaje - Tetrachim","robots":{"index":"index","follow":"follow","max-snippet":"max-snippet:-1","max-image-preview":"max-image-preview:large","max-video-preview":"max-video-preview:-1"},"canonical":"https:\/\/www.tetrachim.com\/es\/sus-mercados\/embalaje\/","og_locale":"es_ES","og_type":"article","og_title":"Embalaje - Tetrachim","og_description":"[vc_section back_image=\u00bb85635&#8243; back_repeat=\u00bbno-repeat\u00bb back_position=\u00bbright center\u00bb overlay_alpha=\u00bb50&#8243; el_class=\u00bbsection-fleche\u00bb back_size=\u00bb260px auto\u00bb][vc_row row_height_percent=\u00bb0&#8243; override_padding=\u00bbyes\u00bb h_padding=\u00bb2&#8243; top_padding=\u00bb2&#8243; bottom_padding=\u00bb3&#8243; back_image=\u00bb85652&#8243; back_repeat=\u00bbno-repeat\u00bb back_position=\u00bbleft center\u00bb overlay_alpha=\u00bb50&#8243; gutter_size=\u00bb3&#8243; [&hellip;]","og_url":"https:\/\/www.tetrachim.com\/es\/sus-mercados\/embalaje\/","og_site_name":"Tetrachim","article_modified_time":"2025-07-09T15:42:23+00:00","twitter_card":"summary_large_image","twitter_site":"@Tetrachim","twitter_misc":{"Tiempo de lectura":"7 minutos"},"schema":{"@context":"https:\/\/schema.org","@graph":[{"@type":"WebPage","@id":"https:\/\/www.tetrachim.com\/es\/sus-mercados\/embalaje\/","url":"https:\/\/www.tetrachim.com\/es\/sus-mercados\/embalaje\/","name":"Embalaje - Tetrachim","isPartOf":{"@id":"https:\/\/www.tetrachim.com\/es\/#website"},"datePublished":"2025-07-09T15:42:14+00:00","dateModified":"2025-07-09T15:42:23+00:00","breadcrumb":{"@id":"https:\/\/www.tetrachim.com\/es\/sus-mercados\/embalaje\/#breadcrumb"},"inLanguage":"es","potentialAction":[{"@type":"ReadAction","target":["https:\/\/www.tetrachim.com\/es\/sus-mercados\/embalaje\/"]}]},{"@type":"BreadcrumbList","@id":"https:\/\/www.tetrachim.com\/es\/sus-mercados\/embalaje\/#breadcrumb","itemListElement":[{"@type":"ListItem","position":1,"name":"","item":"https:\/\/www.tetrachim.com\/es\/"},{"@type":"ListItem","position":2,"name":"Sus mercados","item":"https:\/\/www.tetrachim.com\/es\/sus-mercados\/"},{"@type":"ListItem","position":3,"name":"Embalaje"}]},{"@type":"WebSite","@id":"https:\/\/www.tetrachim.com\/es\/#website","url":"https:\/\/www.tetrachim.com\/es\/","name":"Tetrachim","description":"Rev\u00eatements high-tech","publisher":{"@id":"https:\/\/www.tetrachim.com\/es\/#organization"},"potentialAction":[{"@type":"SearchAction","target":{"@type":"EntryPoint","urlTemplate":"https:\/\/www.tetrachim.com\/es\/?s={search_term_string}"},"query-input":{"@type":"PropertyValueSpecification","valueRequired":true,"valueName":"search_term_string"}}],"inLanguage":"es"},{"@type":"Organization","@id":"https:\/\/www.tetrachim.com\/es\/#organization","name":"Tetrachim","url":"https:\/\/www.tetrachim.com\/es\/","logo":{"@type":"ImageObject","inLanguage":"es","@id":"https:\/\/www.tetrachim.com\/es\/#\/schema\/logo\/image\/","url":"https:\/\/www.tetrachim.com\/wp-content\/uploads\/2020\/07\/logo-tetrachim.png","contentUrl":"https:\/\/www.tetrachim.com\/wp-content\/uploads\/2020\/07\/logo-tetrachim.png","width":244,"height":51,"caption":"Tetrachim"},"image":{"@id":"https:\/\/www.tetrachim.com\/es\/#\/schema\/logo\/image\/"},"sameAs":["https:\/\/x.com\/Tetrachim","https:\/\/www.linkedin.com\/company\/tetrachim\/"]}]}},"_links":{"self":[{"href":"https:\/\/www.tetrachim.com\/es\/wp-json\/wp\/v2\/pages\/98011","targetHints":{"allow":["GET"]}}],"collection":[{"href":"https:\/\/www.tetrachim.com\/es\/wp-json\/wp\/v2\/pages"}],"about":[{"href":"https:\/\/www.tetrachim.com\/es\/wp-json\/wp\/v2\/types\/page"}],"author":[{"embeddable":true,"href":"https:\/\/www.tetrachim.com\/es\/wp-json\/wp\/v2\/users\/1"}],"replies":[{"embeddable":true,"href":"https:\/\/www.tetrachim.com\/es\/wp-json\/wp\/v2\/comments?post=98011"}],"version-history":[{"count":2,"href":"https:\/\/www.tetrachim.com\/es\/wp-json\/wp\/v2\/pages\/98011\/revisions"}],"predecessor-version":[{"id":98034,"href":"https:\/\/www.tetrachim.com\/es\/wp-json\/wp\/v2\/pages\/98011\/revisions\/98034"}],"up":[{"embeddable":true,"href":"https:\/\/www.tetrachim.com\/es\/wp-json\/wp\/v2\/pages\/97927"}],"wp:attachment":[{"href":"https:\/\/www.tetrachim.com\/es\/wp-json\/wp\/v2\/media?parent=98011"}],"curies":[{"name":"wp","href":"https:\/\/api.w.org\/{rel}","templated":true}]}}