{"id":98036,"date":"2025-07-09T17:42:25","date_gmt":"2025-07-09T15:42:25","guid":{"rendered":"https:\/\/www.tetrachim.com\/centro-de-conocimiento\/"},"modified":"2025-07-09T17:42:41","modified_gmt":"2025-07-09T15:42:41","slug":"centro-de-conocimiento","status":"publish","type":"page","link":"https:\/\/www.tetrachim.com\/es\/centro-de-conocimiento\/","title":{"rendered":"Centro de conocimiento"},"content":{"rendered":"<div class=\"wpb-content-wrapper\"><p>[vc_row unlock_row_content=\u00bbyes\u00bb row_height_percent=\u00bb0&#8243; override_padding=\u00bbyes\u00bb h_padding=\u00bb0&#8243; top_padding=\u00bb0&#8243; bottom_padding=\u00bb0&#8243; back_image=\u00bb83397&#8243; overlay_alpha=\u00bb50&#8243; gutter_size=\u00bb3&#8243; column_width_percent=\u00bb100&#8243; shift_y=\u00bb0&#8243; z_index=\u00bb0&#8243; row_height_pixel=\u00bb200px\u00bb el_id=\u00bbbandeau-page\u00bb front_end_with_slider=\u00bbtrue\u00bb][vc_column column_width_percent=\u00bb100&#8243; position_vertical=\u00bbmiddle\u00bb gutter_size=\u00bb3&#8243; override_padding=\u00bbyes\u00bb column_padding=\u00bb0&#8243; overlay_alpha=\u00bb50&#8243; shift_x=\u00bb0&#8243; shift_y=\u00bb0&#8243; shift_y_down=\u00bb0&#8243; z_index=\u00bb0&#8243; medium_width=\u00bb0&#8243; mobile_width=\u00bb0&#8243; width=\u00bb1\/1&#8243;][vc_row_inner row_inner_height_percent=\u00bb100&#8243; back_image=\u00bb85629&#8243; back_position=\u00bbleft center\u00bb overlay_alpha=\u00bb50&#8243; equal_height=\u00bbyes\u00bb gutter_size=\u00bb3&#8243; shift_y=\u00bb0&#8243; z_index=\u00bb0&#8243; back_size=\u00bbauto 100%\u00bb el_class=\u00bbrangee-reduite-plus\u00bb row_height_pixel=\u00bb200px\u00bb limit_content=\u00bb\u00bb][vc_column_inner column_width_percent=\u00bb66&#8243; position_horizontal=\u00bbleft\u00bb position_vertical=\u00bbmiddle\u00bb gutter_size=\u00bb3&#8243; overlay_alpha=\u00bb50&#8243; shift_x=\u00bb0&#8243; shift_y=\u00bb0&#8243; shift_y_down=\u00bb0&#8243; z_index=\u00bb0&#8243; medium_width=\u00bb0&#8243; mobile_width=\u00bb0&#8243; width=\u00bb1\/1&#8243;][vc_custom_heading heading_semantic=\u00bbh1&#8243; text_font=\u00bbfont-112492&#8243; text_color=\u00bbcolor-889485&#8243; css_animation=\u00bbleft-t-right\u00bb]Centro de <strong>conocimiento<\/strong>[\/vc_custom_heading][vc_column_text css_animation=\u00bbleft-t-right\u00bb animation_delay=\u00bb200&#8243;]<span><span><a href=\"https:\/\/www.tetrachim.com\/es\/\"><i class=\"menu-icon fa fa-home3\"><\/i><\/a><\/span><\/span>[\/vc_column_text][\/vc_column_inner][\/vc_row_inner][vc_single_image media=\u00bb86945&#8243; media_width_use_pixel=\u00bbyes\u00bb alignment=\u00bbright\u00bb shadow=\u00bbyes\u00bb shadow_weight=\u00bblg\u00bb css_animation=\u00bbright-t-left\u00bb animation_speed=\u00bb400&#8243; media_width_pixel=\u00bb560&#8243;][\/vc_column][\/vc_row][vc_section back_image=\u00bb85635&#8243; back_repeat=\u00bbno-repeat\u00bb back_position=\u00bbright center\u00bb overlay_alpha=\u00bb50&#8243; el_class=\u00bbsection-fleche\u00bb back_size=\u00bb260px auto\u00bb][vc_row unlock_row_content=\u00bbyes\u00bb row_height_percent=\u00bb0&#8243; override_padding=\u00bbyes\u00bb h_padding=\u00bb2&#8243; top_padding=\u00bb0&#8243; bottom_padding=\u00bb2&#8243; overlay_alpha=\u00bb50&#8243; gutter_size=\u00bb0&#8243; column_width_percent=\u00bb100&#8243; shift_y=\u00bb0&#8243; z_index=\u00bb0&#8243; el_class=\u00bbentete-decale\u00bb][vc_column column_width_use_pixel=\u00bbyes\u00bb position_horizontal=\u00bbleft\u00bb position_vertical=\u00bbmiddle\u00bb gutter_size=\u00bb3&#8243; style=\u00bbdark\u00bb back_color=\u00bbcolor-112481&#8243; overlay_alpha=\u00bb50&#8243; shift_x=\u00bb0&#8243; shift_y=\u00bb0&#8243; shift_y_down=\u00bb0&#8243; z_index=\u00bb0&#8243; medium_width=\u00bb0&#8243; mobile_width=\u00bb0&#8243; css_animation=\u00bbalpha-anim\u00bb width=\u00bb1\/4&#8243; column_width_pixel=\u00bb800&#8243;][vc_custom_heading text_size=\u00bbh3&#8243; sub_lead=\u00bbyes\u00bb css_animation=\u00bbzoom-in\u00bb subheading=\u00bbMant\u00e9ngase al d\u00eda sobre nuevas soluciones de recubrimientos y tintas, mejores pr\u00e1cticas o informaci\u00f3n sobre las \u00faltimas normativas.\u00bb]<strong>Novedades<\/strong>[\/vc_custom_heading][vc_button button_color=\u00bbcolor-xsdn\u00bb border_width=\u00bb0&#8243; css_animation=\u00bbleft-t-right\u00bb animation_delay=\u00bb200&#8243; link=\u00bburl:http%3A%2F%2Ftetrachim.com%2Fknowledge-center%2Fnovelties%2F|title:Novedades|\u00bb]M\u00e1s noticias[\/vc_button][\/vc_column][vc_column column_width_use_pixel=\u00bbyes\u00bb position_horizontal=\u00bbleft\u00bb gutter_size=\u00bb3&#8243; overlay_alpha=\u00bb50&#8243; shift_x=\u00bb-4&#8243; shift_y=\u00bb5&#8243; shift_y_fixed=\u00bbyes\u00bb shift_y_down=\u00bb0&#8243; z_index=\u00bb0&#8243; medium_width=\u00bb0&#8243; mobile_width=\u00bb0&#8243; css_animation=\u00bbright-t-left\u00bb animation_delay=\u00bb400&#8243; width=\u00bb3\/4&#8243; el_class=\u00bbgalerie-decale\u00bb column_width_pixel=\u00bb1300&#8243; el_id=\u00bbnovelties-gallery\u00bb][uncode_index el_id=\u00bbindex-1984412&#8243; index_type=\u00bbcarousel\u00bb loop=\u00bbsize:8|order_by:date|post_type:post|categories:181&#8243; carousel_lg=\u00bb4&#8243; carousel_md=\u00bb2&#8243; carousel_sm=\u00bb1&#8243; thumb_size=\u00bbsixteen-nine\u00bb gutter_size=\u00bb3&#8243; post_items=\u00bbmedia|featured|onpost|original,title,text|excerpt|150,icon|lg\u00bb carousel_height=\u00bbequal\u00bb carousel_interval=\u00bb5000&#8243; carousel_navspeed=\u00bb400&#8243; carousel_loop=\u00bbyes\u00bb carousel_dots=\u00bbyes\u00bb carousel_dots_mobile=\u00bbyes\u00bb stage_padding=\u00bb0&#8243; single_back_color=\u00bbcolor-xsdn\u00bb single_shape=\u00bbround\u00bb radius=\u00bbstd\u00bb single_overlay_color=\u00bbcolor-112481&#8243; single_overlay_opacity=\u00bb75&#8243; single_h_align=\u00bbcenter\u00bb single_padding=\u00bb2&#8243; single_title_dimension=\u00bbh6&#8243; single_shadow=\u00bbyes\u00bb shadow_weight=\u00bbsm\u00bb single_border=\u00bbyes\u00bb single_css_animation=\u00bbright-t-left\u00bb single_animation_delay=\u00bb400&#8243; single_icon=\u00bbfa fa-plus-circle2&#8243;][\/vc_column][\/vc_row][vc_row row_height_percent=\u00bb0&#8243; override_padding=\u00bbyes\u00bb h_padding=\u00bb2&#8243; top_padding=\u00bb3&#8243; bottom_padding=\u00bb3&#8243; overlay_alpha=\u00bb50&#8243; equal_height=\u00bbyes\u00bb gutter_size=\u00bb3&#8243; column_width_percent=\u00bb100&#8243; shift_y=\u00bb0&#8243; z_index=\u00bb0&#8243; el_class=\u00bbrangee-reduite-plus ancres-box\u00bb][vc_column column_width_percent=\u00bb100&#8243; align_horizontal=\u00bbalign_center\u00bb gutter_size=\u00bb3&#8243; override_padding=\u00bbyes\u00bb column_padding=\u00bb2&#8243; back_image=\u00bb86753&#8243; overlay_color=\u00bbcolor-xsdn\u00bb overlay_alpha=\u00bb90&#8243; shift_x=\u00bb0&#8243; shift_y=\u00bb0&#8243; shift_y_down=\u00bb0&#8243; z_index=\u00bb0&#8243; medium_width=\u00bb0&#8243; mobile_width=\u00bb0&#8243; css_animation=\u00bbalpha-anim\u00bb width=\u00bb1\/2&#8243;][vc_icon icon=\u00bbfa fa-documents\u00bb icon_color=\u00bbcolor-xsdn\u00bb size=\u00bbfa-2x\u00bb heading_semantic=\u00bbh2&#8243; text_size=\u00bbfontsize-155944&#8243; text_weight=\u00bb700&#8243; linked_title=\u00bbyes\u00bb link=\u00bb|||\u00bb title=\u00bbArchivos de proceso\u00bb]Desde la serigraf\u00eda a la pulverizaci\u00f3n, aprenda a optimizar su aplicaci\u00f3n en funci\u00f3n de su proceso.[\/vc_icon][vc_button border_width=\u00bb0&#8243; link=\u00bburl:http%3A%2F%2Ftetrachim.com%2Fknowledge_cat%2Fprocess-files%2F|\u00bb]Seguir leyendo[\/vc_button][\/vc_column][vc_column column_width_percent=\u00bb100&#8243; align_horizontal=\u00bbalign_center\u00bb gutter_size=\u00bb3&#8243; override_padding=\u00bbyes\u00bb column_padding=\u00bb2&#8243; style=\u00bbdark\u00bb back_image=\u00bb86758&#8243; overlay_color=\u00bbcolor-889485&#8243; overlay_alpha=\u00bb75&#8243; shift_x=\u00bb0&#8243; shift_y=\u00bb0&#8243; shift_y_down=\u00bb0&#8243; z_index=\u00bb0&#8243; medium_width=\u00bb0&#8243; mobile_width=\u00bb0&#8243; css_animation=\u00bbalpha-anim\u00bb width=\u00bb1\/2&#8243;][vc_icon icon=\u00bbfa fa-book4&#8243; icon_color=\u00bbcolor-xsdn\u00bb size=\u00bbfa-2x\u00bb heading_semantic=\u00bbh2&#8243; text_size=\u00bbfontsize-155944&#8243; text_weight=\u00bb700&#8243; linked_title=\u00bbyes\u00bb link=\u00bb|||\u00bb title=\u00bbGu\u00edas de selecci\u00f3n\u00bb]\u00bfNo est\u00e1 seguro del producto que debe seleccionar para su proyecto? Eche un vistazo a nuestras gu\u00edas de selecci\u00f3n de proveedores.[\/vc_icon][vc_button border_width=\u00bb0&#8243; link=\u00bburl:http%3A%2F%2Ftetrachim.com%2Fknowledge_cat%2Fselection-guides%2F|\u00bb]Seguir leyendo[\/vc_button][\/vc_column][\/vc_row][vc_row row_height_percent=\u00bb0&#8243; overlay_alpha=\u00bb50&#8243; gutter_size=\u00bb3&#8243; column_width_percent=\u00bb100&#8243; shift_y=\u00bb0&#8243; z_index=\u00bb0&#8243;][vc_column width=\u00bb1\/1&#8243;][vc_custom_heading text_size=\u00bbh3&#8243; text_space=\u00bbfontspace-781688&#8243;]FAQ &#8211; <strong>Resoluci\u00f3n de problemas<\/strong>[\/vc_custom_heading][vc_accordion][vc_accordion_tab title=\u00bb\u00bfPor qu\u00e9 elegir un revestimiento antiadherente para superficies met\u00e1licas?\u00bb tab_id=\u00bb6e5fb20f-cd5c-11511-7fef1597325878137&#8243;][vc_column_text]El uso de revestimientos antiadherentes conlleva numerosas ventajas. Empezando por la <strong>facilidad de limpieza<\/strong>, que siempre ha sido primordial en muchas industrias, en particular la alimentaria. Esta caracter\u00edstica ha cobrado a\u00fan m\u00e1s importancia \u00faltimamente con la mayor atenci\u00f3n prestada a la lucha contra la contaminaci\u00f3n microbiana y v\u00edrica. Aplicados a superficies met\u00e1licas, los revestimientos antiadherentes combinan la resistencia al desgaste del metal con la incre\u00edble <strong>comodidad<\/strong> a la hora de desmoldar una suela de goma o una tarta. Cabe se\u00f1alar que la resistencia al desgaste de los pol\u00edmeros antiadherentes tambi\u00e9n puede aumentarse gracias al uso de aditivos minerales especiales. Al final, otro beneficio infravalorado de los revestimientos antiadherentes es su capacidad para <strong>reducir los costes energ\u00e9ticos <\/strong>, ya que permite un menor nivel de fricci\u00f3n entre las piezas. Se trata de una ventaja bienvenida en las industrias del transporte para <strong>eliminar ruidos no deseados<\/strong>, pero tambi\u00e9n en las cintas transportadoras de la industria general para reducir el consumo de electricidad.[\/vc_column_text][\/vc_accordion_tab][vc_accordion_tab title=\u00bb\u00bfCu\u00e1ndo es realmente necesario utilizar una imprimaci\u00f3n?\u00bb tab_id=\u00bbbe56db9e-ebd5-11511-7fef1597325878137&#8243;][vc_column_text]Una capa de imprimaci\u00f3n crea una uni\u00f3n qu\u00edmica que produce una fuerte adherencia entre el sustrato y el revestimiento. Tambi\u00e9n garantiza una protecci\u00f3n duradera contra la corrosi\u00f3n en caso de que se da\u00f1e el revestimiento. La imprimaci\u00f3n <strong>garantiza una mejor adherencia<\/strong> de la pintura a la superficie, <strong>aumenta la durabilidad de la pintura<\/strong> y proporciona protecci\u00f3n adicional al material que se pinta. Algunos productos contienen un promotor de adherencia en su formulaci\u00f3n, lo que permite aplicarlos directamente sobre el metal sin necesidad de utilizar una imprimaci\u00f3n. La elecci\u00f3n de estas soluciones depende de las condiciones finales de uso. En cualquier caso, si tiene dudas, p\u00f3ngase en contacto con nosotros para que le asesoremos.[\/vc_column_text][\/vc_accordion_tab][vc_accordion_tab gutter_size=\u00bb2&#8243; column_padding=\u00bb2&#8243; title=\u00bb\u00bfC\u00f3mo puedo optimizar mi superficie met\u00e1lica antes del recubrimiento?\u00bb tab_id=\u00bb13f6f9fe-a86b-41511-7fef1597325878137&#8243;][vc_column_text]Los revestimientos deben aplicarse sobre sustratos limpios. Pueden utilizarse pr\u00e1cticas industriales normales, como lavados qu\u00edmicos o limpieza y desengrase con disolventes, pero deben tomarse precauciones para eliminar todos los residuos del proceso de limpieza. <\/p>\n<p>El precalentamiento de sustratos met\u00e1licos es ventajoso para eliminar restos de aceite y otros contaminantes, especialmente cuando el metal es fundido y algo poroso.<\/p>\n<p>Dependiendo del estado inicial del metal, puede ser necesario eliminar f\u00edsicamente la suciedad, \u00f3xido, cascarilla de laminaci\u00f3n, pintura, etc. El granallado es el m\u00e9todo m\u00e1s utilizado para obtener una buena adherencia. En casos especiales se emplean otros m\u00e9todos de desbaste de la superficie. El lijado con disco, el cepillado con alambre y el esmerilado direccional pueden utilizarse cuando no se requiere la mejor adherencia. Sin embargo, estas operaciones reducen la adherencia en la direcci\u00f3n del esmerilado.    <\/p>\n<p>La limpieza mediante chorro de arena, papel de lija, lana de acero o tela de esmeril n\u00ba 400 es mucho mejor que cualquier grabado qu\u00edmico como \u00e1cido cr\u00f3mico, \u00e1cido clorh\u00eddrico o \u00e1cido sulf\u00farico.<\/p>\n<p>Los revestimientos de conversi\u00f3n son las superficies modificadas del metal resultantes de un tratamiento qu\u00edmico espec\u00edfico. Estos revestimientos de conversi\u00f3n, que pueden aplicarse sobre acero, aluminio o la mayor\u00eda de los dem\u00e1s metales, suelen incluir fosfatos o cromatos de zinc, manganeso y hierro.<br \/>La funci\u00f3n principal de estos revestimientos es mejorar la adherencia de los acabados y maximizar la resistencia a la corrosi\u00f3n. La funcionalidad de los revestimientos de conversi\u00f3n depende de su uniformidad y de la integridad del revestimiento, tanto antes como despu\u00e9s de la aplicaci\u00f3n del acabado final.  <\/p>\n<p>Para m\u00e1s informaci\u00f3n, lea nuestra <a href=\"https:\/\/www.tetrachim.com\/wp-content\/uploads\/2020\/09\/Getting-ready-to-spray_2020-EN.pdf\">gu\u00eda de aplicaci\u00f3n<\/a>[\/vc_column_text][\/vc_accordion_tab][vc_accordion_tab title=\u00bb\u00bfPor qu\u00e9 utilizar recubrimientos biol\u00f3gicos?\u00bb tab_id=\u00bb8b669ed4-aa41-31511-7fef1597325878137&#8243;][vc_column_text]La industria de pinturas y revestimientos est\u00e1 cada vez m\u00e1s interesada en desarrollar ofertas de productos sostenibles para reducir la contaminaci\u00f3n ambiental. Por ello, Tetrachim busca constantemente materiales biol\u00f3gicos eficientes. As\u00ed, la resina de poliamida Rilsan\u00ae se produce a partir de aceite de ricino obtenido de la especie Ricinus communis, ampliamente cultivada. El aceite de ricino es 100% vegetal, biodegradable, natural, no t\u00f3xico y renovable. Al ser respetuoso con el medio ambiente, Rilsan\u00ae Polvo Fino es el producto adecuado para los clientes que buscan un dise\u00f1o ecol\u00f3gico. Adem\u00e1s, las resinas de poliamida Rilsan\u00ae requieren menos energ\u00eda no renovable que la mayor\u00eda de los pol\u00edmeros de alto rendimiento y ofrecen una opci\u00f3n responsable para los concienciados con el medio ambiente.     <\/p>\n<p>Ir a nuestra selecci\u00f3n de productos biol\u00f3gicos[\/vc_column_text][\/vc_accordion_tab][\/vc_accordion][\/vc_column][\/vc_row][\/vc_section][vc_row unlock_row_content=\u00bbyes\u00bb row_height_percent=\u00bb0&#8243; back_image=\u00bb86635&#8243; back_position=\u00bbcenter bottom\u00bb overlay_color=\u00bbcolor-156355&#8243; overlay_alpha=\u00bb78&#8243; gutter_size=\u00bb3&#8243; column_width_percent=\u00bb100&#8243; shift_y=\u00bb0&#8243; z_index=\u00bb0&#8243; el_class=\u00bbcta\u00bb][vc_column column_width_percent=\u00bb100&#8243; position_vertical=\u00bbmiddle\u00bb gutter_size=\u00bb3&#8243; style=\u00bbdark\u00bb overlay_alpha=\u00bb50&#8243; shift_x=\u00bb0&#8243; shift_y=\u00bb0&#8243; shift_y_down=\u00bb0&#8243; z_index=\u00bb0&#8243; medium_width=\u00bb0&#8243; mobile_width=\u00bb0&#8243; width=\u00bb1\/3&#8243;][vc_custom_heading text_size=\u00bbh5&#8243; sub_lead=\u00bbyes\u00bb sub_reduced=\u00bbyes\u00bb css_animation=\u00bbzoom-out\u00bb subheading=\u00bb+33 (0)1 61 44 02 90&#8243;]P\u00f3ngase en contacto con nuestro equipo[\/vc_custom_heading][\/vc_column][vc_column column_width_percent=\u00bb100&#8243; position_vertical=\u00bbmiddle\u00bb gutter_size=\u00bb3&#8243; style=\u00bbdark\u00bb overlay_alpha=\u00bb50&#8243; shift_x=\u00bb0&#8243; shift_y=\u00bb0&#8243; shift_y_down=\u00bb0&#8243; z_index=\u00bb0&#8243; medium_width=\u00bb0&#8243; mobile_width=\u00bb0&#8243; width=\u00bb1\/3&#8243;][vc_column_text text_lead=\u00bbyes\u00bb css_animation=\u00bbtop-t-bottom\u00bb animation_delay=\u00bb200&#8243;]\u00bfNo ha encontrado las respuestas que buscaba? Ay\u00fadenos a mejorar nuestro Centro de conocimientos envi\u00e1ndonos un mensaje con su consulta. En breve nos pondremos en contacto con usted.[\/vc_column_text][\/vc_column][vc_column column_width_percent=\u00bb100&#8243; position_vertical=\u00bbmiddle\u00bb gutter_size=\u00bb3&#8243; style=\u00bbdark\u00bb overlay_alpha=\u00bb50&#8243; shift_x=\u00bb0&#8243; shift_y=\u00bb0&#8243; shift_y_down=\u00bb0&#8243; z_index=\u00bb0&#8243; medium_width=\u00bb0&#8243; mobile_width=\u00bb0&#8243; width=\u00bb1\/3&#8243;][vc_button button_color=\u00bbcolor-xsdn\u00bb border_width=\u00bb0&#8243; css_animation=\u00bbzoom-out\u00bb animation_delay=\u00bb400&#8243; el_class=\u00bbbtn-outline btn-blanc\u00bb]ENV\u00cdENOS SU SOLICITUD[\/vc_button][\/vc_column][\/vc_row]<\/p>\n<\/div>","protected":false},"excerpt":{"rendered":"<p>[vc_row unlock_row_content=\u00bbyes\u00bb row_height_percent=\u00bb0&#8243; override_padding=\u00bbyes\u00bb h_padding=\u00bb0&#8243; top_padding=\u00bb0&#8243; bottom_padding=\u00bb0&#8243; back_image=\u00bb83397&#8243; overlay_alpha=\u00bb50&#8243; gutter_size=\u00bb3&#8243; column_width_percent=\u00bb100&#8243; shift_y=\u00bb0&#8243; z_index=\u00bb0&#8243; row_height_pixel=\u00bb200px\u00bb el_id=\u00bbbandeau-page\u00bb front_end_with_slider=\u00bbtrue\u00bb][vc_column column_width_percent=\u00bb100&#8243; position_vertical=\u00bbmiddle\u00bb gutter_size=\u00bb3&#8243; override_padding=\u00bbyes\u00bb [&hellip;]<\/p>\n","protected":false},"author":1,"featured_media":0,"parent":0,"menu_order":0,"comment_status":"closed","ping_status":"closed","template":"","meta":{"footnotes":""},"class_list":["post-98036","page","type-page","status-publish","hentry"],"yoast_head":"<!-- This site is optimized with the Yoast SEO plugin v27.5 - https:\/\/yoast.com\/product\/yoast-seo-wordpress\/ -->\n<title>Centro de conocimiento - Tetrachim<\/title>\n<meta name=\"robots\" content=\"index, follow, max-snippet:-1, max-image-preview:large, max-video-preview:-1\" \/>\n<link rel=\"canonical\" href=\"https:\/\/www.tetrachim.com\/es\/centro-de-conocimiento\/\" \/>\n<meta property=\"og:locale\" content=\"es_ES\" \/>\n<meta property=\"og:type\" content=\"article\" \/>\n<meta property=\"og:title\" content=\"Centro de conocimiento - Tetrachim\" \/>\n<meta property=\"og:description\" content=\"[vc_row unlock_row_content=\u00bbyes\u00bb row_height_percent=\u00bb0&#8243; override_padding=\u00bbyes\u00bb h_padding=\u00bb0&#8243; top_padding=\u00bb0&#8243; bottom_padding=\u00bb0&#8243; back_image=\u00bb83397&#8243; overlay_alpha=\u00bb50&#8243; gutter_size=\u00bb3&#8243; column_width_percent=\u00bb100&#8243; shift_y=\u00bb0&#8243; z_index=\u00bb0&#8243; row_height_pixel=\u00bb200px\u00bb el_id=\u00bbbandeau-page\u00bb front_end_with_slider=\u00bbtrue\u00bb][vc_column column_width_percent=\u00bb100&#8243; position_vertical=\u00bbmiddle\u00bb gutter_size=\u00bb3&#8243; override_padding=\u00bbyes\u00bb [&hellip;]\" \/>\n<meta property=\"og:url\" content=\"https:\/\/www.tetrachim.com\/es\/centro-de-conocimiento\/\" \/>\n<meta property=\"og:site_name\" content=\"Tetrachim\" \/>\n<meta property=\"article:modified_time\" content=\"2025-07-09T15:42:41+00:00\" \/>\n<meta name=\"twitter:card\" content=\"summary_large_image\" \/>\n<meta name=\"twitter:site\" content=\"@Tetrachim\" \/>\n<meta name=\"twitter:label1\" content=\"Tiempo de lectura\" \/>\n\t<meta name=\"twitter:data1\" content=\"10 minutos\" \/>\n<script type=\"application\/ld+json\" class=\"yoast-schema-graph\">{\"@context\":\"https:\\\/\\\/schema.org\",\"@graph\":[{\"@type\":\"WebPage\",\"@id\":\"https:\\\/\\\/www.tetrachim.com\\\/es\\\/centro-de-conocimiento\\\/\",\"url\":\"https:\\\/\\\/www.tetrachim.com\\\/es\\\/centro-de-conocimiento\\\/\",\"name\":\"Centro de conocimiento - Tetrachim\",\"isPartOf\":{\"@id\":\"https:\\\/\\\/www.tetrachim.com\\\/es\\\/#website\"},\"datePublished\":\"2025-07-09T15:42:25+00:00\",\"dateModified\":\"2025-07-09T15:42:41+00:00\",\"breadcrumb\":{\"@id\":\"https:\\\/\\\/www.tetrachim.com\\\/es\\\/centro-de-conocimiento\\\/#breadcrumb\"},\"inLanguage\":\"es\",\"potentialAction\":[{\"@type\":\"ReadAction\",\"target\":[\"https:\\\/\\\/www.tetrachim.com\\\/es\\\/centro-de-conocimiento\\\/\"]}]},{\"@type\":\"BreadcrumbList\",\"@id\":\"https:\\\/\\\/www.tetrachim.com\\\/es\\\/centro-de-conocimiento\\\/#breadcrumb\",\"itemListElement\":[{\"@type\":\"ListItem\",\"position\":1,\"name\":\"\",\"item\":\"https:\\\/\\\/www.tetrachim.com\\\/es\\\/\"},{\"@type\":\"ListItem\",\"position\":2,\"name\":\"Centro de conocimiento\"}]},{\"@type\":\"WebSite\",\"@id\":\"https:\\\/\\\/www.tetrachim.com\\\/es\\\/#website\",\"url\":\"https:\\\/\\\/www.tetrachim.com\\\/es\\\/\",\"name\":\"Tetrachim\",\"description\":\"Rev\u00eatements high-tech\",\"publisher\":{\"@id\":\"https:\\\/\\\/www.tetrachim.com\\\/es\\\/#organization\"},\"potentialAction\":[{\"@type\":\"SearchAction\",\"target\":{\"@type\":\"EntryPoint\",\"urlTemplate\":\"https:\\\/\\\/www.tetrachim.com\\\/es\\\/?s={search_term_string}\"},\"query-input\":{\"@type\":\"PropertyValueSpecification\",\"valueRequired\":true,\"valueName\":\"search_term_string\"}}],\"inLanguage\":\"es\"},{\"@type\":\"Organization\",\"@id\":\"https:\\\/\\\/www.tetrachim.com\\\/es\\\/#organization\",\"name\":\"Tetrachim\",\"url\":\"https:\\\/\\\/www.tetrachim.com\\\/es\\\/\",\"logo\":{\"@type\":\"ImageObject\",\"inLanguage\":\"es\",\"@id\":\"https:\\\/\\\/www.tetrachim.com\\\/es\\\/#\\\/schema\\\/logo\\\/image\\\/\",\"url\":\"https:\\\/\\\/www.tetrachim.com\\\/wp-content\\\/uploads\\\/2020\\\/07\\\/logo-tetrachim.png\",\"contentUrl\":\"https:\\\/\\\/www.tetrachim.com\\\/wp-content\\\/uploads\\\/2020\\\/07\\\/logo-tetrachim.png\",\"width\":244,\"height\":51,\"caption\":\"Tetrachim\"},\"image\":{\"@id\":\"https:\\\/\\\/www.tetrachim.com\\\/es\\\/#\\\/schema\\\/logo\\\/image\\\/\"},\"sameAs\":[\"https:\\\/\\\/x.com\\\/Tetrachim\",\"https:\\\/\\\/www.linkedin.com\\\/company\\\/tetrachim\\\/\"]}]}<\/script>\n<!-- \/ Yoast SEO plugin. -->","yoast_head_json":{"title":"Centro de conocimiento - Tetrachim","robots":{"index":"index","follow":"follow","max-snippet":"max-snippet:-1","max-image-preview":"max-image-preview:large","max-video-preview":"max-video-preview:-1"},"canonical":"https:\/\/www.tetrachim.com\/es\/centro-de-conocimiento\/","og_locale":"es_ES","og_type":"article","og_title":"Centro de conocimiento - Tetrachim","og_description":"[vc_row unlock_row_content=\u00bbyes\u00bb row_height_percent=\u00bb0&#8243; override_padding=\u00bbyes\u00bb h_padding=\u00bb0&#8243; top_padding=\u00bb0&#8243; bottom_padding=\u00bb0&#8243; back_image=\u00bb83397&#8243; overlay_alpha=\u00bb50&#8243; gutter_size=\u00bb3&#8243; column_width_percent=\u00bb100&#8243; shift_y=\u00bb0&#8243; z_index=\u00bb0&#8243; row_height_pixel=\u00bb200px\u00bb el_id=\u00bbbandeau-page\u00bb front_end_with_slider=\u00bbtrue\u00bb][vc_column column_width_percent=\u00bb100&#8243; position_vertical=\u00bbmiddle\u00bb gutter_size=\u00bb3&#8243; override_padding=\u00bbyes\u00bb [&hellip;]","og_url":"https:\/\/www.tetrachim.com\/es\/centro-de-conocimiento\/","og_site_name":"Tetrachim","article_modified_time":"2025-07-09T15:42:41+00:00","twitter_card":"summary_large_image","twitter_site":"@Tetrachim","twitter_misc":{"Tiempo de lectura":"10 minutos"},"schema":{"@context":"https:\/\/schema.org","@graph":[{"@type":"WebPage","@id":"https:\/\/www.tetrachim.com\/es\/centro-de-conocimiento\/","url":"https:\/\/www.tetrachim.com\/es\/centro-de-conocimiento\/","name":"Centro de conocimiento - Tetrachim","isPartOf":{"@id":"https:\/\/www.tetrachim.com\/es\/#website"},"datePublished":"2025-07-09T15:42:25+00:00","dateModified":"2025-07-09T15:42:41+00:00","breadcrumb":{"@id":"https:\/\/www.tetrachim.com\/es\/centro-de-conocimiento\/#breadcrumb"},"inLanguage":"es","potentialAction":[{"@type":"ReadAction","target":["https:\/\/www.tetrachim.com\/es\/centro-de-conocimiento\/"]}]},{"@type":"BreadcrumbList","@id":"https:\/\/www.tetrachim.com\/es\/centro-de-conocimiento\/#breadcrumb","itemListElement":[{"@type":"ListItem","position":1,"name":"","item":"https:\/\/www.tetrachim.com\/es\/"},{"@type":"ListItem","position":2,"name":"Centro de conocimiento"}]},{"@type":"WebSite","@id":"https:\/\/www.tetrachim.com\/es\/#website","url":"https:\/\/www.tetrachim.com\/es\/","name":"Tetrachim","description":"Rev\u00eatements high-tech","publisher":{"@id":"https:\/\/www.tetrachim.com\/es\/#organization"},"potentialAction":[{"@type":"SearchAction","target":{"@type":"EntryPoint","urlTemplate":"https:\/\/www.tetrachim.com\/es\/?s={search_term_string}"},"query-input":{"@type":"PropertyValueSpecification","valueRequired":true,"valueName":"search_term_string"}}],"inLanguage":"es"},{"@type":"Organization","@id":"https:\/\/www.tetrachim.com\/es\/#organization","name":"Tetrachim","url":"https:\/\/www.tetrachim.com\/es\/","logo":{"@type":"ImageObject","inLanguage":"es","@id":"https:\/\/www.tetrachim.com\/es\/#\/schema\/logo\/image\/","url":"https:\/\/www.tetrachim.com\/wp-content\/uploads\/2020\/07\/logo-tetrachim.png","contentUrl":"https:\/\/www.tetrachim.com\/wp-content\/uploads\/2020\/07\/logo-tetrachim.png","width":244,"height":51,"caption":"Tetrachim"},"image":{"@id":"https:\/\/www.tetrachim.com\/es\/#\/schema\/logo\/image\/"},"sameAs":["https:\/\/x.com\/Tetrachim","https:\/\/www.linkedin.com\/company\/tetrachim\/"]}]}},"_links":{"self":[{"href":"https:\/\/www.tetrachim.com\/es\/wp-json\/wp\/v2\/pages\/98036","targetHints":{"allow":["GET"]}}],"collection":[{"href":"https:\/\/www.tetrachim.com\/es\/wp-json\/wp\/v2\/pages"}],"about":[{"href":"https:\/\/www.tetrachim.com\/es\/wp-json\/wp\/v2\/types\/page"}],"author":[{"embeddable":true,"href":"https:\/\/www.tetrachim.com\/es\/wp-json\/wp\/v2\/users\/1"}],"replies":[{"embeddable":true,"href":"https:\/\/www.tetrachim.com\/es\/wp-json\/wp\/v2\/comments?post=98036"}],"version-history":[{"count":9,"href":"https:\/\/www.tetrachim.com\/es\/wp-json\/wp\/v2\/pages\/98036\/revisions"}],"predecessor-version":[{"id":98064,"href":"https:\/\/www.tetrachim.com\/es\/wp-json\/wp\/v2\/pages\/98036\/revisions\/98064"}],"wp:attachment":[{"href":"https:\/\/www.tetrachim.com\/es\/wp-json\/wp\/v2\/media?parent=98036"}],"curies":[{"name":"wp","href":"https:\/\/api.w.org\/{rel}","templated":true}]}}