{"id":97705,"date":"2025-04-10T11:42:18","date_gmt":"2025-04-10T09:42:18","guid":{"rendered":"https:\/\/www.tetrachim.com\/product\/electrolito-nickelstar\/"},"modified":"2026-05-15T08:12:53","modified_gmt":"2026-05-15T06:12:53","slug":"electrolito-nickelstar","status":"publish","type":"product","link":"https:\/\/www.tetrachim.com\/es\/producto\/electrolito-nickelstar\/","title":{"rendered":"Electrolito Nickelstar"},"content":{"rendered":"<p>El electrolito de revestimiento Nickelstar requiere una preparaci\u00f3n espec\u00edfica de la superficie para garantizar un buen agarre del metal. Los productos de tratamiento de limpieza e imprimaci\u00f3n de Lorilleux tambi\u00e9n est\u00e1n disponibles en la gama Tetrachim.<\/p>\n","protected":false},"excerpt":{"rendered":"<p>Nickelstar es un electrolito de revestimiento desarrollado para el proceso de electr\u00f3lisis selectiva. Consiste en una soluci\u00f3n de base acuosa que contiene iones met\u00e1licos que se depositar\u00e1n sobre sustratos met\u00e1licos. Nickelstar ofrece una excelente protecci\u00f3n contra la corrosi\u00f3n. Es adecuado para el blindaje y la reparaci\u00f3n de superficies mediante reacondicionamiento mec\u00e1nico.<\/p>\n","protected":false},"featured_media":97545,"template":"","meta":[],"product_brand":[],"product_cat":[361],"product_tag":[],"class_list":{"0":"post-97705","1":"product","2":"type-product","3":"status-publish","4":"has-post-thumbnail","6":"supplier-lorilleux-es","7":"market-aerospace-es","8":"market-energy-electricity-es","9":"market-paper-textile-es","10":"market-electronics-semi-conductors-es","11":"property-conductive-es","12":"property-surface-repair-es","13":"property-corrosion-resistance-es","14":"product_cat-electrolitos-para-electrolisis-selectiva","15":"product_shipping_class-peligro","17":"first","18":"onbackorder","19":"taxable","20":"shipping-taxable","21":"purchasable","22":"product-type-simple"},"yoast_head":"<!-- This site is optimized with the Yoast SEO plugin v27.5 - https:\/\/yoast.com\/product\/yoast-seo-wordpress\/ -->\n<title>Electrolito Nickelstar - Tetrachim<\/title>\n<meta name=\"robots\" content=\"index, follow, max-snippet:-1, max-image-preview:large, max-video-preview:-1\" \/>\n<link rel=\"canonical\" href=\"https:\/\/www.tetrachim.com\/es\/producto\/electrolito-nickelstar\/\" \/>\n<meta property=\"og:locale\" content=\"es_ES\" \/>\n<meta property=\"og:type\" content=\"article\" \/>\n<meta property=\"og:title\" content=\"Electrolito Nickelstar - Tetrachim\" \/>\n<meta property=\"og:description\" content=\"Nickelstar es un electrolito de revestimiento desarrollado para el proceso de electr\u00f3lisis selectiva. Consiste en una soluci\u00f3n de base acuosa que contiene iones met\u00e1licos que se depositar\u00e1n sobre sustratos met\u00e1licos. Nickelstar ofrece una excelente protecci\u00f3n contra la corrosi\u00f3n. Es adecuado para el blindaje y la reparaci\u00f3n de superficies mediante reacondicionamiento mec\u00e1nico.\" \/>\n<meta property=\"og:url\" content=\"https:\/\/www.tetrachim.com\/es\/producto\/electrolito-nickelstar\/\" \/>\n<meta property=\"og:site_name\" content=\"Tetrachim\" \/>\n<meta property=\"article:modified_time\" content=\"2026-05-15T06:12:53+00:00\" \/>\n<meta property=\"og:image\" content=\"https:\/\/www.tetrachim.com\/wp-content\/uploads\/2025\/04\/Packshot-Nickelstar.jpg\" \/>\n\t<meta property=\"og:image:width\" content=\"576\" \/>\n\t<meta property=\"og:image:height\" content=\"593\" \/>\n\t<meta property=\"og:image:type\" content=\"image\/jpeg\" \/>\n<meta name=\"twitter:card\" content=\"summary_large_image\" \/>\n<meta name=\"twitter:site\" content=\"@Tetrachim\" \/>\n<meta name=\"twitter:label1\" content=\"Tiempo de lectura\" \/>\n\t<meta name=\"twitter:data1\" content=\"1 minuto\" \/>\n<script type=\"application\/ld+json\" class=\"yoast-schema-graph\">{\"@context\":\"https:\\\/\\\/schema.org\",\"@graph\":[{\"@type\":\"WebPage\",\"@id\":\"https:\\\/\\\/www.tetrachim.com\\\/es\\\/producto\\\/electrolito-nickelstar\\\/\",\"url\":\"https:\\\/\\\/www.tetrachim.com\\\/es\\\/producto\\\/electrolito-nickelstar\\\/\",\"name\":\"Electrolito Nickelstar - Tetrachim\",\"isPartOf\":{\"@id\":\"https:\\\/\\\/www.tetrachim.com\\\/es\\\/#website\"},\"primaryImageOfPage\":{\"@id\":\"https:\\\/\\\/www.tetrachim.com\\\/es\\\/producto\\\/electrolito-nickelstar\\\/#primaryimage\"},\"image\":{\"@id\":\"https:\\\/\\\/www.tetrachim.com\\\/es\\\/producto\\\/electrolito-nickelstar\\\/#primaryimage\"},\"thumbnailUrl\":\"https:\\\/\\\/www.tetrachim.com\\\/wp-content\\\/uploads\\\/2025\\\/04\\\/Packshot-Nickelstar.jpg\",\"datePublished\":\"2025-04-10T09:42:18+00:00\",\"dateModified\":\"2026-05-15T06:12:53+00:00\",\"breadcrumb\":{\"@id\":\"https:\\\/\\\/www.tetrachim.com\\\/es\\\/producto\\\/electrolito-nickelstar\\\/#breadcrumb\"},\"inLanguage\":\"es\",\"potentialAction\":[{\"@type\":\"ReadAction\",\"target\":[\"https:\\\/\\\/www.tetrachim.com\\\/es\\\/producto\\\/electrolito-nickelstar\\\/\"]}]},{\"@type\":\"ImageObject\",\"inLanguage\":\"es\",\"@id\":\"https:\\\/\\\/www.tetrachim.com\\\/es\\\/producto\\\/electrolito-nickelstar\\\/#primaryimage\",\"url\":\"https:\\\/\\\/www.tetrachim.com\\\/wp-content\\\/uploads\\\/2025\\\/04\\\/Packshot-Nickelstar.jpg\",\"contentUrl\":\"https:\\\/\\\/www.tetrachim.com\\\/wp-content\\\/uploads\\\/2025\\\/04\\\/Packshot-Nickelstar.jpg\",\"width\":576,\"height\":593},{\"@type\":\"BreadcrumbList\",\"@id\":\"https:\\\/\\\/www.tetrachim.com\\\/es\\\/producto\\\/electrolito-nickelstar\\\/#breadcrumb\",\"itemListElement\":[{\"@type\":\"ListItem\",\"position\":1,\"name\":\"\",\"item\":\"https:\\\/\\\/www.tetrachim.com\\\/es\\\/\"},{\"@type\":\"ListItem\",\"position\":2,\"name\":\"tienda\",\"item\":\"https:\\\/\\\/www.tetrachim.com\\\/es\\\/tienda-2\\\/\"},{\"@type\":\"ListItem\",\"position\":3,\"name\":\"Electrolito Nickelstar\"}]},{\"@type\":\"WebSite\",\"@id\":\"https:\\\/\\\/www.tetrachim.com\\\/es\\\/#website\",\"url\":\"https:\\\/\\\/www.tetrachim.com\\\/es\\\/\",\"name\":\"Tetrachim\",\"description\":\"Rev\u00eatements high-tech\",\"publisher\":{\"@id\":\"https:\\\/\\\/www.tetrachim.com\\\/es\\\/#organization\"},\"potentialAction\":[{\"@type\":\"SearchAction\",\"target\":{\"@type\":\"EntryPoint\",\"urlTemplate\":\"https:\\\/\\\/www.tetrachim.com\\\/es\\\/?s={search_term_string}\"},\"query-input\":{\"@type\":\"PropertyValueSpecification\",\"valueRequired\":true,\"valueName\":\"search_term_string\"}}],\"inLanguage\":\"es\"},{\"@type\":\"Organization\",\"@id\":\"https:\\\/\\\/www.tetrachim.com\\\/es\\\/#organization\",\"name\":\"Tetrachim\",\"url\":\"https:\\\/\\\/www.tetrachim.com\\\/es\\\/\",\"logo\":{\"@type\":\"ImageObject\",\"inLanguage\":\"es\",\"@id\":\"https:\\\/\\\/www.tetrachim.com\\\/es\\\/#\\\/schema\\\/logo\\\/image\\\/\",\"url\":\"https:\\\/\\\/www.tetrachim.com\\\/wp-content\\\/uploads\\\/2020\\\/07\\\/logo-tetrachim.png\",\"contentUrl\":\"https:\\\/\\\/www.tetrachim.com\\\/wp-content\\\/uploads\\\/2020\\\/07\\\/logo-tetrachim.png\",\"width\":244,\"height\":51,\"caption\":\"Tetrachim\"},\"image\":{\"@id\":\"https:\\\/\\\/www.tetrachim.com\\\/es\\\/#\\\/schema\\\/logo\\\/image\\\/\"},\"sameAs\":[\"https:\\\/\\\/x.com\\\/Tetrachim\",\"https:\\\/\\\/www.linkedin.com\\\/company\\\/tetrachim\\\/\"]}]}<\/script>\n<!-- \/ Yoast SEO plugin. -->","yoast_head_json":{"title":"Electrolito Nickelstar - Tetrachim","robots":{"index":"index","follow":"follow","max-snippet":"max-snippet:-1","max-image-preview":"max-image-preview:large","max-video-preview":"max-video-preview:-1"},"canonical":"https:\/\/www.tetrachim.com\/es\/producto\/electrolito-nickelstar\/","og_locale":"es_ES","og_type":"article","og_title":"Electrolito Nickelstar - Tetrachim","og_description":"Nickelstar es un electrolito de revestimiento desarrollado para el proceso de electr\u00f3lisis selectiva. Consiste en una soluci\u00f3n de base acuosa que contiene iones met\u00e1licos que se depositar\u00e1n sobre sustratos met\u00e1licos. Nickelstar ofrece una excelente protecci\u00f3n contra la corrosi\u00f3n. Es adecuado para el blindaje y la reparaci\u00f3n de superficies mediante reacondicionamiento mec\u00e1nico.","og_url":"https:\/\/www.tetrachim.com\/es\/producto\/electrolito-nickelstar\/","og_site_name":"Tetrachim","article_modified_time":"2026-05-15T06:12:53+00:00","og_image":[{"width":576,"height":593,"url":"https:\/\/www.tetrachim.com\/wp-content\/uploads\/2025\/04\/Packshot-Nickelstar.jpg","type":"image\/jpeg"}],"twitter_card":"summary_large_image","twitter_site":"@Tetrachim","twitter_misc":{"Tiempo de lectura":"1 minuto"},"schema":{"@context":"https:\/\/schema.org","@graph":[{"@type":"WebPage","@id":"https:\/\/www.tetrachim.com\/es\/producto\/electrolito-nickelstar\/","url":"https:\/\/www.tetrachim.com\/es\/producto\/electrolito-nickelstar\/","name":"Electrolito Nickelstar - Tetrachim","isPartOf":{"@id":"https:\/\/www.tetrachim.com\/es\/#website"},"primaryImageOfPage":{"@id":"https:\/\/www.tetrachim.com\/es\/producto\/electrolito-nickelstar\/#primaryimage"},"image":{"@id":"https:\/\/www.tetrachim.com\/es\/producto\/electrolito-nickelstar\/#primaryimage"},"thumbnailUrl":"https:\/\/www.tetrachim.com\/wp-content\/uploads\/2025\/04\/Packshot-Nickelstar.jpg","datePublished":"2025-04-10T09:42:18+00:00","dateModified":"2026-05-15T06:12:53+00:00","breadcrumb":{"@id":"https:\/\/www.tetrachim.com\/es\/producto\/electrolito-nickelstar\/#breadcrumb"},"inLanguage":"es","potentialAction":[{"@type":"ReadAction","target":["https:\/\/www.tetrachim.com\/es\/producto\/electrolito-nickelstar\/"]}]},{"@type":"ImageObject","inLanguage":"es","@id":"https:\/\/www.tetrachim.com\/es\/producto\/electrolito-nickelstar\/#primaryimage","url":"https:\/\/www.tetrachim.com\/wp-content\/uploads\/2025\/04\/Packshot-Nickelstar.jpg","contentUrl":"https:\/\/www.tetrachim.com\/wp-content\/uploads\/2025\/04\/Packshot-Nickelstar.jpg","width":576,"height":593},{"@type":"BreadcrumbList","@id":"https:\/\/www.tetrachim.com\/es\/producto\/electrolito-nickelstar\/#breadcrumb","itemListElement":[{"@type":"ListItem","position":1,"name":"","item":"https:\/\/www.tetrachim.com\/es\/"},{"@type":"ListItem","position":2,"name":"tienda","item":"https:\/\/www.tetrachim.com\/es\/tienda-2\/"},{"@type":"ListItem","position":3,"name":"Electrolito Nickelstar"}]},{"@type":"WebSite","@id":"https:\/\/www.tetrachim.com\/es\/#website","url":"https:\/\/www.tetrachim.com\/es\/","name":"Tetrachim","description":"Rev\u00eatements high-tech","publisher":{"@id":"https:\/\/www.tetrachim.com\/es\/#organization"},"potentialAction":[{"@type":"SearchAction","target":{"@type":"EntryPoint","urlTemplate":"https:\/\/www.tetrachim.com\/es\/?s={search_term_string}"},"query-input":{"@type":"PropertyValueSpecification","valueRequired":true,"valueName":"search_term_string"}}],"inLanguage":"es"},{"@type":"Organization","@id":"https:\/\/www.tetrachim.com\/es\/#organization","name":"Tetrachim","url":"https:\/\/www.tetrachim.com\/es\/","logo":{"@type":"ImageObject","inLanguage":"es","@id":"https:\/\/www.tetrachim.com\/es\/#\/schema\/logo\/image\/","url":"https:\/\/www.tetrachim.com\/wp-content\/uploads\/2020\/07\/logo-tetrachim.png","contentUrl":"https:\/\/www.tetrachim.com\/wp-content\/uploads\/2020\/07\/logo-tetrachim.png","width":244,"height":51,"caption":"Tetrachim"},"image":{"@id":"https:\/\/www.tetrachim.com\/es\/#\/schema\/logo\/image\/"},"sameAs":["https:\/\/x.com\/Tetrachim","https:\/\/www.linkedin.com\/company\/tetrachim\/"]}]}},"tiered_pricing_type":"fixed","tiered_pricing_fixed_rules":[],"tiered_pricing_product_settings":{"layout":"default","base_unit_name":{"singular":null,"plural":null},"default_variation":null},"tiered_pricing_minimum_quantity":null,"tiered_pricing_roles_data":[],"tiered_pricing_percentage_rules":[],"_links":{"self":[{"href":"https:\/\/www.tetrachim.com\/es\/wp-json\/wp\/v2\/product\/97705","targetHints":{"allow":["GET"]}}],"collection":[{"href":"https:\/\/www.tetrachim.com\/es\/wp-json\/wp\/v2\/product"}],"about":[{"href":"https:\/\/www.tetrachim.com\/es\/wp-json\/wp\/v2\/types\/product"}],"wp:featuredmedia":[{"embeddable":true,"href":"https:\/\/www.tetrachim.com\/es\/wp-json\/wp\/v2\/media\/97545"}],"wp:attachment":[{"href":"https:\/\/www.tetrachim.com\/es\/wp-json\/wp\/v2\/media?parent=97705"}],"wp:term":[{"taxonomy":"product_brand","embeddable":true,"href":"https:\/\/www.tetrachim.com\/es\/wp-json\/wp\/v2\/product_brand?post=97705"},{"taxonomy":"product_cat","embeddable":true,"href":"https:\/\/www.tetrachim.com\/es\/wp-json\/wp\/v2\/product_cat?post=97705"},{"taxonomy":"product_tag","embeddable":true,"href":"https:\/\/www.tetrachim.com\/es\/wp-json\/wp\/v2\/product_tag?post=97705"}],"curies":[{"name":"wp","href":"https:\/\/api.w.org\/{rel}","templated":true}]}}