{"id":97755,"date":"2023-02-21T17:29:25","date_gmt":"2023-02-21T16:29:25","guid":{"rendered":"https:\/\/www.tetrachim.com\/product\/kit-de-arranque-master-jet-3\/"},"modified":"2026-04-10T15:08:18","modified_gmt":"2026-04-10T13:08:18","slug":"kit-de-arranque-master-jet-3","status":"publish","type":"product","link":"https:\/\/www.tetrachim.com\/es\/producto\/kit-de-arranque-master-jet-3\/","title":{"rendered":"Kit de arranque MASTER-Jet 3"},"content":{"rendered":"<p>MASTER-JET 3 es la mejor pistola manual de proyecci\u00f3n de llama de su clase. Productividad, versatilidad y simplicidad proporcionan una experiencia de usuario inigualable para un dispositivo de pulverizaci\u00f3n de llama manual.<br \/>\nEs capaz de pulverizar revestimientos cer\u00e1micos, met\u00e1licos y de carburo utilizando alambres, Flexicord o varillas Rokide\u00ae en tiradas de gran volumen, con un motor lento\/r\u00e1pido que permite cubrir de zinc a acero sin cambiar de pistola.<br \/>\nGracias a su motor sin escobillas de gran longevidad y eficiencia energ\u00e9tica, la alimentaci\u00f3n de material es precisa y reproducible.<br \/>\nLa pistola ofrece una excelente eficacia de pulverizaci\u00f3n con bajos costes de inversi\u00f3n y bajo consumo de gas, lo que la convierte en una soluci\u00f3n de pulverizaci\u00f3n muy rentable para producir revestimientos para una gran variedad de aplicaciones.<br \/>\nLa pistola, ergon\u00f3mica y muy ligera, puede utilizarse manualmente o con un robot, proporcionando la alternativa \u00f3ptima tanto para el recubrimiento de formas complicadas como de grandes superficies.<\/p>\n","protected":false},"excerpt":{"rendered":"<p>MASTER-JET 3 es la mejor pistola manual de proyecci\u00f3n de llama de su clase. Productividad, versatilidad y simplicidad proporcionan una experiencia de usuario inigualable para un dispositivo de pulverizaci\u00f3n de llama manual.<\/p>\n","protected":false},"featured_media":95019,"template":"","meta":[],"product_brand":[],"product_cat":[369],"product_tag":[],"class_list":{"0":"post-97755","1":"product","2":"type-product","3":"status-publish","4":"has-post-thumbnail","6":"supplier-saint-gobain-es","7":"market-aerospace-es","8":"market-paper-textile-es","9":"market-food-industrial-bakeware-es","10":"market-packaging-es","11":"product_cat-saint-gobain-equipos","13":"first","14":"onbackorder","15":"taxable","16":"shipping-taxable","17":"purchasable","18":"product-type-simple"},"yoast_head":"<!-- This site is optimized with the Yoast SEO plugin v27.3 - https:\/\/yoast.com\/product\/yoast-seo-wordpress\/ -->\n<title>Kit de arranque MASTER-Jet 3 - Tetrachim<\/title>\n<meta name=\"robots\" content=\"index, follow, max-snippet:-1, max-image-preview:large, max-video-preview:-1\" \/>\n<link rel=\"canonical\" href=\"https:\/\/www.tetrachim.com\/es\/producto\/kit-de-arranque-master-jet-3\/\" \/>\n<meta property=\"og:locale\" content=\"es_ES\" \/>\n<meta property=\"og:type\" content=\"article\" \/>\n<meta property=\"og:title\" content=\"Kit de arranque MASTER-Jet 3 - Tetrachim\" \/>\n<meta property=\"og:description\" content=\"MASTER-JET 3 es la mejor pistola manual de proyecci\u00f3n de llama de su clase. Productividad, versatilidad y simplicidad proporcionan una experiencia de usuario inigualable para un dispositivo de pulverizaci\u00f3n de llama manual.\" \/>\n<meta property=\"og:url\" content=\"https:\/\/www.tetrachim.com\/es\/producto\/kit-de-arranque-master-jet-3\/\" \/>\n<meta property=\"og:site_name\" content=\"Tetrachim\" \/>\n<meta property=\"article:modified_time\" content=\"2026-04-10T13:08:18+00:00\" \/>\n<meta property=\"og:image\" content=\"https:\/\/www.tetrachim.com\/wp-content\/uploads\/2022\/12\/3-guns-MASTER-JET.jpg\" \/>\n\t<meta property=\"og:image:width\" content=\"640\" \/>\n\t<meta property=\"og:image:height\" content=\"540\" \/>\n\t<meta property=\"og:image:type\" content=\"image\/jpeg\" \/>\n<meta name=\"twitter:card\" content=\"summary_large_image\" \/>\n<meta name=\"twitter:site\" content=\"@Tetrachim\" \/>\n<meta name=\"twitter:label1\" content=\"Tiempo de lectura\" \/>\n\t<meta name=\"twitter:data1\" content=\"1 minuto\" \/>\n<script type=\"application\/ld+json\" class=\"yoast-schema-graph\">{\"@context\":\"https:\\\/\\\/schema.org\",\"@graph\":[{\"@type\":\"WebPage\",\"@id\":\"https:\\\/\\\/www.tetrachim.com\\\/es\\\/producto\\\/kit-de-arranque-master-jet-3\\\/\",\"url\":\"https:\\\/\\\/www.tetrachim.com\\\/es\\\/producto\\\/kit-de-arranque-master-jet-3\\\/\",\"name\":\"Kit de arranque MASTER-Jet 3 - Tetrachim\",\"isPartOf\":{\"@id\":\"https:\\\/\\\/www.tetrachim.com\\\/es\\\/#website\"},\"primaryImageOfPage\":{\"@id\":\"https:\\\/\\\/www.tetrachim.com\\\/es\\\/producto\\\/kit-de-arranque-master-jet-3\\\/#primaryimage\"},\"image\":{\"@id\":\"https:\\\/\\\/www.tetrachim.com\\\/es\\\/producto\\\/kit-de-arranque-master-jet-3\\\/#primaryimage\"},\"thumbnailUrl\":\"https:\\\/\\\/www.tetrachim.com\\\/wp-content\\\/uploads\\\/2022\\\/12\\\/3-guns-MASTER-JET.jpg\",\"datePublished\":\"2023-02-21T16:29:25+00:00\",\"dateModified\":\"2026-04-10T13:08:18+00:00\",\"breadcrumb\":{\"@id\":\"https:\\\/\\\/www.tetrachim.com\\\/es\\\/producto\\\/kit-de-arranque-master-jet-3\\\/#breadcrumb\"},\"inLanguage\":\"es\",\"potentialAction\":[{\"@type\":\"ReadAction\",\"target\":[\"https:\\\/\\\/www.tetrachim.com\\\/es\\\/producto\\\/kit-de-arranque-master-jet-3\\\/\"]}]},{\"@type\":\"ImageObject\",\"inLanguage\":\"es\",\"@id\":\"https:\\\/\\\/www.tetrachim.com\\\/es\\\/producto\\\/kit-de-arranque-master-jet-3\\\/#primaryimage\",\"url\":\"https:\\\/\\\/www.tetrachim.com\\\/wp-content\\\/uploads\\\/2022\\\/12\\\/3-guns-MASTER-JET.jpg\",\"contentUrl\":\"https:\\\/\\\/www.tetrachim.com\\\/wp-content\\\/uploads\\\/2022\\\/12\\\/3-guns-MASTER-JET.jpg\",\"width\":640,\"height\":540},{\"@type\":\"BreadcrumbList\",\"@id\":\"https:\\\/\\\/www.tetrachim.com\\\/es\\\/producto\\\/kit-de-arranque-master-jet-3\\\/#breadcrumb\",\"itemListElement\":[{\"@type\":\"ListItem\",\"position\":1,\"name\":\"\",\"item\":\"https:\\\/\\\/www.tetrachim.com\\\/es\\\/\"},{\"@type\":\"ListItem\",\"position\":2,\"name\":\"tienda\",\"item\":\"https:\\\/\\\/www.tetrachim.com\\\/es\\\/tienda-2\\\/\"},{\"@type\":\"ListItem\",\"position\":3,\"name\":\"Kit de arranque MASTER-Jet 3\"}]},{\"@type\":\"WebSite\",\"@id\":\"https:\\\/\\\/www.tetrachim.com\\\/es\\\/#website\",\"url\":\"https:\\\/\\\/www.tetrachim.com\\\/es\\\/\",\"name\":\"Tetrachim\",\"description\":\"Rev\u00eatements high-tech\",\"publisher\":{\"@id\":\"https:\\\/\\\/www.tetrachim.com\\\/es\\\/#organization\"},\"potentialAction\":[{\"@type\":\"SearchAction\",\"target\":{\"@type\":\"EntryPoint\",\"urlTemplate\":\"https:\\\/\\\/www.tetrachim.com\\\/es\\\/?s={search_term_string}\"},\"query-input\":{\"@type\":\"PropertyValueSpecification\",\"valueRequired\":true,\"valueName\":\"search_term_string\"}}],\"inLanguage\":\"es\"},{\"@type\":\"Organization\",\"@id\":\"https:\\\/\\\/www.tetrachim.com\\\/es\\\/#organization\",\"name\":\"Tetrachim\",\"url\":\"https:\\\/\\\/www.tetrachim.com\\\/es\\\/\",\"logo\":{\"@type\":\"ImageObject\",\"inLanguage\":\"es\",\"@id\":\"https:\\\/\\\/www.tetrachim.com\\\/es\\\/#\\\/schema\\\/logo\\\/image\\\/\",\"url\":\"https:\\\/\\\/www.tetrachim.com\\\/wp-content\\\/uploads\\\/2020\\\/07\\\/logo-tetrachim.png\",\"contentUrl\":\"https:\\\/\\\/www.tetrachim.com\\\/wp-content\\\/uploads\\\/2020\\\/07\\\/logo-tetrachim.png\",\"width\":244,\"height\":51,\"caption\":\"Tetrachim\"},\"image\":{\"@id\":\"https:\\\/\\\/www.tetrachim.com\\\/es\\\/#\\\/schema\\\/logo\\\/image\\\/\"},\"sameAs\":[\"https:\\\/\\\/x.com\\\/Tetrachim\",\"https:\\\/\\\/www.linkedin.com\\\/company\\\/tetrachim\\\/\"]}]}<\/script>\n<!-- \/ Yoast SEO plugin. -->","yoast_head_json":{"title":"Kit de arranque MASTER-Jet 3 - Tetrachim","robots":{"index":"index","follow":"follow","max-snippet":"max-snippet:-1","max-image-preview":"max-image-preview:large","max-video-preview":"max-video-preview:-1"},"canonical":"https:\/\/www.tetrachim.com\/es\/producto\/kit-de-arranque-master-jet-3\/","og_locale":"es_ES","og_type":"article","og_title":"Kit de arranque MASTER-Jet 3 - Tetrachim","og_description":"MASTER-JET 3 es la mejor pistola manual de proyecci\u00f3n de llama de su clase. Productividad, versatilidad y simplicidad proporcionan una experiencia de usuario inigualable para un dispositivo de pulverizaci\u00f3n de llama manual.","og_url":"https:\/\/www.tetrachim.com\/es\/producto\/kit-de-arranque-master-jet-3\/","og_site_name":"Tetrachim","article_modified_time":"2026-04-10T13:08:18+00:00","og_image":[{"width":640,"height":540,"url":"https:\/\/www.tetrachim.com\/wp-content\/uploads\/2022\/12\/3-guns-MASTER-JET.jpg","type":"image\/jpeg"}],"twitter_card":"summary_large_image","twitter_site":"@Tetrachim","twitter_misc":{"Tiempo de lectura":"1 minuto"},"schema":{"@context":"https:\/\/schema.org","@graph":[{"@type":"WebPage","@id":"https:\/\/www.tetrachim.com\/es\/producto\/kit-de-arranque-master-jet-3\/","url":"https:\/\/www.tetrachim.com\/es\/producto\/kit-de-arranque-master-jet-3\/","name":"Kit de arranque MASTER-Jet 3 - Tetrachim","isPartOf":{"@id":"https:\/\/www.tetrachim.com\/es\/#website"},"primaryImageOfPage":{"@id":"https:\/\/www.tetrachim.com\/es\/producto\/kit-de-arranque-master-jet-3\/#primaryimage"},"image":{"@id":"https:\/\/www.tetrachim.com\/es\/producto\/kit-de-arranque-master-jet-3\/#primaryimage"},"thumbnailUrl":"https:\/\/www.tetrachim.com\/wp-content\/uploads\/2022\/12\/3-guns-MASTER-JET.jpg","datePublished":"2023-02-21T16:29:25+00:00","dateModified":"2026-04-10T13:08:18+00:00","breadcrumb":{"@id":"https:\/\/www.tetrachim.com\/es\/producto\/kit-de-arranque-master-jet-3\/#breadcrumb"},"inLanguage":"es","potentialAction":[{"@type":"ReadAction","target":["https:\/\/www.tetrachim.com\/es\/producto\/kit-de-arranque-master-jet-3\/"]}]},{"@type":"ImageObject","inLanguage":"es","@id":"https:\/\/www.tetrachim.com\/es\/producto\/kit-de-arranque-master-jet-3\/#primaryimage","url":"https:\/\/www.tetrachim.com\/wp-content\/uploads\/2022\/12\/3-guns-MASTER-JET.jpg","contentUrl":"https:\/\/www.tetrachim.com\/wp-content\/uploads\/2022\/12\/3-guns-MASTER-JET.jpg","width":640,"height":540},{"@type":"BreadcrumbList","@id":"https:\/\/www.tetrachim.com\/es\/producto\/kit-de-arranque-master-jet-3\/#breadcrumb","itemListElement":[{"@type":"ListItem","position":1,"name":"","item":"https:\/\/www.tetrachim.com\/es\/"},{"@type":"ListItem","position":2,"name":"tienda","item":"https:\/\/www.tetrachim.com\/es\/tienda-2\/"},{"@type":"ListItem","position":3,"name":"Kit de arranque MASTER-Jet 3"}]},{"@type":"WebSite","@id":"https:\/\/www.tetrachim.com\/es\/#website","url":"https:\/\/www.tetrachim.com\/es\/","name":"Tetrachim","description":"Rev\u00eatements high-tech","publisher":{"@id":"https:\/\/www.tetrachim.com\/es\/#organization"},"potentialAction":[{"@type":"SearchAction","target":{"@type":"EntryPoint","urlTemplate":"https:\/\/www.tetrachim.com\/es\/?s={search_term_string}"},"query-input":{"@type":"PropertyValueSpecification","valueRequired":true,"valueName":"search_term_string"}}],"inLanguage":"es"},{"@type":"Organization","@id":"https:\/\/www.tetrachim.com\/es\/#organization","name":"Tetrachim","url":"https:\/\/www.tetrachim.com\/es\/","logo":{"@type":"ImageObject","inLanguage":"es","@id":"https:\/\/www.tetrachim.com\/es\/#\/schema\/logo\/image\/","url":"https:\/\/www.tetrachim.com\/wp-content\/uploads\/2020\/07\/logo-tetrachim.png","contentUrl":"https:\/\/www.tetrachim.com\/wp-content\/uploads\/2020\/07\/logo-tetrachim.png","width":244,"height":51,"caption":"Tetrachim"},"image":{"@id":"https:\/\/www.tetrachim.com\/es\/#\/schema\/logo\/image\/"},"sameAs":["https:\/\/x.com\/Tetrachim","https:\/\/www.linkedin.com\/company\/tetrachim\/"]}]}},"tiered_pricing_type":"fixed","tiered_pricing_fixed_rules":[],"tiered_pricing_product_settings":{"layout":"default","base_unit_name":{"singular":null,"plural":null},"default_variation":null},"tiered_pricing_minimum_quantity":null,"tiered_pricing_roles_data":[],"tiered_pricing_percentage_rules":[],"_links":{"self":[{"href":"https:\/\/www.tetrachim.com\/es\/wp-json\/wp\/v2\/product\/97755","targetHints":{"allow":["GET"]}}],"collection":[{"href":"https:\/\/www.tetrachim.com\/es\/wp-json\/wp\/v2\/product"}],"about":[{"href":"https:\/\/www.tetrachim.com\/es\/wp-json\/wp\/v2\/types\/product"}],"wp:featuredmedia":[{"embeddable":true,"href":"https:\/\/www.tetrachim.com\/es\/wp-json\/wp\/v2\/media\/95019"}],"wp:attachment":[{"href":"https:\/\/www.tetrachim.com\/es\/wp-json\/wp\/v2\/media?parent=97755"}],"wp:term":[{"taxonomy":"product_brand","embeddable":true,"href":"https:\/\/www.tetrachim.com\/es\/wp-json\/wp\/v2\/product_brand?post=97755"},{"taxonomy":"product_cat","embeddable":true,"href":"https:\/\/www.tetrachim.com\/es\/wp-json\/wp\/v2\/product_cat?post=97755"},{"taxonomy":"product_tag","embeddable":true,"href":"https:\/\/www.tetrachim.com\/es\/wp-json\/wp\/v2\/product_tag?post=97755"}],"curies":[{"name":"wp","href":"https:\/\/api.w.org\/{rel}","templated":true}]}}