{"id":97886,"date":"2024-07-16T12:23:30","date_gmt":"2024-07-16T10:23:30","guid":{"rendered":"https:\/\/www.tetrachim.com\/product\/kit-de-arranque-rapido-top-jet\/"},"modified":"2026-05-15T03:11:42","modified_gmt":"2026-05-15T01:11:42","slug":"kit-de-arranque-rapido-top-jet","status":"publish","type":"product","link":"https:\/\/www.tetrachim.com\/es\/producto\/kit-de-arranque-rapido-top-jet\/","title":{"rendered":"Kit de arranque r\u00e1pido TOP JET"},"content":{"rendered":"<p>Las pistolas de proyecci\u00f3n de llama TOP-JET son reconocidas por su motor neum\u00e1tico de alto par. Con su caja de cambios de cinco velocidades, permiten a los usuarios trabajar al par m\u00e1s alto por velocidad dada. <\/p>\n","protected":false},"excerpt":{"rendered":"<p>Ligera y robusta, la pistola de llama TOP-JET es ideal para superficies met\u00e1licas de todas las formas y tama\u00f1os. Es vers\u00e1til e igualmente adecuada para trabajos en grandes superficies o pulverizaciones de precisi\u00f3n. <\/p>\n<p>Aplicaciones recomendadas: Reconstrucci\u00f3n y recargue de piezas y equipos desgastados, aplicaciones que requieran resistencia al desgaste por abrasi\u00f3n y erosi\u00f3n.<\/p>\n","protected":false},"featured_media":95014,"template":"","meta":[],"product_brand":[],"product_cat":[369],"product_tag":[],"class_list":{"0":"post-97886","1":"product","2":"type-product","3":"status-publish","4":"has-post-thumbnail","6":"supplier-saint-gobain-es","7":"product_cat-saint-gobain-equipos","9":"first","10":"onbackorder","11":"taxable","12":"shipping-taxable","13":"purchasable","14":"product-type-simple"},"yoast_head":"<!-- This site is optimized with the Yoast SEO plugin v27.5 - https:\/\/yoast.com\/product\/yoast-seo-wordpress\/ -->\n<title>Kit de arranque r\u00e1pido TOP JET - Tetrachim<\/title>\n<meta name=\"robots\" content=\"index, follow, max-snippet:-1, max-image-preview:large, max-video-preview:-1\" \/>\n<link rel=\"canonical\" href=\"https:\/\/www.tetrachim.com\/es\/producto\/kit-de-arranque-rapido-top-jet\/\" \/>\n<meta property=\"og:locale\" content=\"es_ES\" \/>\n<meta property=\"og:type\" content=\"article\" \/>\n<meta property=\"og:title\" content=\"Kit de arranque r\u00e1pido TOP JET - Tetrachim\" \/>\n<meta property=\"og:description\" content=\"Ligera y robusta, la pistola de llama TOP-JET es ideal para superficies met\u00e1licas de todas las formas y tama\u00f1os. Es vers\u00e1til e igualmente adecuada para trabajos en grandes superficies o pulverizaciones de precisi\u00f3n.  Aplicaciones recomendadas: Reconstrucci\u00f3n y recargue de piezas y equipos desgastados, aplicaciones que requieran resistencia al desgaste por abrasi\u00f3n y erosi\u00f3n.\" \/>\n<meta property=\"og:url\" content=\"https:\/\/www.tetrachim.com\/es\/producto\/kit-de-arranque-rapido-top-jet\/\" \/>\n<meta property=\"og:site_name\" content=\"Tetrachim\" \/>\n<meta property=\"article:modified_time\" content=\"2026-05-15T01:11:42+00:00\" \/>\n<meta property=\"og:image\" content=\"https:\/\/www.tetrachim.com\/wp-content\/uploads\/2022\/12\/TOP-JET-sans-sous-titre.jpg\" \/>\n\t<meta property=\"og:image:width\" content=\"567\" \/>\n\t<meta property=\"og:image:height\" content=\"546\" \/>\n\t<meta property=\"og:image:type\" content=\"image\/jpeg\" \/>\n<meta name=\"twitter:card\" content=\"summary_large_image\" \/>\n<meta name=\"twitter:site\" content=\"@Tetrachim\" \/>\n<script type=\"application\/ld+json\" class=\"yoast-schema-graph\">{\"@context\":\"https:\\\/\\\/schema.org\",\"@graph\":[{\"@type\":\"WebPage\",\"@id\":\"https:\\\/\\\/www.tetrachim.com\\\/es\\\/producto\\\/kit-de-arranque-rapido-top-jet\\\/\",\"url\":\"https:\\\/\\\/www.tetrachim.com\\\/es\\\/producto\\\/kit-de-arranque-rapido-top-jet\\\/\",\"name\":\"Kit de arranque r\u00e1pido TOP JET - Tetrachim\",\"isPartOf\":{\"@id\":\"https:\\\/\\\/www.tetrachim.com\\\/es\\\/#website\"},\"primaryImageOfPage\":{\"@id\":\"https:\\\/\\\/www.tetrachim.com\\\/es\\\/producto\\\/kit-de-arranque-rapido-top-jet\\\/#primaryimage\"},\"image\":{\"@id\":\"https:\\\/\\\/www.tetrachim.com\\\/es\\\/producto\\\/kit-de-arranque-rapido-top-jet\\\/#primaryimage\"},\"thumbnailUrl\":\"https:\\\/\\\/www.tetrachim.com\\\/wp-content\\\/uploads\\\/2022\\\/12\\\/TOP-JET-sans-sous-titre.jpg\",\"datePublished\":\"2024-07-16T10:23:30+00:00\",\"dateModified\":\"2026-05-15T01:11:42+00:00\",\"breadcrumb\":{\"@id\":\"https:\\\/\\\/www.tetrachim.com\\\/es\\\/producto\\\/kit-de-arranque-rapido-top-jet\\\/#breadcrumb\"},\"inLanguage\":\"es\",\"potentialAction\":[{\"@type\":\"ReadAction\",\"target\":[\"https:\\\/\\\/www.tetrachim.com\\\/es\\\/producto\\\/kit-de-arranque-rapido-top-jet\\\/\"]}]},{\"@type\":\"ImageObject\",\"inLanguage\":\"es\",\"@id\":\"https:\\\/\\\/www.tetrachim.com\\\/es\\\/producto\\\/kit-de-arranque-rapido-top-jet\\\/#primaryimage\",\"url\":\"https:\\\/\\\/www.tetrachim.com\\\/wp-content\\\/uploads\\\/2022\\\/12\\\/TOP-JET-sans-sous-titre.jpg\",\"contentUrl\":\"https:\\\/\\\/www.tetrachim.com\\\/wp-content\\\/uploads\\\/2022\\\/12\\\/TOP-JET-sans-sous-titre.jpg\",\"width\":567,\"height\":546},{\"@type\":\"BreadcrumbList\",\"@id\":\"https:\\\/\\\/www.tetrachim.com\\\/es\\\/producto\\\/kit-de-arranque-rapido-top-jet\\\/#breadcrumb\",\"itemListElement\":[{\"@type\":\"ListItem\",\"position\":1,\"name\":\"\",\"item\":\"https:\\\/\\\/www.tetrachim.com\\\/es\\\/\"},{\"@type\":\"ListItem\",\"position\":2,\"name\":\"tienda\",\"item\":\"https:\\\/\\\/www.tetrachim.com\\\/es\\\/tienda-2\\\/\"},{\"@type\":\"ListItem\",\"position\":3,\"name\":\"Kit de arranque r\u00e1pido TOP JET\"}]},{\"@type\":\"WebSite\",\"@id\":\"https:\\\/\\\/www.tetrachim.com\\\/es\\\/#website\",\"url\":\"https:\\\/\\\/www.tetrachim.com\\\/es\\\/\",\"name\":\"Tetrachim\",\"description\":\"Rev\u00eatements high-tech\",\"publisher\":{\"@id\":\"https:\\\/\\\/www.tetrachim.com\\\/es\\\/#organization\"},\"potentialAction\":[{\"@type\":\"SearchAction\",\"target\":{\"@type\":\"EntryPoint\",\"urlTemplate\":\"https:\\\/\\\/www.tetrachim.com\\\/es\\\/?s={search_term_string}\"},\"query-input\":{\"@type\":\"PropertyValueSpecification\",\"valueRequired\":true,\"valueName\":\"search_term_string\"}}],\"inLanguage\":\"es\"},{\"@type\":\"Organization\",\"@id\":\"https:\\\/\\\/www.tetrachim.com\\\/es\\\/#organization\",\"name\":\"Tetrachim\",\"url\":\"https:\\\/\\\/www.tetrachim.com\\\/es\\\/\",\"logo\":{\"@type\":\"ImageObject\",\"inLanguage\":\"es\",\"@id\":\"https:\\\/\\\/www.tetrachim.com\\\/es\\\/#\\\/schema\\\/logo\\\/image\\\/\",\"url\":\"https:\\\/\\\/www.tetrachim.com\\\/wp-content\\\/uploads\\\/2020\\\/07\\\/logo-tetrachim.png\",\"contentUrl\":\"https:\\\/\\\/www.tetrachim.com\\\/wp-content\\\/uploads\\\/2020\\\/07\\\/logo-tetrachim.png\",\"width\":244,\"height\":51,\"caption\":\"Tetrachim\"},\"image\":{\"@id\":\"https:\\\/\\\/www.tetrachim.com\\\/es\\\/#\\\/schema\\\/logo\\\/image\\\/\"},\"sameAs\":[\"https:\\\/\\\/x.com\\\/Tetrachim\",\"https:\\\/\\\/www.linkedin.com\\\/company\\\/tetrachim\\\/\"]}]}<\/script>\n<!-- \/ Yoast SEO plugin. -->","yoast_head_json":{"title":"Kit de arranque r\u00e1pido TOP JET - Tetrachim","robots":{"index":"index","follow":"follow","max-snippet":"max-snippet:-1","max-image-preview":"max-image-preview:large","max-video-preview":"max-video-preview:-1"},"canonical":"https:\/\/www.tetrachim.com\/es\/producto\/kit-de-arranque-rapido-top-jet\/","og_locale":"es_ES","og_type":"article","og_title":"Kit de arranque r\u00e1pido TOP JET - Tetrachim","og_description":"Ligera y robusta, la pistola de llama TOP-JET es ideal para superficies met\u00e1licas de todas las formas y tama\u00f1os. Es vers\u00e1til e igualmente adecuada para trabajos en grandes superficies o pulverizaciones de precisi\u00f3n.  Aplicaciones recomendadas: Reconstrucci\u00f3n y recargue de piezas y equipos desgastados, aplicaciones que requieran resistencia al desgaste por abrasi\u00f3n y erosi\u00f3n.","og_url":"https:\/\/www.tetrachim.com\/es\/producto\/kit-de-arranque-rapido-top-jet\/","og_site_name":"Tetrachim","article_modified_time":"2026-05-15T01:11:42+00:00","og_image":[{"width":567,"height":546,"url":"https:\/\/www.tetrachim.com\/wp-content\/uploads\/2022\/12\/TOP-JET-sans-sous-titre.jpg","type":"image\/jpeg"}],"twitter_card":"summary_large_image","twitter_site":"@Tetrachim","schema":{"@context":"https:\/\/schema.org","@graph":[{"@type":"WebPage","@id":"https:\/\/www.tetrachim.com\/es\/producto\/kit-de-arranque-rapido-top-jet\/","url":"https:\/\/www.tetrachim.com\/es\/producto\/kit-de-arranque-rapido-top-jet\/","name":"Kit de arranque r\u00e1pido TOP JET - Tetrachim","isPartOf":{"@id":"https:\/\/www.tetrachim.com\/es\/#website"},"primaryImageOfPage":{"@id":"https:\/\/www.tetrachim.com\/es\/producto\/kit-de-arranque-rapido-top-jet\/#primaryimage"},"image":{"@id":"https:\/\/www.tetrachim.com\/es\/producto\/kit-de-arranque-rapido-top-jet\/#primaryimage"},"thumbnailUrl":"https:\/\/www.tetrachim.com\/wp-content\/uploads\/2022\/12\/TOP-JET-sans-sous-titre.jpg","datePublished":"2024-07-16T10:23:30+00:00","dateModified":"2026-05-15T01:11:42+00:00","breadcrumb":{"@id":"https:\/\/www.tetrachim.com\/es\/producto\/kit-de-arranque-rapido-top-jet\/#breadcrumb"},"inLanguage":"es","potentialAction":[{"@type":"ReadAction","target":["https:\/\/www.tetrachim.com\/es\/producto\/kit-de-arranque-rapido-top-jet\/"]}]},{"@type":"ImageObject","inLanguage":"es","@id":"https:\/\/www.tetrachim.com\/es\/producto\/kit-de-arranque-rapido-top-jet\/#primaryimage","url":"https:\/\/www.tetrachim.com\/wp-content\/uploads\/2022\/12\/TOP-JET-sans-sous-titre.jpg","contentUrl":"https:\/\/www.tetrachim.com\/wp-content\/uploads\/2022\/12\/TOP-JET-sans-sous-titre.jpg","width":567,"height":546},{"@type":"BreadcrumbList","@id":"https:\/\/www.tetrachim.com\/es\/producto\/kit-de-arranque-rapido-top-jet\/#breadcrumb","itemListElement":[{"@type":"ListItem","position":1,"name":"","item":"https:\/\/www.tetrachim.com\/es\/"},{"@type":"ListItem","position":2,"name":"tienda","item":"https:\/\/www.tetrachim.com\/es\/tienda-2\/"},{"@type":"ListItem","position":3,"name":"Kit de arranque r\u00e1pido TOP JET"}]},{"@type":"WebSite","@id":"https:\/\/www.tetrachim.com\/es\/#website","url":"https:\/\/www.tetrachim.com\/es\/","name":"Tetrachim","description":"Rev\u00eatements high-tech","publisher":{"@id":"https:\/\/www.tetrachim.com\/es\/#organization"},"potentialAction":[{"@type":"SearchAction","target":{"@type":"EntryPoint","urlTemplate":"https:\/\/www.tetrachim.com\/es\/?s={search_term_string}"},"query-input":{"@type":"PropertyValueSpecification","valueRequired":true,"valueName":"search_term_string"}}],"inLanguage":"es"},{"@type":"Organization","@id":"https:\/\/www.tetrachim.com\/es\/#organization","name":"Tetrachim","url":"https:\/\/www.tetrachim.com\/es\/","logo":{"@type":"ImageObject","inLanguage":"es","@id":"https:\/\/www.tetrachim.com\/es\/#\/schema\/logo\/image\/","url":"https:\/\/www.tetrachim.com\/wp-content\/uploads\/2020\/07\/logo-tetrachim.png","contentUrl":"https:\/\/www.tetrachim.com\/wp-content\/uploads\/2020\/07\/logo-tetrachim.png","width":244,"height":51,"caption":"Tetrachim"},"image":{"@id":"https:\/\/www.tetrachim.com\/es\/#\/schema\/logo\/image\/"},"sameAs":["https:\/\/x.com\/Tetrachim","https:\/\/www.linkedin.com\/company\/tetrachim\/"]}]}},"tiered_pricing_type":"fixed","tiered_pricing_fixed_rules":[],"tiered_pricing_product_settings":{"layout":"default","base_unit_name":{"singular":null,"plural":null},"default_variation":null},"tiered_pricing_minimum_quantity":null,"tiered_pricing_roles_data":[],"tiered_pricing_percentage_rules":[],"_links":{"self":[{"href":"https:\/\/www.tetrachim.com\/es\/wp-json\/wp\/v2\/product\/97886","targetHints":{"allow":["GET"]}}],"collection":[{"href":"https:\/\/www.tetrachim.com\/es\/wp-json\/wp\/v2\/product"}],"about":[{"href":"https:\/\/www.tetrachim.com\/es\/wp-json\/wp\/v2\/types\/product"}],"wp:featuredmedia":[{"embeddable":true,"href":"https:\/\/www.tetrachim.com\/es\/wp-json\/wp\/v2\/media\/95014"}],"wp:attachment":[{"href":"https:\/\/www.tetrachim.com\/es\/wp-json\/wp\/v2\/media?parent=97886"}],"wp:term":[{"taxonomy":"product_brand","embeddable":true,"href":"https:\/\/www.tetrachim.com\/es\/wp-json\/wp\/v2\/product_brand?post=97886"},{"taxonomy":"product_cat","embeddable":true,"href":"https:\/\/www.tetrachim.com\/es\/wp-json\/wp\/v2\/product_cat?post=97886"},{"taxonomy":"product_tag","embeddable":true,"href":"https:\/\/www.tetrachim.com\/es\/wp-json\/wp\/v2\/product_tag?post=97886"}],"curies":[{"name":"wp","href":"https:\/\/api.w.org\/{rel}","templated":true}]}}