{"id":97895,"date":"2023-03-07T09:28:54","date_gmt":"2023-03-07T08:28:54","guid":{"rendered":"https:\/\/www.tetrachim.com\/product\/kit-de-sensores-inkxperience-de-henkel\/"},"modified":"2026-05-15T04:56:49","modified_gmt":"2026-05-15T02:56:49","slug":"kit-de-sensores-inkxperience-de-henkel","status":"publish","type":"product","link":"https:\/\/www.tetrachim.com\/es\/producto\/kit-de-sensores-inkxperience-de-henkel\/","title":{"rendered":"Kit de sensores INKXPERIENCE de Henkel"},"content":{"rendered":"<p>El Kit Sensor INKXPERIENCE de Henkel te ofrece una experiencia pr\u00e1ctica de cuatro funcionalidades diferentes de sensores de electr\u00f3nica impresa, incluyendo:<\/p>\n<ul>\n<li><span class=\"values\">Sensor de detecci\u00f3n de fugas (2 uds.) : una tira sensor impresa resistiva que puede detectar la presencia de agua.<\/span><\/li>\n<li><span class=\"values\">Sensor de nivel de l\u00edquido sin contacto (2 uds.): sensor capacitivo impreso que puede controlar el nivel de l\u00edquido desde el exterior de cualquier recipiente no met\u00e1lico.<\/span><\/li>\n<li><span class=\"values\">Calentador de coeficiente de temperatura positivo (PTC) (2 unidades): una almohadilla t\u00e9rmica PTC que se calienta r\u00e1pidamente, se autorregula y proporciona un calentamiento uniforme de la superficie.<\/span><\/li>\n<li><span class=\"values\">Sensor de resistencia sensible a la fuerza (FSR) de zona \u00fanica (2 uds.): un sensor de fuerza impreso con una zona de detecci\u00f3n.<\/span><\/li>\n<li><span class=\"values\">Sensor multizona de resistencia sensible a la fuerza (FSR) (2 uds.): sensor de fuerza impreso con dos zonas de detecci\u00f3n que obtienen una sensibilidad de fuerza alta y baja.<\/span><\/li>\n<li><span class=\"values\">Placa de conexi\u00f3n<\/span><\/li>\n<li><span class=\"values\">Cable de conexi\u00f3n<\/span><\/li>\n<\/ul>\n<p>El kit INKxperience de sensores viene preconfigurado con hardware y software, lo que proporciona a los ingenieros una configuraci\u00f3n sencilla para una r\u00e1pida ideaci\u00f3n, pruebas tecnol\u00f3gicas y primeros prototipos, todo en una sola caja.<\/p>\n<p>Equipo adicional necesario: <span class=\"values\">fuente de alimentaci\u00f3n , ordenador port\u00e1til\/ordenador para la lectura de datos<\/span><\/p>\n<p>&nbsp;<\/p>\n","protected":false},"excerpt":{"rendered":"<p>El kit Sensor INKXPERIENCE de Henkel incluye cuatro tipos diferentes de sensores impresos, incluidos conectores, hardware y software. Preconfigurado con acceso inmediato a los datos. F\u00e1cil configuraci\u00f3n. R\u00e1pida ideaci\u00f3n y prueba de concepto.    <\/p>\n","protected":false},"featured_media":95343,"template":"","meta":[],"product_brand":[],"product_cat":[362],"product_tag":[],"class_list":{"0":"post-97895","1":"product","2":"type-product","3":"status-publish","4":"has-post-thumbnail","6":"supplier-henkel-es","7":"market-automotive-es","8":"market-health-care-es","9":"market-electronics-semi-conductors-es","10":"property-conductive-es","11":"product_cat-materiales-electronicos-loctite","13":"first","14":"instock","15":"taxable","16":"shipping-taxable","17":"purchasable","18":"product-type-simple"},"yoast_head":"<!-- This site is optimized with the Yoast SEO plugin v27.5 - https:\/\/yoast.com\/product\/yoast-seo-wordpress\/ -->\n<title>Kit de sensores INKXPERIENCE de Henkel - Tetrachim<\/title>\n<meta name=\"robots\" content=\"index, follow, max-snippet:-1, max-image-preview:large, max-video-preview:-1\" \/>\n<link rel=\"canonical\" href=\"https:\/\/www.tetrachim.com\/es\/producto\/kit-de-sensores-inkxperience-de-henkel\/\" \/>\n<meta property=\"og:locale\" content=\"es_ES\" \/>\n<meta property=\"og:type\" content=\"article\" \/>\n<meta property=\"og:title\" content=\"Kit de sensores INKXPERIENCE de Henkel - Tetrachim\" \/>\n<meta property=\"og:description\" content=\"El kit Sensor INKXPERIENCE de Henkel incluye cuatro tipos diferentes de sensores impresos, incluidos conectores, hardware y software. Preconfigurado con acceso inmediato a los datos. F\u00e1cil configuraci\u00f3n. R\u00e1pida ideaci\u00f3n y prueba de concepto.\" \/>\n<meta property=\"og:url\" content=\"https:\/\/www.tetrachim.com\/es\/producto\/kit-de-sensores-inkxperience-de-henkel\/\" \/>\n<meta property=\"og:site_name\" content=\"Tetrachim\" \/>\n<meta property=\"article:modified_time\" content=\"2026-05-15T02:56:49+00:00\" \/>\n<meta property=\"og:image\" content=\"https:\/\/www.tetrachim.com\/wp-content\/uploads\/2023\/03\/sensor-inkxperience-kit.jpg\" \/>\n\t<meta property=\"og:image:width\" content=\"1024\" \/>\n\t<meta property=\"og:image:height\" content=\"1024\" \/>\n\t<meta property=\"og:image:type\" content=\"image\/jpeg\" \/>\n<meta name=\"twitter:card\" content=\"summary_large_image\" \/>\n<meta name=\"twitter:site\" content=\"@Tetrachim\" \/>\n<meta name=\"twitter:label1\" content=\"Tiempo de lectura\" \/>\n\t<meta name=\"twitter:data1\" content=\"1 minuto\" \/>\n<script type=\"application\/ld+json\" class=\"yoast-schema-graph\">{\"@context\":\"https:\\\/\\\/schema.org\",\"@graph\":[{\"@type\":\"WebPage\",\"@id\":\"https:\\\/\\\/www.tetrachim.com\\\/es\\\/producto\\\/kit-de-sensores-inkxperience-de-henkel\\\/\",\"url\":\"https:\\\/\\\/www.tetrachim.com\\\/es\\\/producto\\\/kit-de-sensores-inkxperience-de-henkel\\\/\",\"name\":\"Kit de sensores INKXPERIENCE de Henkel - Tetrachim\",\"isPartOf\":{\"@id\":\"https:\\\/\\\/www.tetrachim.com\\\/es\\\/#website\"},\"primaryImageOfPage\":{\"@id\":\"https:\\\/\\\/www.tetrachim.com\\\/es\\\/producto\\\/kit-de-sensores-inkxperience-de-henkel\\\/#primaryimage\"},\"image\":{\"@id\":\"https:\\\/\\\/www.tetrachim.com\\\/es\\\/producto\\\/kit-de-sensores-inkxperience-de-henkel\\\/#primaryimage\"},\"thumbnailUrl\":\"https:\\\/\\\/www.tetrachim.com\\\/wp-content\\\/uploads\\\/2023\\\/03\\\/sensor-inkxperience-kit.jpg\",\"datePublished\":\"2023-03-07T08:28:54+00:00\",\"dateModified\":\"2026-05-15T02:56:49+00:00\",\"breadcrumb\":{\"@id\":\"https:\\\/\\\/www.tetrachim.com\\\/es\\\/producto\\\/kit-de-sensores-inkxperience-de-henkel\\\/#breadcrumb\"},\"inLanguage\":\"es\",\"potentialAction\":[{\"@type\":\"ReadAction\",\"target\":[\"https:\\\/\\\/www.tetrachim.com\\\/es\\\/producto\\\/kit-de-sensores-inkxperience-de-henkel\\\/\"]}]},{\"@type\":\"ImageObject\",\"inLanguage\":\"es\",\"@id\":\"https:\\\/\\\/www.tetrachim.com\\\/es\\\/producto\\\/kit-de-sensores-inkxperience-de-henkel\\\/#primaryimage\",\"url\":\"https:\\\/\\\/www.tetrachim.com\\\/wp-content\\\/uploads\\\/2023\\\/03\\\/sensor-inkxperience-kit.jpg\",\"contentUrl\":\"https:\\\/\\\/www.tetrachim.com\\\/wp-content\\\/uploads\\\/2023\\\/03\\\/sensor-inkxperience-kit.jpg\",\"width\":1024,\"height\":1024},{\"@type\":\"BreadcrumbList\",\"@id\":\"https:\\\/\\\/www.tetrachim.com\\\/es\\\/producto\\\/kit-de-sensores-inkxperience-de-henkel\\\/#breadcrumb\",\"itemListElement\":[{\"@type\":\"ListItem\",\"position\":1,\"name\":\"\",\"item\":\"https:\\\/\\\/www.tetrachim.com\\\/es\\\/\"},{\"@type\":\"ListItem\",\"position\":2,\"name\":\"tienda\",\"item\":\"https:\\\/\\\/www.tetrachim.com\\\/es\\\/tienda-2\\\/\"},{\"@type\":\"ListItem\",\"position\":3,\"name\":\"Kit de sensores INKXPERIENCE de Henkel\"}]},{\"@type\":\"WebSite\",\"@id\":\"https:\\\/\\\/www.tetrachim.com\\\/es\\\/#website\",\"url\":\"https:\\\/\\\/www.tetrachim.com\\\/es\\\/\",\"name\":\"Tetrachim\",\"description\":\"Rev\u00eatements high-tech\",\"publisher\":{\"@id\":\"https:\\\/\\\/www.tetrachim.com\\\/es\\\/#organization\"},\"potentialAction\":[{\"@type\":\"SearchAction\",\"target\":{\"@type\":\"EntryPoint\",\"urlTemplate\":\"https:\\\/\\\/www.tetrachim.com\\\/es\\\/?s={search_term_string}\"},\"query-input\":{\"@type\":\"PropertyValueSpecification\",\"valueRequired\":true,\"valueName\":\"search_term_string\"}}],\"inLanguage\":\"es\"},{\"@type\":\"Organization\",\"@id\":\"https:\\\/\\\/www.tetrachim.com\\\/es\\\/#organization\",\"name\":\"Tetrachim\",\"url\":\"https:\\\/\\\/www.tetrachim.com\\\/es\\\/\",\"logo\":{\"@type\":\"ImageObject\",\"inLanguage\":\"es\",\"@id\":\"https:\\\/\\\/www.tetrachim.com\\\/es\\\/#\\\/schema\\\/logo\\\/image\\\/\",\"url\":\"https:\\\/\\\/www.tetrachim.com\\\/wp-content\\\/uploads\\\/2020\\\/07\\\/logo-tetrachim.png\",\"contentUrl\":\"https:\\\/\\\/www.tetrachim.com\\\/wp-content\\\/uploads\\\/2020\\\/07\\\/logo-tetrachim.png\",\"width\":244,\"height\":51,\"caption\":\"Tetrachim\"},\"image\":{\"@id\":\"https:\\\/\\\/www.tetrachim.com\\\/es\\\/#\\\/schema\\\/logo\\\/image\\\/\"},\"sameAs\":[\"https:\\\/\\\/x.com\\\/Tetrachim\",\"https:\\\/\\\/www.linkedin.com\\\/company\\\/tetrachim\\\/\"]}]}<\/script>\n<!-- \/ Yoast SEO plugin. -->","yoast_head_json":{"title":"Kit de sensores INKXPERIENCE de Henkel - Tetrachim","robots":{"index":"index","follow":"follow","max-snippet":"max-snippet:-1","max-image-preview":"max-image-preview:large","max-video-preview":"max-video-preview:-1"},"canonical":"https:\/\/www.tetrachim.com\/es\/producto\/kit-de-sensores-inkxperience-de-henkel\/","og_locale":"es_ES","og_type":"article","og_title":"Kit de sensores INKXPERIENCE de Henkel - Tetrachim","og_description":"El kit Sensor INKXPERIENCE de Henkel incluye cuatro tipos diferentes de sensores impresos, incluidos conectores, hardware y software. Preconfigurado con acceso inmediato a los datos. F\u00e1cil configuraci\u00f3n. R\u00e1pida ideaci\u00f3n y prueba de concepto.","og_url":"https:\/\/www.tetrachim.com\/es\/producto\/kit-de-sensores-inkxperience-de-henkel\/","og_site_name":"Tetrachim","article_modified_time":"2026-05-15T02:56:49+00:00","og_image":[{"width":1024,"height":1024,"url":"https:\/\/www.tetrachim.com\/wp-content\/uploads\/2023\/03\/sensor-inkxperience-kit.jpg","type":"image\/jpeg"}],"twitter_card":"summary_large_image","twitter_site":"@Tetrachim","twitter_misc":{"Tiempo de lectura":"1 minuto"},"schema":{"@context":"https:\/\/schema.org","@graph":[{"@type":"WebPage","@id":"https:\/\/www.tetrachim.com\/es\/producto\/kit-de-sensores-inkxperience-de-henkel\/","url":"https:\/\/www.tetrachim.com\/es\/producto\/kit-de-sensores-inkxperience-de-henkel\/","name":"Kit de sensores INKXPERIENCE de Henkel - Tetrachim","isPartOf":{"@id":"https:\/\/www.tetrachim.com\/es\/#website"},"primaryImageOfPage":{"@id":"https:\/\/www.tetrachim.com\/es\/producto\/kit-de-sensores-inkxperience-de-henkel\/#primaryimage"},"image":{"@id":"https:\/\/www.tetrachim.com\/es\/producto\/kit-de-sensores-inkxperience-de-henkel\/#primaryimage"},"thumbnailUrl":"https:\/\/www.tetrachim.com\/wp-content\/uploads\/2023\/03\/sensor-inkxperience-kit.jpg","datePublished":"2023-03-07T08:28:54+00:00","dateModified":"2026-05-15T02:56:49+00:00","breadcrumb":{"@id":"https:\/\/www.tetrachim.com\/es\/producto\/kit-de-sensores-inkxperience-de-henkel\/#breadcrumb"},"inLanguage":"es","potentialAction":[{"@type":"ReadAction","target":["https:\/\/www.tetrachim.com\/es\/producto\/kit-de-sensores-inkxperience-de-henkel\/"]}]},{"@type":"ImageObject","inLanguage":"es","@id":"https:\/\/www.tetrachim.com\/es\/producto\/kit-de-sensores-inkxperience-de-henkel\/#primaryimage","url":"https:\/\/www.tetrachim.com\/wp-content\/uploads\/2023\/03\/sensor-inkxperience-kit.jpg","contentUrl":"https:\/\/www.tetrachim.com\/wp-content\/uploads\/2023\/03\/sensor-inkxperience-kit.jpg","width":1024,"height":1024},{"@type":"BreadcrumbList","@id":"https:\/\/www.tetrachim.com\/es\/producto\/kit-de-sensores-inkxperience-de-henkel\/#breadcrumb","itemListElement":[{"@type":"ListItem","position":1,"name":"","item":"https:\/\/www.tetrachim.com\/es\/"},{"@type":"ListItem","position":2,"name":"tienda","item":"https:\/\/www.tetrachim.com\/es\/tienda-2\/"},{"@type":"ListItem","position":3,"name":"Kit de sensores INKXPERIENCE de Henkel"}]},{"@type":"WebSite","@id":"https:\/\/www.tetrachim.com\/es\/#website","url":"https:\/\/www.tetrachim.com\/es\/","name":"Tetrachim","description":"Rev\u00eatements high-tech","publisher":{"@id":"https:\/\/www.tetrachim.com\/es\/#organization"},"potentialAction":[{"@type":"SearchAction","target":{"@type":"EntryPoint","urlTemplate":"https:\/\/www.tetrachim.com\/es\/?s={search_term_string}"},"query-input":{"@type":"PropertyValueSpecification","valueRequired":true,"valueName":"search_term_string"}}],"inLanguage":"es"},{"@type":"Organization","@id":"https:\/\/www.tetrachim.com\/es\/#organization","name":"Tetrachim","url":"https:\/\/www.tetrachim.com\/es\/","logo":{"@type":"ImageObject","inLanguage":"es","@id":"https:\/\/www.tetrachim.com\/es\/#\/schema\/logo\/image\/","url":"https:\/\/www.tetrachim.com\/wp-content\/uploads\/2020\/07\/logo-tetrachim.png","contentUrl":"https:\/\/www.tetrachim.com\/wp-content\/uploads\/2020\/07\/logo-tetrachim.png","width":244,"height":51,"caption":"Tetrachim"},"image":{"@id":"https:\/\/www.tetrachim.com\/es\/#\/schema\/logo\/image\/"},"sameAs":["https:\/\/x.com\/Tetrachim","https:\/\/www.linkedin.com\/company\/tetrachim\/"]}]}},"tiered_pricing_type":"fixed","tiered_pricing_fixed_rules":[],"tiered_pricing_product_settings":{"layout":"default","base_unit_name":{"singular":null,"plural":null},"default_variation":null},"tiered_pricing_minimum_quantity":null,"tiered_pricing_roles_data":[],"tiered_pricing_percentage_rules":[],"_links":{"self":[{"href":"https:\/\/www.tetrachim.com\/es\/wp-json\/wp\/v2\/product\/97895","targetHints":{"allow":["GET"]}}],"collection":[{"href":"https:\/\/www.tetrachim.com\/es\/wp-json\/wp\/v2\/product"}],"about":[{"href":"https:\/\/www.tetrachim.com\/es\/wp-json\/wp\/v2\/types\/product"}],"wp:featuredmedia":[{"embeddable":true,"href":"https:\/\/www.tetrachim.com\/es\/wp-json\/wp\/v2\/media\/95343"}],"wp:attachment":[{"href":"https:\/\/www.tetrachim.com\/es\/wp-json\/wp\/v2\/media?parent=97895"}],"wp:term":[{"taxonomy":"product_brand","embeddable":true,"href":"https:\/\/www.tetrachim.com\/es\/wp-json\/wp\/v2\/product_brand?post=97895"},{"taxonomy":"product_cat","embeddable":true,"href":"https:\/\/www.tetrachim.com\/es\/wp-json\/wp\/v2\/product_cat?post=97895"},{"taxonomy":"product_tag","embeddable":true,"href":"https:\/\/www.tetrachim.com\/es\/wp-json\/wp\/v2\/product_tag?post=97895"}],"curies":[{"name":"wp","href":"https:\/\/api.w.org\/{rel}","templated":true}]}}