{"id":98199,"date":"2020-11-13T22:15:26","date_gmt":"2020-11-13T21:15:26","guid":{"rendered":"https:\/\/www.tetrachim.com\/product\/856g-420-topcoat-fep-transparente-high-build\/"},"modified":"2026-04-18T23:17:01","modified_gmt":"2026-04-18T21:17:01","slug":"856g-420-topcoat-fep-transparente-high-build","status":"publish","type":"product","link":"https:\/\/www.tetrachim.com\/es\/producto\/856g-420-topcoat-fep-transparente-high-build\/","title":{"rendered":"856G-420 Topcoat FEP Transparente High Build"},"content":{"rendered":"<p>Los revestimientos antiadherentes FEP (copol\u00edmero de etileno propileno fluorado) se funden y fluyen durante el horneado para proporcionar pel\u00edculas no porosas que constituyen una elecci\u00f3n natural para aplicaciones de desmoldeo con baja abrasi\u00f3n. Adem\u00e1s de una baja fricci\u00f3n, los revestimientos de FEP tienen excelentes propiedades antiadherentes y una excelente resistencia qu\u00edmica. La temperatura m\u00e1xima de uso es de 205\u00b0C.<\/p>\n","protected":false},"excerpt":{"rendered":"<p>Recubrimiento final FEP al agua de alto espesor dise\u00f1ado para proporcionar antiadherencia y resistencia qu\u00edmica y a la corrosi\u00f3n. 856G420 permite conseguir un revestimiento final de 30-40 \u03bcm con una cantidad limitada de curados, idealmente s\u00f3lo uno, reduciendo as\u00ed los costes de aplicaci\u00f3n. Las capas pigmentadas aplicadas como capa intermedia mejoran a\u00fan m\u00e1s la resistencia a la permeaci\u00f3n del sistema de revestimiento. Las l\u00edneas de productos de FEP l\u00edquido se utilizan principalmente en hornos industriales, pero tambi\u00e9n en aplicaciones de desmoldeo.<\/p>\n","protected":false},"featured_media":87452,"template":"","meta":[],"product_brand":[],"product_cat":[358],"product_tag":[],"class_list":{"0":"post-98199","1":"product","2":"type-product","3":"status-publish","4":"has-post-thumbnail","6":"supplier-chemours-es","7":"market-paper-textile-es","8":"market-food-industrial-bakeware-es","9":"market-packaging-es","10":"property-non-stick-properties-es","11":"property-corrosion-resistance-es","12":"property-chemical-resistance-es","13":"property-temperature-resistance-es","14":"product_cat-teflon-recubrimientos-industriales","16":"first","17":"instock","18":"taxable","19":"shipping-taxable","20":"purchasable","21":"product-type-simple"},"yoast_head":"<!-- This site is optimized with the Yoast SEO plugin v27.4 - https:\/\/yoast.com\/product\/yoast-seo-wordpress\/ -->\n<title>856G-420 Topcoat FEP Transparente High Build - Tetrachim<\/title>\n<meta name=\"robots\" content=\"index, follow, max-snippet:-1, max-image-preview:large, max-video-preview:-1\" \/>\n<link rel=\"canonical\" href=\"https:\/\/www.tetrachim.com\/es\/producto\/856g-420-topcoat-fep-transparente-high-build\/\" \/>\n<meta property=\"og:locale\" content=\"es_ES\" \/>\n<meta property=\"og:type\" content=\"article\" \/>\n<meta property=\"og:title\" content=\"856G-420 Topcoat FEP Transparente High Build - Tetrachim\" \/>\n<meta property=\"og:description\" content=\"Recubrimiento final FEP al agua de alto espesor dise\u00f1ado para proporcionar antiadherencia y resistencia qu\u00edmica y a la corrosi\u00f3n. 856G420 permite conseguir un revestimiento final de 30-40 \u03bcm con una cantidad limitada de curados, idealmente s\u00f3lo uno, reduciendo as\u00ed los costes de aplicaci\u00f3n. Las capas pigmentadas aplicadas como capa intermedia mejoran a\u00fan m\u00e1s la resistencia a la permeaci\u00f3n del sistema de revestimiento. Las l\u00edneas de productos de FEP l\u00edquido se utilizan principalmente en hornos industriales, pero tambi\u00e9n en aplicaciones de desmoldeo.\" \/>\n<meta property=\"og:url\" content=\"https:\/\/www.tetrachim.com\/es\/producto\/856g-420-topcoat-fep-transparente-high-build\/\" \/>\n<meta property=\"og:site_name\" content=\"Tetrachim\" \/>\n<meta property=\"article:modified_time\" content=\"2026-04-18T21:17:01+00:00\" \/>\n<meta property=\"og:image\" content=\"https:\/\/www.tetrachim.com\/wp-content\/uploads\/2020\/09\/PackPaint20KG.jpg\" \/>\n\t<meta property=\"og:image:width\" content=\"900\" \/>\n\t<meta property=\"og:image:height\" content=\"900\" \/>\n\t<meta property=\"og:image:type\" content=\"image\/jpeg\" \/>\n<meta name=\"twitter:card\" content=\"summary_large_image\" \/>\n<meta name=\"twitter:site\" content=\"@Tetrachim\" \/>\n<meta name=\"twitter:label1\" content=\"Tiempo de lectura\" \/>\n\t<meta name=\"twitter:data1\" content=\"1 minuto\" \/>\n<script type=\"application\/ld+json\" class=\"yoast-schema-graph\">{\"@context\":\"https:\\\/\\\/schema.org\",\"@graph\":[{\"@type\":\"WebPage\",\"@id\":\"https:\\\/\\\/www.tetrachim.com\\\/es\\\/producto\\\/856g-420-topcoat-fep-transparente-high-build\\\/\",\"url\":\"https:\\\/\\\/www.tetrachim.com\\\/es\\\/producto\\\/856g-420-topcoat-fep-transparente-high-build\\\/\",\"name\":\"856G-420 Topcoat FEP Transparente High Build - Tetrachim\",\"isPartOf\":{\"@id\":\"https:\\\/\\\/www.tetrachim.com\\\/es\\\/#website\"},\"primaryImageOfPage\":{\"@id\":\"https:\\\/\\\/www.tetrachim.com\\\/es\\\/producto\\\/856g-420-topcoat-fep-transparente-high-build\\\/#primaryimage\"},\"image\":{\"@id\":\"https:\\\/\\\/www.tetrachim.com\\\/es\\\/producto\\\/856g-420-topcoat-fep-transparente-high-build\\\/#primaryimage\"},\"thumbnailUrl\":\"https:\\\/\\\/www.tetrachim.com\\\/wp-content\\\/uploads\\\/2020\\\/09\\\/PackPaint20KG.jpg\",\"datePublished\":\"2020-11-13T21:15:26+00:00\",\"dateModified\":\"2026-04-18T21:17:01+00:00\",\"breadcrumb\":{\"@id\":\"https:\\\/\\\/www.tetrachim.com\\\/es\\\/producto\\\/856g-420-topcoat-fep-transparente-high-build\\\/#breadcrumb\"},\"inLanguage\":\"es\",\"potentialAction\":[{\"@type\":\"ReadAction\",\"target\":[\"https:\\\/\\\/www.tetrachim.com\\\/es\\\/producto\\\/856g-420-topcoat-fep-transparente-high-build\\\/\"]}]},{\"@type\":\"ImageObject\",\"inLanguage\":\"es\",\"@id\":\"https:\\\/\\\/www.tetrachim.com\\\/es\\\/producto\\\/856g-420-topcoat-fep-transparente-high-build\\\/#primaryimage\",\"url\":\"https:\\\/\\\/www.tetrachim.com\\\/wp-content\\\/uploads\\\/2020\\\/09\\\/PackPaint20KG.jpg\",\"contentUrl\":\"https:\\\/\\\/www.tetrachim.com\\\/wp-content\\\/uploads\\\/2020\\\/09\\\/PackPaint20KG.jpg\",\"width\":900,\"height\":900},{\"@type\":\"BreadcrumbList\",\"@id\":\"https:\\\/\\\/www.tetrachim.com\\\/es\\\/producto\\\/856g-420-topcoat-fep-transparente-high-build\\\/#breadcrumb\",\"itemListElement\":[{\"@type\":\"ListItem\",\"position\":1,\"name\":\"\",\"item\":\"https:\\\/\\\/www.tetrachim.com\\\/es\\\/\"},{\"@type\":\"ListItem\",\"position\":2,\"name\":\"tienda\",\"item\":\"https:\\\/\\\/www.tetrachim.com\\\/es\\\/tienda-2\\\/\"},{\"@type\":\"ListItem\",\"position\":3,\"name\":\"856G-420 Topcoat FEP Transparente High Build\"}]},{\"@type\":\"WebSite\",\"@id\":\"https:\\\/\\\/www.tetrachim.com\\\/es\\\/#website\",\"url\":\"https:\\\/\\\/www.tetrachim.com\\\/es\\\/\",\"name\":\"Tetrachim\",\"description\":\"Rev\u00eatements high-tech\",\"publisher\":{\"@id\":\"https:\\\/\\\/www.tetrachim.com\\\/es\\\/#organization\"},\"potentialAction\":[{\"@type\":\"SearchAction\",\"target\":{\"@type\":\"EntryPoint\",\"urlTemplate\":\"https:\\\/\\\/www.tetrachim.com\\\/es\\\/?s={search_term_string}\"},\"query-input\":{\"@type\":\"PropertyValueSpecification\",\"valueRequired\":true,\"valueName\":\"search_term_string\"}}],\"inLanguage\":\"es\"},{\"@type\":\"Organization\",\"@id\":\"https:\\\/\\\/www.tetrachim.com\\\/es\\\/#organization\",\"name\":\"Tetrachim\",\"url\":\"https:\\\/\\\/www.tetrachim.com\\\/es\\\/\",\"logo\":{\"@type\":\"ImageObject\",\"inLanguage\":\"es\",\"@id\":\"https:\\\/\\\/www.tetrachim.com\\\/es\\\/#\\\/schema\\\/logo\\\/image\\\/\",\"url\":\"https:\\\/\\\/www.tetrachim.com\\\/wp-content\\\/uploads\\\/2020\\\/07\\\/logo-tetrachim.png\",\"contentUrl\":\"https:\\\/\\\/www.tetrachim.com\\\/wp-content\\\/uploads\\\/2020\\\/07\\\/logo-tetrachim.png\",\"width\":244,\"height\":51,\"caption\":\"Tetrachim\"},\"image\":{\"@id\":\"https:\\\/\\\/www.tetrachim.com\\\/es\\\/#\\\/schema\\\/logo\\\/image\\\/\"},\"sameAs\":[\"https:\\\/\\\/x.com\\\/Tetrachim\",\"https:\\\/\\\/www.linkedin.com\\\/company\\\/tetrachim\\\/\"]}]}<\/script>\n<!-- \/ Yoast SEO plugin. -->","yoast_head_json":{"title":"856G-420 Topcoat FEP Transparente High Build - Tetrachim","robots":{"index":"index","follow":"follow","max-snippet":"max-snippet:-1","max-image-preview":"max-image-preview:large","max-video-preview":"max-video-preview:-1"},"canonical":"https:\/\/www.tetrachim.com\/es\/producto\/856g-420-topcoat-fep-transparente-high-build\/","og_locale":"es_ES","og_type":"article","og_title":"856G-420 Topcoat FEP Transparente High Build - Tetrachim","og_description":"Recubrimiento final FEP al agua de alto espesor dise\u00f1ado para proporcionar antiadherencia y resistencia qu\u00edmica y a la corrosi\u00f3n. 856G420 permite conseguir un revestimiento final de 30-40 \u03bcm con una cantidad limitada de curados, idealmente s\u00f3lo uno, reduciendo as\u00ed los costes de aplicaci\u00f3n. Las capas pigmentadas aplicadas como capa intermedia mejoran a\u00fan m\u00e1s la resistencia a la permeaci\u00f3n del sistema de revestimiento. Las l\u00edneas de productos de FEP l\u00edquido se utilizan principalmente en hornos industriales, pero tambi\u00e9n en aplicaciones de desmoldeo.","og_url":"https:\/\/www.tetrachim.com\/es\/producto\/856g-420-topcoat-fep-transparente-high-build\/","og_site_name":"Tetrachim","article_modified_time":"2026-04-18T21:17:01+00:00","og_image":[{"width":900,"height":900,"url":"https:\/\/www.tetrachim.com\/wp-content\/uploads\/2020\/09\/PackPaint20KG.jpg","type":"image\/jpeg"}],"twitter_card":"summary_large_image","twitter_site":"@Tetrachim","twitter_misc":{"Tiempo de lectura":"1 minuto"},"schema":{"@context":"https:\/\/schema.org","@graph":[{"@type":"WebPage","@id":"https:\/\/www.tetrachim.com\/es\/producto\/856g-420-topcoat-fep-transparente-high-build\/","url":"https:\/\/www.tetrachim.com\/es\/producto\/856g-420-topcoat-fep-transparente-high-build\/","name":"856G-420 Topcoat FEP Transparente High Build - Tetrachim","isPartOf":{"@id":"https:\/\/www.tetrachim.com\/es\/#website"},"primaryImageOfPage":{"@id":"https:\/\/www.tetrachim.com\/es\/producto\/856g-420-topcoat-fep-transparente-high-build\/#primaryimage"},"image":{"@id":"https:\/\/www.tetrachim.com\/es\/producto\/856g-420-topcoat-fep-transparente-high-build\/#primaryimage"},"thumbnailUrl":"https:\/\/www.tetrachim.com\/wp-content\/uploads\/2020\/09\/PackPaint20KG.jpg","datePublished":"2020-11-13T21:15:26+00:00","dateModified":"2026-04-18T21:17:01+00:00","breadcrumb":{"@id":"https:\/\/www.tetrachim.com\/es\/producto\/856g-420-topcoat-fep-transparente-high-build\/#breadcrumb"},"inLanguage":"es","potentialAction":[{"@type":"ReadAction","target":["https:\/\/www.tetrachim.com\/es\/producto\/856g-420-topcoat-fep-transparente-high-build\/"]}]},{"@type":"ImageObject","inLanguage":"es","@id":"https:\/\/www.tetrachim.com\/es\/producto\/856g-420-topcoat-fep-transparente-high-build\/#primaryimage","url":"https:\/\/www.tetrachim.com\/wp-content\/uploads\/2020\/09\/PackPaint20KG.jpg","contentUrl":"https:\/\/www.tetrachim.com\/wp-content\/uploads\/2020\/09\/PackPaint20KG.jpg","width":900,"height":900},{"@type":"BreadcrumbList","@id":"https:\/\/www.tetrachim.com\/es\/producto\/856g-420-topcoat-fep-transparente-high-build\/#breadcrumb","itemListElement":[{"@type":"ListItem","position":1,"name":"","item":"https:\/\/www.tetrachim.com\/es\/"},{"@type":"ListItem","position":2,"name":"tienda","item":"https:\/\/www.tetrachim.com\/es\/tienda-2\/"},{"@type":"ListItem","position":3,"name":"856G-420 Topcoat FEP Transparente High Build"}]},{"@type":"WebSite","@id":"https:\/\/www.tetrachim.com\/es\/#website","url":"https:\/\/www.tetrachim.com\/es\/","name":"Tetrachim","description":"Rev\u00eatements high-tech","publisher":{"@id":"https:\/\/www.tetrachim.com\/es\/#organization"},"potentialAction":[{"@type":"SearchAction","target":{"@type":"EntryPoint","urlTemplate":"https:\/\/www.tetrachim.com\/es\/?s={search_term_string}"},"query-input":{"@type":"PropertyValueSpecification","valueRequired":true,"valueName":"search_term_string"}}],"inLanguage":"es"},{"@type":"Organization","@id":"https:\/\/www.tetrachim.com\/es\/#organization","name":"Tetrachim","url":"https:\/\/www.tetrachim.com\/es\/","logo":{"@type":"ImageObject","inLanguage":"es","@id":"https:\/\/www.tetrachim.com\/es\/#\/schema\/logo\/image\/","url":"https:\/\/www.tetrachim.com\/wp-content\/uploads\/2020\/07\/logo-tetrachim.png","contentUrl":"https:\/\/www.tetrachim.com\/wp-content\/uploads\/2020\/07\/logo-tetrachim.png","width":244,"height":51,"caption":"Tetrachim"},"image":{"@id":"https:\/\/www.tetrachim.com\/es\/#\/schema\/logo\/image\/"},"sameAs":["https:\/\/x.com\/Tetrachim","https:\/\/www.linkedin.com\/company\/tetrachim\/"]}]}},"tiered_pricing_type":"fixed","tiered_pricing_fixed_rules":[],"tiered_pricing_product_settings":{"layout":"default","base_unit_name":{"singular":null,"plural":null},"default_variation":null},"tiered_pricing_minimum_quantity":null,"tiered_pricing_roles_data":[],"tiered_pricing_percentage_rules":[],"_links":{"self":[{"href":"https:\/\/www.tetrachim.com\/es\/wp-json\/wp\/v2\/product\/98199","targetHints":{"allow":["GET"]}}],"collection":[{"href":"https:\/\/www.tetrachim.com\/es\/wp-json\/wp\/v2\/product"}],"about":[{"href":"https:\/\/www.tetrachim.com\/es\/wp-json\/wp\/v2\/types\/product"}],"wp:featuredmedia":[{"embeddable":true,"href":"https:\/\/www.tetrachim.com\/es\/wp-json\/wp\/v2\/media\/87452"}],"wp:attachment":[{"href":"https:\/\/www.tetrachim.com\/es\/wp-json\/wp\/v2\/media?parent=98199"}],"wp:term":[{"taxonomy":"product_brand","embeddable":true,"href":"https:\/\/www.tetrachim.com\/es\/wp-json\/wp\/v2\/product_brand?post=98199"},{"taxonomy":"product_cat","embeddable":true,"href":"https:\/\/www.tetrachim.com\/es\/wp-json\/wp\/v2\/product_cat?post=98199"},{"taxonomy":"product_tag","embeddable":true,"href":"https:\/\/www.tetrachim.com\/es\/wp-json\/wp\/v2\/product_tag?post=98199"}],"curies":[{"name":"wp","href":"https:\/\/api.w.org\/{rel}","templated":true}]}}