{"id":98204,"date":"2020-11-13T22:15:44","date_gmt":"2020-11-13T21:15:44","guid":{"rendered":"https:\/\/www.tetrachim.com\/product\/857g-293-topcoat-ptfe-peltre\/"},"modified":"2026-04-06T01:42:19","modified_gmt":"2026-04-05T23:42:19","slug":"857g-293-topcoat-ptfe-peltre","status":"publish","type":"product","link":"https:\/\/www.tetrachim.com\/es\/producto\/857g-293-topcoat-ptfe-peltre\/","title":{"rendered":"857G-293 Topcoat PTFE Peltre"},"content":{"rendered":"<p>Los revestimientos antiadherentes de PTFE (politetrafluoroetileno) son sistemas bicapa (imprimaci\u00f3n\/capa superior) o tricapa (imprimaci\u00f3n\/capa intermedia\/capa superior). Estos productos tienen la temperatura de funcionamiento m\u00e1s alta de todos los fluoropl\u00e1sticos (260\u00b0C), un coeficiente de fricci\u00f3n extremadamente bajo, buena resistencia a la abrasi\u00f3n y buena resistencia qu\u00edmica. El PTFE est\u00e1 disponible en forma l\u00edquida a base de agua.<\/p>\n","protected":false},"excerpt":{"rendered":"<p>Capa intermedia de PTFE de base acuosa destinada principalmente a aplicaciones antiadherentes en la industria alimentaria. Este revestimiento puede utilizarse con o sin la capa superior transparente 857G-401 u 855G-500.<\/p>\n","protected":false},"featured_media":87367,"template":"","meta":[],"product_brand":[],"product_cat":[358],"product_tag":[],"class_list":{"0":"post-98204","1":"product","2":"type-product","3":"status-publish","4":"has-post-thumbnail","6":"supplier-chemours-es","7":"market-food-industrial-bakeware-es","8":"market-chemicals-water-es","9":"property-temperature-resistance-es","10":"property-dry-lubrication-es","11":"property-low-friction-es","12":"property-non-stick-properties-es","13":"product_cat-teflon-recubrimientos-industriales","15":"first","16":"instock","17":"taxable","18":"shipping-taxable","19":"purchasable","20":"product-type-simple"},"yoast_head":"<!-- This site is optimized with the Yoast SEO plugin v27.3 - https:\/\/yoast.com\/product\/yoast-seo-wordpress\/ -->\n<title>857G-293 Topcoat PTFE Peltre - Tetrachim<\/title>\n<meta name=\"robots\" content=\"index, follow, max-snippet:-1, max-image-preview:large, max-video-preview:-1\" \/>\n<link rel=\"canonical\" href=\"https:\/\/www.tetrachim.com\/es\/producto\/857g-293-topcoat-ptfe-peltre\/\" \/>\n<meta property=\"og:locale\" content=\"es_ES\" \/>\n<meta property=\"og:type\" content=\"article\" \/>\n<meta property=\"og:title\" content=\"857G-293 Topcoat PTFE Peltre - Tetrachim\" \/>\n<meta property=\"og:description\" content=\"Capa intermedia de PTFE de base acuosa destinada principalmente a aplicaciones antiadherentes en la industria alimentaria. Este revestimiento puede utilizarse con o sin la capa superior transparente 857G-401 u 855G-500.\" \/>\n<meta property=\"og:url\" content=\"https:\/\/www.tetrachim.com\/es\/producto\/857g-293-topcoat-ptfe-peltre\/\" \/>\n<meta property=\"og:site_name\" content=\"Tetrachim\" \/>\n<meta property=\"article:modified_time\" content=\"2026-04-05T23:42:19+00:00\" \/>\n<meta property=\"og:image\" content=\"https:\/\/www.tetrachim.com\/wp-content\/uploads\/2020\/09\/857G293-20KG.jpg\" \/>\n\t<meta property=\"og:image:width\" content=\"900\" \/>\n\t<meta property=\"og:image:height\" content=\"900\" \/>\n\t<meta property=\"og:image:type\" content=\"image\/jpeg\" \/>\n<meta name=\"twitter:card\" content=\"summary_large_image\" \/>\n<meta name=\"twitter:site\" content=\"@Tetrachim\" \/>\n<meta name=\"twitter:label1\" content=\"Tiempo de lectura\" \/>\n\t<meta name=\"twitter:data1\" content=\"1 minuto\" \/>\n<script type=\"application\/ld+json\" class=\"yoast-schema-graph\">{\"@context\":\"https:\\\/\\\/schema.org\",\"@graph\":[{\"@type\":\"WebPage\",\"@id\":\"https:\\\/\\\/www.tetrachim.com\\\/es\\\/producto\\\/857g-293-topcoat-ptfe-peltre\\\/\",\"url\":\"https:\\\/\\\/www.tetrachim.com\\\/es\\\/producto\\\/857g-293-topcoat-ptfe-peltre\\\/\",\"name\":\"857G-293 Topcoat PTFE Peltre - Tetrachim\",\"isPartOf\":{\"@id\":\"https:\\\/\\\/www.tetrachim.com\\\/es\\\/#website\"},\"primaryImageOfPage\":{\"@id\":\"https:\\\/\\\/www.tetrachim.com\\\/es\\\/producto\\\/857g-293-topcoat-ptfe-peltre\\\/#primaryimage\"},\"image\":{\"@id\":\"https:\\\/\\\/www.tetrachim.com\\\/es\\\/producto\\\/857g-293-topcoat-ptfe-peltre\\\/#primaryimage\"},\"thumbnailUrl\":\"https:\\\/\\\/www.tetrachim.com\\\/wp-content\\\/uploads\\\/2020\\\/09\\\/857G293-20KG.jpg\",\"datePublished\":\"2020-11-13T21:15:44+00:00\",\"dateModified\":\"2026-04-05T23:42:19+00:00\",\"breadcrumb\":{\"@id\":\"https:\\\/\\\/www.tetrachim.com\\\/es\\\/producto\\\/857g-293-topcoat-ptfe-peltre\\\/#breadcrumb\"},\"inLanguage\":\"es\",\"potentialAction\":[{\"@type\":\"ReadAction\",\"target\":[\"https:\\\/\\\/www.tetrachim.com\\\/es\\\/producto\\\/857g-293-topcoat-ptfe-peltre\\\/\"]}]},{\"@type\":\"ImageObject\",\"inLanguage\":\"es\",\"@id\":\"https:\\\/\\\/www.tetrachim.com\\\/es\\\/producto\\\/857g-293-topcoat-ptfe-peltre\\\/#primaryimage\",\"url\":\"https:\\\/\\\/www.tetrachim.com\\\/wp-content\\\/uploads\\\/2020\\\/09\\\/857G293-20KG.jpg\",\"contentUrl\":\"https:\\\/\\\/www.tetrachim.com\\\/wp-content\\\/uploads\\\/2020\\\/09\\\/857G293-20KG.jpg\",\"width\":900,\"height\":900},{\"@type\":\"BreadcrumbList\",\"@id\":\"https:\\\/\\\/www.tetrachim.com\\\/es\\\/producto\\\/857g-293-topcoat-ptfe-peltre\\\/#breadcrumb\",\"itemListElement\":[{\"@type\":\"ListItem\",\"position\":1,\"name\":\"\",\"item\":\"https:\\\/\\\/www.tetrachim.com\\\/es\\\/\"},{\"@type\":\"ListItem\",\"position\":2,\"name\":\"tienda\",\"item\":\"https:\\\/\\\/www.tetrachim.com\\\/es\\\/tienda-2\\\/\"},{\"@type\":\"ListItem\",\"position\":3,\"name\":\"857G-293 Topcoat PTFE Peltre\"}]},{\"@type\":\"WebSite\",\"@id\":\"https:\\\/\\\/www.tetrachim.com\\\/es\\\/#website\",\"url\":\"https:\\\/\\\/www.tetrachim.com\\\/es\\\/\",\"name\":\"Tetrachim\",\"description\":\"Rev\u00eatements high-tech\",\"publisher\":{\"@id\":\"https:\\\/\\\/www.tetrachim.com\\\/es\\\/#organization\"},\"potentialAction\":[{\"@type\":\"SearchAction\",\"target\":{\"@type\":\"EntryPoint\",\"urlTemplate\":\"https:\\\/\\\/www.tetrachim.com\\\/es\\\/?s={search_term_string}\"},\"query-input\":{\"@type\":\"PropertyValueSpecification\",\"valueRequired\":true,\"valueName\":\"search_term_string\"}}],\"inLanguage\":\"es\"},{\"@type\":\"Organization\",\"@id\":\"https:\\\/\\\/www.tetrachim.com\\\/es\\\/#organization\",\"name\":\"Tetrachim\",\"url\":\"https:\\\/\\\/www.tetrachim.com\\\/es\\\/\",\"logo\":{\"@type\":\"ImageObject\",\"inLanguage\":\"es\",\"@id\":\"https:\\\/\\\/www.tetrachim.com\\\/es\\\/#\\\/schema\\\/logo\\\/image\\\/\",\"url\":\"https:\\\/\\\/www.tetrachim.com\\\/wp-content\\\/uploads\\\/2020\\\/07\\\/logo-tetrachim.png\",\"contentUrl\":\"https:\\\/\\\/www.tetrachim.com\\\/wp-content\\\/uploads\\\/2020\\\/07\\\/logo-tetrachim.png\",\"width\":244,\"height\":51,\"caption\":\"Tetrachim\"},\"image\":{\"@id\":\"https:\\\/\\\/www.tetrachim.com\\\/es\\\/#\\\/schema\\\/logo\\\/image\\\/\"},\"sameAs\":[\"https:\\\/\\\/x.com\\\/Tetrachim\",\"https:\\\/\\\/www.linkedin.com\\\/company\\\/tetrachim\\\/\"]}]}<\/script>\n<!-- \/ Yoast SEO plugin. -->","yoast_head_json":{"title":"857G-293 Topcoat PTFE Peltre - Tetrachim","robots":{"index":"index","follow":"follow","max-snippet":"max-snippet:-1","max-image-preview":"max-image-preview:large","max-video-preview":"max-video-preview:-1"},"canonical":"https:\/\/www.tetrachim.com\/es\/producto\/857g-293-topcoat-ptfe-peltre\/","og_locale":"es_ES","og_type":"article","og_title":"857G-293 Topcoat PTFE Peltre - Tetrachim","og_description":"Capa intermedia de PTFE de base acuosa destinada principalmente a aplicaciones antiadherentes en la industria alimentaria. Este revestimiento puede utilizarse con o sin la capa superior transparente 857G-401 u 855G-500.","og_url":"https:\/\/www.tetrachim.com\/es\/producto\/857g-293-topcoat-ptfe-peltre\/","og_site_name":"Tetrachim","article_modified_time":"2026-04-05T23:42:19+00:00","og_image":[{"width":900,"height":900,"url":"https:\/\/www.tetrachim.com\/wp-content\/uploads\/2020\/09\/857G293-20KG.jpg","type":"image\/jpeg"}],"twitter_card":"summary_large_image","twitter_site":"@Tetrachim","twitter_misc":{"Tiempo de lectura":"1 minuto"},"schema":{"@context":"https:\/\/schema.org","@graph":[{"@type":"WebPage","@id":"https:\/\/www.tetrachim.com\/es\/producto\/857g-293-topcoat-ptfe-peltre\/","url":"https:\/\/www.tetrachim.com\/es\/producto\/857g-293-topcoat-ptfe-peltre\/","name":"857G-293 Topcoat PTFE Peltre - Tetrachim","isPartOf":{"@id":"https:\/\/www.tetrachim.com\/es\/#website"},"primaryImageOfPage":{"@id":"https:\/\/www.tetrachim.com\/es\/producto\/857g-293-topcoat-ptfe-peltre\/#primaryimage"},"image":{"@id":"https:\/\/www.tetrachim.com\/es\/producto\/857g-293-topcoat-ptfe-peltre\/#primaryimage"},"thumbnailUrl":"https:\/\/www.tetrachim.com\/wp-content\/uploads\/2020\/09\/857G293-20KG.jpg","datePublished":"2020-11-13T21:15:44+00:00","dateModified":"2026-04-05T23:42:19+00:00","breadcrumb":{"@id":"https:\/\/www.tetrachim.com\/es\/producto\/857g-293-topcoat-ptfe-peltre\/#breadcrumb"},"inLanguage":"es","potentialAction":[{"@type":"ReadAction","target":["https:\/\/www.tetrachim.com\/es\/producto\/857g-293-topcoat-ptfe-peltre\/"]}]},{"@type":"ImageObject","inLanguage":"es","@id":"https:\/\/www.tetrachim.com\/es\/producto\/857g-293-topcoat-ptfe-peltre\/#primaryimage","url":"https:\/\/www.tetrachim.com\/wp-content\/uploads\/2020\/09\/857G293-20KG.jpg","contentUrl":"https:\/\/www.tetrachim.com\/wp-content\/uploads\/2020\/09\/857G293-20KG.jpg","width":900,"height":900},{"@type":"BreadcrumbList","@id":"https:\/\/www.tetrachim.com\/es\/producto\/857g-293-topcoat-ptfe-peltre\/#breadcrumb","itemListElement":[{"@type":"ListItem","position":1,"name":"","item":"https:\/\/www.tetrachim.com\/es\/"},{"@type":"ListItem","position":2,"name":"tienda","item":"https:\/\/www.tetrachim.com\/es\/tienda-2\/"},{"@type":"ListItem","position":3,"name":"857G-293 Topcoat PTFE Peltre"}]},{"@type":"WebSite","@id":"https:\/\/www.tetrachim.com\/es\/#website","url":"https:\/\/www.tetrachim.com\/es\/","name":"Tetrachim","description":"Rev\u00eatements high-tech","publisher":{"@id":"https:\/\/www.tetrachim.com\/es\/#organization"},"potentialAction":[{"@type":"SearchAction","target":{"@type":"EntryPoint","urlTemplate":"https:\/\/www.tetrachim.com\/es\/?s={search_term_string}"},"query-input":{"@type":"PropertyValueSpecification","valueRequired":true,"valueName":"search_term_string"}}],"inLanguage":"es"},{"@type":"Organization","@id":"https:\/\/www.tetrachim.com\/es\/#organization","name":"Tetrachim","url":"https:\/\/www.tetrachim.com\/es\/","logo":{"@type":"ImageObject","inLanguage":"es","@id":"https:\/\/www.tetrachim.com\/es\/#\/schema\/logo\/image\/","url":"https:\/\/www.tetrachim.com\/wp-content\/uploads\/2020\/07\/logo-tetrachim.png","contentUrl":"https:\/\/www.tetrachim.com\/wp-content\/uploads\/2020\/07\/logo-tetrachim.png","width":244,"height":51,"caption":"Tetrachim"},"image":{"@id":"https:\/\/www.tetrachim.com\/es\/#\/schema\/logo\/image\/"},"sameAs":["https:\/\/x.com\/Tetrachim","https:\/\/www.linkedin.com\/company\/tetrachim\/"]}]}},"tiered_pricing_type":"fixed","tiered_pricing_fixed_rules":[],"tiered_pricing_product_settings":{"layout":"default","base_unit_name":{"singular":null,"plural":null},"default_variation":null},"tiered_pricing_minimum_quantity":null,"tiered_pricing_roles_data":[],"tiered_pricing_percentage_rules":[],"_links":{"self":[{"href":"https:\/\/www.tetrachim.com\/es\/wp-json\/wp\/v2\/product\/98204","targetHints":{"allow":["GET"]}}],"collection":[{"href":"https:\/\/www.tetrachim.com\/es\/wp-json\/wp\/v2\/product"}],"about":[{"href":"https:\/\/www.tetrachim.com\/es\/wp-json\/wp\/v2\/types\/product"}],"wp:featuredmedia":[{"embeddable":true,"href":"https:\/\/www.tetrachim.com\/es\/wp-json\/wp\/v2\/media\/87367"}],"wp:attachment":[{"href":"https:\/\/www.tetrachim.com\/es\/wp-json\/wp\/v2\/media?parent=98204"}],"wp:term":[{"taxonomy":"product_brand","embeddable":true,"href":"https:\/\/www.tetrachim.com\/es\/wp-json\/wp\/v2\/product_brand?post=98204"},{"taxonomy":"product_cat","embeddable":true,"href":"https:\/\/www.tetrachim.com\/es\/wp-json\/wp\/v2\/product_cat?post=98204"},{"taxonomy":"product_tag","embeddable":true,"href":"https:\/\/www.tetrachim.com\/es\/wp-json\/wp\/v2\/product_tag?post=98204"}],"curies":[{"name":"wp","href":"https:\/\/api.w.org\/{rel}","templated":true}]}}