{"id":98369,"date":"2020-11-13T12:11:13","date_gmt":"2020-11-13T11:11:13","guid":{"rendered":"https:\/\/www.tetrachim.com\/product\/loctite-eci-1010-ec\/"},"modified":"2026-04-16T02:35:58","modified_gmt":"2026-04-16T00:35:58","slug":"loctite-eci-1010-ec","status":"publish","type":"product","link":"https:\/\/www.tetrachim.com\/es\/producto\/loctite-eci-1010-ec\/","title":{"rendered":"Loctite ECI 1010 E&amp;C"},"content":{"rendered":"<p>LOCTITE\u00ae ECI 1010 E&amp;C es una tinta plateada altamente conductora que permite una mayor flexibilidad de dise\u00f1o, una reducci\u00f3n de costes gracias a un menor consumo de tinta y una mayor capacidad de conducci\u00f3n de corriente. Puede utilizarse en aplicaciones de tarjetas inteligentes, circuitos flexibles, placas de circuito impreso, interruptores de membrana y RFID. <\/p>\n","protected":false},"excerpt":{"rendered":"<p>Loctite ECI 1010 E&amp;C es una tinta plateada altamente conductora que combina una resistencia mec\u00e1nica y una flexibilidad \u00f3ptimas.<\/p>\n","protected":false},"featured_media":90009,"template":"","meta":[],"product_brand":[],"product_cat":[362],"product_tag":[],"class_list":{"0":"post-98369","1":"product","2":"type-product","3":"status-publish","4":"has-post-thumbnail","6":"supplier-henkel-es","7":"market-electronics-semi-conductors-es","8":"property-conductive-es","9":"product_cat-materiales-electronicos-loctite","10":"product_shipping_class-peligro","12":"first","13":"outofstock","14":"taxable","15":"shipping-taxable","16":"purchasable","17":"product-type-simple"},"yoast_head":"<!-- This site is optimized with the Yoast SEO plugin v27.4 - https:\/\/yoast.com\/product\/yoast-seo-wordpress\/ -->\n<title>Loctite ECI 1010 E&amp;C - Tetrachim<\/title>\n<meta name=\"robots\" content=\"index, follow, max-snippet:-1, max-image-preview:large, max-video-preview:-1\" \/>\n<link rel=\"canonical\" href=\"https:\/\/www.tetrachim.com\/es\/producto\/loctite-eci-1010-ec\/\" \/>\n<meta property=\"og:locale\" content=\"es_ES\" \/>\n<meta property=\"og:type\" content=\"article\" \/>\n<meta property=\"og:title\" content=\"Loctite ECI 1010 E&amp;C - Tetrachim\" \/>\n<meta property=\"og:description\" content=\"Loctite ECI 1010 E&amp;C es una tinta plateada altamente conductora que combina una resistencia mec\u00e1nica y una flexibilidad \u00f3ptimas.\" \/>\n<meta property=\"og:url\" content=\"https:\/\/www.tetrachim.com\/es\/producto\/loctite-eci-1010-ec\/\" \/>\n<meta property=\"og:site_name\" content=\"Tetrachim\" \/>\n<meta property=\"article:modified_time\" content=\"2026-04-16T00:35:58+00:00\" \/>\n<meta property=\"og:image\" content=\"https:\/\/www.tetrachim.com\/wp-content\/uploads\/2020\/11\/Loctite-eci-1010-largepack.jpg\" \/>\n\t<meta property=\"og:image:width\" content=\"900\" \/>\n\t<meta property=\"og:image:height\" content=\"900\" \/>\n\t<meta property=\"og:image:type\" content=\"image\/jpeg\" \/>\n<meta name=\"twitter:card\" content=\"summary_large_image\" \/>\n<meta name=\"twitter:site\" content=\"@Tetrachim\" \/>\n<script type=\"application\/ld+json\" class=\"yoast-schema-graph\">{\"@context\":\"https:\\\/\\\/schema.org\",\"@graph\":[{\"@type\":\"WebPage\",\"@id\":\"https:\\\/\\\/www.tetrachim.com\\\/es\\\/producto\\\/loctite-eci-1010-ec\\\/\",\"url\":\"https:\\\/\\\/www.tetrachim.com\\\/es\\\/producto\\\/loctite-eci-1010-ec\\\/\",\"name\":\"Loctite ECI 1010 E&amp;C - Tetrachim\",\"isPartOf\":{\"@id\":\"https:\\\/\\\/www.tetrachim.com\\\/es\\\/#website\"},\"primaryImageOfPage\":{\"@id\":\"https:\\\/\\\/www.tetrachim.com\\\/es\\\/producto\\\/loctite-eci-1010-ec\\\/#primaryimage\"},\"image\":{\"@id\":\"https:\\\/\\\/www.tetrachim.com\\\/es\\\/producto\\\/loctite-eci-1010-ec\\\/#primaryimage\"},\"thumbnailUrl\":\"https:\\\/\\\/www.tetrachim.com\\\/wp-content\\\/uploads\\\/2020\\\/11\\\/Loctite-eci-1010-largepack.jpg\",\"datePublished\":\"2020-11-13T11:11:13+00:00\",\"dateModified\":\"2026-04-16T00:35:58+00:00\",\"breadcrumb\":{\"@id\":\"https:\\\/\\\/www.tetrachim.com\\\/es\\\/producto\\\/loctite-eci-1010-ec\\\/#breadcrumb\"},\"inLanguage\":\"es\",\"potentialAction\":[{\"@type\":\"ReadAction\",\"target\":[\"https:\\\/\\\/www.tetrachim.com\\\/es\\\/producto\\\/loctite-eci-1010-ec\\\/\"]}]},{\"@type\":\"ImageObject\",\"inLanguage\":\"es\",\"@id\":\"https:\\\/\\\/www.tetrachim.com\\\/es\\\/producto\\\/loctite-eci-1010-ec\\\/#primaryimage\",\"url\":\"https:\\\/\\\/www.tetrachim.com\\\/wp-content\\\/uploads\\\/2020\\\/11\\\/Loctite-eci-1010-largepack.jpg\",\"contentUrl\":\"https:\\\/\\\/www.tetrachim.com\\\/wp-content\\\/uploads\\\/2020\\\/11\\\/Loctite-eci-1010-largepack.jpg\",\"width\":900,\"height\":900},{\"@type\":\"BreadcrumbList\",\"@id\":\"https:\\\/\\\/www.tetrachim.com\\\/es\\\/producto\\\/loctite-eci-1010-ec\\\/#breadcrumb\",\"itemListElement\":[{\"@type\":\"ListItem\",\"position\":1,\"name\":\"\",\"item\":\"https:\\\/\\\/www.tetrachim.com\\\/es\\\/\"},{\"@type\":\"ListItem\",\"position\":2,\"name\":\"tienda\",\"item\":\"https:\\\/\\\/www.tetrachim.com\\\/es\\\/tienda-2\\\/\"},{\"@type\":\"ListItem\",\"position\":3,\"name\":\"Loctite ECI 1010 E&amp;C\"}]},{\"@type\":\"WebSite\",\"@id\":\"https:\\\/\\\/www.tetrachim.com\\\/es\\\/#website\",\"url\":\"https:\\\/\\\/www.tetrachim.com\\\/es\\\/\",\"name\":\"Tetrachim\",\"description\":\"Rev\u00eatements high-tech\",\"publisher\":{\"@id\":\"https:\\\/\\\/www.tetrachim.com\\\/es\\\/#organization\"},\"potentialAction\":[{\"@type\":\"SearchAction\",\"target\":{\"@type\":\"EntryPoint\",\"urlTemplate\":\"https:\\\/\\\/www.tetrachim.com\\\/es\\\/?s={search_term_string}\"},\"query-input\":{\"@type\":\"PropertyValueSpecification\",\"valueRequired\":true,\"valueName\":\"search_term_string\"}}],\"inLanguage\":\"es\"},{\"@type\":\"Organization\",\"@id\":\"https:\\\/\\\/www.tetrachim.com\\\/es\\\/#organization\",\"name\":\"Tetrachim\",\"url\":\"https:\\\/\\\/www.tetrachim.com\\\/es\\\/\",\"logo\":{\"@type\":\"ImageObject\",\"inLanguage\":\"es\",\"@id\":\"https:\\\/\\\/www.tetrachim.com\\\/es\\\/#\\\/schema\\\/logo\\\/image\\\/\",\"url\":\"https:\\\/\\\/www.tetrachim.com\\\/wp-content\\\/uploads\\\/2020\\\/07\\\/logo-tetrachim.png\",\"contentUrl\":\"https:\\\/\\\/www.tetrachim.com\\\/wp-content\\\/uploads\\\/2020\\\/07\\\/logo-tetrachim.png\",\"width\":244,\"height\":51,\"caption\":\"Tetrachim\"},\"image\":{\"@id\":\"https:\\\/\\\/www.tetrachim.com\\\/es\\\/#\\\/schema\\\/logo\\\/image\\\/\"},\"sameAs\":[\"https:\\\/\\\/x.com\\\/Tetrachim\",\"https:\\\/\\\/www.linkedin.com\\\/company\\\/tetrachim\\\/\"]}]}<\/script>\n<!-- \/ Yoast SEO plugin. -->","yoast_head_json":{"title":"Loctite ECI 1010 E&amp;C - Tetrachim","robots":{"index":"index","follow":"follow","max-snippet":"max-snippet:-1","max-image-preview":"max-image-preview:large","max-video-preview":"max-video-preview:-1"},"canonical":"https:\/\/www.tetrachim.com\/es\/producto\/loctite-eci-1010-ec\/","og_locale":"es_ES","og_type":"article","og_title":"Loctite ECI 1010 E&amp;C - Tetrachim","og_description":"Loctite ECI 1010 E&amp;C es una tinta plateada altamente conductora que combina una resistencia mec\u00e1nica y una flexibilidad \u00f3ptimas.","og_url":"https:\/\/www.tetrachim.com\/es\/producto\/loctite-eci-1010-ec\/","og_site_name":"Tetrachim","article_modified_time":"2026-04-16T00:35:58+00:00","og_image":[{"width":900,"height":900,"url":"https:\/\/www.tetrachim.com\/wp-content\/uploads\/2020\/11\/Loctite-eci-1010-largepack.jpg","type":"image\/jpeg"}],"twitter_card":"summary_large_image","twitter_site":"@Tetrachim","schema":{"@context":"https:\/\/schema.org","@graph":[{"@type":"WebPage","@id":"https:\/\/www.tetrachim.com\/es\/producto\/loctite-eci-1010-ec\/","url":"https:\/\/www.tetrachim.com\/es\/producto\/loctite-eci-1010-ec\/","name":"Loctite ECI 1010 E&amp;C - Tetrachim","isPartOf":{"@id":"https:\/\/www.tetrachim.com\/es\/#website"},"primaryImageOfPage":{"@id":"https:\/\/www.tetrachim.com\/es\/producto\/loctite-eci-1010-ec\/#primaryimage"},"image":{"@id":"https:\/\/www.tetrachim.com\/es\/producto\/loctite-eci-1010-ec\/#primaryimage"},"thumbnailUrl":"https:\/\/www.tetrachim.com\/wp-content\/uploads\/2020\/11\/Loctite-eci-1010-largepack.jpg","datePublished":"2020-11-13T11:11:13+00:00","dateModified":"2026-04-16T00:35:58+00:00","breadcrumb":{"@id":"https:\/\/www.tetrachim.com\/es\/producto\/loctite-eci-1010-ec\/#breadcrumb"},"inLanguage":"es","potentialAction":[{"@type":"ReadAction","target":["https:\/\/www.tetrachim.com\/es\/producto\/loctite-eci-1010-ec\/"]}]},{"@type":"ImageObject","inLanguage":"es","@id":"https:\/\/www.tetrachim.com\/es\/producto\/loctite-eci-1010-ec\/#primaryimage","url":"https:\/\/www.tetrachim.com\/wp-content\/uploads\/2020\/11\/Loctite-eci-1010-largepack.jpg","contentUrl":"https:\/\/www.tetrachim.com\/wp-content\/uploads\/2020\/11\/Loctite-eci-1010-largepack.jpg","width":900,"height":900},{"@type":"BreadcrumbList","@id":"https:\/\/www.tetrachim.com\/es\/producto\/loctite-eci-1010-ec\/#breadcrumb","itemListElement":[{"@type":"ListItem","position":1,"name":"","item":"https:\/\/www.tetrachim.com\/es\/"},{"@type":"ListItem","position":2,"name":"tienda","item":"https:\/\/www.tetrachim.com\/es\/tienda-2\/"},{"@type":"ListItem","position":3,"name":"Loctite ECI 1010 E&amp;C"}]},{"@type":"WebSite","@id":"https:\/\/www.tetrachim.com\/es\/#website","url":"https:\/\/www.tetrachim.com\/es\/","name":"Tetrachim","description":"Rev\u00eatements high-tech","publisher":{"@id":"https:\/\/www.tetrachim.com\/es\/#organization"},"potentialAction":[{"@type":"SearchAction","target":{"@type":"EntryPoint","urlTemplate":"https:\/\/www.tetrachim.com\/es\/?s={search_term_string}"},"query-input":{"@type":"PropertyValueSpecification","valueRequired":true,"valueName":"search_term_string"}}],"inLanguage":"es"},{"@type":"Organization","@id":"https:\/\/www.tetrachim.com\/es\/#organization","name":"Tetrachim","url":"https:\/\/www.tetrachim.com\/es\/","logo":{"@type":"ImageObject","inLanguage":"es","@id":"https:\/\/www.tetrachim.com\/es\/#\/schema\/logo\/image\/","url":"https:\/\/www.tetrachim.com\/wp-content\/uploads\/2020\/07\/logo-tetrachim.png","contentUrl":"https:\/\/www.tetrachim.com\/wp-content\/uploads\/2020\/07\/logo-tetrachim.png","width":244,"height":51,"caption":"Tetrachim"},"image":{"@id":"https:\/\/www.tetrachim.com\/es\/#\/schema\/logo\/image\/"},"sameAs":["https:\/\/x.com\/Tetrachim","https:\/\/www.linkedin.com\/company\/tetrachim\/"]}]}},"tiered_pricing_type":"fixed","tiered_pricing_fixed_rules":[],"tiered_pricing_product_settings":{"layout":"default","base_unit_name":{"singular":null,"plural":null},"default_variation":null},"tiered_pricing_minimum_quantity":null,"tiered_pricing_roles_data":[],"tiered_pricing_percentage_rules":[],"_links":{"self":[{"href":"https:\/\/www.tetrachim.com\/es\/wp-json\/wp\/v2\/product\/98369","targetHints":{"allow":["GET"]}}],"collection":[{"href":"https:\/\/www.tetrachim.com\/es\/wp-json\/wp\/v2\/product"}],"about":[{"href":"https:\/\/www.tetrachim.com\/es\/wp-json\/wp\/v2\/types\/product"}],"wp:featuredmedia":[{"embeddable":true,"href":"https:\/\/www.tetrachim.com\/es\/wp-json\/wp\/v2\/media\/90009"}],"wp:attachment":[{"href":"https:\/\/www.tetrachim.com\/es\/wp-json\/wp\/v2\/media?parent=98369"}],"wp:term":[{"taxonomy":"product_brand","embeddable":true,"href":"https:\/\/www.tetrachim.com\/es\/wp-json\/wp\/v2\/product_brand?post=98369"},{"taxonomy":"product_cat","embeddable":true,"href":"https:\/\/www.tetrachim.com\/es\/wp-json\/wp\/v2\/product_cat?post=98369"},{"taxonomy":"product_tag","embeddable":true,"href":"https:\/\/www.tetrachim.com\/es\/wp-json\/wp\/v2\/product_tag?post=98369"}],"curies":[{"name":"wp","href":"https:\/\/api.w.org\/{rel}","templated":true}]}}