{"id":98382,"date":"2020-11-13T12:11:35","date_gmt":"2020-11-13T11:11:35","guid":{"rendered":"https:\/\/www.tetrachim.com\/product\/loctite-edag-423-ss\/"},"modified":"2026-05-13T15:48:26","modified_gmt":"2026-05-13T13:48:26","slug":"loctite-edag-423-ss","status":"publish","type":"product","link":"https:\/\/www.tetrachim.com\/es\/producto\/loctite-edag-423-ss\/","title":{"rendered":"Loctite EDAG 423 SS"},"content":{"rendered":"<p>LOCTITE EDAG 423SS E&amp;C es una tinta conductora de carbono compatible con film de poli\u00e9ster, film de policarbonato, film de PVC, papel y cart\u00f3n. Las aplicaciones t\u00edpicas son interruptores t\u00e1ctiles de membrana, resistencias impresas, teclados, elementos calefactores, circuitos flexibles, interruptores de membrana y protecci\u00f3n contra descargas electrost\u00e1ticas (ESD). <\/p>\n","protected":false},"excerpt":{"rendered":"<p>La tinta conductiva serigr\u00e1fica LOCTITE EDAG 423SS E&amp;C est\u00e1 compuesta por part\u00edculas de grafito muy finamente divididas dispersas en una resina termopl\u00e1stica. Est\u00e1 dise\u00f1ada para su uso en la producci\u00f3n de circuitos de baja tensi\u00f3n sobre film de poli\u00e9ster. <\/p>\n","protected":false},"featured_media":89909,"template":"","meta":[],"product_brand":[],"product_cat":[362],"product_tag":[],"class_list":{"0":"post-98382","1":"product","2":"type-product","3":"status-publish","4":"has-post-thumbnail","6":"supplier-henkel-es","7":"market-automotive-es","8":"market-electronics-semi-conductors-es","9":"property-conductive-es","10":"product_cat-materiales-electronicos-loctite","12":"first","13":"onbackorder","14":"taxable","15":"shipping-taxable","16":"purchasable","17":"product-type-simple"},"yoast_head":"<!-- This site is optimized with the Yoast SEO plugin v27.5 - https:\/\/yoast.com\/product\/yoast-seo-wordpress\/ -->\n<title>Loctite EDAG 423 SS - Tetrachim<\/title>\n<meta name=\"robots\" content=\"index, follow, max-snippet:-1, max-image-preview:large, max-video-preview:-1\" \/>\n<link rel=\"canonical\" href=\"https:\/\/www.tetrachim.com\/es\/producto\/loctite-edag-423-ss\/\" \/>\n<meta property=\"og:locale\" content=\"es_ES\" \/>\n<meta property=\"og:type\" content=\"article\" \/>\n<meta property=\"og:title\" content=\"Loctite EDAG 423 SS - Tetrachim\" \/>\n<meta property=\"og:description\" content=\"La tinta conductiva serigr\u00e1fica LOCTITE EDAG 423SS E&amp;C est\u00e1 compuesta por part\u00edculas de grafito muy finamente divididas dispersas en una resina termopl\u00e1stica. Est\u00e1 dise\u00f1ada para su uso en la producci\u00f3n de circuitos de baja tensi\u00f3n sobre film de poli\u00e9ster.\" \/>\n<meta property=\"og:url\" content=\"https:\/\/www.tetrachim.com\/es\/producto\/loctite-edag-423-ss\/\" \/>\n<meta property=\"og:site_name\" content=\"Tetrachim\" \/>\n<meta property=\"article:modified_time\" content=\"2026-05-13T13:48:26+00:00\" \/>\n<meta property=\"og:image\" content=\"https:\/\/www.tetrachim.com\/wp-content\/uploads\/2020\/11\/Loctite-edag-423ss-smallpack.jpg\" \/>\n\t<meta property=\"og:image:width\" content=\"900\" \/>\n\t<meta property=\"og:image:height\" content=\"900\" \/>\n\t<meta property=\"og:image:type\" content=\"image\/jpeg\" \/>\n<meta name=\"twitter:card\" content=\"summary_large_image\" \/>\n<meta name=\"twitter:site\" content=\"@Tetrachim\" \/>\n<script type=\"application\/ld+json\" class=\"yoast-schema-graph\">{\"@context\":\"https:\\\/\\\/schema.org\",\"@graph\":[{\"@type\":\"WebPage\",\"@id\":\"https:\\\/\\\/www.tetrachim.com\\\/es\\\/producto\\\/loctite-edag-423-ss\\\/\",\"url\":\"https:\\\/\\\/www.tetrachim.com\\\/es\\\/producto\\\/loctite-edag-423-ss\\\/\",\"name\":\"Loctite EDAG 423 SS - Tetrachim\",\"isPartOf\":{\"@id\":\"https:\\\/\\\/www.tetrachim.com\\\/es\\\/#website\"},\"primaryImageOfPage\":{\"@id\":\"https:\\\/\\\/www.tetrachim.com\\\/es\\\/producto\\\/loctite-edag-423-ss\\\/#primaryimage\"},\"image\":{\"@id\":\"https:\\\/\\\/www.tetrachim.com\\\/es\\\/producto\\\/loctite-edag-423-ss\\\/#primaryimage\"},\"thumbnailUrl\":\"https:\\\/\\\/www.tetrachim.com\\\/wp-content\\\/uploads\\\/2020\\\/11\\\/Loctite-edag-423ss-smallpack.jpg\",\"datePublished\":\"2020-11-13T11:11:35+00:00\",\"dateModified\":\"2026-05-13T13:48:26+00:00\",\"breadcrumb\":{\"@id\":\"https:\\\/\\\/www.tetrachim.com\\\/es\\\/producto\\\/loctite-edag-423-ss\\\/#breadcrumb\"},\"inLanguage\":\"es\",\"potentialAction\":[{\"@type\":\"ReadAction\",\"target\":[\"https:\\\/\\\/www.tetrachim.com\\\/es\\\/producto\\\/loctite-edag-423-ss\\\/\"]}]},{\"@type\":\"ImageObject\",\"inLanguage\":\"es\",\"@id\":\"https:\\\/\\\/www.tetrachim.com\\\/es\\\/producto\\\/loctite-edag-423-ss\\\/#primaryimage\",\"url\":\"https:\\\/\\\/www.tetrachim.com\\\/wp-content\\\/uploads\\\/2020\\\/11\\\/Loctite-edag-423ss-smallpack.jpg\",\"contentUrl\":\"https:\\\/\\\/www.tetrachim.com\\\/wp-content\\\/uploads\\\/2020\\\/11\\\/Loctite-edag-423ss-smallpack.jpg\",\"width\":900,\"height\":900},{\"@type\":\"BreadcrumbList\",\"@id\":\"https:\\\/\\\/www.tetrachim.com\\\/es\\\/producto\\\/loctite-edag-423-ss\\\/#breadcrumb\",\"itemListElement\":[{\"@type\":\"ListItem\",\"position\":1,\"name\":\"\",\"item\":\"https:\\\/\\\/www.tetrachim.com\\\/es\\\/\"},{\"@type\":\"ListItem\",\"position\":2,\"name\":\"tienda\",\"item\":\"https:\\\/\\\/www.tetrachim.com\\\/es\\\/tienda-2\\\/\"},{\"@type\":\"ListItem\",\"position\":3,\"name\":\"Loctite EDAG 423 SS\"}]},{\"@type\":\"WebSite\",\"@id\":\"https:\\\/\\\/www.tetrachim.com\\\/es\\\/#website\",\"url\":\"https:\\\/\\\/www.tetrachim.com\\\/es\\\/\",\"name\":\"Tetrachim\",\"description\":\"Rev\u00eatements high-tech\",\"publisher\":{\"@id\":\"https:\\\/\\\/www.tetrachim.com\\\/es\\\/#organization\"},\"potentialAction\":[{\"@type\":\"SearchAction\",\"target\":{\"@type\":\"EntryPoint\",\"urlTemplate\":\"https:\\\/\\\/www.tetrachim.com\\\/es\\\/?s={search_term_string}\"},\"query-input\":{\"@type\":\"PropertyValueSpecification\",\"valueRequired\":true,\"valueName\":\"search_term_string\"}}],\"inLanguage\":\"es\"},{\"@type\":\"Organization\",\"@id\":\"https:\\\/\\\/www.tetrachim.com\\\/es\\\/#organization\",\"name\":\"Tetrachim\",\"url\":\"https:\\\/\\\/www.tetrachim.com\\\/es\\\/\",\"logo\":{\"@type\":\"ImageObject\",\"inLanguage\":\"es\",\"@id\":\"https:\\\/\\\/www.tetrachim.com\\\/es\\\/#\\\/schema\\\/logo\\\/image\\\/\",\"url\":\"https:\\\/\\\/www.tetrachim.com\\\/wp-content\\\/uploads\\\/2020\\\/07\\\/logo-tetrachim.png\",\"contentUrl\":\"https:\\\/\\\/www.tetrachim.com\\\/wp-content\\\/uploads\\\/2020\\\/07\\\/logo-tetrachim.png\",\"width\":244,\"height\":51,\"caption\":\"Tetrachim\"},\"image\":{\"@id\":\"https:\\\/\\\/www.tetrachim.com\\\/es\\\/#\\\/schema\\\/logo\\\/image\\\/\"},\"sameAs\":[\"https:\\\/\\\/x.com\\\/Tetrachim\",\"https:\\\/\\\/www.linkedin.com\\\/company\\\/tetrachim\\\/\"]}]}<\/script>\n<!-- \/ Yoast SEO plugin. -->","yoast_head_json":{"title":"Loctite EDAG 423 SS - Tetrachim","robots":{"index":"index","follow":"follow","max-snippet":"max-snippet:-1","max-image-preview":"max-image-preview:large","max-video-preview":"max-video-preview:-1"},"canonical":"https:\/\/www.tetrachim.com\/es\/producto\/loctite-edag-423-ss\/","og_locale":"es_ES","og_type":"article","og_title":"Loctite EDAG 423 SS - Tetrachim","og_description":"La tinta conductiva serigr\u00e1fica LOCTITE EDAG 423SS E&amp;C est\u00e1 compuesta por part\u00edculas de grafito muy finamente divididas dispersas en una resina termopl\u00e1stica. Est\u00e1 dise\u00f1ada para su uso en la producci\u00f3n de circuitos de baja tensi\u00f3n sobre film de poli\u00e9ster.","og_url":"https:\/\/www.tetrachim.com\/es\/producto\/loctite-edag-423-ss\/","og_site_name":"Tetrachim","article_modified_time":"2026-05-13T13:48:26+00:00","og_image":[{"width":900,"height":900,"url":"https:\/\/www.tetrachim.com\/wp-content\/uploads\/2020\/11\/Loctite-edag-423ss-smallpack.jpg","type":"image\/jpeg"}],"twitter_card":"summary_large_image","twitter_site":"@Tetrachim","schema":{"@context":"https:\/\/schema.org","@graph":[{"@type":"WebPage","@id":"https:\/\/www.tetrachim.com\/es\/producto\/loctite-edag-423-ss\/","url":"https:\/\/www.tetrachim.com\/es\/producto\/loctite-edag-423-ss\/","name":"Loctite EDAG 423 SS - Tetrachim","isPartOf":{"@id":"https:\/\/www.tetrachim.com\/es\/#website"},"primaryImageOfPage":{"@id":"https:\/\/www.tetrachim.com\/es\/producto\/loctite-edag-423-ss\/#primaryimage"},"image":{"@id":"https:\/\/www.tetrachim.com\/es\/producto\/loctite-edag-423-ss\/#primaryimage"},"thumbnailUrl":"https:\/\/www.tetrachim.com\/wp-content\/uploads\/2020\/11\/Loctite-edag-423ss-smallpack.jpg","datePublished":"2020-11-13T11:11:35+00:00","dateModified":"2026-05-13T13:48:26+00:00","breadcrumb":{"@id":"https:\/\/www.tetrachim.com\/es\/producto\/loctite-edag-423-ss\/#breadcrumb"},"inLanguage":"es","potentialAction":[{"@type":"ReadAction","target":["https:\/\/www.tetrachim.com\/es\/producto\/loctite-edag-423-ss\/"]}]},{"@type":"ImageObject","inLanguage":"es","@id":"https:\/\/www.tetrachim.com\/es\/producto\/loctite-edag-423-ss\/#primaryimage","url":"https:\/\/www.tetrachim.com\/wp-content\/uploads\/2020\/11\/Loctite-edag-423ss-smallpack.jpg","contentUrl":"https:\/\/www.tetrachim.com\/wp-content\/uploads\/2020\/11\/Loctite-edag-423ss-smallpack.jpg","width":900,"height":900},{"@type":"BreadcrumbList","@id":"https:\/\/www.tetrachim.com\/es\/producto\/loctite-edag-423-ss\/#breadcrumb","itemListElement":[{"@type":"ListItem","position":1,"name":"","item":"https:\/\/www.tetrachim.com\/es\/"},{"@type":"ListItem","position":2,"name":"tienda","item":"https:\/\/www.tetrachim.com\/es\/tienda-2\/"},{"@type":"ListItem","position":3,"name":"Loctite EDAG 423 SS"}]},{"@type":"WebSite","@id":"https:\/\/www.tetrachim.com\/es\/#website","url":"https:\/\/www.tetrachim.com\/es\/","name":"Tetrachim","description":"Rev\u00eatements high-tech","publisher":{"@id":"https:\/\/www.tetrachim.com\/es\/#organization"},"potentialAction":[{"@type":"SearchAction","target":{"@type":"EntryPoint","urlTemplate":"https:\/\/www.tetrachim.com\/es\/?s={search_term_string}"},"query-input":{"@type":"PropertyValueSpecification","valueRequired":true,"valueName":"search_term_string"}}],"inLanguage":"es"},{"@type":"Organization","@id":"https:\/\/www.tetrachim.com\/es\/#organization","name":"Tetrachim","url":"https:\/\/www.tetrachim.com\/es\/","logo":{"@type":"ImageObject","inLanguage":"es","@id":"https:\/\/www.tetrachim.com\/es\/#\/schema\/logo\/image\/","url":"https:\/\/www.tetrachim.com\/wp-content\/uploads\/2020\/07\/logo-tetrachim.png","contentUrl":"https:\/\/www.tetrachim.com\/wp-content\/uploads\/2020\/07\/logo-tetrachim.png","width":244,"height":51,"caption":"Tetrachim"},"image":{"@id":"https:\/\/www.tetrachim.com\/es\/#\/schema\/logo\/image\/"},"sameAs":["https:\/\/x.com\/Tetrachim","https:\/\/www.linkedin.com\/company\/tetrachim\/"]}]}},"tiered_pricing_type":"fixed","tiered_pricing_fixed_rules":[],"tiered_pricing_product_settings":{"layout":"default","base_unit_name":{"singular":null,"plural":null},"default_variation":null},"tiered_pricing_minimum_quantity":null,"tiered_pricing_roles_data":[],"tiered_pricing_percentage_rules":[],"_links":{"self":[{"href":"https:\/\/www.tetrachim.com\/es\/wp-json\/wp\/v2\/product\/98382","targetHints":{"allow":["GET"]}}],"collection":[{"href":"https:\/\/www.tetrachim.com\/es\/wp-json\/wp\/v2\/product"}],"about":[{"href":"https:\/\/www.tetrachim.com\/es\/wp-json\/wp\/v2\/types\/product"}],"wp:featuredmedia":[{"embeddable":true,"href":"https:\/\/www.tetrachim.com\/es\/wp-json\/wp\/v2\/media\/89909"}],"wp:attachment":[{"href":"https:\/\/www.tetrachim.com\/es\/wp-json\/wp\/v2\/media?parent=98382"}],"wp:term":[{"taxonomy":"product_brand","embeddable":true,"href":"https:\/\/www.tetrachim.com\/es\/wp-json\/wp\/v2\/product_brand?post=98382"},{"taxonomy":"product_cat","embeddable":true,"href":"https:\/\/www.tetrachim.com\/es\/wp-json\/wp\/v2\/product_cat?post=98382"},{"taxonomy":"product_tag","embeddable":true,"href":"https:\/\/www.tetrachim.com\/es\/wp-json\/wp\/v2\/product_tag?post=98382"}],"curies":[{"name":"wp","href":"https:\/\/api.w.org\/{rel}","templated":true}]}}