{"id":98403,"date":"2020-11-13T12:13:09","date_gmt":"2020-11-13T11:13:09","guid":{"rendered":"https:\/\/www.tetrachim.com\/product\/loctite-m-2001-rs-ec\/"},"modified":"2026-04-19T04:11:12","modified_gmt":"2026-04-19T02:11:12","slug":"loctite-m-2001-rs-ec","status":"publish","type":"product","link":"https:\/\/www.tetrachim.com\/es\/producto\/loctite-m-2001-rs-ec\/","title":{"rendered":"Loctite M 2001 RS E&amp;C"},"content":{"rendered":"<p>La serie LOCTITE M 2000RS MOD2 E&amp;C est\u00e1 espec\u00edficamente dise\u00f1ada para la impresi\u00f3n de potenci\u00f3metros y resistencias en placas de circuito impreso. Las aplicaciones t\u00edpicas son resistencias y potenci\u00f3metros impresos. <\/p>\n","protected":false},"excerpt":{"rendered":"<p>Loctite\u00ae M 2001RS MOD2 E&amp;C es una tinta termoestable, serigrafiable, r\u00edgida y mezclada con plata\/carbono, mezclable para objetivos de resistencia espec\u00edficos.<\/p>\n","protected":false},"featured_media":95198,"template":"","meta":[],"product_brand":[],"product_cat":[362],"product_tag":[],"class_list":{"0":"post-98403","1":"product","2":"type-product","3":"status-publish","4":"has-post-thumbnail","6":"supplier-henkel-es","7":"market-automotive-es","8":"property-conductive-es","9":"product_cat-materiales-electronicos-loctite","10":"product_shipping_class-peligro","12":"first","13":"outofstock","14":"taxable","15":"shipping-taxable","16":"product-type-simple"},"yoast_head":"<!-- This site is optimized with the Yoast SEO plugin v27.4 - https:\/\/yoast.com\/product\/yoast-seo-wordpress\/ -->\n<title>Loctite M 2001 RS E&amp;C - Tetrachim<\/title>\n<meta name=\"robots\" content=\"index, follow, max-snippet:-1, max-image-preview:large, max-video-preview:-1\" \/>\n<link rel=\"canonical\" href=\"https:\/\/www.tetrachim.com\/es\/producto\/loctite-m-2001-rs-ec\/\" \/>\n<meta property=\"og:locale\" content=\"es_ES\" \/>\n<meta property=\"og:type\" content=\"article\" \/>\n<meta property=\"og:title\" content=\"Loctite M 2001 RS E&amp;C - Tetrachim\" \/>\n<meta property=\"og:description\" content=\"Loctite\u00ae M 2001RS MOD2 E&amp;C es una tinta termoestable, serigrafiable, r\u00edgida y mezclada con plata\/carbono, mezclable para objetivos de resistencia espec\u00edficos.\" \/>\n<meta property=\"og:url\" content=\"https:\/\/www.tetrachim.com\/es\/producto\/loctite-m-2001-rs-ec\/\" \/>\n<meta property=\"og:site_name\" content=\"Tetrachim\" \/>\n<meta property=\"article:modified_time\" content=\"2026-04-19T02:11:12+00:00\" \/>\n<meta property=\"og:image\" content=\"https:\/\/www.tetrachim.com\/wp-content\/uploads\/2022\/12\/packshot-indv-loctite-small-1024x1024.png\" \/>\n\t<meta property=\"og:image:width\" content=\"1024\" \/>\n\t<meta property=\"og:image:height\" content=\"1024\" \/>\n\t<meta property=\"og:image:type\" content=\"image\/png\" \/>\n<meta name=\"twitter:card\" content=\"summary_large_image\" \/>\n<meta name=\"twitter:site\" content=\"@Tetrachim\" \/>\n<script type=\"application\/ld+json\" class=\"yoast-schema-graph\">{\"@context\":\"https:\\\/\\\/schema.org\",\"@graph\":[{\"@type\":\"WebPage\",\"@id\":\"https:\\\/\\\/www.tetrachim.com\\\/es\\\/producto\\\/loctite-m-2001-rs-ec\\\/\",\"url\":\"https:\\\/\\\/www.tetrachim.com\\\/es\\\/producto\\\/loctite-m-2001-rs-ec\\\/\",\"name\":\"Loctite M 2001 RS E&amp;C - Tetrachim\",\"isPartOf\":{\"@id\":\"https:\\\/\\\/www.tetrachim.com\\\/es\\\/#website\"},\"primaryImageOfPage\":{\"@id\":\"https:\\\/\\\/www.tetrachim.com\\\/es\\\/producto\\\/loctite-m-2001-rs-ec\\\/#primaryimage\"},\"image\":{\"@id\":\"https:\\\/\\\/www.tetrachim.com\\\/es\\\/producto\\\/loctite-m-2001-rs-ec\\\/#primaryimage\"},\"thumbnailUrl\":\"https:\\\/\\\/www.tetrachim.com\\\/wp-content\\\/uploads\\\/2022\\\/12\\\/packshot-indv-loctite-small.png\",\"datePublished\":\"2020-11-13T11:13:09+00:00\",\"dateModified\":\"2026-04-19T02:11:12+00:00\",\"breadcrumb\":{\"@id\":\"https:\\\/\\\/www.tetrachim.com\\\/es\\\/producto\\\/loctite-m-2001-rs-ec\\\/#breadcrumb\"},\"inLanguage\":\"es\",\"potentialAction\":[{\"@type\":\"ReadAction\",\"target\":[\"https:\\\/\\\/www.tetrachim.com\\\/es\\\/producto\\\/loctite-m-2001-rs-ec\\\/\"]}]},{\"@type\":\"ImageObject\",\"inLanguage\":\"es\",\"@id\":\"https:\\\/\\\/www.tetrachim.com\\\/es\\\/producto\\\/loctite-m-2001-rs-ec\\\/#primaryimage\",\"url\":\"https:\\\/\\\/www.tetrachim.com\\\/wp-content\\\/uploads\\\/2022\\\/12\\\/packshot-indv-loctite-small.png\",\"contentUrl\":\"https:\\\/\\\/www.tetrachim.com\\\/wp-content\\\/uploads\\\/2022\\\/12\\\/packshot-indv-loctite-small.png\",\"width\":2700,\"height\":2700},{\"@type\":\"BreadcrumbList\",\"@id\":\"https:\\\/\\\/www.tetrachim.com\\\/es\\\/producto\\\/loctite-m-2001-rs-ec\\\/#breadcrumb\",\"itemListElement\":[{\"@type\":\"ListItem\",\"position\":1,\"name\":\"\",\"item\":\"https:\\\/\\\/www.tetrachim.com\\\/es\\\/\"},{\"@type\":\"ListItem\",\"position\":2,\"name\":\"tienda\",\"item\":\"https:\\\/\\\/www.tetrachim.com\\\/es\\\/tienda-2\\\/\"},{\"@type\":\"ListItem\",\"position\":3,\"name\":\"Loctite M 2001 RS E&amp;C\"}]},{\"@type\":\"WebSite\",\"@id\":\"https:\\\/\\\/www.tetrachim.com\\\/es\\\/#website\",\"url\":\"https:\\\/\\\/www.tetrachim.com\\\/es\\\/\",\"name\":\"Tetrachim\",\"description\":\"Rev\u00eatements high-tech\",\"publisher\":{\"@id\":\"https:\\\/\\\/www.tetrachim.com\\\/es\\\/#organization\"},\"potentialAction\":[{\"@type\":\"SearchAction\",\"target\":{\"@type\":\"EntryPoint\",\"urlTemplate\":\"https:\\\/\\\/www.tetrachim.com\\\/es\\\/?s={search_term_string}\"},\"query-input\":{\"@type\":\"PropertyValueSpecification\",\"valueRequired\":true,\"valueName\":\"search_term_string\"}}],\"inLanguage\":\"es\"},{\"@type\":\"Organization\",\"@id\":\"https:\\\/\\\/www.tetrachim.com\\\/es\\\/#organization\",\"name\":\"Tetrachim\",\"url\":\"https:\\\/\\\/www.tetrachim.com\\\/es\\\/\",\"logo\":{\"@type\":\"ImageObject\",\"inLanguage\":\"es\",\"@id\":\"https:\\\/\\\/www.tetrachim.com\\\/es\\\/#\\\/schema\\\/logo\\\/image\\\/\",\"url\":\"https:\\\/\\\/www.tetrachim.com\\\/wp-content\\\/uploads\\\/2020\\\/07\\\/logo-tetrachim.png\",\"contentUrl\":\"https:\\\/\\\/www.tetrachim.com\\\/wp-content\\\/uploads\\\/2020\\\/07\\\/logo-tetrachim.png\",\"width\":244,\"height\":51,\"caption\":\"Tetrachim\"},\"image\":{\"@id\":\"https:\\\/\\\/www.tetrachim.com\\\/es\\\/#\\\/schema\\\/logo\\\/image\\\/\"},\"sameAs\":[\"https:\\\/\\\/x.com\\\/Tetrachim\",\"https:\\\/\\\/www.linkedin.com\\\/company\\\/tetrachim\\\/\"]}]}<\/script>\n<!-- \/ Yoast SEO plugin. -->","yoast_head_json":{"title":"Loctite M 2001 RS E&amp;C - Tetrachim","robots":{"index":"index","follow":"follow","max-snippet":"max-snippet:-1","max-image-preview":"max-image-preview:large","max-video-preview":"max-video-preview:-1"},"canonical":"https:\/\/www.tetrachim.com\/es\/producto\/loctite-m-2001-rs-ec\/","og_locale":"es_ES","og_type":"article","og_title":"Loctite M 2001 RS E&amp;C - Tetrachim","og_description":"Loctite\u00ae M 2001RS MOD2 E&amp;C es una tinta termoestable, serigrafiable, r\u00edgida y mezclada con plata\/carbono, mezclable para objetivos de resistencia espec\u00edficos.","og_url":"https:\/\/www.tetrachim.com\/es\/producto\/loctite-m-2001-rs-ec\/","og_site_name":"Tetrachim","article_modified_time":"2026-04-19T02:11:12+00:00","og_image":[{"width":1024,"height":1024,"url":"https:\/\/www.tetrachim.com\/wp-content\/uploads\/2022\/12\/packshot-indv-loctite-small-1024x1024.png","type":"image\/png"}],"twitter_card":"summary_large_image","twitter_site":"@Tetrachim","schema":{"@context":"https:\/\/schema.org","@graph":[{"@type":"WebPage","@id":"https:\/\/www.tetrachim.com\/es\/producto\/loctite-m-2001-rs-ec\/","url":"https:\/\/www.tetrachim.com\/es\/producto\/loctite-m-2001-rs-ec\/","name":"Loctite M 2001 RS E&amp;C - Tetrachim","isPartOf":{"@id":"https:\/\/www.tetrachim.com\/es\/#website"},"primaryImageOfPage":{"@id":"https:\/\/www.tetrachim.com\/es\/producto\/loctite-m-2001-rs-ec\/#primaryimage"},"image":{"@id":"https:\/\/www.tetrachim.com\/es\/producto\/loctite-m-2001-rs-ec\/#primaryimage"},"thumbnailUrl":"https:\/\/www.tetrachim.com\/wp-content\/uploads\/2022\/12\/packshot-indv-loctite-small.png","datePublished":"2020-11-13T11:13:09+00:00","dateModified":"2026-04-19T02:11:12+00:00","breadcrumb":{"@id":"https:\/\/www.tetrachim.com\/es\/producto\/loctite-m-2001-rs-ec\/#breadcrumb"},"inLanguage":"es","potentialAction":[{"@type":"ReadAction","target":["https:\/\/www.tetrachim.com\/es\/producto\/loctite-m-2001-rs-ec\/"]}]},{"@type":"ImageObject","inLanguage":"es","@id":"https:\/\/www.tetrachim.com\/es\/producto\/loctite-m-2001-rs-ec\/#primaryimage","url":"https:\/\/www.tetrachim.com\/wp-content\/uploads\/2022\/12\/packshot-indv-loctite-small.png","contentUrl":"https:\/\/www.tetrachim.com\/wp-content\/uploads\/2022\/12\/packshot-indv-loctite-small.png","width":2700,"height":2700},{"@type":"BreadcrumbList","@id":"https:\/\/www.tetrachim.com\/es\/producto\/loctite-m-2001-rs-ec\/#breadcrumb","itemListElement":[{"@type":"ListItem","position":1,"name":"","item":"https:\/\/www.tetrachim.com\/es\/"},{"@type":"ListItem","position":2,"name":"tienda","item":"https:\/\/www.tetrachim.com\/es\/tienda-2\/"},{"@type":"ListItem","position":3,"name":"Loctite M 2001 RS E&amp;C"}]},{"@type":"WebSite","@id":"https:\/\/www.tetrachim.com\/es\/#website","url":"https:\/\/www.tetrachim.com\/es\/","name":"Tetrachim","description":"Rev\u00eatements high-tech","publisher":{"@id":"https:\/\/www.tetrachim.com\/es\/#organization"},"potentialAction":[{"@type":"SearchAction","target":{"@type":"EntryPoint","urlTemplate":"https:\/\/www.tetrachim.com\/es\/?s={search_term_string}"},"query-input":{"@type":"PropertyValueSpecification","valueRequired":true,"valueName":"search_term_string"}}],"inLanguage":"es"},{"@type":"Organization","@id":"https:\/\/www.tetrachim.com\/es\/#organization","name":"Tetrachim","url":"https:\/\/www.tetrachim.com\/es\/","logo":{"@type":"ImageObject","inLanguage":"es","@id":"https:\/\/www.tetrachim.com\/es\/#\/schema\/logo\/image\/","url":"https:\/\/www.tetrachim.com\/wp-content\/uploads\/2020\/07\/logo-tetrachim.png","contentUrl":"https:\/\/www.tetrachim.com\/wp-content\/uploads\/2020\/07\/logo-tetrachim.png","width":244,"height":51,"caption":"Tetrachim"},"image":{"@id":"https:\/\/www.tetrachim.com\/es\/#\/schema\/logo\/image\/"},"sameAs":["https:\/\/x.com\/Tetrachim","https:\/\/www.linkedin.com\/company\/tetrachim\/"]}]}},"tiered_pricing_type":"fixed","tiered_pricing_fixed_rules":[],"tiered_pricing_product_settings":{"layout":"default","base_unit_name":{"singular":null,"plural":null},"default_variation":null},"tiered_pricing_minimum_quantity":null,"tiered_pricing_roles_data":[],"tiered_pricing_percentage_rules":[],"_links":{"self":[{"href":"https:\/\/www.tetrachim.com\/es\/wp-json\/wp\/v2\/product\/98403","targetHints":{"allow":["GET"]}}],"collection":[{"href":"https:\/\/www.tetrachim.com\/es\/wp-json\/wp\/v2\/product"}],"about":[{"href":"https:\/\/www.tetrachim.com\/es\/wp-json\/wp\/v2\/types\/product"}],"wp:featuredmedia":[{"embeddable":true,"href":"https:\/\/www.tetrachim.com\/es\/wp-json\/wp\/v2\/media\/95198"}],"wp:attachment":[{"href":"https:\/\/www.tetrachim.com\/es\/wp-json\/wp\/v2\/media?parent=98403"}],"wp:term":[{"taxonomy":"product_brand","embeddable":true,"href":"https:\/\/www.tetrachim.com\/es\/wp-json\/wp\/v2\/product_brand?post=98403"},{"taxonomy":"product_cat","embeddable":true,"href":"https:\/\/www.tetrachim.com\/es\/wp-json\/wp\/v2\/product_cat?post=98403"},{"taxonomy":"product_tag","embeddable":true,"href":"https:\/\/www.tetrachim.com\/es\/wp-json\/wp\/v2\/product_tag?post=98403"}],"curies":[{"name":"wp","href":"https:\/\/api.w.org\/{rel}","templated":true}]}}