{"id":98462,"date":"2020-11-13T22:13:43","date_gmt":"2020-11-13T21:13:43","guid":{"rendered":"https:\/\/www.tetrachim.com\/product\/532g-9410-acabado-pfa-polvo-transparente\/"},"modified":"2026-04-18T22:10:03","modified_gmt":"2026-04-18T20:10:03","slug":"532g-9410-acabado-pfa-polvo-transparente","status":"publish","type":"product","link":"https:\/\/www.tetrachim.com\/es\/producto\/532g-9410-acabado-pfa-polvo-transparente\/","title":{"rendered":"532G-9410 Acabado PFA polvo Transparente"},"content":{"rendered":"<p>Los revestimientos antiadherentes de PFA (perfluoroalcoxi) se funden y fluyen durante el horneado para proporcionar pel\u00edculas no porosas. El PFA ofrece las ventajas adicionales de una mayor temperatura de uso continuo (260\u00b0C), espesores de pel\u00edcula de hasta 1000 \u00b5m y mayor tenacidad que el PTFE o el FEP. Esta combinaci\u00f3n de propiedades hace del PFA una opci\u00f3n excelente para una amplia variedad de usos, especialmente los que implican resistencia qu\u00edmica.  <\/p>\n","protected":false},"excerpt":{"rendered":"<p>Los polvos de PFA ofrecen una extraordinaria resistencia a la temperatura, una excelente liberaci\u00f3n y una alta resistencia a la abrasi\u00f3n. El peso molecular (MW) del polvo influye en la resistencia a las propiedades mec\u00e1nicas y\/o t\u00e9rmicas; cuanto mayor sea el MW, mayor ser\u00e1 la resistencia del pol\u00edmero a la fatiga y al agrietamiento por tensi\u00f3n. El \u00edndice de fluidez (MFR) del polvo influye en la metodolog\u00eda de aplicaci\u00f3n: cuanto mayor sea el MFR, mejor ser\u00e1 la fluidez y m\u00e1s lisa ser\u00e1 la pel\u00edcula.  <\/p>\n","protected":false},"featured_media":87467,"template":"","meta":[],"product_brand":[],"product_cat":[358],"product_tag":[],"class_list":{"0":"post-98462","1":"product","2":"type-product","3":"status-publish","4":"has-post-thumbnail","6":"supplier-chemours-es","7":"market-food-industrial-bakeware-es","8":"property-corrosion-resistance-es","9":"property-abrasion-resistance-es","10":"property-temperature-resistance-es","11":"property-non-stick-properties-es","12":"product_cat-teflon-recubrimientos-industriales","14":"first","15":"onbackorder","16":"taxable","17":"shipping-taxable","18":"purchasable","19":"product-type-simple"},"yoast_head":"<!-- This site is optimized with the Yoast SEO plugin v27.4 - https:\/\/yoast.com\/product\/yoast-seo-wordpress\/ -->\n<title>532G-9410 Acabado PFA polvo Transparente - Tetrachim<\/title>\n<meta name=\"robots\" content=\"index, follow, max-snippet:-1, max-image-preview:large, max-video-preview:-1\" \/>\n<link rel=\"canonical\" href=\"https:\/\/www.tetrachim.com\/es\/producto\/532g-9410-acabado-pfa-polvo-transparente\/\" \/>\n<meta property=\"og:locale\" content=\"es_ES\" \/>\n<meta property=\"og:type\" content=\"article\" \/>\n<meta property=\"og:title\" content=\"532G-9410 Acabado PFA polvo Transparente - Tetrachim\" \/>\n<meta property=\"og:description\" content=\"Los polvos de PFA ofrecen una extraordinaria resistencia a la temperatura, una excelente liberaci\u00f3n y una alta resistencia a la abrasi\u00f3n. El peso molecular (MW) del polvo influye en la resistencia a las propiedades mec\u00e1nicas y\/o t\u00e9rmicas; cuanto mayor sea el MW, mayor ser\u00e1 la resistencia del pol\u00edmero a la fatiga y al agrietamiento por tensi\u00f3n. El \u00edndice de fluidez (MFR) del polvo influye en la metodolog\u00eda de aplicaci\u00f3n: cuanto mayor sea el MFR, mejor ser\u00e1 la fluidez y m\u00e1s lisa ser\u00e1 la pel\u00edcula.\" \/>\n<meta property=\"og:url\" content=\"https:\/\/www.tetrachim.com\/es\/producto\/532g-9410-acabado-pfa-polvo-transparente\/\" \/>\n<meta property=\"og:site_name\" content=\"Tetrachim\" \/>\n<meta property=\"article:modified_time\" content=\"2026-04-18T20:10:03+00:00\" \/>\n<meta property=\"og:image\" content=\"https:\/\/www.tetrachim.com\/wp-content\/uploads\/2020\/09\/Packpowderpaint.jpg\" \/>\n\t<meta property=\"og:image:width\" content=\"900\" \/>\n\t<meta property=\"og:image:height\" content=\"900\" \/>\n\t<meta property=\"og:image:type\" content=\"image\/jpeg\" \/>\n<meta name=\"twitter:card\" content=\"summary_large_image\" \/>\n<meta name=\"twitter:site\" content=\"@Tetrachim\" \/>\n<script type=\"application\/ld+json\" class=\"yoast-schema-graph\">{\"@context\":\"https:\\\/\\\/schema.org\",\"@graph\":[{\"@type\":\"WebPage\",\"@id\":\"https:\\\/\\\/www.tetrachim.com\\\/es\\\/producto\\\/532g-9410-acabado-pfa-polvo-transparente\\\/\",\"url\":\"https:\\\/\\\/www.tetrachim.com\\\/es\\\/producto\\\/532g-9410-acabado-pfa-polvo-transparente\\\/\",\"name\":\"532G-9410 Acabado PFA polvo Transparente - Tetrachim\",\"isPartOf\":{\"@id\":\"https:\\\/\\\/www.tetrachim.com\\\/es\\\/#website\"},\"primaryImageOfPage\":{\"@id\":\"https:\\\/\\\/www.tetrachim.com\\\/es\\\/producto\\\/532g-9410-acabado-pfa-polvo-transparente\\\/#primaryimage\"},\"image\":{\"@id\":\"https:\\\/\\\/www.tetrachim.com\\\/es\\\/producto\\\/532g-9410-acabado-pfa-polvo-transparente\\\/#primaryimage\"},\"thumbnailUrl\":\"https:\\\/\\\/www.tetrachim.com\\\/wp-content\\\/uploads\\\/2020\\\/09\\\/Packpowderpaint.jpg\",\"datePublished\":\"2020-11-13T21:13:43+00:00\",\"dateModified\":\"2026-04-18T20:10:03+00:00\",\"breadcrumb\":{\"@id\":\"https:\\\/\\\/www.tetrachim.com\\\/es\\\/producto\\\/532g-9410-acabado-pfa-polvo-transparente\\\/#breadcrumb\"},\"inLanguage\":\"es\",\"potentialAction\":[{\"@type\":\"ReadAction\",\"target\":[\"https:\\\/\\\/www.tetrachim.com\\\/es\\\/producto\\\/532g-9410-acabado-pfa-polvo-transparente\\\/\"]}]},{\"@type\":\"ImageObject\",\"inLanguage\":\"es\",\"@id\":\"https:\\\/\\\/www.tetrachim.com\\\/es\\\/producto\\\/532g-9410-acabado-pfa-polvo-transparente\\\/#primaryimage\",\"url\":\"https:\\\/\\\/www.tetrachim.com\\\/wp-content\\\/uploads\\\/2020\\\/09\\\/Packpowderpaint.jpg\",\"contentUrl\":\"https:\\\/\\\/www.tetrachim.com\\\/wp-content\\\/uploads\\\/2020\\\/09\\\/Packpowderpaint.jpg\",\"width\":900,\"height\":900},{\"@type\":\"BreadcrumbList\",\"@id\":\"https:\\\/\\\/www.tetrachim.com\\\/es\\\/producto\\\/532g-9410-acabado-pfa-polvo-transparente\\\/#breadcrumb\",\"itemListElement\":[{\"@type\":\"ListItem\",\"position\":1,\"name\":\"\",\"item\":\"https:\\\/\\\/www.tetrachim.com\\\/es\\\/\"},{\"@type\":\"ListItem\",\"position\":2,\"name\":\"tienda\",\"item\":\"https:\\\/\\\/www.tetrachim.com\\\/es\\\/tienda-2\\\/\"},{\"@type\":\"ListItem\",\"position\":3,\"name\":\"532G-9410 Acabado PFA polvo Transparente\"}]},{\"@type\":\"WebSite\",\"@id\":\"https:\\\/\\\/www.tetrachim.com\\\/es\\\/#website\",\"url\":\"https:\\\/\\\/www.tetrachim.com\\\/es\\\/\",\"name\":\"Tetrachim\",\"description\":\"Rev\u00eatements high-tech\",\"publisher\":{\"@id\":\"https:\\\/\\\/www.tetrachim.com\\\/es\\\/#organization\"},\"potentialAction\":[{\"@type\":\"SearchAction\",\"target\":{\"@type\":\"EntryPoint\",\"urlTemplate\":\"https:\\\/\\\/www.tetrachim.com\\\/es\\\/?s={search_term_string}\"},\"query-input\":{\"@type\":\"PropertyValueSpecification\",\"valueRequired\":true,\"valueName\":\"search_term_string\"}}],\"inLanguage\":\"es\"},{\"@type\":\"Organization\",\"@id\":\"https:\\\/\\\/www.tetrachim.com\\\/es\\\/#organization\",\"name\":\"Tetrachim\",\"url\":\"https:\\\/\\\/www.tetrachim.com\\\/es\\\/\",\"logo\":{\"@type\":\"ImageObject\",\"inLanguage\":\"es\",\"@id\":\"https:\\\/\\\/www.tetrachim.com\\\/es\\\/#\\\/schema\\\/logo\\\/image\\\/\",\"url\":\"https:\\\/\\\/www.tetrachim.com\\\/wp-content\\\/uploads\\\/2020\\\/07\\\/logo-tetrachim.png\",\"contentUrl\":\"https:\\\/\\\/www.tetrachim.com\\\/wp-content\\\/uploads\\\/2020\\\/07\\\/logo-tetrachim.png\",\"width\":244,\"height\":51,\"caption\":\"Tetrachim\"},\"image\":{\"@id\":\"https:\\\/\\\/www.tetrachim.com\\\/es\\\/#\\\/schema\\\/logo\\\/image\\\/\"},\"sameAs\":[\"https:\\\/\\\/x.com\\\/Tetrachim\",\"https:\\\/\\\/www.linkedin.com\\\/company\\\/tetrachim\\\/\"]}]}<\/script>\n<!-- \/ Yoast SEO plugin. -->","yoast_head_json":{"title":"532G-9410 Acabado PFA polvo Transparente - Tetrachim","robots":{"index":"index","follow":"follow","max-snippet":"max-snippet:-1","max-image-preview":"max-image-preview:large","max-video-preview":"max-video-preview:-1"},"canonical":"https:\/\/www.tetrachim.com\/es\/producto\/532g-9410-acabado-pfa-polvo-transparente\/","og_locale":"es_ES","og_type":"article","og_title":"532G-9410 Acabado PFA polvo Transparente - Tetrachim","og_description":"Los polvos de PFA ofrecen una extraordinaria resistencia a la temperatura, una excelente liberaci\u00f3n y una alta resistencia a la abrasi\u00f3n. El peso molecular (MW) del polvo influye en la resistencia a las propiedades mec\u00e1nicas y\/o t\u00e9rmicas; cuanto mayor sea el MW, mayor ser\u00e1 la resistencia del pol\u00edmero a la fatiga y al agrietamiento por tensi\u00f3n. El \u00edndice de fluidez (MFR) del polvo influye en la metodolog\u00eda de aplicaci\u00f3n: cuanto mayor sea el MFR, mejor ser\u00e1 la fluidez y m\u00e1s lisa ser\u00e1 la pel\u00edcula.","og_url":"https:\/\/www.tetrachim.com\/es\/producto\/532g-9410-acabado-pfa-polvo-transparente\/","og_site_name":"Tetrachim","article_modified_time":"2026-04-18T20:10:03+00:00","og_image":[{"width":900,"height":900,"url":"https:\/\/www.tetrachim.com\/wp-content\/uploads\/2020\/09\/Packpowderpaint.jpg","type":"image\/jpeg"}],"twitter_card":"summary_large_image","twitter_site":"@Tetrachim","schema":{"@context":"https:\/\/schema.org","@graph":[{"@type":"WebPage","@id":"https:\/\/www.tetrachim.com\/es\/producto\/532g-9410-acabado-pfa-polvo-transparente\/","url":"https:\/\/www.tetrachim.com\/es\/producto\/532g-9410-acabado-pfa-polvo-transparente\/","name":"532G-9410 Acabado PFA polvo Transparente - Tetrachim","isPartOf":{"@id":"https:\/\/www.tetrachim.com\/es\/#website"},"primaryImageOfPage":{"@id":"https:\/\/www.tetrachim.com\/es\/producto\/532g-9410-acabado-pfa-polvo-transparente\/#primaryimage"},"image":{"@id":"https:\/\/www.tetrachim.com\/es\/producto\/532g-9410-acabado-pfa-polvo-transparente\/#primaryimage"},"thumbnailUrl":"https:\/\/www.tetrachim.com\/wp-content\/uploads\/2020\/09\/Packpowderpaint.jpg","datePublished":"2020-11-13T21:13:43+00:00","dateModified":"2026-04-18T20:10:03+00:00","breadcrumb":{"@id":"https:\/\/www.tetrachim.com\/es\/producto\/532g-9410-acabado-pfa-polvo-transparente\/#breadcrumb"},"inLanguage":"es","potentialAction":[{"@type":"ReadAction","target":["https:\/\/www.tetrachim.com\/es\/producto\/532g-9410-acabado-pfa-polvo-transparente\/"]}]},{"@type":"ImageObject","inLanguage":"es","@id":"https:\/\/www.tetrachim.com\/es\/producto\/532g-9410-acabado-pfa-polvo-transparente\/#primaryimage","url":"https:\/\/www.tetrachim.com\/wp-content\/uploads\/2020\/09\/Packpowderpaint.jpg","contentUrl":"https:\/\/www.tetrachim.com\/wp-content\/uploads\/2020\/09\/Packpowderpaint.jpg","width":900,"height":900},{"@type":"BreadcrumbList","@id":"https:\/\/www.tetrachim.com\/es\/producto\/532g-9410-acabado-pfa-polvo-transparente\/#breadcrumb","itemListElement":[{"@type":"ListItem","position":1,"name":"","item":"https:\/\/www.tetrachim.com\/es\/"},{"@type":"ListItem","position":2,"name":"tienda","item":"https:\/\/www.tetrachim.com\/es\/tienda-2\/"},{"@type":"ListItem","position":3,"name":"532G-9410 Acabado PFA polvo Transparente"}]},{"@type":"WebSite","@id":"https:\/\/www.tetrachim.com\/es\/#website","url":"https:\/\/www.tetrachim.com\/es\/","name":"Tetrachim","description":"Rev\u00eatements high-tech","publisher":{"@id":"https:\/\/www.tetrachim.com\/es\/#organization"},"potentialAction":[{"@type":"SearchAction","target":{"@type":"EntryPoint","urlTemplate":"https:\/\/www.tetrachim.com\/es\/?s={search_term_string}"},"query-input":{"@type":"PropertyValueSpecification","valueRequired":true,"valueName":"search_term_string"}}],"inLanguage":"es"},{"@type":"Organization","@id":"https:\/\/www.tetrachim.com\/es\/#organization","name":"Tetrachim","url":"https:\/\/www.tetrachim.com\/es\/","logo":{"@type":"ImageObject","inLanguage":"es","@id":"https:\/\/www.tetrachim.com\/es\/#\/schema\/logo\/image\/","url":"https:\/\/www.tetrachim.com\/wp-content\/uploads\/2020\/07\/logo-tetrachim.png","contentUrl":"https:\/\/www.tetrachim.com\/wp-content\/uploads\/2020\/07\/logo-tetrachim.png","width":244,"height":51,"caption":"Tetrachim"},"image":{"@id":"https:\/\/www.tetrachim.com\/es\/#\/schema\/logo\/image\/"},"sameAs":["https:\/\/x.com\/Tetrachim","https:\/\/www.linkedin.com\/company\/tetrachim\/"]}]}},"tiered_pricing_type":"fixed","tiered_pricing_fixed_rules":[],"tiered_pricing_product_settings":{"layout":"default","base_unit_name":{"singular":null,"plural":null},"default_variation":null},"tiered_pricing_minimum_quantity":null,"tiered_pricing_roles_data":[],"tiered_pricing_percentage_rules":[],"_links":{"self":[{"href":"https:\/\/www.tetrachim.com\/es\/wp-json\/wp\/v2\/product\/98462","targetHints":{"allow":["GET"]}}],"collection":[{"href":"https:\/\/www.tetrachim.com\/es\/wp-json\/wp\/v2\/product"}],"about":[{"href":"https:\/\/www.tetrachim.com\/es\/wp-json\/wp\/v2\/types\/product"}],"wp:featuredmedia":[{"embeddable":true,"href":"https:\/\/www.tetrachim.com\/es\/wp-json\/wp\/v2\/media\/87467"}],"wp:attachment":[{"href":"https:\/\/www.tetrachim.com\/es\/wp-json\/wp\/v2\/media?parent=98462"}],"wp:term":[{"taxonomy":"product_brand","embeddable":true,"href":"https:\/\/www.tetrachim.com\/es\/wp-json\/wp\/v2\/product_brand?post=98462"},{"taxonomy":"product_cat","embeddable":true,"href":"https:\/\/www.tetrachim.com\/es\/wp-json\/wp\/v2\/product_cat?post=98462"},{"taxonomy":"product_tag","embeddable":true,"href":"https:\/\/www.tetrachim.com\/es\/wp-json\/wp\/v2\/product_tag?post=98462"}],"curies":[{"name":"wp","href":"https:\/\/api.w.org\/{rel}","templated":true}]}}