{"id":93184,"date":"2021-04-30T15:43:15","date_gmt":"2021-04-30T13:43:15","guid":{"rendered":"http:\/\/www.tetrachim.com\/qui-nous-sommes-notre-equipe\/"},"modified":"2026-03-03T14:35:51","modified_gmt":"2026-03-03T13:35:51","slug":"qui-nous-sommes-notre-equipe","status":"publish","type":"page","link":"https:\/\/www.tetrachim.com\/fr\/qui-nous-sommes-notre-equipe\/","title":{"rendered":"Qui sommes-nous: notre \u00e9quipe"},"content":{"rendered":"<div class=\"wpb-content-wrapper\"><p>[vc_row unlock_row_content=\u00a0\u00bbyes\u00a0\u00bb row_height_percent=\u00a0\u00bb0&Prime; override_padding=\u00a0\u00bbyes\u00a0\u00bb h_padding=\u00a0\u00bb0&Prime; top_padding=\u00a0\u00bb0&Prime; bottom_padding=\u00a0\u00bb0&Prime; back_image=\u00a0\u00bb83397&Prime; overlay_alpha=\u00a0\u00bb50&Prime; gutter_size=\u00a0\u00bb3&Prime; column_width_percent=\u00a0\u00bb100&Prime; shift_y=\u00a0\u00bb0&Prime; z_index=\u00a0\u00bb0&Prime; row_height_pixel=\u00a0\u00bb200px\u00a0\u00bb el_id=\u00a0\u00bbbandeau-page\u00a0\u00bb front_end_with_slider=\u00a0\u00bbtrue\u00a0\u00bb][vc_column column_width_percent=\u00a0\u00bb100&Prime; position_vertical=\u00a0\u00bbmiddle\u00a0\u00bb gutter_size=\u00a0\u00bb3&Prime; override_padding=\u00a0\u00bbyes\u00a0\u00bb column_padding=\u00a0\u00bb0&Prime; overlay_alpha=\u00a0\u00bb50&Prime; shift_x=\u00a0\u00bb0&Prime; shift_y=\u00a0\u00bb0&Prime; shift_y_down=\u00a0\u00bb0&Prime; z_index=\u00a0\u00bb0&Prime; medium_width=\u00a0\u00bb0&Prime; mobile_width=\u00a0\u00bb0&Prime; width=\u00a0\u00bb1\/1&Prime;][vc_row_inner row_inner_height_percent=\u00a0\u00bb100&Prime; back_image=\u00a0\u00bb85629&Prime; back_position=\u00a0\u00bbleft center\u00a0\u00bb overlay_alpha=\u00a0\u00bb50&Prime; equal_height=\u00a0\u00bbyes\u00a0\u00bb gutter_size=\u00a0\u00bb3&Prime; shift_y=\u00a0\u00bb0&Prime; z_index=\u00a0\u00bb0&Prime; back_size=\u00a0\u00bbauto 100%\u00a0\u00bb el_class=\u00a0\u00bbrangee-reduite-plus\u00a0\u00bb row_height_pixel=\u00a0\u00bb200px\u00a0\u00bb limit_content=\u00a0\u00bb\u00a0\u00bb][vc_column_inner column_width_percent=\u00a0\u00bb66&Prime; position_horizontal=\u00a0\u00bbleft\u00a0\u00bb position_vertical=\u00a0\u00bbmiddle\u00a0\u00bb gutter_size=\u00a0\u00bb3&Prime; overlay_alpha=\u00a0\u00bb50&Prime; shift_x=\u00a0\u00bb0&Prime; shift_y=\u00a0\u00bb0&Prime; shift_y_down=\u00a0\u00bb0&Prime; z_index=\u00a0\u00bb0&Prime; medium_width=\u00a0\u00bb0&Prime; mobile_width=\u00a0\u00bb0&Prime; width=\u00a0\u00bb1\/1&Prime;][vc_custom_heading text_color=\u00a0\u00bbcolor-889485&Prime; heading_semantic=\u00a0\u00bbh1&Prime; text_font=\u00a0\u00bbfont-112492&Prime; css_animation=\u00a0\u00bbleft-t-right\u00a0\u00bb]Notre <strong>\u00e9quipe<\/strong>[\/vc_custom_heading][vc_column_text css_animation=\u00a0\u00bbleft-t-right\u00a0\u00bb animation_delay=\u00a0\u00bb200&Prime;]<span><span><a href=\"https:\/\/www.tetrachim.com\/fr\/\"><i class=\"menu-icon fa fa-home3\"><\/i><\/a><\/span><\/span>[\/vc_column_text][\/vc_column_inner][\/vc_row_inner][vc_single_image media=\u00a0\u00bb87169&Prime; media_width_use_pixel=\u00a0\u00bbyes\u00a0\u00bb alignment=\u00a0\u00bbright\u00a0\u00bb shadow=\u00a0\u00bbyes\u00a0\u00bb shadow_weight=\u00a0\u00bblg\u00a0\u00bb css_animation=\u00a0\u00bbright-t-left\u00a0\u00bb animation_speed=\u00a0\u00bb400&Prime; media_width_pixel=\u00a0\u00bb560&Prime;][\/vc_column][\/vc_row][vc_section back_image=\u00a0\u00bb85635&Prime; back_repeat=\u00a0\u00bbno-repeat\u00a0\u00bb back_position=\u00a0\u00bbright bottom\u00a0\u00bb overlay_alpha=\u00a0\u00bb50&Prime; el_class=\u00a0\u00bbsection-fleche\u00a0\u00bb back_size=\u00a0\u00bb260px auto\u00a0\u00bb][vc_row unlock_row_content=\u00a0\u00bbyes\u00a0\u00bb row_height_percent=\u00a0\u00bb0&Prime; override_padding=\u00a0\u00bbyes\u00a0\u00bb h_padding=\u00a0\u00bb2&Prime; top_padding=\u00a0\u00bb0&Prime; bottom_padding=\u00a0\u00bb0&Prime; overlay_alpha=\u00a0\u00bb50&Prime; gutter_size=\u00a0\u00bb0&Prime; column_width_percent=\u00a0\u00bb100&Prime; shift_y=\u00a0\u00bb0&Prime; z_index=\u00a0\u00bb0&Prime; el_class=\u00a0\u00bbentete-decale\u00a0\u00bb el_id=\u00a0\u00bbbloc-entete-galerie-team\u00a0\u00bb][vc_column column_width_use_pixel=\u00a0\u00bbyes\u00a0\u00bb position_horizontal=\u00a0\u00bbleft\u00a0\u00bb position_vertical=\u00a0\u00bbmiddle\u00a0\u00bb gutter_size=\u00a0\u00bb3&Prime; style=\u00a0\u00bbdark\u00a0\u00bb back_color=\u00a0\u00bbcolor-112481&Prime; overlay_alpha=\u00a0\u00bb50&Prime; shift_x=\u00a0\u00bb0&Prime; shift_y=\u00a0\u00bb0&Prime; shift_y_down=\u00a0\u00bb0&Prime; z_index=\u00a0\u00bb0&Prime; medium_width=\u00a0\u00bb0&Prime; mobile_width=\u00a0\u00bb0&Prime; css_animation=\u00a0\u00bbalpha-anim\u00a0\u00bb width=\u00a0\u00bb1\/4&Prime; column_width_pixel=\u00a0\u00bb800&Prime;][vc_custom_heading text_size=\u00a0\u00bbh3&Prime; sub_lead=\u00a0\u00bbyes\u00a0\u00bb css_animation=\u00a0\u00bbzoom-in\u00a0\u00bb subheading=\u00a0\u00bbAvec plus de 20 ans d&rsquo;exp\u00e9rience, nous sommes une \u00e9quipe multiculturelle \u00e0 votre service.\u00a0\u00bb]A propos de <strong>nous<\/strong>[\/vc_custom_heading][vc_button button_color=\u00a0\u00bbcolor-xsdn\u00a0\u00bb border_width=\u00a0\u00bb0&Prime; css_animation=\u00a0\u00bbleft-t-right\u00a0\u00bb animation_delay=\u00a0\u00bb200&Prime; link=\u00a0\u00bburl:http%3A%2F%2Ftetrachim.com%2Fcontact%2F|title:Contactez-nous|\u00a0\u00bb]Contactez-nous[\/vc_button][\/vc_column][vc_column column_width_use_pixel=\u00a0\u00bbyes\u00a0\u00bb position_horizontal=\u00a0\u00bbleft\u00a0\u00bb gutter_size=\u00a0\u00bb3&Prime; overlay_alpha=\u00a0\u00bb50&Prime; shift_x=\u00a0\u00bb-5&Prime; shift_y=\u00a0\u00bb4&Prime; shift_y_down=\u00a0\u00bb0&Prime; z_index=\u00a0\u00bb0&Prime; medium_width=\u00a0\u00bb0&Prime; mobile_width=\u00a0\u00bb0&Prime; css_animation=\u00a0\u00bbright-t-left\u00a0\u00bb animation_delay=\u00a0\u00bb400&Prime; width=\u00a0\u00bb3\/4&Prime; el_id=\u00a0\u00bbteam-gallery\u00a0\u00bb el_class=\u00a0\u00bbgalerie-decale\u00a0\u00bb column_width_pixel=\u00a0\u00bb1300&Prime;][vc_gallery el_id=\u00a0\u00bbgallery-3184624&Prime; type=\u00a0\u00bbcarousel\u00a0\u00bb medias=\u00a0\u00bb100806,100801,100811,101816,100826,100816,101356&Prime; carousel_lg=\u00a0\u00bb6&Prime; carousel_md=\u00a0\u00bb2&Prime; carousel_sm=\u00a0\u00bb2&Prime; gutter_size=\u00a0\u00bb3&Prime; media_items=\u00a0\u00bbmedia|nolink|original,title,sep-one|full,caption,description\u00a0\u00bb carousel_height=\u00a0\u00bbequal\u00a0\u00bb carousel_interval=\u00a0\u00bb3000&Prime; carousel_navspeed=\u00a0\u00bb400&Prime; carousel_dots=\u00a0\u00bbyes\u00a0\u00bb carousel_dots_mobile=\u00a0\u00bbyes\u00a0\u00bb stage_padding=\u00a0\u00bb0&Prime; single_text=\u00a0\u00bbunder\u00a0\u00bb single_back_color=\u00a0\u00bbcolor-xsdn\u00a0\u00bb single_shape=\u00a0\u00bbround\u00a0\u00bb single_overlay_color=\u00a0\u00bbcolor-889485&Prime; single_overlay_blend=\u00a0\u00bbcolor-dodge\u00a0\u00bb single_overlay_opacity=\u00a0\u00bb60&Prime; single_overlay_visible=\u00a0\u00bbyes\u00a0\u00bb single_image_coloration=\u00a0\u00bbdesaturated\u00a0\u00bb single_image_color_anim=\u00a0\u00bbyes\u00a0\u00bb single_h_align=\u00a0\u00bbcenter\u00a0\u00bb single_v_position=\u00a0\u00bbtop\u00a0\u00bb single_padding=\u00a0\u00bb1&Prime; single_title_dimension=\u00a0\u00bbfontsize-155944&Prime; single_shadow=\u00a0\u00bbyes\u00a0\u00bb shadow_weight=\u00a0\u00bbsm\u00a0\u00bb single_border=\u00a0\u00bbyes\u00a0\u00bb lbox_title=\u00a0\u00bbyes\u00a0\u00bb lbox_caption=\u00a0\u00bbyes\u00a0\u00bb carousel_rtl=\u00a0\u00bb\u00a0\u00bb single_half_padding=\u00a0\u00bbyes\u00a0\u00bb single_title_serif=\u00a0\u00bb\u00a0\u00bb single_no_background=\u00a0\u00bbyes\u00a0\u00bb items=\u00a0\u00bbeyIxMzc2M19pIjp7InNpbmdsZV9saW5rIjoidXJsOmh0dHA6Ly93d3cudW5kc2duLmNvbXx8dGFyZ2V0OiBfYmxhbmsifSwiMTM3NjlfaSI6eyJzaW5nbGVfbGluayI6InVybDpodHRwOi8vd3d3LnVuZHNnbi5jb218fHRhcmdldDogX2JsYW5rIn0sIjEzNzcwX2kiOnsic2luZ2xlX2xpbmsiOiJ1cmw6aHR0cDovL3d3dy51bmRzZ24uY29tfHx0YXJnZXQ6IF9ibGFuayJ9LCIxMzc2Nl9pIjp7InNpbmdsZV9saW5rIjoidXJsOmh0dHA6Ly93d3cudW5kc2duLmNvbXx8dGFyZ2V0OiBfYmxhbmsifX0=\u00a0\u00bb uncode_shortcode_id=\u00a0\u00bb118949&Prime;][\/vc_column][\/vc_row][vc_row row_height_percent=\u00a0\u00bb0&Prime; override_padding=\u00a0\u00bbyes\u00a0\u00bb h_padding=\u00a0\u00bb2&Prime; top_padding=\u00a0\u00bb2&Prime; bottom_padding=\u00a0\u00bb0&Prime; overlay_alpha=\u00a0\u00bb50&Prime; gutter_size=\u00a0\u00bb3&Prime; column_width_percent=\u00a0\u00bb100&Prime; shift_y=\u00a0\u00bb0&Prime; z_index=\u00a0\u00bb0&Prime; el_class=\u00a0\u00bbrangee-reduite\u00a0\u00bb][vc_column column_width_percent=\u00a0\u00bb100&Prime; align_horizontal=\u00a0\u00bbalign_center\u00a0\u00bb gutter_size=\u00a0\u00bb3&Prime; overlay_alpha=\u00a0\u00bb50&Prime; shift_x=\u00a0\u00bb0&Prime; shift_y=\u00a0\u00bb0&Prime; shift_y_down=\u00a0\u00bb0&Prime; z_index=\u00a0\u00bb0&Prime; medium_width=\u00a0\u00bb0&Prime; mobile_width=\u00a0\u00bb0&Prime; width=\u00a0\u00bb1\/1&Prime;][vc_custom_heading text_size=\u00a0\u00bbh3&Prime; sub_lead=\u00a0\u00bbyes\u00a0\u00bb css_animation=\u00a0\u00bbzoom-in\u00a0\u00bb subheading=\u00a0\u00bbNos valeurs guident notre fa\u00e7on de travailler au quotidien:\u00a0\u00bb]Nos <strong>valeurs<\/strong>[\/vc_custom_heading][\/vc_column][\/vc_row][vc_row row_height_percent=\u00a0\u00bb0&Prime; override_padding=\u00a0\u00bbyes\u00a0\u00bb h_padding=\u00a0\u00bb2&Prime; top_padding=\u00a0\u00bb2&Prime; bottom_padding=\u00a0\u00bb3&Prime; overlay_alpha=\u00a0\u00bb50&Prime; gutter_size=\u00a0\u00bb3&Prime; column_width_percent=\u00a0\u00bb100&Prime; shift_y=\u00a0\u00bb0&Prime; z_index=\u00a0\u00bb0&Prime; el_class=\u00a0\u00bbrangee-reduite\u00a0\u00bb el_id=\u00a0\u00bbengagements\u00a0\u00bb][vc_column column_width_percent=\u00a0\u00bb100&Prime; align_horizontal=\u00a0\u00bbalign_center\u00a0\u00bb gutter_size=\u00a0\u00bb3&Prime; overlay_alpha=\u00a0\u00bb50&Prime; shift_x=\u00a0\u00bb0&Prime; shift_y=\u00a0\u00bb0&Prime; shift_y_down=\u00a0\u00bb0&Prime; z_index=\u00a0\u00bb0&Prime; medium_width=\u00a0\u00bb0&Prime; mobile_width=\u00a0\u00bb0&Prime; css_animation=\u00a0\u00bbright-t-left\u00a0\u00bb animation_delay=\u00a0\u00bb200&Prime; width=\u00a0\u00bb1\/1&Prime;][vc_row_inner row_inner_height_percent=\u00a0\u00bb0&Prime; overlay_alpha=\u00a0\u00bb50&Prime; equal_height=\u00a0\u00bbyes\u00a0\u00bb gutter_size=\u00a0\u00bb3&Prime; shift_y=\u00a0\u00bb0&Prime; z_index=\u00a0\u00bb0&Prime; el_class=\u00a0\u00bbancres-box icon-box-simple\u00a0\u00bb limit_content=\u00a0\u00bb\u00a0\u00bb][vc_column_inner column_width_percent=\u00a0\u00bb100&Prime; position_horizontal=\u00a0\u00bbleft\u00a0\u00bb gutter_size=\u00a0\u00bb3&Prime; back_color=\u00a0\u00bbcolor-186328&Prime; overlay_alpha=\u00a0\u00bb75&Prime; shift_x=\u00a0\u00bb0&Prime; shift_y=\u00a0\u00bb0&Prime; shift_y_down=\u00a0\u00bb0&Prime; z_index=\u00a0\u00bb0&Prime; medium_width=\u00a0\u00bb0&Prime; mobile_width=\u00a0\u00bb0&Prime; width=\u00a0\u00bb1\/4&Prime;][vc_icon position=\u00a0\u00bbleft\u00a0\u00bb icon_image=\u00a0\u00bb85151&Prime; media_size=\u00a0\u00bb80&Prime; heading_semantic=\u00a0\u00bbh2&Prime; text_size=\u00a0\u00bbfontsize-155944&Prime; text_weight=\u00a0\u00bb700&Prime; linked_title=\u00a0\u00bbyes\u00a0\u00bb link=\u00a0\u00bb|||\u00a0\u00bb title=\u00a0\u00bbProfessionalisme\u00a0\u00bb]Nous ma\u00eetrisons les technologies des produits que nous fournissons et travaillons avec une \u00e9thique commerciale stricte bas\u00e9e sur la transparence et l\u2019honn\u00eatet\u00e9.[\/vc_icon][\/vc_column_inner][vc_column_inner column_width_percent=\u00a0\u00bb100&Prime; position_horizontal=\u00a0\u00bbleft\u00a0\u00bb gutter_size=\u00a0\u00bb3&Prime; back_color=\u00a0\u00bbcolor-186328&Prime; overlay_alpha=\u00a0\u00bb90&Prime; shift_x=\u00a0\u00bb0&Prime; shift_y=\u00a0\u00bb0&Prime; shift_y_down=\u00a0\u00bb0&Prime; z_index=\u00a0\u00bb0&Prime; medium_width=\u00a0\u00bb0&Prime; mobile_width=\u00a0\u00bb0&Prime; width=\u00a0\u00bb1\/4&Prime;][vc_icon position=\u00a0\u00bbleft\u00a0\u00bb icon_image=\u00a0\u00bb85156&Prime; media_size=\u00a0\u00bb80&Prime; heading_semantic=\u00a0\u00bbh2&Prime; text_size=\u00a0\u00bbfontsize-155944&Prime; text_weight=\u00a0\u00bb700&Prime; linked_title=\u00a0\u00bbyes\u00a0\u00bb link=\u00a0\u00bb|||\u00a0\u00bb title=\u00a0\u00bbAgilit\u00e9\u00a0\u00bb]Notre \u00e9quipe est toujours disponible pour aider ses clients intelligemment, en r\u00e9solvant leurs probl\u00e8mes avec le maximum de flexibilit\u00e9.[\/vc_icon][\/vc_column_inner][vc_column_inner column_width_percent=\u00a0\u00bb100&Prime; position_horizontal=\u00a0\u00bbleft\u00a0\u00bb gutter_size=\u00a0\u00bb3&Prime; back_color=\u00a0\u00bbcolor-186328&Prime; overlay_alpha=\u00a0\u00bb75&Prime; shift_x=\u00a0\u00bb0&Prime; shift_y=\u00a0\u00bb0&Prime; shift_y_down=\u00a0\u00bb0&Prime; z_index=\u00a0\u00bb0&Prime; medium_width=\u00a0\u00bb0&Prime; mobile_width=\u00a0\u00bb0&Prime; width=\u00a0\u00bb1\/4&Prime;][vc_icon position=\u00a0\u00bbleft\u00a0\u00bb icon_image=\u00a0\u00bb85161&Prime; icon_color=\u00a0\u00bbcolor-xsdn\u00a0\u00bb media_size=\u00a0\u00bb80&Prime; heading_semantic=\u00a0\u00bbh2&Prime; text_size=\u00a0\u00bbfontsize-155944&Prime; text_weight=\u00a0\u00bb700&Prime; linked_title=\u00a0\u00bbyes\u00a0\u00bb link=\u00a0\u00bb|||\u00a0\u00bb title=\u00a0\u00bbProximit\u00e9\u00a0\u00bb]Nous construisons une relation \u00e9troite et chaleureuse avec nos clients, en les \u00e9coutant attentivement pour satisfaire et anticiper leurs besoins.[\/vc_icon][\/vc_column_inner][vc_column_inner column_width_percent=\u00a0\u00bb100&Prime; position_horizontal=\u00a0\u00bbleft\u00a0\u00bb gutter_size=\u00a0\u00bb3&Prime; back_color=\u00a0\u00bbcolor-186328&Prime; overlay_alpha=\u00a0\u00bb90&Prime; shift_x=\u00a0\u00bb0&Prime; shift_y=\u00a0\u00bb0&Prime; shift_y_down=\u00a0\u00bb0&Prime; z_index=\u00a0\u00bb0&Prime; medium_width=\u00a0\u00bb0&Prime; mobile_width=\u00a0\u00bb0&Prime; width=\u00a0\u00bb1\/4&Prime;][vc_icon position=\u00a0\u00bbleft\u00a0\u00bb icon_image=\u00a0\u00bb85166&Prime; icon_color=\u00a0\u00bbcolor-xsdn\u00a0\u00bb media_size=\u00a0\u00bb80&Prime; heading_semantic=\u00a0\u00bbh2&Prime; text_size=\u00a0\u00bbfontsize-155944&Prime; text_weight=\u00a0\u00bb700&Prime; linked_title=\u00a0\u00bbyes\u00a0\u00bb link=\u00a0\u00bb|||\u00a0\u00bb title=\u00a0\u00bbTravail d&rsquo;\u00e9quipe\u00a0\u00bb]Notre \u00e9quipe est polyvalente et ax\u00e9e sur l\u2019efficacit\u00e9 et la r\u00e9activit\u00e9 pour fournir le meilleur service \u00e0 nos clients.[\/vc_icon][\/vc_column_inner][\/vc_row_inner][\/vc_column][\/vc_row][\/vc_section][vc_row unlock_row_content=\u00a0\u00bbyes\u00a0\u00bb row_height_percent=\u00a0\u00bb0&Prime; back_image=\u00a0\u00bb83602&Prime; back_position=\u00a0\u00bbcenter bottom\u00a0\u00bb overlay_color=\u00a0\u00bbcolor-156355&Prime; overlay_alpha=\u00a0\u00bb78&Prime; gutter_size=\u00a0\u00bb3&Prime; column_width_percent=\u00a0\u00bb100&Prime; shift_y=\u00a0\u00bb0&Prime; z_index=\u00a0\u00bb0&Prime; el_class=\u00a0\u00bbcta cta-btns\u00a0\u00bb][vc_column column_width_percent=\u00a0\u00bb100&Prime; position_horizontal=\u00a0\u00bbleft\u00a0\u00bb position_vertical=\u00a0\u00bbmiddle\u00a0\u00bb gutter_size=\u00a0\u00bb3&Prime; style=\u00a0\u00bbdark\u00a0\u00bb overlay_alpha=\u00a0\u00bb50&Prime; shift_x=\u00a0\u00bb0&Prime; shift_y=\u00a0\u00bb0&Prime; shift_y_down=\u00a0\u00bb0&Prime; z_index=\u00a0\u00bb0&Prime; medium_width=\u00a0\u00bb0&Prime; mobile_width=\u00a0\u00bb0&Prime; width=\u00a0\u00bb1\/2&Prime;][vc_button button_color=\u00a0\u00bbcolor-xsdn\u00a0\u00bb border_width=\u00a0\u00bb0&Prime; css_animation=\u00a0\u00bbzoom-out\u00a0\u00bb animation_delay=\u00a0\u00bb400&Prime; el_class=\u00a0\u00bbbtn-outline btn-bleu btn-ico\u00a0\u00bb link=\u00a0\u00bburl:http%3A%2F%2Ftetrachim.com%2Four-engagements%2F|title:Nos%20engagements|\u00a0\u00bb icon=\u00a0\u00bbfa fa-checkmark-circle\u00a0\u00bb]Nos engagements[\/vc_button][\/vc_column][vc_column column_width_percent=\u00a0\u00bb100&Prime; position_vertical=\u00a0\u00bbmiddle\u00a0\u00bb gutter_size=\u00a0\u00bb3&Prime; style=\u00a0\u00bbdark\u00a0\u00bb overlay_alpha=\u00a0\u00bb50&Prime; shift_x=\u00a0\u00bb0&Prime; shift_y=\u00a0\u00bb0&Prime; shift_y_down=\u00a0\u00bb0&Prime; z_index=\u00a0\u00bb0&Prime; medium_width=\u00a0\u00bb0&Prime; mobile_width=\u00a0\u00bb0&Prime; width=\u00a0\u00bb1\/2&Prime;][vc_button button_color=\u00a0\u00bbcolor-xsdn\u00a0\u00bb border_width=\u00a0\u00bb0&Prime; css_animation=\u00a0\u00bbzoom-out\u00a0\u00bb animation_delay=\u00a0\u00bb400&Prime; el_class=\u00a0\u00bbbtn-outline btn-rouge btn-ico\u00a0\u00bb link=\u00a0\u00bburl:http%3A%2F%2Ftetrachim.com%2Fquality-certifications%2F|title:Qui%20sommes-nous%20%3A%20Qualit%C3%A9%20%26amp%3B%20Certifications|\u00a0\u00bb icon=\u00a0\u00bbfa fa-license\u00a0\u00bb]Qualit\u00e9 et Certifications[\/vc_button][\/vc_column][\/vc_row]<\/p>\n<\/div>","protected":false},"excerpt":{"rendered":"<p>[vc_row unlock_row_content=\u00a0\u00bbyes\u00a0\u00bb row_height_percent=\u00a0\u00bb0&Prime; override_padding=\u00a0\u00bbyes\u00a0\u00bb h_padding=\u00a0\u00bb0&Prime; top_padding=\u00a0\u00bb0&Prime; bottom_padding=\u00a0\u00bb0&Prime; back_image=\u00a0\u00bb83397&Prime; overlay_alpha=\u00a0\u00bb50&Prime; gutter_size=\u00a0\u00bb3&Prime; column_width_percent=\u00a0\u00bb100&Prime; shift_y=\u00a0\u00bb0&Prime; z_index=\u00a0\u00bb0&Prime; row_height_pixel=\u00a0\u00bb200px\u00a0\u00bb el_id=\u00a0\u00bbbandeau-page\u00a0\u00bb front_end_with_slider=\u00a0\u00bbtrue\u00a0\u00bb][vc_column column_width_percent=\u00a0\u00bb100&Prime; position_vertical=\u00a0\u00bbmiddle\u00a0\u00bb gutter_size=\u00a0\u00bb3&Prime; override_padding=\u00a0\u00bbyes\u00a0\u00bb [&hellip;]<\/p>\n","protected":false},"author":1,"featured_media":0,"parent":0,"menu_order":0,"comment_status":"closed","ping_status":"closed","template":"","meta":{"footnotes":""},"class_list":["post-93184","page","type-page","status-publish","hentry"],"yoast_head":"<!-- This site is optimized with the Yoast SEO plugin v27.4 - https:\/\/yoast.com\/product\/yoast-seo-wordpress\/ -->\n<title>Qui sommes-nous: notre \u00e9quipe - Tetrachim<\/title>\n<meta name=\"robots\" content=\"index, follow, max-snippet:-1, max-image-preview:large, max-video-preview:-1\" \/>\n<link rel=\"canonical\" href=\"https:\/\/www.tetrachim.com\/fr\/qui-nous-sommes-notre-equipe\/\" \/>\n<meta property=\"og:locale\" content=\"fr_FR\" \/>\n<meta property=\"og:type\" content=\"article\" \/>\n<meta property=\"og:title\" content=\"Qui sommes-nous: notre \u00e9quipe - Tetrachim\" \/>\n<meta property=\"og:description\" content=\"[vc_row unlock_row_content=\u00a0\u00bbyes\u00a0\u00bb row_height_percent=\u00a0\u00bb0&Prime; override_padding=\u00a0\u00bbyes\u00a0\u00bb h_padding=\u00a0\u00bb0&Prime; top_padding=\u00a0\u00bb0&Prime; bottom_padding=\u00a0\u00bb0&Prime; back_image=\u00a0\u00bb83397&Prime; overlay_alpha=\u00a0\u00bb50&Prime; gutter_size=\u00a0\u00bb3&Prime; column_width_percent=\u00a0\u00bb100&Prime; shift_y=\u00a0\u00bb0&Prime; z_index=\u00a0\u00bb0&Prime; row_height_pixel=\u00a0\u00bb200px\u00a0\u00bb el_id=\u00a0\u00bbbandeau-page\u00a0\u00bb front_end_with_slider=\u00a0\u00bbtrue\u00a0\u00bb][vc_column column_width_percent=\u00a0\u00bb100&Prime; position_vertical=\u00a0\u00bbmiddle\u00a0\u00bb gutter_size=\u00a0\u00bb3&Prime; override_padding=\u00a0\u00bbyes\u00a0\u00bb [&hellip;]\" \/>\n<meta property=\"og:url\" content=\"https:\/\/www.tetrachim.com\/fr\/qui-nous-sommes-notre-equipe\/\" \/>\n<meta property=\"og:site_name\" content=\"Tetrachim\" \/>\n<meta property=\"article:modified_time\" content=\"2026-03-03T13:35:51+00:00\" \/>\n<meta name=\"twitter:card\" content=\"summary_large_image\" \/>\n<meta name=\"twitter:site\" content=\"@Tetrachim\" \/>\n<meta name=\"twitter:label1\" content=\"Dur\u00e9e de lecture estim\u00e9e\" \/>\n\t<meta name=\"twitter:data1\" content=\"3 minutes\" \/>\n<script type=\"application\/ld+json\" class=\"yoast-schema-graph\">{\"@context\":\"https:\\\/\\\/schema.org\",\"@graph\":[{\"@type\":\"WebPage\",\"@id\":\"https:\\\/\\\/www.tetrachim.com\\\/fr\\\/qui-nous-sommes-notre-equipe\\\/\",\"url\":\"https:\\\/\\\/www.tetrachim.com\\\/fr\\\/qui-nous-sommes-notre-equipe\\\/\",\"name\":\"Qui sommes-nous: notre \u00e9quipe - Tetrachim\",\"isPartOf\":{\"@id\":\"https:\\\/\\\/www.tetrachim.com\\\/fr\\\/#website\"},\"datePublished\":\"2021-04-30T13:43:15+00:00\",\"dateModified\":\"2026-03-03T13:35:51+00:00\",\"breadcrumb\":{\"@id\":\"https:\\\/\\\/www.tetrachim.com\\\/fr\\\/qui-nous-sommes-notre-equipe\\\/#breadcrumb\"},\"inLanguage\":\"fr-FR\",\"potentialAction\":[{\"@type\":\"ReadAction\",\"target\":[\"https:\\\/\\\/www.tetrachim.com\\\/fr\\\/qui-nous-sommes-notre-equipe\\\/\"]}]},{\"@type\":\"BreadcrumbList\",\"@id\":\"https:\\\/\\\/www.tetrachim.com\\\/fr\\\/qui-nous-sommes-notre-equipe\\\/#breadcrumb\",\"itemListElement\":[{\"@type\":\"ListItem\",\"position\":1,\"name\":\"\",\"item\":\"https:\\\/\\\/www.tetrachim.com\\\/fr\\\/\"},{\"@type\":\"ListItem\",\"position\":2,\"name\":\"Qui sommes-nous: notre \u00e9quipe\"}]},{\"@type\":\"WebSite\",\"@id\":\"https:\\\/\\\/www.tetrachim.com\\\/fr\\\/#website\",\"url\":\"https:\\\/\\\/www.tetrachim.com\\\/fr\\\/\",\"name\":\"Tetrachim\",\"description\":\"Rev\u00eatements high-tech\",\"publisher\":{\"@id\":\"https:\\\/\\\/www.tetrachim.com\\\/fr\\\/#organization\"},\"potentialAction\":[{\"@type\":\"SearchAction\",\"target\":{\"@type\":\"EntryPoint\",\"urlTemplate\":\"https:\\\/\\\/www.tetrachim.com\\\/fr\\\/?s={search_term_string}\"},\"query-input\":{\"@type\":\"PropertyValueSpecification\",\"valueRequired\":true,\"valueName\":\"search_term_string\"}}],\"inLanguage\":\"fr-FR\"},{\"@type\":\"Organization\",\"@id\":\"https:\\\/\\\/www.tetrachim.com\\\/fr\\\/#organization\",\"name\":\"Tetrachim\",\"url\":\"https:\\\/\\\/www.tetrachim.com\\\/fr\\\/\",\"logo\":{\"@type\":\"ImageObject\",\"inLanguage\":\"fr-FR\",\"@id\":\"https:\\\/\\\/www.tetrachim.com\\\/fr\\\/#\\\/schema\\\/logo\\\/image\\\/\",\"url\":\"https:\\\/\\\/www.tetrachim.com\\\/wp-content\\\/uploads\\\/2020\\\/07\\\/logo-tetrachim.png\",\"contentUrl\":\"https:\\\/\\\/www.tetrachim.com\\\/wp-content\\\/uploads\\\/2020\\\/07\\\/logo-tetrachim.png\",\"width\":244,\"height\":51,\"caption\":\"Tetrachim\"},\"image\":{\"@id\":\"https:\\\/\\\/www.tetrachim.com\\\/fr\\\/#\\\/schema\\\/logo\\\/image\\\/\"},\"sameAs\":[\"https:\\\/\\\/x.com\\\/Tetrachim\",\"https:\\\/\\\/www.linkedin.com\\\/company\\\/tetrachim\\\/\"]}]}<\/script>\n<!-- \/ Yoast SEO plugin. -->","yoast_head_json":{"title":"Qui sommes-nous: notre \u00e9quipe - Tetrachim","robots":{"index":"index","follow":"follow","max-snippet":"max-snippet:-1","max-image-preview":"max-image-preview:large","max-video-preview":"max-video-preview:-1"},"canonical":"https:\/\/www.tetrachim.com\/fr\/qui-nous-sommes-notre-equipe\/","og_locale":"fr_FR","og_type":"article","og_title":"Qui sommes-nous: notre \u00e9quipe - Tetrachim","og_description":"[vc_row unlock_row_content=\u00a0\u00bbyes\u00a0\u00bb row_height_percent=\u00a0\u00bb0&Prime; override_padding=\u00a0\u00bbyes\u00a0\u00bb h_padding=\u00a0\u00bb0&Prime; top_padding=\u00a0\u00bb0&Prime; bottom_padding=\u00a0\u00bb0&Prime; back_image=\u00a0\u00bb83397&Prime; overlay_alpha=\u00a0\u00bb50&Prime; gutter_size=\u00a0\u00bb3&Prime; column_width_percent=\u00a0\u00bb100&Prime; shift_y=\u00a0\u00bb0&Prime; z_index=\u00a0\u00bb0&Prime; row_height_pixel=\u00a0\u00bb200px\u00a0\u00bb el_id=\u00a0\u00bbbandeau-page\u00a0\u00bb front_end_with_slider=\u00a0\u00bbtrue\u00a0\u00bb][vc_column column_width_percent=\u00a0\u00bb100&Prime; position_vertical=\u00a0\u00bbmiddle\u00a0\u00bb gutter_size=\u00a0\u00bb3&Prime; override_padding=\u00a0\u00bbyes\u00a0\u00bb [&hellip;]","og_url":"https:\/\/www.tetrachim.com\/fr\/qui-nous-sommes-notre-equipe\/","og_site_name":"Tetrachim","article_modified_time":"2026-03-03T13:35:51+00:00","twitter_card":"summary_large_image","twitter_site":"@Tetrachim","twitter_misc":{"Dur\u00e9e de lecture estim\u00e9e":"3 minutes"},"schema":{"@context":"https:\/\/schema.org","@graph":[{"@type":"WebPage","@id":"https:\/\/www.tetrachim.com\/fr\/qui-nous-sommes-notre-equipe\/","url":"https:\/\/www.tetrachim.com\/fr\/qui-nous-sommes-notre-equipe\/","name":"Qui sommes-nous: notre \u00e9quipe - Tetrachim","isPartOf":{"@id":"https:\/\/www.tetrachim.com\/fr\/#website"},"datePublished":"2021-04-30T13:43:15+00:00","dateModified":"2026-03-03T13:35:51+00:00","breadcrumb":{"@id":"https:\/\/www.tetrachim.com\/fr\/qui-nous-sommes-notre-equipe\/#breadcrumb"},"inLanguage":"fr-FR","potentialAction":[{"@type":"ReadAction","target":["https:\/\/www.tetrachim.com\/fr\/qui-nous-sommes-notre-equipe\/"]}]},{"@type":"BreadcrumbList","@id":"https:\/\/www.tetrachim.com\/fr\/qui-nous-sommes-notre-equipe\/#breadcrumb","itemListElement":[{"@type":"ListItem","position":1,"name":"","item":"https:\/\/www.tetrachim.com\/fr\/"},{"@type":"ListItem","position":2,"name":"Qui sommes-nous: notre \u00e9quipe"}]},{"@type":"WebSite","@id":"https:\/\/www.tetrachim.com\/fr\/#website","url":"https:\/\/www.tetrachim.com\/fr\/","name":"Tetrachim","description":"Rev\u00eatements high-tech","publisher":{"@id":"https:\/\/www.tetrachim.com\/fr\/#organization"},"potentialAction":[{"@type":"SearchAction","target":{"@type":"EntryPoint","urlTemplate":"https:\/\/www.tetrachim.com\/fr\/?s={search_term_string}"},"query-input":{"@type":"PropertyValueSpecification","valueRequired":true,"valueName":"search_term_string"}}],"inLanguage":"fr-FR"},{"@type":"Organization","@id":"https:\/\/www.tetrachim.com\/fr\/#organization","name":"Tetrachim","url":"https:\/\/www.tetrachim.com\/fr\/","logo":{"@type":"ImageObject","inLanguage":"fr-FR","@id":"https:\/\/www.tetrachim.com\/fr\/#\/schema\/logo\/image\/","url":"https:\/\/www.tetrachim.com\/wp-content\/uploads\/2020\/07\/logo-tetrachim.png","contentUrl":"https:\/\/www.tetrachim.com\/wp-content\/uploads\/2020\/07\/logo-tetrachim.png","width":244,"height":51,"caption":"Tetrachim"},"image":{"@id":"https:\/\/www.tetrachim.com\/fr\/#\/schema\/logo\/image\/"},"sameAs":["https:\/\/x.com\/Tetrachim","https:\/\/www.linkedin.com\/company\/tetrachim\/"]}]}},"_links":{"self":[{"href":"https:\/\/www.tetrachim.com\/fr\/wp-json\/wp\/v2\/pages\/93184","targetHints":{"allow":["GET"]}}],"collection":[{"href":"https:\/\/www.tetrachim.com\/fr\/wp-json\/wp\/v2\/pages"}],"about":[{"href":"https:\/\/www.tetrachim.com\/fr\/wp-json\/wp\/v2\/types\/page"}],"author":[{"embeddable":true,"href":"https:\/\/www.tetrachim.com\/fr\/wp-json\/wp\/v2\/users\/1"}],"replies":[{"embeddable":true,"href":"https:\/\/www.tetrachim.com\/fr\/wp-json\/wp\/v2\/comments?post=93184"}],"version-history":[{"count":13,"href":"https:\/\/www.tetrachim.com\/fr\/wp-json\/wp\/v2\/pages\/93184\/revisions"}],"predecessor-version":[{"id":101821,"href":"https:\/\/www.tetrachim.com\/fr\/wp-json\/wp\/v2\/pages\/93184\/revisions\/101821"}],"wp:attachment":[{"href":"https:\/\/www.tetrachim.com\/fr\/wp-json\/wp\/v2\/media?parent=93184"}],"curies":[{"name":"wp","href":"https:\/\/api.w.org\/{rel}","templated":true}]}}