{"id":93224,"date":"2021-04-30T15:45:13","date_gmt":"2021-04-30T13:45:13","guid":{"rendered":"http:\/\/www.tetrachim.com\/informations-legales\/"},"modified":"2021-04-30T15:46:40","modified_gmt":"2021-04-30T13:46:40","slug":"informations-legales","status":"publish","type":"page","link":"https:\/\/www.tetrachim.com\/fr\/informations-legales\/","title":{"rendered":"Informations l\u00e9gales"},"content":{"rendered":"<div class=\"wpb-content-wrapper\"><p>[vc_row unlock_row_content=\u00a0\u00bbyes\u00a0\u00bb row_height_percent=\u00a0\u00bb0&Prime; override_padding=\u00a0\u00bbyes\u00a0\u00bb h_padding=\u00a0\u00bb0&Prime; top_padding=\u00a0\u00bb0&Prime; bottom_padding=\u00a0\u00bb0&Prime; back_image=\u00a0\u00bb83397&Prime; overlay_alpha=\u00a0\u00bb50&Prime; gutter_size=\u00a0\u00bb3&Prime; column_width_percent=\u00a0\u00bb100&Prime; shift_y=\u00a0\u00bb0&Prime; z_index=\u00a0\u00bb0&Prime; row_height_pixel=\u00a0\u00bb200px\u00a0\u00bb el_id=\u00a0\u00bbbandeau-page\u00a0\u00bb front_end_with_slider=\u00a0\u00bbtrue\u00a0\u00bb][vc_column column_width_percent=\u00a0\u00bb100&Prime; position_vertical=\u00a0\u00bbmiddle\u00a0\u00bb gutter_size=\u00a0\u00bb3&Prime; override_padding=\u00a0\u00bbyes\u00a0\u00bb column_padding=\u00a0\u00bb0&Prime; overlay_alpha=\u00a0\u00bb50&Prime; shift_x=\u00a0\u00bb0&Prime; shift_y=\u00a0\u00bb0&Prime; shift_y_down=\u00a0\u00bb0&Prime; z_index=\u00a0\u00bb0&Prime; medium_width=\u00a0\u00bb0&Prime; mobile_width=\u00a0\u00bb0&Prime; width=\u00a0\u00bb1\/1&Prime;][vc_row_inner row_inner_height_percent=\u00a0\u00bb100&Prime; back_image=\u00a0\u00bb85629&Prime; back_position=\u00a0\u00bbleft center\u00a0\u00bb overlay_alpha=\u00a0\u00bb50&Prime; equal_height=\u00a0\u00bbyes\u00a0\u00bb gutter_size=\u00a0\u00bb3&Prime; shift_y=\u00a0\u00bb0&Prime; z_index=\u00a0\u00bb0&Prime; back_size=\u00a0\u00bbauto 100%\u00a0\u00bb el_class=\u00a0\u00bbrangee-reduite-plus\u00a0\u00bb row_height_pixel=\u00a0\u00bb200px\u00a0\u00bb limit_content=\u00a0\u00bb\u00a0\u00bb][vc_column_inner column_width_percent=\u00a0\u00bb66&Prime; position_horizontal=\u00a0\u00bbleft\u00a0\u00bb position_vertical=\u00a0\u00bbmiddle\u00a0\u00bb gutter_size=\u00a0\u00bb3&Prime; overlay_alpha=\u00a0\u00bb50&Prime; shift_x=\u00a0\u00bb0&Prime; shift_y=\u00a0\u00bb0&Prime; shift_y_down=\u00a0\u00bb0&Prime; z_index=\u00a0\u00bb0&Prime; medium_width=\u00a0\u00bb0&Prime; mobile_width=\u00a0\u00bb0&Prime; width=\u00a0\u00bb1\/1&Prime;][vc_custom_heading heading_semantic=\u00a0\u00bbh1&Prime; text_font=\u00a0\u00bbfont-112492&Prime; text_color=\u00a0\u00bbcolor-889485&Prime; css_animation=\u00a0\u00bbleft-t-right\u00a0\u00bb]<strong>Informations<\/strong>l\u00e9gales[\/vc_custom_heading][vc_column_text css_animation=\u00a0\u00bbleft-t-right\u00a0\u00bb animation_delay=\u00a0\u00bb200&Prime;]<span><span><a href=\"https:\/\/www.tetrachim.com\/fr\/\"><i class=\"menu-icon fa fa-home3\"><\/i><\/a><\/span><\/span>[\/vc_column_text][\/vc_column_inner][\/vc_row_inner][vc_single_image media=\u00a0\u00bb89062&Prime; media_width_use_pixel=\u00a0\u00bbyes\u00a0\u00bb alignment=\u00a0\u00bbright\u00a0\u00bb shadow=\u00a0\u00bbyes\u00a0\u00bb shadow_weight=\u00a0\u00bblg\u00a0\u00bb css_animation=\u00a0\u00bbright-t-left\u00a0\u00bb animation_speed=\u00a0\u00bb400&Prime; media_width_pixel=\u00a0\u00bb560&Prime;][\/vc_column][\/vc_row][vc_section back_image=\u00a0\u00bb85635&Prime; back_repeat=\u00a0\u00bbno-repeat\u00a0\u00bb back_position=\u00a0\u00bbright center\u00a0\u00bb overlay_alpha=\u00a0\u00bb50&Prime; el_class=\u00a0\u00bbsection-fleche\u00a0\u00bb back_size=\u00a0\u00bb260px auto\u00a0\u00bb el_id=\u00a0\u00bbmentions-legales\u00a0\u00bb][vc_row row_height_percent=\u00a0\u00bb0&Prime; override_padding=\u00a0\u00bbyes\u00a0\u00bb h_padding=\u00a0\u00bb2&Prime; top_padding=\u00a0\u00bb3&Prime; bottom_padding=\u00a0\u00bb3&Prime; overlay_alpha=\u00a0\u00bb50&Prime; gutter_size=\u00a0\u00bb3&Prime; column_width_percent=\u00a0\u00bb100&Prime; shift_y=\u00a0\u00bb0&Prime; z_index=\u00a0\u00bb0&Prime;][vc_column width=\u00a0\u00bb1\/1&Prime;][vc_column_text]<\/p>\n<h2>tetrachim.com est \u00e9dit\u00e9 par:<\/h2>\n<p>[\/vc_column_text][vc_row_inner limit_content=\u00a0\u00bb\u00a0\u00bb][vc_column_inner width=\u00a0\u00bb1\/2&Prime;][vc_column_text]<strong>Tetrachim<\/strong><br \/>\nSASU au capital de 3,192,000 \u20ac<br \/>\nAdresse: 12 rue de la Mare Blanche 77186 NOISIEL, FRANCE<\/p>\n<p>Directrice d&rsquo;\u00e9dition: Mme Christine Deleu<br \/>\nCr\u00e9dits photos: Adobe Stock, Unsplash, Pexels, proprietary pictures[\/vc_column_text][\/vc_column_inner][vc_column_inner width=\u00a0\u00bb1\/2&Prime;][vc_column_text]RCS : Meaux<br \/>\nTVA intra-communautaire: FR32301639290<br \/>\nT\u00e9l\u00e9phone: 01 61 44 02 90<br \/>\nEmail : <a href=\"mailto:info@tetrachim.com\">info@tetrachim.com<\/a>[\/vc_column_text][\/vc_column_inner][\/vc_row_inner][vc_row_inner limit_content=\u00a0\u00bb\u00a0\u00bb][vc_column_inner width=\u00a0\u00bb1\/2&Prime;][vc_column_text]<\/p>\n<h2>tetrachim.com site internet h\u00e9berg\u00e9 par:<\/h2>\n<p>OVH<br \/>\n2 rue kellermann<br \/>\nBP 80157<br \/>\n59053 ROUBAIX Cedex 1<br \/>\nT\u00e9l\u00e9phone :08 203 203 63<br \/>\nE-mail : support@ovh.com[\/vc_column_text][\/vc_column_inner][vc_column_inner width=\u00a0\u00bb1\/2&Prime;][vc_column_text]<\/p>\n<h2>tetrachim.com site con\u00e7u par:<\/h2>\n<p>Agence web Enjin<br \/>\nE-mail : <a href=\"mailto:contact@enjin.fr\">contact@enjin.fr<\/a><br \/>\nSite internet : <a href=\"https:\/\/www.enjin.fr\">www.enjin.fr<\/a>[\/vc_column_text][\/vc_column_inner][\/vc_row_inner][vc_column_text]<\/p>\n<h2>Propri\u00e9t\u00e9 intellectuelle<\/h2>\n<p>Le contenu du site internet tetrachim.com (conception, design, textes, images, animations, logo) sont la propri\u00e9t\u00e9 exclusive de Tetrachim. Toute utilisation des \u00e9l\u00e9ments du site tetrachim.com, y compris la reproduction, la modification, la diffusion ou la republication sans l\u2019autorisation \u00e9crite pr\u00e9alable de Tetrachim, est strictement interdite. Toute demande d\u2019autorisation de reproduction totale ou partielle de ce site doit \u00eatre adress\u00e9e \u00e0 info@tetrachim.com.<\/p>\n<h2>Limite de responsabilit\u00e9<\/h2>\n<p>Le site tetrachim.com ne peut \u00eatre tenu responsable des erreurs rencontr\u00e9es sur le site, des probl\u00e8mes techniques, de l\u2019interpr\u00e9tation des informations publi\u00e9es et des cons\u00e9quences de leur utilisation. En cons\u00e9quence, l\u2019utilisateur reconna\u00eet utiliser ces informations sous sa responsabilit\u00e9 exclusive.<\/p>\n<h2>Politique en mati\u00e8re de cookies<\/h2>\n<p>Le site tetrachim.com utilise des cookies, de petits fichiers texte qui sont plac\u00e9s sur votre ordinateur pour nous aider \u00e0 fournir une meilleure exp\u00e9rience utilisateur. Les cookies sont utilis\u00e9s sur notre site pour fournir des donn\u00e9es de suivi anonymes \u00e0 une application tierce : Google Analytics. En r\u00e8gle g\u00e9n\u00e9rale, les cookies am\u00e9lioreront votre exp\u00e9rience de navigation. Cependant, vous pouvez d\u00e9sactiver les cookies sur ce site en d\u00e9sactivant les cookies dans votre navigateur. Le refus d\u2019installer un cookie peut entra\u00eener l\u2019impossibilit\u00e9 d\u2019acc\u00e9der \u00e0 certains services. Vous pouvez cependant configurer votre navigateur pour refuser l\u2019installation de cookies :<\/p>\n<ul>\n<li>Pour Internet Explorer : <a href=\"https:\/\/support.microsoft.com\/en-us\/help\/17442\/windows-internet-explorer-delete-manage-cookies\" target=\"_blank\" rel=\"\u00bbnoopener\u00bb noopener noreferrer\">https:\/\/support.microsoft.com\/en-us\/help\/17442\/windows-internet-explorer-delete-manage-cookies<\/a><\/li>\n<li>Pour Firefox : <a href=\"https:\/\/support.mozilla.org\/en-US\/kb\/block-websites-storing-cookies-site-data-firefox\" target=\"_blank\" rel=\"\u00bbnoopener\u00bb noopener noreferrer\">https:\/\/support.mozilla.org\/en-US\/kb\/block-websites-storing-cookies-site-data-firefox<\/a><\/li>\n<li>Pour Safari : <a href=\"https:\/\/support.apple.com\/en-us\/HT201265\" target=\"_blank\" rel=\"\u00bbnoopener\u00bb noopener noreferrer\">https:\/\/support.apple.com\/en-us\/HT201265<\/a><\/li>\n<li>Pour Chrome : <a href=\"https:\/\/support.google.com\/chrome\/answer\/95647?co=GENIE.Platform%3DDesktop&amp;hl=en\" target=\"_blank\" rel=\"\u00bbnoopener\u00bb noopener noreferrer\">https:\/\/support.google.com\/chrome\/answer\/95647?co=GENIE.Platform%3DDesktop&amp;hl=en<\/a><\/li>\n<\/ul>\n<h2>Politique de confidentialit\u00e9<\/h2>\n<p>La pr\u00e9sente Politique de confidentialit\u00e9 explique en d\u00e9tail les modalit\u00e9s de collecte, d\u2019utilisation et de partage des donn\u00e9es personnelles ou non personnelles que vous fournissez \u00e0 Tetrachim lorsque vous utilisez notre site internet.<\/p>\n<h3>\u2013 D\u00e9finition de donn\u00e9es personnelles et impersonnelles<\/h3>\n<p>Les donn\u00e9es personnelles (\u00ab donn\u00e9es personnelles \u00bb) d\u00e9signent toute information qui vous identifie sp\u00e9cifiquement en tant que personne lorsque les donn\u00e9es non personnelles (\u00ab donn\u00e9es non personnelles \u00bb) d\u00e9signent toute information qui ne vous identifie pas en tant que personne en particulier.<br \/>\nTetrachim will always comply with the applicable regulatory definition to determine which data is personal and which data is not to comply with this Privacy Policy. Lorsque la pr\u00e9sente Politique de confidentialit\u00e9 fait r\u00e9f\u00e9rence \u00e0 des \u00ab donn\u00e9es \u00bb ou \u00e0 \u00ab vos donn\u00e9es \u00bb, cela peut inclure des donn\u00e9es personnelles ainsi que des donn\u00e9es non personnelles.<\/p>\n<p>Cette politique de confidentialit\u00e9 s\u2019applique uniquement aux donn\u00e9es collect\u00e9es par notre site.<\/p>\n<h3>\u2013 Donn\u00e9es acquises et utilisation<\/h3>\n<p>Les donn\u00e9es collect\u00e9es sur tetrachim.com ne sont utilis\u00e9es que dans le cadre juridique applicable en France au respect de la vie priv\u00e9e individuelle. Tetrachim est le seul destinataire de ces donn\u00e9es.<br \/>\nLors de l\u2019utilisation du site web tetrachim.com, les donn\u00e9es personnelles suivantes peuvent \u00eatre collect\u00e9es :<\/p>\n<ul>\n<li>l\u2019URL des liens par lesquels vous avez acc\u00e9d\u00e9 au site tetrachim.com,<\/li>\n<li>votre adresse IP:<\/li>\n<\/ul>\n<p>Ces donn\u00e9es sont utilis\u00e9es pour faciliter la navigation sur le site et permettre de mesurer le trafic du site.<\/p>\n<p>Lorsque vous envoyez un formulaire en utilisant notre formulaire de contact :<\/p>\n<ul>\n<li>Nom et pr\u00e9nom<\/li>\n<li>Adresse e-mail<\/li>\n<li>Votre entreprise<\/li>\n<li>Votre adresse<\/li>\n<\/ul>\n<p>Ces donn\u00e9es ne sont utilis\u00e9es que pour r\u00e9pondre \u00e0 votre demande par e-mail ou par t\u00e9l\u00e9phone.<\/p>\n<p>Tetrachim est le seul destinataire de ces donn\u00e9es. Les donn\u00e9es personnelles collect\u00e9es sur notre site ne sont pas et ne seront pas publi\u00e9es \u00e0 l\u2019insu explicite de l\u2019utilisateur, \u00e9chang\u00e9es, transf\u00e9r\u00e9es, c\u00e9d\u00e9es ou vendues \u00e0 des tiers.<\/p>\n<h3>\u2013 Exercer vos droits sur vos donn\u00e9es personnelles<\/h3>\n<p>Vous disposez d\u2019un droit d\u2019acc\u00e8s, de modification, de rectification et de suppression des donn\u00e9es collect\u00e9es sur ce site, dans les conditions pr\u00e9vues \u00e0 l\u2019article 31 de la loi du 6 janvier 1978 modifi\u00e9e sur le traitement des donn\u00e9es, les dossiers et la libert\u00e9, et celles pr\u00e9vues par le r\u00e8glement europ\u00e9en 2016\/679 du 27 avril 2016 (RGPD). Pour exercer ce droit, veuillez nous contacter via<a href=\"http:\/\/www.tetrachim.com\/fr\/contact-2\/\" target=\"_blank\" rel=\"noopener noreferrer\">notre formulaire de contact.<\/a>[\/vc_column_text][\/vc_column][\/vc_row][\/vc_section]<\/p>\n<\/div>","protected":false},"excerpt":{"rendered":"<p>[vc_row unlock_row_content=\u00a0\u00bbyes\u00a0\u00bb row_height_percent=\u00a0\u00bb0&Prime; override_padding=\u00a0\u00bbyes\u00a0\u00bb h_padding=\u00a0\u00bb0&Prime; top_padding=\u00a0\u00bb0&Prime; bottom_padding=\u00a0\u00bb0&Prime; back_image=\u00a0\u00bb83397&Prime; overlay_alpha=\u00a0\u00bb50&Prime; gutter_size=\u00a0\u00bb3&Prime; column_width_percent=\u00a0\u00bb100&Prime; shift_y=\u00a0\u00bb0&Prime; z_index=\u00a0\u00bb0&Prime; row_height_pixel=\u00a0\u00bb200px\u00a0\u00bb el_id=\u00a0\u00bbbandeau-page\u00a0\u00bb front_end_with_slider=\u00a0\u00bbtrue\u00a0\u00bb][vc_column column_width_percent=\u00a0\u00bb100&Prime; position_vertical=\u00a0\u00bbmiddle\u00a0\u00bb gutter_size=\u00a0\u00bb3&Prime; override_padding=\u00a0\u00bbyes\u00a0\u00bb [&hellip;]<\/p>\n","protected":false},"author":1,"featured_media":0,"parent":0,"menu_order":0,"comment_status":"closed","ping_status":"closed","template":"","meta":{"footnotes":""},"class_list":["post-93224","page","type-page","status-publish","hentry"],"yoast_head":"<!-- This site is optimized with the Yoast SEO plugin v27.5 - https:\/\/yoast.com\/product\/yoast-seo-wordpress\/ -->\n<title>Informations l\u00e9gales - Tetrachim<\/title>\n<meta name=\"robots\" content=\"index, follow, max-snippet:-1, max-image-preview:large, max-video-preview:-1\" \/>\n<link rel=\"canonical\" href=\"https:\/\/www.tetrachim.com\/fr\/informations-legales\/\" \/>\n<meta property=\"og:locale\" content=\"fr_FR\" \/>\n<meta property=\"og:type\" content=\"article\" \/>\n<meta property=\"og:title\" content=\"Informations l\u00e9gales - Tetrachim\" \/>\n<meta property=\"og:description\" content=\"[vc_row unlock_row_content=\u00a0\u00bbyes\u00a0\u00bb row_height_percent=\u00a0\u00bb0&Prime; override_padding=\u00a0\u00bbyes\u00a0\u00bb h_padding=\u00a0\u00bb0&Prime; top_padding=\u00a0\u00bb0&Prime; bottom_padding=\u00a0\u00bb0&Prime; back_image=\u00a0\u00bb83397&Prime; overlay_alpha=\u00a0\u00bb50&Prime; gutter_size=\u00a0\u00bb3&Prime; column_width_percent=\u00a0\u00bb100&Prime; shift_y=\u00a0\u00bb0&Prime; z_index=\u00a0\u00bb0&Prime; row_height_pixel=\u00a0\u00bb200px\u00a0\u00bb el_id=\u00a0\u00bbbandeau-page\u00a0\u00bb front_end_with_slider=\u00a0\u00bbtrue\u00a0\u00bb][vc_column column_width_percent=\u00a0\u00bb100&Prime; position_vertical=\u00a0\u00bbmiddle\u00a0\u00bb gutter_size=\u00a0\u00bb3&Prime; override_padding=\u00a0\u00bbyes\u00a0\u00bb [&hellip;]\" \/>\n<meta property=\"og:url\" content=\"https:\/\/www.tetrachim.com\/fr\/informations-legales\/\" \/>\n<meta property=\"og:site_name\" content=\"Tetrachim\" \/>\n<meta property=\"article:modified_time\" content=\"2021-04-30T13:46:40+00:00\" \/>\n<meta name=\"twitter:card\" content=\"summary_large_image\" \/>\n<meta name=\"twitter:site\" content=\"@Tetrachim\" \/>\n<meta name=\"twitter:label1\" content=\"Dur\u00e9e de lecture estim\u00e9e\" \/>\n\t<meta name=\"twitter:data1\" content=\"6 minutes\" \/>\n<script type=\"application\/ld+json\" class=\"yoast-schema-graph\">{\"@context\":\"https:\\\/\\\/schema.org\",\"@graph\":[{\"@type\":\"WebPage\",\"@id\":\"https:\\\/\\\/www.tetrachim.com\\\/fr\\\/informations-legales\\\/\",\"url\":\"https:\\\/\\\/www.tetrachim.com\\\/fr\\\/informations-legales\\\/\",\"name\":\"Informations l\u00e9gales - Tetrachim\",\"isPartOf\":{\"@id\":\"https:\\\/\\\/www.tetrachim.com\\\/fr\\\/#website\"},\"datePublished\":\"2021-04-30T13:45:13+00:00\",\"dateModified\":\"2021-04-30T13:46:40+00:00\",\"breadcrumb\":{\"@id\":\"https:\\\/\\\/www.tetrachim.com\\\/fr\\\/informations-legales\\\/#breadcrumb\"},\"inLanguage\":\"fr-FR\",\"potentialAction\":[{\"@type\":\"ReadAction\",\"target\":[\"https:\\\/\\\/www.tetrachim.com\\\/fr\\\/informations-legales\\\/\"]}]},{\"@type\":\"BreadcrumbList\",\"@id\":\"https:\\\/\\\/www.tetrachim.com\\\/fr\\\/informations-legales\\\/#breadcrumb\",\"itemListElement\":[{\"@type\":\"ListItem\",\"position\":1,\"name\":\"\",\"item\":\"https:\\\/\\\/www.tetrachim.com\\\/fr\\\/\"},{\"@type\":\"ListItem\",\"position\":2,\"name\":\"Informations l\u00e9gales\"}]},{\"@type\":\"WebSite\",\"@id\":\"https:\\\/\\\/www.tetrachim.com\\\/fr\\\/#website\",\"url\":\"https:\\\/\\\/www.tetrachim.com\\\/fr\\\/\",\"name\":\"Tetrachim\",\"description\":\"Rev\u00eatements high-tech\",\"publisher\":{\"@id\":\"https:\\\/\\\/www.tetrachim.com\\\/fr\\\/#organization\"},\"potentialAction\":[{\"@type\":\"SearchAction\",\"target\":{\"@type\":\"EntryPoint\",\"urlTemplate\":\"https:\\\/\\\/www.tetrachim.com\\\/fr\\\/?s={search_term_string}\"},\"query-input\":{\"@type\":\"PropertyValueSpecification\",\"valueRequired\":true,\"valueName\":\"search_term_string\"}}],\"inLanguage\":\"fr-FR\"},{\"@type\":\"Organization\",\"@id\":\"https:\\\/\\\/www.tetrachim.com\\\/fr\\\/#organization\",\"name\":\"Tetrachim\",\"url\":\"https:\\\/\\\/www.tetrachim.com\\\/fr\\\/\",\"logo\":{\"@type\":\"ImageObject\",\"inLanguage\":\"fr-FR\",\"@id\":\"https:\\\/\\\/www.tetrachim.com\\\/fr\\\/#\\\/schema\\\/logo\\\/image\\\/\",\"url\":\"https:\\\/\\\/www.tetrachim.com\\\/wp-content\\\/uploads\\\/2020\\\/07\\\/logo-tetrachim.png\",\"contentUrl\":\"https:\\\/\\\/www.tetrachim.com\\\/wp-content\\\/uploads\\\/2020\\\/07\\\/logo-tetrachim.png\",\"width\":244,\"height\":51,\"caption\":\"Tetrachim\"},\"image\":{\"@id\":\"https:\\\/\\\/www.tetrachim.com\\\/fr\\\/#\\\/schema\\\/logo\\\/image\\\/\"},\"sameAs\":[\"https:\\\/\\\/x.com\\\/Tetrachim\",\"https:\\\/\\\/www.linkedin.com\\\/company\\\/tetrachim\\\/\"]}]}<\/script>\n<!-- \/ Yoast SEO plugin. -->","yoast_head_json":{"title":"Informations l\u00e9gales - Tetrachim","robots":{"index":"index","follow":"follow","max-snippet":"max-snippet:-1","max-image-preview":"max-image-preview:large","max-video-preview":"max-video-preview:-1"},"canonical":"https:\/\/www.tetrachim.com\/fr\/informations-legales\/","og_locale":"fr_FR","og_type":"article","og_title":"Informations l\u00e9gales - Tetrachim","og_description":"[vc_row unlock_row_content=\u00a0\u00bbyes\u00a0\u00bb row_height_percent=\u00a0\u00bb0&Prime; override_padding=\u00a0\u00bbyes\u00a0\u00bb h_padding=\u00a0\u00bb0&Prime; top_padding=\u00a0\u00bb0&Prime; bottom_padding=\u00a0\u00bb0&Prime; back_image=\u00a0\u00bb83397&Prime; overlay_alpha=\u00a0\u00bb50&Prime; gutter_size=\u00a0\u00bb3&Prime; column_width_percent=\u00a0\u00bb100&Prime; shift_y=\u00a0\u00bb0&Prime; z_index=\u00a0\u00bb0&Prime; row_height_pixel=\u00a0\u00bb200px\u00a0\u00bb el_id=\u00a0\u00bbbandeau-page\u00a0\u00bb front_end_with_slider=\u00a0\u00bbtrue\u00a0\u00bb][vc_column column_width_percent=\u00a0\u00bb100&Prime; position_vertical=\u00a0\u00bbmiddle\u00a0\u00bb gutter_size=\u00a0\u00bb3&Prime; override_padding=\u00a0\u00bbyes\u00a0\u00bb [&hellip;]","og_url":"https:\/\/www.tetrachim.com\/fr\/informations-legales\/","og_site_name":"Tetrachim","article_modified_time":"2021-04-30T13:46:40+00:00","twitter_card":"summary_large_image","twitter_site":"@Tetrachim","twitter_misc":{"Dur\u00e9e de lecture estim\u00e9e":"6 minutes"},"schema":{"@context":"https:\/\/schema.org","@graph":[{"@type":"WebPage","@id":"https:\/\/www.tetrachim.com\/fr\/informations-legales\/","url":"https:\/\/www.tetrachim.com\/fr\/informations-legales\/","name":"Informations l\u00e9gales - Tetrachim","isPartOf":{"@id":"https:\/\/www.tetrachim.com\/fr\/#website"},"datePublished":"2021-04-30T13:45:13+00:00","dateModified":"2021-04-30T13:46:40+00:00","breadcrumb":{"@id":"https:\/\/www.tetrachim.com\/fr\/informations-legales\/#breadcrumb"},"inLanguage":"fr-FR","potentialAction":[{"@type":"ReadAction","target":["https:\/\/www.tetrachim.com\/fr\/informations-legales\/"]}]},{"@type":"BreadcrumbList","@id":"https:\/\/www.tetrachim.com\/fr\/informations-legales\/#breadcrumb","itemListElement":[{"@type":"ListItem","position":1,"name":"","item":"https:\/\/www.tetrachim.com\/fr\/"},{"@type":"ListItem","position":2,"name":"Informations l\u00e9gales"}]},{"@type":"WebSite","@id":"https:\/\/www.tetrachim.com\/fr\/#website","url":"https:\/\/www.tetrachim.com\/fr\/","name":"Tetrachim","description":"Rev\u00eatements high-tech","publisher":{"@id":"https:\/\/www.tetrachim.com\/fr\/#organization"},"potentialAction":[{"@type":"SearchAction","target":{"@type":"EntryPoint","urlTemplate":"https:\/\/www.tetrachim.com\/fr\/?s={search_term_string}"},"query-input":{"@type":"PropertyValueSpecification","valueRequired":true,"valueName":"search_term_string"}}],"inLanguage":"fr-FR"},{"@type":"Organization","@id":"https:\/\/www.tetrachim.com\/fr\/#organization","name":"Tetrachim","url":"https:\/\/www.tetrachim.com\/fr\/","logo":{"@type":"ImageObject","inLanguage":"fr-FR","@id":"https:\/\/www.tetrachim.com\/fr\/#\/schema\/logo\/image\/","url":"https:\/\/www.tetrachim.com\/wp-content\/uploads\/2020\/07\/logo-tetrachim.png","contentUrl":"https:\/\/www.tetrachim.com\/wp-content\/uploads\/2020\/07\/logo-tetrachim.png","width":244,"height":51,"caption":"Tetrachim"},"image":{"@id":"https:\/\/www.tetrachim.com\/fr\/#\/schema\/logo\/image\/"},"sameAs":["https:\/\/x.com\/Tetrachim","https:\/\/www.linkedin.com\/company\/tetrachim\/"]}]}},"_links":{"self":[{"href":"https:\/\/www.tetrachim.com\/fr\/wp-json\/wp\/v2\/pages\/93224","targetHints":{"allow":["GET"]}}],"collection":[{"href":"https:\/\/www.tetrachim.com\/fr\/wp-json\/wp\/v2\/pages"}],"about":[{"href":"https:\/\/www.tetrachim.com\/fr\/wp-json\/wp\/v2\/types\/page"}],"author":[{"embeddable":true,"href":"https:\/\/www.tetrachim.com\/fr\/wp-json\/wp\/v2\/users\/1"}],"replies":[{"embeddable":true,"href":"https:\/\/www.tetrachim.com\/fr\/wp-json\/wp\/v2\/comments?post=93224"}],"version-history":[{"count":0,"href":"https:\/\/www.tetrachim.com\/fr\/wp-json\/wp\/v2\/pages\/93224\/revisions"}],"wp:attachment":[{"href":"https:\/\/www.tetrachim.com\/fr\/wp-json\/wp\/v2\/media?parent=93224"}],"curies":[{"name":"wp","href":"https:\/\/api.w.org\/{rel}","templated":true}]}}