{"id":95763,"date":"2023-09-01T10:15:14","date_gmt":"2023-09-01T08:15:14","guid":{"rendered":"https:\/\/www.tetrachim.com\/?page_id=95763"},"modified":"2025-07-16T17:04:42","modified_gmt":"2025-07-16T15:04:42","slug":"revetements-poudre-pebax","status":"publish","type":"page","link":"https:\/\/www.tetrachim.com\/fr\/revetements-poudre-pebax\/","title":{"rendered":"Rev\u00eatement poudre Pebax\u00ae"},"content":{"rendered":"<div class=\"wpb-content-wrapper\"><p>[vc_row unlock_row_content=\u00a0\u00bbyes\u00a0\u00bb row_height_percent=\u00a0\u00bb0&Prime; override_padding=\u00a0\u00bbyes\u00a0\u00bb h_padding=\u00a0\u00bb0&Prime; top_padding=\u00a0\u00bb0&Prime; bottom_padding=\u00a0\u00bb0&Prime; back_image=\u00a0\u00bb83397&Prime; overlay_alpha=\u00a0\u00bb50&Prime; gutter_size=\u00a0\u00bb3&Prime; column_width_percent=\u00a0\u00bb100&Prime; shift_y=\u00a0\u00bb0&Prime; z_index=\u00a0\u00bb0&Prime; row_height_pixel=\u00a0\u00bb200px\u00a0\u00bb el_id=\u00a0\u00bbbandeau-page\u00a0\u00bb front_end_with_slider=\u00a0\u00bbtrue\u00a0\u00bb][vc_column column_width_percent=\u00a0\u00bb100&Prime; position_vertical=\u00a0\u00bbmiddle\u00a0\u00bb gutter_size=\u00a0\u00bb3&Prime; override_padding=\u00a0\u00bbyes\u00a0\u00bb column_padding=\u00a0\u00bb0&Prime; overlay_alpha=\u00a0\u00bb50&Prime; shift_x=\u00a0\u00bb0&Prime; shift_y=\u00a0\u00bb0&Prime; shift_y_down=\u00a0\u00bb0&Prime; z_index=\u00a0\u00bb0&Prime; medium_width=\u00a0\u00bb0&Prime; mobile_width=\u00a0\u00bb0&Prime; width=\u00a0\u00bb1\/1&Prime;][vc_row_inner row_inner_height_percent=\u00a0\u00bb100&Prime; back_image=\u00a0\u00bb85629&Prime; back_position=\u00a0\u00bbleft center\u00a0\u00bb overlay_alpha=\u00a0\u00bb50&Prime; equal_height=\u00a0\u00bbyes\u00a0\u00bb gutter_size=\u00a0\u00bb3&Prime; shift_y=\u00a0\u00bb0&Prime; z_index=\u00a0\u00bb0&Prime; back_size=\u00a0\u00bbauto 100%\u00a0\u00bb el_class=\u00a0\u00bbrangee-reduite-plus\u00a0\u00bb row_height_pixel=\u00a0\u00bb200px\u00a0\u00bb][vc_column_inner column_width_percent=\u00a0\u00bb66&Prime; position_horizontal=\u00a0\u00bbleft\u00a0\u00bb position_vertical=\u00a0\u00bbmiddle\u00a0\u00bb gutter_size=\u00a0\u00bb3&Prime; overlay_alpha=\u00a0\u00bb50&Prime; shift_x=\u00a0\u00bb0&Prime; shift_y=\u00a0\u00bb0&Prime; shift_y_down=\u00a0\u00bb0&Prime; z_index=\u00a0\u00bb0&Prime; medium_width=\u00a0\u00bb0&Prime; mobile_width=\u00a0\u00bb0&Prime; width=\u00a0\u00bb1\/1&Prime;][vc_custom_heading text_color=\u00a0\u00bbcolor-889485&Prime; heading_semantic=\u00a0\u00bbdiv\u00a0\u00bb text_font=\u00a0\u00bbfont-112492&Prime; css_animation=\u00a0\u00bbleft-t-right\u00a0\u00bb uncode_shortcode_id=\u00a0\u00bb931639&Prime; text_color_type=\u00a0\u00bbuncode-palette\u00a0\u00bb]Rev\u00eatement poudre <strong>Pebax<\/strong>[\/vc_custom_heading][vc_column_text css_animation=\u00a0\u00bbleft-t-right\u00a0\u00bb animation_delay=\u00a0\u00bb200&Prime;]<span><span><a href=\"https:\/\/www.tetrachim.com\/fr\/\"><i class=\"menu-icon fa fa-home3\"><\/i><\/a><\/span><\/span>[\/vc_column_text][\/vc_column_inner][\/vc_row_inner][vc_single_image media=\u00a0\u00bb95635&Prime; media_width_use_pixel=\u00a0\u00bbyes\u00a0\u00bb alignment=\u00a0\u00bbright\u00a0\u00bb shadow=\u00a0\u00bbyes\u00a0\u00bb shadow_weight=\u00a0\u00bblg\u00a0\u00bb css_animation=\u00a0\u00bbright-t-left\u00a0\u00bb animation_speed=\u00a0\u00bb400&Prime; media_width_pixel=\u00a0\u00bb560&Prime; uncode_shortcode_id=\u00a0\u00bb294032&Prime;][\/vc_column][\/vc_row][vc_section back_image=\u00a0\u00bb85635&Prime; back_repeat=\u00a0\u00bbno-repeat\u00a0\u00bb back_position=\u00a0\u00bbright center\u00a0\u00bb overlay_alpha=\u00a0\u00bb50&Prime; el_class=\u00a0\u00bbsection-fleche section-partner\u00a0\u00bb back_size=\u00a0\u00bb260px auto\u00a0\u00bb][vc_row row_height_percent=\u00a0\u00bb0&Prime; override_padding=\u00a0\u00bbyes\u00a0\u00bb h_padding=\u00a0\u00bb2&Prime; top_padding=\u00a0\u00bb3&Prime; bottom_padding=\u00a0\u00bb2&Prime; overlay_alpha=\u00a0\u00bb50&Prime; equal_height=\u00a0\u00bbyes\u00a0\u00bb gutter_size=\u00a0\u00bb3&Prime; column_width_percent=\u00a0\u00bb100&Prime; shift_y=\u00a0\u00bb0&Prime; z_index=\u00a0\u00bb0&Prime; el_class=\u00a0\u00bbrangee-reduite-plus intro-partner\u00a0\u00bb][vc_column column_width_percent=\u00a0\u00bb100&Prime; position_vertical=\u00a0\u00bbmiddle\u00a0\u00bb align_horizontal=\u00a0\u00bbalign_center\u00a0\u00bb gutter_size=\u00a0\u00bb0&Prime; overlay_alpha=\u00a0\u00bb50&Prime; shift_x=\u00a0\u00bb0&Prime; shift_y=\u00a0\u00bb0&Prime; shift_y_down=\u00a0\u00bb0&Prime; z_index=\u00a0\u00bb0&Prime; medium_width=\u00a0\u00bb0&Prime; mobile_width=\u00a0\u00bb0&Prime; css_animation=\u00a0\u00bbleft-t-right\u00a0\u00bb width=\u00a0\u00bb1\/3&Prime;][vc_single_image media=\u00a0\u00bb95730&Prime; media_width_percent=\u00a0\u00bb100&Prime; media_ratio=\u00a0\u00bbone-one\u00a0\u00bb alignment=\u00a0\u00bbcenter\u00a0\u00bb uncode_shortcode_id=\u00a0\u00bb200307&Prime;][vc_column_text uncode_shortcode_id=\u00a0\u00bb674989&Prime;]Les r\u00e9sines Pebax sont reconnues pour leur combinaison d&rsquo;\u00e9lasticit\u00e9 et de r\u00e9sistance m\u00e9canique.[\/vc_column_text][\/vc_column][vc_column column_width_percent=\u00a0\u00bb100&Prime; position_vertical=\u00a0\u00bbmiddle\u00a0\u00bb gutter_size=\u00a0\u00bb3&Prime; override_padding=\u00a0\u00bbyes\u00a0\u00bb column_padding=\u00a0\u00bb2&Prime; overlay_alpha=\u00a0\u00bb50&Prime; shift_x=\u00a0\u00bb0&Prime; shift_y=\u00a0\u00bb0&Prime; shift_y_down=\u00a0\u00bb0&Prime; z_index=\u00a0\u00bb0&Prime; medium_width=\u00a0\u00bb0&Prime; mobile_width=\u00a0\u00bb0&Prime; css_animation=\u00a0\u00bbzoom-out\u00a0\u00bb animation_delay=\u00a0\u00bb200&Prime; width=\u00a0\u00bb2\/3&Prime;][vc_custom_heading heading_semantic=\u00a0\u00bbh1&Prime; text_size=\u00a0\u00bbh3&Prime; uncode_shortcode_id=\u00a0\u00bb323853&Prime;]Rev\u00eatement poudre <strong>Pebax<\/strong>[\/vc_custom_heading][vc_column_text uncode_shortcode_id=\u00a0\u00bb141339&Prime;]<strong>Pebax\u00ae<\/strong> est un \u00e9lastom\u00e8re thermoplastique compos\u00e9 de poly\u00e9ther flexible et de polyamide rigide<strong>.<\/strong> Il est devenu c\u00e9l\u00e8bre pour sa combinaison exceptionnelle de l\u00e9g\u00e8ret\u00e9 (g\u00e9n\u00e9ralement 20 % plus l\u00e9ger que les polym\u00e8res concurrents) et son retour d&rsquo;\u00e9nergie extr\u00eamement efficace sur une tr\u00e8s large plage de temp\u00e9ratures. Par cons\u00e9quent, les \u00e9lastom\u00e8res <sup>Pebax\u00ae<\/sup> ont tendance \u00e0 ne pas se raidir\/se fragiliser \u00e0 basse temp\u00e9rature, et \u00e0 ne pas se ramollir ou \u00e0 perdre leur \u00e9lasticit\u00e9 \u00e0 des temp\u00e9ratures plus \u00e9lev\u00e9es.[\/vc_column_text][vc_row_inner row_inner_height_percent=\u00a0\u00bb0&Prime; overlay_alpha=\u00a0\u00bb50&Prime; equal_height=\u00a0\u00bbyes\u00a0\u00bb gutter_size=\u00a0\u00bb3&Prime; shift_y=\u00a0\u00bb0&Prime; z_index=\u00a0\u00bb0&Prime; el_class=\u00a0\u00bbancres-box\u00a0\u00bb limit_content=\u00a0\u00bb\u00a0\u00bb uncode_shortcode_id=\u00a0\u00bb159234&Prime;][vc_column_inner column_width_percent=\u00a0\u00bb100&Prime; gutter_size=\u00a0\u00bb3&Prime; style=\u00a0\u00bbdark\u00a0\u00bb back_image=\u00a0\u00bb95777&Prime; overlay_color=\u00a0\u00bbcolor-889485&Prime; overlay_alpha=\u00a0\u00bb69&Prime; shift_x=\u00a0\u00bb0&Prime; shift_y=\u00a0\u00bb0&Prime; shift_y_down=\u00a0\u00bb0&Prime; z_index=\u00a0\u00bb0&Prime; medium_width=\u00a0\u00bb0&Prime; mobile_width=\u00a0\u00bb0&Prime; width=\u00a0\u00bb1\/2&Prime; uncode_shortcode_id=\u00a0\u00bb375778&Prime; overlay_color_type=\u00a0\u00bbuncode-palette\u00a0\u00bb][vc_icon position=\u00a0\u00bbleft\u00a0\u00bb icon_image=\u00a0\u00bb95768&Prime; media_size=\u00a0\u00bb80&Prime; heading_semantic=\u00a0\u00bbh2&Prime; text_size=\u00a0\u00bbfontsize-155944&Prime; text_weight=\u00a0\u00bb700&Prime; linked_title=\u00a0\u00bbyes\u00a0\u00bb link=\u00a0\u00bb|||\u00a0\u00bb uncode_shortcode_id=\u00a0\u00bb290463&Prime;]Vous voulez consulter la fiche technique de Pebax ?<br \/>\nVisitez notre boutique en ligne![\/vc_icon][\/vc_column_inner][vc_column_inner column_width_percent=\u00a0\u00bb100&Prime; gutter_size=\u00a0\u00bb3&Prime; style=\u00a0\u00bblight\u00a0\u00bb back_image=\u00a0\u00bb86515&Prime; overlay_color=\u00a0\u00bbcolor-xsdn\u00a0\u00bb overlay_alpha=\u00a0\u00bb75&Prime; shift_x=\u00a0\u00bb0&Prime; shift_y=\u00a0\u00bb0&Prime; shift_y_down=\u00a0\u00bb0&Prime; z_index=\u00a0\u00bb0&Prime; medium_width=\u00a0\u00bb0&Prime; mobile_width=\u00a0\u00bb0&Prime; width=\u00a0\u00bb1\/2&Prime; uncode_shortcode_id=\u00a0\u00bb152671&Prime; overlay_color_type=\u00a0\u00bbuncode-palette\u00a0\u00bb][vc_icon position=\u00a0\u00bbleft\u00a0\u00bb icon_image=\u00a0\u00bb95795&Prime; icon_color=\u00a0\u00bbcolor-xsdn\u00a0\u00bb media_size=\u00a0\u00bb80&Prime; heading_semantic=\u00a0\u00bbh2&Prime; text_size=\u00a0\u00bbfontsize-155944&Prime; text_weight=\u00a0\u00bb700&Prime; linked_title=\u00a0\u00bbyes\u00a0\u00bb link=\u00a0\u00bb|||\u00a0\u00bb uncode_shortcode_id=\u00a0\u00bb146477&Prime; icon_color_type=\u00a0\u00bbuncode-palette\u00a0\u00bb]Vous voulez v\u00e9rifier si Pebax peut \u00eatre adapt\u00e9 \u00e0 votre application ? Contactez-nous![\/vc_icon][\/vc_column_inner][\/vc_row_inner][\/vc_column][\/vc_row][\/vc_section][vc_section back_image=\u00a0\u00bb85635&Prime; back_repeat=\u00a0\u00bbno-repeat\u00a0\u00bb back_position=\u00a0\u00bbright center\u00a0\u00bb overlay_alpha=\u00a0\u00bb50&Prime; el_class=\u00a0\u00bbsection-fleche section-partner\u00a0\u00bb back_size=\u00a0\u00bb260px auto\u00a0\u00bb][vc_row row_height_percent=\u00a0\u00bb0&Prime; override_padding=\u00a0\u00bbyes\u00a0\u00bb h_padding=\u00a0\u00bb2&Prime; top_padding=\u00a0\u00bb0&Prime; bottom_padding=\u00a0\u00bb2&Prime; overlay_alpha=\u00a0\u00bb50&Prime; equal_height=\u00a0\u00bbyes\u00a0\u00bb gutter_size=\u00a0\u00bb3&Prime; column_width_percent=\u00a0\u00bb100&Prime; shift_y=\u00a0\u00bb0&Prime; z_index=\u00a0\u00bb0&Prime; el_class=\u00a0\u00bbrangee-reduite-plus intro-partner\u00a0\u00bb uncode_shortcode_id=\u00a0\u00bb109220&Prime;][vc_column column_width_percent=\u00a0\u00bb100&Prime; position_vertical=\u00a0\u00bbmiddle\u00a0\u00bb gutter_size=\u00a0\u00bb3&Prime; override_padding=\u00a0\u00bbyes\u00a0\u00bb column_padding=\u00a0\u00bb2&Prime; overlay_alpha=\u00a0\u00bb50&Prime; shift_x=\u00a0\u00bb0&Prime; shift_y=\u00a0\u00bb0&Prime; shift_y_down=\u00a0\u00bb0&Prime; z_index=\u00a0\u00bb0&Prime; medium_width=\u00a0\u00bb0&Prime; mobile_width=\u00a0\u00bb0&Prime; css_animation=\u00a0\u00bbzoom-out\u00a0\u00bb animation_delay=\u00a0\u00bb200&Prime; width=\u00a0\u00bb1\/1&Prime;][vc_row_inner limit_content=\u00a0\u00bb\u00a0\u00bb][vc_column_inner column_width_percent=\u00a0\u00bb100&Prime; gutter_size=\u00a0\u00bb3&Prime; overlay_alpha=\u00a0\u00bb50&Prime; shift_x=\u00a0\u00bb0&Prime; shift_y=\u00a0\u00bb0&Prime; shift_y_down=\u00a0\u00bb0&Prime; z_index=\u00a0\u00bb0&Prime; medium_width=\u00a0\u00bb4&Prime; mobile_width=\u00a0\u00bb7&Prime; width=\u00a0\u00bb1\/2&Prime;][vc_custom_heading text_size=\u00a0\u00bbh6&Prime; uncode_shortcode_id=\u00a0\u00bb206259&Prime;]Les rev\u00eatements poudre Pebax peuvent \u00eatre appliqu\u00e9s avec :[\/vc_custom_heading][uncode_list icon=\u00a0\u00bbfa fa-chevron-right\u00a0\u00bb icon_color=\u00a0\u00bbcolor-104255&Prime; uncode_shortcode_id=\u00a0\u00bb213068&Prime; icon_color_type=\u00a0\u00bbuncode-palette\u00a0\u00bb]<\/p>\n<ul>\n<li>Bain fluidis\u00e9<\/li>\n<li>Pulv\u00e9risation \u00e9lectrostatique<\/li>\n<\/ul>\n<p>[\/uncode_list][\/vc_column_inner][vc_column_inner column_width_percent=\u00a0\u00bb100&Prime; gutter_size=\u00a0\u00bb3&Prime; overlay_alpha=\u00a0\u00bb50&Prime; shift_x=\u00a0\u00bb0&Prime; shift_y=\u00a0\u00bb0&Prime; shift_y_down=\u00a0\u00bb0&Prime; z_index=\u00a0\u00bb0&Prime; medium_width=\u00a0\u00bb4&Prime; mobile_width=\u00a0\u00bb7&Prime; width=\u00a0\u00bb1\/2&Prime;][vc_custom_heading text_size=\u00a0\u00bbh6&Prime; uncode_shortcode_id=\u00a0\u00bb526469&Prime;]Les rev\u00eatements Pebax pr\u00e9sentent les caract\u00e9ristiques suivantes :[\/vc_custom_heading][uncode_list icon=\u00a0\u00bbfa fa-chevron-right\u00a0\u00bb icon_color=\u00a0\u00bbcolor-104255&Prime; uncode_shortcode_id=\u00a0\u00bb269050&Prime; icon_color_type=\u00a0\u00bbuncode-palette\u00a0\u00bb]<\/p>\n<ul>\n<li>Retour d&rsquo;\u00e9nergie efficace sur une large plage de temp\u00e9ratures<\/li>\n<li>L\u00e9ger<\/li>\n<li>R\u00e9sistance aux chocs<\/li>\n<li>Flexibilit\u00e9<\/li>\n<li>Texture lisse avec aspect brillant<\/li>\n<\/ul>\n<p>[\/uncode_list][\/vc_column_inner][\/vc_row_inner][\/vc_column][\/vc_row][vc_row unlock_row_content=\u00a0\u00bbyes\u00a0\u00bb row_height_percent=\u00a0\u00bb0&Prime; override_padding=\u00a0\u00bbyes\u00a0\u00bb h_padding=\u00a0\u00bb2&Prime; top_padding=\u00a0\u00bb2&Prime; bottom_padding=\u00a0\u00bb2&Prime; overlay_alpha=\u00a0\u00bb50&Prime; gutter_size=\u00a0\u00bb3&Prime; column_width_percent=\u00a0\u00bb100&Prime; shift_y=\u00a0\u00bb0&Prime; z_index=\u00a0\u00bb0&Prime; el_class=\u00a0\u00bbrangee-reduite-plus galerie-masonry\u00a0\u00bb uncode_shortcode_id=\u00a0\u00bb385901&Prime;][vc_column column_width_percent=\u00a0\u00bb100&Prime; align_horizontal=\u00a0\u00bbalign_center\u00a0\u00bb gutter_size=\u00a0\u00bb3&Prime; overlay_alpha=\u00a0\u00bb50&Prime; shift_x=\u00a0\u00bb0&Prime; shift_y=\u00a0\u00bb0&Prime; shift_y_down=\u00a0\u00bb0&Prime; z_index=\u00a0\u00bb0&Prime; medium_width=\u00a0\u00bb0&Prime; mobile_width=\u00a0\u00bb0&Prime; width=\u00a0\u00bb1\/1&Prime;][vc_custom_heading text_size=\u00a0\u00bbh3&Prime; css_animation=\u00a0\u00bbzoom-out\u00a0\u00bb]<strong>Exemples <\/strong>d&rsquo;applications[\/vc_custom_heading][vc_gallery el_id=\u00a0\u00bbgallery-43823&Prime; medias=\u00a0\u00bb95745,95740,95735&Prime; gutter_size=\u00a0\u00bb2&Prime; media_items=\u00a0\u00bbmedia|nolink|original\u00a0\u00bb screen_lg=\u00a0\u00bb1000&Prime; screen_md=\u00a0\u00bb600&Prime; screen_sm=\u00a0\u00bb480&Prime; single_overlay_opacity=\u00a0\u00bb50&Prime; single_overlay_anim=\u00a0\u00bbno\u00a0\u00bb single_h_align=\u00a0\u00bbcenter\u00a0\u00bb single_padding=\u00a0\u00bb2&Prime; single_icon=\u00a0\u00bbfa fa-plus2&Prime; single_border=\u00a0\u00bbyes\u00a0\u00bb single_css_animation=\u00a0\u00bbbottom-t-top\u00a0\u00bb single_animation_delay=\u00a0\u00bb100&Prime; lbox_title=\u00a0\u00bbyes\u00a0\u00bb lbox_caption=\u00a0\u00bbyes\u00a0\u00bb lbox_social=\u00a0\u00bbyes\u00a0\u00bb lbox_deep=\u00a0\u00bbyes\u00a0\u00bb lbox_no_tmb=\u00a0\u00bbyes\u00a0\u00bb no_double_tap=\u00a0\u00bbyes\u00a0\u00bb items=\u00a0\u00bbe30=\u00a0\u00bb uncode_shortcode_id=\u00a0\u00bb116556&Prime;][\/vc_column][\/vc_row][\/vc_section][vc_row unlock_row_content=\u00a0\u00bbyes\u00a0\u00bb row_height_percent=\u00a0\u00bb0&Prime; back_image=\u00a0\u00bb87012&Prime; back_position=\u00a0\u00bbcenter bottom\u00a0\u00bb overlay_color=\u00a0\u00bbcolor-156355&Prime; overlay_alpha=\u00a0\u00bb78&Prime; gutter_size=\u00a0\u00bb3&Prime; column_width_percent=\u00a0\u00bb100&Prime; shift_y=\u00a0\u00bb0&Prime; z_index=\u00a0\u00bb0&Prime; el_class=\u00a0\u00bbcta\u00a0\u00bb][vc_column column_width_use_pixel=\u00a0\u00bbyes\u00a0\u00bb position_horizontal=\u00a0\u00bbleft\u00a0\u00bb position_vertical=\u00a0\u00bbmiddle\u00a0\u00bb gutter_size=\u00a0\u00bb3&Prime; style=\u00a0\u00bbdark\u00a0\u00bb overlay_alpha=\u00a0\u00bb50&Prime; shift_x=\u00a0\u00bb0&Prime; shift_y=\u00a0\u00bb0&Prime; shift_y_down=\u00a0\u00bb0&Prime; z_index=\u00a0\u00bb0&Prime; align_medium=\u00a0\u00bbalign_center_tablet\u00a0\u00bb medium_width=\u00a0\u00bb0&Prime; align_mobile=\u00a0\u00bbalign_center_mobile\u00a0\u00bb mobile_width=\u00a0\u00bb0&Prime; width=\u00a0\u00bb2\/3&Prime; column_width_pixel=\u00a0\u00bb900&Prime;][vc_custom_heading text_size=\u00a0\u00bbh6&Prime; sub_lead=\u00a0\u00bbyes\u00a0\u00bb sub_reduced=\u00a0\u00bbyes\u00a0\u00bb css_animation=\u00a0\u00bbzoom-in\u00a0\u00bb uncode_shortcode_id=\u00a0\u00bb174142&Prime;]Plus d&rsquo;informations sur les produits Pebax ?[\/vc_custom_heading][vc_column_text text_lead=\u00a0\u00bbyes\u00a0\u00bb css_animation=\u00a0\u00bbzoom-in\u00a0\u00bb animation_speed=\u00a0\u00bb600&Prime;]Des guides de s\u00e9lection, des tutoriels ou des livres blancs vous aideront \u00e0 choisir le produit adapt\u00e9 \u00e0 vos besoins. Si vous ne trouvez pas ce que vous cherchez, n&rsquo;h\u00e9sitez pas \u00e0 nous contacter par t\u00e9l\u00e9phone au <a href=\"tel:+33161440290\">01.61.44.02.90<\/a> ou par e-mail \u00e0 <a href=\"mailto:info@tetrachim.com\">info@tetrachim.com .<\/a>[\/vc_column_text][\/vc_column][vc_column column_width_percent=\u00a0\u00bb100&Prime; position_vertical=\u00a0\u00bbmiddle\u00a0\u00bb gutter_size=\u00a0\u00bb3&Prime; style=\u00a0\u00bbdark\u00a0\u00bb overlay_alpha=\u00a0\u00bb50&Prime; shift_x=\u00a0\u00bb0&Prime; shift_y=\u00a0\u00bb0&Prime; shift_y_down=\u00a0\u00bb0&Prime; z_index=\u00a0\u00bb0&Prime; align_medium=\u00a0\u00bbalign_center_tablet\u00a0\u00bb medium_width=\u00a0\u00bb0&Prime; align_mobile=\u00a0\u00bbalign_center_mobile\u00a0\u00bb mobile_width=\u00a0\u00bb0&Prime; width=\u00a0\u00bb1\/3&Prime;][vc_button button_color=\u00a0\u00bbcolor-xsdn\u00a0\u00bb border_width=\u00a0\u00bb0&Prime; el_class=\u00a0\u00bbbtn-outline btn-blanc\u00a0\u00bb]Aller dans notre centre de connaissances[\/vc_button][\/vc_column][\/vc_row]<\/p>\n<\/div>","protected":false},"excerpt":{"rendered":"<p>[vc_row unlock_row_content=\u00a0\u00bbyes\u00a0\u00bb row_height_percent=\u00a0\u00bb0&Prime; override_padding=\u00a0\u00bbyes\u00a0\u00bb h_padding=\u00a0\u00bb0&Prime; top_padding=\u00a0\u00bb0&Prime; bottom_padding=\u00a0\u00bb0&Prime; back_image=\u00a0\u00bb83397&Prime; overlay_alpha=\u00a0\u00bb50&Prime; gutter_size=\u00a0\u00bb3&Prime; column_width_percent=\u00a0\u00bb100&Prime; shift_y=\u00a0\u00bb0&Prime; z_index=\u00a0\u00bb0&Prime; row_height_pixel=\u00a0\u00bb200px\u00a0\u00bb el_id=\u00a0\u00bbbandeau-page\u00a0\u00bb front_end_with_slider=\u00a0\u00bbtrue\u00a0\u00bb][vc_column column_width_percent=\u00a0\u00bb100&Prime; position_vertical=\u00a0\u00bbmiddle\u00a0\u00bb gutter_size=\u00a0\u00bb3&Prime; override_padding=\u00a0\u00bbyes\u00a0\u00bb [&hellip;]<\/p>\n","protected":false},"author":2,"featured_media":0,"parent":0,"menu_order":0,"comment_status":"closed","ping_status":"closed","template":"","meta":{"footnotes":""},"class_list":["post-95763","page","type-page","status-publish","hentry"],"yoast_head":"<!-- This site is optimized with the Yoast SEO plugin v27.4 - https:\/\/yoast.com\/product\/yoast-seo-wordpress\/ -->\n<title>Rev\u00eatement poudre Pebax\u00ae - Tetrachim<\/title>\n<meta name=\"robots\" content=\"index, follow, max-snippet:-1, max-image-preview:large, max-video-preview:-1\" \/>\n<link rel=\"canonical\" href=\"https:\/\/www.tetrachim.com\/fr\/revetements-poudre-pebax\/\" \/>\n<meta property=\"og:locale\" content=\"fr_FR\" \/>\n<meta property=\"og:type\" content=\"article\" \/>\n<meta property=\"og:title\" content=\"Rev\u00eatement poudre Pebax\u00ae - Tetrachim\" \/>\n<meta property=\"og:description\" content=\"[vc_row unlock_row_content=\u00a0\u00bbyes\u00a0\u00bb row_height_percent=\u00a0\u00bb0&Prime; override_padding=\u00a0\u00bbyes\u00a0\u00bb h_padding=\u00a0\u00bb0&Prime; top_padding=\u00a0\u00bb0&Prime; bottom_padding=\u00a0\u00bb0&Prime; back_image=\u00a0\u00bb83397&Prime; overlay_alpha=\u00a0\u00bb50&Prime; gutter_size=\u00a0\u00bb3&Prime; column_width_percent=\u00a0\u00bb100&Prime; shift_y=\u00a0\u00bb0&Prime; z_index=\u00a0\u00bb0&Prime; row_height_pixel=\u00a0\u00bb200px\u00a0\u00bb el_id=\u00a0\u00bbbandeau-page\u00a0\u00bb front_end_with_slider=\u00a0\u00bbtrue\u00a0\u00bb][vc_column column_width_percent=\u00a0\u00bb100&Prime; position_vertical=\u00a0\u00bbmiddle\u00a0\u00bb gutter_size=\u00a0\u00bb3&Prime; override_padding=\u00a0\u00bbyes\u00a0\u00bb [&hellip;]\" \/>\n<meta property=\"og:url\" content=\"https:\/\/www.tetrachim.com\/fr\/revetements-poudre-pebax\/\" \/>\n<meta property=\"og:site_name\" content=\"Tetrachim\" \/>\n<meta property=\"article:modified_time\" content=\"2025-07-16T15:04:42+00:00\" \/>\n<meta name=\"twitter:card\" content=\"summary_large_image\" \/>\n<meta name=\"twitter:site\" content=\"@Tetrachim\" \/>\n<meta name=\"twitter:label1\" content=\"Dur\u00e9e de lecture estim\u00e9e\" \/>\n\t<meta name=\"twitter:data1\" content=\"3 minutes\" \/>\n<script type=\"application\/ld+json\" class=\"yoast-schema-graph\">{\"@context\":\"https:\\\/\\\/schema.org\",\"@graph\":[{\"@type\":\"WebPage\",\"@id\":\"https:\\\/\\\/www.tetrachim.com\\\/fr\\\/revetements-poudre-pebax\\\/\",\"url\":\"https:\\\/\\\/www.tetrachim.com\\\/fr\\\/revetements-poudre-pebax\\\/\",\"name\":\"Rev\u00eatement poudre Pebax\u00ae - Tetrachim\",\"isPartOf\":{\"@id\":\"https:\\\/\\\/www.tetrachim.com\\\/fr\\\/#website\"},\"datePublished\":\"2023-09-01T08:15:14+00:00\",\"dateModified\":\"2025-07-16T15:04:42+00:00\",\"breadcrumb\":{\"@id\":\"https:\\\/\\\/www.tetrachim.com\\\/fr\\\/revetements-poudre-pebax\\\/#breadcrumb\"},\"inLanguage\":\"fr-FR\",\"potentialAction\":[{\"@type\":\"ReadAction\",\"target\":[\"https:\\\/\\\/www.tetrachim.com\\\/fr\\\/revetements-poudre-pebax\\\/\"]}]},{\"@type\":\"BreadcrumbList\",\"@id\":\"https:\\\/\\\/www.tetrachim.com\\\/fr\\\/revetements-poudre-pebax\\\/#breadcrumb\",\"itemListElement\":[{\"@type\":\"ListItem\",\"position\":1,\"name\":\"\",\"item\":\"https:\\\/\\\/www.tetrachim.com\\\/fr\\\/\"},{\"@type\":\"ListItem\",\"position\":2,\"name\":\"Rev\u00eatement poudre Pebax\u00ae\"}]},{\"@type\":\"WebSite\",\"@id\":\"https:\\\/\\\/www.tetrachim.com\\\/fr\\\/#website\",\"url\":\"https:\\\/\\\/www.tetrachim.com\\\/fr\\\/\",\"name\":\"Tetrachim\",\"description\":\"Rev\u00eatements high-tech\",\"publisher\":{\"@id\":\"https:\\\/\\\/www.tetrachim.com\\\/fr\\\/#organization\"},\"potentialAction\":[{\"@type\":\"SearchAction\",\"target\":{\"@type\":\"EntryPoint\",\"urlTemplate\":\"https:\\\/\\\/www.tetrachim.com\\\/fr\\\/?s={search_term_string}\"},\"query-input\":{\"@type\":\"PropertyValueSpecification\",\"valueRequired\":true,\"valueName\":\"search_term_string\"}}],\"inLanguage\":\"fr-FR\"},{\"@type\":\"Organization\",\"@id\":\"https:\\\/\\\/www.tetrachim.com\\\/fr\\\/#organization\",\"name\":\"Tetrachim\",\"url\":\"https:\\\/\\\/www.tetrachim.com\\\/fr\\\/\",\"logo\":{\"@type\":\"ImageObject\",\"inLanguage\":\"fr-FR\",\"@id\":\"https:\\\/\\\/www.tetrachim.com\\\/fr\\\/#\\\/schema\\\/logo\\\/image\\\/\",\"url\":\"https:\\\/\\\/www.tetrachim.com\\\/wp-content\\\/uploads\\\/2020\\\/07\\\/logo-tetrachim.png\",\"contentUrl\":\"https:\\\/\\\/www.tetrachim.com\\\/wp-content\\\/uploads\\\/2020\\\/07\\\/logo-tetrachim.png\",\"width\":244,\"height\":51,\"caption\":\"Tetrachim\"},\"image\":{\"@id\":\"https:\\\/\\\/www.tetrachim.com\\\/fr\\\/#\\\/schema\\\/logo\\\/image\\\/\"},\"sameAs\":[\"https:\\\/\\\/x.com\\\/Tetrachim\",\"https:\\\/\\\/www.linkedin.com\\\/company\\\/tetrachim\\\/\"]}]}<\/script>\n<!-- \/ Yoast SEO plugin. -->","yoast_head_json":{"title":"Rev\u00eatement poudre Pebax\u00ae - Tetrachim","robots":{"index":"index","follow":"follow","max-snippet":"max-snippet:-1","max-image-preview":"max-image-preview:large","max-video-preview":"max-video-preview:-1"},"canonical":"https:\/\/www.tetrachim.com\/fr\/revetements-poudre-pebax\/","og_locale":"fr_FR","og_type":"article","og_title":"Rev\u00eatement poudre Pebax\u00ae - Tetrachim","og_description":"[vc_row unlock_row_content=\u00a0\u00bbyes\u00a0\u00bb row_height_percent=\u00a0\u00bb0&Prime; override_padding=\u00a0\u00bbyes\u00a0\u00bb h_padding=\u00a0\u00bb0&Prime; top_padding=\u00a0\u00bb0&Prime; bottom_padding=\u00a0\u00bb0&Prime; back_image=\u00a0\u00bb83397&Prime; overlay_alpha=\u00a0\u00bb50&Prime; gutter_size=\u00a0\u00bb3&Prime; column_width_percent=\u00a0\u00bb100&Prime; shift_y=\u00a0\u00bb0&Prime; z_index=\u00a0\u00bb0&Prime; row_height_pixel=\u00a0\u00bb200px\u00a0\u00bb el_id=\u00a0\u00bbbandeau-page\u00a0\u00bb front_end_with_slider=\u00a0\u00bbtrue\u00a0\u00bb][vc_column column_width_percent=\u00a0\u00bb100&Prime; position_vertical=\u00a0\u00bbmiddle\u00a0\u00bb gutter_size=\u00a0\u00bb3&Prime; override_padding=\u00a0\u00bbyes\u00a0\u00bb [&hellip;]","og_url":"https:\/\/www.tetrachim.com\/fr\/revetements-poudre-pebax\/","og_site_name":"Tetrachim","article_modified_time":"2025-07-16T15:04:42+00:00","twitter_card":"summary_large_image","twitter_site":"@Tetrachim","twitter_misc":{"Dur\u00e9e de lecture estim\u00e9e":"3 minutes"},"schema":{"@context":"https:\/\/schema.org","@graph":[{"@type":"WebPage","@id":"https:\/\/www.tetrachim.com\/fr\/revetements-poudre-pebax\/","url":"https:\/\/www.tetrachim.com\/fr\/revetements-poudre-pebax\/","name":"Rev\u00eatement poudre Pebax\u00ae - Tetrachim","isPartOf":{"@id":"https:\/\/www.tetrachim.com\/fr\/#website"},"datePublished":"2023-09-01T08:15:14+00:00","dateModified":"2025-07-16T15:04:42+00:00","breadcrumb":{"@id":"https:\/\/www.tetrachim.com\/fr\/revetements-poudre-pebax\/#breadcrumb"},"inLanguage":"fr-FR","potentialAction":[{"@type":"ReadAction","target":["https:\/\/www.tetrachim.com\/fr\/revetements-poudre-pebax\/"]}]},{"@type":"BreadcrumbList","@id":"https:\/\/www.tetrachim.com\/fr\/revetements-poudre-pebax\/#breadcrumb","itemListElement":[{"@type":"ListItem","position":1,"name":"","item":"https:\/\/www.tetrachim.com\/fr\/"},{"@type":"ListItem","position":2,"name":"Rev\u00eatement poudre Pebax\u00ae"}]},{"@type":"WebSite","@id":"https:\/\/www.tetrachim.com\/fr\/#website","url":"https:\/\/www.tetrachim.com\/fr\/","name":"Tetrachim","description":"Rev\u00eatements high-tech","publisher":{"@id":"https:\/\/www.tetrachim.com\/fr\/#organization"},"potentialAction":[{"@type":"SearchAction","target":{"@type":"EntryPoint","urlTemplate":"https:\/\/www.tetrachim.com\/fr\/?s={search_term_string}"},"query-input":{"@type":"PropertyValueSpecification","valueRequired":true,"valueName":"search_term_string"}}],"inLanguage":"fr-FR"},{"@type":"Organization","@id":"https:\/\/www.tetrachim.com\/fr\/#organization","name":"Tetrachim","url":"https:\/\/www.tetrachim.com\/fr\/","logo":{"@type":"ImageObject","inLanguage":"fr-FR","@id":"https:\/\/www.tetrachim.com\/fr\/#\/schema\/logo\/image\/","url":"https:\/\/www.tetrachim.com\/wp-content\/uploads\/2020\/07\/logo-tetrachim.png","contentUrl":"https:\/\/www.tetrachim.com\/wp-content\/uploads\/2020\/07\/logo-tetrachim.png","width":244,"height":51,"caption":"Tetrachim"},"image":{"@id":"https:\/\/www.tetrachim.com\/fr\/#\/schema\/logo\/image\/"},"sameAs":["https:\/\/x.com\/Tetrachim","https:\/\/www.linkedin.com\/company\/tetrachim\/"]}]}},"_links":{"self":[{"href":"https:\/\/www.tetrachim.com\/fr\/wp-json\/wp\/v2\/pages\/95763","targetHints":{"allow":["GET"]}}],"collection":[{"href":"https:\/\/www.tetrachim.com\/fr\/wp-json\/wp\/v2\/pages"}],"about":[{"href":"https:\/\/www.tetrachim.com\/fr\/wp-json\/wp\/v2\/types\/page"}],"author":[{"embeddable":true,"href":"https:\/\/www.tetrachim.com\/fr\/wp-json\/wp\/v2\/users\/2"}],"replies":[{"embeddable":true,"href":"https:\/\/www.tetrachim.com\/fr\/wp-json\/wp\/v2\/comments?post=95763"}],"version-history":[{"count":9,"href":"https:\/\/www.tetrachim.com\/fr\/wp-json\/wp\/v2\/pages\/95763\/revisions"}],"predecessor-version":[{"id":98161,"href":"https:\/\/www.tetrachim.com\/fr\/wp-json\/wp\/v2\/pages\/95763\/revisions\/98161"}],"wp:attachment":[{"href":"https:\/\/www.tetrachim.com\/fr\/wp-json\/wp\/v2\/media?parent=95763"}],"curies":[{"name":"wp","href":"https:\/\/api.w.org\/{rel}","templated":true}]}}