{"id":99284,"date":"2025-07-22T12:32:08","date_gmt":"2025-07-22T10:32:08","guid":{"rendered":"https:\/\/www.tetrachim.com\/teflon-ptfe\/"},"modified":"2025-07-22T12:32:13","modified_gmt":"2025-07-22T10:32:13","slug":"teflon-ptfe","status":"publish","type":"page","link":"https:\/\/www.tetrachim.com\/fr\/teflon-ptfe\/","title":{"rendered":"Teflon\u2122 PTFE"},"content":{"rendered":"<div class=\"wpb-content-wrapper\"><p>[vc_row][\/vc_row][vc_column width=\u00a0\u00bb1\/1&Prime;][\/vc_column][vc_row][vc_column width=\u00a0\u00bb1\/1&Prime;][vc_custom_heading uncode_shortcode_id=\u00a0\u00bb627618&Prime;]Rev\u00eatements anti-adh\u00e9rents Teflon\u2122 PTFE (polyt\u00e9trafluoro\u00e9thyl\u00e8ne) : Solutions haute performance \u00e0 base de fluoropolym\u00e8res[\/vc_custom_heading][vc_column_text uncode_shortcode_id=\u00a0\u00bb972728&Prime;]<\/p>\n<p class=\"\" data-start=\"176\" data-end=\"547\">Les rev\u00eatements anti-adh\u00e9rents Teflon\u2122 PTFE (Polyt\u00e9trafluoro\u00e9thyl\u00e8ne) sont des syst\u00e8mes fluoropolym\u00e8res avanc\u00e9s g\u00e9n\u00e9ralement appliqu\u00e9s en deux couches, compos\u00e9es d&rsquo;un <strong data-start=\"325\" data-end=\"335\">appr\u00eat<\/strong> et d&rsquo;une <strong data-start=\"340\" data-end=\"351\">couche de finition<\/strong>. Ces rev\u00eatements sont r\u00e9put\u00e9s pour leurs <strong data-start=\"391\" data-end=\"427\">propri\u00e9t\u00e9s anti-adh\u00e9rentes exceptionnelles<\/strong>, ce qui les rend id\u00e9aux pour les applications o\u00f9 <strong data-start=\"470\" data-end=\"486\">un faible frottement<\/strong>, un <strong data-start=\"488\" data-end=\"504\">d\u00e9moulage facile<\/strong> et une <strong data-start=\"510\" data-end=\"533\">r\u00e9sistance chimique<\/strong> sont essentiels. <\/p>\n<p class=\"\" data-start=\"549\" data-end=\"894\">Avec la <strong data-start=\"558\" data-end=\"591\">temp\u00e9rature de fonctionnement la plus \u00e9lev\u00e9e<\/strong> de tous les rev\u00eatements fluoropolym\u00e8res &#8211; jusqu&rsquo;\u00e0 <strong data-start=\"627\" data-end=\"644\">260\u00b0C (500\u00b0F)<\/strong>&#8211; les rev\u00eatements PTFE Teflon\u2122 conviennent aux <strong data-start=\"684\" data-end=\"721\">environnements industriels exigeants<\/strong> tels que la fabrication d&rsquo;ustensiles de cuisine, les pi\u00e8ces automobiles, les \u00e9quipements de transformation alimentaire et les composants de traitement chimique. Outre la <strong data-start=\"850\" data-end=\"871\">stabilit\u00e9 thermique<\/strong>, ces rev\u00eatements offrent : <\/p>\n<ul data-start=\"896\" data-end=\"1170\">\n<li class=\"\" data-start=\"896\" data-end=\"984\">\n<p class=\"\" data-start=\"898\" data-end=\"984\"><strong data-start=\"898\" data-end=\"939\">Coefficient de frottement extr\u00eamement faible<\/strong>, permettant un fonctionnement en douceur et une usure r\u00e9duite.<\/p>\n<\/li>\n<li class=\"\" data-start=\"985\" data-end=\"1086\">\n<p class=\"\" data-start=\"987\" data-end=\"1086\"><strong data-start=\"987\" data-end=\"1034\">Excellente r\u00e9sistance aux produits chimiques et \u00e0 la corrosion<\/strong>, ce qui les rend id\u00e9ales pour les environnements chimiques difficiles.<\/p>\n<\/li>\n<li class=\"\" data-start=\"1087\" data-end=\"1170\">\n<p class=\"\" data-start=\"1089\" data-end=\"1170\"><strong data-start=\"1089\" data-end=\"1117\">Bonne r\u00e9sistance \u00e0 l&rsquo;abrasion<\/strong>, am\u00e9liorant la long\u00e9vit\u00e9 du produit et la durabilit\u00e9 de la surface.<\/p>\n<\/li>\n<\/ul>\n<p>[\/vc_column_text][vc_single_image media=\u00a0\u00bb96236&Prime; media_width_percent=\u00a0\u00bb100&Prime; uncode_shortcode_id=\u00a0\u00bb956523&Prime;][vc_column_text uncode_shortcode_id=\u00a0\u00bb123502&Prime;]<\/p>\n<p class=\"\" data-start=\"1172\" data-end=\"1548\">Pour <strong data-start=\"1176\" data-end=\"1222\">am\u00e9liorer les performances, la durabilit\u00e9<\/strong> et la <strong data-start=\"1228\" data-end=\"1253\">dur\u00e9e de vie<\/strong>, il <strong data-start=\"1292\" data-end=\"1324\">est possible d&rsquo;<\/strong>utiliser un <strong data-start=\"1257\" data-end=\"1278\">syst\u00e8me \u00e0 trois couches comprenant<\/strong>un <strong data-start=\"1292\" data-end=\"1324\">appr\u00eat, une couche interm\u00e9diaire et une couche de finition.<\/strong>Cette stratification avanc\u00e9e offre une r\u00e9sistance m\u00e9canique sup\u00e9rieure et renforce la r\u00e9sistance \u00e0 l&rsquo;usure, \u00e0 la chaleur et aux attaques chimiques, ce qui permet de l&rsquo;utiliser dans les <strong data-start=\"1493\" data-end=\"1547\">applications industrielles et commerciales<\/strong> les plus <strong data-start=\"1493\" data-end=\"1547\">exigeantes<\/strong>. <\/p>\n<p class=\"\" data-start=\"1550\" data-end=\"1730\">Que vous travailliez dans l&rsquo;<strong data-start=\"1572\" data-end=\"1637\">industrie automobile, a\u00e9rospatiale, alimentaire, textile ou \u00e9lectronique<\/strong>, les rev\u00eatements Teflon\u2122 PTFE offrent des performances anti-adh\u00e9rentes et protectrices fiables et durables.<\/p>\n<p class=\"\" data-start=\"1732\" data-end=\"1832\"><strong data-start=\"1732\" data-end=\"1832\">Optimisez votre processus avec les rev\u00eatements Teflon\u2122 PTFE &#8211; con\u00e7us pour l&rsquo;efficacit\u00e9, construits pour l&rsquo;endurance.<\/strong><\/p>\n<p>[\/vc_column_text][\/vc_column][\/vc_row]<\/p>\n<\/div>","protected":false},"excerpt":{"rendered":"<p>[vc_row][\/vc_row][vc_column width=\u00a0\u00bb1\/1&Prime;][\/vc_column][vc_row][vc_column width=\u00a0\u00bb1\/1&Prime;][vc_custom_heading uncode_shortcode_id=\u00a0\u00bb627618&Prime;]Rev\u00eatements anti-adh\u00e9rents Teflon\u2122 PTFE (polyt\u00e9trafluoro\u00e9thyl\u00e8ne) : Solutions haute performance \u00e0 base de fluoropolym\u00e8res[\/vc_custom_heading][vc_column_text uncode_shortcode_id=\u00a0\u00bb972728&Prime;] Les rev\u00eatements anti-adh\u00e9rents [&hellip;]<\/p>\n","protected":false},"author":2,"featured_media":0,"parent":0,"menu_order":0,"comment_status":"closed","ping_status":"closed","template":"","meta":{"footnotes":""},"class_list":["post-99284","page","type-page","status-publish","hentry"],"yoast_head":"<!-- This site is optimized with the Yoast SEO plugin v27.5 - https:\/\/yoast.com\/product\/yoast-seo-wordpress\/ -->\n<title>Teflon\u2122 PTFE - Tetrachim<\/title>\n<meta name=\"robots\" content=\"index, follow, max-snippet:-1, max-image-preview:large, max-video-preview:-1\" \/>\n<link rel=\"canonical\" href=\"https:\/\/www.tetrachim.com\/fr\/teflon-ptfe\/\" \/>\n<meta property=\"og:locale\" content=\"fr_FR\" \/>\n<meta property=\"og:type\" content=\"article\" \/>\n<meta property=\"og:title\" content=\"Teflon\u2122 PTFE - Tetrachim\" \/>\n<meta property=\"og:description\" content=\"[vc_row][\/vc_row][vc_column width=\u00a0\u00bb1\/1&Prime;][\/vc_column][vc_row][vc_column width=\u00a0\u00bb1\/1&Prime;][vc_custom_heading uncode_shortcode_id=\u00a0\u00bb627618&Prime;]Rev\u00eatements anti-adh\u00e9rents Teflon\u2122 PTFE (polyt\u00e9trafluoro\u00e9thyl\u00e8ne) : Solutions haute performance \u00e0 base de fluoropolym\u00e8res[\/vc_custom_heading][vc_column_text uncode_shortcode_id=\u00a0\u00bb972728&Prime;] Les rev\u00eatements anti-adh\u00e9rents [&hellip;]\" \/>\n<meta property=\"og:url\" content=\"https:\/\/www.tetrachim.com\/fr\/teflon-ptfe\/\" \/>\n<meta property=\"og:site_name\" content=\"Tetrachim\" \/>\n<meta property=\"article:modified_time\" content=\"2025-07-22T10:32:13+00:00\" \/>\n<meta name=\"twitter:card\" content=\"summary_large_image\" \/>\n<meta name=\"twitter:site\" content=\"@Tetrachim\" \/>\n<meta name=\"twitter:label1\" content=\"Dur\u00e9e de lecture estim\u00e9e\" \/>\n\t<meta name=\"twitter:data1\" content=\"2 minutes\" \/>\n<script type=\"application\/ld+json\" class=\"yoast-schema-graph\">{\"@context\":\"https:\\\/\\\/schema.org\",\"@graph\":[{\"@type\":\"WebPage\",\"@id\":\"https:\\\/\\\/www.tetrachim.com\\\/fr\\\/teflon-ptfe\\\/\",\"url\":\"https:\\\/\\\/www.tetrachim.com\\\/fr\\\/teflon-ptfe\\\/\",\"name\":\"Teflon\u2122 PTFE - Tetrachim\",\"isPartOf\":{\"@id\":\"https:\\\/\\\/www.tetrachim.com\\\/fr\\\/#website\"},\"datePublished\":\"2025-07-22T10:32:08+00:00\",\"dateModified\":\"2025-07-22T10:32:13+00:00\",\"breadcrumb\":{\"@id\":\"https:\\\/\\\/www.tetrachim.com\\\/fr\\\/teflon-ptfe\\\/#breadcrumb\"},\"inLanguage\":\"fr-FR\",\"potentialAction\":[{\"@type\":\"ReadAction\",\"target\":[\"https:\\\/\\\/www.tetrachim.com\\\/fr\\\/teflon-ptfe\\\/\"]}]},{\"@type\":\"BreadcrumbList\",\"@id\":\"https:\\\/\\\/www.tetrachim.com\\\/fr\\\/teflon-ptfe\\\/#breadcrumb\",\"itemListElement\":[{\"@type\":\"ListItem\",\"position\":1,\"name\":\"\",\"item\":\"https:\\\/\\\/www.tetrachim.com\\\/fr\\\/\"},{\"@type\":\"ListItem\",\"position\":2,\"name\":\"Teflon\u2122 PTFE\"}]},{\"@type\":\"WebSite\",\"@id\":\"https:\\\/\\\/www.tetrachim.com\\\/fr\\\/#website\",\"url\":\"https:\\\/\\\/www.tetrachim.com\\\/fr\\\/\",\"name\":\"Tetrachim\",\"description\":\"Rev\u00eatements high-tech\",\"publisher\":{\"@id\":\"https:\\\/\\\/www.tetrachim.com\\\/fr\\\/#organization\"},\"potentialAction\":[{\"@type\":\"SearchAction\",\"target\":{\"@type\":\"EntryPoint\",\"urlTemplate\":\"https:\\\/\\\/www.tetrachim.com\\\/fr\\\/?s={search_term_string}\"},\"query-input\":{\"@type\":\"PropertyValueSpecification\",\"valueRequired\":true,\"valueName\":\"search_term_string\"}}],\"inLanguage\":\"fr-FR\"},{\"@type\":\"Organization\",\"@id\":\"https:\\\/\\\/www.tetrachim.com\\\/fr\\\/#organization\",\"name\":\"Tetrachim\",\"url\":\"https:\\\/\\\/www.tetrachim.com\\\/fr\\\/\",\"logo\":{\"@type\":\"ImageObject\",\"inLanguage\":\"fr-FR\",\"@id\":\"https:\\\/\\\/www.tetrachim.com\\\/fr\\\/#\\\/schema\\\/logo\\\/image\\\/\",\"url\":\"https:\\\/\\\/www.tetrachim.com\\\/wp-content\\\/uploads\\\/2020\\\/07\\\/logo-tetrachim.png\",\"contentUrl\":\"https:\\\/\\\/www.tetrachim.com\\\/wp-content\\\/uploads\\\/2020\\\/07\\\/logo-tetrachim.png\",\"width\":244,\"height\":51,\"caption\":\"Tetrachim\"},\"image\":{\"@id\":\"https:\\\/\\\/www.tetrachim.com\\\/fr\\\/#\\\/schema\\\/logo\\\/image\\\/\"},\"sameAs\":[\"https:\\\/\\\/x.com\\\/Tetrachim\",\"https:\\\/\\\/www.linkedin.com\\\/company\\\/tetrachim\\\/\"]}]}<\/script>\n<!-- \/ Yoast SEO plugin. -->","yoast_head_json":{"title":"Teflon\u2122 PTFE - Tetrachim","robots":{"index":"index","follow":"follow","max-snippet":"max-snippet:-1","max-image-preview":"max-image-preview:large","max-video-preview":"max-video-preview:-1"},"canonical":"https:\/\/www.tetrachim.com\/fr\/teflon-ptfe\/","og_locale":"fr_FR","og_type":"article","og_title":"Teflon\u2122 PTFE - Tetrachim","og_description":"[vc_row][\/vc_row][vc_column width=\u00a0\u00bb1\/1&Prime;][\/vc_column][vc_row][vc_column width=\u00a0\u00bb1\/1&Prime;][vc_custom_heading uncode_shortcode_id=\u00a0\u00bb627618&Prime;]Rev\u00eatements anti-adh\u00e9rents Teflon\u2122 PTFE (polyt\u00e9trafluoro\u00e9thyl\u00e8ne) : Solutions haute performance \u00e0 base de fluoropolym\u00e8res[\/vc_custom_heading][vc_column_text uncode_shortcode_id=\u00a0\u00bb972728&Prime;] Les rev\u00eatements anti-adh\u00e9rents [&hellip;]","og_url":"https:\/\/www.tetrachim.com\/fr\/teflon-ptfe\/","og_site_name":"Tetrachim","article_modified_time":"2025-07-22T10:32:13+00:00","twitter_card":"summary_large_image","twitter_site":"@Tetrachim","twitter_misc":{"Dur\u00e9e de lecture estim\u00e9e":"2 minutes"},"schema":{"@context":"https:\/\/schema.org","@graph":[{"@type":"WebPage","@id":"https:\/\/www.tetrachim.com\/fr\/teflon-ptfe\/","url":"https:\/\/www.tetrachim.com\/fr\/teflon-ptfe\/","name":"Teflon\u2122 PTFE - Tetrachim","isPartOf":{"@id":"https:\/\/www.tetrachim.com\/fr\/#website"},"datePublished":"2025-07-22T10:32:08+00:00","dateModified":"2025-07-22T10:32:13+00:00","breadcrumb":{"@id":"https:\/\/www.tetrachim.com\/fr\/teflon-ptfe\/#breadcrumb"},"inLanguage":"fr-FR","potentialAction":[{"@type":"ReadAction","target":["https:\/\/www.tetrachim.com\/fr\/teflon-ptfe\/"]}]},{"@type":"BreadcrumbList","@id":"https:\/\/www.tetrachim.com\/fr\/teflon-ptfe\/#breadcrumb","itemListElement":[{"@type":"ListItem","position":1,"name":"","item":"https:\/\/www.tetrachim.com\/fr\/"},{"@type":"ListItem","position":2,"name":"Teflon\u2122 PTFE"}]},{"@type":"WebSite","@id":"https:\/\/www.tetrachim.com\/fr\/#website","url":"https:\/\/www.tetrachim.com\/fr\/","name":"Tetrachim","description":"Rev\u00eatements high-tech","publisher":{"@id":"https:\/\/www.tetrachim.com\/fr\/#organization"},"potentialAction":[{"@type":"SearchAction","target":{"@type":"EntryPoint","urlTemplate":"https:\/\/www.tetrachim.com\/fr\/?s={search_term_string}"},"query-input":{"@type":"PropertyValueSpecification","valueRequired":true,"valueName":"search_term_string"}}],"inLanguage":"fr-FR"},{"@type":"Organization","@id":"https:\/\/www.tetrachim.com\/fr\/#organization","name":"Tetrachim","url":"https:\/\/www.tetrachim.com\/fr\/","logo":{"@type":"ImageObject","inLanguage":"fr-FR","@id":"https:\/\/www.tetrachim.com\/fr\/#\/schema\/logo\/image\/","url":"https:\/\/www.tetrachim.com\/wp-content\/uploads\/2020\/07\/logo-tetrachim.png","contentUrl":"https:\/\/www.tetrachim.com\/wp-content\/uploads\/2020\/07\/logo-tetrachim.png","width":244,"height":51,"caption":"Tetrachim"},"image":{"@id":"https:\/\/www.tetrachim.com\/fr\/#\/schema\/logo\/image\/"},"sameAs":["https:\/\/x.com\/Tetrachim","https:\/\/www.linkedin.com\/company\/tetrachim\/"]}]}},"_links":{"self":[{"href":"https:\/\/www.tetrachim.com\/fr\/wp-json\/wp\/v2\/pages\/99284","targetHints":{"allow":["GET"]}}],"collection":[{"href":"https:\/\/www.tetrachim.com\/fr\/wp-json\/wp\/v2\/pages"}],"about":[{"href":"https:\/\/www.tetrachim.com\/fr\/wp-json\/wp\/v2\/types\/page"}],"author":[{"embeddable":true,"href":"https:\/\/www.tetrachim.com\/fr\/wp-json\/wp\/v2\/users\/2"}],"replies":[{"embeddable":true,"href":"https:\/\/www.tetrachim.com\/fr\/wp-json\/wp\/v2\/comments?post=99284"}],"version-history":[{"count":2,"href":"https:\/\/www.tetrachim.com\/fr\/wp-json\/wp\/v2\/pages\/99284\/revisions"}],"predecessor-version":[{"id":99288,"href":"https:\/\/www.tetrachim.com\/fr\/wp-json\/wp\/v2\/pages\/99284\/revisions\/99288"}],"wp:attachment":[{"href":"https:\/\/www.tetrachim.com\/fr\/wp-json\/wp\/v2\/media?parent=99284"}],"curies":[{"name":"wp","href":"https:\/\/api.w.org\/{rel}","templated":true}]}}