{"id":99609,"date":"2025-02-06T10:55:23","date_gmt":"2025-02-06T09:55:23","guid":{"rendered":"https:\/\/www.tetrachim.com\/product\/alumine-spherique-195-pure-a-999\/"},"modified":"2026-04-22T16:02:56","modified_gmt":"2026-04-22T14:02:56","slug":"alumine-spherique-195-pure-a-999","status":"publish","type":"product","link":"https:\/\/www.tetrachim.com\/fr\/produit\/alumine-spherique-195-pure-a-999\/","title":{"rendered":"Alumine sph\u00e9rique #195 (pure \u00e0 99,9%)"},"content":{"rendered":"<p>La poudre de projection thermique #195 est une alumine sph\u00e9rique de haute puret\u00e9 de Saint-Gobain avec une distribution de taille de particules de 12 \u00e0 38 \u00b5m.<br \/>\nLa forme sph\u00e9rique offre des caract\u00e9ristiques d&rsquo;\u00e9coulement am\u00e9lior\u00e9es pour un processus de rev\u00eatement plus stable et pr\u00e9visible. Cette poudre offre des rev\u00eatements denses avec une bonne r\u00e9sistance \u00e0 l&rsquo;abrasion, \u00e0 l&rsquo;\u00e9rosion, \u00e0 l&rsquo;usure par glissement et \u00e0 l&rsquo;oxydation. Le faible niveau d&rsquo;impuret\u00e9 maximise la performance du rev\u00eatement dans les applications exigeantes telles que les applications di\u00e9lectriques.<\/p>\n","protected":false},"excerpt":{"rendered":"<p>#195 est une poudre d&rsquo;alumine sph\u00e9rique de haute puret\u00e9 pour la projection thermique.<\/p>\n","protected":false},"featured_media":96833,"template":"","meta":[],"product_brand":[],"product_cat":[481],"product_tag":[],"class_list":{"0":"post-99609","1":"product","2":"type-product","3":"status-publish","4":"has-post-thumbnail","6":"supplier-saint-gobain-fr","7":"market-aeronautique","8":"market-electronique-semi-conducteurs","9":"market-energie-electricite","10":"property-resistance-a-la-corrosion","11":"property-resistance-en-temperature","12":"product_cat-poudres-saint-gobain-pour-projection-thermique","14":"first","15":"onbackorder","16":"taxable","17":"shipping-taxable","18":"purchasable","19":"product-type-simple"},"yoast_head":"<!-- This site is optimized with the Yoast SEO plugin v27.4 - https:\/\/yoast.com\/product\/yoast-seo-wordpress\/ -->\n<title>Alumine sph\u00e9rique #195 (pure \u00e0 99,9%) - Tetrachim<\/title>\n<meta name=\"robots\" content=\"index, follow, max-snippet:-1, max-image-preview:large, max-video-preview:-1\" \/>\n<link rel=\"canonical\" href=\"https:\/\/www.tetrachim.com\/fr\/produit\/alumine-spherique-195-pure-a-999\/\" \/>\n<meta property=\"og:locale\" content=\"fr_FR\" \/>\n<meta property=\"og:type\" content=\"article\" \/>\n<meta property=\"og:title\" content=\"Alumine sph\u00e9rique #195 (pure \u00e0 99,9%) - Tetrachim\" \/>\n<meta property=\"og:description\" content=\"#195 est une poudre d&#039;alumine sph\u00e9rique de haute puret\u00e9 pour la projection thermique.\" \/>\n<meta property=\"og:url\" content=\"https:\/\/www.tetrachim.com\/fr\/produit\/alumine-spherique-195-pure-a-999\/\" \/>\n<meta property=\"og:site_name\" content=\"Tetrachim\" \/>\n<meta property=\"article:modified_time\" content=\"2026-04-22T14:02:56+00:00\" \/>\n<meta property=\"og:image\" content=\"https:\/\/www.tetrachim.com\/wp-content\/uploads\/2025\/02\/Packshot_TSP-bottle.png\" \/>\n\t<meta property=\"og:image:width\" content=\"480\" \/>\n\t<meta property=\"og:image:height\" content=\"615\" \/>\n\t<meta property=\"og:image:type\" content=\"image\/png\" \/>\n<meta name=\"twitter:card\" content=\"summary_large_image\" \/>\n<meta name=\"twitter:site\" content=\"@Tetrachim\" \/>\n<meta name=\"twitter:label1\" content=\"Dur\u00e9e de lecture estim\u00e9e\" \/>\n\t<meta name=\"twitter:data1\" content=\"1 minute\" \/>\n<script type=\"application\/ld+json\" class=\"yoast-schema-graph\">{\"@context\":\"https:\\\/\\\/schema.org\",\"@graph\":[{\"@type\":\"WebPage\",\"@id\":\"https:\\\/\\\/www.tetrachim.com\\\/fr\\\/produit\\\/alumine-spherique-195-pure-a-999\\\/\",\"url\":\"https:\\\/\\\/www.tetrachim.com\\\/fr\\\/produit\\\/alumine-spherique-195-pure-a-999\\\/\",\"name\":\"Alumine sph\u00e9rique #195 (pure \u00e0 99,9%) - Tetrachim\",\"isPartOf\":{\"@id\":\"https:\\\/\\\/www.tetrachim.com\\\/fr\\\/#website\"},\"primaryImageOfPage\":{\"@id\":\"https:\\\/\\\/www.tetrachim.com\\\/fr\\\/produit\\\/alumine-spherique-195-pure-a-999\\\/#primaryimage\"},\"image\":{\"@id\":\"https:\\\/\\\/www.tetrachim.com\\\/fr\\\/produit\\\/alumine-spherique-195-pure-a-999\\\/#primaryimage\"},\"thumbnailUrl\":\"https:\\\/\\\/www.tetrachim.com\\\/wp-content\\\/uploads\\\/2025\\\/02\\\/Packshot_TSP-bottle.png\",\"datePublished\":\"2025-02-06T09:55:23+00:00\",\"dateModified\":\"2026-04-22T14:02:56+00:00\",\"breadcrumb\":{\"@id\":\"https:\\\/\\\/www.tetrachim.com\\\/fr\\\/produit\\\/alumine-spherique-195-pure-a-999\\\/#breadcrumb\"},\"inLanguage\":\"fr-FR\",\"potentialAction\":[{\"@type\":\"ReadAction\",\"target\":[\"https:\\\/\\\/www.tetrachim.com\\\/fr\\\/produit\\\/alumine-spherique-195-pure-a-999\\\/\"]}]},{\"@type\":\"ImageObject\",\"inLanguage\":\"fr-FR\",\"@id\":\"https:\\\/\\\/www.tetrachim.com\\\/fr\\\/produit\\\/alumine-spherique-195-pure-a-999\\\/#primaryimage\",\"url\":\"https:\\\/\\\/www.tetrachim.com\\\/wp-content\\\/uploads\\\/2025\\\/02\\\/Packshot_TSP-bottle.png\",\"contentUrl\":\"https:\\\/\\\/www.tetrachim.com\\\/wp-content\\\/uploads\\\/2025\\\/02\\\/Packshot_TSP-bottle.png\",\"width\":480,\"height\":615},{\"@type\":\"BreadcrumbList\",\"@id\":\"https:\\\/\\\/www.tetrachim.com\\\/fr\\\/produit\\\/alumine-spherique-195-pure-a-999\\\/#breadcrumb\",\"itemListElement\":[{\"@type\":\"ListItem\",\"position\":1,\"name\":\"\",\"item\":\"https:\\\/\\\/www.tetrachim.com\\\/fr\\\/\"},{\"@type\":\"ListItem\",\"position\":2,\"name\":\"Boutique\",\"item\":\"https:\\\/\\\/www.tetrachim.com\\\/fr\\\/boutique\\\/\"},{\"@type\":\"ListItem\",\"position\":3,\"name\":\"Alumine sph\u00e9rique #195 (pure \u00e0 99,9%)\"}]},{\"@type\":\"WebSite\",\"@id\":\"https:\\\/\\\/www.tetrachim.com\\\/fr\\\/#website\",\"url\":\"https:\\\/\\\/www.tetrachim.com\\\/fr\\\/\",\"name\":\"Tetrachim\",\"description\":\"Rev\u00eatements high-tech\",\"publisher\":{\"@id\":\"https:\\\/\\\/www.tetrachim.com\\\/fr\\\/#organization\"},\"potentialAction\":[{\"@type\":\"SearchAction\",\"target\":{\"@type\":\"EntryPoint\",\"urlTemplate\":\"https:\\\/\\\/www.tetrachim.com\\\/fr\\\/?s={search_term_string}\"},\"query-input\":{\"@type\":\"PropertyValueSpecification\",\"valueRequired\":true,\"valueName\":\"search_term_string\"}}],\"inLanguage\":\"fr-FR\"},{\"@type\":\"Organization\",\"@id\":\"https:\\\/\\\/www.tetrachim.com\\\/fr\\\/#organization\",\"name\":\"Tetrachim\",\"url\":\"https:\\\/\\\/www.tetrachim.com\\\/fr\\\/\",\"logo\":{\"@type\":\"ImageObject\",\"inLanguage\":\"fr-FR\",\"@id\":\"https:\\\/\\\/www.tetrachim.com\\\/fr\\\/#\\\/schema\\\/logo\\\/image\\\/\",\"url\":\"https:\\\/\\\/www.tetrachim.com\\\/wp-content\\\/uploads\\\/2020\\\/07\\\/logo-tetrachim.png\",\"contentUrl\":\"https:\\\/\\\/www.tetrachim.com\\\/wp-content\\\/uploads\\\/2020\\\/07\\\/logo-tetrachim.png\",\"width\":244,\"height\":51,\"caption\":\"Tetrachim\"},\"image\":{\"@id\":\"https:\\\/\\\/www.tetrachim.com\\\/fr\\\/#\\\/schema\\\/logo\\\/image\\\/\"},\"sameAs\":[\"https:\\\/\\\/x.com\\\/Tetrachim\",\"https:\\\/\\\/www.linkedin.com\\\/company\\\/tetrachim\\\/\"]}]}<\/script>\n<!-- \/ Yoast SEO plugin. -->","yoast_head_json":{"title":"Alumine sph\u00e9rique #195 (pure \u00e0 99,9%) - Tetrachim","robots":{"index":"index","follow":"follow","max-snippet":"max-snippet:-1","max-image-preview":"max-image-preview:large","max-video-preview":"max-video-preview:-1"},"canonical":"https:\/\/www.tetrachim.com\/fr\/produit\/alumine-spherique-195-pure-a-999\/","og_locale":"fr_FR","og_type":"article","og_title":"Alumine sph\u00e9rique #195 (pure \u00e0 99,9%) - Tetrachim","og_description":"#195 est une poudre d'alumine sph\u00e9rique de haute puret\u00e9 pour la projection thermique.","og_url":"https:\/\/www.tetrachim.com\/fr\/produit\/alumine-spherique-195-pure-a-999\/","og_site_name":"Tetrachim","article_modified_time":"2026-04-22T14:02:56+00:00","og_image":[{"width":480,"height":615,"url":"https:\/\/www.tetrachim.com\/wp-content\/uploads\/2025\/02\/Packshot_TSP-bottle.png","type":"image\/png"}],"twitter_card":"summary_large_image","twitter_site":"@Tetrachim","twitter_misc":{"Dur\u00e9e de lecture estim\u00e9e":"1 minute"},"schema":{"@context":"https:\/\/schema.org","@graph":[{"@type":"WebPage","@id":"https:\/\/www.tetrachim.com\/fr\/produit\/alumine-spherique-195-pure-a-999\/","url":"https:\/\/www.tetrachim.com\/fr\/produit\/alumine-spherique-195-pure-a-999\/","name":"Alumine sph\u00e9rique #195 (pure \u00e0 99,9%) - Tetrachim","isPartOf":{"@id":"https:\/\/www.tetrachim.com\/fr\/#website"},"primaryImageOfPage":{"@id":"https:\/\/www.tetrachim.com\/fr\/produit\/alumine-spherique-195-pure-a-999\/#primaryimage"},"image":{"@id":"https:\/\/www.tetrachim.com\/fr\/produit\/alumine-spherique-195-pure-a-999\/#primaryimage"},"thumbnailUrl":"https:\/\/www.tetrachim.com\/wp-content\/uploads\/2025\/02\/Packshot_TSP-bottle.png","datePublished":"2025-02-06T09:55:23+00:00","dateModified":"2026-04-22T14:02:56+00:00","breadcrumb":{"@id":"https:\/\/www.tetrachim.com\/fr\/produit\/alumine-spherique-195-pure-a-999\/#breadcrumb"},"inLanguage":"fr-FR","potentialAction":[{"@type":"ReadAction","target":["https:\/\/www.tetrachim.com\/fr\/produit\/alumine-spherique-195-pure-a-999\/"]}]},{"@type":"ImageObject","inLanguage":"fr-FR","@id":"https:\/\/www.tetrachim.com\/fr\/produit\/alumine-spherique-195-pure-a-999\/#primaryimage","url":"https:\/\/www.tetrachim.com\/wp-content\/uploads\/2025\/02\/Packshot_TSP-bottle.png","contentUrl":"https:\/\/www.tetrachim.com\/wp-content\/uploads\/2025\/02\/Packshot_TSP-bottle.png","width":480,"height":615},{"@type":"BreadcrumbList","@id":"https:\/\/www.tetrachim.com\/fr\/produit\/alumine-spherique-195-pure-a-999\/#breadcrumb","itemListElement":[{"@type":"ListItem","position":1,"name":"","item":"https:\/\/www.tetrachim.com\/fr\/"},{"@type":"ListItem","position":2,"name":"Boutique","item":"https:\/\/www.tetrachim.com\/fr\/boutique\/"},{"@type":"ListItem","position":3,"name":"Alumine sph\u00e9rique #195 (pure \u00e0 99,9%)"}]},{"@type":"WebSite","@id":"https:\/\/www.tetrachim.com\/fr\/#website","url":"https:\/\/www.tetrachim.com\/fr\/","name":"Tetrachim","description":"Rev\u00eatements high-tech","publisher":{"@id":"https:\/\/www.tetrachim.com\/fr\/#organization"},"potentialAction":[{"@type":"SearchAction","target":{"@type":"EntryPoint","urlTemplate":"https:\/\/www.tetrachim.com\/fr\/?s={search_term_string}"},"query-input":{"@type":"PropertyValueSpecification","valueRequired":true,"valueName":"search_term_string"}}],"inLanguage":"fr-FR"},{"@type":"Organization","@id":"https:\/\/www.tetrachim.com\/fr\/#organization","name":"Tetrachim","url":"https:\/\/www.tetrachim.com\/fr\/","logo":{"@type":"ImageObject","inLanguage":"fr-FR","@id":"https:\/\/www.tetrachim.com\/fr\/#\/schema\/logo\/image\/","url":"https:\/\/www.tetrachim.com\/wp-content\/uploads\/2020\/07\/logo-tetrachim.png","contentUrl":"https:\/\/www.tetrachim.com\/wp-content\/uploads\/2020\/07\/logo-tetrachim.png","width":244,"height":51,"caption":"Tetrachim"},"image":{"@id":"https:\/\/www.tetrachim.com\/fr\/#\/schema\/logo\/image\/"},"sameAs":["https:\/\/x.com\/Tetrachim","https:\/\/www.linkedin.com\/company\/tetrachim\/"]}]}},"tiered_pricing_type":"fixed","tiered_pricing_fixed_rules":[],"tiered_pricing_product_settings":{"layout":"default","base_unit_name":{"singular":null,"plural":null},"default_variation":null},"tiered_pricing_minimum_quantity":null,"tiered_pricing_roles_data":[],"tiered_pricing_percentage_rules":[],"_links":{"self":[{"href":"https:\/\/www.tetrachim.com\/fr\/wp-json\/wp\/v2\/product\/99609","targetHints":{"allow":["GET"]}}],"collection":[{"href":"https:\/\/www.tetrachim.com\/fr\/wp-json\/wp\/v2\/product"}],"about":[{"href":"https:\/\/www.tetrachim.com\/fr\/wp-json\/wp\/v2\/types\/product"}],"wp:featuredmedia":[{"embeddable":true,"href":"https:\/\/www.tetrachim.com\/fr\/wp-json\/wp\/v2\/media\/96833"}],"wp:attachment":[{"href":"https:\/\/www.tetrachim.com\/fr\/wp-json\/wp\/v2\/media?parent=99609"}],"wp:term":[{"taxonomy":"product_brand","embeddable":true,"href":"https:\/\/www.tetrachim.com\/fr\/wp-json\/wp\/v2\/product_brand?post=99609"},{"taxonomy":"product_cat","embeddable":true,"href":"https:\/\/www.tetrachim.com\/fr\/wp-json\/wp\/v2\/product_cat?post=99609"},{"taxonomy":"product_tag","embeddable":true,"href":"https:\/\/www.tetrachim.com\/fr\/wp-json\/wp\/v2\/product_tag?post=99609"}],"curies":[{"name":"wp","href":"https:\/\/api.w.org\/{rel}","templated":true}]}}