{"id":99678,"date":"2024-04-08T16:52:40","date_gmt":"2024-04-08T14:52:40","guid":{"rendered":"https:\/\/www.tetrachim.com\/product\/959g-204-onecoat-vert\/"},"modified":"2026-05-15T11:37:52","modified_gmt":"2026-05-15T09:37:52","slug":"959g-204-onecoat-vert","status":"publish","type":"product","link":"https:\/\/www.tetrachim.com\/fr\/produit\/959g-204-onecoat-vert\/","title":{"rendered":"959G-204 Monocouche Vert"},"content":{"rendered":"<p>Le monocouche FEP 959G-204 base-solvant convient \u00e0 une utilisation en cas d&rsquo;abrasion mod\u00e9r\u00e9e et lorsque les propri\u00e9t\u00e9s anti-adh\u00e9rentes contribuent \u00e0 la performance du produit. Con\u00e7u pour une temp\u00e9rature de durcissement mod\u00e9r\u00e9e, ce produit peut \u00eatre cuit dans une large gamme de temp\u00e9ratures. <\/p>\n<p>Ces monocouches liquides \u00e0 base de solvant sont formul\u00e9es avec des m\u00e9langes sp\u00e9ciaux de fluoroplastiques et d&rsquo;autres r\u00e9sines \u00e0 haute performance pour am\u00e9liorer la t\u00e9nacit\u00e9 et la r\u00e9sistance \u00e0 l&rsquo;abrasion. Comme les composants du film se stratifient pendant la cuisson, la plupart des propri\u00e9t\u00e9s des fluoroplastiques (telles que la faible friction et le caract\u00e8re antiadh\u00e9sif) sont conserv\u00e9es. Les r\u00e9sines assurent l&rsquo;adh\u00e9rence et la r\u00e9sistance \u00e0 l&rsquo;abrasion.  <\/p>\n","protected":false},"excerpt":{"rendered":"<p>L&rsquo;onecoat FEP 959G-204 \u00e0 base de solvant convient \u00e0 une utilisation en cas d&rsquo;abrasion mod\u00e9r\u00e9e et lorsque les propri\u00e9t\u00e9s anti-adh\u00e9rentes contribuent \u00e0 la performance du produit. Con\u00e7us pour une temp\u00e9rature de durcissement mod\u00e9r\u00e9e, ces produits peuvent \u00eatre cuits dans une large gamme de temp\u00e9ratures. <\/p>\n","protected":false},"featured_media":87439,"template":"","meta":[],"product_brand":[],"product_cat":[483],"product_tag":[],"class_list":{"0":"post-99678","1":"product","2":"type-product","3":"status-publish","4":"has-post-thumbnail","6":"supplier-chemours-fr","7":"market-alimentaire-boulangerie-industrielle","8":"market-emballage","9":"property-adherence","10":"property-anti-adherence","11":"property-lubrification-seche","12":"property-resistance-a-la-corrosion","13":"property-resistance-en-temperature","14":"product_cat-teflon-revetements-industriels","15":"product_shipping_class-danger-fr","17":"first","18":"onbackorder","19":"taxable","20":"shipping-taxable","21":"purchasable","22":"product-type-simple"},"yoast_head":"<!-- This site is optimized with the Yoast SEO plugin v27.5 - https:\/\/yoast.com\/product\/yoast-seo-wordpress\/ -->\n<title>959G-204 Monocouche Vert - Tetrachim<\/title>\n<meta name=\"robots\" content=\"index, follow, max-snippet:-1, max-image-preview:large, max-video-preview:-1\" \/>\n<link rel=\"canonical\" href=\"https:\/\/www.tetrachim.com\/fr\/produit\/959g-204-onecoat-vert\/\" \/>\n<meta property=\"og:locale\" content=\"fr_FR\" \/>\n<meta property=\"og:type\" content=\"article\" \/>\n<meta property=\"og:title\" content=\"959G-204 Monocouche Vert - Tetrachim\" \/>\n<meta property=\"og:description\" content=\"L&#039;onecoat FEP 959G-204 \u00e0 base de solvant convient \u00e0 une utilisation en cas d&#039;abrasion mod\u00e9r\u00e9e et lorsque les propri\u00e9t\u00e9s anti-adh\u00e9rentes contribuent \u00e0 la performance du produit. Con\u00e7us pour une temp\u00e9rature de durcissement mod\u00e9r\u00e9e, ces produits peuvent \u00eatre cuits dans une large gamme de temp\u00e9ratures.\" \/>\n<meta property=\"og:url\" content=\"https:\/\/www.tetrachim.com\/fr\/produit\/959g-204-onecoat-vert\/\" \/>\n<meta property=\"og:site_name\" content=\"Tetrachim\" \/>\n<meta property=\"article:modified_time\" content=\"2026-05-15T09:37:52+00:00\" \/>\n<meta property=\"og:image\" content=\"https:\/\/www.tetrachim.com\/wp-content\/uploads\/2020\/09\/PackPaint4KG.jpg\" \/>\n\t<meta property=\"og:image:width\" content=\"900\" \/>\n\t<meta property=\"og:image:height\" content=\"900\" \/>\n\t<meta property=\"og:image:type\" content=\"image\/jpeg\" \/>\n<meta name=\"twitter:card\" content=\"summary_large_image\" \/>\n<meta name=\"twitter:site\" content=\"@Tetrachim\" \/>\n<meta name=\"twitter:label1\" content=\"Dur\u00e9e de lecture estim\u00e9e\" \/>\n\t<meta name=\"twitter:data1\" content=\"1 minute\" \/>\n<script type=\"application\/ld+json\" class=\"yoast-schema-graph\">{\"@context\":\"https:\\\/\\\/schema.org\",\"@graph\":[{\"@type\":\"WebPage\",\"@id\":\"https:\\\/\\\/www.tetrachim.com\\\/fr\\\/produit\\\/959g-204-onecoat-vert\\\/\",\"url\":\"https:\\\/\\\/www.tetrachim.com\\\/fr\\\/produit\\\/959g-204-onecoat-vert\\\/\",\"name\":\"959G-204 Monocouche Vert - Tetrachim\",\"isPartOf\":{\"@id\":\"https:\\\/\\\/www.tetrachim.com\\\/fr\\\/#website\"},\"primaryImageOfPage\":{\"@id\":\"https:\\\/\\\/www.tetrachim.com\\\/fr\\\/produit\\\/959g-204-onecoat-vert\\\/#primaryimage\"},\"image\":{\"@id\":\"https:\\\/\\\/www.tetrachim.com\\\/fr\\\/produit\\\/959g-204-onecoat-vert\\\/#primaryimage\"},\"thumbnailUrl\":\"https:\\\/\\\/www.tetrachim.com\\\/wp-content\\\/uploads\\\/2020\\\/09\\\/PackPaint4KG.jpg\",\"datePublished\":\"2024-04-08T14:52:40+00:00\",\"dateModified\":\"2026-05-15T09:37:52+00:00\",\"breadcrumb\":{\"@id\":\"https:\\\/\\\/www.tetrachim.com\\\/fr\\\/produit\\\/959g-204-onecoat-vert\\\/#breadcrumb\"},\"inLanguage\":\"fr-FR\",\"potentialAction\":[{\"@type\":\"ReadAction\",\"target\":[\"https:\\\/\\\/www.tetrachim.com\\\/fr\\\/produit\\\/959g-204-onecoat-vert\\\/\"]}]},{\"@type\":\"ImageObject\",\"inLanguage\":\"fr-FR\",\"@id\":\"https:\\\/\\\/www.tetrachim.com\\\/fr\\\/produit\\\/959g-204-onecoat-vert\\\/#primaryimage\",\"url\":\"https:\\\/\\\/www.tetrachim.com\\\/wp-content\\\/uploads\\\/2020\\\/09\\\/PackPaint4KG.jpg\",\"contentUrl\":\"https:\\\/\\\/www.tetrachim.com\\\/wp-content\\\/uploads\\\/2020\\\/09\\\/PackPaint4KG.jpg\",\"width\":900,\"height\":900},{\"@type\":\"BreadcrumbList\",\"@id\":\"https:\\\/\\\/www.tetrachim.com\\\/fr\\\/produit\\\/959g-204-onecoat-vert\\\/#breadcrumb\",\"itemListElement\":[{\"@type\":\"ListItem\",\"position\":1,\"name\":\"\",\"item\":\"https:\\\/\\\/www.tetrachim.com\\\/fr\\\/\"},{\"@type\":\"ListItem\",\"position\":2,\"name\":\"Boutique\",\"item\":\"https:\\\/\\\/www.tetrachim.com\\\/fr\\\/boutique\\\/\"},{\"@type\":\"ListItem\",\"position\":3,\"name\":\"959G-204 Monocouche Vert\"}]},{\"@type\":\"WebSite\",\"@id\":\"https:\\\/\\\/www.tetrachim.com\\\/fr\\\/#website\",\"url\":\"https:\\\/\\\/www.tetrachim.com\\\/fr\\\/\",\"name\":\"Tetrachim\",\"description\":\"Rev\u00eatements high-tech\",\"publisher\":{\"@id\":\"https:\\\/\\\/www.tetrachim.com\\\/fr\\\/#organization\"},\"potentialAction\":[{\"@type\":\"SearchAction\",\"target\":{\"@type\":\"EntryPoint\",\"urlTemplate\":\"https:\\\/\\\/www.tetrachim.com\\\/fr\\\/?s={search_term_string}\"},\"query-input\":{\"@type\":\"PropertyValueSpecification\",\"valueRequired\":true,\"valueName\":\"search_term_string\"}}],\"inLanguage\":\"fr-FR\"},{\"@type\":\"Organization\",\"@id\":\"https:\\\/\\\/www.tetrachim.com\\\/fr\\\/#organization\",\"name\":\"Tetrachim\",\"url\":\"https:\\\/\\\/www.tetrachim.com\\\/fr\\\/\",\"logo\":{\"@type\":\"ImageObject\",\"inLanguage\":\"fr-FR\",\"@id\":\"https:\\\/\\\/www.tetrachim.com\\\/fr\\\/#\\\/schema\\\/logo\\\/image\\\/\",\"url\":\"https:\\\/\\\/www.tetrachim.com\\\/wp-content\\\/uploads\\\/2020\\\/07\\\/logo-tetrachim.png\",\"contentUrl\":\"https:\\\/\\\/www.tetrachim.com\\\/wp-content\\\/uploads\\\/2020\\\/07\\\/logo-tetrachim.png\",\"width\":244,\"height\":51,\"caption\":\"Tetrachim\"},\"image\":{\"@id\":\"https:\\\/\\\/www.tetrachim.com\\\/fr\\\/#\\\/schema\\\/logo\\\/image\\\/\"},\"sameAs\":[\"https:\\\/\\\/x.com\\\/Tetrachim\",\"https:\\\/\\\/www.linkedin.com\\\/company\\\/tetrachim\\\/\"]}]}<\/script>\n<!-- \/ Yoast SEO plugin. -->","yoast_head_json":{"title":"959G-204 Monocouche Vert - Tetrachim","robots":{"index":"index","follow":"follow","max-snippet":"max-snippet:-1","max-image-preview":"max-image-preview:large","max-video-preview":"max-video-preview:-1"},"canonical":"https:\/\/www.tetrachim.com\/fr\/produit\/959g-204-onecoat-vert\/","og_locale":"fr_FR","og_type":"article","og_title":"959G-204 Monocouche Vert - Tetrachim","og_description":"L'onecoat FEP 959G-204 \u00e0 base de solvant convient \u00e0 une utilisation en cas d'abrasion mod\u00e9r\u00e9e et lorsque les propri\u00e9t\u00e9s anti-adh\u00e9rentes contribuent \u00e0 la performance du produit. Con\u00e7us pour une temp\u00e9rature de durcissement mod\u00e9r\u00e9e, ces produits peuvent \u00eatre cuits dans une large gamme de temp\u00e9ratures.","og_url":"https:\/\/www.tetrachim.com\/fr\/produit\/959g-204-onecoat-vert\/","og_site_name":"Tetrachim","article_modified_time":"2026-05-15T09:37:52+00:00","og_image":[{"width":900,"height":900,"url":"https:\/\/www.tetrachim.com\/wp-content\/uploads\/2020\/09\/PackPaint4KG.jpg","type":"image\/jpeg"}],"twitter_card":"summary_large_image","twitter_site":"@Tetrachim","twitter_misc":{"Dur\u00e9e de lecture estim\u00e9e":"1 minute"},"schema":{"@context":"https:\/\/schema.org","@graph":[{"@type":"WebPage","@id":"https:\/\/www.tetrachim.com\/fr\/produit\/959g-204-onecoat-vert\/","url":"https:\/\/www.tetrachim.com\/fr\/produit\/959g-204-onecoat-vert\/","name":"959G-204 Monocouche Vert - Tetrachim","isPartOf":{"@id":"https:\/\/www.tetrachim.com\/fr\/#website"},"primaryImageOfPage":{"@id":"https:\/\/www.tetrachim.com\/fr\/produit\/959g-204-onecoat-vert\/#primaryimage"},"image":{"@id":"https:\/\/www.tetrachim.com\/fr\/produit\/959g-204-onecoat-vert\/#primaryimage"},"thumbnailUrl":"https:\/\/www.tetrachim.com\/wp-content\/uploads\/2020\/09\/PackPaint4KG.jpg","datePublished":"2024-04-08T14:52:40+00:00","dateModified":"2026-05-15T09:37:52+00:00","breadcrumb":{"@id":"https:\/\/www.tetrachim.com\/fr\/produit\/959g-204-onecoat-vert\/#breadcrumb"},"inLanguage":"fr-FR","potentialAction":[{"@type":"ReadAction","target":["https:\/\/www.tetrachim.com\/fr\/produit\/959g-204-onecoat-vert\/"]}]},{"@type":"ImageObject","inLanguage":"fr-FR","@id":"https:\/\/www.tetrachim.com\/fr\/produit\/959g-204-onecoat-vert\/#primaryimage","url":"https:\/\/www.tetrachim.com\/wp-content\/uploads\/2020\/09\/PackPaint4KG.jpg","contentUrl":"https:\/\/www.tetrachim.com\/wp-content\/uploads\/2020\/09\/PackPaint4KG.jpg","width":900,"height":900},{"@type":"BreadcrumbList","@id":"https:\/\/www.tetrachim.com\/fr\/produit\/959g-204-onecoat-vert\/#breadcrumb","itemListElement":[{"@type":"ListItem","position":1,"name":"","item":"https:\/\/www.tetrachim.com\/fr\/"},{"@type":"ListItem","position":2,"name":"Boutique","item":"https:\/\/www.tetrachim.com\/fr\/boutique\/"},{"@type":"ListItem","position":3,"name":"959G-204 Monocouche Vert"}]},{"@type":"WebSite","@id":"https:\/\/www.tetrachim.com\/fr\/#website","url":"https:\/\/www.tetrachim.com\/fr\/","name":"Tetrachim","description":"Rev\u00eatements high-tech","publisher":{"@id":"https:\/\/www.tetrachim.com\/fr\/#organization"},"potentialAction":[{"@type":"SearchAction","target":{"@type":"EntryPoint","urlTemplate":"https:\/\/www.tetrachim.com\/fr\/?s={search_term_string}"},"query-input":{"@type":"PropertyValueSpecification","valueRequired":true,"valueName":"search_term_string"}}],"inLanguage":"fr-FR"},{"@type":"Organization","@id":"https:\/\/www.tetrachim.com\/fr\/#organization","name":"Tetrachim","url":"https:\/\/www.tetrachim.com\/fr\/","logo":{"@type":"ImageObject","inLanguage":"fr-FR","@id":"https:\/\/www.tetrachim.com\/fr\/#\/schema\/logo\/image\/","url":"https:\/\/www.tetrachim.com\/wp-content\/uploads\/2020\/07\/logo-tetrachim.png","contentUrl":"https:\/\/www.tetrachim.com\/wp-content\/uploads\/2020\/07\/logo-tetrachim.png","width":244,"height":51,"caption":"Tetrachim"},"image":{"@id":"https:\/\/www.tetrachim.com\/fr\/#\/schema\/logo\/image\/"},"sameAs":["https:\/\/x.com\/Tetrachim","https:\/\/www.linkedin.com\/company\/tetrachim\/"]}]}},"tiered_pricing_type":"fixed","tiered_pricing_fixed_rules":[],"tiered_pricing_product_settings":{"layout":"default","base_unit_name":{"singular":null,"plural":null},"default_variation":null},"tiered_pricing_minimum_quantity":null,"tiered_pricing_roles_data":[],"tiered_pricing_percentage_rules":[],"_links":{"self":[{"href":"https:\/\/www.tetrachim.com\/fr\/wp-json\/wp\/v2\/product\/99678","targetHints":{"allow":["GET"]}}],"collection":[{"href":"https:\/\/www.tetrachim.com\/fr\/wp-json\/wp\/v2\/product"}],"about":[{"href":"https:\/\/www.tetrachim.com\/fr\/wp-json\/wp\/v2\/types\/product"}],"wp:featuredmedia":[{"embeddable":true,"href":"https:\/\/www.tetrachim.com\/fr\/wp-json\/wp\/v2\/media\/87439"}],"wp:attachment":[{"href":"https:\/\/www.tetrachim.com\/fr\/wp-json\/wp\/v2\/media?parent=99678"}],"wp:term":[{"taxonomy":"product_brand","embeddable":true,"href":"https:\/\/www.tetrachim.com\/fr\/wp-json\/wp\/v2\/product_brand?post=99678"},{"taxonomy":"product_cat","embeddable":true,"href":"https:\/\/www.tetrachim.com\/fr\/wp-json\/wp\/v2\/product_cat?post=99678"},{"taxonomy":"product_tag","embeddable":true,"href":"https:\/\/www.tetrachim.com\/fr\/wp-json\/wp\/v2\/product_tag?post=99678"}],"curies":[{"name":"wp","href":"https:\/\/api.w.org\/{rel}","templated":true}]}}